{"id":67594,"date":"2026-03-31T13:56:31","date_gmt":"2026-03-31T18:56:31","guid":{"rendered":"https:\/\/unisinucartagena.edu.co\/?page_id=67594"},"modified":"2026-04-06T10:34:01","modified_gmt":"2026-04-06T15:34:01","slug":"calendarios-de-parciales-de-segundo-corte-ciclo-2661","status":"publish","type":"page","link":"https:\/\/unisinucartagena.edu.co\/en\/calendarios-de-parciales-de-segundo-corte-ciclo-2661\/","title":{"rendered":"CALENDARIOS DE PARCIALES SEGUNDO CORTE CICLO 2661"},"content":{"rendered":"<div data-vc-full-width=\"true\" data-vc-full-width-init=\"false\" data-vc-stretch-content=\"true\" class=\"vc_row wpb_row vc_row-fluid vc_row-no-padding\"><div class=\"wpb_column vc_column_container vc_col-sm-12\"><div class=\"vc_column-inner\"><div class=\"wpb_wrapper\">\n\t\t\t<!-- START Numeros de Clases REVOLUTION SLIDER 6.7.0 --><p class=\"rs-p-wp-fix\"><\/p>\n\t\t\t<rs-module-wrap id=\"rev_slider_75_1_wrapper\" data-alias=\"Numeros-de-Clases\" data-source=\"gallery\" style=\"visibility:hidden;background:transparent;padding:0;margin:0px auto;margin-top:0;margin-bottom:0;\">\n\t\t\t\t<rs-module id=\"rev_slider_75_1\" style=\"\" data-version=\"6.7.0\">\n\t\t\t\t\t<rs-slides style=\"overflow: hidden; position: absolute;\">\n\t\t\t\t\t\t<rs-slide style=\"position: absolute;\" data-key=\"rs-295\" data-title=\"Slide\" data-anim=\"adpr:false;ms:600;\" data-in=\"o:0;\" data-out=\"a:false;\">\n\t\t\t\t\t\t\t<img data-recalc-dims=\"1\" fetchpriority=\"high\" decoding=\"async\" src=\"https:\/\/i0.wp.com\/unisinucartagena.edu.co\/wp-content\/plugins\/revslider\/sr6\/assets\/assets\/dummy.png?resize=640%2C202\" alt=\"\" title=\"DSC_0445-02\" width=\"640\" height=\"202\" class=\"rev-slidebg tp-rs-img rs-lazyload\" data-lazyload=\"\/\/unisinucartagena.edu.co\/wp-content\/uploads\/2020\/05\/DSC_0445-02-scaled.jpg\" data-parallax=\"off\" data-no-retina>\n<!--\n\t\t\t\t\t\t\t--><rs-layer\n\t\t\t\t\t\t\t\tid=\"slider-75-slide-295-layer-7\" \n\t\t\t\t\t\t\t\tdata-type=\"text\"\n\t\t\t\t\t\t\t\tdata-color=\"#fff\"\n\t\t\t\t\t\t\t\tdata-rsp_ch=\"on\"\n\t\t\t\t\t\t\t\tdata-xy=\"x:c;xo:15px;yo:253px;\"\n\t\t\t\t\t\t\t\tdata-text=\"w:normal;s:73;l:106;ls:-3px;fw:700;a:center;\"\n\t\t\t\t\t\t\t\tdata-dim=\"minh:0,none,0,0;\"\n\t\t\t\t\t\t\t\tdata-ford=\"frame_0;frame_1;frame_2;frame_999;\"\n\t\t\t\t\t\t\t\tdata-frame_1=\"e:power4.inOut;sp:1500;\"\n\t\t\t\t\t\t\t\tdata-frame_999=\"o:0;st:w;\"\n\t\t\t\t\t\t\t\tdata-frame_2=\"tp:600px;st:400;sp:400;\"\n\t\t\t\t\t\t\t\tstyle=\"z-index:9;font-family:'Poppins';\"\n\t\t\t\t\t\t\t>PARTIAL CALENDAR <br>SEGUNDO CORTE CICLO 2661 \n\t\t\t\t\t\t\t<\/rs-layer><!--\n-->\t\t\t\t\t<\/rs-slide>\n\t\t\t\t\t<\/rs-slides>\n\t\t\t\t<\/rs-module>\n\t\t\t\t<script>\n\t\t\t\t\tsetREVStartSize({c: 'rev_slider_75_1',rl:[1240,1024,1024,1024],el:[600,600,600,600],gw:[1900,1900,1900,1900],gh:[600,600,600,600],type:'standard',justify:'',layout:'fullwidth',mh:\"0\"});if (window.RS_MODULES!==undefined && window.RS_MODULES.modules!==undefined && window.RS_MODULES.modules[\"revslider751\"]!==undefined) {window.RS_MODULES.modules[\"revslider751\"].once = false;window.revapi75 = undefined;if (window.RS_MODULES.checkMinimal!==undefined) window.RS_MODULES.checkMinimal()}\n\t\t\t\t<\/script>\n\t\t\t<\/rs-module-wrap>\n\t\t\t<!-- END REVOLUTION SLIDER -->\n<div class=\"vc_empty_space\"   style=\"height: 32px\"><span class=\"vc_empty_space_inner\"><\/span><\/div><div class=\"vc_empty_space\"   style=\"height: 32px\"><span class=\"vc_empty_space_inner\"><\/span><\/div><\/div><\/div><\/div><\/div><div class=\"vc_row-full-width vc_clearfix\"><\/div><div class=\"vc_row wpb_row vc_row-fluid\"><div class=\"wpb_column vc_column_container vc_col-sm-12\"><div class=\"vc_column-inner\"><div class=\"wpb_wrapper\"><div class=\"vc_row wpb_row vc_inner vc_row-fluid\"><div class=\"wpb_column vc_column_container vc_col-sm-12\"><div class=\"vc_column-inner\"><div class=\"wpb_wrapper\">\n\t<div class=\"wpb_text_column wpb_content_element\" >\n\t\t<div class=\"wpb_wrapper\">\n\t\t\t<h2 class=\"hP\" style=\"text-align: center;\" tabindex=\"-1\" data-thread-perm-id=\"thread-f:1777960671640104286\" data-legacy-thread-id=\"18ac95cf91b92d5e\">CALENDARIOS DE PARCIALES SEGUNDO CORTE CICLO 2661<\/h2>\n<div class=\"pG TW\" tabindex=\"0\" role=\"switch\" data-tooltip-contained=\"true\" data-tooltip-align=\"b,l\" data-tooltip-delay=\"1500\" aria-label=\"Mensaje importante porque se te ha enviado directamente\" aria-checked=\"true\" data-is-important=\"true\"><\/div>\n<div class=\"pG\" tabindex=\"0\" role=\"switch\" data-tooltip-contained=\"true\" data-tooltip-align=\"b,l\" data-tooltip-delay=\"1500\" aria-label=\"Mensaje importante porque se te ha enviado directamente\" aria-checked=\"true\" data-is-important=\"true\"><\/div>\n\n\t\t<\/div>\n\t<\/div>\n<\/div><\/div><\/div><\/div><\/div><\/div><\/div><\/div><div class=\"vc_row wpb_row vc_row-fluid\"><div class=\"wpb_column vc_column_container vc_col-sm-12\"><div class=\"vc_column-inner\"><div class=\"wpb_wrapper\"><div class=\"vc_btn3-container vc_btn3-left\" ><a style=\"background-color:#e00000; color:#ffffff;\" class=\"vc_general vc_btn3 vc_btn3-size-lg vc_btn3-shape-rounded vc_btn3-style-custom vc_btn3-block vc_btn3-icon-left\" href=\"https:\/\/docs.google.com\/spreadsheets\/d\/1BACCEVF2day_Ssj6chPIanClMNJmk1dw\/edit?gid=749069742#gid=749069742\" title=\"CLASS NUMBERS INTERNATIONAL BUSINESS ADMINISTRATION PROGRAM\" target=\"_blank\"><i class=\"vc_btn3-icon fas fa-chart-line\"><\/i> ADMINISTRACI\u00d3N DE EMPRESAS TURISTICAS Y HOTELERAS<\/a><\/div><div class=\"vc_btn3-container vc_btn3-left\" ><a style=\"background-color:#e00000; color:#ffffff;\" class=\"vc_general vc_btn3 vc_btn3-size-lg vc_btn3-shape-rounded vc_btn3-style-custom vc_btn3-block vc_btn3-icon-left\" href=\"https:\/\/docs.google.com\/spreadsheets\/d\/1c_JJCgVi3hh8lLZg5VkfWwirNMbysJvK\/edit?usp=drive_link&#038;ouid=100528057801210695805&#038;rtpof=true&#038;sd=true\" title=\"CLASS NUMBERS INTERNATIONAL BUSINESS ADMINISTRATION PROGRAM\" target=\"_blank\"><i class=\"vc_btn3-icon fas fa-chart-line\"><\/i> ADMINISTRACI\u00d3N DE NEGOCIOS INTERNACIONALES<\/a><\/div><div class=\"vc_btn3-container vc_btn3-left\" ><a style=\"background-color:#e00000; color:#ffffff;\" class=\"vc_general vc_btn3 vc_btn3-size-lg vc_btn3-shape-rounded vc_btn3-style-custom vc_btn3-block vc_btn3-icon-left\" href=\"https:\/\/docs.google.com\/spreadsheets\/d\/1sRho8BDb0b55AJC4A0cFfyY28ZAzmy89\/edit?usp=drive_link&#038;ouid=100528057801210695805&#038;rtpof=true&#038;sd=true\" title=\"NUMBERS OF CLASSES TECHNOLOGY IN MANAGEMENT OF INFORMATION SYSTEMS AND COMPUTER NETWORKS\" target=\"_blank\"><i class=\"vc_btn3-icon fas fa-tv\"><\/i> BASICAS EXACTAS<\/a><\/div><div class=\"vc_btn3-container vc_btn3-left\" ><a style=\"background-color:#e00000; color:#ffffff;\" class=\"vc_general vc_btn3 vc_btn3-size-lg vc_btn3-shape-rounded vc_btn3-style-custom vc_btn3-block vc_btn3-icon-left\" href=\"https:\/\/docs.google.com\/spreadsheets\/d\/19k4Nz-6EnrmPr38tKvEgyGiuE87RvhS9\/edit?usp=drive_link&#038;ouid=100528057801210695805&#038;rtpof=true&#038;sd=true\" title=\"NUMBERS OF CLASSES TECHNOLOGY IN MANAGEMENT OF INFORMATION SYSTEMS AND COMPUTER NETWORKS\" target=\"_blank\"><i class=\"vc_btn3-icon fas fa-tv\"><\/i> BASICAS SALUD<\/a><\/div><div class=\"vc_btn3-container vc_btn3-left\" ><a style=\"background-color:#e00000; color:#ffffff;\" class=\"vc_general vc_btn3 vc_btn3-size-lg vc_btn3-shape-rounded vc_btn3-style-custom vc_btn3-block vc_btn3-icon-left\" href=\"https:\/\/docs.google.com\/spreadsheets\/d\/1-EVJs1yqQ06DE7M_zqZrv17dNHiAe4Tk\/edit?usp=drive_link&#038;ouid=100528057801210695805&#038;rtpof=true&#038;sd=true\" title=\"\" target=\"_blank\"><i class=\"vc_btn3-icon fas fa-fish\"><\/i> BIOLOG\u00cdA MARINA<\/a><\/div><div class=\"vc_btn3-container vc_btn3-left\" ><a style=\"background-color:#e00000; color:#ffffff;\" class=\"vc_general vc_btn3 vc_btn3-size-lg vc_btn3-shape-rounded vc_btn3-style-custom vc_btn3-block vc_btn3-icon-left\" href=\"https:\/\/docs.google.com\/spreadsheets\/d\/1J0CIX6qW7f0x-4iU_iwWHBrhdwJaJmqE\/edit?gid=1463270020#gid=1463270020\" title=\"\" target=\"_blank\"><i class=\"vc_btn3-icon fas fa-calculator\"><\/i> CONTADUR\u00cdA PUBLICA<\/a><\/div><div class=\"vc_btn3-container vc_btn3-left\" ><a style=\"background-color:#e00000; color:#ffffff;\" class=\"vc_general vc_btn3 vc_btn3-size-lg vc_btn3-shape-rounded vc_btn3-style-custom vc_btn3-block vc_btn3-icon-left\" href=\"https:\/\/docs.google.com\/spreadsheets\/d\/1VPF6oJA4xwFT43zAuRWehp0wrAq6KkEN\/edit?usp=drive_web&#038;ouid=100528057801210695805&#038;rtpof=true\" title=\"N\u00daMEROS DE CLASES ESCUELA DE DISE\u00d1O INDUSTRIAL\" target=\"_blank\"><i class=\"vc_btn3-icon fas fa-syringe\"><\/i> DISE\u00d1O INDUSTRIAL<\/a><\/div><div class=\"vc_btn3-container vc_btn3-left\" ><a style=\"background-color:#e00000; color:#ffffff;\" class=\"vc_general vc_btn3 vc_btn3-size-lg vc_btn3-shape-rounded vc_btn3-style-custom vc_btn3-block vc_btn3-icon-left\" href=\"https:\/\/docs.google.com\/spreadsheets\/d\/1H6rSOlcaflqAs-kdaBqL1PJNWRrh8m-o\/edit?usp=drive_web&#038;ouid=100528057801210695805&#038;rtpof=true\" title=\"CLASS NUMBERS SCHOOL OF NURSING\" target=\"_blank\"><i class=\"vc_btn3-icon fas fa-syringe\"><\/i> ENFERMER\u00cdA<\/a><\/div><div class=\"vc_btn3-container vc_btn3-left\" ><a style=\"background-color:#e00000; color:#ffffff;\" class=\"vc_general vc_btn3 vc_btn3-size-lg vc_btn3-shape-rounded vc_btn3-style-custom vc_btn3-block vc_btn3-icon-left\" href=\"https:\/\/docs.google.com\/spreadsheets\/d\/12bpv0ROBemHAFvkAhj3WR2Si-wRFKRQh\/edit?gid=1547974620#gid=1547974620\" title=\"\" target=\"_blank\"><i class=\"vc_btn3-icon fas fa-city\"><\/i> GASTRONOMIA<\/a><\/div><div class=\"vc_btn3-container vc_btn3-left\" ><a style=\"background-color:#e00000; color:#ffffff;\" class=\"vc_general vc_btn3 vc_btn3-size-lg vc_btn3-shape-rounded vc_btn3-style-custom vc_btn3-block vc_btn3-icon-left\" href=\"https:\/\/docs.google.com\/spreadsheets\/d\/19oW3TYA5lWt0nKCyV2eXB6NjN_XoIrXt\/edit?gid=142390728#gid=142390728\" title=\"\" target=\"_blank\"><i class=\"vc_btn3-icon fas fa-city\"><\/i> HUMANIDADES<\/a><\/div><div class=\"vc_btn3-container vc_btn3-left\" ><a style=\"background-color:#e00000; color:#ffffff;\" class=\"vc_general vc_btn3 vc_btn3-size-lg vc_btn3-shape-rounded vc_btn3-style-custom vc_btn3-block vc_btn3-icon-left\" href=\"https:\/\/docs.google.com\/spreadsheets\/d\/1gFCpS0FOnHkwUWcRMLqrGyaUKPA6TXnk\/edit?usp=drive_web&#038;ouid=100528057801210695805&#038;rtpof=true\" title=\"\" target=\"_blank\"><i class=\"vc_btn3-icon fas fa-city\"><\/i> INGENIER\u00cdA AGROINDUSTRIAL<\/a><\/div><div class=\"vc_btn3-container vc_btn3-left\" ><a style=\"background-color:#e00000; color:#ffffff;\" class=\"vc_general vc_btn3 vc_btn3-size-lg vc_btn3-shape-rounded vc_btn3-style-custom vc_btn3-block vc_btn3-icon-left\" href=\"https:\/\/docs.google.com\/spreadsheets\/d\/10FyHBi50XvUCrgBXSkuSS5oGwXF8mHF3\/edit?usp=drive_web&#038;ouid=100528057801210695805&#038;rtpof=true\" title=\"CLASS NUMBERS SYSTEMS ENGINEERING PROGRAM\" target=\"_blank\"><i class=\"vc_btn3-icon fas fa-tv\"><\/i> INGENIER\u00cdA CIVIL<\/a><\/div><div class=\"vc_btn3-container vc_btn3-left\" ><a style=\"background-color:#e00000; color:#ffffff;\" class=\"vc_general vc_btn3 vc_btn3-size-lg vc_btn3-shape-rounded vc_btn3-style-custom vc_btn3-block vc_btn3-icon-left\" href=\"https:\/\/docs.google.com\/spreadsheets\/d\/17xbIoAiOxjPSWkjY6HJlTw3I4Dd3l1El\/edit?gid=884065239#gid=884065239\" title=\"CLASS NUMBERS SYSTEMS ENGINEERING PROGRAM\" target=\"_blank\"><i class=\"vc_btn3-icon fas fa-tv\"><\/i> INGENIER\u00cdA DE SISTEMAS<\/a><\/div><div class=\"vc_btn3-container vc_btn3-left\" ><a style=\"background-color:#e00000; color:#ffffff;\" class=\"vc_general vc_btn3 vc_btn3-size-lg vc_btn3-shape-rounded vc_btn3-style-custom vc_btn3-block vc_btn3-icon-left\" href=\"https:\/\/docs.google.com\/spreadsheets\/d\/1ZUum1YlsOB0q4y1kCqm6VTW0JX6-IK2D\/edit?gid=300546473#gid=300546473\" title=\"\" target=\"_blank\"><i class=\"vc_btn3-icon fas fa-city\"><\/i> INGENIER\u00cdA INDUSTRIAL<\/a><\/div><div class=\"vc_btn3-container vc_btn3-left\" ><a style=\"background-color:#e00000; color:#ffffff;\" class=\"vc_general vc_btn3 vc_btn3-size-lg vc_btn3-shape-rounded vc_btn3-style-custom vc_btn3-block vc_btn3-icon-left\" href=\"https:\/\/docs.google.com\/spreadsheets\/d\/1l-J4f6mi-okIibcp5RqZRdAFc3o-Yi-1\/edit?rtpof=true&#038;gid=1912997898#gid=1912997898\" title=\"\" target=\"_blank\"><i class=\"vc_btn3-icon fas fa-city\"><\/i> INVESTIGACION FORMATIVA<\/a><\/div><div class=\"vc_btn3-container vc_btn3-left\" ><a style=\"background-color:#e00000; color:#ffffff;\" class=\"vc_general vc_btn3 vc_btn3-size-lg vc_btn3-shape-rounded vc_btn3-style-custom vc_btn3-block vc_btn3-icon-left\" href=\"https:\/\/docs.google.com\/spreadsheets\/d\/1HbaLBTUmbnoOOoEMPNAww-ELOdGTZG8y\/edit?gid=1534244911#gid=1534244911\" title=\"CLASS NUMBERS NUTRITION AND DIETETICS PROGRAM\" target=\"_blank\"><i class=\"vc_btn3-icon fas fa-apple-alt\"><\/i> NUTRICI\u00d3N Y DIET\u00c9TICA<\/a><\/div><div class=\"vc_btn3-container vc_btn3-left\" ><a style=\"background-color:#e00000; color:#ffffff;\" class=\"vc_general vc_btn3 vc_btn3-size-lg vc_btn3-shape-rounded vc_btn3-style-custom vc_btn3-block vc_btn3-icon-left\" href=\"https:\/\/docs.google.com\/spreadsheets\/d\/13hsSkiNgDvBw-KghHdKjA-vkNnFMiv3L\/edit?gid=1362778431#gid=1362778431\" title=\"\" target=\"_blank\"><i class=\"vc_btn3-icon fas fa-tooth\"><\/i> ODONTOLOG\u00cdA<\/a><\/div><div class=\"vc_btn3-container vc_btn3-left\" ><a style=\"background-color:#e00000; color:#ffffff;\" class=\"vc_general vc_btn3 vc_btn3-size-lg vc_btn3-shape-rounded vc_btn3-style-custom vc_btn3-block vc_btn3-icon-left\" href=\"https:\/\/docs.google.com\/spreadsheets\/d\/1k5A_xlaWSwr4SuZ2-QshvNGU2JrUo8uZ\/edit?gid=859080745#gid=859080745\" title=\"CLASS NUMBERS OPTOMETRY PROGRAM\" target=\"_blank\"><i class=\"vc_btn3-icon fas fa-glasses\"><\/i> OPTOMETRY<\/a><\/div><div class=\"vc_btn3-container vc_btn3-left\" ><a style=\"background-color:#e00000; color:#ffffff;\" class=\"vc_general vc_btn3 vc_btn3-size-lg vc_btn3-shape-rounded vc_btn3-style-custom vc_btn3-block vc_btn3-icon-left\" href=\"https:\/\/docs.google.com\/spreadsheets\/d\/1kYAtmnWQLVGU32OkRfuifHIyV4JDFi8c\/edit?gid=309204384#gid=309204384\" title=\"CLASS NUMBERS PSYCHOLOGY PROGRAM\" target=\"_blank\"><i class=\"vc_btn3-icon fas fa-marker\"><\/i> PSICOLOG\u00cdA<\/a><\/div><div class=\"vc_btn3-container vc_btn3-left\" ><a style=\"background-color:#e00000; color:#ffffff;\" class=\"vc_general vc_btn3 vc_btn3-size-lg vc_btn3-shape-rounded vc_btn3-style-custom vc_btn3-block vc_btn3-icon-left\" href=\"https:\/\/docs.google.com\/spreadsheets\/d\/1d5tGBP5lIb9qE4NQYdT09W1fV5GHZ6IX\/edit?gid=1632250874#gid=1632250874\" title=\"\" target=\"_blank\"><i class=\"vc_btn3-icon fas fa-city\"><\/i> TECNICO PROFESIONAL EN LOGISTICA DE PRODUCCION<\/a><\/div><div class=\"vc_btn3-container vc_btn3-left\" ><a style=\"background-color:#e00000; color:#ffffff;\" class=\"vc_general vc_btn3 vc_btn3-size-lg vc_btn3-shape-rounded vc_btn3-style-custom vc_btn3-block vc_btn3-icon-left\" href=\"https:\/\/docs.google.com\/spreadsheets\/d\/1C0yMxeY6HBY-b_eMf0_RKm2KgCfelEyn\/edit?gid=730354010#gid=730354010\" title=\"\" target=\"_blank\"><i class=\"vc_btn3-icon fas fa-hard-hat\"><\/i> TECNOLOG\u00cdA EN GESTION DE LA CONSTRUCCI\u00d3N<\/a><\/div><div class=\"vc_btn3-container vc_btn3-left\" ><a style=\"background-color:#e00000; color:#ffffff;\" class=\"vc_general vc_btn3 vc_btn3-size-lg vc_btn3-shape-rounded vc_btn3-style-custom vc_btn3-block vc_btn3-icon-left\" href=\"https:\/\/docs.google.com\/spreadsheets\/d\/1ODNAmCQ-3zaVkpsXR6b98A7JypGm3O9o\/edit?gid=1683306049#gid=1683306049\" title=\"NUMBERS OF CLASSES TECHNOLOGY IN MANAGEMENT OF INFORMATION SYSTEMS AND COMPUTER NETWORKS\" target=\"_blank\"><i class=\"vc_btn3-icon fas fa-tv\"><\/i> TECNOLOGIA EN GESTION DE SISTEMAS DE INFORMACION Y REDES DE COMPUTO<\/a><\/div><div class=\"vc_btn3-container vc_btn3-left\" ><a style=\"background-color:#e00000; color:#ffffff;\" class=\"vc_general vc_btn3 vc_btn3-size-lg vc_btn3-shape-rounded vc_btn3-style-custom vc_btn3-block vc_btn3-icon-left\" href=\"https:\/\/docs.google.com\/spreadsheets\/d\/1DV4q2ZnZF4oDIXVj-2iJyX-weI91Es7p\/edit?gid=430147906#gid=430147906\" title=\"\" target=\"_blank\"><i class=\"vc_btn3-icon fas fa-hard-hat\"><\/i> TECNOLOG\u00cdA EN GESTION GASTRONOMICA<\/a><\/div><div class=\"vc_btn3-container vc_btn3-left\" ><a style=\"background-color:#e00000; color:#ffffff;\" class=\"vc_general vc_btn3 vc_btn3-size-lg vc_btn3-shape-rounded vc_btn3-style-custom vc_btn3-block vc_btn3-icon-left\" href=\"https:\/\/docs.google.com\/spreadsheets\/d\/1062A0txbZVlsEt4x2fznWsLiGPhIXK1e\/edit?gid=852444403#gid=852444403\" title=\"\" target=\"_blank\"><i class=\"vc_btn3-icon fas fa-hard-hat\"><\/i> TECNOLOG\u00cdA EN MANTENIMIENTO ELECTRICO<\/a><\/div><div class=\"vc_btn3-container vc_btn3-left\" ><a style=\"background-color:#e00000; color:#ffffff;\" class=\"vc_general vc_btn3 vc_btn3-size-lg vc_btn3-shape-rounded vc_btn3-style-custom vc_btn3-block vc_btn3-icon-left\" href=\"https:\/\/docs.google.com\/spreadsheets\/d\/18iI6_qoOVxV20JM8fhvcDl5p6PYJOqkr\/edit?gid=1857568709#gid=1857568709\" title=\"\" target=\"_blank\"><i class=\"vc_btn3-icon fas fa-hard-hat\"><\/i> TECNOLOG\u00cdA EN MANTENIMIENTO MECANICO<\/a><\/div><div class=\"vc_btn3-container vc_btn3-left\" ><a style=\"background-color:#e00000; color:#ffffff;\" class=\"vc_general vc_btn3 vc_btn3-size-lg vc_btn3-shape-rounded vc_btn3-style-custom vc_btn3-block vc_btn3-icon-left\" href=\"https:\/\/docs.google.com\/spreadsheets\/d\/1mFutMQwUnDMUJoEMWKs8kurVfgc1jKsw\/edit?gid=1878066989#gid=1878066989\" title=\"\" target=\"_blank\"><i class=\"vc_btn3-icon fas fa-industry\"><\/i> TECNOLOGIA EN PROCESOS AGROINDUSTRIALES<\/a><\/div><div class=\"vc_btn3-container vc_btn3-left\" ><a style=\"background-color:#e00000; color:#ffffff;\" class=\"vc_general vc_btn3 vc_btn3-size-lg vc_btn3-shape-rounded vc_btn3-style-custom vc_btn3-block vc_btn3-icon-left\" href=\"https:\/\/docs.google.com\/spreadsheets\/d\/17BCb5tW2iqxE2yOdbh5cdaufYvm48vWh\/edit?gid=1356942406#gid=1356942406\" title=\"\" target=\"_blank\"><i class=\"vc_btn3-icon fas fa-city\"><\/i> TECNOLOGIA EN PRODUCCION INDUSTRIAL<\/a><\/div><div class=\"vc_btn3-container vc_btn3-left\" ><a style=\"background-color:#e00000; color:#ffffff;\" class=\"vc_general vc_btn3 vc_btn3-size-lg vc_btn3-shape-rounded vc_btn3-style-custom vc_btn3-block vc_btn3-icon-left\" href=\"https:\/\/docs.google.com\/spreadsheets\/d\/1bufcRrNNaVKF_IwALqwwo7jX0reYrPOp\/edit?gid=1309426991#gid=1309426991\" title=\"\" target=\"_blank\"><i class=\"vc_btn3-icon fas fa-book-medical\"><\/i> MEDICINE<\/a><\/div><div class=\"vc_btn3-container vc_btn3-left\" ><a style=\"background-color:#e00000; color:#ffffff;\" class=\"vc_general vc_btn3 vc_btn3-size-lg vc_btn3-shape-rounded vc_btn3-style-custom vc_btn3-block vc_btn3-icon-left\" href=\"https:\/\/docs.google.com\/spreadsheets\/d\/11Tnn4yC3sBkaV52pmFHqR8HJRzhmNUy3\/edit?gid=783725414#gid=783725414\" title=\"\" target=\"_blank\"><i class=\"vc_btn3-icon fas fa-heartbeat\"><\/i> FISIOTERAPIA<\/a><\/div><div class=\"vc_btn3-container vc_btn3-left\" ><a style=\"background-color:#e00000; color:#ffffff;\" class=\"vc_general vc_btn3 vc_btn3-size-lg vc_btn3-shape-rounded vc_btn3-style-custom vc_btn3-block vc_btn3-icon-left\" href=\"https:\/\/docs.google.com\/spreadsheets\/d\/12KM0eK1PV0SP6WEY9JGoprEhaatVrb85\/edit?gid=1823866529#gid=1823866529\" title=\"\" target=\"_blank\"><i class=\"vc_btn3-icon fas fa-balance-scale-left\"><\/i> DERECHO<\/a><\/div><\/div><\/div><\/div><\/div><div class=\"vc_row wpb_row vc_row-fluid\"><div class=\"wpb_column vc_column_container vc_col-sm-12\"><div class=\"vc_column-inner\"><div class=\"wpb_wrapper\"><\/div><\/div><\/div><\/div><div class=\"vc_row wpb_row vc_row-fluid\"><div class=\"wpb_column vc_column_container vc_col-sm-12\"><div class=\"vc_column-inner\"><div class=\"wpb_wrapper\"><\/div><\/div><\/div><\/div><div class=\"vc_row wpb_row vc_row-fluid\"><div class=\"wpb_column vc_column_container vc_col-sm-12\"><div class=\"vc_column-inner\"><div class=\"wpb_wrapper\"><\/div><\/div><\/div><\/div>","protected":false},"excerpt":{"rendered":"CALENDARIO DE PARCIALES SEGUNDO CORTE CICLO 2661 CALENDARIOS DE PARCIALES SEGUNDO CORTE CICLO 2661 ADMINISTRACI\u00d3N DE EMPRESAS TURISTICAS Y HOTELERAS ADMINISTRACI\u00d3N DE NEGOCIOS INTERNACIONALES BASICAS EXACTAS BASICAS SALUD BIOLOG\u00cdA MARINA CONTADUR\u00cdA PUBLICA DISE\u00d1O INDUSTRIAL ENFERMER\u00cdA GASTRONOMIA HUMANIDADES INGENIER\u00cdA AGROINDUSTRIAL INGENIER\u00cdA &hellip;","protected":false},"author":1,"featured_media":0,"parent":0,"menu_order":0,"comment_status":"closed","ping_status":"open","template":"page-templates\/homepage.php","meta":{"_acf_changed":false,"_bbp_topic_count":0,"_bbp_reply_count":0,"_bbp_total_topic_count":0,"_bbp_total_reply_count":0,"_bbp_voice_count":0,"_bbp_anonymous_reply_count":0,"_bbp_topic_count_hidden":0,"_bbp_reply_count_hidden":0,"_bbp_forum_subforum_count":0,"_monsterinsights_skip_tracking":false,"_monsterinsights_sitenote_active":false,"_monsterinsights_sitenote_note":"","_monsterinsights_sitenote_category":0,"footnotes":""},"class_list":["post-67594","page","type-page","status-publish","hentry"],"acf":[],"aioseo_notices":[],"_links":{"self":[{"href":"https:\/\/unisinucartagena.edu.co\/en\/wp-json\/wp\/v2\/pages\/67594","targetHints":{"allow":["GET"]}}],"collection":[{"href":"https:\/\/unisinucartagena.edu.co\/en\/wp-json\/wp\/v2\/pages"}],"about":[{"href":"https:\/\/unisinucartagena.edu.co\/en\/wp-json\/wp\/v2\/types\/page"}],"author":[{"embeddable":true,"href":"https:\/\/unisinucartagena.edu.co\/en\/wp-json\/wp\/v2\/users\/1"}],"replies":[{"embeddable":true,"href":"https:\/\/unisinucartagena.edu.co\/en\/wp-json\/wp\/v2\/comments?post=67594"}],"version-history":[{"count":7,"href":"https:\/\/unisinucartagena.edu.co\/en\/wp-json\/wp\/v2\/pages\/67594\/revisions"}],"predecessor-version":[{"id":67601,"href":"https:\/\/unisinucartagena.edu.co\/en\/wp-json\/wp\/v2\/pages\/67594\/revisions\/67601"}],"wp:attachment":[{"href":"https:\/\/unisinucartagena.edu.co\/en\/wp-json\/wp\/v2\/media?parent=67594"}],"curies":[{"name":"wp","href":"https:\/\/api.w.org\/{rel}","templated":true}]}}