{"id":67036,"date":"2026-02-23T10:02:03","date_gmt":"2026-02-23T15:02:03","guid":{"rendered":"https:\/\/unisinucartagena.edu.co\/?page_id=67036"},"modified":"2026-03-31T15:24:54","modified_gmt":"2026-03-31T20:24:54","slug":"calendarios-de-parciales-primer-corte-ciclo-2661","status":"publish","type":"page","link":"https:\/\/unisinucartagena.edu.co\/en\/calendarios-de-parciales-primer-corte-ciclo-2661\/","title":{"rendered":"CALENDARIOS DE PARCIALES PRIMER CORTE CICLO 2661"},"content":{"rendered":"<div data-vc-full-width=\"true\" data-vc-full-width-init=\"false\" data-vc-stretch-content=\"true\" class=\"vc_row wpb_row vc_row-fluid vc_row-no-padding\"><div class=\"wpb_column vc_column_container vc_col-sm-12\"><div class=\"vc_column-inner\"><div class=\"wpb_wrapper\">\n\t\t\t<!-- START Numeros de Clases REVOLUTION SLIDER 6.7.0 --><p class=\"rs-p-wp-fix\"><\/p>\n\t\t\t<rs-module-wrap id=\"rev_slider_75_1_wrapper\" data-source=\"gallery\" style=\"visibility:hidden;background:transparent;padding:0;margin:0px auto;margin-top:0;margin-bottom:0;\">\n\t\t\t\t<rs-module id=\"rev_slider_75_1\" style=\"\" data-version=\"6.7.0\">\n\t\t\t\t\t<rs-slides style=\"overflow: hidden; position: absolute;\">\n\t\t\t\t\t\t<rs-slide style=\"position: absolute;\" data-key=\"rs-295\" data-title=\"Slide\" data-anim=\"adpr:false;ms:600;\" data-in=\"o:0;\" data-out=\"a:false;\">\n\t\t\t\t\t\t\t<img data-recalc-dims=\"1\" fetchpriority=\"high\" decoding=\"async\" src=\"https:\/\/i0.wp.com\/unisinucartagena.edu.co\/wp-content\/plugins\/revslider\/sr6\/assets\/assets\/dummy.png?resize=640%2C202\" alt=\"\" title=\"DSC_0445-02\" width=\"640\" height=\"202\" class=\"rev-slidebg tp-rs-img rs-lazyload\" data-lazyload=\"\/\/unisinucartagena.edu.co\/wp-content\/uploads\/2020\/05\/DSC_0445-02-scaled.jpg\" data-parallax=\"off\" data-no-retina>\n<!--\n\t\t\t\t\t\t\t--><rs-layer\n\t\t\t\t\t\t\t\tid=\"slider-75-slide-295-layer-7\" \n\t\t\t\t\t\t\t\tdata-type=\"text\"\n\t\t\t\t\t\t\t\tdata-color=\"#fff\"\n\t\t\t\t\t\t\t\tdata-rsp_ch=\"on\"\n\t\t\t\t\t\t\t\tdata-xy=\"x:c;xo:15px;yo:253px;\"\n\t\t\t\t\t\t\t\tdata-text=\"w:normal;s:73;l:106;ls:-3px;fw:700;a:center;\"\n\t\t\t\t\t\t\t\tdata-dim=\"minh:0,none,0,0;\"\n\t\t\t\t\t\t\t\tdata-ford=\"frame_0;frame_1;frame_2;frame_999;\"\n\t\t\t\t\t\t\t\tdata-frame_1=\"e:power4.inOut;sp:1500;\"\n\t\t\t\t\t\t\t\tdata-frame_999=\"o:0;st:w;\"\n\t\t\t\t\t\t\t\tdata-frame_2=\"tp:600px;st:400;sp:400;\"\n\t\t\t\t\t\t\t\tstyle=\"z-index:9;font-family:'Poppins';\"\n\t\t\t\t\t\t\t>PARTIAL CALENDAR <br>SEGUNDO CORTE CICLO 2661 \n\t\t\t\t\t\t\t<\/rs-layer><!--\n-->\t\t\t\t\t<\/rs-slide>\n\t\t\t\t\t<\/rs-slides>\n\t\t\t\t<\/rs-module>\n\t\t\t\t<script>\n\t\t\t\t\tsetREVStartSize({c: 'rev_slider_75_1',rl:[1240,1024,1024,1024],el:[600,600,600,600],gw:[1900,1900,1900,1900],gh:[600,600,600,600],type:'standard',justify:'',layout:'fullwidth',mh:\"0\"});if (window.RS_MODULES!==undefined && window.RS_MODULES.modules!==undefined && window.RS_MODULES.modules[\"revslider751\"]!==undefined) {window.RS_MODULES.modules[\"revslider751\"].once = false;window.revapi75 = undefined;if (window.RS_MODULES.checkMinimal!==undefined) window.RS_MODULES.checkMinimal()}\n\t\t\t\t<\/script>\n\t\t\t<\/rs-module-wrap>\n\t\t\t<!-- END REVOLUTION SLIDER -->\n<div class=\"vc_empty_space\"   style=\"height: 32px\"><span class=\"vc_empty_space_inner\"><\/span><\/div><div class=\"vc_empty_space\"   style=\"height: 32px\"><span class=\"vc_empty_space_inner\"><\/span><\/div><\/div><\/div><\/div><\/div><div class=\"vc_row-full-width vc_clearfix\"><\/div><div class=\"vc_row wpb_row vc_row-fluid\"><div class=\"wpb_column vc_column_container vc_col-sm-12\"><div class=\"vc_column-inner\"><div class=\"wpb_wrapper\"><div class=\"vc_row wpb_row vc_inner vc_row-fluid\"><div class=\"wpb_column vc_column_container vc_col-sm-12\"><div class=\"vc_column-inner\"><div class=\"wpb_wrapper\">\n\t<div class=\"wpb_text_column wpb_content_element\" >\n\t\t<div class=\"wpb_wrapper\">\n\t\t\t<h2 class=\"hP\" style=\"text-align: center;\" tabindex=\"-1\" data-thread-perm-id=\"thread-f:1777960671640104286\" data-legacy-thread-id=\"18ac95cf91b92d5e\">CALENDARIOS DE PARCIALES PRIMER CORTE CICLO 2661<\/h2>\n<div class=\"pG TW\" tabindex=\"0\" role=\"switch\" data-tooltip-contained=\"true\" data-tooltip-align=\"b,l\" data-tooltip-delay=\"1500\" aria-label=\"Mensaje importante porque se te ha enviado directamente\" aria-checked=\"true\" data-is-important=\"true\"><\/div>\n<div class=\"pG\" tabindex=\"0\" role=\"switch\" data-tooltip-contained=\"true\" data-tooltip-align=\"b,l\" data-tooltip-delay=\"1500\" aria-label=\"Mensaje importante porque se te ha enviado directamente\" aria-checked=\"true\" data-is-important=\"true\"><\/div>\n\n\t\t<\/div>\n\t<\/div>\n<\/div><\/div><\/div><\/div><\/div><\/div><\/div><\/div><div class=\"vc_row wpb_row vc_row-fluid\"><div class=\"wpb_column vc_column_container vc_col-sm-12\"><div class=\"vc_column-inner\"><div class=\"wpb_wrapper\"><div class=\"vc_btn3-container vc_btn3-left\" ><a style=\"background-color:#e00000; color:#ffffff;\" class=\"vc_general vc_btn3 vc_btn3-size-lg vc_btn3-shape-rounded vc_btn3-style-custom vc_btn3-block vc_btn3-icon-left\" href=\"https:\/\/drive.google.com\/file\/d\/1GH2v82ppD0BjxiPKQkjne9RQX3EFpZEq\/view\" title=\"CLASS NUMBERS INTERNATIONAL BUSINESS ADMINISTRATION PROGRAM\" target=\"_blank\"><i class=\"vc_btn3-icon fas fa-chart-line\"><\/i> ADMINISTRACI\u00d3N DE EMPRESAS TURISTICAS Y HOTELERAS<\/a><\/div><div class=\"vc_btn3-container vc_btn3-left\" ><a style=\"background-color:#e00000; color:#ffffff;\" class=\"vc_general vc_btn3 vc_btn3-size-lg vc_btn3-shape-rounded vc_btn3-style-custom vc_btn3-block vc_btn3-icon-left\" href=\"https:\/\/drive.google.com\/file\/d\/1Cvtkn1O7pywhHSWoZJxr3hh-COH8QAVp\/view\" title=\"CLASS NUMBERS INTERNATIONAL BUSINESS ADMINISTRATION PROGRAM\" target=\"_blank\"><i class=\"vc_btn3-icon fas fa-chart-line\"><\/i> ADMINISTRACI\u00d3N DE NEGOCIOS INTERNACIONALES<\/a><\/div><div class=\"vc_btn3-container vc_btn3-left\" ><a style=\"background-color:#e00000; color:#ffffff;\" class=\"vc_general vc_btn3 vc_btn3-size-lg vc_btn3-shape-rounded vc_btn3-style-custom vc_btn3-block vc_btn3-icon-left\" href=\"https:\/\/drive.google.com\/file\/d\/1mC1KBonf-C2sOdb2DfxZRlhLglol-Sbm\/view\" title=\"NUMBERS OF CLASSES TECHNOLOGY IN MANAGEMENT OF INFORMATION SYSTEMS AND COMPUTER NETWORKS\" target=\"_blank\"><i class=\"vc_btn3-icon fas fa-tv\"><\/i> BASICAS EXACTAS<\/a><\/div><div class=\"vc_btn3-container vc_btn3-left\" ><a style=\"background-color:#e00000; color:#ffffff;\" class=\"vc_general vc_btn3 vc_btn3-size-lg vc_btn3-shape-rounded vc_btn3-style-custom vc_btn3-block vc_btn3-icon-left\" href=\"https:\/\/drive.google.com\/file\/d\/1SBhKYfFDX5fOAkvZ_xFR63QLVQXSAIIO\/view\" title=\"NUMBERS OF CLASSES TECHNOLOGY IN MANAGEMENT OF INFORMATION SYSTEMS AND COMPUTER NETWORKS\" target=\"_blank\"><i class=\"vc_btn3-icon fas fa-tv\"><\/i> BASICAS SALUD<\/a><\/div><div class=\"vc_btn3-container vc_btn3-left\" ><a style=\"background-color:#e00000; color:#ffffff;\" class=\"vc_general vc_btn3 vc_btn3-size-lg vc_btn3-shape-rounded vc_btn3-style-custom vc_btn3-block vc_btn3-icon-left\" href=\"https:\/\/drive.google.com\/file\/d\/1B4GiktVBPvMH2W4tcB0IQfxP3_GAtMXB\/view\" title=\"\" target=\"_blank\"><i class=\"vc_btn3-icon fas fa-fish\"><\/i> BIOLOG\u00cdA MARINA<\/a><\/div><div class=\"vc_btn3-container vc_btn3-left\" ><a style=\"background-color:#e00000; color:#ffffff;\" class=\"vc_general vc_btn3 vc_btn3-size-lg vc_btn3-shape-rounded vc_btn3-style-custom vc_btn3-block vc_btn3-icon-left\" href=\"https:\/\/docs.google.com\/spreadsheets\/d\/1C5DoO3ZmDW4BVBhlqc7vtHgIZgMtvORj\/edit?gid=1499283712#gid=1499283712\" title=\"\" target=\"_blank\"><i class=\"vc_btn3-icon fas fa-calculator\"><\/i> CONTADUR\u00cdA PUBLICA<\/a><\/div><div class=\"vc_btn3-container vc_btn3-left\" ><a style=\"background-color:#e00000; color:#ffffff;\" class=\"vc_general vc_btn3 vc_btn3-size-lg vc_btn3-shape-rounded vc_btn3-style-custom vc_btn3-block vc_btn3-icon-left\" href=\"https:\/\/docs.google.com\/spreadsheets\/d\/1uOVPXbwKNjWywEnmNucZc2fycDx2ctU0\/edit?gid=486212475#gid=486212475\" title=\"N\u00daMEROS DE CLASES ESCUELA DE DISE\u00d1O INDUSTRIAL\" target=\"_blank\"><i class=\"vc_btn3-icon fas fa-syringe\"><\/i> DISE\u00d1O INDUSTRIAL<\/a><\/div><div class=\"vc_btn3-container vc_btn3-left\" ><a style=\"background-color:#e00000; color:#ffffff;\" class=\"vc_general vc_btn3 vc_btn3-size-lg vc_btn3-shape-rounded vc_btn3-style-custom vc_btn3-block vc_btn3-icon-left\" href=\"https:\/\/docs.google.com\/spreadsheets\/d\/1mE10cTvs9sMy4UPXn53y7qpErDwc4HPv\/edit?gid=1298595799#gid=1298595799\" title=\"CLASS NUMBERS SCHOOL OF NURSING\" target=\"_blank\"><i class=\"vc_btn3-icon fas fa-syringe\"><\/i> ENFERMER\u00cdA<\/a><\/div><div class=\"vc_btn3-container vc_btn3-left\" ><a style=\"background-color:#e00000; color:#ffffff;\" class=\"vc_general vc_btn3 vc_btn3-size-lg vc_btn3-shape-rounded vc_btn3-style-custom vc_btn3-block vc_btn3-icon-left\" href=\"https:\/\/docs.google.com\/spreadsheets\/d\/1al5hODBQqlz1Z6JoY3BIDfHDfIQ4T1vD\/edit?gid=416514517#gid=416514517\" title=\"\" target=\"_blank\"><i class=\"vc_btn3-icon fas fa-city\"><\/i> GASTRONOMIA<\/a><\/div><div class=\"vc_btn3-container vc_btn3-left\" ><a style=\"background-color:#e00000; color:#ffffff;\" class=\"vc_general vc_btn3 vc_btn3-size-lg vc_btn3-shape-rounded vc_btn3-style-custom vc_btn3-block vc_btn3-icon-left\" href=\"https:\/\/docs.google.com\/spreadsheets\/d\/1A4mEqbFnOfihkMbvlyUNlRwAdQIam0pW\/edit?gid=2040987232#gid=2040987232\" title=\"\" target=\"_blank\"><i class=\"vc_btn3-icon fas fa-city\"><\/i> HUMANIDADES<\/a><\/div><div class=\"vc_btn3-container vc_btn3-left\" ><a style=\"background-color:#e00000; color:#ffffff;\" class=\"vc_general vc_btn3 vc_btn3-size-lg vc_btn3-shape-rounded vc_btn3-style-custom vc_btn3-block vc_btn3-icon-left\" href=\"https:\/\/docs.google.com\/spreadsheets\/d\/1bA1qWARlRZaGtT1FavNo4iOuJHsk7gfp\/edit?gid=689775032#gid=689775032\" title=\"\" target=\"_blank\"><i class=\"vc_btn3-icon fas fa-city\"><\/i> INGENIER\u00cdA AGROINDUSTRIAL<\/a><\/div><div class=\"vc_btn3-container vc_btn3-left\" ><a style=\"background-color:#e00000; color:#ffffff;\" class=\"vc_general vc_btn3 vc_btn3-size-lg vc_btn3-shape-rounded vc_btn3-style-custom vc_btn3-block vc_btn3-icon-left\" href=\"https:\/\/docs.google.com\/spreadsheets\/d\/1YYPp5JwQDBwPbh5HWLTCAWj-SYTuOwKq\/edit?gid=38992984#gid=38992984\" title=\"CLASS NUMBERS SYSTEMS ENGINEERING PROGRAM\" target=\"_blank\"><i class=\"vc_btn3-icon fas fa-tv\"><\/i> INGENIER\u00cdA CIVIL<\/a><\/div><div class=\"vc_btn3-container vc_btn3-left\" ><a style=\"background-color:#e00000; color:#ffffff;\" class=\"vc_general vc_btn3 vc_btn3-size-lg vc_btn3-shape-rounded vc_btn3-style-custom vc_btn3-block vc_btn3-icon-left\" href=\"https:\/\/docs.google.com\/spreadsheets\/d\/1qTCCj7xmYlxLU1NR9hPxD5IMaa5ftIO5\/edit?gid=671080265#gid=671080265\" title=\"CLASS NUMBERS SYSTEMS ENGINEERING PROGRAM\" target=\"_blank\"><i class=\"vc_btn3-icon fas fa-tv\"><\/i> INGENIER\u00cdA DE SISTEMAS<\/a><\/div><div class=\"vc_btn3-container vc_btn3-left\" ><a style=\"background-color:#e00000; color:#ffffff;\" class=\"vc_general vc_btn3 vc_btn3-size-lg vc_btn3-shape-rounded vc_btn3-style-custom vc_btn3-block vc_btn3-icon-left\" href=\"https:\/\/docs.google.com\/spreadsheets\/d\/1L5koyPRwMDbWJBU2IEsPd3ItbIfdMe59\/edit?gid=783611534#gid=783611534\" title=\"\" target=\"_blank\"><i class=\"vc_btn3-icon fas fa-city\"><\/i> INGENIER\u00cdA INDUSTRIAL<\/a><\/div><div class=\"vc_btn3-container vc_btn3-left\" ><a style=\"background-color:#e00000; color:#ffffff;\" class=\"vc_general vc_btn3 vc_btn3-size-lg vc_btn3-shape-rounded vc_btn3-style-custom vc_btn3-block vc_btn3-icon-left\" href=\"https:\/\/docs.google.com\/spreadsheets\/d\/1WtSuHxaD2wBc_7QcBR8N4WJK1e3EgGTh\/edit?gid=146055461#gid=146055461\" title=\"\" target=\"_blank\"><i class=\"vc_btn3-icon fas fa-city\"><\/i> INVESTIGACION FORMATIVA<\/a><\/div><div class=\"vc_btn3-container vc_btn3-left\" ><a style=\"background-color:#e00000; color:#ffffff;\" class=\"vc_general vc_btn3 vc_btn3-size-lg vc_btn3-shape-rounded vc_btn3-style-custom vc_btn3-block vc_btn3-icon-left\" href=\"https:\/\/docs.google.com\/spreadsheets\/d\/1Gdb_EpFl1o8BxZ6Bo_Ymu6PNhct8pZ2g\/edit?gid=1534244911#gid=1534244911\" title=\"CLASS NUMBERS NUTRITION AND DIETETICS PROGRAM\" target=\"_blank\"><i class=\"vc_btn3-icon fas fa-apple-alt\"><\/i> NUTRICI\u00d3N Y DIET\u00c9TICA<\/a><\/div><div class=\"vc_btn3-container vc_btn3-left\" ><a style=\"background-color:#e00000; color:#ffffff;\" class=\"vc_general vc_btn3 vc_btn3-size-lg vc_btn3-shape-rounded vc_btn3-style-custom vc_btn3-block vc_btn3-icon-left\" href=\"https:\/\/docs.google.com\/spreadsheets\/d\/1yGAfEhfVqU96MsFBKerqPPet_wbSe00n\/edit?gid=248894261#gid=248894261\" title=\"\" target=\"_blank\"><i class=\"vc_btn3-icon fas fa-tooth\"><\/i> ODONTOLOG\u00cdA<\/a><\/div><div class=\"vc_btn3-container vc_btn3-left\" ><a style=\"background-color:#e00000; color:#ffffff;\" class=\"vc_general vc_btn3 vc_btn3-size-lg vc_btn3-shape-rounded vc_btn3-style-custom vc_btn3-block vc_btn3-icon-left\" href=\"https:\/\/docs.google.com\/spreadsheets\/d\/1uHzX2aE1I1plYMrFtk6Aj2-rAnx26NwV\/edit?gid=1788011891#gid=1788011891\" title=\"CLASS NUMBERS OPTOMETRY PROGRAM\" target=\"_blank\"><i class=\"vc_btn3-icon fas fa-glasses\"><\/i> OPTOMETRY<\/a><\/div><div class=\"vc_btn3-container vc_btn3-left\" ><a style=\"background-color:#e00000; color:#ffffff;\" class=\"vc_general vc_btn3 vc_btn3-size-lg vc_btn3-shape-rounded vc_btn3-style-custom vc_btn3-block vc_btn3-icon-left\" href=\"https:\/\/docs.google.com\/spreadsheets\/d\/1nUcdXpEiO1gf3OjqI_crrXn4-pG0uKwV\/edit?gid=346888127#gid=346888127\" title=\"\" target=\"_blank\"><i class=\"vc_btn3-icon fas fa-city\"><\/i> PREVENTIVA Y COMUNITARIA<\/a><\/div><div class=\"vc_btn3-container vc_btn3-left\" ><a style=\"background-color:#e00000; color:#ffffff;\" class=\"vc_general vc_btn3 vc_btn3-size-lg vc_btn3-shape-rounded vc_btn3-style-custom vc_btn3-block vc_btn3-icon-left\" href=\"https:\/\/docs.google.com\/spreadsheets\/d\/1qbFczR0fEZWCekb3JCyUbHSZqcHUxvAv\/edit?gid=309204384#gid=309204384\" title=\"CLASS NUMBERS PSYCHOLOGY PROGRAM\" target=\"_blank\"><i class=\"vc_btn3-icon fas fa-marker\"><\/i> PSICOLOG\u00cdA<\/a><\/div><div class=\"vc_btn3-container vc_btn3-left\" ><a style=\"background-color:#e00000; color:#ffffff;\" class=\"vc_general vc_btn3 vc_btn3-size-lg vc_btn3-shape-rounded vc_btn3-style-custom vc_btn3-block vc_btn3-icon-left\" href=\"https:\/\/docs.google.com\/spreadsheets\/d\/1eDPYd1dx9KaKh5IqGCEe3I96DvJRoWzk\/edit?gid=2076932553#gid=2076932553\" title=\"\" target=\"_blank\"><i class=\"vc_btn3-icon fas fa-city\"><\/i> TECNICO PROFESIONAL EN LOGISTICA DE PRODUCCION<\/a><\/div><div class=\"vc_btn3-container vc_btn3-left\" ><a style=\"background-color:#e00000; color:#ffffff;\" class=\"vc_general vc_btn3 vc_btn3-size-lg vc_btn3-shape-rounded vc_btn3-style-custom vc_btn3-block vc_btn3-icon-left\" href=\"https:\/\/docs.google.com\/spreadsheets\/d\/1ik_iQM4aPvsDapktMgrzQTO1Dssvu5qY\/edit?gid=767071618#gid=767071618\" title=\"\" target=\"_blank\"><i class=\"vc_btn3-icon fas fa-hard-hat\"><\/i> TECNOLOG\u00cdA EN GESTION DE LA CONSTRUCC\u00d3N<\/a><\/div><div class=\"vc_btn3-container vc_btn3-left\" ><a style=\"background-color:#e00000; color:#ffffff;\" class=\"vc_general vc_btn3 vc_btn3-size-lg vc_btn3-shape-rounded vc_btn3-style-custom vc_btn3-block vc_btn3-icon-left\" href=\"https:\/\/docs.google.com\/spreadsheets\/d\/1AGIAJ7bou3Sti2s63sgq0IqoA3wB6k9Q\/edit?gid=179473767#gid=179473767\" title=\"NUMBERS OF CLASSES TECHNOLOGY IN MANAGEMENT OF INFORMATION SYSTEMS AND COMPUTER NETWORKS\" target=\"_blank\"><i class=\"vc_btn3-icon fas fa-tv\"><\/i> TECNOLOGIA EN GESTION DE SISTEMAS DE INFORMACION Y REDES DE COMPUTO<\/a><\/div><div class=\"vc_btn3-container vc_btn3-left\" ><a style=\"background-color:#e00000; color:#ffffff;\" class=\"vc_general vc_btn3 vc_btn3-size-lg vc_btn3-shape-rounded vc_btn3-style-custom vc_btn3-block vc_btn3-icon-left\" href=\"https:\/\/docs.google.com\/spreadsheets\/d\/1XBEN23iQh-eiSmuQ5tdiSwIueCkmz6i1\/edit?gid=1732525429#gid=1732525429\" title=\"\" target=\"_blank\"><i class=\"vc_btn3-icon fas fa-hard-hat\"><\/i> TECNOLOG\u00cdA EN GESTION GASTRONOMICA<\/a><\/div><div class=\"vc_btn3-container vc_btn3-left\" ><a style=\"background-color:#e00000; color:#ffffff;\" class=\"vc_general vc_btn3 vc_btn3-size-lg vc_btn3-shape-rounded vc_btn3-style-custom vc_btn3-block vc_btn3-icon-left\" href=\"https:\/\/docs.google.com\/spreadsheets\/d\/1YBTgMKjD3ftnV3NRqMqOwGrbfbBxUIGw\/edit?gid=1924721579#gid=1924721579\" title=\"\" target=\"_blank\"><i class=\"vc_btn3-icon fas fa-hard-hat\"><\/i> TECNOLOG\u00cdA EN MANTENIMIENTO ELECTRICO<\/a><\/div><div class=\"vc_btn3-container vc_btn3-left\" ><a style=\"background-color:#e00000; color:#ffffff;\" class=\"vc_general vc_btn3 vc_btn3-size-lg vc_btn3-shape-rounded vc_btn3-style-custom vc_btn3-block vc_btn3-icon-left\" href=\"https:\/\/docs.google.com\/spreadsheets\/d\/1oYA606-rTzY4I8_rrczGODjsOH1wjjx-\/edit?gid=1668690512#gid=1668690512\" title=\"\" target=\"_blank\"><i class=\"vc_btn3-icon fas fa-hard-hat\"><\/i> TECNOLOG\u00cdA EN MANTENIMIENTO MECANICO<\/a><\/div><div class=\"vc_btn3-container vc_btn3-left\" ><a style=\"background-color:#e00000; color:#ffffff;\" class=\"vc_general vc_btn3 vc_btn3-size-lg vc_btn3-shape-rounded vc_btn3-style-custom vc_btn3-block vc_btn3-icon-left\" href=\"https:\/\/docs.google.com\/spreadsheets\/d\/1kSU32CNGtilJXrfH3sqNHRpm8j9wCWx0\/edit?gid=1329792972#gid=1329792972\" title=\"\" target=\"_blank\"><i class=\"vc_btn3-icon fas fa-industry\"><\/i> TECNOLOGIA EN PROCESOS AGROINDUSTRIALES<\/a><\/div><div class=\"vc_btn3-container vc_btn3-left\" ><a style=\"background-color:#e00000; color:#ffffff;\" class=\"vc_general vc_btn3 vc_btn3-size-lg vc_btn3-shape-rounded vc_btn3-style-custom vc_btn3-block vc_btn3-icon-left\" href=\"https:\/\/docs.google.com\/spreadsheets\/d\/1qdlzJO_XwC0hotZPDhPTmdtLIfQkNddw\/edit?gid=927773083#gid=927773083\" title=\"\" target=\"_blank\"><i class=\"vc_btn3-icon fas fa-city\"><\/i> TECNOLOGIA EN PRODUCCION INDUSTRIAL<\/a><\/div><div class=\"vc_btn3-container vc_btn3-left\" ><a style=\"background-color:#e00000; color:#ffffff;\" class=\"vc_general vc_btn3 vc_btn3-size-lg vc_btn3-shape-rounded vc_btn3-style-custom vc_btn3-block vc_btn3-icon-left\" href=\"https:\/\/docs.google.com\/spreadsheets\/d\/1u-zgEM2uPE6flglwmneIdTwGA7vbUY9j\/edit?gid=797615459#gid=797615459\" title=\"\" target=\"_blank\"><i class=\"vc_btn3-icon fas fa-book-medical\"><\/i> MEDICINE<\/a><\/div><div class=\"vc_btn3-container vc_btn3-left\" ><a style=\"background-color:#e00000; color:#ffffff;\" class=\"vc_general vc_btn3 vc_btn3-size-lg vc_btn3-shape-rounded vc_btn3-style-custom vc_btn3-block vc_btn3-icon-left\" href=\"https:\/\/docs.google.com\/spreadsheets\/d\/1LLIqhAmuPAkDR9yMcCDjh-O2quuEw2m7\/edit?gid=1568640631#gid=1568640631\" title=\"\" target=\"_blank\"><i class=\"vc_btn3-icon fas fa-heartbeat\"><\/i> FISIOTERAPIA<\/a><\/div><div class=\"vc_btn3-container vc_btn3-left\" ><a style=\"background-color:#e00000; color:#ffffff;\" class=\"vc_general vc_btn3 vc_btn3-size-lg vc_btn3-shape-rounded vc_btn3-style-custom vc_btn3-block vc_btn3-icon-left\" href=\"https:\/\/docs.google.com\/spreadsheets\/d\/1hE4yQfkrYgFuwhnLtPQduYgL6OH_i1qw\/edit?gid=1059462873#gid=1059462873\" title=\"\" target=\"_blank\"><i class=\"vc_btn3-icon fas fa-balance-scale-left\"><\/i> DERECHO<\/a><\/div><\/div><\/div><\/div><\/div><div class=\"vc_row wpb_row vc_row-fluid\"><div class=\"wpb_column vc_column_container vc_col-sm-12\"><div class=\"vc_column-inner\"><div class=\"wpb_wrapper\"><\/div><\/div><\/div><\/div><div class=\"vc_row wpb_row vc_row-fluid\"><div class=\"wpb_column vc_column_container vc_col-sm-12\"><div class=\"vc_column-inner\"><div class=\"wpb_wrapper\"><\/div><\/div><\/div><\/div><div class=\"vc_row wpb_row vc_row-fluid\"><div class=\"wpb_column vc_column_container vc_col-sm-12\"><div class=\"vc_column-inner\"><div class=\"wpb_wrapper\"><\/div><\/div><\/div><\/div>","protected":false},"excerpt":{"rendered":"CALENDARIO DE PARCIALES SEGUNDO CORTE CICLO 2661 CALENDARIOS DE PARCIALES PRIMER CORTE CICLO 2661 ADMINISTRACI\u00d3N DE EMPRESAS TURISTICAS Y HOTELERAS ADMINISTRACI\u00d3N DE NEGOCIOS INTERNACIONALES BASICAS EXACTAS BASICAS SALUD BIOLOG\u00cdA MARINA CONTADUR\u00cdA PUBLICA DISE\u00d1O INDUSTRIAL ENFERMER\u00cdA GASTRONOMIA HUMANIDADES INGENIER\u00cdA AGROINDUSTRIAL INGENIER\u00cdA &hellip;","protected":false},"author":1,"featured_media":0,"parent":0,"menu_order":0,"comment_status":"closed","ping_status":"open","template":"page-templates\/homepage.php","meta":{"_acf_changed":false,"_bbp_topic_count":0,"_bbp_reply_count":0,"_bbp_total_topic_count":0,"_bbp_total_reply_count":0,"_bbp_voice_count":0,"_bbp_anonymous_reply_count":0,"_bbp_topic_count_hidden":0,"_bbp_reply_count_hidden":0,"_bbp_forum_subforum_count":0,"_monsterinsights_skip_tracking":false,"_monsterinsights_sitenote_active":false,"_monsterinsights_sitenote_note":"","_monsterinsights_sitenote_category":0,"footnotes":""},"class_list":["post-67036","page","type-page","status-publish","hentry"],"acf":[],"aioseo_notices":[],"_links":{"self":[{"href":"https:\/\/unisinucartagena.edu.co\/en\/wp-json\/wp\/v2\/pages\/67036","targetHints":{"allow":["GET"]}}],"collection":[{"href":"https:\/\/unisinucartagena.edu.co\/en\/wp-json\/wp\/v2\/pages"}],"about":[{"href":"https:\/\/unisinucartagena.edu.co\/en\/wp-json\/wp\/v2\/types\/page"}],"author":[{"embeddable":true,"href":"https:\/\/unisinucartagena.edu.co\/en\/wp-json\/wp\/v2\/users\/1"}],"replies":[{"embeddable":true,"href":"https:\/\/unisinucartagena.edu.co\/en\/wp-json\/wp\/v2\/comments?post=67036"}],"version-history":[{"count":10,"href":"https:\/\/unisinucartagena.edu.co\/en\/wp-json\/wp\/v2\/pages\/67036\/revisions"}],"predecessor-version":[{"id":67056,"href":"https:\/\/unisinucartagena.edu.co\/en\/wp-json\/wp\/v2\/pages\/67036\/revisions\/67056"}],"wp:attachment":[{"href":"https:\/\/unisinucartagena.edu.co\/en\/wp-json\/wp\/v2\/media?parent=67036"}],"curies":[{"name":"wp","href":"https:\/\/api.w.org\/{rel}","templated":true}]}}