{"id":67019,"date":"2026-02-19T15:10:24","date_gmt":"2026-02-19T20:10:24","guid":{"rendered":"https:\/\/unisinucartagena.edu.co\/?page_id=67019"},"modified":"2026-05-07T18:13:38","modified_gmt":"2026-05-07T23:13:38","slug":"especializacion-en-en-segmento-anterior-y-cornea-snies","status":"publish","type":"page","link":"https:\/\/unisinucartagena.edu.co\/en\/especializacion-en-en-segmento-anterior-y-cornea-snies\/","title":{"rendered":"ESPECIALIZACI\u00d3N EN SEGMENTO ANTERIOR Y C\u00d3RNEA &#8211; SNIES:  118256"},"content":{"rendered":"<div id=\"pl-67019\"  class=\"panel-layout\" ><div id=\"pg-67019-0\"  class=\"panel-grid panel-no-style\" ><div id=\"pgc-67019-0-0\"  class=\"panel-grid-cell\" ><div id=\"panel-67019-0-0-0\" class=\"so-panel widget widget_sow-editor panel-first-child panel-last-child\" data-index=\"0\" ><div\n\t\t\t\n\t\t\tclass=\"so-widget-sow-editor so-widget-sow-editor-base\"\n\t\t\t\n\t\t>\n<div class=\"siteorigin-widget-tinymce textwidget\">\n\t<p>Registro Calificado MEN: Resoluci\u00f3n\u00a0 016405 del 31 de Julio de 2025, Fecha de vencimiento del Registro Calificado: 31 de Julio de 2032<\/p>\n<\/div>\n<\/div><\/div><\/div><\/div><div id=\"pg-67019-1\"  class=\"panel-grid panel-no-style\" ><div id=\"pgc-67019-1-0\"  class=\"panel-grid-cell panel-grid-cell-empty\" ><\/div><div id=\"pgc-67019-1-1\"  class=\"panel-grid-cell\" ><div id=\"panel-67019-1-1-0\" class=\"so-panel widget widget_button panel-first-child panel-last-child\" data-index=\"1\" ><div class=\"thim-widget-button thim-widget-button-base template-base\"><a class=\"widget-button  no-border normal custom_style\" href=\"https:\/\/wa.link\/2ricaw\" target=\"_blank\" style=\"font-size: 14px;font-weight: normal;background-color: #dd3333;\" data-hover=\"font-size: 14px;font-weight: normal;\"><i class=\"envelope-o\" style=\"font-size: 14px;\"><\/i> I want to know more<\/a><\/div><\/div><\/div><div id=\"pgc-67019-1-2\"  class=\"panel-grid-cell panel-grid-cell-mobile-last\" ><div id=\"panel-67019-1-2-0\" class=\"so-panel widget widget_button panel-first-child panel-last-child\" data-index=\"2\" ><div class=\"thim-widget-button thim-widget-button-base template-base\"><a class=\"widget-button  no-border normal custom_style\" href=\"https:\/\/unisinucartagena.edu.co\/wp-content\/uploads\/2026\/05\/BROCHURE-SEGMENTO_compressed.pdf\" target=\"_blank\" style=\"font-size: 14px;font-weight: normal;background-color: #dd3333;\" data-hover=\"font-size: 14px;font-weight: normal;\"><i class=\"file-text-o\" style=\"font-size: 14px;\"><\/i> Download Brochure<\/a><\/div><\/div><\/div><div id=\"pgc-67019-1-3\"  class=\"panel-grid-cell panel-grid-cell-empty\" ><\/div><\/div><div id=\"pg-67019-2\"  class=\"panel-grid panel-no-style\" ><div id=\"pgc-67019-2-0\"  class=\"panel-grid-cell\" ><div id=\"panel-67019-2-0-0\" class=\"so-panel widget widget_text panel-first-child\" data-index=\"3\" >\t\t\t<div class=\"textwidget\"><p>La Especializaci\u00f3n en Segmento Anterior y C\u00f3rnea de la Corporaci\u00f3n Universidad del Sin\u00fa El\u00edas Bechara Zain\u00fam Seccional Cartagena, tiene como objetivo principal formar profesionales capacitados para desempe\u00f1arse de manera independiente o en relaci\u00f3n de dependencia en la atenci\u00f3n de pacientes con patolog\u00edas oftalmol\u00f3gicas que comprometen el segmento anterior del ojo, as\u00ed como integrarse a equipos interdisciplinarios en oftalmolog\u00eda para dar respuesta a casos complejos o con m\u00faltiples afectaciones.<\/p>\n<h2><\/h2>\n<\/div>\n\t\t<\/div><div id=\"panel-67019-2-0-1\" class=\"widget_text so-panel widget widget_custom_html\" data-index=\"4\" ><div class=\"textwidget custom-html-widget\"><table>\n<thead>\n<tr>\n<th>TITLE TO ISSUE<\/th>\n<th>ESPECIALISTA EN SEGMENTO ANTERIOR Y C\u00d3RNEA<\/th>\n<\/tr>\n<\/thead>\n<tbody>\n<tr>\n<td>DURATION<\/td>\n<td>2 A\u00f1os<\/td>\n<\/tr>\n<tr>\n<td>ADMISSION PERIOD<\/td>\n<td>Annual<\/td>\n<\/tr>\n<tr>\n<td>REG. MEN QUALIFIED:<\/td>\n<td>Resoluci\u00f3n\u00a0 016405 del 31 de Julio de 2025, Fecha de vencimiento del Registro Calificado: 016405 del 31 de Julio de 2032<\/td>\n<\/tr>\n\t<tr>\n<td>N\u00b0 DE CR\u00c9DITOS<\/td>\n<td>107<\/td>\n<\/tr>\n\t\t<tr>\n<td>N\u00daMERO DE CUPOS:<\/td>\n<td>2<\/td>\n<\/tr>\n\t\t<tr>\n<td>REQUISITO:<\/td>\n<td>V\u00c1LIDO PARA OFTALM\u00d3LOGOS GRADUADOS<\/td>\n<\/tr>\n\t<tr>\n<td>VALOR MATRICULA TOTAL<\/td>\n<td>$163.213.770 + 1% Valor Estampilla Distrital Procultura<\/td>\n<\/tr>\n<\/tbody>\n<\/table><\/div><\/div><div id=\"panel-67019-2-0-2\" class=\"so-panel widget widget_tab\" data-index=\"5\" ><div class=\"thim-widget-tab thim-widget-tab-base template-base\"><ul class=\"nav nav-tabs\" role=\"tablist\"><li role=\"presentation\" class='active tab-col-5'><a href=\"#thim-widget-tab-11778521355-1-2\"  role=\"tab\" data-toggle=\"tab\">Proceso de Inscripci\u00f3n<\/a><\/li><li role=\"presentation\" class='tab-col-5'><a href=\"#thim-widget-tab-21778521355-1-2\"  role=\"tab\" data-toggle=\"tab\">Registration requirements<\/a><\/li><li role=\"presentation\" class='tab-col-5'><a href=\"#thim-widget-tab-31778521355-1-2\"  role=\"tab\" data-toggle=\"tab\">Requisitos para Seleccionados<\/a><\/li><li role=\"presentation\" class='tab-col-5'><a href=\"#thim-widget-tab-41778521355-1-2\"  role=\"tab\" data-toggle=\"tab\">Proceso de Matr\u00edcula<\/a><\/li><li role=\"presentation\" class='tab-col-5'><a href=\"#thim-widget-tab-51778521355-1-2\"  role=\"tab\" data-toggle=\"tab\">Par\u00e1metros de selecci\u00f3n <\/a><\/li><\/ul><div class=\"tab-content\"> <div role=\"tabpanel\" class=\"tab-pane active\" id=\"thim-widget-tab-11778521355-1-2\"><h3>Para realizar la inscripci\u00f3n, ingrese a la plataforma Elysa a trav\u00e9s del enlace de la p\u00e1gina web<\/h3>\n<h3><a href=\"http:\/\/elysa.unisinu.edu.co\/psc\/csadm\/EMPLOYEE\/HRMS\/c\/UA_FRM_ADMISION_MNU.UA_ADMISION_LOGIN.GBL?&amp;userid=US_FRMLRADMSN_NV&amp;pwd=Vp@+3mq0o&amp;languageCd=ESP&amp;\">INSCRIPCIONES POSGRADOS O CLIC AQU\u00cd<\/a><\/h3>\n\n<ul>\n  <li>El aspirante, al momento de inscribirse, debe verificar que cuenta con toda la documentaci\u00f3n solicitada. Tenga en cuenta que el examen de admisi\u00f3n se realiza en una sola franja de tiempo; por ello, se recomienda inscribirse en un (1) solo programa acad\u00e9mico de especializaci\u00f3n, a fin de poder presentar el examen dentro del tiempo dispuesto por la Universidad. En caso de inscribirse en m\u00e1s de un programa, no habr\u00e1 derecho a devoluci\u00f3n de dinero por este concepto.<\/li>\n  <li>Diligencie el formulario de inscripci\u00f3n.<\/li>\n  <li>Imprima el volante de inscripci\u00f3n y cancele el valor correspondiente en el banco indicado o a trav\u00e9s de la plataforma, antes de la fecha de vencimiento.<\/li>\n  <li>Verifique que los documentos aportados correspondan a los solicitados en los requisitos de inscripci\u00f3n.<\/li>\n  <li>Suba a la plataforma los documentos requeridos, ingresando al formulario de inscripci\u00f3n, paso No. 5. Si presenta alguna dificultad, escriba al correo: mercadeoposgrado@unisinucartagena.edu.co<\/strong><\/li>\n  <li>Si sus documentos cumplen con los requisitos de inscripci\u00f3n, recibir\u00e1 notificaci\u00f3n de aprobado; en caso contrario, recibir\u00e1 notificaci\u00f3n de rechazado y podr\u00e1, dentro de las fechas establecidas, subsanar lo requerido.<\/li>\n\n<\/ul>\n\n<p><strong>Important:<\/strong> Para asegurar una <strong>inscripci\u00f3n exitosa<\/strong>, verifique que la documentaci\u00f3n est\u00e9 completa antes de finalizar el proceso. Una vez que el per\u00edodo de inscripciones haya finalizado, no podr\u00e1 cargar documentos adicionales en la plataforma. Es fundamental subir todos los documentos requeridos antes de la fecha de cierre, ya que posteriormente no ser\u00e1 posible agregar ni modificar informaci\u00f3n.<\/p><\/div> <div role=\"tabpanel\" class=\"tab-pane\" id=\"thim-widget-tab-21778521355-1-2\"><h3>REGISTRATION REQUIREMENTS<\/h3>\n\n<ul><strong>Importante: Todos los documentos deben ser cargados al sistema de informaci\u00f3n a trav\u00e9s del formulario de Inscripci\u00f3n PASO 5, por el interesado en formato PDF<\/strong><\/ul>\n\n<ul>\n\t\n \t<li>Formulario de inscripci\u00f3n debidamente diligenciado, firmado y con las fotos pegadas en el recuadro correspondiente.<\/li>\n \t<li>Proof of payment for registration fee.<\/li>\n \t<li>Fotocopia del acta de grado y del diploma de Especialista en Oftalmolog\u00eda de una Instituci\u00f3n de Educaci\u00f3n Superior aprobada por el MEN.<\/li>\n        <li>Registro \u00danico Nacional del Talento Humano en Salud (RETHUS) para los t\u00edtulos de medicina y oftalmolog\u00eda.<\/li>\n \t<li>3 fotos 3x3, en blanco y negro (pegadas en los recuadros del formulario de inscripci\u00f3n).<\/li>\n \t<li>Fotocopia de la c\u00e9dula ampliada a 150%.<\/li>\n \t<li>Hoja de vida con sus respectivos soportes relacionados en ella.<\/li>\n \n<\/ul>\n<strong>*<\/strong>\u00a0No aplica para extranjeros.<br>\n\n<h3>ADDITIONAL DOCUMENTS FOREIGN APPLICANTS<\/h3>\n<ul>\n\n \t<li>Photocopy of the passport.<\/li>\n \t<li>Undergraduate degree or its equivalent that accredits you as a professional must be validated by the Ministry of National Education of Colombia. All documents that are not in Spanish must be translated.<\/li>\n \t<li>Los certificados y el diploma deben contar con el sello de apostilla Ministerio de Exterior o Entidad encargada de este tr\u00e1mite en el pa\u00eds de origen.<\/li>\n<\/ul><\/div> <div role=\"tabpanel\" class=\"tab-pane\" id=\"thim-widget-tab-31778521355-1-2\"><h3>REQUISITOS PARA SELECCIONADOS A ENTREVISTA<\/h3>\nLos aspirantes seleccionados a entrevistas deber\u00e1n enviar resultados de los siguientes ex\u00e1menes:\n<ul>\n\n \t<li>Campimetr\u00eda, Agudeza visual sin correcci\u00f3n y con ella, estereopsis, examen de discriminaci\u00f3n de colores y Motricidad fina.<\/li>\n \t\n<\/ul>\n<strong>IMPORTANTE: El costo de estos ex\u00e1menes ser\u00e1 asumido por los seleccionados a Entrevistas.<\/strong>\n<br>\n<strong>Los anteriores documentos deben ser enviados al correo: posgradosinscripcionesunisinu@unisinucartagena.edu.co<\/strong><\/div> <div role=\"tabpanel\" class=\"tab-pane\" id=\"thim-widget-tab-41778521355-1-2\"><h3>ENTREGA DE DOCUMENTACI\u00d3N REQUERIDA PARA LA MATR\u00cdCULA<\/h3>\n<h3>En la Oficina de Admisiones, Sede Campus Santillana Av. El Bosque, Trasnv. 54 N\u00ba 30-453<\/h3>\n<ul>\n \t<li>Fotocopia del Recibo de Matr\u00edcula cancelado.<\/li>\n        <li>Certificado de Vacunaci\u00f3n (Hepatitis B, T\u00e9tano y Meningococo).<\/li>\n        <li> Afiliaci\u00f3n vigente al SGSSS.<\/li>\n \t\n<\/ul>\n\n<h3>REQUIRED ADDITIONAL DOCUMENTATION REGISTRATION FOR FOREIGNERS<\/h3>\n\n\n\n\n\n<ul>\n\n \t<li>Fotocopia c\u00e9dula de extranjer\u00eda vigente.<\/li>\n \t<li>Fotocopia de la visa de estudiante vigente.<\/li>\n \t<li>Fotocopia del Recibo de Matr\u00edcula cancelado.<\/li>\n        <li>Certificado de Vacunaci\u00f3n (Hepatitis B, T\u00e9tano y Meningococo).<\/li>\n        <li> Afiliaci\u00f3n vigente al SGSSS.<\/li>\n \t\n<\/ul>\n\n\n<strong>\u00a1Nota Importante! Los documentos exigidos para la Inscripci\u00f3n deben ser presentados a la Oficina de Admisiones, ubicada en la Sede Campus Santillana Av. El Bosque, Trasnv. 54 N\u00ba 30-453\n<\/strong><\/div> <div role=\"tabpanel\" class=\"tab-pane\" id=\"thim-widget-tab-51778521355-1-2\"><h3>SELECTION PARAMETERS<\/h3>\n<br>\n\n<ul>\n  <li><strong>Examen de Admisi\u00f3n:<\/strong> 60%<\/li>\n  <li><strong>Interview:<\/strong> 10%<\/li>\n  <ul>\n    <li>Concepto Mesa de Entrevistadores: 5%<\/li>\n    <li>Pruebas de Lecto-escritura y Pruebas Psicot\u00e9cnicas: 5%<\/li>\n  <\/ul>\n  <li><strong>Comit\u00e9 de Admisiones:<\/strong> 30%<\/li>\n<\/ul>\n\n<p>El Comit\u00e9 de Admisiones recibir\u00e1 los resultados y los analizar\u00e1 junto con la hoja de vida, llegando a un consenso para definir los admitidos.<\/p><\/div><\/div><\/div><\/div><div id=\"panel-67019-2-0-3\" class=\"so-panel widget widget_text\" data-index=\"6\" ><h3 class=\"widget-title\">Study plan<\/h3>\t\t\t<div class=\"textwidget\"><\/div>\n\t\t<\/div><div id=\"panel-67019-2-0-4\" class=\"so-panel widget widget_tab panel-last-child\" data-index=\"7\" ><div class=\"thim-widget-tab thim-widget-tab-base template-base\"><ul class=\"nav nav-tabs\" role=\"tablist\"><li role=\"presentation\" class='active tab-col-2'><a href=\"#thim-widget-tab-11778521355-1-95\"  role=\"tab\" data-toggle=\"tab\">1st year<\/a><\/li><li role=\"presentation\" class='tab-col-2'><a href=\"#thim-widget-tab-21778521355-1-95\"  role=\"tab\" data-toggle=\"tab\">2nd year<\/a><\/li><\/ul><div class=\"tab-content\"> <div role=\"tabpanel\" class=\"tab-pane active\" id=\"thim-widget-tab-11778521355-1-95\"><table border=\"1\">\n<thead>\n<tr>\n<th colspan=\"4\" style=\"background-color: #cccccc\">subjects<\/th>\n<\/tr>\n<\/thead>\n<tbody>\n<tr>\n<td><strong>Patolog\u00edas de la c\u00f3rnea<\/strong><\/td>\n<td><strong>Catarata y alternativas quir\u00fargicas<\/strong><\/td>\n<td><strong>Principios y an\u00e1lisis diagn\u00f3sticos de segmento anterior<\/strong><\/td>\n<td><strong>Errores refractivos y t\u00e9cnicas quir\u00fargicas de correcci\u00f3n<\/strong><\/td>\n<\/tr>\n<tr>\n<td><strong>bioethics <\/strong><\/td>\n<td><strong>Elias Bechara Chair<\/strong><\/td>\n<td><strong>Implicaciones M\u00e9dico Legales en salud <\/strong><\/td>\n<td><strong>Investigaci\u00f3n aplicada I<\/strong><\/td>\n<\/tr>\n<\/tbody>\n<\/table><\/div> <div role=\"tabpanel\" class=\"tab-pane\" id=\"thim-widget-tab-21778521355-1-95\"><table border=\"1\">\n<thead>\n<tr>\n<th colspan=\"3\" style=\"background-color: #cccccc\">subjects<\/th>\n<\/tr>\n<\/thead>\n<tbody>\n<tr>\n<td><strong>Patolog\u00edas inflamatorias del segmento anterior<\/strong><\/td>\n<td><strong>Evaluaci\u00f3n y seguimiento de las complicaciones de la cirug\u00eda de segmento anterior<\/strong><\/td>\n<td><strong>Diagn\u00f3stico y manejo de patolog\u00eda de superficie ocular y c\u00f3rnea<\/strong><\/td>\n<\/tr>\n<tr>\n<td><strong>Electiva (Glaucoma o Retina y vitreo)<\/strong><\/td>\n<td><strong>Investigaci\u00f3n aplicada II<\/strong><\/td>\n<td><strong> <\/strong><\/td>\n\n<\/tr>\n<\/tbody>\n<\/table><\/div><\/div><\/div><\/div><\/div><\/div><div id=\"pg-67019-3\"  class=\"panel-grid panel-no-style\" ><div id=\"pgc-67019-3-0\"  class=\"panel-grid-cell\" ><div id=\"panel-67019-3-0-0\" class=\"widget_text so-panel widget widget_custom_html panel-first-child panel-last-child\" data-index=\"8\" ><div class=\"textwidget custom-html-widget\"><center><h3>\n\t<a href=\"https:\/\/unisinucartagena.edu.co\/wp-content\/uploads\/2026\/05\/BROCHURE-SEGMENTO_compressed.pdf\" target=\"_blank\">Download Information Booklet<\/a>\n<\/h3><\/center>\n<div class=\"_3d-flip-book  fb3d-fullscreen-mode full-size\" data-id=\"67024\" data-mode=\"fullscreen\" data-title=\"false\" data-template=\"short-white-book-view\" data-lightbox=\"dark-shadow\" data-urlparam=\"fb3d-page\" data-page-n=\"0\" data-pdf=\"\" data-tax=\"null\" data-thumbnail=\"\" data-cols=\"3\" data-book-template=\"default\" data-trigger=\"\"><\/div><script type=\"text\/javascript\">window.FB3D_CLIENT_DATA = window.FB3D_CLIENT_DATA || [];FB3D_CLIENT_DATA.push('eyJwb3N0cyI6eyI2NzAyNCI6eyJJRCI6NjcwMjQsInRpdGxlIjoiRXNwZWNpYWxpemFjaVx1MDBmM24gZW4gRU4gU0VHTUVOVE8gQU5URVJJT1IgWSBDT1JORUEiLCJ0eXBlIjoicGRmIiwicmVhZHlfZnVuY3Rpb24iOiIiLCJib29rX3N0eWxlIjoiZmxhdCIsImJvb2tfdGVtcGxhdGUiOiJub25lIiwib3V0bGluZSI6W10sImRhdGEiOnsicG9zdF9JRCI6Ii0xIiwiZ3VpZCI6Imh0dHBzOlwvXC91bmlzaW51Y2FydGFnZW5hLmVkdS5jb1wvd3AtY29udGVudFwvdXBsb2Fkc1wvMjAyNlwvMDVcL0JST0NIVVJFLVNFR01FTlRPX2NvbXByZXNzZWQucGRmIiwicGRmX3BhZ2VzIjoiNiIsInBhZ2VzX2N1c3RvbWl6YXRpb24iOiJub25lIn0sInRodW1ibmFpbCI6eyJkYXRhIjp7InBvc3RfSUQiOiIwIn0sInR5cGUiOiJhdXRvIn0sInByb3BzIjp7ImJhY2tncm91bmRDb2xvciI6ImF1dG8iLCJiYWNrZ3JvdW5kSW1hZ2UiOiJhdXRvIiwiYmFja2dyb3VuZFN0eWxlIjoiYXV0byIsImhpZ2hsaWdodExpbmtzIjoiYXV0byIsImxpZ2h0aW5nIjoiYXV0byIsInNpbmdsZVBhZ2VNb2RlIjoiYXV0byIsImNhY2hlZFBhZ2VzIjoiYXV0byIsInJlbmRlckluYWN0aXZlUGFnZXMiOiJhdXRvIiwicmVuZGVySW5hY3RpdmVQYWdlc09uTW9iaWxlIjoiYXV0byIsInJlbmRlcldoaWxlRmxpcHBpbmciOiJhdXRvIiwicHJlbG9hZFBhZ2VzIjoiYXV0byIsImF1dG9QbGF5RHVyYXRpb24iOiJhdXRvIiwicnRsIjoiYXV0byIsImludGVyYWN0aXZlQ29ybmVycyI6ImF1dG8iLCJtYXhEZXB0aCI6ImF1dG8iLCJzaGVldCI6eyJzdGFydFZlbG9jaXR5IjoiYXV0byIsIndhdmUiOiJhdXRvIiwic2hhcGUiOiJhdXRvIiwid2lkdGhUZXhlbHMiOiJhdXRvIiwiY29sb3IiOiJhdXRvIiwic2lkZSI6ImF1dG8iLCJzdHJldGNoSW1hZ2VzIjoiYXV0byIsImNvcm5lckRldmlhdGlvbiI6ImF1dG8iLCJmbGV4aWJpbGl0eSI6ImF1dG8iLCJmbGV4aWJsZUNvcm5lciI6ImF1dG8iLCJiZW5kaW5nIjoiYXV0byIsImhlaWdodFRleGVscyI6ImF1dG8ifSwiY292ZXIiOnsid2F2ZSI6ImF1dG8iLCJjb2xvciI6ImF1dG8iLCJzaWRlIjoiYXV0byIsInN0cmV0Y2hJbWFnZXMiOiJhdXRvIiwiYmluZGVyVGV4dHVyZSI6ImF1dG8iLCJkZXB0aCI6ImF1dG8iLCJwYWRkaW5nIjoiYXV0byIsInN0YXJ0VmVsb2NpdHkiOiJhdXRvIiwiZmxleGliaWxpdHkiOiJhdXRvIiwiZmxleGlibGVDb3JuZXIiOiJhdXRvIiwiYmVuZGluZyI6ImF1dG8iLCJ3aWR0aFRleGVscyI6ImF1dG8iLCJoZWlnaHRUZXhlbHMiOiJhdXRvIiwibWFzcyI6ImF1dG8iLCJzaGFwZSI6ImF1dG8ifSwicGFnZSI6eyJ3YXZlIjoiYXV0byIsImNvbG9yIjoiYXV0byIsInNpZGUiOiJhdXRvIiwic3RyZXRjaEltYWdlcyI6ImF1dG8iLCJkZXB0aCI6ImF1dG8iLCJzdGFydFZlbG9jaXR5IjoiYXV0byIsImZsZXhpYmlsaXR5IjoiYXV0byIsImZsZXhpYmxlQ29ybmVyIjoiYXV0byIsImJlbmRpbmciOiJhdXRvIiwid2lkdGhUZXhlbHMiOiJhdXRvIiwiaGVpZ2h0VGV4ZWxzIjoiYXV0byIsIm1hc3MiOiJhdXRvIiwic2hhcGUiOiJhdXRvIn0sImhlaWdodCI6ImF1dG8iLCJ3aWR0aCI6ImF1dG8iLCJncmF2aXR5IjoiYXV0byIsInBhZ2VzRm9yUHJlZGljdGluZyI6ImF1dG8ifSwiY29udHJvbFByb3BzIjp7ImFjdGlvbnMiOnsiY21kVG9jIjp7ImVuYWJsZWQiOiJhdXRvIiwiZW5hYmxlZEluTmFycm93IjoiYXV0byIsImFjdGl2ZSI6ImF1dG8iLCJkZWZhdWx0VGFiIjoiYXV0byJ9LCJjbWRBdXRvUGxheSI6eyJlbmFibGVkIjoiYXV0byIsImVuYWJsZWRJbk5hcnJvdyI6ImF1dG8iLCJhY3RpdmUiOiJhdXRvIn0sImNtZFNhdmUiOnsiZW5hYmxlZCI6ImF1dG8iLCJlbmFibGVkSW5OYXJyb3ciOiJhdXRvIn0sImNtZFByaW50Ijp7ImVuYWJsZWQiOiJhdXRvIiwiZW5hYmxlZEluTmFycm93IjoiYXV0byJ9LCJjbWRTaW5nbGVQYWdlIjp7ImVuYWJsZWQiOiJhdXRvIiwiZW5hYmxlZEluTmFycm93IjoiYXV0byIsImFjdGl2ZSI6ImF1dG8iLCJhY3RpdmVGb3JNb2JpbGUiOiJhdXRvIn0sIndpZFRvb2xiYXIiOnsiZW5hYmxlZCI6ImF1dG8iLCJlbmFibGVkSW5OYXJyb3ciOiJhdXRvIn19fSwiYXV0b1RodW1ibmFpbCI6Imh0dHBzOlwvXC91bmlzaW51Y2FydGFnZW5hLmVkdS5jb1wvd3AtY29udGVudFwvdXBsb2Fkc1wvM2QtZmxpcC1ib29rXC9hdXRvLXRodW1ibmFpbHNcLzY3MDI0LnBuZyIsInBvc3RfbmFtZSI6ImVzcGVjaWFsaXphY2lvbi1lbi1lbi1zZWdtZW50by1hbnRlcmlvci15LWNvcm5lYSIsInBvc3RfdHlwZSI6IjNkLWZsaXAtYm9vayJ9fSwicGFnZXMiOltdLCJmaXJzdFBhZ2VzIjpbXX0=');window.FB3D_CLIENT_LOCALE && FB3D_CLIENT_LOCALE.render && FB3D_CLIENT_LOCALE.render();<\/script>\n<\/div><\/div><\/div><\/div><\/div>","protected":false},"excerpt":{"rendered":"<p>Registro Calificado MEN: Resoluci\u00f3n\u00a0 016405 del 31 de Julio de 2025, Fecha de vencimiento del Registro Calificado: 31 de Julio de 2032<\/p>","protected":false},"author":1,"featured_media":0,"parent":0,"menu_order":0,"comment_status":"closed","ping_status":"open","template":"","meta":{"_acf_changed":false,"_bbp_topic_count":0,"_bbp_reply_count":0,"_bbp_total_topic_count":0,"_bbp_total_reply_count":0,"_bbp_voice_count":0,"_bbp_anonymous_reply_count":0,"_bbp_topic_count_hidden":0,"_bbp_reply_count_hidden":0,"_bbp_forum_subforum_count":0,"_monsterinsights_skip_tracking":false,"_monsterinsights_sitenote_active":false,"_monsterinsights_sitenote_note":"","_monsterinsights_sitenote_category":0,"footnotes":""},"class_list":["post-67019","page","type-page","status-publish","hentry"],"acf":[],"aioseo_notices":[],"_links":{"self":[{"href":"https:\/\/unisinucartagena.edu.co\/en\/wp-json\/wp\/v2\/pages\/67019","targetHints":{"allow":["GET"]}}],"collection":[{"href":"https:\/\/unisinucartagena.edu.co\/en\/wp-json\/wp\/v2\/pages"}],"about":[{"href":"https:\/\/unisinucartagena.edu.co\/en\/wp-json\/wp\/v2\/types\/page"}],"author":[{"embeddable":true,"href":"https:\/\/unisinucartagena.edu.co\/en\/wp-json\/wp\/v2\/users\/1"}],"replies":[{"embeddable":true,"href":"https:\/\/unisinucartagena.edu.co\/en\/wp-json\/wp\/v2\/comments?post=67019"}],"version-history":[{"count":29,"href":"https:\/\/unisinucartagena.edu.co\/en\/wp-json\/wp\/v2\/pages\/67019\/revisions"}],"predecessor-version":[{"id":67771,"href":"https:\/\/unisinucartagena.edu.co\/en\/wp-json\/wp\/v2\/pages\/67019\/revisions\/67771"}],"wp:attachment":[{"href":"https:\/\/unisinucartagena.edu.co\/en\/wp-json\/wp\/v2\/media?parent=67019"}],"curies":[{"name":"wp","href":"https:\/\/api.w.org\/{rel}","templated":true}]}}