{"id":62920,"date":"2025-06-18T08:37:37","date_gmt":"2025-06-18T13:37:37","guid":{"rendered":"https:\/\/unisinucartagena.edu.co\/?page_id=62920"},"modified":"2025-06-19T12:42:14","modified_gmt":"2025-06-19T17:42:14","slug":"numeros-de-clases-2025-2p","status":"publish","type":"page","link":"https:\/\/unisinucartagena.edu.co\/en\/numeros-de-clases-2025-2p\/","title":{"rendered":"N\u00daMEROS DE CLASES &#8211; 2025-2P"},"content":{"rendered":"<div data-vc-full-width=\"true\" data-vc-full-width-init=\"false\" data-vc-stretch-content=\"true\" class=\"vc_row wpb_row vc_row-fluid vc_row-no-padding\"><div class=\"wpb_column vc_column_container vc_col-sm-12\"><div class=\"vc_column-inner\"><div class=\"wpb_wrapper\">\n\t\t\t<!-- START Numeros de Clases REVOLUTION SLIDER 6.7.0 --><p class=\"rs-p-wp-fix\"><\/p>\n\t\t\t<rs-module-wrap id=\"rev_slider_75_1_wrapper\" data-source=\"gallery\" style=\"visibility:hidden;background:transparent;padding:0;margin:0px auto;margin-top:0;margin-bottom:0;\">\n\t\t\t\t<rs-module id=\"rev_slider_75_1\" style=\"\" data-version=\"6.7.0\">\n\t\t\t\t\t<rs-slides style=\"overflow: hidden; position: absolute;\">\n\t\t\t\t\t\t<rs-slide style=\"position: absolute;\" data-key=\"rs-295\" data-title=\"Slide\" data-anim=\"adpr:false;ms:600;\" data-in=\"o:0;\" data-out=\"a:false;\">\n\t\t\t\t\t\t\t<img data-recalc-dims=\"1\" fetchpriority=\"high\" decoding=\"async\" src=\"https:\/\/i0.wp.com\/unisinucartagena.edu.co\/wp-content\/plugins\/revslider\/sr6\/assets\/assets\/dummy.png?resize=640%2C202\" alt=\"\" title=\"DSC_0445-02\" width=\"640\" height=\"202\" class=\"rev-slidebg tp-rs-img rs-lazyload\" data-lazyload=\"\/\/unisinucartagena.edu.co\/wp-content\/uploads\/2020\/05\/DSC_0445-02-scaled.jpg\" data-parallax=\"off\" data-no-retina>\n<!--\n\t\t\t\t\t\t\t--><rs-layer\n\t\t\t\t\t\t\t\tid=\"slider-75-slide-295-layer-7\" \n\t\t\t\t\t\t\t\tdata-type=\"text\"\n\t\t\t\t\t\t\t\tdata-color=\"#fff\"\n\t\t\t\t\t\t\t\tdata-rsp_ch=\"on\"\n\t\t\t\t\t\t\t\tdata-xy=\"x:c;xo:15px;yo:253px;\"\n\t\t\t\t\t\t\t\tdata-text=\"w:normal;s:73;l:106;ls:-3px;fw:700;a:center;\"\n\t\t\t\t\t\t\t\tdata-dim=\"minh:0,none,0,0;\"\n\t\t\t\t\t\t\t\tdata-ford=\"frame_0;frame_1;frame_2;frame_999;\"\n\t\t\t\t\t\t\t\tdata-frame_1=\"e:power4.inOut;sp:1500;\"\n\t\t\t\t\t\t\t\tdata-frame_999=\"o:0;st:w;\"\n\t\t\t\t\t\t\t\tdata-frame_2=\"tp:600px;st:400;sp:400;\"\n\t\t\t\t\t\t\t\tstyle=\"z-index:9;font-family:'Poppins';\"\n\t\t\t\t\t\t\t>PARTIAL CALENDAR <br>SEGUNDO CORTE CICLO 2661 \n\t\t\t\t\t\t\t<\/rs-layer><!--\n-->\t\t\t\t\t<\/rs-slide>\n\t\t\t\t\t<\/rs-slides>\n\t\t\t\t<\/rs-module>\n\t\t\t\t<script>\n\t\t\t\t\tsetREVStartSize({c: 'rev_slider_75_1',rl:[1240,1024,1024,1024],el:[600,600,600,600],gw:[1900,1900,1900,1900],gh:[600,600,600,600],type:'standard',justify:'',layout:'fullwidth',mh:\"0\"});if (window.RS_MODULES!==undefined && window.RS_MODULES.modules!==undefined && window.RS_MODULES.modules[\"revslider751\"]!==undefined) {window.RS_MODULES.modules[\"revslider751\"].once = false;window.revapi75 = undefined;if (window.RS_MODULES.checkMinimal!==undefined) window.RS_MODULES.checkMinimal()}\n\t\t\t\t<\/script>\n\t\t\t<\/rs-module-wrap>\n\t\t\t<!-- END REVOLUTION SLIDER -->\n<div class=\"vc_empty_space\"   style=\"height: 32px\"><span class=\"vc_empty_space_inner\"><\/span><\/div><div class=\"vc_empty_space\"   style=\"height: 32px\"><span class=\"vc_empty_space_inner\"><\/span><\/div><\/div><\/div><\/div><\/div><div class=\"vc_row-full-width vc_clearfix\"><\/div><div class=\"vc_row wpb_row vc_row-fluid\"><div class=\"wpb_column vc_column_container vc_col-sm-12\"><div class=\"vc_column-inner\"><div class=\"wpb_wrapper\"><div class=\"vc_row wpb_row vc_inner vc_row-fluid\"><div class=\"wpb_column vc_column_container vc_col-sm-12\"><div class=\"vc_column-inner\"><div class=\"wpb_wrapper\">\n\t<div class=\"wpb_text_column wpb_content_element\" >\n\t\t<div class=\"wpb_wrapper\">\n\t\t\t<p style=\"text-align: center;\"><span style=\"font-size: 24px;\"><b>ENABLING OF THE ELYSA PLATFORM <\/b><\/span><\/p>\n<p style=\"text-align: center;\"><span style=\"font-size: 24px;\"><b>FOR COURSE REGISTRATION<\/b><\/span><\/p>\n\n\t\t<\/div>\n\t<\/div>\n<\/div><\/div><\/div><\/div><div class=\"vc_row wpb_row vc_inner vc_row-fluid\"><div class=\"wpb_column vc_column_container vc_col-sm-6\"><div class=\"vc_column-inner\"><div class=\"wpb_wrapper\"><div class=\"vc_separator wpb_content_element vc_separator_align_center vc_sep_width_100 vc_sep_border_width_10 vc_sep_pos_align_center vc_separator_no_text vc_sep_color_white\" ><span class=\"vc_sep_holder vc_sep_holder_l\"><span  class=\"vc_sep_line\"><\/span><\/span><span class=\"vc_sep_holder vc_sep_holder_r\"><span  class=\"vc_sep_line\"><\/span><\/span>\n<\/div><div class=\"vc_separator wpb_content_element vc_separator_align_center vc_sep_width_100 vc_sep_border_width_10 vc_sep_pos_align_center vc_separator_no_text vc_sep_color_white\" ><span class=\"vc_sep_holder vc_sep_holder_l\"><span  class=\"vc_sep_line\"><\/span><\/span><span class=\"vc_sep_holder vc_sep_holder_r\"><span  class=\"vc_sep_line\"><\/span><\/span>\n<\/div><div class=\"vc_separator wpb_content_element vc_separator_align_center vc_sep_width_100 vc_sep_border_width_10 vc_sep_pos_align_center vc_separator_no_text vc_sep_color_white\" ><span class=\"vc_sep_holder vc_sep_holder_l\"><span  class=\"vc_sep_line\"><\/span><\/span><span class=\"vc_sep_holder vc_sep_holder_r\"><span  class=\"vc_sep_line\"><\/span><\/span>\n<\/div>\n\t<div class=\"wpb_video_widget wpb_content_element vc_clearfix   vc_video-aspect-ratio-169 vc_video-el-width-90 vc_video-align-center\" >\n\t\t<div class=\"wpb_wrapper\">\n\t\t\t\n\t\t\t<div class=\"wpb_video_wrapper\"><iframe title=\"Elysa - How to enter the platform\" width=\"640\" height=\"360\" src=\"https:\/\/www.youtube.com\/embed\/XBOBsIV-sBw?feature=oembed\" frameborder=\"0\" allow=\"accelerometer; autoplay; clipboard-write; encrypted-media; gyroscope; picture-in-picture; web-share\" referrerpolicy=\"strict-origin-when-cross-origin\" allowfullscreen><\/iframe><\/div>\n\t\t<\/div>\n\t<\/div>\n<div class=\"vc_separator wpb_content_element vc_separator_align_center vc_sep_width_100 vc_sep_border_width_10 vc_sep_pos_align_center vc_separator_no_text vc_sep_color_white\" ><span class=\"vc_sep_holder vc_sep_holder_l\"><span  class=\"vc_sep_line\"><\/span><\/span><span class=\"vc_sep_holder vc_sep_holder_r\"><span  class=\"vc_sep_line\"><\/span><\/span>\n<\/div><div class=\"vc_separator wpb_content_element vc_separator_align_center vc_sep_width_100 vc_sep_border_width_10 vc_sep_pos_align_center vc_separator_no_text vc_sep_color_white\" ><span class=\"vc_sep_holder vc_sep_holder_l\"><span  class=\"vc_sep_line\"><\/span><\/span><span class=\"vc_sep_holder vc_sep_holder_r\"><span  class=\"vc_sep_line\"><\/span><\/span>\n<\/div><\/div><\/div><\/div><div class=\"wpb_column vc_column_container vc_col-sm-6\"><div class=\"vc_column-inner\"><div class=\"wpb_wrapper\">\n\t<div class=\"wpb_text_column wpb_content_element\" >\n\t\t<div class=\"wpb_wrapper\">\n\t\t\t<div class=\"gmail_default\" style=\"text-align: center;\">\n<p><strong>INSCRIPCI\u00d3N DE N\u00daMERO DE CLASES:<\/strong> Del 19 al 26 de junio de 2025<\/p>\n<p><strong>GENERATION OF INVOICES: <\/strong>Desde el 20 de junio de 2025<\/p>\n<\/div>\n<div>\n<div dir=\"ltr\" data-smartmail=\"gmail_signature\">\n<div dir=\"ltr\">\n<div dir=\"ltr\">\n<div dir=\"ltr\">\n<div dir=\"ltr\" style=\"text-align: center;\">\n<div class=\"gmail_default\"><\/div>\n<div class=\"gmail_default\"><b><b><br \/>\n<\/b><\/b><strong>SCHEDULE<\/strong><\/div>\n<div class=\"gmail_default\"><b>Monday to Friday\u00a0<\/b><\/div>\n<div class=\"gmail_default\">\n<p>Generaci\u00f3n de Factura:\u00a0 9:30 am a 10:30 am\u00a0*<br \/>\nInscripci\u00f3n de Cursos: 10:30 am a 1:00 pm<br \/>\nGeneraci\u00f3n de Facturas: 1:00 pm a 2:00 pm<br \/>\nCourse Registration: 2:00pm to 8:00am<\/p>\n<\/div>\n<div class=\"gmail_default\"><b>Saturdays<\/b><\/div>\n<div class=\"gmail_default\">\n<p>Generaci\u00f3n de Factura:\u00a0 8:00 am a 9:00 am\u00a0*<br \/>\nInscripci\u00f3n de Cursos: 9:00 am hasta 8:00 am del d\u00eda siguiente h\u00e1bil<\/p>\n<\/div>\n<div class=\"gmail_default\">\n<div><\/div>\n<div class=\"gmail_default\"><\/div>\n<\/div>\n<div class=\"gmail_default\"><b><span style=\"font-size: large;\">* Pasada esta hora, <strong>pueden ingresar a su autoservicio y descargar el volante de pago de matr\u00edcula<\/strong>.<\/span><\/b><\/div>\n<\/div>\n<div dir=\"ltr\" style=\"text-align: center;\">\n<div class=\"gmail_default\">\n<p>&nbsp;<\/p>\n<\/div>\n<\/div>\n<div class=\"gmail_default\"><\/div>\n<div dir=\"ltr\" style=\"text-align: center;\">\n<div class=\"gmail_default\"><b>PAGO EN BANCOS:\u00a0 OCCIDENTE, BANCOLOMBIA Y CORRESPONSALES BANCOLOMBIA<\/b><\/div>\n<div class=\"gmail_default\"><b>PAGO EN L\u00cdNEA: A<strong>\u00a0trav\u00e9s de la plataforma Elysa<\/strong><\/b><\/div>\n<\/div>\n<\/div>\n<\/div>\n<div dir=\"ltr\">\n<div dir=\"ltr\">\n<div dir=\"ltr\" style=\"text-align: center;\"><\/div>\n<\/div>\n<\/div>\n<\/div>\n<\/div>\n<\/div>\n\n\t\t<\/div>\n\t<\/div>\n<\/div><\/div><\/div><\/div><div class=\"vc_tta-container\" data-vc-action=\"collapseAll\"><div class=\"vc_general vc_tta vc_tta-accordion vc_tta-color-blue vc_tta-style-classic vc_tta-shape-rounded vc_tta-o-shape-group vc_tta-controls-align-left vc_tta-o-all-clickable\"><div class=\"vc_tta-panels-container\"><div class=\"vc_tta-panels\"><div class=\"vc_tta-panel\" id=\"1671056154108-d705ec6b-6e1d\" data-vc-content=\".vc_tta-panel-body\"><div class=\"vc_tta-panel-heading\"><h4 class=\"vc_tta-panel-title vc_tta-controls-icon-position-left\"><a href=\"#1671056154108-d705ec6b-6e1d\" data-vc-accordion data-vc-container=\".vc_tta-container\"><i class=\"vc_tta-icon fas fa-book\"><\/i><span class=\"vc_tta-title-text\">TALLER DE METODOLOG\u00cdA DEL APRENDIZAJE<\/span><i class=\"vc_tta-controls-icon vc_tta-controls-icon-plus\"><\/i><\/a><\/h4><\/div><div class=\"vc_tta-panel-body\">\n\t<div  class=\"wpb_single_image wpb_content_element vc_align_center\">\n\t\t\n\t\t<figure class=\"wpb_wrapper vc_figure\">\n\t\t\t<div class=\"vc_single_image-wrapper   vc_box_border_grey\"><img data-recalc-dims=\"1\" decoding=\"async\" width=\"640\" height=\"501\" src=\"https:\/\/i0.wp.com\/unisinucartagena.edu.co\/wp-content\/uploads\/2025\/06\/WhatsApp-Image-2025-06-18-at-8.23.09-AM.jpeg?resize=640%2C501&#038;ssl=1\" class=\"vc_single_image-img attachment-large\" alt=\"\" title=\"WhatsApp Image 2025-06-18 at 8.23.09 AM\" srcset=\"https:\/\/i0.wp.com\/unisinucartagena.edu.co\/wp-content\/uploads\/2025\/06\/WhatsApp-Image-2025-06-18-at-8.23.09-AM.jpeg?resize=1024%2C802&amp;ssl=1 1024w, https:\/\/i0.wp.com\/unisinucartagena.edu.co\/wp-content\/uploads\/2025\/06\/WhatsApp-Image-2025-06-18-at-8.23.09-AM.jpeg?resize=300%2C235&amp;ssl=1 300w, https:\/\/i0.wp.com\/unisinucartagena.edu.co\/wp-content\/uploads\/2025\/06\/WhatsApp-Image-2025-06-18-at-8.23.09-AM.jpeg?resize=768%2C601&amp;ssl=1 768w, https:\/\/i0.wp.com\/unisinucartagena.edu.co\/wp-content\/uploads\/2025\/06\/WhatsApp-Image-2025-06-18-at-8.23.09-AM.jpeg?resize=1536%2C1203&amp;ssl=1 1536w, https:\/\/i0.wp.com\/unisinucartagena.edu.co\/wp-content\/uploads\/2025\/06\/WhatsApp-Image-2025-06-18-at-8.23.09-AM.jpeg?resize=15%2C12&amp;ssl=1 15w, https:\/\/i0.wp.com\/unisinucartagena.edu.co\/wp-content\/uploads\/2025\/06\/WhatsApp-Image-2025-06-18-at-8.23.09-AM.jpeg?w=1600&amp;ssl=1 1600w, https:\/\/i0.wp.com\/unisinucartagena.edu.co\/wp-content\/uploads\/2025\/06\/WhatsApp-Image-2025-06-18-at-8.23.09-AM.jpeg?w=1280&amp;ssl=1 1280w\" sizes=\"(max-width: 640px) 100vw, 640px\" \/><\/div>\n\t\t<\/figure>\n\t<\/div>\n<\/div><\/div><\/div><\/div><\/div><\/div><\/div><\/div><\/div><\/div><div class=\"vc_row wpb_row vc_row-fluid\"><div class=\"wpb_column vc_column_container vc_col-sm-12\"><div class=\"vc_column-inner\"><div class=\"wpb_wrapper\"><div class=\"vc_row wpb_row vc_inner vc_row-fluid\"><div class=\"wpb_column vc_column_container vc_col-sm-12\"><div class=\"vc_column-inner\"><div class=\"wpb_wrapper\">\n\t<div class=\"wpb_text_column wpb_content_element\" >\n\t\t<div class=\"wpb_wrapper\">\n\t\t\t<p style=\"text-align: center;\"><span style=\"font-size: 24px;\"><b>NUMBERS<\/b><\/span><strong><span style=\"font-size: 18pt;\"> DE CLASES &#8211; 2025 IIP<\/span><\/strong><\/p>\n\n\t\t<\/div>\n\t<\/div>\n<\/div><\/div><\/div><\/div><\/div><\/div><\/div><\/div><div class=\"vc_row wpb_row vc_row-fluid\"><div class=\"wpb_column vc_column_container vc_col-sm-12\"><div class=\"vc_column-inner\"><div class=\"wpb_wrapper\"><div class=\"vc_btn3-container vc_btn3-left\" ><a style=\"background-color:#e00000; color:#ffffff;\" class=\"vc_general vc_btn3 vc_btn3-size-lg vc_btn3-shape-rounded vc_btn3-style-custom vc_btn3-block vc_btn3-icon-left\" href=\"https:\/\/drive.google.com\/file\/d\/1vF9eNEosE-LM7ilPk6VW13xRAlWbVDLS\/view\" title=\"\" target=\"_blank\"><i class=\"vc_btn3-icon fas fa-city\"><\/i> NUMBERS OF CLASSES IN INDUSTRIAL PRODUCTION TECHNOLOGY<\/a><\/div><div class=\"vc_btn3-container vc_btn3-left\" ><a style=\"background-color:#e00000; color:#ffffff;\" class=\"vc_general vc_btn3 vc_btn3-size-lg vc_btn3-shape-rounded vc_btn3-style-custom vc_btn3-block vc_btn3-icon-left\" href=\"https:\/\/drive.google.com\/file\/d\/13LX_zvHe7YmhAKiTBvmxr1KpkRNTTmFs\/view\" title=\"\" target=\"_blank\"><i class=\"vc_btn3-icon fas fa-hard-hat\"><\/i> NUMBERS OF CLASSES IN MECHANICAL MAINTENANCE TECHNOLOGY<\/a><\/div><div class=\"vc_btn3-container vc_btn3-left\" ><a style=\"background-color:#e00000; color:#ffffff;\" class=\"vc_general vc_btn3 vc_btn3-size-lg vc_btn3-shape-rounded vc_btn3-style-custom vc_btn3-block vc_btn3-icon-left\" href=\"https:\/\/drive.google.com\/file\/d\/1cn1l1T5PkYoOdXG1vWHm40ECPuKr2lTk\/view\" title=\"\" target=\"_blank\"><i class=\"vc_btn3-icon fas fa-hard-hat\"><\/i> CLASS NUMBERS ELECTRICAL MAINTENANCE TECHNOLOGY<\/a><\/div><div class=\"vc_btn3-container vc_btn3-left\" ><a style=\"background-color:#e00000; color:#ffffff;\" class=\"vc_general vc_btn3 vc_btn3-size-lg vc_btn3-shape-rounded vc_btn3-style-custom vc_btn3-block vc_btn3-icon-left\" href=\"https:\/\/drive.google.com\/file\/d\/1qxgimEjUf4DbvJsQv4C-x2btJ0a57fNh\/view\" title=\"\" target=\"_blank\"><i class=\"vc_btn3-icon fas fa-utensils\"><\/i> N\u00daMEROS DE CLASES TECNOLOG\u00cdA EN GESTI\u00d3N GASTRON\u00d3MICA<\/a><\/div><div class=\"vc_btn3-container vc_btn3-left\" ><a style=\"background-color:#e00000; color:#ffffff;\" class=\"vc_general vc_btn3 vc_btn3-size-lg vc_btn3-shape-rounded vc_btn3-style-custom vc_btn3-block vc_btn3-icon-left\" href=\"https:\/\/drive.google.com\/file\/d\/1xXdOwamahf6459Shq-HrYmidnGrvV0c1\/view\" title=\"\" target=\"_blank\"><i class=\"vc_btn3-icon fas fa-city\"><\/i> NUMBERS OF PROFESSIONAL TECHNICAL CLASSES IN PRODUCTION LOGISTICS<\/a><\/div><div class=\"vc_btn3-container vc_btn3-left\" ><a style=\"background-color:#e00000; color:#ffffff;\" class=\"vc_general vc_btn3 vc_btn3-size-lg vc_btn3-shape-rounded vc_btn3-style-custom vc_btn3-block vc_btn3-icon-left\" href=\"https:\/\/docs.google.com\/spreadsheets\/d\/1Ygv_Lbw7VtVoPbpxw289zN91fnYHtrzp\/edit?usp=drive_link&#038;ouid=100528057801210695805&#038;rtpof=true&#038;sd=true\" title=\"CLASS NUMBERS PSYCHOLOGY PROGRAM\" target=\"_blank\"><i class=\"vc_btn3-icon fas fa-marker\"><\/i> CLASS NUMBERS PSYCHOLOGY PROGRAM<\/a><\/div><div class=\"vc_btn3-container vc_btn3-left\" ><a style=\"background-color:#e00000; color:#ffffff;\" class=\"vc_general vc_btn3 vc_btn3-size-lg vc_btn3-shape-rounded vc_btn3-style-custom vc_btn3-block vc_btn3-icon-left\" href=\"https:\/\/drive.google.com\/file\/d\/1dEg7h_B0LxdtSiuGkJ7rYpbwY9vJQlQA\/view\" title=\"\" target=\"_blank\"><i class=\"vc_btn3-icon fas fa-utensils\"><\/i> CLASS NUMBERS GASTRONOMY PROGRAM<\/a><\/div><div class=\"vc_btn3-container vc_btn3-left\" ><a style=\"background-color:#e00000; color:#ffffff;\" class=\"vc_general vc_btn3 vc_btn3-size-lg vc_btn3-shape-rounded vc_btn3-style-custom vc_btn3-block vc_btn3-icon-left\" href=\"https:\/\/docs.google.com\/spreadsheets\/d\/1xInOeq_N-8DCNpw5s5EnTjNl0sAnubU7\/edit?usp=drive_link&#038;ouid=100528057801210695805&#038;rtpof=true&#038;sd=true\" title=\"CLASS NUMBERS OPTOMETRY PROGRAM\" target=\"_blank\"><i class=\"vc_btn3-icon fas fa-glasses\"><\/i> CLASS NUMBERS OPTOMETRY PROGRAM<\/a><\/div><div class=\"vc_btn3-container vc_btn3-left\" ><a style=\"background-color:#e00000; color:#ffffff;\" class=\"vc_general vc_btn3 vc_btn3-size-lg vc_btn3-shape-rounded vc_btn3-style-custom vc_btn3-block vc_btn3-icon-left\" href=\"https:\/\/docs.google.com\/spreadsheets\/d\/1rqRDX7bGbaOvwggvEpLZwtro333Q2HsZ\/edit?usp=drive_link&#038;ouid=100528057801210695805&#038;rtpof=true&#038;sd=true\" title=\"\" target=\"_blank\"><i class=\"vc_btn3-icon fas fa-tooth\"><\/i> CLASS NUMBERS DENTISTRY PROGRAM<\/a><\/div><div class=\"vc_btn3-container vc_btn3-left\" ><a style=\"background-color:#e00000; color:#ffffff;\" class=\"vc_general vc_btn3 vc_btn3-size-lg vc_btn3-shape-rounded vc_btn3-style-custom vc_btn3-block vc_btn3-icon-left\" href=\"https:\/\/drive.google.com\/file\/d\/1QrYGcvOYH-EBreP-SQk-gSR9YbpWvx9p\/view\" title=\"CLASS NUMBERS NUTRITION AND DIETETICS PROGRAM\" target=\"_blank\"><i class=\"vc_btn3-icon fas fa-apple-alt\"><\/i> CLASS NUMBERS NUTRITION AND DIETETICS PROGRAM<\/a><\/div><div class=\"vc_btn3-container vc_btn3-left\" ><a style=\"background-color:#e00000; color:#ffffff;\" class=\"vc_general vc_btn3 vc_btn3-size-lg vc_btn3-shape-rounded vc_btn3-style-custom vc_btn3-block vc_btn3-icon-left\" href=\"https:\/\/drive.google.com\/file\/d\/1RlAanEV-45gh_NjABwmZG0v8RcJcJwoF\/view\" title=\"\" target=\"_blank\"><i class=\"vc_btn3-icon fas fa-city\"><\/i> CLASS NUMBERS INDUSTRIAL ENGINEERING PROGRAM<\/a><\/div><div class=\"vc_btn3-container vc_btn3-left\" ><a style=\"background-color:#e00000; color:#ffffff;\" class=\"vc_general vc_btn3 vc_btn3-size-lg vc_btn3-shape-rounded vc_btn3-style-custom vc_btn3-block vc_btn3-icon-left\" href=\"https:\/\/drive.google.com\/file\/d\/1johfUnMz0qh72bjkkpQSBImsBt8R_hCf\/view\" title=\"\" target=\"_blank\"><i class=\"vc_btn3-icon fas fa-hard-hat\"><\/i> N\u00daMEROS DE CLASES PROGRAMA DE INGENIER\u00cdA CIVIL<\/a><\/div><div class=\"vc_btn3-container vc_btn3-left\" ><a style=\"background-color:#e00000; color:#ffffff;\" class=\"vc_general vc_btn3 vc_btn3-size-lg vc_btn3-shape-rounded vc_btn3-style-custom vc_btn3-block vc_btn3-icon-left\" href=\"https:\/\/docs.google.com\/spreadsheets\/d\/1lhdHsiOV4ui1N5pgvfhfC3JS6e12zpNX\/edit?usp=drive_link&#038;ouid=100528057801210695805&#038;rtpof=true&#038;sd=true\" title=\"\" target=\"_blank\"><i class=\"vc_btn3-icon fas fa-fish\"><\/i> N\u00daMEROS DE CLASES PROGRAMA DE FISIOTERAPIA<\/a><\/div><div class=\"vc_btn3-container vc_btn3-left\" ><a style=\"background-color:#e00000; color:#ffffff;\" class=\"vc_general vc_btn3 vc_btn3-size-lg vc_btn3-shape-rounded vc_btn3-style-custom vc_btn3-block vc_btn3-icon-left\" href=\"https:\/\/drive.google.com\/file\/d\/1OAhINkIV0IF1fiqNU9OuAO3jKVlClVD5\/view\" title=\"CLASS NUMBERS SCHOOL OF NURSING\" target=\"_blank\"><i class=\"vc_btn3-icon fas fa-syringe\"><\/i> CLASS NUMBERS NURSING PROGRAM<\/a><\/div><div class=\"vc_btn3-container vc_btn3-left\" ><a style=\"background-color:#e00000; color:#ffffff;\" class=\"vc_general vc_btn3 vc_btn3-size-lg vc_btn3-shape-rounded vc_btn3-style-custom vc_btn3-block vc_btn3-icon-left\" href=\"https:\/\/drive.google.com\/file\/d\/1_pCJL0DiFzjnUhp5PHObtpS5j2vcDJm2\/view\" title=\"\" target=\"_blank\"><i class=\"vc_btn3-icon fas fa-balance-scale-left\"><\/i> CLASS NUMBERS LAW PROGRAM<\/a><\/div><div class=\"vc_btn3-container vc_btn3-left\" ><a style=\"background-color:#e00000; color:#ffffff;\" class=\"vc_general vc_btn3 vc_btn3-size-lg vc_btn3-shape-rounded vc_btn3-style-custom vc_btn3-block vc_btn3-icon-left\" href=\"https:\/\/drive.google.com\/file\/d\/1IBsKApV5KxpR5RYN_3VJeJbU4wtNC7CG\/view\" title=\"\" target=\"_blank\"><i class=\"vc_btn3-icon fas fa-calculator\"><\/i> CLASS NUMBERS PUBLIC ACCOUNTING PROGRAM<\/a><\/div><div class=\"vc_btn3-container vc_btn3-left\" ><a style=\"background-color:#e00000; color:#ffffff;\" class=\"vc_general vc_btn3 vc_btn3-size-lg vc_btn3-shape-rounded vc_btn3-style-custom vc_btn3-block vc_btn3-icon-left\" href=\"https:\/\/drive.google.com\/file\/d\/1wQcoAypnnAHasvbDSPAjO_gwn6JyU7Kd\/view\" title=\"\" target=\"_blank\"><i class=\"vc_btn3-icon fas fa-fish\"><\/i> CLASS NUMBERS MARINE BIOLOGY PROGRAM<\/a><\/div><div class=\"vc_btn3-container vc_btn3-left\" ><a style=\"background-color:#e00000; color:#ffffff;\" class=\"vc_general vc_btn3 vc_btn3-size-lg vc_btn3-shape-rounded vc_btn3-style-custom vc_btn3-block vc_btn3-icon-left\" href=\"https:\/\/drive.google.com\/file\/d\/1W0LyPCRN9GF9L5st_IkQzI939WKZZdCA\/view\" title=\"CLASS NUMBERS INTERNATIONAL BUSINESS ADMINISTRATION PROGRAM\" target=\"_blank\"><i class=\"vc_btn3-icon fas fa-chart-line\"><\/i> INTERNATIONAL BUSINESS ADMINISTRATION PROGRAM CLASS NUMBERS<\/a><\/div><div class=\"vc_btn3-container vc_btn3-left\" ><a style=\"background-color:#e00000; color:#ffffff;\" class=\"vc_general vc_btn3 vc_btn3-size-lg vc_btn3-shape-rounded vc_btn3-style-custom vc_btn3-block vc_btn3-icon-left\" href=\"https:\/\/drive.google.com\/file\/d\/155B8y8utzQ_Vtbstb2rB8PZa5f4Gh89X\/view\" title=\"N\u00daMEROS DE CLASES PROGRAMA DE ADMINISTRACI\u00d3N DE EMPRESAS TUR\u00cdSTICAS Y HOTELERAS\" target=\"_blank\"><i class=\"vc_btn3-icon fas fa-chart-line\"><\/i> N\u00daMEROS DE CLASES PROGRAMA DE ADMINISTRACI\u00d3N DE EMPRESAS TUR\u00cdSTICAS Y HOTELERAS<\/a><\/div><div class=\"vc_btn3-container vc_btn3-left\" ><a style=\"background-color:#e00000; color:#ffffff;\" class=\"vc_general vc_btn3 vc_btn3-size-lg vc_btn3-shape-rounded vc_btn3-style-custom vc_btn3-block vc_btn3-icon-left\" href=\"https:\/\/drive.google.com\/file\/d\/19_ZJFQVJSJuqfzirQkxruksxEkcxLXwt\/view\" title=\"\" target=\"_blank\"><i class=\"vc_btn3-icon fas fa-industry\"><\/i> NUMBERS OF CLASSES TECHNOLOGY IN AGROINDUSTRIAL PROCESSES<\/a><\/div><div class=\"vc_btn3-container vc_btn3-left\" ><a style=\"background-color:#e00000; color:#ffffff;\" class=\"vc_general vc_btn3 vc_btn3-size-lg vc_btn3-shape-rounded vc_btn3-style-custom vc_btn3-block vc_btn3-icon-left\" href=\"https:\/\/docs.google.com\/spreadsheets\/d\/1LVDi6eZWJsQNfyp567e9B7FfLlrHoyYY\/edit?usp=drive_link&#038;ouid=100528057801210695805&#038;rtpof=true&#038;sd=true\" title=\"\" target=\"_blank\"><i class=\"vc_btn3-icon fas fa-hard-hat\"><\/i> NUMBERS OF CLASSES IN CONSTRUCTION MANAGEMENT TECHNOLOGY<\/a><\/div><div class=\"vc_btn3-container vc_btn3-left\" ><a style=\"background-color:#e00000; color:#ffffff;\" class=\"vc_general vc_btn3 vc_btn3-size-lg vc_btn3-shape-rounded vc_btn3-style-custom vc_btn3-block vc_btn3-icon-left\" href=\"https:\/\/drive.google.com\/file\/d\/140uycfgNHoBN8P0E95QVarp8t_qodXml\/view\" title=\"\" target=\"_blank\"><i class=\"vc_btn3-icon fas fa-book-medical\"><\/i> CLASS NUMBERS MEDICINE PROGRAM<\/a><\/div><div class=\"vc_btn3-container vc_btn3-left\" ><a style=\"background-color:#e00000; color:#ffffff;\" class=\"vc_general vc_btn3 vc_btn3-size-lg vc_btn3-shape-rounded vc_btn3-style-custom vc_btn3-block vc_btn3-icon-left\" href=\"https:\/\/drive.google.com\/file\/d\/1tHMHG6xews2jgKhqKILVrZY8SBTp43vi\/view\" title=\"NUMBERS OF CLASSES TECHNOLOGY IN MANAGEMENT OF INFORMATION SYSTEMS AND COMPUTER NETWORKS\" target=\"_blank\"><i class=\"vc_btn3-icon fas fa-tv\"><\/i> NUMBERS OF CLASSES TECHNOLOGY IN MANAGEMENT OF INFORMATION SYSTEMS AND COMPUTER NETWORKS<\/a><\/div><div class=\"vc_btn3-container vc_btn3-left\" ><a style=\"background-color:#e00000; color:#ffffff;\" class=\"vc_general vc_btn3 vc_btn3-size-lg vc_btn3-shape-rounded vc_btn3-style-custom vc_btn3-block vc_btn3-icon-left\" href=\"https:\/\/drive.google.com\/file\/d\/17YK1lwDWLZJp_60PdlLWRJer7NxfWI1T\/view\" title=\"CLASS NUMBERS SYSTEMS ENGINEERING PROGRAM\" target=\"_blank\"><i class=\"vc_btn3-icon fas fa-tv\"><\/i> CLASS NUMBERS SYSTEMS ENGINEERING PROGRAM<\/a><\/div><div class=\"vc_btn3-container vc_btn3-left\" ><a style=\"background-color:#e00000; color:#ffffff;\" class=\"vc_general vc_btn3 vc_btn3-size-lg vc_btn3-shape-rounded vc_btn3-style-custom vc_btn3-block vc_btn3-icon-left\" href=\"https:\/\/drive.google.com\/file\/d\/1S-kgkOU0NBn_qmC6EFdN7kJ7HUkc4xmH\/view\" title=\"\" target=\"_blank\"><i class=\"vc_btn3-icon fas fa-hard-hat\"><\/i> N\u00daMEROS DE CLASES DISE\u00d1O INDUSTRIAL<\/a><\/div><\/div><\/div><\/div><\/div><div class=\"vc_row wpb_row vc_row-fluid\"><div class=\"wpb_column vc_column_container vc_col-sm-12\"><div class=\"vc_column-inner\"><div class=\"wpb_wrapper\"><\/div><\/div><\/div><\/div><div class=\"vc_row wpb_row vc_row-fluid\"><div class=\"wpb_column vc_column_container vc_col-sm-12\"><div class=\"vc_column-inner\"><div class=\"wpb_wrapper\"><\/div><\/div><\/div><\/div><div class=\"vc_row wpb_row vc_row-fluid\"><div class=\"wpb_column vc_column_container vc_col-sm-12\"><div class=\"vc_column-inner\"><div class=\"wpb_wrapper\"><\/div><\/div><\/div><\/div>","protected":false},"excerpt":{"rendered":"CALENDARIO DE PARCIALES SEGUNDO CORTE CICLO 2661 HABILITACI\u00d3N DE LA PLATAFORMA ELYSA PARA INSCRIPCI\u00d3N DE CURSOS INSCRIPCI\u00d3N DE N\u00daMERO DE CLASES: Del 19 al 26 de junio de 2025 GENERACI\u00d3N DE FACTURAS: Desde el 20 de junio de 2025 HORARIO &hellip;","protected":false},"author":1,"featured_media":0,"parent":0,"menu_order":0,"comment_status":"closed","ping_status":"open","template":"page-templates\/homepage.php","meta":{"_acf_changed":false,"_bbp_topic_count":0,"_bbp_reply_count":0,"_bbp_total_topic_count":0,"_bbp_total_reply_count":0,"_bbp_voice_count":0,"_bbp_anonymous_reply_count":0,"_bbp_topic_count_hidden":0,"_bbp_reply_count_hidden":0,"_bbp_forum_subforum_count":0,"_monsterinsights_skip_tracking":false,"_monsterinsights_sitenote_active":false,"_monsterinsights_sitenote_note":"","_monsterinsights_sitenote_category":0,"footnotes":""},"class_list":["post-62920","page","type-page","status-publish","hentry"],"acf":[],"aioseo_notices":[],"_links":{"self":[{"href":"https:\/\/unisinucartagena.edu.co\/en\/wp-json\/wp\/v2\/pages\/62920","targetHints":{"allow":["GET"]}}],"collection":[{"href":"https:\/\/unisinucartagena.edu.co\/en\/wp-json\/wp\/v2\/pages"}],"about":[{"href":"https:\/\/unisinucartagena.edu.co\/en\/wp-json\/wp\/v2\/types\/page"}],"author":[{"embeddable":true,"href":"https:\/\/unisinucartagena.edu.co\/en\/wp-json\/wp\/v2\/users\/1"}],"replies":[{"embeddable":true,"href":"https:\/\/unisinucartagena.edu.co\/en\/wp-json\/wp\/v2\/comments?post=62920"}],"version-history":[{"count":6,"href":"https:\/\/unisinucartagena.edu.co\/en\/wp-json\/wp\/v2\/pages\/62920\/revisions"}],"predecessor-version":[{"id":62927,"href":"https:\/\/unisinucartagena.edu.co\/en\/wp-json\/wp\/v2\/pages\/62920\/revisions\/62927"}],"wp:attachment":[{"href":"https:\/\/unisinucartagena.edu.co\/en\/wp-json\/wp\/v2\/media?parent=62920"}],"curies":[{"name":"wp","href":"https:\/\/api.w.org\/{rel}","templated":true}]}}