{"id":62567,"date":"2025-03-27T17:42:36","date_gmt":"2025-03-27T22:42:36","guid":{"rendered":"https:\/\/unisinucartagena.edu.co\/?page_id=62567"},"modified":"2025-03-27T17:56:12","modified_gmt":"2025-03-27T22:56:12","slug":"desarrollo-empresarial","status":"publish","type":"page","link":"https:\/\/unisinucartagena.edu.co\/en\/desarrollo-empresarial\/","title":{"rendered":"Desarrollo empresarial"},"content":{"rendered":"<div data-elementor-type=\"wp-page\" data-elementor-id=\"62567\" class=\"elementor elementor-62567\" data-elementor-post-type=\"page\">\n\t\t\t\t\t\t<section class=\"elementor-section elementor-top-section elementor-element elementor-element-a69ecbb elementor-section-full_width elementor-section-stretched elementor-section-height-default elementor-section-height-default\" data-id=\"a69ecbb\" data-element_type=\"section\" data-e-type=\"section\" data-settings=\"{&quot;stretch_section&quot;:&quot;section-stretched&quot;}\">\n\t\t\t\t\t\t<div class=\"elementor-container elementor-column-gap-no\">\n\t\t\t\t\t<div class=\"elementor-column elementor-col-100 elementor-top-column elementor-element elementor-element-78a9fa9\" data-id=\"78a9fa9\" data-element_type=\"column\" data-e-type=\"column\">\n\t\t\t<div class=\"elementor-widget-wrap elementor-element-populated\">\n\t\t\t\t\t\t<div class=\"elementor-element elementor-element-7a93a0d elementor--h-position-center elementor--v-position-middle elementor-arrows-position-inside elementor-pagination-position-inside elementor-widget elementor-widget-slides\" data-id=\"7a93a0d\" data-element_type=\"widget\" data-e-type=\"widget\" data-settings=\"{&quot;navigation&quot;:&quot;both&quot;,&quot;autoplay&quot;:&quot;yes&quot;,&quot;pause_on_hover&quot;:&quot;yes&quot;,&quot;pause_on_interaction&quot;:&quot;yes&quot;,&quot;autoplay_speed&quot;:5000,&quot;infinite&quot;:&quot;yes&quot;,&quot;transition&quot;:&quot;slide&quot;,&quot;transition_speed&quot;:500}\" data-widget_type=\"slides.default\">\n\t\t\t\t<div class=\"elementor-widget-container\">\n\t\t\t\t\t\t\t\t\t<div class=\"elementor-swiper\">\n\t\t\t\t\t<div class=\"elementor-slides-wrapper elementor-main-swiper swiper\" role=\"region\" aria-roledescription=\"carousel\" aria-label=\"Slides\" dir=\"ltr\" data-animation=\"fadeInUp\">\n\t\t\t\t<div class=\"swiper-wrapper elementor-slides\">\n\t\t\t\t\t\t\t\t\t\t<div class=\"elementor-repeater-item-f30fe14 swiper-slide\" role=\"group\" aria-roledescription=\"slide\"><div class=\"swiper-slide-bg\" role=\"img\" aria-label=\"Mesa de trabajo 1 copia 12\"><\/div><div class=\"swiper-slide-inner\" ><div class=\"swiper-slide-contents\"><\/div><\/div><\/div>\t\t\t\t<\/div>\n\t\t\t\t\t\t\t<\/div>\n\t\t\t\t<\/div>\n\t\t\t\t\t\t\t\t<\/div>\n\t\t\t\t<\/div>\n\t\t\t\t\t<\/div>\n\t\t<\/div>\n\t\t\t\t\t<\/div>\n\t\t<\/section>\n\t\t\t\t<section class=\"elementor-section elementor-top-section elementor-element elementor-element-28a145a elementor-section-boxed elementor-section-height-default elementor-section-height-default\" data-id=\"28a145a\" data-element_type=\"section\" data-e-type=\"section\">\n\t\t\t\t\t\t<div class=\"elementor-container elementor-column-gap-default\">\n\t\t\t\t\t<div class=\"elementor-column elementor-col-100 elementor-top-column elementor-element elementor-element-f007800\" data-id=\"f007800\" data-element_type=\"column\" data-e-type=\"column\">\n\t\t\t<div class=\"elementor-widget-wrap elementor-element-populated\">\n\t\t\t\t\t\t<div class=\"elementor-element elementor-element-e4d81d3 elementor-widget elementor-widget-spacer\" data-id=\"e4d81d3\" data-element_type=\"widget\" data-e-type=\"widget\" data-widget_type=\"spacer.default\">\n\t\t\t\t<div class=\"elementor-widget-container\">\n\t\t\t\t\t\t\t<div class=\"elementor-spacer\">\n\t\t\t<div class=\"elementor-spacer-inner\"><\/div>\n\t\t<\/div>\n\t\t\t\t\t\t<\/div>\n\t\t\t\t<\/div>\n\t\t\t\t\t<\/div>\n\t\t<\/div>\n\t\t\t\t\t<\/div>\n\t\t<\/section>\n\t\t\t\t<section class=\"elementor-section elementor-top-section elementor-element elementor-element-2de65c8 elementor-section-boxed elementor-section-height-default elementor-section-height-default\" data-id=\"2de65c8\" data-element_type=\"section\" data-e-type=\"section\">\n\t\t\t\t\t\t<div class=\"elementor-container elementor-column-gap-default\">\n\t\t\t\t\t<div class=\"elementor-column elementor-col-50 elementor-top-column elementor-element elementor-element-7331d2c\" data-id=\"7331d2c\" data-element_type=\"column\" data-e-type=\"column\">\n\t\t\t<div class=\"elementor-widget-wrap elementor-element-populated\">\n\t\t\t\t\t\t<div class=\"elementor-element elementor-element-65b8d45 elementor-widget elementor-widget-heading\" data-id=\"65b8d45\" data-element_type=\"widget\" data-e-type=\"widget\" data-widget_type=\"heading.default\">\n\t\t\t\t<div class=\"elementor-widget-container\">\n\t\t\t\t\t<h4 class=\"elementor-heading-title elementor-size-default\">MISSION<\/h4>\t\t\t\t<\/div>\n\t\t\t\t<\/div>\n\t\t\t\t<div class=\"elementor-element elementor-element-f55d969 elementor-widget elementor-widget-text-editor\" data-id=\"f55d969\" data-element_type=\"widget\" data-e-type=\"widget\" data-widget_type=\"text-editor.default\">\n\t\t\t\t<div class=\"elementor-widget-container\">\n\t\t\t\t\t\t\t\t\t<p>La Jefatura de Desarrollo Empresarial de la Universidad del Sin\u00fa Seccional Cartagena tiene como misi\u00f3n promover la cultura emprendedora y el esp\u00edritu innovador entre los miembros de la comunidad universitaria y externa, brind\u00e1ndoles herramientas, capacitaci\u00f3n y acompa\u00f1amiento para convertir sus ideas en proyectos empresariales exitosos. Nuestra misi\u00f3n se fundamenta en el compromiso de impulsar el desarrollo econ\u00f3mico y social de la regi\u00f3n, a trav\u00e9s del fomento del emprendimiento y la generaci\u00f3n de soluciones innovadoras en las empresas consolidadas.<\/p>\t\t\t\t\t\t\t\t<\/div>\n\t\t\t\t<\/div>\n\t\t\t\t\t<\/div>\n\t\t<\/div>\n\t\t\t\t<div class=\"elementor-column elementor-col-50 elementor-top-column elementor-element elementor-element-f83236f\" data-id=\"f83236f\" data-element_type=\"column\" data-e-type=\"column\">\n\t\t\t<div class=\"elementor-widget-wrap elementor-element-populated\">\n\t\t\t\t\t\t<div class=\"elementor-element elementor-element-27bb654 elementor-widget elementor-widget-heading\" data-id=\"27bb654\" data-element_type=\"widget\" data-e-type=\"widget\" data-widget_type=\"heading.default\">\n\t\t\t\t<div class=\"elementor-widget-container\">\n\t\t\t\t\t<h4 class=\"elementor-heading-title elementor-size-default\">VISION<\/h4>\t\t\t\t<\/div>\n\t\t\t\t<\/div>\n\t\t\t\t<div class=\"elementor-element elementor-element-832cdae elementor-widget elementor-widget-text-editor\" data-id=\"832cdae\" data-element_type=\"widget\" data-e-type=\"widget\" data-widget_type=\"text-editor.default\">\n\t\t\t\t<div class=\"elementor-widget-container\">\n\t\t\t\t\t\t\t\t\t<p>Nuestra visi\u00f3n es ser reconocidos como un referente regional en el apoyo al emprendimiento y la innovaci\u00f3n empresarial, contribuyendo al crecimiento sostenible de la regi\u00f3n y formando emprendedores l\u00edderes, capaces de generar impacto positivo en sus comunidades y en el entorno empresarial. Aspiramos a ser una jefatura que inspire, promueva la creatividad y proporcione recursos estrat\u00e9gicos para el desarrollo de ideas innovadoras que impulsen el progreso econ\u00f3mico y social.<\/p><p>En l\u00ednea con nuestra misi\u00f3n y visi\u00f3n, durante el per\u00edodo de gesti\u00f3n se han llevado a cabo diversas iniciativas y actividades destinadas a fomentar el esp\u00edritu emprendedor y la cultura de la innovaci\u00f3n en la comunidad universitaria y empresas.<\/p>\t\t\t\t\t\t\t\t<\/div>\n\t\t\t\t<\/div>\n\t\t\t\t\t<\/div>\n\t\t<\/div>\n\t\t\t\t\t<\/div>\n\t\t<\/section>\n\t\t\t\t<section class=\"elementor-section elementor-top-section elementor-element elementor-element-4ab30c7 elementor-section-boxed elementor-section-height-default elementor-section-height-default\" data-id=\"4ab30c7\" data-element_type=\"section\" data-e-type=\"section\">\n\t\t\t\t\t\t<div class=\"elementor-container elementor-column-gap-default\">\n\t\t\t\t\t<div class=\"elementor-column elementor-col-50 elementor-top-column elementor-element elementor-element-bb9eb88\" data-id=\"bb9eb88\" data-element_type=\"column\" data-e-type=\"column\">\n\t\t\t<div class=\"elementor-widget-wrap elementor-element-populated\">\n\t\t\t\t\t\t<div class=\"elementor-element elementor-element-0aa62ff elementor-widget elementor-widget-heading\" data-id=\"0aa62ff\" data-element_type=\"widget\" data-e-type=\"widget\" data-widget_type=\"heading.default\">\n\t\t\t\t<div class=\"elementor-widget-container\">\n\t\t\t\t\t<h4 class=\"elementor-heading-title elementor-size-default\">GESTI\u00d3N<\/h4>\t\t\t\t<\/div>\n\t\t\t\t<\/div>\n\t\t\t\t<div class=\"elementor-element elementor-element-9647724 elementor-widget elementor-widget-text-editor\" data-id=\"9647724\" data-element_type=\"widget\" data-e-type=\"widget\" data-widget_type=\"text-editor.default\">\n\t\t\t\t<div class=\"elementor-widget-container\">\n\t\t\t\t\t\t\t\t\t<p>En la Universidad del Sin\u00fa Seccional Cartagena, la Jefatura de Desarrollo Empresarial ha desempe\u00f1ado un papel fundamental en el fortalecimiento del ecosistema emprendedor y empresarial de la regi\u00f3n. A lo largo de nuestras iniciativas, hemos impactado a m\u00e1s de 200 emprendedores y 50 empresas, brind\u00e1ndoles herramientas y estrategias clave para potenciar su crecimiento, consolidar sus modelos de negocio e impulsar la innovaci\u00f3n en sus sectores. Nuestro trabajo se ha enfocado en el desarrollo de capacidades, permitiendo que emprendedores y empresarios adquieran conocimientos y habilidades esenciales en gesti\u00f3n, liderazgo, transformaci\u00f3n digital y estrategias de comercializaci\u00f3n. A trav\u00e9s de programas de formaci\u00f3n, asesor\u00edas personalizadas y espacios de networking, hemos facilitado la conexi\u00f3n entre ideas innovadoras y oportunidades reales de mercado. Adem\u00e1s, hemos promovido la transformaci\u00f3n social mediante proyectos que no solo fortalecen el tejido empresarial, sino que tambi\u00e9n generan impacto positivo en las comunidades. Desde la incubaci\u00f3n de startups con enfoque social hasta la implementaci\u00f3n de iniciativas que fomentan el empleo y el emprendimiento sostenible, nuestro compromiso es construir un entorno donde la innovaci\u00f3n y la inclusi\u00f3n vayan de la mano.<\/p>\t\t\t\t\t\t\t\t<\/div>\n\t\t\t\t<\/div>\n\t\t\t\t\t<\/div>\n\t\t<\/div>\n\t\t\t\t<div class=\"elementor-column elementor-col-50 elementor-top-column elementor-element elementor-element-d817188\" data-id=\"d817188\" data-element_type=\"column\" data-e-type=\"column\">\n\t\t\t<div class=\"elementor-widget-wrap elementor-element-populated\">\n\t\t\t\t\t\t<div class=\"elementor-element elementor-element-6b1c6e4 elementor-widget elementor-widget-heading\" data-id=\"6b1c6e4\" data-element_type=\"widget\" data-e-type=\"widget\" data-widget_type=\"heading.default\">\n\t\t\t\t<div class=\"elementor-widget-container\">\n\t\t\t\t\t<h4 class=\"elementor-heading-title elementor-size-default\">INNOVACI\u00d3N<\/h4>\t\t\t\t<\/div>\n\t\t\t\t<\/div>\n\t\t\t\t<div class=\"elementor-element elementor-element-fbfecaa elementor-widget elementor-widget-text-editor\" data-id=\"fbfecaa\" data-element_type=\"widget\" data-e-type=\"widget\" data-widget_type=\"text-editor.default\">\n\t\t\t\t<div class=\"elementor-widget-container\">\n\t\t\t\t\t\t\t\t\t<p>Otro de nuestros pilares ha sido la introducci\u00f3n de nuevos servicios y productos en el mercado, trabajando en sinergia con empresas establecidas y emprendedores emergentes para dise\u00f1ar estrategias de desarrollo, validar propuestas de valor y acceder a nuevas oportunidades comerciales. Este enfoque colaborativo ha permitido generar alianzas estrat\u00e9gicas con actores clave del sector productivo, promoviendo la co-creaci\u00f3n y la transferencia de conocimientos entre la academia y la industria como el SENA, C\u00e1mara de Comercio de Cartagena, Universidades Internacionales, Clusters y asociaciones internacionales como PMI, Global Entrepreneural Network e IEEE.<\/p><p>En la Jefatura de Desarrollo Empresarial de la Universidad del Sin\u00fa Seccional Cartagena, seguimos comprometidos con el crecimiento del ecosistema emprendedor, brindando herramientas que permitan a los empresarios afrontar los desaf\u00edos del mercado actual y aprovechar al m\u00e1ximo las oportunidades de transformaci\u00f3n e innovaci\u00f3n.<\/p>\t\t\t\t\t\t\t\t<\/div>\n\t\t\t\t<\/div>\n\t\t\t\t\t<\/div>\n\t\t<\/div>\n\t\t\t\t\t<\/div>\n\t\t<\/section>\n\t\t\t\t<section class=\"elementor-section elementor-top-section elementor-element elementor-element-270c5e2 elementor-section-boxed elementor-section-height-default elementor-section-height-default\" data-id=\"270c5e2\" data-element_type=\"section\" data-e-type=\"section\">\n\t\t\t\t\t\t<div class=\"elementor-container elementor-column-gap-default\">\n\t\t\t\t\t\t<\/div>\n\t\t<\/section>\n\t\t\t\t<section class=\"elementor-section elementor-top-section elementor-element elementor-element-1e32a14 elementor-section-boxed elementor-section-height-default elementor-section-height-default\" data-id=\"1e32a14\" data-element_type=\"section\" data-e-type=\"section\">\n\t\t\t\t\t\t<div class=\"elementor-container elementor-column-gap-default\">\n\t\t\t\t\t\t<\/div>\n\t\t<\/section>\n\t\t\t\t<section class=\"elementor-section elementor-top-section elementor-element elementor-element-9fb1615 elementor-section-boxed elementor-section-height-default elementor-section-height-default\" data-id=\"9fb1615\" data-element_type=\"section\" data-e-type=\"section\">\n\t\t\t\t\t\t<div class=\"elementor-container elementor-column-gap-default\">\n\t\t\t\t\t<div class=\"elementor-column elementor-col-100 elementor-top-column elementor-element elementor-element-4939e94\" data-id=\"4939e94\" data-element_type=\"column\" data-e-type=\"column\">\n\t\t\t<div class=\"elementor-widget-wrap elementor-element-populated\">\n\t\t\t\t\t\t<div class=\"elementor-element elementor-element-825be5f elementor-widget elementor-widget-spacer\" data-id=\"825be5f\" data-element_type=\"widget\" data-e-type=\"widget\" data-widget_type=\"spacer.default\">\n\t\t\t\t<div class=\"elementor-widget-container\">\n\t\t\t\t\t\t\t<div class=\"elementor-spacer\">\n\t\t\t<div class=\"elementor-spacer-inner\"><\/div>\n\t\t<\/div>\n\t\t\t\t\t\t<\/div>\n\t\t\t\t<\/div>\n\t\t\t\t\t<\/div>\n\t\t<\/div>\n\t\t\t\t\t<\/div>\n\t\t<\/section>\n\t\t\t\t<section class=\"elementor-section elementor-top-section elementor-element elementor-element-bf159d9 elementor-section-content-middle elementor-section-boxed elementor-section-height-default elementor-section-height-default\" data-id=\"bf159d9\" data-element_type=\"section\" data-e-type=\"section\">\n\t\t\t\t\t\t<div class=\"elementor-container elementor-column-gap-default\">\n\t\t\t\t\t<div class=\"elementor-column elementor-col-50 elementor-top-column elementor-element elementor-element-a0278a9\" data-id=\"a0278a9\" data-element_type=\"column\" data-e-type=\"column\">\n\t\t\t<div class=\"elementor-widget-wrap elementor-element-populated\">\n\t\t\t\t\t\t<div class=\"elementor-element elementor-element-1445f8d elementor-widget elementor-widget-heading\" data-id=\"1445f8d\" data-element_type=\"widget\" data-e-type=\"widget\" data-widget_type=\"heading.default\">\n\t\t\t\t<div class=\"elementor-widget-container\">\n\t\t\t\t\t<h4 class=\"elementor-heading-title elementor-size-default\">Registro de <br>emprendedores<\/h4>\t\t\t\t<\/div>\n\t\t\t\t<\/div>\n\t\t\t\t\t<\/div>\n\t\t<\/div>\n\t\t\t\t<div class=\"elementor-column elementor-col-50 elementor-top-column elementor-element elementor-element-3faa5a1\" data-id=\"3faa5a1\" data-element_type=\"column\" data-e-type=\"column\">\n\t\t\t<div class=\"elementor-widget-wrap elementor-element-populated\">\n\t\t\t\t\t\t<div class=\"elementor-element elementor-element-35b004f elementor-widget elementor-widget-image\" data-id=\"35b004f\" data-element_type=\"widget\" data-e-type=\"widget\" data-widget_type=\"image.default\">\n\t\t\t\t<div class=\"elementor-widget-container\">\n\t\t\t\t\t\t\t\t\t\t\t\t\t\t\t<img data-recalc-dims=\"1\" fetchpriority=\"high\" decoding=\"async\" width=\"640\" height=\"640\" src=\"https:\/\/i0.wp.com\/unisinucartagena.edu.co\/wp-content\/uploads\/2025\/03\/Mesa-de-trabajo-2.png?resize=640%2C640&#038;ssl=1\" class=\"attachment-large size-large wp-image-62574\" alt=\"\" srcset=\"https:\/\/i0.wp.com\/unisinucartagena.edu.co\/wp-content\/uploads\/2025\/03\/Mesa-de-trabajo-2.png?w=1000&amp;ssl=1 1000w, https:\/\/i0.wp.com\/unisinucartagena.edu.co\/wp-content\/uploads\/2025\/03\/Mesa-de-trabajo-2.png?resize=300%2C300&amp;ssl=1 300w, https:\/\/i0.wp.com\/unisinucartagena.edu.co\/wp-content\/uploads\/2025\/03\/Mesa-de-trabajo-2.png?resize=150%2C150&amp;ssl=1 150w, https:\/\/i0.wp.com\/unisinucartagena.edu.co\/wp-content\/uploads\/2025\/03\/Mesa-de-trabajo-2.png?resize=768%2C768&amp;ssl=1 768w, https:\/\/i0.wp.com\/unisinucartagena.edu.co\/wp-content\/uploads\/2025\/03\/Mesa-de-trabajo-2.png?resize=100%2C100&amp;ssl=1 100w, https:\/\/i0.wp.com\/unisinucartagena.edu.co\/wp-content\/uploads\/2025\/03\/Mesa-de-trabajo-2.png?resize=12%2C12&amp;ssl=1 12w, https:\/\/i0.wp.com\/unisinucartagena.edu.co\/wp-content\/uploads\/2025\/03\/Mesa-de-trabajo-2.png?resize=50%2C50&amp;ssl=1 50w\" sizes=\"(max-width: 640px) 100vw, 640px\" \/>\t\t\t\t\t\t\t\t\t\t\t\t\t\t\t<\/div>\n\t\t\t\t<\/div>\n\t\t\t\t\t<\/div>\n\t\t<\/div>\n\t\t\t\t\t<\/div>\n\t\t<\/section>\n\t\t\t\t<section class=\"elementor-section elementor-top-section elementor-element elementor-element-bffa41c elementor-section-boxed elementor-section-height-default elementor-section-height-default\" data-id=\"bffa41c\" data-element_type=\"section\" data-e-type=\"section\">\n\t\t\t\t\t\t<div class=\"elementor-container elementor-column-gap-default\">\n\t\t\t\t\t\t<\/div>\n\t\t<\/section>\n\t\t\t\t<section class=\"elementor-section elementor-top-section elementor-element elementor-element-3f0c7cf elementor-section-boxed elementor-section-height-default elementor-section-height-default\" data-id=\"3f0c7cf\" data-element_type=\"section\" data-e-type=\"section\">\n\t\t\t\t\t\t<div class=\"elementor-container elementor-column-gap-default\">\n\t\t\t\t\t\t<\/div>\n\t\t<\/section>\n\t\t\t\t<section class=\"elementor-section elementor-top-section elementor-element elementor-element-ffcd7bd elementor-section-boxed elementor-section-height-default elementor-section-height-default\" data-id=\"ffcd7bd\" data-element_type=\"section\" data-e-type=\"section\">\n\t\t\t\t\t\t<div class=\"elementor-container elementor-column-gap-default\">\n\t\t\t\t\t<div class=\"elementor-column elementor-col-100 elementor-top-column elementor-element elementor-element-a6d1840\" data-id=\"a6d1840\" data-element_type=\"column\" data-e-type=\"column\">\n\t\t\t<div class=\"elementor-widget-wrap elementor-element-populated\">\n\t\t\t\t\t\t<div class=\"elementor-element elementor-element-9a8fcf1 elementor-widget elementor-widget-spacer\" data-id=\"9a8fcf1\" data-element_type=\"widget\" data-e-type=\"widget\" data-widget_type=\"spacer.default\">\n\t\t\t\t<div class=\"elementor-widget-container\">\n\t\t\t\t\t\t\t<div class=\"elementor-spacer\">\n\t\t\t<div class=\"elementor-spacer-inner\"><\/div>\n\t\t<\/div>\n\t\t\t\t\t\t<\/div>\n\t\t\t\t<\/div>\n\t\t\t\t\t<\/div>\n\t\t<\/div>\n\t\t\t\t\t<\/div>\n\t\t<\/section>\n\t\t\t\t<\/div>","protected":false},"excerpt":{"rendered":"<p>MISI\u00d3N La Jefatura de Desarrollo Empresarial de la Universidad del Sin\u00fa Seccional Cartagena tiene como misi\u00f3n promover la cultura emprendedora y el esp\u00edritu innovador entre los miembros de la comunidad universitaria y externa, brind\u00e1ndoles herramientas, capacitaci\u00f3n y acompa\u00f1amiento para convertir &hellip; <\/p>","protected":false},"author":1,"featured_media":0,"parent":0,"menu_order":0,"comment_status":"closed","ping_status":"closed","template":"page-templates\/homepage.php","meta":{"_acf_changed":false,"_bbp_topic_count":0,"_bbp_reply_count":0,"_bbp_total_topic_count":0,"_bbp_total_reply_count":0,"_bbp_voice_count":0,"_bbp_anonymous_reply_count":0,"_bbp_topic_count_hidden":0,"_bbp_reply_count_hidden":0,"_bbp_forum_subforum_count":0,"_monsterinsights_skip_tracking":false,"_monsterinsights_sitenote_active":false,"_monsterinsights_sitenote_note":"","_monsterinsights_sitenote_category":0,"footnotes":""},"class_list":["post-62567","page","type-page","status-publish","hentry"],"acf":[],"aioseo_notices":[],"_links":{"self":[{"href":"https:\/\/unisinucartagena.edu.co\/en\/wp-json\/wp\/v2\/pages\/62567","targetHints":{"allow":["GET"]}}],"collection":[{"href":"https:\/\/unisinucartagena.edu.co\/en\/wp-json\/wp\/v2\/pages"}],"about":[{"href":"https:\/\/unisinucartagena.edu.co\/en\/wp-json\/wp\/v2\/types\/page"}],"author":[{"embeddable":true,"href":"https:\/\/unisinucartagena.edu.co\/en\/wp-json\/wp\/v2\/users\/1"}],"replies":[{"embeddable":true,"href":"https:\/\/unisinucartagena.edu.co\/en\/wp-json\/wp\/v2\/comments?post=62567"}],"version-history":[{"count":4,"href":"https:\/\/unisinucartagena.edu.co\/en\/wp-json\/wp\/v2\/pages\/62567\/revisions"}],"predecessor-version":[{"id":62577,"href":"https:\/\/unisinucartagena.edu.co\/en\/wp-json\/wp\/v2\/pages\/62567\/revisions\/62577"}],"wp:attachment":[{"href":"https:\/\/unisinucartagena.edu.co\/en\/wp-json\/wp\/v2\/media?parent=62567"}],"curies":[{"name":"wp","href":"https:\/\/api.w.org\/{rel}","templated":true}]}}