{"id":61916,"date":"2025-02-24T16:18:08","date_gmt":"2025-02-24T21:18:08","guid":{"rendered":"https:\/\/unisinucartagena.edu.co\/?page_id=61916"},"modified":"2025-02-25T08:40:44","modified_gmt":"2025-02-25T13:40:44","slug":"calendarios-de-parciales-primer-corte-ciclo-2561","status":"publish","type":"page","link":"https:\/\/unisinucartagena.edu.co\/en\/calendarios-de-parciales-primer-corte-ciclo-2561\/","title":{"rendered":"CALENDARIOS DE PARCIALES PRIMER CORTE CICLO 2561"},"content":{"rendered":"<div data-vc-full-width=\"true\" data-vc-full-width-init=\"false\" data-vc-stretch-content=\"true\" class=\"vc_row wpb_row vc_row-fluid vc_row-no-padding\"><div class=\"wpb_column vc_column_container vc_col-sm-12\"><div class=\"vc_column-inner\"><div class=\"wpb_wrapper\">\n\t\t\t<!-- START Numeros de Clases REVOLUTION SLIDER 6.7.0 --><p class=\"rs-p-wp-fix\"><\/p>\n\t\t\t<rs-module-wrap id=\"rev_slider_75_1_wrapper\" data-source=\"gallery\" style=\"visibility:hidden;background:transparent;padding:0;margin:0px auto;margin-top:0;margin-bottom:0;\">\n\t\t\t\t<rs-module id=\"rev_slider_75_1\" style=\"\" data-version=\"6.7.0\">\n\t\t\t\t\t<rs-slides style=\"overflow: hidden; position: absolute;\">\n\t\t\t\t\t\t<rs-slide style=\"position: absolute;\" data-key=\"rs-295\" data-title=\"Slide\" data-anim=\"adpr:false;ms:600;\" data-in=\"o:0;\" data-out=\"a:false;\">\n\t\t\t\t\t\t\t<img data-recalc-dims=\"1\" fetchpriority=\"high\" decoding=\"async\" src=\"https:\/\/i0.wp.com\/unisinucartagena.edu.co\/wp-content\/plugins\/revslider\/sr6\/assets\/assets\/dummy.png?resize=640%2C202\" alt=\"\" title=\"DSC_0445-02\" width=\"640\" height=\"202\" class=\"rev-slidebg tp-rs-img rs-lazyload\" data-lazyload=\"\/\/unisinucartagena.edu.co\/wp-content\/uploads\/2020\/05\/DSC_0445-02-scaled.jpg\" data-parallax=\"off\" data-no-retina>\n<!--\n\t\t\t\t\t\t\t--><rs-layer\n\t\t\t\t\t\t\t\tid=\"slider-75-slide-295-layer-7\" \n\t\t\t\t\t\t\t\tdata-type=\"text\"\n\t\t\t\t\t\t\t\tdata-color=\"#fff\"\n\t\t\t\t\t\t\t\tdata-rsp_ch=\"on\"\n\t\t\t\t\t\t\t\tdata-xy=\"x:c;xo:15px;yo:253px;\"\n\t\t\t\t\t\t\t\tdata-text=\"w:normal;s:73;l:106;ls:-3px;fw:700;a:center;\"\n\t\t\t\t\t\t\t\tdata-dim=\"minh:0,none,0,0;\"\n\t\t\t\t\t\t\t\tdata-ford=\"frame_0;frame_1;frame_2;frame_999;\"\n\t\t\t\t\t\t\t\tdata-frame_1=\"e:power4.inOut;sp:1500;\"\n\t\t\t\t\t\t\t\tdata-frame_999=\"o:0;st:w;\"\n\t\t\t\t\t\t\t\tdata-frame_2=\"tp:600px;st:400;sp:400;\"\n\t\t\t\t\t\t\t\tstyle=\"z-index:9;font-family:'Poppins';\"\n\t\t\t\t\t\t\t>PARTIAL CALENDAR <br>SEGUNDO CORTE CICLO 2661 \n\t\t\t\t\t\t\t<\/rs-layer><!--\n-->\t\t\t\t\t<\/rs-slide>\n\t\t\t\t\t<\/rs-slides>\n\t\t\t\t<\/rs-module>\n\t\t\t\t<script>\n\t\t\t\t\tsetREVStartSize({c: 'rev_slider_75_1',rl:[1240,1024,1024,1024],el:[600,600,600,600],gw:[1900,1900,1900,1900],gh:[600,600,600,600],type:'standard',justify:'',layout:'fullwidth',mh:\"0\"});if (window.RS_MODULES!==undefined && window.RS_MODULES.modules!==undefined && window.RS_MODULES.modules[\"revslider751\"]!==undefined) {window.RS_MODULES.modules[\"revslider751\"].once = false;window.revapi75 = undefined;if (window.RS_MODULES.checkMinimal!==undefined) window.RS_MODULES.checkMinimal()}\n\t\t\t\t<\/script>\n\t\t\t<\/rs-module-wrap>\n\t\t\t<!-- END REVOLUTION SLIDER -->\n<div class=\"vc_empty_space\"   style=\"height: 32px\"><span class=\"vc_empty_space_inner\"><\/span><\/div><div class=\"vc_empty_space\"   style=\"height: 32px\"><span class=\"vc_empty_space_inner\"><\/span><\/div><\/div><\/div><\/div><\/div><div class=\"vc_row-full-width vc_clearfix\"><\/div><div class=\"vc_row wpb_row vc_row-fluid\"><div class=\"wpb_column vc_column_container vc_col-sm-12\"><div class=\"vc_column-inner\"><div class=\"wpb_wrapper\"><div class=\"vc_row wpb_row vc_inner vc_row-fluid\"><div class=\"wpb_column vc_column_container vc_col-sm-12\"><div class=\"vc_column-inner\"><div class=\"wpb_wrapper\">\n\t<div class=\"wpb_text_column wpb_content_element\" >\n\t\t<div class=\"wpb_wrapper\">\n\t\t\t<h2 class=\"hP\" style=\"text-align: center;\" tabindex=\"-1\" data-thread-perm-id=\"thread-f:1777960671640104286\" data-legacy-thread-id=\"18ac95cf91b92d5e\">CALENDARIOS DE PARCIALES PRIMER CORTE CICLO 2561<\/h2>\n<div class=\"pG TW\" tabindex=\"0\" role=\"switch\" data-tooltip-contained=\"true\" data-tooltip-align=\"b,l\" data-tooltip-delay=\"1500\" aria-label=\"Mensaje importante porque se te ha enviado directamente\" aria-checked=\"true\" data-is-important=\"true\"><\/div>\n<div class=\"pG\" tabindex=\"0\" role=\"switch\" data-tooltip-contained=\"true\" data-tooltip-align=\"b,l\" data-tooltip-delay=\"1500\" aria-label=\"Mensaje importante porque se te ha enviado directamente\" aria-checked=\"true\" data-is-important=\"true\"><\/div>\n\n\t\t<\/div>\n\t<\/div>\n<\/div><\/div><\/div><\/div><\/div><\/div><\/div><\/div><div class=\"vc_row wpb_row vc_row-fluid\"><div class=\"wpb_column vc_column_container vc_col-sm-12\"><div class=\"vc_column-inner\"><div class=\"wpb_wrapper\"><div class=\"vc_btn3-container vc_btn3-left\" ><a style=\"background-color:#e00000; color:#ffffff;\" class=\"vc_general vc_btn3 vc_btn3-size-lg vc_btn3-shape-rounded vc_btn3-style-custom vc_btn3-block vc_btn3-icon-left\" href=\"https:\/\/drive.google.com\/file\/d\/1SMe04KdUdsIvouJzAiBK8OzmtdO5FdAk\/view\" title=\"\" target=\"_blank\"><i class=\"vc_btn3-icon fas fa-city\"><\/i> TECNICO PROFESIONAL EN LOGISTICA DE PRODUCCION<\/a><\/div><div class=\"vc_btn3-container vc_btn3-left\" ><a style=\"background-color:#e00000; color:#ffffff;\" class=\"vc_general vc_btn3 vc_btn3-size-lg vc_btn3-shape-rounded vc_btn3-style-custom vc_btn3-block vc_btn3-icon-left\" href=\"https:\/\/drive.google.com\/file\/d\/1gdQGenETTL0zPKp337e8iIg-8zICwZxN\/view\" title=\"CLASS NUMBERS OPTOMETRY PROGRAM\" target=\"_blank\"><i class=\"vc_btn3-icon fas fa-glasses\"><\/i> OPTOMETRY<\/a><\/div><div class=\"vc_btn3-container vc_btn3-left\" ><a style=\"background-color:#e00000; color:#ffffff;\" class=\"vc_general vc_btn3 vc_btn3-size-lg vc_btn3-shape-rounded vc_btn3-style-custom vc_btn3-block vc_btn3-icon-left\" href=\"https:\/\/drive.google.com\/file\/d\/1Jv6qiqucIRhyqlDQtv4zn76ZtkaMx_Q9\/view\" title=\"\" target=\"_blank\"><i class=\"vc_btn3-icon fas fa-tooth\"><\/i> ODONTOLOG\u00cdA<\/a><\/div><div class=\"vc_btn3-container vc_btn3-left\" ><a style=\"background-color:#e00000; color:#ffffff;\" class=\"vc_general vc_btn3 vc_btn3-size-lg vc_btn3-shape-rounded vc_btn3-style-custom vc_btn3-block vc_btn3-icon-left\" href=\"https:\/\/drive.google.com\/file\/d\/1KRlaWmGk3WSTHUQorllHCC07T8kHb2pF\/view\" title=\"CLASS NUMBERS NUTRITION AND DIETETICS PROGRAM\" target=\"_blank\"><i class=\"vc_btn3-icon fas fa-apple-alt\"><\/i> NUTRICI\u00d3N Y DIET\u00c9TICA<\/a><\/div><div class=\"vc_btn3-container vc_btn3-left\" ><a style=\"background-color:#e00000; color:#ffffff;\" class=\"vc_general vc_btn3 vc_btn3-size-lg vc_btn3-shape-rounded vc_btn3-style-custom vc_btn3-block vc_btn3-icon-left\" href=\"https:\/\/drive.google.com\/file\/d\/1LEDaB3zMXpVI0bSxHXW02wlCUs3jXF7c\/view\" title=\"\" target=\"_blank\"><i class=\"vc_btn3-icon fas fa-book-medical\"><\/i> MEDICINE<\/a><\/div><div class=\"vc_btn3-container vc_btn3-left\" ><a style=\"background-color:#e00000; color:#ffffff;\" class=\"vc_general vc_btn3 vc_btn3-size-lg vc_btn3-shape-rounded vc_btn3-style-custom vc_btn3-block vc_btn3-icon-left\" href=\"https:\/\/drive.google.com\/file\/d\/1TKh6y9LvftVJOBNEhWvFqCW52iOKx7kK\/view\" title=\"CLASS NUMBERS SYSTEMS ENGINEERING PROGRAM\" target=\"_blank\"><i class=\"vc_btn3-icon fas fa-tv\"><\/i> INGENIER\u00cdA DE SISTEMAS<\/a><\/div><div class=\"vc_btn3-container vc_btn3-left\" ><a style=\"background-color:#e00000; color:#ffffff;\" class=\"vc_general vc_btn3 vc_btn3-size-lg vc_btn3-shape-rounded vc_btn3-style-custom vc_btn3-block vc_btn3-icon-left\" href=\"https:\/\/drive.google.com\/file\/d\/1q7PBwVJx2GNmP4RwlYhuJLGtpgmMdz1Y\/view\" title=\"CLASS NUMBERS SYSTEMS ENGINEERING PROGRAM\" target=\"_blank\"><i class=\"vc_btn3-icon fas fa-tv\"><\/i> INGENIER\u00cdA CIVIL<\/a><\/div><div class=\"vc_btn3-container vc_btn3-left\" ><a style=\"background-color:#e00000; color:#ffffff;\" class=\"vc_general vc_btn3 vc_btn3-size-lg vc_btn3-shape-rounded vc_btn3-style-custom vc_btn3-block vc_btn3-icon-left\" href=\"https:\/\/drive.google.com\/file\/d\/16Z90tMB67FWvv9haQbETc00Gzleh62pX\/view\" title=\"\" target=\"_blank\"><i class=\"vc_btn3-icon fas fa-city\"><\/i> INGENIER\u00cdA INDUSTRIAL<\/a><\/div><div class=\"vc_btn3-container vc_btn3-left\" ><a style=\"background-color:#e00000; color:#ffffff;\" class=\"vc_general vc_btn3 vc_btn3-size-lg vc_btn3-shape-rounded vc_btn3-style-custom vc_btn3-block vc_btn3-icon-left\" href=\"https:\/\/drive.google.com\/file\/d\/19Sm8R9cHooeI_e8IdjlwiXmRKIZiP4tp\/view\" title=\"\" target=\"_blank\"><i class=\"vc_btn3-icon fas fa-city\"><\/i> GASTRONOMIA<\/a><\/div><div class=\"vc_btn3-container vc_btn3-left\" ><a style=\"background-color:#e00000; color:#ffffff;\" class=\"vc_general vc_btn3 vc_btn3-size-lg vc_btn3-shape-rounded vc_btn3-style-custom vc_btn3-block vc_btn3-icon-left\" href=\"https:\/\/drive.google.com\/file\/d\/12Hbfm8I99WZOPhapHi-_3v6mzaoUuJdR\/view\" title=\"\" target=\"_blank\"><i class=\"vc_btn3-icon fas fa-heartbeat\"><\/i> FISIOTERAPIA<\/a><\/div><div class=\"vc_btn3-container vc_btn3-left\" ><a style=\"background-color:#e00000; color:#ffffff;\" class=\"vc_general vc_btn3 vc_btn3-size-lg vc_btn3-shape-rounded vc_btn3-style-custom vc_btn3-block vc_btn3-icon-left\" href=\"https:\/\/drive.google.com\/file\/d\/10QVjlHTyTsTVDbGY4fjgezJdL8z3RF_9\/view\" title=\"CLASS NUMBERS SCHOOL OF NURSING\" target=\"_blank\"><i class=\"vc_btn3-icon fas fa-syringe\"><\/i> ENFERMER\u00cdA<\/a><\/div><div class=\"vc_btn3-container vc_btn3-left\" ><a style=\"background-color:#e00000; color:#ffffff;\" class=\"vc_general vc_btn3 vc_btn3-size-lg vc_btn3-shape-rounded vc_btn3-style-custom vc_btn3-block vc_btn3-icon-left\" href=\"https:\/\/drive.google.com\/file\/d\/1UUCrVjt3fKX8YtCZ_nsNVmnZvm2eI_cT\/view\" title=\"N\u00daMEROS DE CLASES ESCUELA DE DISE\u00d1O INDUSTRIAL\" target=\"_blank\"><i class=\"vc_btn3-icon fas fa-syringe\"><\/i> DISE\u00d1O INDUSTRIAL<\/a><\/div><div class=\"vc_btn3-container vc_btn3-left\" ><a style=\"background-color:#e00000; color:#ffffff;\" class=\"vc_general vc_btn3 vc_btn3-size-lg vc_btn3-shape-rounded vc_btn3-style-custom vc_btn3-block vc_btn3-icon-left\" href=\"https:\/\/drive.google.com\/file\/d\/1rA731iuTEwimdesGNGTgohbY4yL26N5v\/view\" title=\"\" target=\"_blank\"><i class=\"vc_btn3-icon fas fa-balance-scale-left\"><\/i> DERECHO<\/a><\/div><div class=\"vc_btn3-container vc_btn3-left\" ><a style=\"background-color:#e00000; color:#ffffff;\" class=\"vc_general vc_btn3 vc_btn3-size-lg vc_btn3-shape-rounded vc_btn3-style-custom vc_btn3-block vc_btn3-icon-left\" href=\"https:\/\/drive.google.com\/file\/d\/1jbRnZ8XMaLEphHS_7rTmdfiQuDk5QVzi\/view\" title=\"\" target=\"_blank\"><i class=\"vc_btn3-icon fas fa-calculator\"><\/i> CONTADUR\u00cdA PUBLICA<\/a><\/div><div class=\"vc_btn3-container vc_btn3-left\" ><a style=\"background-color:#e00000; color:#ffffff;\" class=\"vc_general vc_btn3 vc_btn3-size-lg vc_btn3-shape-rounded vc_btn3-style-custom vc_btn3-block vc_btn3-icon-left\" href=\"https:\/\/drive.google.com\/file\/d\/1WwqK4ArYth1sU92xUVUBhrAakuz09oOU\/view\" title=\"\" target=\"_blank\"><i class=\"vc_btn3-icon fas fa-fish\"><\/i> BIOLOG\u00cdA MARINA<\/a><\/div><div class=\"vc_btn3-container vc_btn3-left\" ><a style=\"background-color:#e00000; color:#ffffff;\" class=\"vc_general vc_btn3 vc_btn3-size-lg vc_btn3-shape-rounded vc_btn3-style-custom vc_btn3-block vc_btn3-icon-left\" href=\"https:\/\/drive.google.com\/file\/d\/14ViGQDllFLDl_ZYXbu65ynAzJAC4nKQ4\/view\" title=\"CLASS NUMBERS INTERNATIONAL BUSINESS ADMINISTRATION PROGRAM\" target=\"_blank\"><i class=\"vc_btn3-icon fas fa-chart-line\"><\/i> ADMINISTRACI\u00d3N DE NEGOCIOS INTERNACIONALES<\/a><\/div><div class=\"vc_btn3-container vc_btn3-left\" ><a style=\"background-color:#e00000; color:#ffffff;\" class=\"vc_general vc_btn3 vc_btn3-size-lg vc_btn3-shape-rounded vc_btn3-style-custom vc_btn3-block vc_btn3-icon-left\" href=\"https:\/\/drive.google.com\/file\/d\/1AFcHN18jeiq7UjQW00dMR2AqbbLhFJzA\/view\" title=\"CLASS NUMBERS INTERNATIONAL BUSINESS ADMINISTRATION PROGRAM\" target=\"_blank\"><i class=\"vc_btn3-icon fas fa-chart-line\"><\/i> ADMINISTRACI\u00d3N DE EMPRESAS TURISTICAS Y HOTELERAS<\/a><\/div><div class=\"vc_btn3-container vc_btn3-left\" ><a style=\"background-color:#e00000; color:#ffffff;\" class=\"vc_general vc_btn3 vc_btn3-size-lg vc_btn3-shape-rounded vc_btn3-style-custom vc_btn3-block vc_btn3-icon-left\" href=\"https:\/\/drive.google.com\/file\/d\/1EJaIAW6_Ivvl5inkEyyuZB2oTB_T19L1\/view\" title=\"\" target=\"_blank\"><i class=\"vc_btn3-icon fas fa-hard-hat\"><\/i> TECNOLOG\u00cdA EN MANTENIMIENTO MECANICO<\/a><\/div><div class=\"vc_btn3-container vc_btn3-left\" ><a style=\"background-color:#e00000; color:#ffffff;\" class=\"vc_general vc_btn3 vc_btn3-size-lg vc_btn3-shape-rounded vc_btn3-style-custom vc_btn3-block vc_btn3-icon-left\" href=\"https:\/\/drive.google.com\/file\/d\/1gU2APkaiqT032nqgn2u1mW_vC_aSPwfG\/view\" title=\"NUMBERS OF CLASSES TECHNOLOGY IN MANAGEMENT OF INFORMATION SYSTEMS AND COMPUTER NETWORKS\" target=\"_blank\"><i class=\"vc_btn3-icon fas fa-tv\"><\/i> TECNOLOGIA EN GESTION DE SISTEMAS DE INFORMACION Y REDES DE COMPUTO<\/a><\/div><div class=\"vc_btn3-container vc_btn3-left\" ><a style=\"background-color:#e00000; color:#ffffff;\" class=\"vc_general vc_btn3 vc_btn3-size-lg vc_btn3-shape-rounded vc_btn3-style-custom vc_btn3-block vc_btn3-icon-left\" href=\"https:\/\/drive.google.com\/file\/d\/1MI-cWGhTsXuidDeaA4CZzsHVX-W02YIn\/view\" title=\"\" target=\"_blank\"><i class=\"vc_btn3-icon fas fa-city\"><\/i> TECNOLOGIA EN PRODUCCION INDUSTRIAL<\/a><\/div><div class=\"vc_btn3-container vc_btn3-left\" ><a style=\"background-color:#e00000; color:#ffffff;\" class=\"vc_general vc_btn3 vc_btn3-size-lg vc_btn3-shape-rounded vc_btn3-style-custom vc_btn3-block vc_btn3-icon-left\" href=\"https:\/\/drive.google.com\/file\/d\/19fUqGL3Qm2oY8UDEzcUEUCy7M4_lov40\/view\" title=\"\" target=\"_blank\"><i class=\"vc_btn3-icon fas fa-industry\"><\/i> TECNOLOGIA EN PROCESOS AGROINDUSTRIALES<\/a><\/div><div class=\"vc_btn3-container vc_btn3-left\" ><a style=\"background-color:#e00000; color:#ffffff;\" class=\"vc_general vc_btn3 vc_btn3-size-lg vc_btn3-shape-rounded vc_btn3-style-custom vc_btn3-block vc_btn3-icon-left\" href=\"https:\/\/drive.google.com\/file\/d\/1OuzfOifpCWr5NRjSpdBujFXPeNjazVzs\/view\" title=\"\" target=\"_blank\"><i class=\"vc_btn3-icon fas fa-hard-hat\"><\/i> TECNOLOG\u00cdA EN MANTENIMIENTO ELECTRICO<\/a><\/div><div class=\"vc_btn3-container vc_btn3-left\" ><a style=\"background-color:#e00000; color:#ffffff;\" class=\"vc_general vc_btn3 vc_btn3-size-lg vc_btn3-shape-rounded vc_btn3-style-custom vc_btn3-block vc_btn3-icon-left\" href=\"https:\/\/drive.google.com\/file\/d\/1voTAyXcmlLds4O_JWPo-ewZc9cN4BIU0\/view\" title=\"\" target=\"_blank\"><i class=\"vc_btn3-icon fas fa-hard-hat\"><\/i> TECNOLOG\u00cdA EN GESTION GASTRONOMICA<\/a><\/div><div class=\"vc_btn3-container vc_btn3-left\" ><a style=\"background-color:#e00000; color:#ffffff;\" class=\"vc_general vc_btn3 vc_btn3-size-lg vc_btn3-shape-rounded vc_btn3-style-custom vc_btn3-block vc_btn3-icon-left\" href=\"https:\/\/drive.google.com\/file\/d\/1TRV416CTqrGsTUL9hupkAcXxI81tNVHw\/view\" title=\"\" target=\"_blank\"><i class=\"vc_btn3-icon fas fa-hard-hat\"><\/i> TECNOLOG\u00cdA EN GESTION DE LA CONSTRUCC\u00d3N<\/a><\/div><div class=\"vc_btn3-container vc_btn3-left\" ><a style=\"background-color:#e00000; color:#ffffff;\" class=\"vc_general vc_btn3 vc_btn3-size-lg vc_btn3-shape-rounded vc_btn3-style-custom vc_btn3-block vc_btn3-icon-left\" href=\"https:\/\/drive.google.com\/file\/d\/16CdiUvi5ELrwzCKcEv5I-6TxmLHFjawC\/view\" title=\"CLASS NUMBERS PSYCHOLOGY PROGRAM\" target=\"_blank\"><i class=\"vc_btn3-icon fas fa-marker\"><\/i> PSICOLOG\u00cdA<\/a><\/div><\/div><\/div><\/div><\/div><div class=\"vc_row wpb_row vc_row-fluid\"><div class=\"wpb_column vc_column_container vc_col-sm-12\"><div class=\"vc_column-inner\"><div class=\"wpb_wrapper\"><\/div><\/div><\/div><\/div><div class=\"vc_row wpb_row vc_row-fluid\"><div class=\"wpb_column vc_column_container vc_col-sm-12\"><div class=\"vc_column-inner\"><div class=\"wpb_wrapper\"><\/div><\/div><\/div><\/div><div class=\"vc_row wpb_row vc_row-fluid\"><div class=\"wpb_column vc_column_container vc_col-sm-12\"><div class=\"vc_column-inner\"><div class=\"wpb_wrapper\"><\/div><\/div><\/div><\/div>","protected":false},"excerpt":{"rendered":"CALENDARIO DE PARCIALES SEGUNDO CORTE CICLO 2661 CALENDARIOS DE PARCIALES PRIMER CORTE CICLO 2561 TECNICO PROFESIONAL EN LOGISTICA DE PRODUCCION OPTOMETRIA ODONTOLOG\u00cdA NUTRICI\u00d3N Y DIET\u00c9TICA MEDICINA INGENIER\u00cdA DE SISTEMAS INGENIER\u00cdA CIVIL INGENIER\u00cdA INDUSTRIAL GASTRONOMIA FISIOTERAPIA ENFERMER\u00cdA DISE\u00d1O INDUSTRIAL DERECHO CONTADUR\u00cdA &hellip;","protected":false},"author":1,"featured_media":0,"parent":0,"menu_order":0,"comment_status":"closed","ping_status":"open","template":"page-templates\/homepage.php","meta":{"_acf_changed":false,"_bbp_topic_count":0,"_bbp_reply_count":0,"_bbp_total_topic_count":0,"_bbp_total_reply_count":0,"_bbp_voice_count":0,"_bbp_anonymous_reply_count":0,"_bbp_topic_count_hidden":0,"_bbp_reply_count_hidden":0,"_bbp_forum_subforum_count":0,"_monsterinsights_skip_tracking":false,"_monsterinsights_sitenote_active":false,"_monsterinsights_sitenote_note":"","_monsterinsights_sitenote_category":0,"footnotes":""},"class_list":["post-61916","page","type-page","status-publish","hentry"],"acf":[],"aioseo_notices":[],"_links":{"self":[{"href":"https:\/\/unisinucartagena.edu.co\/en\/wp-json\/wp\/v2\/pages\/61916","targetHints":{"allow":["GET"]}}],"collection":[{"href":"https:\/\/unisinucartagena.edu.co\/en\/wp-json\/wp\/v2\/pages"}],"about":[{"href":"https:\/\/unisinucartagena.edu.co\/en\/wp-json\/wp\/v2\/types\/page"}],"author":[{"embeddable":true,"href":"https:\/\/unisinucartagena.edu.co\/en\/wp-json\/wp\/v2\/users\/1"}],"replies":[{"embeddable":true,"href":"https:\/\/unisinucartagena.edu.co\/en\/wp-json\/wp\/v2\/comments?post=61916"}],"version-history":[{"count":3,"href":"https:\/\/unisinucartagena.edu.co\/en\/wp-json\/wp\/v2\/pages\/61916\/revisions"}],"predecessor-version":[{"id":61919,"href":"https:\/\/unisinucartagena.edu.co\/en\/wp-json\/wp\/v2\/pages\/61916\/revisions\/61919"}],"wp:attachment":[{"href":"https:\/\/unisinucartagena.edu.co\/en\/wp-json\/wp\/v2\/media?parent=61916"}],"curies":[{"name":"wp","href":"https:\/\/api.w.org\/{rel}","templated":true}]}}