{"id":61071,"date":"2024-10-08T09:02:42","date_gmt":"2024-10-08T14:02:42","guid":{"rendered":"https:\/\/unisinucartagena.edu.co\/?page_id=61071"},"modified":"2026-04-17T16:47:29","modified_gmt":"2026-04-17T21:47:29","slug":"calendario-de-admisiones-posgrado","status":"publish","type":"page","link":"https:\/\/unisinucartagena.edu.co\/en\/calendario-de-admisiones-posgrado\/","title":{"rendered":"Calendario de Admisiones Posgrado"},"content":{"rendered":"<div class=\"vc_row wpb_row vc_row-fluid\"><div class=\"wpb_column vc_column_container vc_col-sm-12\"><div class=\"vc_column-inner\"><div class=\"wpb_wrapper\"><div class=\"vc_tta-container\" data-vc-action=\"collapse\"><div class=\"vc_general vc_tta vc_tta-tabs vc_tta-color-grey vc_tta-style-classic vc_tta-shape-rounded vc_tta-spacing-1 vc_tta-tabs-position-top vc_tta-controls-align-center\"><div class=\"vc_tta-tabs-container\"><ul class=\"vc_tta-tabs-list\"><li class=\"vc_tta-tab vc_active\" data-vc-tab><a href=\"#1728394780514-a7f6a71b-4ee8\" data-vc-tabs data-vc-container=\".vc_tta\"><span class=\"vc_tta-title-text\">Calendario de Admisiones Especializaciones y Maestr\u00edas<\/span><\/a><\/li><li class=\"vc_tta-tab\" data-vc-tab><a href=\"#1737666919619-5159ccc3-6b9c\" data-vc-tabs data-vc-container=\".vc_tta\"><span class=\"vc_tta-title-text\">Calendario de Admisiones Especializaciones M\u00e9dico Quir\u00fargicos<\/span><\/a><\/li><\/ul><\/div><div class=\"vc_tta-panels-container\"><div class=\"vc_tta-panels\"><div class=\"vc_tta-panel vc_active\" id=\"1728394780514-a7f6a71b-4ee8\" data-vc-content=\".vc_tta-panel-body\"><div class=\"vc_tta-panel-heading\"><h4 class=\"vc_tta-panel-title\"><a href=\"#1728394780514-a7f6a71b-4ee8\" data-vc-accordion data-vc-container=\".vc_tta-container\"><span class=\"vc_tta-title-text\">Calendario de Admisiones Especializaciones y Maestr\u00edas<\/span><\/a><\/h4><\/div><div class=\"vc_tta-panel-body\">\n\t<div  class=\"wpb_single_image wpb_content_element vc_align_center\">\n\t\t\n\t\t<figure class=\"wpb_wrapper vc_figure\">\n\t\t\t<div class=\"vc_single_image-wrapper   vc_box_border_grey\"><img data-recalc-dims=\"1\" fetchpriority=\"high\" decoding=\"async\" width=\"640\" height=\"698\" src=\"https:\/\/i0.wp.com\/unisinucartagena.edu.co\/wp-content\/uploads\/2026\/03\/WhatsApp-Image-2026-03-20-at-10.12.56-AM.jpeg?resize=640%2C698&#038;ssl=1\" class=\"vc_single_image-img attachment-large\" alt=\"\" title=\"WhatsApp Image 2026-03-20 at 10.12.56 AM\" srcset=\"https:\/\/i0.wp.com\/unisinucartagena.edu.co\/wp-content\/uploads\/2026\/03\/WhatsApp-Image-2026-03-20-at-10.12.56-AM.jpeg?resize=939%2C1024&amp;ssl=1 939w, https:\/\/i0.wp.com\/unisinucartagena.edu.co\/wp-content\/uploads\/2026\/03\/WhatsApp-Image-2026-03-20-at-10.12.56-AM.jpeg?resize=275%2C300&amp;ssl=1 275w, https:\/\/i0.wp.com\/unisinucartagena.edu.co\/wp-content\/uploads\/2026\/03\/WhatsApp-Image-2026-03-20-at-10.12.56-AM.jpeg?resize=768%2C838&amp;ssl=1 768w, https:\/\/i0.wp.com\/unisinucartagena.edu.co\/wp-content\/uploads\/2026\/03\/WhatsApp-Image-2026-03-20-at-10.12.56-AM.jpeg?resize=1408%2C1536&amp;ssl=1 1408w, https:\/\/i0.wp.com\/unisinucartagena.edu.co\/wp-content\/uploads\/2026\/03\/WhatsApp-Image-2026-03-20-at-10.12.56-AM.jpeg?resize=11%2C12&amp;ssl=1 11w, https:\/\/i0.wp.com\/unisinucartagena.edu.co\/wp-content\/uploads\/2026\/03\/WhatsApp-Image-2026-03-20-at-10.12.56-AM.jpeg?w=1467&amp;ssl=1 1467w, https:\/\/i0.wp.com\/unisinucartagena.edu.co\/wp-content\/uploads\/2026\/03\/WhatsApp-Image-2026-03-20-at-10.12.56-AM.jpeg?w=1280&amp;ssl=1 1280w\" sizes=\"(max-width: 640px) 100vw, 640px\" \/><\/div>\n\t\t<\/figure>\n\t<\/div>\n<\/div><\/div><div class=\"vc_tta-panel\" id=\"1737666919619-5159ccc3-6b9c\" data-vc-content=\".vc_tta-panel-body\"><div class=\"vc_tta-panel-heading\"><h4 class=\"vc_tta-panel-title\"><a href=\"#1737666919619-5159ccc3-6b9c\" data-vc-accordion data-vc-container=\".vc_tta-container\"><span class=\"vc_tta-title-text\">Calendario de Admisiones Especializaciones M\u00e9dico Quir\u00fargicos<\/span><\/a><\/h4><\/div><div class=\"vc_tta-panel-body\">\n\t<div  class=\"wpb_single_image wpb_content_element vc_align_center\">\n\t\t\n\t\t<figure class=\"wpb_wrapper vc_figure\">\n\t\t\t<div class=\"vc_single_image-wrapper   vc_box_border_grey\"><img data-recalc-dims=\"1\" decoding=\"async\" width=\"640\" height=\"698\" src=\"https:\/\/i0.wp.com\/unisinucartagena.edu.co\/wp-content\/uploads\/2026\/04\/WhatsApp-Image-2026-04-17-at-4.17.24-PM-1.jpeg?resize=640%2C698&#038;ssl=1\" class=\"vc_single_image-img attachment-large\" alt=\"\" title=\"WhatsApp Image 2026-04-17 at 4.17.24 PM\" srcset=\"https:\/\/i0.wp.com\/unisinucartagena.edu.co\/wp-content\/uploads\/2026\/04\/WhatsApp-Image-2026-04-17-at-4.17.24-PM-1.jpeg?resize=939%2C1024&amp;ssl=1 939w, https:\/\/i0.wp.com\/unisinucartagena.edu.co\/wp-content\/uploads\/2026\/04\/WhatsApp-Image-2026-04-17-at-4.17.24-PM-1.jpeg?resize=275%2C300&amp;ssl=1 275w, https:\/\/i0.wp.com\/unisinucartagena.edu.co\/wp-content\/uploads\/2026\/04\/WhatsApp-Image-2026-04-17-at-4.17.24-PM-1.jpeg?resize=768%2C838&amp;ssl=1 768w, https:\/\/i0.wp.com\/unisinucartagena.edu.co\/wp-content\/uploads\/2026\/04\/WhatsApp-Image-2026-04-17-at-4.17.24-PM-1.jpeg?resize=1408%2C1536&amp;ssl=1 1408w, https:\/\/i0.wp.com\/unisinucartagena.edu.co\/wp-content\/uploads\/2026\/04\/WhatsApp-Image-2026-04-17-at-4.17.24-PM-1.jpeg?resize=11%2C12&amp;ssl=1 11w, https:\/\/i0.wp.com\/unisinucartagena.edu.co\/wp-content\/uploads\/2026\/04\/WhatsApp-Image-2026-04-17-at-4.17.24-PM-1.jpeg?w=1467&amp;ssl=1 1467w, https:\/\/i0.wp.com\/unisinucartagena.edu.co\/wp-content\/uploads\/2026\/04\/WhatsApp-Image-2026-04-17-at-4.17.24-PM-1.jpeg?w=1280&amp;ssl=1 1280w\" sizes=\"(max-width: 640px) 100vw, 640px\" \/><\/div>\n\t\t<\/figure>\n\t<\/div>\n<\/div><\/div><\/div><\/div><\/div><\/div><\/div><\/div><\/div><\/div>","protected":false},"excerpt":{"rendered":"Calendario de Admisiones Especializaciones y Maestr\u00edasCalendario de Admisiones Especializaciones M\u00e9dico Quir\u00fargicosCalendario de Admisiones Especializaciones y Maestr\u00edas Calendario de Admisiones Especializaciones M\u00e9dico Quir\u00fargicos","protected":false},"author":1,"featured_media":0,"parent":0,"menu_order":0,"comment_status":"closed","ping_status":"open","template":"","meta":{"_acf_changed":false,"_bbp_topic_count":0,"_bbp_reply_count":0,"_bbp_total_topic_count":0,"_bbp_total_reply_count":0,"_bbp_voice_count":0,"_bbp_anonymous_reply_count":0,"_bbp_topic_count_hidden":0,"_bbp_reply_count_hidden":0,"_bbp_forum_subforum_count":0,"_monsterinsights_skip_tracking":false,"_monsterinsights_sitenote_active":false,"_monsterinsights_sitenote_note":"","_monsterinsights_sitenote_category":0,"footnotes":""},"class_list":["post-61071","page","type-page","status-publish","hentry"],"acf":[],"aioseo_notices":[],"_links":{"self":[{"href":"https:\/\/unisinucartagena.edu.co\/en\/wp-json\/wp\/v2\/pages\/61071","targetHints":{"allow":["GET"]}}],"collection":[{"href":"https:\/\/unisinucartagena.edu.co\/en\/wp-json\/wp\/v2\/pages"}],"about":[{"href":"https:\/\/unisinucartagena.edu.co\/en\/wp-json\/wp\/v2\/types\/page"}],"author":[{"embeddable":true,"href":"https:\/\/unisinucartagena.edu.co\/en\/wp-json\/wp\/v2\/users\/1"}],"replies":[{"embeddable":true,"href":"https:\/\/unisinucartagena.edu.co\/en\/wp-json\/wp\/v2\/comments?post=61071"}],"version-history":[{"count":24,"href":"https:\/\/unisinucartagena.edu.co\/en\/wp-json\/wp\/v2\/pages\/61071\/revisions"}],"predecessor-version":[{"id":67665,"href":"https:\/\/unisinucartagena.edu.co\/en\/wp-json\/wp\/v2\/pages\/61071\/revisions\/67665"}],"wp:attachment":[{"href":"https:\/\/unisinucartagena.edu.co\/en\/wp-json\/wp\/v2\/media?parent=61071"}],"curies":[{"name":"wp","href":"https:\/\/api.w.org\/{rel}","templated":true}]}}