{"id":60775,"date":"2024-09-02T11:38:19","date_gmt":"2024-09-02T16:38:19","guid":{"rendered":"https:\/\/unisinucartagena.edu.co\/?page_id=60775"},"modified":"2024-09-03T08:40:10","modified_gmt":"2024-09-03T13:40:10","slug":"funciones-observatorio-de-salud-publica-unisinu","status":"publish","type":"page","link":"https:\/\/unisinucartagena.edu.co\/en\/funciones-observatorio-de-salud-publica-unisinu\/","title":{"rendered":"FUNCIONES &#8211; OBSERVATORIO DE SALUD P\u00daBLICA UNISINU"},"content":{"rendered":"<div data-elementor-type=\"wp-page\" data-elementor-id=\"60775\" class=\"elementor elementor-60775\" data-elementor-post-type=\"page\">\n\t\t\t\t\t\t<section class=\"elementor-section elementor-top-section elementor-element elementor-element-601984b elementor-section-full_width elementor-section-stretched elementor-section-height-default elementor-section-height-default\" data-id=\"601984b\" data-element_type=\"section\" data-e-type=\"section\" data-settings=\"{&quot;stretch_section&quot;:&quot;section-stretched&quot;}\">\n\t\t\t\t\t\t<div class=\"elementor-container elementor-column-gap-no\">\n\t\t\t\t\t<div class=\"elementor-column elementor-col-100 elementor-top-column elementor-element elementor-element-e8c3837\" data-id=\"e8c3837\" data-element_type=\"column\" data-e-type=\"column\">\n\t\t\t<div class=\"elementor-widget-wrap\">\n\t\t\t\t\t\t\t<\/div>\n\t\t<\/div>\n\t\t\t\t\t<\/div>\n\t\t<\/section>\n\t\t\t\t<section class=\"elementor-section elementor-top-section elementor-element elementor-element-a4e9ad6 elementor-section-full_width elementor-section-stretched elementor-section-height-default elementor-section-height-default\" data-id=\"a4e9ad6\" data-element_type=\"section\" data-e-type=\"section\" data-settings=\"{&quot;stretch_section&quot;:&quot;section-stretched&quot;}\">\n\t\t\t\t\t\t<div class=\"elementor-container elementor-column-gap-no\">\n\t\t\t\t\t<div class=\"elementor-column elementor-col-100 elementor-top-column elementor-element elementor-element-0809f08\" data-id=\"0809f08\" data-element_type=\"column\" data-e-type=\"column\">\n\t\t\t<div class=\"elementor-widget-wrap elementor-element-populated\">\n\t\t\t\t\t\t<div class=\"elementor-element elementor-element-3af9cec elementor--h-position-center elementor--v-position-middle elementor-arrows-position-inside elementor-pagination-position-inside elementor-widget elementor-widget-slides\" data-id=\"3af9cec\" data-element_type=\"widget\" data-e-type=\"widget\" data-settings=\"{&quot;navigation&quot;:&quot;both&quot;,&quot;autoplay&quot;:&quot;yes&quot;,&quot;pause_on_hover&quot;:&quot;yes&quot;,&quot;pause_on_interaction&quot;:&quot;yes&quot;,&quot;autoplay_speed&quot;:5000,&quot;infinite&quot;:&quot;yes&quot;,&quot;transition&quot;:&quot;slide&quot;,&quot;transition_speed&quot;:500}\" data-widget_type=\"slides.default\">\n\t\t\t\t<div class=\"elementor-widget-container\">\n\t\t\t\t\t\t\t\t\t<div class=\"elementor-swiper\">\n\t\t\t\t\t<div class=\"elementor-slides-wrapper elementor-main-swiper swiper\" role=\"region\" aria-roledescription=\"carousel\" aria-label=\"Slides\" dir=\"ltr\" data-animation=\"fadeInUp\" data-no-translation-aria-label=\"\">\n\t\t\t\t<div class=\"swiper-wrapper elementor-slides\">\n\t\t\t\t\t\t\t\t\t\t<div class=\"elementor-repeater-item-8a43188 swiper-slide\" role=\"group\" aria-roledescription=\"slide\"><div class=\"swiper-slide-bg\" role=\"img\" aria-label=\"Sin-t\u00edtulo-4\"><\/div><div class=\"swiper-slide-inner\" ><div class=\"swiper-slide-contents\"><\/div><\/div><\/div>\t\t\t\t<\/div>\n\t\t\t\t\t\t\t<\/div>\n\t\t\t\t<\/div>\n\t\t\t\t\t\t\t\t<\/div>\n\t\t\t\t<\/div>\n\t\t\t\t\t<\/div>\n\t\t<\/div>\n\t\t\t\t\t<\/div>\n\t\t<\/section>\n\t\t\t\t<section class=\"elementor-section elementor-top-section elementor-element elementor-element-727c67c3 elementor-section-height-min-height elementor-section-full_width elementor-section-stretched elementor-section-height-default elementor-section-items-middle\" data-id=\"727c67c3\" data-element_type=\"section\" data-e-type=\"section\" data-settings=\"{&quot;background_background&quot;:&quot;gradient&quot;,&quot;stretch_section&quot;:&quot;section-stretched&quot;}\">\n\t\t\t\t\t\t<div class=\"elementor-container elementor-column-gap-default\">\n\t\t\t\t\t<div class=\"elementor-column elementor-col-50 elementor-top-column elementor-element elementor-element-213744c3\" data-id=\"213744c3\" data-element_type=\"column\" data-e-type=\"column\">\n\t\t\t<div class=\"elementor-widget-wrap elementor-element-populated\">\n\t\t\t\t\t\t<div class=\"elementor-element elementor-element-166f78a3 elementor-widget__width-initial elementor-widget elementor-widget-image\" data-id=\"166f78a3\" data-element_type=\"widget\" data-e-type=\"widget\" data-widget_type=\"image.default\">\n\t\t\t\t<div class=\"elementor-widget-container\">\n\t\t\t\t\t\t\t\t\t\t\t\t\t\t\t\t<a href=\"https:\/\/unisinucartagena.edu.co\/en\">\n\t\t\t\t\t\t\t<img data-recalc-dims=\"1\" fetchpriority=\"high\" decoding=\"async\" width=\"640\" height=\"249\" src=\"https:\/\/i0.wp.com\/unisinucartagena.edu.co\/wp-content\/uploads\/2024\/08\/Sin-titulo-4-15.png?resize=640%2C249&#038;ssl=1\" class=\"attachment-full size-full wp-image-60718\" alt=\"\" srcset=\"https:\/\/i0.wp.com\/unisinucartagena.edu.co\/wp-content\/uploads\/2024\/08\/Sin-titulo-4-15.png?w=1014&amp;ssl=1 1014w, https:\/\/i0.wp.com\/unisinucartagena.edu.co\/wp-content\/uploads\/2024\/08\/Sin-titulo-4-15.png?resize=300%2C117&amp;ssl=1 300w, https:\/\/i0.wp.com\/unisinucartagena.edu.co\/wp-content\/uploads\/2024\/08\/Sin-titulo-4-15.png?resize=768%2C298&amp;ssl=1 768w, https:\/\/i0.wp.com\/unisinucartagena.edu.co\/wp-content\/uploads\/2024\/08\/Sin-titulo-4-15.png?resize=18%2C7&amp;ssl=1 18w\" sizes=\"(max-width: 640px) 100vw, 640px\" \/>\t\t\t\t\t\t\t\t<\/a>\n\t\t\t\t\t\t\t\t\t\t\t\t\t\t\t<\/div>\n\t\t\t\t<\/div>\n\t\t\t\t\t<\/div>\n\t\t<\/div>\n\t\t\t\t<div class=\"elementor-column elementor-col-50 elementor-top-column elementor-element elementor-element-232203aa\" data-id=\"232203aa\" data-element_type=\"column\" data-e-type=\"column\">\n\t\t\t<div class=\"elementor-widget-wrap elementor-element-populated\">\n\t\t\t\t\t\t<div class=\"elementor-element elementor-element-696603c7 elementor-nav-menu__align-end elementor-nav-menu--stretch elementor-nav-menu__text-align-center elementor-widget__width-initial elementor-nav-menu--dropdown-tablet elementor-nav-menu--toggle elementor-nav-menu--burger elementor-widget elementor-widget-nav-menu\" data-id=\"696603c7\" data-element_type=\"widget\" data-e-type=\"widget\" data-settings=\"{&quot;full_width&quot;:&quot;stretch&quot;,&quot;submenu_icon&quot;:{&quot;value&quot;:&quot;&lt;i class=\\&quot;fas fa-chevron-down\\&quot; aria-hidden=\\&quot;true\\&quot;&gt;&lt;\\\/i&gt;&quot;,&quot;library&quot;:&quot;fa-solid&quot;},&quot;layout&quot;:&quot;horizontal&quot;,&quot;toggle&quot;:&quot;burger&quot;}\" data-widget_type=\"nav-menu.default\">\n\t\t\t\t<div class=\"elementor-widget-container\">\n\t\t\t\t\t\t\t\t<nav aria-label=\"Men\u00fa\" class=\"elementor-nav-menu--main elementor-nav-menu__container elementor-nav-menu--layout-horizontal e--pointer-underline e--animation-drop-out\">\n\t\t\t\t<ul id=\"menu-1-696603c7\" class=\"elementor-nav-menu\"><li class=\"menu-item menu-item-type-custom menu-item-object-custom menu-item-60723 tc-menu-item tc-menu-depth-0 tc-menu-align-left tc-menu-layout-default\"><a href=\"https:\/\/unisinucartagena.edu.co\/en\/observatorio-de-salud-publica-unisinu\/\" class=\"elementor-item\">Start<\/a><\/li>\n<li class=\"menu-item menu-item-type-custom menu-item-object-custom menu-item-60724 tc-menu-item tc-menu-depth-0 tc-menu-align-left tc-menu-layout-default\"><a href=\"https:\/\/unisinucartagena.edu.co\/en\/objetivos-observatorio-de-salud-publica-unisinu\/\" class=\"elementor-item\">Objectives<\/a><\/li>\n<li class=\"menu-item menu-item-type-custom menu-item-object-custom menu-item-60725 tc-menu-item tc-menu-depth-0 tc-menu-align-left tc-menu-layout-default\"><a href=\"https:\/\/unisinucartagena.edu.co\/en\/funciones-observatorio-de-salud-publica-unisinu\/\" class=\"elementor-item\">Funciones<\/a><\/li>\n<li class=\"menu-item menu-item-type-custom menu-item-object-custom menu-item-60726 tc-menu-item tc-menu-depth-0 tc-menu-align-left tc-menu-layout-default\"><a href=\"https:\/\/unisinucartagena.edu.co\/en\/grupos-de-investigaciones-observatorio-de-salud-publica-unisinu\/\" class=\"elementor-item\">Grupos de Investigaciones<\/a><\/li>\n<li class=\"menu-item menu-item-type-custom menu-item-object-custom menu-item-60727 tc-menu-item tc-menu-depth-0 tc-menu-align-left tc-menu-layout-default\"><a href=\"https:\/\/unisinucartagena.edu.co\/en\/bolentin-eventos-observatorio-de-salud-publica-unisinu\/\" class=\"elementor-item\">Bolet\u00edn\/Eventos<\/a><\/li>\n<li class=\"menu-item menu-item-type-custom menu-item-object-custom menu-item-60728 tc-menu-item tc-menu-depth-0 tc-menu-align-left tc-menu-layout-default\"><a href=\"https:\/\/unisinucartagena.edu.co\/en\/contactos-observatorio-de-salud-publica-unisinu\/\" class=\"elementor-item\">Contacts<\/a><\/li>\n<\/ul>\t\t\t<\/nav>\n\t\t\t\t\t<div class=\"elementor-menu-toggle\" role=\"button\" tabindex=\"0\" aria-label=\"Menu Toggle\" aria-expanded=\"false\">\n\t\t\t<i aria-hidden=\"true\" role=\"presentation\" class=\"elementor-menu-toggle__icon--open eicon-menu-bar\"><\/i><i aria-hidden=\"true\" role=\"presentation\" class=\"elementor-menu-toggle__icon--close eicon-close\"><\/i>\t\t<\/div>\n\t\t\t\t\t<nav class=\"elementor-nav-menu--dropdown elementor-nav-menu__container\" aria-hidden=\"true\">\n\t\t\t\t<ul id=\"menu-2-696603c7\" class=\"elementor-nav-menu\"><li class=\"menu-item menu-item-type-custom menu-item-object-custom menu-item-60723 tc-menu-item tc-menu-depth-0 tc-menu-align-left tc-menu-layout-default\"><a href=\"https:\/\/unisinucartagena.edu.co\/en\/observatorio-de-salud-publica-unisinu\/\" class=\"elementor-item\" tabindex=\"-1\">Start<\/a><\/li>\n<li class=\"menu-item menu-item-type-custom menu-item-object-custom menu-item-60724 tc-menu-item tc-menu-depth-0 tc-menu-align-left tc-menu-layout-default\"><a href=\"https:\/\/unisinucartagena.edu.co\/en\/objetivos-observatorio-de-salud-publica-unisinu\/\" class=\"elementor-item\" tabindex=\"-1\">Objectives<\/a><\/li>\n<li class=\"menu-item menu-item-type-custom menu-item-object-custom menu-item-60725 tc-menu-item tc-menu-depth-0 tc-menu-align-left tc-menu-layout-default\"><a href=\"https:\/\/unisinucartagena.edu.co\/en\/funciones-observatorio-de-salud-publica-unisinu\/\" class=\"elementor-item\" tabindex=\"-1\">Funciones<\/a><\/li>\n<li class=\"menu-item menu-item-type-custom menu-item-object-custom menu-item-60726 tc-menu-item tc-menu-depth-0 tc-menu-align-left tc-menu-layout-default\"><a href=\"https:\/\/unisinucartagena.edu.co\/en\/grupos-de-investigaciones-observatorio-de-salud-publica-unisinu\/\" class=\"elementor-item\" tabindex=\"-1\">Grupos de Investigaciones<\/a><\/li>\n<li class=\"menu-item menu-item-type-custom menu-item-object-custom menu-item-60727 tc-menu-item tc-menu-depth-0 tc-menu-align-left tc-menu-layout-default\"><a href=\"https:\/\/unisinucartagena.edu.co\/en\/bolentin-eventos-observatorio-de-salud-publica-unisinu\/\" class=\"elementor-item\" tabindex=\"-1\">Bolet\u00edn\/Eventos<\/a><\/li>\n<li class=\"menu-item menu-item-type-custom menu-item-object-custom menu-item-60728 tc-menu-item tc-menu-depth-0 tc-menu-align-left tc-menu-layout-default\"><a href=\"https:\/\/unisinucartagena.edu.co\/en\/contactos-observatorio-de-salud-publica-unisinu\/\" class=\"elementor-item\" tabindex=\"-1\">Contacts<\/a><\/li>\n<\/ul>\t\t\t<\/nav>\n\t\t\t\t\t\t<\/div>\n\t\t\t\t<\/div>\n\t\t\t\t\t<\/div>\n\t\t<\/div>\n\t\t\t\t\t<\/div>\n\t\t<\/section>\n\t\t\t\t<section class=\"elementor-section elementor-top-section elementor-element elementor-element-3dfbebb elementor-section-boxed elementor-section-height-default elementor-section-height-default\" data-id=\"3dfbebb\" data-element_type=\"section\" data-e-type=\"section\">\n\t\t\t\t\t\t<div class=\"elementor-container elementor-column-gap-default\">\n\t\t\t\t\t<div class=\"elementor-column elementor-col-100 elementor-top-column elementor-element elementor-element-4c43297\" data-id=\"4c43297\" data-element_type=\"column\" data-e-type=\"column\">\n\t\t\t<div class=\"elementor-widget-wrap elementor-element-populated\">\n\t\t\t\t\t\t<div class=\"elementor-element elementor-element-a924816 elementor-widget elementor-widget-spacer\" data-id=\"a924816\" data-element_type=\"widget\" data-e-type=\"widget\" data-widget_type=\"spacer.default\">\n\t\t\t\t<div class=\"elementor-widget-container\">\n\t\t\t\t\t\t\t<div class=\"elementor-spacer\">\n\t\t\t<div class=\"elementor-spacer-inner\"><\/div>\n\t\t<\/div>\n\t\t\t\t\t\t<\/div>\n\t\t\t\t<\/div>\n\t\t\t\t\t<\/div>\n\t\t<\/div>\n\t\t\t\t\t<\/div>\n\t\t<\/section>\n\t\t\t\t<section class=\"elementor-section elementor-top-section elementor-element elementor-element-5f3a6ef elementor-section-boxed elementor-section-height-default elementor-section-height-default\" data-id=\"5f3a6ef\" data-element_type=\"section\" data-e-type=\"section\">\n\t\t\t\t\t\t<div class=\"elementor-container elementor-column-gap-default\">\n\t\t\t\t\t<div class=\"elementor-column elementor-col-100 elementor-top-column elementor-element elementor-element-6110a19\" data-id=\"6110a19\" data-element_type=\"column\" data-e-type=\"column\">\n\t\t\t<div class=\"elementor-widget-wrap elementor-element-populated\">\n\t\t\t\t\t\t<div class=\"elementor-element elementor-element-3cf27c64 e-transform elementor-invisible elementor-widget elementor-widget-icon-box\" data-id=\"3cf27c64\" data-element_type=\"widget\" data-e-type=\"widget\" data-settings=\"{&quot;_animation&quot;:&quot;fadeInDown&quot;,&quot;_transform_scale_effect_hover&quot;:{&quot;unit&quot;:&quot;px&quot;,&quot;size&quot;:0.9,&quot;sizes&quot;:[]},&quot;_transform_scale_effect_hover_tablet&quot;:{&quot;unit&quot;:&quot;px&quot;,&quot;size&quot;:&quot;&quot;,&quot;sizes&quot;:[]},&quot;_transform_scale_effect_hover_mobile&quot;:{&quot;unit&quot;:&quot;px&quot;,&quot;size&quot;:&quot;&quot;,&quot;sizes&quot;:[]}}\" data-widget_type=\"icon-box.default\">\n\t\t\t\t<div class=\"elementor-widget-container\">\n\t\t\t\t\t\t\t<div class=\"elementor-icon-box-wrapper\">\n\n\t\t\t\n\t\t\t\t\t\t<div class=\"elementor-icon-box-content\">\n\n\t\t\t\t\n\t\t\t\t\t\t\t\t\t<p class=\"elementor-icon-box-description\">\n\t\t\t\t\t\t\u00bfDel que hacer del\t\t\t\t\t<\/p>\n\t\t\t\t\n\t\t\t<\/div>\n\t\t\t\n\t\t<\/div>\n\t\t\t\t\t\t<\/div>\n\t\t\t\t<\/div>\n\t\t\t\t<div class=\"elementor-element elementor-element-91756cd e-transform elementor-invisible elementor-widget elementor-widget-icon-box\" data-id=\"91756cd\" data-element_type=\"widget\" data-e-type=\"widget\" data-settings=\"{&quot;_animation&quot;:&quot;fadeInDown&quot;,&quot;_transform_scale_effect_hover&quot;:{&quot;unit&quot;:&quot;px&quot;,&quot;size&quot;:0.9,&quot;sizes&quot;:[]},&quot;_transform_scale_effect_hover_tablet&quot;:{&quot;unit&quot;:&quot;px&quot;,&quot;size&quot;:&quot;&quot;,&quot;sizes&quot;:[]},&quot;_transform_scale_effect_hover_mobile&quot;:{&quot;unit&quot;:&quot;px&quot;,&quot;size&quot;:&quot;&quot;,&quot;sizes&quot;:[]}}\" data-widget_type=\"icon-box.default\">\n\t\t\t\t<div class=\"elementor-widget-container\">\n\t\t\t\t\t\t\t<div class=\"elementor-icon-box-wrapper\">\n\n\t\t\t\n\t\t\t\t\t\t<div class=\"elementor-icon-box-content\">\n\n\t\t\t\t\n\t\t\t\t\t\t\t\t\t<p class=\"elementor-icon-box-description\">\n\t\t\t\t\t\tObservatorio de Salud P\u00fablica?\t\t\t\t\t<\/p>\n\t\t\t\t\n\t\t\t<\/div>\n\t\t\t\n\t\t<\/div>\n\t\t\t\t\t\t<\/div>\n\t\t\t\t<\/div>\n\t\t\t\t<div class=\"elementor-element elementor-element-f069065 elementor-invisible elementor-widget elementor-widget-text-editor\" data-id=\"f069065\" data-element_type=\"widget\" data-e-type=\"widget\" data-settings=\"{&quot;_animation&quot;:&quot;fadeInUp&quot;}\" data-widget_type=\"text-editor.default\">\n\t\t\t\t<div class=\"elementor-widget-container\">\n\t\t\t\t\t\t\t\t\tEl OSP-UNISINU en su estrategia de recolecci\u00f3n de la informaci\u00f3n, de an\u00e1lisis y\ntransformaci\u00f3n de datos en conocimiento \u00fatil y transferible, tiene como prop\u00f3sito\nfacilitar la toma de decisiones y dise\u00f1ar nuevas formas de intervenci\u00f3n o de\ncomunicaci\u00f3n de saberes, para minimizar o resolver problem\u00e1ticas de salud\np\u00fablica a nivel local, o regional.<br><br>\nPara ello se implementa y desarrolla un Sistema de Informaci\u00f3n articulado a los\nsistemas de informaci\u00f3n locales y regionales existentes, que le permita identificar\nfuentes primarias y secundarias de informaci\u00f3n, monitorear indicadores, dise\u00f1ar\nmodelos de an\u00e1lisis, evaluar tendencias, predecir eventos, analizar factores de\nriesgo y determinantes sociales de la salud, para dise\u00f1ar estrategias, formular\nrecomendaciones y evaluar pol\u00edticas p\u00fablicas apoyadas en las discusiones\nt\u00e9cnico-cient\u00edficas con diferentes actores.\n<br><br>\nEsta informaci\u00f3n ser\u00e1 transformada en comunicaciones accesibles a redes de\nconocimiento y a la ciudadan\u00eda independientemente de su grado de escolaridad,\netnia, o grupo social.\t\t\t\t\t\t\t\t<\/div>\n\t\t\t\t<\/div>\n\t\t\t\t\t<\/div>\n\t\t<\/div>\n\t\t\t\t\t<\/div>\n\t\t<\/section>\n\t\t\t\t<section class=\"elementor-section elementor-top-section elementor-element elementor-element-1dbf53b elementor-section-boxed elementor-section-height-default elementor-section-height-default\" data-id=\"1dbf53b\" data-element_type=\"section\" data-e-type=\"section\">\n\t\t\t\t\t\t<div class=\"elementor-container elementor-column-gap-default\">\n\t\t\t\t\t<div class=\"elementor-column elementor-col-100 elementor-top-column elementor-element elementor-element-2cbed66\" data-id=\"2cbed66\" data-element_type=\"column\" data-e-type=\"column\">\n\t\t\t<div class=\"elementor-widget-wrap elementor-element-populated\">\n\t\t\t\t\t\t<div class=\"elementor-element elementor-element-f73a538 elementor-widget elementor-widget-spacer\" data-id=\"f73a538\" data-element_type=\"widget\" data-e-type=\"widget\" data-widget_type=\"spacer.default\">\n\t\t\t\t<div class=\"elementor-widget-container\">\n\t\t\t\t\t\t\t<div class=\"elementor-spacer\">\n\t\t\t<div class=\"elementor-spacer-inner\"><\/div>\n\t\t<\/div>\n\t\t\t\t\t\t<\/div>\n\t\t\t\t<\/div>\n\t\t\t\t\t<\/div>\n\t\t<\/div>\n\t\t\t\t\t<\/div>\n\t\t<\/section>\n\t\t\t\t<section class=\"elementor-section elementor-top-section elementor-element elementor-element-c41eb24 elementor-section-boxed elementor-section-height-default elementor-section-height-default\" data-id=\"c41eb24\" data-element_type=\"section\" data-e-type=\"section\">\n\t\t\t\t\t\t<div class=\"elementor-container elementor-column-gap-default\">\n\t\t\t\t\t<div class=\"elementor-column elementor-col-100 elementor-top-column elementor-element elementor-element-a8e1cc3\" data-id=\"a8e1cc3\" data-element_type=\"column\" data-e-type=\"column\">\n\t\t\t<div class=\"elementor-widget-wrap elementor-element-populated\">\n\t\t\t\t\t\t<div class=\"elementor-element elementor-element-cb76e44 elementor-view-default elementor-widget elementor-widget-icon\" data-id=\"cb76e44\" data-element_type=\"widget\" data-e-type=\"widget\" data-widget_type=\"icon.default\">\n\t\t\t\t<div class=\"elementor-widget-container\">\n\t\t\t\t\t\t\t<div class=\"elementor-icon-wrapper\">\n\t\t\t<div class=\"elementor-icon elementor-animation-shrink\">\n\t\t\t<svg xmlns=\"http:\/\/www.w3.org\/2000\/svg\" id=\"Layer_1\" viewbox=\"0 0 512 512\"><path d=\"m114.904 348.729h-44.548c-4.418 0-8 3.582-8 8v96.497c0 4.418 3.582 8 8 8h44.548c4.418 0 8-3.582 8-8v-96.497c0-4.418-3.582-8-8-8zm-8 96.497h-28.548v-80.497h28.548zm286.792-195.219h-44.548c-4.418 0-8 3.582-8 8v195.219c0 4.418 3.582 8 8 8h44.548c4.418 0 8-3.582 8-8v-195.219c0-4.419-3.582-8-8-8zm-8 195.219h-28.548v-179.219h28.548zm124.03-217.544-38.647-59.991c-1.474-2.286-4.006-3.667-6.726-3.667s-5.252 1.381-6.726 3.667l-38.647 59.991c-1.585 2.461-1.699 5.592-.298 8.163s4.096 4.17 7.023 4.17h8.373v213.211c0 4.418 3.582 8 8 8h44.549c4.418 0 8-3.582 8-8v-213.211h8.373c2.928 0 5.622-1.6 7.023-4.17s1.288-5.701-.297-8.163zm-23.099-3.667c-4.418 0-8 3.582-8 8v213.211h-28.549v-213.211c0-4.418-3.582-8-8-8h-1.703l23.978-37.219 23.978 37.219zm-185.861 59.234h-44.548c-4.418 0-8 3.582-8 8v161.977c0 4.418 3.582 8 8 8h44.548c4.418 0 8-3.582 8-8v-161.977c0-4.418-3.582-8-8-8zm-8 161.977h-28.548v-145.977h28.548zm-84.931-134.272h-44.548c-4.418 0-8 3.582-8 8v134.271c0 4.418 3.582 8 8 8h44.548c4.418 0 8-3.582 8-8v-134.271c0-4.418-3.582-8-8-8zm-8 134.272h-28.548v-118.272h28.548zm-15.619-274.065h-167.216v282.065c0 4.418-3.582 8-8 8s-8-3.582-8-8v-394.451c0-4.418 3.582-8 8-8s8 3.582 8 8v11.544h167.216c3.426 0 6.472 2.182 7.574 5.426 1.103 3.244.018 6.83-2.699 8.917l-45.638 35.073 45.808 37.217c2.628 2.135 3.627 5.694 2.494 8.886-1.133 3.19-4.152 5.323-7.539 5.323zm241.052-12.225c-27.382 24.99-58.418 53.315-108.98 76.993-58.057 27.187-131.18 42.964-223.549 48.232-.154.009-.309.013-.461.013-4.002 0-7.422-2.978-7.931-6.994-.528-4.171 2.261-8.039 6.386-8.854 147.154-29.087 242.91-80.891 292.479-158.279l-10.908-15.301c-1.667-2.338-1.953-5.391-.749-7.998 1.203-2.607 3.712-4.369 6.573-4.616l75.941-6.568c2.447-.211 4.851.71 6.529 2.503 1.678 1.792 2.439 4.254 2.067 6.68l-11.563 75.408c-.482 3.146-2.782 5.706-5.858 6.521-3.075.813-6.342-.271-8.318-2.765l-7.179-9.059c-1.484 1.35-2.976 2.712-4.479 4.084z\"><\/path><\/svg>\t\t\t<\/div>\n\t\t<\/div>\n\t\t\t\t\t\t<\/div>\n\t\t\t\t<\/div>\n\t\t\t\t<div class=\"elementor-element elementor-element-d3b8d6a e-transform elementor-widget elementor-widget-icon-box\" data-id=\"d3b8d6a\" data-element_type=\"widget\" data-e-type=\"widget\" data-settings=\"{&quot;_transform_scale_effect_hover&quot;:{&quot;unit&quot;:&quot;px&quot;,&quot;size&quot;:0.9,&quot;sizes&quot;:[]},&quot;_transform_scale_effect_hover_tablet&quot;:{&quot;unit&quot;:&quot;px&quot;,&quot;size&quot;:&quot;&quot;,&quot;sizes&quot;:[]},&quot;_transform_scale_effect_hover_mobile&quot;:{&quot;unit&quot;:&quot;px&quot;,&quot;size&quot;:&quot;&quot;,&quot;sizes&quot;:[]}}\" data-widget_type=\"icon-box.default\">\n\t\t\t\t<div class=\"elementor-widget-container\">\n\t\t\t\t\t\t\t<div class=\"elementor-icon-box-wrapper\">\n\n\t\t\t\n\t\t\t\t\t\t<div class=\"elementor-icon-box-content\">\n\n\t\t\t\t\n\t\t\t\t\t\t\t\t\t<p class=\"elementor-icon-box-description\">\n\t\t\t\t\t\tA corto, medio y largo plazo\t\t\t\t\t<\/p>\n\t\t\t\t\n\t\t\t<\/div>\n\t\t\t\n\t\t<\/div>\n\t\t\t\t\t\t<\/div>\n\t\t\t\t<\/div>\n\t\t\t\t<div class=\"elementor-element elementor-element-e07675f elementor-widget elementor-widget-text-editor\" data-id=\"e07675f\" data-element_type=\"widget\" data-e-type=\"widget\" data-widget_type=\"text-editor.default\">\n\t\t\t\t<div class=\"elementor-widget-container\">\n\t\t\t\t\t\t\t\t\t<ul style=\"list-style-type: disc;\"><li>Acceder a diferentes fuentes de informaci\u00f3n.<\/li><li>Disponer, transferir y difundir nuevo conocimiento.<\/li><li>Incentivar l\u00edneas de investigaci\u00f3n con otros Observatorios, la academia y sociedades cient\u00edficas.<\/li><li>Identificar brechas en la informaci\u00f3n y fomentar el incremento de la evidencia en salud para el pa\u00eds.<\/li><li>Impulsar la intersectorialidad y colaboraci\u00f3n entre actores para la integraci\u00f3n de fuentes de informaci\u00f3n.<\/li><li>Monitorear cambios, comportamientos y tendencias de los resultados de salud y las desigualdades com\u00fanmente asociadas a estos, para destacar \u00e1reas de acci\u00f3n.<\/li><li>Orientar la formulaci\u00f3n y aplicaci\u00f3n de pol\u00edticas e intervenciones en salud<\/li><li>Monitorear y evaluar la situaci\u00f3n de salud entre poblaciones espec\u00edficas y el impacto de intervenciones adelantadas.<\/li><li>Fomentar la participaci\u00f3n social y la acci\u00f3n intersectorial.<\/li><li>Generar y alimentar las redes de conocimiento.<\/li><\/ul>\t\t\t\t\t\t\t\t<\/div>\n\t\t\t\t<\/div>\n\t\t\t\t\t<\/div>\n\t\t<\/div>\n\t\t\t\t\t<\/div>\n\t\t<\/section>\n\t\t\t\t<section class=\"elementor-section elementor-top-section elementor-element elementor-element-5c9ed8b elementor-section-boxed elementor-section-height-default elementor-section-height-default\" data-id=\"5c9ed8b\" data-element_type=\"section\" data-e-type=\"section\">\n\t\t\t\t\t\t<div class=\"elementor-container elementor-column-gap-default\">\n\t\t\t\t\t<div class=\"elementor-column elementor-col-100 elementor-top-column elementor-element elementor-element-ad16bc1\" data-id=\"ad16bc1\" data-element_type=\"column\" data-e-type=\"column\">\n\t\t\t<div class=\"elementor-widget-wrap elementor-element-populated\">\n\t\t\t\t\t\t<div class=\"elementor-element elementor-element-33a9cac elementor-widget elementor-widget-spacer\" data-id=\"33a9cac\" data-element_type=\"widget\" data-e-type=\"widget\" data-widget_type=\"spacer.default\">\n\t\t\t\t<div class=\"elementor-widget-container\">\n\t\t\t\t\t\t\t<div class=\"elementor-spacer\">\n\t\t\t<div class=\"elementor-spacer-inner\"><\/div>\n\t\t<\/div>\n\t\t\t\t\t\t<\/div>\n\t\t\t\t<\/div>\n\t\t\t\t\t<\/div>\n\t\t<\/div>\n\t\t\t\t\t<\/div>\n\t\t<\/section>\n\t\t\t\t<\/div>","protected":false},"excerpt":{"rendered":"<p>\u00bfDel que hacer del Observatorio de Salud P\u00fablica? El OSP-UNISINU en su estrategia de recolecci\u00f3n de la informaci\u00f3n, de an\u00e1lisis y transformaci\u00f3n de datos en conocimiento \u00fatil y transferible, tiene como prop\u00f3sito facilitar la toma de decisiones y dise\u00f1ar nuevas &hellip; <\/p>","protected":false},"author":1,"featured_media":0,"parent":0,"menu_order":0,"comment_status":"closed","ping_status":"open","template":"page-templates\/homepage.php","meta":{"_acf_changed":false,"_bbp_topic_count":0,"_bbp_reply_count":0,"_bbp_total_topic_count":0,"_bbp_total_reply_count":0,"_bbp_voice_count":0,"_bbp_anonymous_reply_count":0,"_bbp_topic_count_hidden":0,"_bbp_reply_count_hidden":0,"_bbp_forum_subforum_count":0,"_monsterinsights_skip_tracking":false,"_monsterinsights_sitenote_active":false,"_monsterinsights_sitenote_note":"","_monsterinsights_sitenote_category":0,"footnotes":""},"class_list":["post-60775","page","type-page","status-publish","hentry"],"acf":[],"aioseo_notices":[],"_links":{"self":[{"href":"https:\/\/unisinucartagena.edu.co\/en\/wp-json\/wp\/v2\/pages\/60775","targetHints":{"allow":["GET"]}}],"collection":[{"href":"https:\/\/unisinucartagena.edu.co\/en\/wp-json\/wp\/v2\/pages"}],"about":[{"href":"https:\/\/unisinucartagena.edu.co\/en\/wp-json\/wp\/v2\/types\/page"}],"author":[{"embeddable":true,"href":"https:\/\/unisinucartagena.edu.co\/en\/wp-json\/wp\/v2\/users\/1"}],"replies":[{"embeddable":true,"href":"https:\/\/unisinucartagena.edu.co\/en\/wp-json\/wp\/v2\/comments?post=60775"}],"version-history":[{"count":19,"href":"https:\/\/unisinucartagena.edu.co\/en\/wp-json\/wp\/v2\/pages\/60775\/revisions"}],"predecessor-version":[{"id":60829,"href":"https:\/\/unisinucartagena.edu.co\/en\/wp-json\/wp\/v2\/pages\/60775\/revisions\/60829"}],"wp:attachment":[{"href":"https:\/\/unisinucartagena.edu.co\/en\/wp-json\/wp\/v2\/media?parent=60775"}],"curies":[{"name":"wp","href":"https:\/\/api.w.org\/{rel}","templated":true}]}}