{"id":59994,"date":"2024-07-04T15:34:15","date_gmt":"2024-07-04T20:34:15","guid":{"rendered":"https:\/\/unisinucartagena.edu.co\/?page_id=59994"},"modified":"2026-01-21T10:35:07","modified_gmt":"2026-01-21T15:35:07","slug":"especializacion-en-radiologia-e-imagenes-diagnosticas-snies-111754","status":"publish","type":"page","link":"https:\/\/unisinucartagena.edu.co\/en\/especializacion-en-radiologia-e-imagenes-diagnosticas-snies-111754\/","title":{"rendered":"Especializaci\u00f3n en RADIOLOG\u00cdA E IM\u00c1GENES DIAGN\u00d3STICAS &#8211; SNIES: 111754"},"content":{"rendered":"<div id=\"pl-59994\"  class=\"panel-layout\" ><div id=\"pg-59994-0\"  class=\"panel-grid panel-no-style\" ><div id=\"pgc-59994-0-0\"  class=\"panel-grid-cell\" ><div id=\"panel-59994-0-0-0\" class=\"so-panel widget widget_sow-editor panel-first-child panel-last-child\" data-index=\"0\" ><div\n\t\t\t\n\t\t\tclass=\"so-widget-sow-editor so-widget-sow-editor-base\"\n\t\t\t\n\t\t>\n<div class=\"siteorigin-widget-tinymce textwidget\">\n\t<p>Registro Calificado MEN: Resoluci\u00f3n\u00a0 008625 de 28 de mayo de 2024, Fecha de vencimiento del Registro Calificado: 28 de Mayo de 2031<\/p>\n<\/div>\n<\/div><\/div><\/div><\/div><div id=\"pg-59994-1\"  class=\"panel-grid panel-no-style\" ><div id=\"pgc-59994-1-0\"  class=\"panel-grid-cell\" ><div id=\"panel-59994-1-0-0\" class=\"so-panel widget widget_button panel-first-child panel-last-child\" data-index=\"1\" ><div class=\"thim-widget-button thim-widget-button-base template-base\"><a class=\"widget-button  no-border normal custom_style\" href=\"http:\/\/goo.gl\/forms\/cRio8wtMEi\" target=\"_blank\" style=\"font-size: 14px;font-weight: normal;background-color: #dd3333;\" data-hover=\"font-size: 14px;font-weight: normal;\"><i class=\"envelope-o\" style=\"font-size: 14px;\"><\/i> I want to know more<\/a><\/div><\/div><\/div><div id=\"pgc-59994-1-1\"  class=\"panel-grid-cell\" ><div id=\"panel-59994-1-1-0\" class=\"so-panel widget widget_button panel-first-child panel-last-child\" data-index=\"2\" ><div class=\"thim-widget-button thim-widget-button-base template-base\"><a class=\"widget-button  no-border normal custom_style\" href=\"https:\/\/drive.google.com\/file\/d\/12715OjPeB0cO50NvQL1mqcugKODYsRJt\/view?usp=drive_open\" target=\"_blank\" style=\"font-size: 14px;font-weight: normal;background-color: #dd3333;\" data-hover=\"font-size: 14px;font-weight: normal;\"><i class=\"file-text-o\" style=\"font-size: 14px;\"><\/i> Download Brochure<\/a><\/div><\/div><\/div><div id=\"pgc-59994-1-2\"  class=\"panel-grid-cell panel-grid-cell-empty panel-grid-cell-mobile-last\" ><\/div><div id=\"pgc-59994-1-3\"  class=\"panel-grid-cell panel-grid-cell-empty\" ><\/div><\/div><div id=\"pg-59994-2\"  class=\"panel-grid panel-no-style\" ><div id=\"pgc-59994-2-0\"  class=\"panel-grid-cell\" ><div id=\"panel-59994-2-0-0\" class=\"so-panel widget widget_text panel-first-child\" data-index=\"3\" >\t\t\t<div class=\"textwidget\"><p style=\"text-align: justify;\">Formar especialistas en el \u00e1rea, asimismo, desarrollar investigaci\u00f3n y proyecci\u00f3n social, que asegure la ampliaci\u00f3n de las fronteras del conocimiento en este campo del saber, basados en evidencia cient\u00edfica.<\/p>\n<h2><\/h2>\n<\/div>\n\t\t<\/div><div id=\"panel-59994-2-0-1\" class=\"widget_text so-panel widget widget_custom_html\" data-index=\"4\" ><div class=\"textwidget custom-html-widget\"><table>\n<thead>\n<tr>\n<th>TITLE TO ISSUE<\/th>\n<th>ESPECIALISTA EN RADIOLOG\u00cdA E IM\u00c1GENES DIAGN\u00d3STICAS<\/th>\n<\/tr>\n<\/thead>\n<tbody>\n<tr>\n<td>DURATION<\/td>\n<td>4 years<\/td>\n<\/tr>\n\t<tr>\n<td>VALOR TOTAL MATR\u00cdCULA<\/td>\n<td>221.857.000 + 1% VALOR ESTAMPILLA DISTRITAL PROCULTURA<\/td>\n<\/tr>\n<tr>\n<tr>\n<td>ADMISSION PERIOD<\/td>\n<td>Annual<\/td>\n<\/tr>\n<tr>\n<td>REG. MEN QUALIFIED:<\/td>\n<td>Resoluci\u00f3n\u00a0 008625 de 28 de mayo de 2024, Fecha de vencimiento del Registro Calificado: 28 de Mayo de 2031<\/td>\n<\/tr>\n<tr>\n<td>SNIES<\/td>\n<td>111754<\/td>\n<\/tr>\n<tr>\n<td>N\u00b0 DE CR\u00c9DITOS<\/td>\n<td>251<\/td>\n<\/tr>\n<\/tbody>\n<\/table><\/div><\/div><div id=\"panel-59994-2-0-2\" class=\"so-panel widget widget_tab\" data-index=\"5\" ><div class=\"thim-widget-tab thim-widget-tab-base template-base\"><ul class=\"nav nav-tabs\" role=\"tablist\"><li role=\"presentation\" class='active tab-col-5'><a href=\"#thim-widget-tab-11776635728-1-52\"  role=\"tab\" data-toggle=\"tab\">Proceso de Inscripci\u00f3n<\/a><\/li><li role=\"presentation\" class='tab-col-5'><a href=\"#thim-widget-tab-21776635728-1-52\"  role=\"tab\" data-toggle=\"tab\">Registration requirements<\/a><\/li><li role=\"presentation\" class='tab-col-5'><a href=\"#thim-widget-tab-31776635728-1-52\"  role=\"tab\" data-toggle=\"tab\">Requisitos para Seleccionados<\/a><\/li><li role=\"presentation\" class='tab-col-5'><a href=\"#thim-widget-tab-41776635728-1-52\"  role=\"tab\" data-toggle=\"tab\">Proceso de Matr\u00edcula<\/a><\/li><li role=\"presentation\" class='tab-col-5'><a href=\"#thim-widget-tab-51776635728-1-52\"  role=\"tab\" data-toggle=\"tab\">Par\u00e1metros de selecci\u00f3n <\/a><\/li><\/ul><div class=\"tab-content\"> <div role=\"tabpanel\" class=\"tab-pane active\" id=\"thim-widget-tab-11776635728-1-52\"><h3>Para realizar la inscripci\u00f3n, ingrese a la plataforma Elysa a trav\u00e9s del enlace de la p\u00e1gina web<\/h3>\n<h3><a href=\"http:\/\/elysa.unisinu.edu.co\/psc\/csadm\/EMPLOYEE\/HRMS\/c\/UA_FRM_ADMISION_MNU.UA_ADMISION_LOGIN.GBL?&amp;userid=US_FRMLRADMSN_NV&amp;pwd=Vp@+3mq0o&amp;languageCd=ESP&amp;\">INSCRIPCIONES POSGRADOS O CLIC AQU\u00cd<\/a><\/h3>\n\n<ul>\n  <li>El aspirante al momento de inscribirse debe verificar que cuenta con toda la documentaci\u00f3n solicitada para realizar la inscripci\u00f3n, que el examen de admisi\u00f3n se realiza en una sola franja de tiempo, se recomienda inscribirse en un (1) solo programa acad\u00e9mico de especialidad, a fin que en el tiempo dispuesto por la Universidad deba presentarse el examen de admisi\u00f3n para todos los programas inscritos., En caso de inscribirse a m\u00e1s de un programa no habr\u00e1 derecho a devoluci\u00f3n de dinero por este concepto.<\/li>\n  <li>Diligencie el formulario de inscripci\u00f3n.<\/li>\n  <li>Imprima el volante de inscripci\u00f3n y cancele el valor correspondiente en el banco indicado o a trav\u00e9s de la plataforma, antes de la fecha de vencimiento.<\/li>\n  <li>Verifique que los documentos aportados sean los solicitados en los requisitos de inscripci\u00f3n.<\/li>\n  <li>Suba a la plataforma los documentos solicitados, ingresando al formulario de Inscripci\u00f3n paso No.5.Si presenta dificultas escriba al correo: <strong>mercadeoposgrado@unisinucartagena.edu.co.<\/strong><\/li>\n  <li>Si sus documentos cumplen con los requisitos de inscripci\u00f3n, recibir\u00e1 notificaci\u00f3n de <strong>APROBADO<\/strong>; en caso contrario, recibir\u00e1 notificaci\u00f3n de <strong>RECHAZADO<\/strong> y podr\u00e1, dentro de las fechas establecidas para la inscripci\u00f3n, subsanar lo requerido.<\/li>\n\n<\/ul>\n\n<p><strong>Important:<\/strong> Para asegurar una <strong>inscripci\u00f3n exitosa<\/strong>, debe verificar que la documentaci\u00f3n est\u00e9 completa antes de cerrar el proceso. Una vez que el periodo de inscripciones finaliza, no podr\u00e1 subir documentos adicionales a la plataforma. Es fundamental cargar todos los documentos requeridos antes de la fecha de cierre, ya que la plataforma no permitir\u00e1 agregar ni modificar documentos despu\u00e9s de ese momento.<\/p><\/div> <div role=\"tabpanel\" class=\"tab-pane\" id=\"thim-widget-tab-21776635728-1-52\"><h3>REGISTRATION REQUIREMENTS<\/h3>\n\n<ul><strong>Importante: Todos los documentos deben ser cargados al sistema de informaci\u00f3n a trav\u00e9s del formulario de Inscripci\u00f3n PASO 5, por el interesado en formato PDF<\/strong><\/ul>\n\n<ul>\n\t\n \t<li>Formulario de inscripci\u00f3n debidamente diligenciado, firmado y con las fotos pegadas en el recuadro correspondiente.<\/li>\n \t<li>Proof of payment for registration fee.<\/li>\n \t<li>Fotocopia del Acta de Grado y del Diploma.<\/li>\n        <li>Resoluci\u00f3n de haber cumplido con el servicio social obligatorio o certificado de exoneraci\u00f3n.<\/li>\n \t<li>Resultado Pruebas Saber Pro (ECAES).*<\/li>\n \t<li>Fotocopia de la c\u00e9dula ampliada 150%.*<\/li>\n \t<li>3 fotos 3x4, en blanco y negro (pegadas en los recuadros del formulario de inscripci\u00f3n.)<\/li>\n<\/ul>\n<strong>*<\/strong>\u00a0No aplica para extranjeros.<br>\n\n<h3>ADDITIONAL DOCUMENTS FOREIGN APPLICANTS<\/h3>\n<ul>\n\n \t<li>Photocopy of the passport.<\/li>\n \t<li>Undergraduate degree or its equivalent that accredits you as a professional must be validated by the Ministry of National Education of Colombia. All documents that are not in Spanish must be translated.<\/li>\n \t<li>Los certificados y el diploma deben contar con el sello de apostilla Ministerio de Exterior o Entidad encargada de este tr\u00e1mite en el pa\u00eds de origen.<\/li>\n<\/ul><\/div> <div role=\"tabpanel\" class=\"tab-pane\" id=\"thim-widget-tab-31776635728-1-52\"><h3>REQUISITOS PARA SELECCIONADOS A ENTREVISTA<\/h3>\n<ul>\n\n \t<li>Hoja de Vida (con anexos verificables).<\/li>\n \t<li>Originales de calificaciones de estudios de Pregrado, incluyendo notas del a\u00f1o de internado.<\/li>\n \t<li>Certificado de Promedio cr\u00e9dito Acumulado de toda la carrera (Incluido Internado).<\/li>\n       \n \t\n<\/ul>\n<strong>IMPORTANTE: Incluir certificaci\u00f3n en un segundo idioma de acuerdo con el Marco Com\u00fan\nEuropeo.<\/strong>\n<br>\n<strong>Los anteriores documentos deben ser enviados al correo: posgradosinscripcionesunisinu@unisinucartagena.edu.co<\/strong><\/div> <div role=\"tabpanel\" class=\"tab-pane\" id=\"thim-widget-tab-41776635728-1-52\"><h3>ENTREGA DE DOCUMENTACI\u00d3N REQUERIDA PARA LA MATR\u00cdCULA<\/h3>\n<h3>En la Oficina de Admisiones, Sede Campus Santillana Av. El Bosque, Trasnv. 54 N\u00ba 30-453<\/h3>\n<ul>\n \t<li>Fotocopia del Recibo de Matr\u00edcula cancelado.<\/li>\n        <li>Certificado de Vacunaci\u00f3n (Hepatitis B, T\u00e9tano y Meningococo).<\/li>\n        <li> Afiliaci\u00f3n vigente al SGSSS.<\/li>\n \t\n<\/ul>\n\n<h3>REQUIRED ADDITIONAL DOCUMENTATION REGISTRATION FOR FOREIGNERS<\/h3>\n\n\n\n\n\n<ul>\n\n \t<li>Fotocopia c\u00e9dula de extranjer\u00eda vigente.<\/li>\n \t<li>Fotocopia de la visa de estudiante vigente.<\/li>\n \t<li>Fotocopia del Recibo de Matr\u00edcula cancelado.<\/li>\n        <li>Certificado de Vacunaci\u00f3n (Hepatitis B, T\u00e9tano y Meningococo).<\/li>\n        <li> Afiliaci\u00f3n vigente al SGSSS.<\/li>\n \t\n<\/ul>\n\n\n<strong>\u00a1Nota Importante! Los documentos exigidos para la Inscripci\u00f3n deben ser presentados a la Oficina de Admisiones, ubicada en la Sede Campus Santillana Av. El Bosque, Trasnv. 54 N\u00ba 30-453\n<\/strong><\/div> <div role=\"tabpanel\" class=\"tab-pane\" id=\"thim-widget-tab-51776635728-1-52\"><h3>SELECTION PARAMETERS<\/h3>\n<br>\n\n<ul>\n  <li><strong>Examen de Admisi\u00f3n:<\/strong> 60%<\/li>\n  <li><strong>Interview:<\/strong> 10%<\/li>\n  <ul>\n    <li>Concepto Mesa de Entrevistadores: 5%<\/li>\n    <li>Pruebas de Lecto-escritura y Pruebas Psicot\u00e9cnicas: 5%<\/li>\n  <\/ul>\n  <li><strong>Comit\u00e9 de Admisiones:<\/strong> 30%<\/li>\n<\/ul>\n\n<p>El Comit\u00e9 de Admisiones recibir\u00e1 los resultados y los analizar\u00e1 junto con la hoja de vida, llegando a un consenso para definir los admitidos.<\/p><\/div><\/div><\/div><\/div><div id=\"panel-59994-2-0-3\" class=\"so-panel widget widget_text\" data-index=\"6\" ><h3 class=\"widget-title\">Study plan<\/h3>\t\t\t<div class=\"textwidget\"><\/div>\n\t\t<\/div><div id=\"panel-59994-2-0-4\" class=\"so-panel widget widget_tab panel-last-child\" data-index=\"7\" ><div class=\"thim-widget-tab thim-widget-tab-base template-base\"><ul class=\"nav nav-tabs\" role=\"tablist\"><li role=\"presentation\" class='active tab-col-4'><a href=\"#thim-widget-tab-11776635728-1-80\"  role=\"tab\" data-toggle=\"tab\">1st year<\/a><\/li><li role=\"presentation\" class='tab-col-4'><a href=\"#thim-widget-tab-21776635728-1-80\"  role=\"tab\" data-toggle=\"tab\">2nd year<\/a><\/li><li role=\"presentation\" class='tab-col-4'><a href=\"#thim-widget-tab-31776635728-1-80\"  role=\"tab\" data-toggle=\"tab\">3rd year<\/a><\/li><li role=\"presentation\" class='tab-col-4'><a href=\"#thim-widget-tab-41776635728-1-80\"  role=\"tab\" data-toggle=\"tab\">4th year<\/a><\/li><\/ul><div class=\"tab-content\"> <div role=\"tabpanel\" class=\"tab-pane active\" id=\"thim-widget-tab-11776635728-1-80\"><table border=\"1\">\n<thead>\n<tr>\n<th colspan=\"4\" style=\"background-color: #cccccc\">subjects<\/th>\n<\/tr>\n<\/thead>\n<tbody>\n<tr><td>Anatomofisiopatologia<\/td><td>Radioprotecci\u00f3n<\/td><td>Public Health Principles<\/td><td>Research Methodology<\/td><\/tr>\n <tr><td>Microbiology<\/td><td>Pharmacology<\/td><td>Health Service Management<\/td><td>Research Project I<\/td><\/tr>\n <tr><td>Biolog\u00cda Molecular<\/td><td>Medios de Contraste<\/td><td>Epidemiology<\/td><td>Lectura Rx<\/td><\/tr>\n <tr><td>Immunology<\/td><td>Elias Bechara Chair<\/td><td>Biostatistics<\/td><td>Ultrasonido I<\/td><\/tr>\n <tr><td>F\u00edsica en Radiolog\u00eda<\/td><td>bioethics<\/td><td>Avances Tecnol\u00f3gicos en Im\u00e1genes Diagn\u00f3sticas<\/td><td>Fluoroscopia<\/td><\/tr>\n <tr><td>Tomograf\u00eda I<\/td><td>&nbsp;<\/td><td>&nbsp;<\/td><td><\/td><\/tr>\n<\/tbody><\/table><\/div> <div role=\"tabpanel\" class=\"tab-pane\" id=\"thim-widget-tab-21776635728-1-80\"><table border=\"1\">\n<thead>\n<tr>\n<th colspan=\"4\" style=\"background-color: #cccccc\">subjects<\/th>\n<\/tr>\n<\/thead>\n<tbody>\n<tr><td>Ultrasonido II - Doppler<\/td><td>Pediatr\u00eda I<\/td><td>Gineco- Obstetricia I<\/td><td>Proyecto de Investigaci\u00f3n  II<\/td><\/tr>\n <tr><td>Im\u00e1genes del Seno<\/td><td>Tomograf\u00eda II<\/td><td>Resonancia Magn\u00e9tica<\/td><td><\/td><\/tr>\n<\/tbody><\/table><\/div> <div role=\"tabpanel\" class=\"tab-pane\" id=\"thim-widget-tab-31776635728-1-80\"><table>\n<thead>\n<tr>\n<th colspan=\"4\" style=\"background-color: #cccccc\">subjects<\/th>\n<\/tr>\n<\/thead>\n<tbody>\n<tr><td>Medicina Nuclear<\/td><td>Musculoesquel\u00e9tico<\/td><td>Elective I<\/td><td>Tomograf\u00eda III<\/td><\/tr>\n <tr><td>Intervencionismo I<\/td><td>Neuroradiolog\u00eda I<\/td><td>Gineco- Obstetricia II<\/td><td>Research Project III<\/td><\/tr>\n<\/tbody><\/table><\/div> <div role=\"tabpanel\" class=\"tab-pane\" id=\"thim-widget-tab-41776635728-1-80\"><table>\n<thead>\n<tr>\n<th colspan=\"4\" style=\"background-color: #cccccc\">subjects<\/th>\n<\/tr>\n<\/thead>\n<tbody>\n<tr><td>Oncolog\u00eda - PET-CT<\/td><td>Intervencionismo II<\/td><td>Neuroradiolog\u00eda II<\/td><td>Elective II<\/td><\/tr>\n <tr><td>Pediatr\u00eda II<\/td><td>Imagen Seccional<\/td><td>Cabeza y Cuello<\/td><td>Research Project IV<\/td><\/tr>\n<\/tbody><\/table><\/div><\/div><\/div><\/div><\/div><\/div><div id=\"pg-59994-3\"  class=\"panel-grid panel-no-style\" ><div id=\"pgc-59994-3-0\"  class=\"panel-grid-cell\" ><div id=\"panel-59994-3-0-0\" class=\"widget_text so-panel widget widget_custom_html panel-first-child panel-last-child\" data-index=\"8\" ><div class=\"textwidget custom-html-widget\"><center><h3>\n\t<a href=\"https:\/\/unisinucartagena.edu.co\/wp-content\/uploads\/2025\/10\/RADIOLOGIA-E-IMAGENES-DIAGNOSTICAS.pdf\" target=\"_blank\">Download Information Booklet<\/a>\n<\/h3><\/center>\n<div class=\"_3d-flip-book  fb3d-fullscreen-mode full-size\" data-id=\"59997\" data-mode=\"fullscreen\" data-title=\"false\" data-template=\"short-white-book-view\" data-lightbox=\"dark-shadow\" data-urlparam=\"fb3d-page\" data-page-n=\"0\" data-pdf=\"\" data-tax=\"null\" data-thumbnail=\"\" data-cols=\"3\" data-book-template=\"default\" data-trigger=\"\"><\/div><script type=\"text\/javascript\">window.FB3D_CLIENT_DATA = window.FB3D_CLIENT_DATA || [];FB3D_CLIENT_DATA.push('eyJwb3N0cyI6eyI1OTk5NyI6eyJJRCI6NTk5OTcsInRpdGxlIjoiRXNwZWNpYWxpemFjaVx1MDBmM24gZW4gUkFESU9MT0dcdTAwY2RBIEUgSU1cdTAwYzFHRU5FUyBESUFHTlx1MDBkM1NUSUNBUyIsInR5cGUiOiJwZGYiLCJyZWFkeV9mdW5jdGlvbiI6IiIsImJvb2tfc3R5bGUiOiJ2b2x1bWUiLCJib29rX3RlbXBsYXRlIjoibm9uZSIsIm91dGxpbmUiOltdLCJkYXRhIjp7InBvc3RfSUQiOiItMSIsImd1aWQiOiJodHRwczpcL1wvdW5pc2ludWNhcnRhZ2VuYS5lZHUuY29cL3dwLWNvbnRlbnRcL3VwbG9hZHNcLzIwMjVcLzEwXC9SQURJT0xPR0lBLUUtSU1BR0VORVMtRElBR05PU1RJQ0FTLTEucGRmIiwicGRmX3BhZ2VzIjoiNCIsInBhZ2VzX2N1c3RvbWl6YXRpb24iOiJub25lIn0sInRodW1ibmFpbCI6eyJkYXRhIjp7InBvc3RfSUQiOiIwIn0sInR5cGUiOiJhdXRvIn0sInByb3BzIjp7ImJhY2tncm91bmRDb2xvciI6ImF1dG8iLCJiYWNrZ3JvdW5kSW1hZ2UiOiJhdXRvIiwiYmFja2dyb3VuZFN0eWxlIjoiYXV0byIsImhpZ2hsaWdodExpbmtzIjoiYXV0byIsImxpZ2h0aW5nIjoiYXV0byIsInNpbmdsZVBhZ2VNb2RlIjoiYXV0byIsImNhY2hlZFBhZ2VzIjoiYXV0byIsInJlbmRlckluYWN0aXZlUGFnZXMiOiJhdXRvIiwicmVuZGVySW5hY3RpdmVQYWdlc09uTW9iaWxlIjoiYXV0byIsInJlbmRlcldoaWxlRmxpcHBpbmciOiJhdXRvIiwicHJlbG9hZFBhZ2VzIjoiYXV0byIsImF1dG9QbGF5RHVyYXRpb24iOiJhdXRvIiwicnRsIjoiYXV0byIsImludGVyYWN0aXZlQ29ybmVycyI6ImF1dG8iLCJtYXhEZXB0aCI6ImF1dG8iLCJzaGVldCI6eyJzdGFydFZlbG9jaXR5IjoiYXV0byIsIndhdmUiOiJhdXRvIiwic2hhcGUiOiJhdXRvIiwid2lkdGhUZXhlbHMiOiJhdXRvIiwiY29sb3IiOiJhdXRvIiwic2lkZSI6ImF1dG8iLCJzdHJldGNoSW1hZ2VzIjoiYXV0byIsImNvcm5lckRldmlhdGlvbiI6ImF1dG8iLCJmbGV4aWJpbGl0eSI6ImF1dG8iLCJmbGV4aWJsZUNvcm5lciI6ImF1dG8iLCJiZW5kaW5nIjoiYXV0byIsImhlaWdodFRleGVscyI6ImF1dG8ifSwiY292ZXIiOnsid2F2ZSI6ImF1dG8iLCJjb2xvciI6ImF1dG8iLCJzaWRlIjoiYXV0byIsInN0cmV0Y2hJbWFnZXMiOiJhdXRvIiwiYmluZGVyVGV4dHVyZSI6ImF1dG8iLCJkZXB0aCI6ImF1dG8iLCJwYWRkaW5nIjoiYXV0byIsInN0YXJ0VmVsb2NpdHkiOiJhdXRvIiwiZmxleGliaWxpdHkiOiJhdXRvIiwiZmxleGlibGVDb3JuZXIiOiJhdXRvIiwiYmVuZGluZyI6ImF1dG8iLCJ3aWR0aFRleGVscyI6ImF1dG8iLCJoZWlnaHRUZXhlbHMiOiJhdXRvIiwibWFzcyI6ImF1dG8iLCJzaGFwZSI6ImF1dG8ifSwicGFnZSI6eyJ3YXZlIjoiYXV0byIsImNvbG9yIjoiYXV0byIsInNpZGUiOiJhdXRvIiwic3RyZXRjaEltYWdlcyI6ImF1dG8iLCJkZXB0aCI6ImF1dG8iLCJzdGFydFZlbG9jaXR5IjoiYXV0byIsImZsZXhpYmlsaXR5IjoiYXV0byIsImZsZXhpYmxlQ29ybmVyIjoiYXV0byIsImJlbmRpbmciOiJhdXRvIiwid2lkdGhUZXhlbHMiOiJhdXRvIiwiaGVpZ2h0VGV4ZWxzIjoiYXV0byIsIm1hc3MiOiJhdXRvIiwic2hhcGUiOiJhdXRvIn0sImhlaWdodCI6ImF1dG8iLCJ3aWR0aCI6ImF1dG8iLCJncmF2aXR5IjoiYXV0byIsInBhZ2VzRm9yUHJlZGljdGluZyI6ImF1dG8ifSwiY29udHJvbFByb3BzIjp7ImFjdGlvbnMiOnsiY21kVG9jIjp7ImVuYWJsZWQiOiJhdXRvIiwiZW5hYmxlZEluTmFycm93IjoiYXV0byIsImFjdGl2ZSI6ImF1dG8iLCJkZWZhdWx0VGFiIjoiYXV0byJ9LCJjbWRBdXRvUGxheSI6eyJlbmFibGVkIjoiYXV0byIsImVuYWJsZWRJbk5hcnJvdyI6ImF1dG8iLCJhY3RpdmUiOiJhdXRvIn0sImNtZFNhdmUiOnsiZW5hYmxlZCI6ImF1dG8iLCJlbmFibGVkSW5OYXJyb3ciOiJhdXRvIn0sImNtZFByaW50Ijp7ImVuYWJsZWQiOiJhdXRvIiwiZW5hYmxlZEluTmFycm93IjoiYXV0byJ9LCJjbWRTaW5nbGVQYWdlIjp7ImVuYWJsZWQiOiJhdXRvIiwiZW5hYmxlZEluTmFycm93IjoiYXV0byIsImFjdGl2ZSI6ImF1dG8iLCJhY3RpdmVGb3JNb2JpbGUiOiJhdXRvIn0sIndpZFRvb2xiYXIiOnsiZW5hYmxlZCI6ImF1dG8iLCJlbmFibGVkSW5OYXJyb3ciOiJhdXRvIn19fSwiYXV0b1RodW1ibmFpbCI6Imh0dHBzOlwvXC91bmlzaW51Y2FydGFnZW5hLmVkdS5jb1wvd3AtY29udGVudFwvdXBsb2Fkc1wvM2QtZmxpcC1ib29rXC9hdXRvLXRodW1ibmFpbHNcLzU5OTk3LnBuZyIsInBvc3RfbmFtZSI6ImVzcGVjaWFsaXphY2lvbi1lbi1yYWRpb2xvZ2lhLWUtaW1hZ2VuZXMtZGlhZ25vc3RpY2FzIiwicG9zdF90eXBlIjoiM2QtZmxpcC1ib29rIn19LCJwYWdlcyI6W10sImZpcnN0UGFnZXMiOltdfQ==');window.FB3D_CLIENT_LOCALE && FB3D_CLIENT_LOCALE.render && FB3D_CLIENT_LOCALE.render();<\/script>\n<\/div><\/div><\/div><\/div><\/div>","protected":false},"excerpt":{"rendered":"<p>Registro Calificado MEN: Resoluci\u00f3n\u00a0 008625 de 28 de mayo de 2024, Fecha de vencimiento del Registro Calificado: 28 de Mayo de 2031<\/p>","protected":false},"author":1,"featured_media":0,"parent":0,"menu_order":0,"comment_status":"closed","ping_status":"open","template":"","meta":{"_acf_changed":false,"_bbp_topic_count":0,"_bbp_reply_count":0,"_bbp_total_topic_count":0,"_bbp_total_reply_count":0,"_bbp_voice_count":0,"_bbp_anonymous_reply_count":0,"_bbp_topic_count_hidden":0,"_bbp_reply_count_hidden":0,"_bbp_forum_subforum_count":0,"_monsterinsights_skip_tracking":false,"_monsterinsights_sitenote_active":false,"_monsterinsights_sitenote_note":"","_monsterinsights_sitenote_category":0,"footnotes":""},"class_list":["post-59994","page","type-page","status-publish","hentry"],"acf":[],"aioseo_notices":[],"_links":{"self":[{"href":"https:\/\/unisinucartagena.edu.co\/en\/wp-json\/wp\/v2\/pages\/59994","targetHints":{"allow":["GET"]}}],"collection":[{"href":"https:\/\/unisinucartagena.edu.co\/en\/wp-json\/wp\/v2\/pages"}],"about":[{"href":"https:\/\/unisinucartagena.edu.co\/en\/wp-json\/wp\/v2\/types\/page"}],"author":[{"embeddable":true,"href":"https:\/\/unisinucartagena.edu.co\/en\/wp-json\/wp\/v2\/users\/1"}],"replies":[{"embeddable":true,"href":"https:\/\/unisinucartagena.edu.co\/en\/wp-json\/wp\/v2\/comments?post=59994"}],"version-history":[{"count":28,"href":"https:\/\/unisinucartagena.edu.co\/en\/wp-json\/wp\/v2\/pages\/59994\/revisions"}],"predecessor-version":[{"id":66363,"href":"https:\/\/unisinucartagena.edu.co\/en\/wp-json\/wp\/v2\/pages\/59994\/revisions\/66363"}],"wp:attachment":[{"href":"https:\/\/unisinucartagena.edu.co\/en\/wp-json\/wp\/v2\/media?parent=59994"}],"curies":[{"name":"wp","href":"https:\/\/api.w.org\/{rel}","templated":true}]}}