{"id":56797,"date":"2024-01-30T10:05:22","date_gmt":"2024-01-30T15:05:22","guid":{"rendered":"https:\/\/unisinucartagena.edu.co\/?page_id=56797"},"modified":"2026-01-21T10:33:32","modified_gmt":"2026-01-21T15:33:32","slug":"especilizacion-en-medicina-critica-y-cuidado-intensivo-snies-111595","status":"publish","type":"page","link":"https:\/\/unisinucartagena.edu.co\/en\/especilizacion-en-medicina-critica-y-cuidado-intensivo-snies-111595\/","title":{"rendered":"ESPECIALIZACI\u00d3N EN MEDICINA CR\u00cdTICA Y CUIDADO INTENSIVO &#8211; SNIES: 111595"},"content":{"rendered":"<div id=\"pl-56797\"  class=\"panel-layout\" ><div id=\"pg-56797-0\"  class=\"panel-grid panel-no-style\" ><div id=\"pgc-56797-0-0\"  class=\"panel-grid-cell\" ><div id=\"panel-56797-0-0-0\" class=\"so-panel widget widget_text panel-first-child panel-last-child\" data-index=\"0\" >\t\t\t<div class=\"textwidget\"><p>R\u00e9gimen Calificado MEN: Resoluci\u00f3n\u00a0 6820 de 26 de Abril de 2023, Fecha de vencimiento del Registro Calificado: 26 de Abril de 2030<\/p>\n<\/div>\n\t\t<\/div><\/div><\/div><div id=\"pg-56797-1\"  class=\"panel-grid panel-no-style\" ><div id=\"pgc-56797-1-0\"  class=\"panel-grid-cell\" ><div id=\"panel-56797-1-0-0\" class=\"so-panel widget widget_text panel-first-child panel-last-child\" data-index=\"1\" >\t\t\t<div class=\"textwidget\"><p>El Programa de Especializaci\u00f3n en Medicina Cr\u00edtica y cuidado intensivo tiene como misi\u00f3n, formar especialistas con capacidades de an\u00e1lisis, interpretaci\u00f3n y aplicaci\u00f3n de las teor\u00edas, principios y normas que rigen la medicina cr\u00edtica y cuidado intensivo a nivel nacional e internacional, conduci\u00e9ndola a que generen alternativas y soluciones.<\/p>\n<\/div>\n\t\t<\/div><\/div><\/div><div id=\"pg-56797-2\"  class=\"panel-grid panel-no-style\" ><div id=\"pgc-56797-2-0\"  class=\"panel-grid-cell\" ><div id=\"panel-56797-2-0-0\" class=\"so-panel widget widget_button panel-first-child panel-last-child\" data-index=\"2\" ><div class=\"thim-widget-button thim-widget-button-base template-base\"><a class=\"widget-button  no-border large custom_style\" href=\"http:\/\/goo.gl\/forms\/cRio8wtMEi\" style=\"font-size: 14px;font-weight: normal;background-color: #dd3333;\" data-hover=\"font-size: 14px;font-weight: normal;\"><i class=\"envelope-o\" style=\"font-size: 14px;\"><\/i> I want to know more<\/a><\/div><\/div><\/div><div id=\"pgc-56797-2-1\"  class=\"panel-grid-cell\" ><div id=\"panel-56797-2-1-0\" class=\"so-panel widget widget_button panel-first-child panel-last-child\" data-index=\"3\" ><div class=\"thim-widget-button thim-widget-button-base template-base\"><a class=\"widget-button  no-border large custom_style\" href=\"https:\/\/drive.google.com\/file\/d\/1SIpgUUtilzKf-saC_wo6gD0UroGHQV10\/view\" target=\"_blank\" style=\"font-size: 14px;font-weight: normal;background-color: #dd3333;\" data-hover=\"font-size: 14px;font-weight: normal;\"><i class=\"file-text-o\" style=\"font-size: 14px;\"><\/i> Download Brochure<\/a><\/div><\/div><\/div><div id=\"pgc-56797-2-2\"  class=\"panel-grid-cell panel-grid-cell-empty panel-grid-cell-mobile-last\" ><\/div><div id=\"pgc-56797-2-3\"  class=\"panel-grid-cell panel-grid-cell-empty\" ><\/div><\/div><div id=\"pg-56797-3\"  class=\"panel-grid panel-no-style\" ><div id=\"pgc-56797-3-0\"  class=\"panel-grid-cell\" ><div id=\"panel-56797-3-0-0\" class=\"widget_text so-panel widget widget_custom_html panel-first-child\" data-index=\"4\" ><div class=\"textwidget custom-html-widget\"><table>\n<tbody>\n\t<tr>\n\t\t<td><strong>TITLE TO ISSUE<\/strong><\/td>\n\t\t<td><strong>Especialista en Medicina Cr\u00edtica y Cuidado Intensivo<\/strong><\/td>\n<\/tr>\n<tr>\n<td>DURATION<\/td>\n<td>4 years<\/td>\n<\/tr>\n<tr>\n<td>ADMISSION PERIOD<\/td>\n<td>Annual<\/td>\n<\/tr>\n<tr>\n<td>REG. MEN QUALIFIED:<\/td>\n<td>Resoluci\u00f3n\u00a0 6820 de 26 de Abril de 2023, Fecha de vencimiento del Registro Calificado: 26 de Abril de 2030<\/td>\n<\/tr>\n<tr>\n<td>SNIES<\/td>\n<td>111595<\/td>\n<\/tr>\n\t\t<tr>\n<td>N\u00b0 DE CR\u00c9DITOS<\/td>\n<td>293<\/td>\n<\/tr>\n<tr>\n<td><strong>ENROLLMENT VALUE<\/strong><\/td>\n<td>$172.021.000 + 1% Valor Estampilla Distrital Procultura<\/td>\n<\/tr>\n<\/tbody>\n<\/table><\/div><\/div><div id=\"panel-56797-3-0-1\" class=\"so-panel widget widget_text\" data-index=\"5\" >\t\t\t<div class=\"textwidget\"><\/div>\n\t\t<\/div><div id=\"panel-56797-3-0-2\" class=\"so-panel widget widget_tab\" data-index=\"6\" ><div class=\"thim-widget-tab thim-widget-tab-base template-base\"><ul class=\"nav nav-tabs\" role=\"tablist\"><li role=\"presentation\" class='active tab-col-5'><a href=\"#thim-widget-tab-11775402856-1-13\"  role=\"tab\" data-toggle=\"tab\">Proceso de Inscripci\u00f3n<\/a><\/li><li role=\"presentation\" class='tab-col-5'><a href=\"#thim-widget-tab-21775402856-1-13\"  role=\"tab\" data-toggle=\"tab\">Registration requirements<\/a><\/li><li role=\"presentation\" class='tab-col-5'><a href=\"#thim-widget-tab-31775402856-1-13\"  role=\"tab\" data-toggle=\"tab\">Requisitos para Seleccionados<\/a><\/li><li role=\"presentation\" class='tab-col-5'><a href=\"#thim-widget-tab-41775402856-1-13\"  role=\"tab\" data-toggle=\"tab\">Proceso de Matr\u00edcula<\/a><\/li><li role=\"presentation\" class='tab-col-5'><a href=\"#thim-widget-tab-51775402856-1-13\"  role=\"tab\" data-toggle=\"tab\">Selection parameters<\/a><\/li><\/ul><div class=\"tab-content\"> <div role=\"tabpanel\" class=\"tab-pane active\" id=\"thim-widget-tab-11775402856-1-13\"><h3>Para realizar la inscripci\u00f3n, ingrese a la plataforma Elysa a trav\u00e9s del enlace de la p\u00e1gina web<\/h3>\n<h3><a href=\"http:\/\/elysa.unisinu.edu.co\/psc\/csadm\/EMPLOYEE\/HRMS\/c\/UA_FRM_ADMISION_MNU.UA_ADMISION_LOGIN.GBL?&amp;userid=US_FRMLRADMSN_NV&amp;pwd=Vp@+3mq0o&amp;languageCd=ESP&amp;\">INSCRIPCIONES POSGRADOS O CLIC AQU\u00cd<\/a><\/h3>\n\n<ul>\n  <li>El aspirante al momento de inscribirse debe verificar que cuenta con toda la documentaci\u00f3n solicitada para realizar la inscripci\u00f3n, que el examen de admisi\u00f3n se realiza en una sola franja de tiempo, se recomienda inscribirse en un (1) solo programa acad\u00e9mico de especialidad, a fin que en el tiempo dispuesto por la Universidad deba presentarse el examen de admisi\u00f3n para todos los programas inscritos., En caso de inscribirse a m\u00e1s de un programa no habr\u00e1 derecho a devoluci\u00f3n de dinero por este concepto.<\/li>\n  <li>Diligencie el formulario de inscripci\u00f3n.<\/li>\n  <li>Imprima el volante de inscripci\u00f3n y cancele el valor correspondiente en el banco indicado o a trav\u00e9s de la plataforma, antes de la fecha de vencimiento.<\/li>\n  <li>Verifique que los documentos aportados sean los solicitados en los requisitos de inscripci\u00f3n.<\/li>\n  <li>Suba a la plataforma los documentos solicitados, ingresando al formulario de Inscripci\u00f3n paso No.5.Si presenta dificultas escriba al correo: <strong>mercadeoposgrado@unisinucartagena.edu.co.<\/strong><\/li>\n  <li>Si sus documentos cumplen con los requisitos de inscripci\u00f3n, recibir\u00e1 notificaci\u00f3n de <strong>APROBADO<\/strong>; en caso contrario, recibir\u00e1 notificaci\u00f3n de <strong>RECHAZADO<\/strong> y podr\u00e1, dentro de las fechas establecidas para la inscripci\u00f3n, subsanar lo requerido.<\/li>\n\n<\/ul>\n\n<p><strong>Important:<\/strong> Para asegurar una <strong>inscripci\u00f3n exitosa<\/strong>, debe verificar que la documentaci\u00f3n est\u00e9 completa antes de cerrar el proceso. Una vez que el periodo de inscripciones finaliza, no podr\u00e1 subir documentos adicionales a la plataforma. Es fundamental cargar todos los documentos requeridos antes de la fecha de cierre, ya que la plataforma no permitir\u00e1 agregar ni modificar documentos despu\u00e9s de ese momento.<\/p><\/div> <div role=\"tabpanel\" class=\"tab-pane\" id=\"thim-widget-tab-21775402856-1-13\"><h3>REGISTRATION REQUIREMENTS<\/h3>\n\n<ul><strong>Importante: Todos los documentos deben ser cargados al sistema de informaci\u00f3n a trav\u00e9s del formulario de Inscripci\u00f3n PASO 5, por el interesado en formato PDF<\/strong><\/ul>\n\n<ul>\n\t\n \t<li>Formulario de inscripci\u00f3n debidamente diligenciado, firmado y con las fotos pegadas en el recuadro correspondiente.<\/li>\n \t<li>Proof of payment for registration fee.<\/li>\n \t<li>Fotocopia del Acta de Grado y del Diploma.<\/li>\n        <li>Resoluci\u00f3n de haber cumplido con el servicio social obligatorio o certificado de exoneraci\u00f3n.<\/li>\n \t<li>Resultado Pruebas Saber Pro (ECAES).*<\/li>\n \t<li>Fotocopia de la c\u00e9dula ampliada 150%.*<\/li>\n \t<li>3 fotos 3x4, en blanco y negro (pegadas en los recuadros del formulario de inscripci\u00f3n.)<\/li>\n<\/ul>\n<strong>*<\/strong>\u00a0No aplica para extranjeros.<br>\n\n<h3>ADDITIONAL DOCUMENTS FOREIGN APPLICANTS<\/h3>\n<ul>\n\n \t<li>Photocopy of the passport.<\/li>\n \t<li>Undergraduate degree or its equivalent that accredits you as a professional must be validated by the Ministry of National Education of Colombia. All documents that are not in Spanish must be translated.<\/li>\n \t<li>Los certificados y el diploma deben contar con el sello de apostilla Ministerio de Exterior o Entidad encargada de este tr\u00e1mite en el pa\u00eds de origen.<\/li>\n<\/ul><\/div> <div role=\"tabpanel\" class=\"tab-pane\" id=\"thim-widget-tab-31775402856-1-13\"><h3>REQUISITOS PARA SELECCIONADOS A ENTREVISTA<\/h3>\n<ul>\n\n \t<li>Hoja de Vida (con anexos verificables).<\/li>\n \t<li>Originales de calificaciones de estudios de Pregrado, incluyendo notas del a\u00f1o de internado.<\/li>\n \t<li>Certificado de Promedio cr\u00e9dito Acumulado de toda la carrera (Incluido Internado).<\/li>\n \t\n<\/ul>\n<strong>IMPORTANTE: Incluir certificaci\u00f3n en un segundo idioma de acuerdo con el Marco Com\u00fan\nEuropeo.<\/strong>\n<br>\n<strong>Los anteriores documentos deben ser enviados al correo: posgradosinscripcionesunisinu@unisinucartagena.edu.co<\/strong><\/div> <div role=\"tabpanel\" class=\"tab-pane\" id=\"thim-widget-tab-41775402856-1-13\"><h3>ENTREGA DE DOCUMENTACI\u00d3N REQUERIDA PARA LA MATR\u00cdCULA<\/h3>\n<h3>En la Oficina de Admisiones, Sede Campus Santillana Av. El Bosque, Trasnv. 54 N\u00ba 30-453<\/h3>\n<ul>\n \t<li>Fotocopia del Recibo de Matr\u00edcula cancelado.<\/li>\n        <li>Certificado de Vacunaci\u00f3n (Hepatitis B, T\u00e9tano y Meningococo).<\/li>\n        <li> Afiliaci\u00f3n vigente al SGSSS.<\/li>\n \t\n<\/ul>\n\n<h3>REQUIRED ADDITIONAL DOCUMENTATION REGISTRATION FOR FOREIGNERS<\/h3>\n\n\n\n\n\n<ul>\n\n \t<li>Fotocopia c\u00e9dula de extranjer\u00eda vigente.<\/li>\n \t<li>Fotocopia de la visa de estudiante vigente.<\/li>\n \t<li>Fotocopia del Recibo de Matr\u00edcula cancelado.<\/li>\n        <li>Certificado de Vacunaci\u00f3n (Hepatitis B, T\u00e9tano y Meningococo).<\/li>\n        <li> Afiliaci\u00f3n vigente al SGSSS.<\/li>\n \t\n<\/ul>\n\n\n<strong>\u00a1Nota Importante! Los documentos exigidos para la Inscripci\u00f3n deben ser presentados a la Oficina de Admisiones, ubicada en la Sede Campus Santillana Av. El Bosque, Trasnv. 54 N\u00ba 30-453\n<\/strong><\/div> <div role=\"tabpanel\" class=\"tab-pane\" id=\"thim-widget-tab-51775402856-1-13\"><h3>SELECTION PARAMETERS<\/h3>\n<br>\n\n<ul>\n  <li><strong>Examen de Admisi\u00f3n:<\/strong> 60%<\/li>\n  <li><strong>Interview:<\/strong> 10%<\/li>\n  <ul>\n    <li>Concepto Mesa de Entrevistadores: 5%<\/li>\n    <li>Pruebas de Lecto-escritura y Pruebas Psicot\u00e9cnicas: 5%<\/li>\n  <\/ul>\n  <li><strong>Comit\u00e9 de Admisiones:<\/strong> 30%<\/li>\n<\/ul>\n\n<p>El Comit\u00e9 de Admisiones recibir\u00e1 los resultados y los analizar\u00e1 junto con la hoja de vida, llegando a un consenso para definir los admitidos.<\/p><\/div><\/div><\/div><\/div><div id=\"panel-56797-3-0-3\" class=\"so-panel widget widget_text\" data-index=\"7\" ><h3 class=\"widget-title\">Study plan<\/h3>\t\t\t<div class=\"textwidget\"><\/div>\n\t\t<\/div><div id=\"panel-56797-3-0-4\" class=\"so-panel widget widget_tab panel-last-child\" data-index=\"8\" ><div class=\"thim-widget-tab thim-widget-tab-base template-base\"><ul class=\"nav nav-tabs\" role=\"tablist\"><li role=\"presentation\" class='active tab-col-4'><a href=\"#thim-widget-tab-11775402856-1-53\"  role=\"tab\" data-toggle=\"tab\">1st year<\/a><\/li><li role=\"presentation\" class='tab-col-4'><a href=\"#thim-widget-tab-21775402856-1-53\"  role=\"tab\" data-toggle=\"tab\">2nd year<\/a><\/li><li role=\"presentation\" class='tab-col-4'><a href=\"#thim-widget-tab-31775402856-1-53\"  role=\"tab\" data-toggle=\"tab\">3rd year<\/a><\/li><li role=\"presentation\" class='tab-col-4'><a href=\"#thim-widget-tab-41775402856-1-53\"  role=\"tab\" data-toggle=\"tab\">4th year<\/a><\/li><\/ul><div class=\"tab-content\"> <div role=\"tabpanel\" class=\"tab-pane active\" id=\"thim-widget-tab-11775402856-1-53\"><table border=\"1\">\n<thead>\n<tr>\n<th colspan=\"4\" style=\"background-color: #cccccc\">subjects<\/th>\n<\/tr>\n<\/thead>\n<tbody>\n\n <tr><td>Immunology<\/td><td>Introducci\u00f3n a los cuidados intensivos<\/td><td>Nutrici\u00f3n en paciente cr\u00edtico uci\/hospitalizaci\u00f3n <\/td><td> Gerencia del servicio en salud<\/td><\/tr>\n <tr><td>Microbiology<\/td><td>Cuidado cr\u00edtico respiratorio <\/td><td>Derecho m\u00e9dico <\/td><td>Epidemiology<\/td><\/tr>\n <tr><td>Pharmacology<\/td><td>Hemato\/Oncolog\u00eda<\/td><td> Cat\u00e9dra El\u00edas Bechara<\/td><td>Biostatistics<\/td><\/tr>\n <tr><td>Biolog\u00eda molecular<\/td><td>Anesthesiology<\/td><td>bioethics<\/td><td>Metodolog\u00eda de la investigaci\u00f3n<\/td><\/tr>\n <tr><td>Fisiolog\u00eda<\/td><td> Im\u00e1genes diagn\u00f3sticas (rx\/tc\/tc\/eco)<\/td><td>Principios de salud p\u00fablica<\/td><td>Proyecto de investigaci\u00f3n I<\/td><\/tr>\n<\/tr>\n<\/tbody>\n<\/table><\/div> <div role=\"tabpanel\" class=\"tab-pane\" id=\"thim-widget-tab-21775402856-1-53\"><table border=\"1\">\n<thead>\n<tr>\n<th colspan=\"4\" style=\"background-color: #cccccc\">subjects<\/th>\n<\/tr>\n<\/thead>\n<tbody>\n<tr><td>Medicina de urgencias<\/td><td>Nefrolog\u00eda cr\u00edtica<\/td><td>Infectolog\u00eda cr\u00edtica<\/td><td>Proyecto de investigaci\u00f3n II<\/td><\/tr>\n <tr><td>Cuidados intensivos posquir\u00fargico<\/td><td>&nbsp;<\/td><td>&nbsp;<\/td><td><\/td><\/tr>\n<\/tbody>\n<\/table><\/div> <div role=\"tabpanel\" class=\"tab-pane\" id=\"thim-widget-tab-31775402856-1-53\"><table border=\"1\">\n<thead>\n<tr>\n<th colspan=\"4\" style=\"background-color: #cccccc\">subjects<\/th>\n<\/tr>\n<\/thead>\n<tbody>\n<tr><td>Obstetricia cr\u00edtica<\/td><td>Neurolog\u00eda cr\u00edtica<\/td><td>Trauma en cuidado intensivo<\/td><td>Cuidado cr\u00edtico cardiovascular<\/td><\/tr>\n <tr><td>Proyecto de investigaci\u00f3n III<\/td><td>&nbsp;<\/td><td>&nbsp;<\/td><td><\/td><\/tr>\n<\/tbody>\n<\/table><\/div> <div role=\"tabpanel\" class=\"tab-pane\" id=\"thim-widget-tab-41775402856-1-53\"><table border=\"1\">\n<thead>\n<tr>\n<th colspan=\"4\" style=\"background-color: #cccccc\">subjects<\/th>\n<\/tr>\n<\/thead>\n<tbody>\n<tr><td>Toxicology <\/td><td>Inmunolog\u00eda y trasplante<\/td><td>Administraci\u00f3n hospitalaria en cuidados intensivos<\/td><td>Proyecto de investigaci\u00f3n IV<\/td><\/tr>\n <tr><td>gastroenterology<\/td><td>Quemados<\/td><td>elective<\/td><td><\/td><\/tr>\n<\/tbody>\n<\/table><\/div><\/div><\/div><\/div><\/div><\/div><div id=\"pg-56797-4\"  class=\"panel-grid panel-no-style\" ><div id=\"pgc-56797-4-0\"  class=\"panel-grid-cell\" ><div id=\"panel-56797-4-0-0\" class=\"widget_text so-panel widget widget_custom_html panel-first-child panel-last-child\" data-index=\"9\" ><div class=\"textwidget custom-html-widget\"><center><h3>\n\t<a href=\"https:\/\/unisinucartagena.edu.co\/wp-content\/uploads\/2025\/10\/BROCHURE-MEDICINA-CRITICA-Y-CUIDADOS-INTENSIVOS.pdf\" target=\"_blank\">Download Information Booklet<\/a>\n<\/h3><\/center>\n<div class=\"_3d-flip-book  fb3d-fullscreen-mode full-size\" data-id=\"57853\" data-mode=\"fullscreen\" data-title=\"false\" data-template=\"short-white-book-view\" data-lightbox=\"dark-shadow\" data-urlparam=\"fb3d-page\" data-page-n=\"0\" data-pdf=\"\" data-tax=\"null\" data-thumbnail=\"\" data-cols=\"3\" data-book-template=\"default\" data-trigger=\"\"><\/div><script type=\"text\/javascript\">window.FB3D_CLIENT_DATA = window.FB3D_CLIENT_DATA || [];FB3D_CLIENT_DATA.push('eyJwb3N0cyI6eyI1Nzg1MyI6eyJJRCI6NTc4NTMsInRpdGxlIjoiRVNQRUNJQUxJWkFDSVx1MDBkM04gRU4gTUVESUNJTkEgQ1JcdTAwY2RUSUNBIFkgQ1VJREFETyBJTlRFTlNJVk8iLCJ0eXBlIjoicGRmIiwicmVhZHlfZnVuY3Rpb24iOiIiLCJib29rX3N0eWxlIjoidm9sdW1lIiwiYm9va190ZW1wbGF0ZSI6Im5vbmUiLCJvdXRsaW5lIjpbXSwiZGF0YSI6eyJwb3N0X0lEIjoiLTEiLCJndWlkIjoiaHR0cHM6XC9cL3VuaXNpbnVjYXJ0YWdlbmEuZWR1LmNvXC93cC1jb250ZW50XC91cGxvYWRzXC8yMDI1XC8xMFwvQlJPQ0hVUkUtTUVESUNJTkEtQ1JJVElDQS1ZLUNVSURBRE9TLUlOVEVOU0lWT1MtMS5wZGYiLCJwZGZfcGFnZXMiOiIwIiwicGFnZXNfY3VzdG9taXphdGlvbiI6Im5vbmUifSwidGh1bWJuYWlsIjp7ImRhdGEiOnsicG9zdF9JRCI6IjAifSwidHlwZSI6ImF1dG8ifSwicHJvcHMiOnsiaGVpZ2h0IjoiYXV0byIsIndpZHRoIjoiYXV0byIsImJhY2tncm91bmRDb2xvciI6ImF1dG8iLCJiYWNrZ3JvdW5kSW1hZ2UiOiJhdXRvIiwiYmFja2dyb3VuZFN0eWxlIjoiYXV0byIsImhpZ2hsaWdodExpbmtzIjoiYXV0byIsImxpZ2h0aW5nIjoiYXV0byIsInNpbmdsZVBhZ2VNb2RlIjoiYXV0byIsImdyYXZpdHkiOiJhdXRvIiwiY2FjaGVkUGFnZXMiOiJhdXRvIiwicmVuZGVySW5hY3RpdmVQYWdlcyI6ImF1dG8iLCJyZW5kZXJJbmFjdGl2ZVBhZ2VzT25Nb2JpbGUiOiJhdXRvIiwicmVuZGVyV2hpbGVGbGlwcGluZyI6ImF1dG8iLCJwYWdlc0ZvclByZWRpY3RpbmciOiJhdXRvIiwicHJlbG9hZFBhZ2VzIjoiYXV0byIsInJ0bCI6ImF1dG8iLCJpbnRlcmFjdGl2ZUNvcm5lcnMiOiJhdXRvIiwibWF4RGVwdGgiOiJhdXRvIiwiYXV0b1BsYXlEdXJhdGlvbiI6ImF1dG8iLCJzaGVldCI6eyJzdGFydFZlbG9jaXR5IjoiYXV0byIsImNvcm5lckRldmlhdGlvbiI6ImF1dG8iLCJmbGV4aWJpbGl0eSI6ImF1dG8iLCJmbGV4aWJsZUNvcm5lciI6ImF1dG8iLCJiZW5kaW5nIjoiYXV0byIsIndhdmUiOiJhdXRvIiwid2lkdGhUZXhlbHMiOiJhdXRvIiwiaGVpZ2h0VGV4ZWxzIjoiYXV0byIsImNvbG9yIjoiYXV0byIsInNpZGUiOiJhdXRvIiwic2hhcGUiOiJhdXRvIiwic3RyZXRjaEltYWdlcyI6ImF1dG8ifSwiY292ZXIiOnsic3RhcnRWZWxvY2l0eSI6ImF1dG8iLCJmbGV4aWJpbGl0eSI6ImF1dG8iLCJmbGV4aWJsZUNvcm5lciI6ImF1dG8iLCJiZW5kaW5nIjoiYXV0byIsIndhdmUiOiJhdXRvIiwid2lkdGhUZXhlbHMiOiJhdXRvIiwiaGVpZ2h0VGV4ZWxzIjoiYXV0byIsImNvbG9yIjoiYXV0byIsImRlcHRoIjoiYXV0byIsInBhZGRpbmciOiJhdXRvIiwiYmluZGVyVGV4dHVyZSI6ImF1dG8iLCJtYXNzIjoiYXV0byIsInNpZGUiOiJhdXRvIiwic2hhcGUiOiJhdXRvIiwic3RyZXRjaEltYWdlcyI6ImF1dG8ifSwicGFnZSI6eyJzdGFydFZlbG9jaXR5IjoiYXV0byIsImZsZXhpYmlsaXR5IjoiYXV0byIsImZsZXhpYmxlQ29ybmVyIjoiYXV0byIsImJlbmRpbmciOiJhdXRvIiwid2F2ZSI6ImF1dG8iLCJ3aWR0aFRleGVscyI6ImF1dG8iLCJoZWlnaHRUZXhlbHMiOiJhdXRvIiwiY29sb3IiOiJhdXRvIiwiZGVwdGgiOiJhdXRvIiwibWFzcyI6ImF1dG8iLCJzaWRlIjoiYXV0byIsInNoYXBlIjoiYXV0byIsInN0cmV0Y2hJbWFnZXMiOiJhdXRvIn19LCJjb250cm9sUHJvcHMiOnsiYWN0aW9ucyI6eyJjbWRUb2MiOnsiZW5hYmxlZCI6ImF1dG8iLCJlbmFibGVkSW5OYXJyb3ciOiJhdXRvIiwiYWN0aXZlIjoiYXV0byIsImRlZmF1bHRUYWIiOiJhdXRvIn0sImNtZEF1dG9QbGF5Ijp7ImVuYWJsZWQiOiJhdXRvIiwiZW5hYmxlZEluTmFycm93IjoiYXV0byIsImFjdGl2ZSI6ImF1dG8ifSwiY21kU2F2ZSI6eyJlbmFibGVkIjoiYXV0byIsImVuYWJsZWRJbk5hcnJvdyI6ImF1dG8ifSwiY21kUHJpbnQiOnsiZW5hYmxlZCI6ImF1dG8iLCJlbmFibGVkSW5OYXJyb3ciOiJhdXRvIn0sImNtZFNpbmdsZVBhZ2UiOnsiZW5hYmxlZCI6ImF1dG8iLCJlbmFibGVkSW5OYXJyb3ciOiJhdXRvIiwiYWN0aXZlIjoiYXV0byIsImFjdGl2ZUZvck1vYmlsZSI6ImF1dG8ifSwid2lkVG9vbGJhciI6eyJlbmFibGVkIjoiYXV0byIsImVuYWJsZWRJbk5hcnJvdyI6ImF1dG8ifX19LCJhdXRvVGh1bWJuYWlsIjoiaHR0cHM6XC9cL3VuaXNpbnVjYXJ0YWdlbmEuZWR1LmNvXC93cC1jb250ZW50XC91cGxvYWRzXC8zZC1mbGlwLWJvb2tcL2F1dG8tdGh1bWJuYWlsc1wvNTc4NTMucG5nIiwicG9zdF9uYW1lIjoiZXNwZWNpYWxpemFjaW9uLWVuLW1lZGljaW5hLWNyaXRpY2EteS1jdWlkYWRvLWludGVuc2l2byIsInBvc3RfdHlwZSI6IjNkLWZsaXAtYm9vayJ9fSwicGFnZXMiOltdLCJmaXJzdFBhZ2VzIjpbXX0=');window.FB3D_CLIENT_LOCALE && FB3D_CLIENT_LOCALE.render && FB3D_CLIENT_LOCALE.render();<\/script><\/div><\/div><\/div><\/div><\/div>","protected":false},"excerpt":{"rendered":"<p>R\u00e9gimen Calificado MEN: Resoluci\u00f3n\u00a0 6820 de 26 de Abril de 2023, Fecha de vencimiento del Registro Calificado: 26 de Abril de 2030 El Programa de Especializaci\u00f3n en Medicina Cr\u00edtica y cuidado intensivo tiene como misi\u00f3n, formar especialistas con capacidades de &hellip; <\/p>","protected":false},"author":1,"featured_media":0,"parent":0,"menu_order":0,"comment_status":"closed","ping_status":"open","template":"","meta":{"_acf_changed":false,"_bbp_topic_count":0,"_bbp_reply_count":0,"_bbp_total_topic_count":0,"_bbp_total_reply_count":0,"_bbp_voice_count":0,"_bbp_anonymous_reply_count":0,"_bbp_topic_count_hidden":0,"_bbp_reply_count_hidden":0,"_bbp_forum_subforum_count":0,"_monsterinsights_skip_tracking":false,"_monsterinsights_sitenote_active":false,"_monsterinsights_sitenote_note":"","_monsterinsights_sitenote_category":0,"footnotes":""},"class_list":["post-56797","page","type-page","status-publish","hentry"],"acf":[],"aioseo_notices":[],"_links":{"self":[{"href":"https:\/\/unisinucartagena.edu.co\/en\/wp-json\/wp\/v2\/pages\/56797","targetHints":{"allow":["GET"]}}],"collection":[{"href":"https:\/\/unisinucartagena.edu.co\/en\/wp-json\/wp\/v2\/pages"}],"about":[{"href":"https:\/\/unisinucartagena.edu.co\/en\/wp-json\/wp\/v2\/types\/page"}],"author":[{"embeddable":true,"href":"https:\/\/unisinucartagena.edu.co\/en\/wp-json\/wp\/v2\/users\/1"}],"replies":[{"embeddable":true,"href":"https:\/\/unisinucartagena.edu.co\/en\/wp-json\/wp\/v2\/comments?post=56797"}],"version-history":[{"count":42,"href":"https:\/\/unisinucartagena.edu.co\/en\/wp-json\/wp\/v2\/pages\/56797\/revisions"}],"predecessor-version":[{"id":66362,"href":"https:\/\/unisinucartagena.edu.co\/en\/wp-json\/wp\/v2\/pages\/56797\/revisions\/66362"}],"wp:attachment":[{"href":"https:\/\/unisinucartagena.edu.co\/en\/wp-json\/wp\/v2\/media?parent=56797"}],"curies":[{"name":"wp","href":"https:\/\/api.w.org\/{rel}","templated":true}]}}