{"id":56629,"date":"2023-11-07T14:52:36","date_gmt":"2023-11-07T19:52:36","guid":{"rendered":"https:\/\/www.unisinucartagena.edu.co\/?page_id=56629"},"modified":"2023-11-08T09:28:04","modified_gmt":"2023-11-08T14:28:04","slug":"calendarios-de-parciales-3do-corte-ciclo-2363","status":"publish","type":"page","link":"https:\/\/unisinucartagena.edu.co\/en\/calendarios-de-parciales-3do-corte-ciclo-2363\/","title":{"rendered":"CALENDARIOS DE PARCIALES 3do CORTE CICLO 2363"},"content":{"rendered":"<div data-vc-full-width=\"true\" data-vc-full-width-init=\"false\" data-vc-stretch-content=\"true\" class=\"vc_row wpb_row vc_row-fluid vc_row-no-padding\"><div class=\"wpb_column vc_column_container vc_col-sm-12\"><div class=\"vc_column-inner\"><div class=\"wpb_wrapper\">\n\t\t\t<!-- START Numeros de Clases REVOLUTION SLIDER 6.7.0 --><p class=\"rs-p-wp-fix\"><\/p>\n\t\t\t<rs-module-wrap id=\"rev_slider_75_1_wrapper\" data-source=\"gallery\" style=\"visibility:hidden;background:transparent;padding:0;margin:0px auto;margin-top:0;margin-bottom:0;\">\n\t\t\t\t<rs-module id=\"rev_slider_75_1\" style=\"\" data-version=\"6.7.0\">\n\t\t\t\t\t<rs-slides style=\"overflow: hidden; position: absolute;\">\n\t\t\t\t\t\t<rs-slide style=\"position: absolute;\" data-key=\"rs-295\" data-title=\"Slide\" data-anim=\"adpr:false;ms:600;\" data-in=\"o:0;\" data-out=\"a:false;\">\n\t\t\t\t\t\t\t<img data-recalc-dims=\"1\" fetchpriority=\"high\" decoding=\"async\" src=\"https:\/\/i0.wp.com\/unisinucartagena.edu.co\/wp-content\/plugins\/revslider\/sr6\/assets\/assets\/dummy.png?resize=640%2C202\" alt=\"\" title=\"DSC_0445-02\" width=\"640\" height=\"202\" class=\"rev-slidebg tp-rs-img rs-lazyload\" data-lazyload=\"\/\/unisinucartagena.edu.co\/wp-content\/uploads\/2020\/05\/DSC_0445-02-scaled.jpg\" data-parallax=\"off\" data-no-retina>\n<!--\n\t\t\t\t\t\t\t--><rs-layer\n\t\t\t\t\t\t\t\tid=\"slider-75-slide-295-layer-7\" \n\t\t\t\t\t\t\t\tdata-type=\"text\"\n\t\t\t\t\t\t\t\tdata-color=\"#fff\"\n\t\t\t\t\t\t\t\tdata-rsp_ch=\"on\"\n\t\t\t\t\t\t\t\tdata-xy=\"x:c;xo:15px;yo:253px;\"\n\t\t\t\t\t\t\t\tdata-text=\"w:normal;s:73;l:106;ls:-3px;fw:700;a:center;\"\n\t\t\t\t\t\t\t\tdata-dim=\"minh:0,none,0,0;\"\n\t\t\t\t\t\t\t\tdata-ford=\"frame_0;frame_1;frame_2;frame_999;\"\n\t\t\t\t\t\t\t\tdata-frame_1=\"e:power4.inOut;sp:1500;\"\n\t\t\t\t\t\t\t\tdata-frame_999=\"o:0;st:w;\"\n\t\t\t\t\t\t\t\tdata-frame_2=\"tp:600px;st:400;sp:400;\"\n\t\t\t\t\t\t\t\tstyle=\"z-index:9;font-family:'Poppins';\"\n\t\t\t\t\t\t\t>PARTIAL CALENDAR <br>SEGUNDO CORTE CICLO 2661 \n\t\t\t\t\t\t\t<\/rs-layer><!--\n-->\t\t\t\t\t<\/rs-slide>\n\t\t\t\t\t<\/rs-slides>\n\t\t\t\t<\/rs-module>\n\t\t\t\t<script>\n\t\t\t\t\tsetREVStartSize({c: 'rev_slider_75_1',rl:[1240,1024,1024,1024],el:[600,600,600,600],gw:[1900,1900,1900,1900],gh:[600,600,600,600],type:'standard',justify:'',layout:'fullwidth',mh:\"0\"});if (window.RS_MODULES!==undefined && window.RS_MODULES.modules!==undefined && window.RS_MODULES.modules[\"revslider751\"]!==undefined) {window.RS_MODULES.modules[\"revslider751\"].once = false;window.revapi75 = undefined;if (window.RS_MODULES.checkMinimal!==undefined) window.RS_MODULES.checkMinimal()}\n\t\t\t\t<\/script>\n\t\t\t<\/rs-module-wrap>\n\t\t\t<!-- END REVOLUTION SLIDER -->\n<div class=\"vc_empty_space\"   style=\"height: 32px\"><span class=\"vc_empty_space_inner\"><\/span><\/div><div class=\"vc_empty_space\"   style=\"height: 32px\"><span class=\"vc_empty_space_inner\"><\/span><\/div><\/div><\/div><\/div><\/div><div class=\"vc_row-full-width vc_clearfix\"><\/div><div class=\"vc_row wpb_row vc_row-fluid\"><div class=\"wpb_column vc_column_container vc_col-sm-12\"><div class=\"vc_column-inner\"><div class=\"wpb_wrapper\"><div class=\"vc_row wpb_row vc_inner vc_row-fluid\"><div class=\"wpb_column vc_column_container vc_col-sm-12\"><div class=\"vc_column-inner\"><div class=\"wpb_wrapper\">\n\t<div class=\"wpb_text_column wpb_content_element\" >\n\t\t<div class=\"wpb_wrapper\">\n\t\t\t<h2 class=\"hP\" style=\"text-align: center;\" tabindex=\"-1\" data-thread-perm-id=\"thread-f:1777960671640104286\" data-legacy-thread-id=\"18ac95cf91b92d5e\">CALENDARIOS DE PARCIALES 3er CORTE CICLO 2363<\/h2>\n<div class=\"pG TW\" tabindex=\"0\" role=\"switch\" data-tooltip-contained=\"true\" data-tooltip-align=\"b,l\" data-tooltip-delay=\"1500\" aria-label=\"Mensaje importante porque se te ha enviado directamente\" aria-checked=\"true\" data-is-important=\"true\"><\/div>\n<div class=\"pG\" tabindex=\"0\" role=\"switch\" data-tooltip-contained=\"true\" data-tooltip-align=\"b,l\" data-tooltip-delay=\"1500\" aria-label=\"Mensaje importante porque se te ha enviado directamente\" aria-checked=\"true\" data-is-important=\"true\"><\/div>\n\n\t\t<\/div>\n\t<\/div>\n<\/div><\/div><\/div><\/div><\/div><\/div><\/div><\/div><div class=\"vc_row wpb_row vc_row-fluid\"><div class=\"wpb_column vc_column_container vc_col-sm-12\"><div class=\"vc_column-inner\"><div class=\"wpb_wrapper\"><div class=\"vc_btn3-container vc_btn3-left\" ><a style=\"background-color:#e00000; color:#ffffff;\" class=\"vc_general vc_btn3 vc_btn3-size-lg vc_btn3-shape-rounded vc_btn3-style-custom vc_btn3-block vc_btn3-icon-left\" href=\"https:\/\/drive.google.com\/file\/d\/1fDa-Wf3gbL_yUOzNqKmjCf3bLtr-hgGI\/view\" title=\"NUMBERS OF CLASSES TECHNOLOGY IN MANAGEMENT OF INFORMATION SYSTEMS AND COMPUTER NETWORKS\" target=\"_blank\"><i class=\"vc_btn3-icon fas fa-tv\"><\/i> TECNOLOGIA EN GESTION DE SISTEMAS DE INFORMACION Y REDES DE COMPUTO<\/a><\/div><div class=\"vc_btn3-container vc_btn3-left\" ><a style=\"background-color:#e00000; color:#ffffff;\" class=\"vc_general vc_btn3 vc_btn3-size-lg vc_btn3-shape-rounded vc_btn3-style-custom vc_btn3-block vc_btn3-icon-left\" href=\"https:\/\/drive.google.com\/file\/d\/1KJDeMvBHYcj-DvltHx2aJUdGfr6CjHGm\/view\" title=\"CLASS NUMBERS SYSTEMS ENGINEERING PROGRAM\" target=\"_blank\"><i class=\"vc_btn3-icon fas fa-tv\"><\/i> INGENIER\u00cdA DE SISTEMAS<\/a><\/div><div class=\"vc_btn3-container vc_btn3-left\" ><a style=\"background-color:#e00000; color:#ffffff;\" class=\"vc_general vc_btn3 vc_btn3-size-lg vc_btn3-shape-rounded vc_btn3-style-custom vc_btn3-block vc_btn3-icon-left\" href=\"https:\/\/drive.google.com\/file\/d\/1k-3c_oNde2regeQnXe9qFBMkQnOmrNHj\/view\" title=\"\" target=\"_blank\"><i class=\"vc_btn3-icon fas fa-book-medical\"><\/i> MEDICINE<\/a><\/div><div class=\"vc_btn3-container vc_btn3-left\" ><a style=\"background-color:#e00000; color:#ffffff;\" class=\"vc_general vc_btn3 vc_btn3-size-lg vc_btn3-shape-rounded vc_btn3-style-custom vc_btn3-block vc_btn3-icon-left\" href=\"https:\/\/drive.google.com\/file\/d\/17QpkdK9vKCmMuGa6n-LZvj0RQYNfb6Jd\/view\" title=\"\" target=\"_blank\"><i class=\"vc_btn3-icon fas fa-hard-hat\"><\/i> TECNOLOG\u00cdA EN GESTION DE LA CONSTRUCC\u00d3N<\/a><\/div><div class=\"vc_btn3-container vc_btn3-left\" ><a style=\"background-color:#e00000; color:#ffffff;\" class=\"vc_general vc_btn3 vc_btn3-size-lg vc_btn3-shape-rounded vc_btn3-style-custom vc_btn3-block vc_btn3-icon-left\" href=\"https:\/\/drive.google.com\/file\/d\/1QMLipJU3uaWWPsDpEfsexxR8dHuAKagk\/view\" title=\"CLASS NUMBERS SYSTEMS ENGINEERING PROGRAM\" target=\"_blank\"><i class=\"vc_btn3-icon fas fa-tv\"><\/i> INGENIER\u00cdA CIVIL<\/a><\/div><div class=\"vc_btn3-container vc_btn3-left\" ><a style=\"background-color:#e00000; color:#ffffff;\" class=\"vc_general vc_btn3 vc_btn3-size-lg vc_btn3-shape-rounded vc_btn3-style-custom vc_btn3-block vc_btn3-icon-left\" href=\"https:\/\/drive.google.com\/file\/d\/1jeGkBy1AK7aMI1tJShJdfBdSNCa5p1Am\/view\" title=\"\" target=\"_blank\"><i class=\"vc_btn3-icon fas fa-industry\"><\/i> TECNOLOGIA EN PROCESOS AGROINDUSTRIALES<\/a><\/div><div class=\"vc_btn3-container vc_btn3-left\" ><a style=\"background-color:#e00000; color:#ffffff;\" class=\"vc_general vc_btn3 vc_btn3-size-lg vc_btn3-shape-rounded vc_btn3-style-custom vc_btn3-block vc_btn3-icon-left\" href=\"https:\/\/drive.google.com\/file\/d\/1ejkUJXnhSia7Ad9CL5E3-uKIoPNWaDbm\/view\" title=\"CLASS NUMBERS INTERNATIONAL BUSINESS ADMINISTRATION PROGRAM\" target=\"_blank\"><i class=\"vc_btn3-icon fas fa-chart-line\"><\/i> ADMINISTRACI\u00d3N DE NEGOCIOS INTERNACIONALES<\/a><\/div><div class=\"vc_btn3-container vc_btn3-left\" ><a style=\"background-color:#e00000; color:#ffffff;\" class=\"vc_general vc_btn3 vc_btn3-size-lg vc_btn3-shape-rounded vc_btn3-style-custom vc_btn3-block vc_btn3-icon-left\" href=\"https:\/\/drive.google.com\/file\/d\/13jqDExHolLFUhOXJBmq8WC1OEB32J8k2\/view\" title=\"\" target=\"_blank\"><i class=\"vc_btn3-icon fas fa-fish\"><\/i> BIOLOG\u00cdA MARINA<\/a><\/div><div class=\"vc_btn3-container vc_btn3-left\" ><a style=\"background-color:#e00000; color:#ffffff;\" class=\"vc_general vc_btn3 vc_btn3-size-lg vc_btn3-shape-rounded vc_btn3-style-custom vc_btn3-block vc_btn3-icon-left\" href=\"https:\/\/drive.google.com\/file\/d\/1TQrhObUuf4OihxYeVcdi5aIgTNwvWe7Y\/view\" title=\"\" target=\"_blank\"><i class=\"vc_btn3-icon fas fa-calculator\"><\/i> CONTADUR\u00cdA PUBLICA<\/a><\/div><div class=\"vc_btn3-container vc_btn3-left\" ><a style=\"background-color:#e00000; color:#ffffff;\" class=\"vc_general vc_btn3 vc_btn3-size-lg vc_btn3-shape-rounded vc_btn3-style-custom vc_btn3-block vc_btn3-icon-left\" href=\"https:\/\/drive.google.com\/file\/d\/1VX7vEGHCOzikl240on1NWYK6y8zzqJrO\/view\" title=\"\" target=\"_blank\"><i class=\"vc_btn3-icon fas fa-balance-scale-left\"><\/i> DERECHO<\/a><\/div><div class=\"vc_btn3-container vc_btn3-left\" ><a style=\"background-color:#e00000; color:#ffffff;\" class=\"vc_general vc_btn3 vc_btn3-size-lg vc_btn3-shape-rounded vc_btn3-style-custom vc_btn3-block vc_btn3-icon-left\" href=\"https:\/\/drive.google.com\/file\/d\/14wJ720-nHIL3Mbl0o-fRYJYuTjaC7EKw\/view\" title=\"\" target=\"_blank\"><i class=\"vc_btn3-icon fas fa-balance-scale-left\"><\/i> FISIOTERAPIA<\/a><\/div><div class=\"vc_btn3-container vc_btn3-left\" ><a style=\"background-color:#e00000; color:#ffffff;\" class=\"vc_general vc_btn3 vc_btn3-size-lg vc_btn3-shape-rounded vc_btn3-style-custom vc_btn3-block vc_btn3-icon-left\" href=\"https:\/\/drive.google.com\/file\/d\/1eEiajMSpU_noyjKUiQOQy9xSh3TCa44C\/view\" title=\"CLASS NUMBERS SCHOOL OF NURSING\" target=\"_blank\"><i class=\"vc_btn3-icon fas fa-syringe\"><\/i> ENFERMER\u00cdA<\/a><\/div><div class=\"vc_btn3-container vc_btn3-left\" ><a style=\"background-color:#e00000; color:#ffffff;\" class=\"vc_general vc_btn3 vc_btn3-size-lg vc_btn3-shape-rounded vc_btn3-style-custom vc_btn3-block vc_btn3-icon-left\" href=\"https:\/\/drive.google.com\/file\/d\/1OPMGkJnxGj5Xtys2DBUqVRzuc2IX9f5g\/view\" title=\"\" target=\"_blank\"><i class=\"vc_btn3-icon fas fa-city\"><\/i> TECNOLOGIA EN GASTRONOMIA<\/a><\/div><div class=\"vc_btn3-container vc_btn3-left\" ><a style=\"background-color:#e00000; color:#ffffff;\" class=\"vc_general vc_btn3 vc_btn3-size-lg vc_btn3-shape-rounded vc_btn3-style-custom vc_btn3-block vc_btn3-icon-left\" href=\"https:\/\/drive.google.com\/file\/d\/1jTLfXP08WBNr75W9Xsr1Zj1gaFQq-nb8\/view\" title=\"\" target=\"_blank\"><i class=\"vc_btn3-icon fas fa-city\"><\/i> TECNICO PROFESIONAL EN LOGISTICA DE PRODUCCION<\/a><\/div><div class=\"vc_btn3-container vc_btn3-left\" ><a style=\"background-color:#e00000; color:#ffffff;\" class=\"vc_general vc_btn3 vc_btn3-size-lg vc_btn3-shape-rounded vc_btn3-style-custom vc_btn3-block vc_btn3-icon-left\" href=\"https:\/\/drive.google.com\/file\/d\/1-n6Y1-vO0B5m5MqIHb5vAUv2HFlBQTqh\/view\" title=\"\" target=\"_blank\"><i class=\"vc_btn3-icon fas fa-city\"><\/i> TECNOLOGIA EN PRODUCCION INDUSTRIAL<\/a><\/div><div class=\"vc_btn3-container vc_btn3-left\" ><a style=\"background-color:#e00000; color:#ffffff;\" class=\"vc_general vc_btn3 vc_btn3-size-lg vc_btn3-shape-rounded vc_btn3-style-custom vc_btn3-block vc_btn3-icon-left\" href=\"https:\/\/drive.google.com\/file\/d\/1jK7_8wvuIOBKCfUFWzpr8Q45uLsyu01k\/view\" title=\"\" target=\"_blank\"><i class=\"vc_btn3-icon fas fa-city\"><\/i> INGENIER\u00cdA INDUSTRIAL<\/a><\/div><div class=\"vc_btn3-container vc_btn3-left\" ><a style=\"background-color:#e00000; color:#ffffff;\" class=\"vc_general vc_btn3 vc_btn3-size-lg vc_btn3-shape-rounded vc_btn3-style-custom vc_btn3-block vc_btn3-icon-left\" href=\"https:\/\/drive.google.com\/file\/d\/11UBt79SS70kUaI3dX4zZrNJakKrFW-Eh\/view\" title=\"CLASS NUMBERS NUTRITION AND DIETETICS PROGRAM\" target=\"_blank\"><i class=\"vc_btn3-icon fas fa-apple-alt\"><\/i> NUTRICI\u00d3N Y DIET\u00c9TICA<\/a><\/div><div class=\"vc_btn3-container vc_btn3-left\" ><a style=\"background-color:#e00000; color:#ffffff;\" class=\"vc_general vc_btn3 vc_btn3-size-lg vc_btn3-shape-rounded vc_btn3-style-custom vc_btn3-block vc_btn3-icon-left\" href=\"https:\/\/drive.google.com\/file\/d\/16JNsJumslYYZ5Sv4kyh6UuYSjss6b4xx\/view\" title=\"\" target=\"_blank\"><i class=\"vc_btn3-icon fas fa-tooth\"><\/i> ODONTOLOG\u00cdA<\/a><\/div><div class=\"vc_btn3-container vc_btn3-left\" ><a style=\"background-color:#e00000; color:#ffffff;\" class=\"vc_general vc_btn3 vc_btn3-size-lg vc_btn3-shape-rounded vc_btn3-style-custom vc_btn3-block vc_btn3-icon-left\" href=\"https:\/\/drive.google.com\/file\/d\/1xImv5KgbQM99RowrqoAgHwl9PDXy22cB\/view\" title=\"CLASS NUMBERS OPTOMETRY PROGRAM\" target=\"_blank\"><i class=\"vc_btn3-icon fas fa-glasses\"><\/i> OPTOMETRY<\/a><\/div><div class=\"vc_btn3-container vc_btn3-left\" ><a style=\"background-color:#e00000; color:#ffffff;\" class=\"vc_general vc_btn3 vc_btn3-size-lg vc_btn3-shape-rounded vc_btn3-style-custom vc_btn3-block vc_btn3-icon-left\" href=\"https:\/\/drive.google.com\/file\/d\/156jJ4iNo8_VFlmUjgz9Xzu1OAZozhq0C\/view\" title=\"CLASS NUMBERS PSYCHOLOGY PROGRAM\" target=\"_blank\"><i class=\"vc_btn3-icon fas fa-marker\"><\/i> PSICOLOG\u00cdA<\/a><\/div><div class=\"vc_btn3-container vc_btn3-left\" ><a style=\"background-color:#e00000; color:#ffffff;\" class=\"vc_general vc_btn3 vc_btn3-size-lg vc_btn3-shape-rounded vc_btn3-style-custom vc_btn3-block vc_btn3-icon-left\" href=\"https:\/\/drive.google.com\/file\/d\/1g8k1CVVRJPmnRnX-Xc2OAhY3dCSKIB0D\/view\" title=\"\" target=\"_blank\"><i class=\"vc_btn3-icon fas fa-hard-hat\"><\/i> TECNOLOG\u00cdA EN MANTENIMIENTO ELECTRICO<\/a><\/div><div class=\"vc_btn3-container vc_btn3-left\" ><a style=\"background-color:#e00000; color:#ffffff;\" class=\"vc_general vc_btn3 vc_btn3-size-lg vc_btn3-shape-rounded vc_btn3-style-custom vc_btn3-block vc_btn3-icon-left\" href=\"https:\/\/docs.google.com\/spreadsheets\/d\/1CBxmtK9ULvz-exOvU2rUNuBqskbhIve1\/edit?usp=drive_web&#038;ouid=100528057801210695805&#038;rtpof=true\" title=\"\" target=\"_blank\"><i class=\"vc_btn3-icon fas fa-hard-hat\"><\/i> TECNOLOG\u00cdA EN MANTENIMIENTO MECANICO<\/a><\/div><\/div><\/div><\/div><\/div><div class=\"vc_row wpb_row vc_row-fluid\"><div class=\"wpb_column vc_column_container vc_col-sm-12\"><div class=\"vc_column-inner\"><div class=\"wpb_wrapper\"><\/div><\/div><\/div><\/div><div class=\"vc_row wpb_row vc_row-fluid\"><div class=\"wpb_column vc_column_container vc_col-sm-12\"><div class=\"vc_column-inner\"><div class=\"wpb_wrapper\"><\/div><\/div><\/div><\/div><div class=\"vc_row wpb_row vc_row-fluid\"><div class=\"wpb_column vc_column_container vc_col-sm-12\"><div class=\"vc_column-inner\"><div class=\"wpb_wrapper\"><\/div><\/div><\/div><\/div>","protected":false},"excerpt":{"rendered":"CALENDARIO DE PARCIALES SEGUNDO CORTE CICLO 2661 CALENDARIOS DE PARCIALES 3er CORTE CICLO 2363 TECNOLOGIA EN GESTION DE SISTEMAS DE INFORMACION Y REDES DE COMPUTO INGENIER\u00cdA DE SISTEMAS MEDICINA TECNOLOG\u00cdA EN GESTION DE LA CONSTRUCC\u00d3N INGENIER\u00cdA CIVIL TECNOLOGIA EN PROCESOS &hellip;","protected":false},"author":1,"featured_media":0,"parent":0,"menu_order":0,"comment_status":"closed","ping_status":"open","template":"page-templates\/homepage.php","meta":{"_acf_changed":false,"_bbp_topic_count":0,"_bbp_reply_count":0,"_bbp_total_topic_count":0,"_bbp_total_reply_count":0,"_bbp_voice_count":0,"_bbp_anonymous_reply_count":0,"_bbp_topic_count_hidden":0,"_bbp_reply_count_hidden":0,"_bbp_forum_subforum_count":0,"_monsterinsights_skip_tracking":false,"_monsterinsights_sitenote_active":false,"_monsterinsights_sitenote_note":"","_monsterinsights_sitenote_category":0,"footnotes":""},"class_list":["post-56629","page","type-page","status-publish","hentry"],"acf":[],"aioseo_notices":[],"_links":{"self":[{"href":"https:\/\/unisinucartagena.edu.co\/en\/wp-json\/wp\/v2\/pages\/56629","targetHints":{"allow":["GET"]}}],"collection":[{"href":"https:\/\/unisinucartagena.edu.co\/en\/wp-json\/wp\/v2\/pages"}],"about":[{"href":"https:\/\/unisinucartagena.edu.co\/en\/wp-json\/wp\/v2\/types\/page"}],"author":[{"embeddable":true,"href":"https:\/\/unisinucartagena.edu.co\/en\/wp-json\/wp\/v2\/users\/1"}],"replies":[{"embeddable":true,"href":"https:\/\/unisinucartagena.edu.co\/en\/wp-json\/wp\/v2\/comments?post=56629"}],"version-history":[{"count":6,"href":"https:\/\/unisinucartagena.edu.co\/en\/wp-json\/wp\/v2\/pages\/56629\/revisions"}],"predecessor-version":[{"id":56635,"href":"https:\/\/unisinucartagena.edu.co\/en\/wp-json\/wp\/v2\/pages\/56629\/revisions\/56635"}],"wp:attachment":[{"href":"https:\/\/unisinucartagena.edu.co\/en\/wp-json\/wp\/v2\/media?parent=56629"}],"curies":[{"name":"wp","href":"https:\/\/api.w.org\/{rel}","templated":true}]}}