{"id":56097,"date":"2023-07-14T15:41:33","date_gmt":"2023-07-14T20:41:33","guid":{"rendered":"https:\/\/www.unisinucartagena.edu.co\/?page_id=56097"},"modified":"2024-06-07T14:19:27","modified_gmt":"2024-06-07T19:19:27","slug":"procedimiento-legalizacion-de-matriculas-con-credito-brilla","status":"publish","type":"page","link":"https:\/\/unisinucartagena.edu.co\/en\/procedimiento-legalizacion-de-matriculas-con-credito-brilla\/","title":{"rendered":"Procedimiento Legalizaci\u00f3n de matr\u00edculas con Cr\u00e9dito Brilla"},"content":{"rendered":"<div class=\"vc_row wpb_row vc_row-fluid\"><div class=\"wpb_column vc_column_container vc_col-sm-12\"><div class=\"vc_column-inner\"><div class=\"wpb_wrapper\"><div class=\"vc_empty_space\"   style=\"height: 20px\"><span class=\"vc_empty_space_inner\"><\/span><\/div>\n\t<div class=\"wpb_text_column wpb_content_element\" >\n\t\t<div class=\"wpb_wrapper\">\n\t\t\t<p style=\"text-align: center;\"><span style=\"font-size: 24pt; color: #e00000;\"><strong>Dear Unisinuan Student<\/strong><\/span><\/p>\n\n\t\t<\/div>\n\t<\/div>\n\n\t<div class=\"wpb_text_column wpb_content_element\" >\n\t\t<div class=\"wpb_wrapper\">\n\t\t\t<p>La Universidad del Sin\u00fa El\u00edas Bechara Zain\u00fam seccional Cartagena, en procura del bienestar de la comunidad estudiantil y personal administrativo, ha dispuesto el siguiente procedimiento de legalizaci\u00f3n de matr\u00edculas con financiaci\u00f3n externa.<\/p>\n<p>&nbsp;<\/p>\n<p>El estudiante o padre de familia podr\u00e1 solicitar un cr\u00e9dito en cualquier entidad financiera por cualquier monto, siempre y cuando el desembolso se realice mediante cheque de gerencia a nombre de la universidad o desembolso directo al titular del cr\u00e9dito. En este caso s\u00f3lo debe realizar el pago de la matr\u00edcula depositando el cheque en Banco de Occidente o Bancolombia con el volante de matr\u00edcula del estudiante.<\/p>\n\n\t\t<\/div>\n\t<\/div>\n<\/div><\/div><\/div><\/div><div class=\"vc_row wpb_row vc_row-fluid\"><div class=\"wpb_column vc_column_container vc_col-sm-12\"><div class=\"vc_column-inner\"><div class=\"wpb_wrapper\">\n\t<div class=\"wpb_text_column wpb_content_element\" >\n\t\t<div class=\"wpb_wrapper\">\n\t\t\t<p style=\"text-align: center;\"><strong><span style=\"color: #ff0000; font-size: 24pt;\">Si vas a RENOVAR tu cr\u00e9dito Brilla (El semestre anterior legalizaste tu matr\u00edcula con Brilla): <\/span><\/strong><\/p>\n\n\t\t<\/div>\n\t<\/div>\n\n\t<div class=\"wpb_text_column wpb_content_element\" >\n\t\t<div class=\"wpb_wrapper\">\n\t\t\t<ol>\n<li>El solicitante debe solicitar el cr\u00e9dito ante Brilla de Surtigas. La entidad se encargar\u00e1 de notificar a la Universidad sobre la aprobaci\u00f3n del cr\u00e9dito.<\/li>\n<li>The student updates his data and that of his joint and several debtor in the following link <a href=\"https:\/\/forms.gle\/gvK1vSM8XyiHrVhs8\" target=\"_blank\" rel=\"noopener noreferrer\"><strong><span style=\"color: #ff0000;\">Click here<\/span><\/strong><\/a><\/li>\n<\/ol>\n<p>If you are going to change the joint and several debtor, you must notify the email in advance <a href=\"mailto:infocredito@unisinucartagena.edu.co\"><strong><span style=\"color: #ff0000;\">infocredito@unisinucartagena.edu.co<\/span><\/strong><\/a> to request an appointment for the signing of internal guarantees.<\/p>\n<p>3. Send the renewal request to the mail <a href=\"mailto:infocredito@unisinucartagena.edu.co\"><strong><span style=\"color: #ff0000;\">infocredito@unisinucartagena.edu.co<\/span><\/strong><\/a> indicating your personal data (full name, code, program, cell phone). You must attach the updated registration flyer <span style=\"font-weight: 400;\">y recibo de servicio p\u00fablico de energ\u00eda y fotocopia de la cedula\u00a0 de ambos &#8220;Estudiantes y Deudor Solidario&#8221;.<\/span><\/p>\n<p>The information will be validated and your request will be answered within a maximum period of 3 business days. To avoid email congestion, please submit your request only once. These types of renewals will not be accepted in emails other than the one indicated.<\/p>\n\n\t\t<\/div>\n\t<\/div>\n\n\t<div class=\"wpb_text_column wpb_content_element\" >\n\t\t<div class=\"wpb_wrapper\">\n\t\t\t<p style=\"text-align: center;\"><strong><span style=\"color: #ff0000; font-size: 24pt;\">Si vas a legalizar tu matr\u00edcula con Brilla por primera vez: <\/span><\/strong><\/p>\n\n\t\t<\/div>\n\t<\/div>\n\n\t<div class=\"wpb_text_column wpb_content_element\" >\n\t\t<div class=\"wpb_wrapper\">\n\t\t\t<ol>\n<li>El afiliado debe solicitar el cr\u00e9dito ante Brilla de Surtigas. La entidad se encargar\u00e1 de notificar a la Universidad sobre la aprobaci\u00f3n del cr\u00e9dito.<\/li>\n<li>The student updates his data and that of his joint and several debtor in the following link <span style=\"color: #ff0000;\"><strong><a style=\"color: #ff0000;\" href=\"https:\/\/forms.gle\/gvK1vSM8XyiHrVhs8\" target=\"_blank\" rel=\"noopener noreferrer\">Click here<\/a><\/strong><\/span><\/li>\n<li>Send the renewal application to the mail <a href=\"mailto:infocredito@unisinucartagena.edu.co\"><strong><span style=\"color: #ff0000;\">infocredito@unisinucartagena.edu.co<\/span><\/strong><\/a> indicating your personal data (full name, code, program, cell phone). You must attach the updated registration flyer <span style=\"font-weight: 400;\">y recibo de servicio p\u00fablico de energ\u00eda y fotocopia de la cedula\u00a0 de ambos &#8220;Estudiantes y Deudor Solidario&#8221;.<\/span><\/li>\n<\/ol>\n<p>Una vez verificada la informaci\u00f3n, en un periodo m\u00e1ximo de 3 d\u00edas h\u00e1biles se le asignar\u00e1 la cita para firma de garant\u00edas o se le enviar\u00e1 el instructivo para firma de garant\u00edas no presencial, seg\u00fan aplique. Para evitar la congesti\u00f3n del correo electr\u00f3nico, por favor env\u00ede una solo vez su solicitud. No se atender\u00e1n legalizaciones de cr\u00e9dito Brilla en correos diferentes al indicado.<\/p>\n\n\t\t<\/div>\n\t<\/div>\n<\/div><\/div><\/div><\/div><div data-vc-full-width=\"true\" data-vc-full-width-init=\"false\" class=\"vc_row wpb_row vc_row-fluid vc_custom_1607527986048 vc_row-has-fill\"><div class=\"wpb_column vc_column_container vc_col-sm-8\"><div class=\"vc_column-inner\"><div class=\"wpb_wrapper\">\n\t<div class=\"wpb_text_column wpb_content_element\" >\n\t\t<div class=\"wpb_wrapper\">\n\t\t\t<p><span style=\"color: #ff0000;\"><strong>PSE online payment: <\/strong><\/span>Login through your platform <span style=\"color: #ff0000;\"><a style=\"color: #ff0000;\" href=\"http:\/\/elysa.unisinu.edu.co\/psc\/csadm\/EMPLOYEE\/HRMS\/c\/UA_FRM_ADMISION_MNU.UA_ADMISION_LOGIN.GBL?&amp;userid=US_FRMLRADMSN_NV&amp;pwd=Vp@+3mq0o&amp;languageCd=ESP&amp;\" target=\"_blank\" rel=\"noopener noreferrer\"><strong>ELYSA<\/strong><\/a><\/span>. Attach transaction support to email <a href=\"mailto:apoyoadminfinanciero@unisinucartagena.edu.co\"><span style=\"color: #ff0000;\"><strong>supportadminfinanciero@unisinucartagena.edu.co <\/strong><\/span><\/a><\/p>\n<p><span style=\"color: #ff0000;\"><strong>Face-to-face payment at a bank branch: <\/strong><\/span>In the invoice indicate the name of the bank<\/p>\n<p>If the bank registered on the invoice does not have offices in your place of residence, please inform <a href=\"mailto:apoyoadminfinanciero@unisinucartagena.edu.co\"><span style=\"color: #ff0000;\"><strong>supportadminfinanciero@unisinucartagena.edu.co <\/strong><\/span><\/a><\/p>\n\n\t\t<\/div>\n\t<\/div>\n<\/div><\/div><\/div><div class=\"wpb_column vc_column_container vc_col-sm-4\"><div class=\"vc_column-inner\"><div class=\"wpb_wrapper\">\n\t<div class=\"wpb_text_column wpb_content_element\" >\n\t\t<div class=\"wpb_wrapper\">\n\t\t\t<p style=\"text-align: center;\"><span style=\"font-size: 14pt;\"><strong>Payment options <\/strong><\/span><\/p>\n\n\t\t<\/div>\n\t<\/div>\n\n\t<div  class=\"wpb_single_image wpb_content_element vc_align_center\">\n\t\t\n\t\t<figure class=\"wpb_wrapper vc_figure\">\n\t\t\t<a href=\"https:\/\/www.pse.com.co\/persona\" target=\"_self\" class=\"vc_single_image-wrapper   vc_box_border_grey\"><img data-recalc-dims=\"1\" decoding=\"async\" width=\"150\" height=\"150\" src=\"https:\/\/i0.wp.com\/unisinucartagena.edu.co\/wp-content\/uploads\/2020\/12\/PSE.png?resize=150%2C150&#038;ssl=1\" class=\"vc_single_image-img attachment-thumbnail\" alt=\"\" title=\"PES\" srcset=\"https:\/\/i0.wp.com\/unisinucartagena.edu.co\/wp-content\/uploads\/2020\/12\/PSE.png?resize=150%2C150&amp;ssl=1 150w, https:\/\/i0.wp.com\/unisinucartagena.edu.co\/wp-content\/uploads\/2020\/12\/PSE.png?resize=300%2C300&amp;ssl=1 300w, https:\/\/i0.wp.com\/unisinucartagena.edu.co\/wp-content\/uploads\/2020\/12\/PSE.png?resize=100%2C100&amp;ssl=1 100w, https:\/\/i0.wp.com\/unisinucartagena.edu.co\/wp-content\/uploads\/2020\/12\/PSE.png?resize=50%2C50&amp;ssl=1 50w, https:\/\/i0.wp.com\/unisinucartagena.edu.co\/wp-content\/uploads\/2020\/12\/PSE.png?w=378&amp;ssl=1 378w\" sizes=\"(max-width: 150px) 100vw, 150px\" \/><\/a>\n\t\t<\/figure>\n\t<\/div>\n<\/div><\/div><\/div><\/div><div class=\"vc_row-full-width vc_clearfix\"><\/div><div class=\"vc_row wpb_row vc_row-fluid\"><div class=\"wpb_column vc_column_container vc_col-sm-3\"><div class=\"vc_column-inner\"><div class=\"wpb_wrapper\"><\/div><\/div><\/div><div class=\"wpb_column vc_column_container vc_col-sm-6\"><div class=\"vc_column-inner\"><div class=\"wpb_wrapper\"><div class=\".center\"><div class=\"thim-widget-button\"><a class=\"widget-button tiny-rounded no-border medium custom_style\" href=\"https:\/\/unisinucartagena.edu.co\/en\/alternativas-de-financiacion\/\" target=\"_blank\" style=\"font-size: 14px;font-weight: 400;border-color: #e00000;background-color: #e00000;\" data-hover=\"font-size: 14px;font-weight: 400;\"><i class=\"fas fa-dollar-sign\" style=\"font-size: 25px;\"><\/i> KNOW OUR PAYMENT ALTERNATIVES<\/a><\/div><\/div><\/div><\/div><\/div><div class=\"wpb_column vc_column_container vc_col-sm-3\"><div class=\"vc_column-inner\"><div class=\"wpb_wrapper\"><\/div><\/div><\/div><\/div>","protected":false},"excerpt":{"rendered":"Apreciado Estudiante Unisinuano La Universidad del Sin\u00fa El\u00edas Bechara Zain\u00fam seccional Cartagena, en procura del bienestar de la comunidad estudiantil y personal administrativo, ha dispuesto el siguiente procedimiento de legalizaci\u00f3n de matr\u00edculas con financiaci\u00f3n externa. &nbsp; El estudiante o padre &hellip;","protected":false},"author":1,"featured_media":0,"parent":0,"menu_order":0,"comment_status":"closed","ping_status":"open","template":"","meta":{"_acf_changed":false,"_bbp_topic_count":0,"_bbp_reply_count":0,"_bbp_total_topic_count":0,"_bbp_total_reply_count":0,"_bbp_voice_count":0,"_bbp_anonymous_reply_count":0,"_bbp_topic_count_hidden":0,"_bbp_reply_count_hidden":0,"_bbp_forum_subforum_count":0,"_monsterinsights_skip_tracking":false,"_monsterinsights_sitenote_active":false,"_monsterinsights_sitenote_note":"","_monsterinsights_sitenote_category":0,"footnotes":""},"class_list":["post-56097","page","type-page","status-publish","hentry"],"acf":[],"aioseo_notices":[],"_links":{"self":[{"href":"https:\/\/unisinucartagena.edu.co\/en\/wp-json\/wp\/v2\/pages\/56097","targetHints":{"allow":["GET"]}}],"collection":[{"href":"https:\/\/unisinucartagena.edu.co\/en\/wp-json\/wp\/v2\/pages"}],"about":[{"href":"https:\/\/unisinucartagena.edu.co\/en\/wp-json\/wp\/v2\/types\/page"}],"author":[{"embeddable":true,"href":"https:\/\/unisinucartagena.edu.co\/en\/wp-json\/wp\/v2\/users\/1"}],"replies":[{"embeddable":true,"href":"https:\/\/unisinucartagena.edu.co\/en\/wp-json\/wp\/v2\/comments?post=56097"}],"version-history":[{"count":5,"href":"https:\/\/unisinucartagena.edu.co\/en\/wp-json\/wp\/v2\/pages\/56097\/revisions"}],"predecessor-version":[{"id":59640,"href":"https:\/\/unisinucartagena.edu.co\/en\/wp-json\/wp\/v2\/pages\/56097\/revisions\/59640"}],"wp:attachment":[{"href":"https:\/\/unisinucartagena.edu.co\/en\/wp-json\/wp\/v2\/media?parent=56097"}],"curies":[{"name":"wp","href":"https:\/\/api.w.org\/{rel}","templated":true}]}}