{"id":55450,"date":"2023-04-04T17:32:40","date_gmt":"2023-04-04T22:32:40","guid":{"rendered":"https:\/\/www.unisinucartagena.edu.co\/?page_id=55450"},"modified":"2023-04-04T17:42:08","modified_gmt":"2023-04-04T22:42:08","slug":"observatorio-clima-de-negocio-objetivos-2-0","status":"publish","type":"page","link":"https:\/\/unisinucartagena.edu.co\/en\/observatorio-clima-de-negocio-objetivos-2-0\/","title":{"rendered":"Observatorio Clima de Negocio Objetivos 2.0"},"content":{"rendered":"<div data-elementor-type=\"wp-page\" data-elementor-id=\"55450\" class=\"elementor elementor-55450\" data-elementor-post-type=\"page\">\n\t\t\t\t\t\t<section class=\"elementor-section elementor-top-section elementor-element elementor-element-5bfe8c62 elementor-section-full_width elementor-section-stretched elementor-section-height-default elementor-section-height-default\" data-id=\"5bfe8c62\" data-element_type=\"section\" data-e-type=\"section\" data-settings=\"{&quot;stretch_section&quot;:&quot;section-stretched&quot;}\">\n\t\t\t\t\t\t<div class=\"elementor-container elementor-column-gap-no\">\n\t\t\t\t\t<div class=\"elementor-column elementor-col-100 elementor-top-column elementor-element elementor-element-49cb0e59\" data-id=\"49cb0e59\" data-element_type=\"column\" data-e-type=\"column\">\n\t\t\t<div class=\"elementor-widget-wrap elementor-element-populated\">\n\t\t\t\t\t\t<div class=\"elementor-element elementor-element-643acd4d elementor-widget elementor-widget-slider_revolution\" data-id=\"643acd4d\" data-element_type=\"widget\" data-e-type=\"widget\" data-widget_type=\"slider_revolution.default\">\n\t\t\t\t<div class=\"elementor-widget-container\">\n\t\t\t\t\t\n\t\t<div class=\"wp-block-themepunch-revslider\">\n\t\t\t<!-- START OBSERVATORIO 2.0 REVOLUTION SLIDER 6.7.0 --><p class=\"rs-p-wp-fix\"><\/p>\n\t\t\t<rs-module-wrap id=\"rev_slider_101_1_wrapper\" data-source=\"gallery\" style=\"visibility:hidden;background:transparent;padding:0;margin:0px auto;margin-top:0;margin-bottom:0;\">\n\t\t\t\t<rs-module id=\"rev_slider_101_1\" style=\"\" data-version=\"6.7.0\">\n\t\t\t\t\t<rs-slides style=\"overflow: hidden; position: absolute;\">\n\t\t\t\t\t\t<rs-slide style=\"position: absolute;\" data-key=\"rs-425\" data-in=\"o:0;\" data-out=\"a:false;\">\n\t\t\t\t\t\t\t<img data-recalc-dims=\"1\" fetchpriority=\"high\" decoding=\"async\" src=\"https:\/\/i0.wp.com\/unisinucartagena.edu.co\/wp-content\/plugins\/revslider\/sr6\/assets\/assets\/dummy.png?resize=640%2C200\" alt=\"\" title=\"ob\" width=\"640\" height=\"200\" class=\"rev-slidebg tp-rs-img rs-lazyload\" data-lazyload=\"\/\/unisinucartagena.edu.co\/wp-content\/uploads\/2023\/04\/ob.png\" data-no-retina>\n<!---->\t\t\t\t\t<\/rs-slide>\n\t\t\t\t\t<\/rs-slides>\n\t\t\t\t<\/rs-module>\n\t\t\t\t<script>\n\t\t\t\t\tsetREVStartSize({c: 'rev_slider_101_1',rl:[1240,1024,778,480],el:[600],gw:[1920],gh:[600],type:'standard',justify:'',layout:'fullwidth',mh:\"0\"});if (window.RS_MODULES!==undefined && window.RS_MODULES.modules!==undefined && window.RS_MODULES.modules[\"revslider1011\"]!==undefined) {window.RS_MODULES.modules[\"revslider1011\"].once = false;window.revapi101 = undefined;if (window.RS_MODULES.checkMinimal!==undefined) window.RS_MODULES.checkMinimal()}\n\t\t\t\t<\/script>\n\t\t\t<\/rs-module-wrap>\n\t\t\t<!-- END REVOLUTION SLIDER -->\n<\/div>\n\n\t\t\t\t\t\t<\/div>\n\t\t\t\t<\/div>\n\t\t\t\t\t<\/div>\n\t\t<\/div>\n\t\t\t\t\t<\/div>\n\t\t<\/section>\n\t\t\t\t<section class=\"elementor-section elementor-top-section elementor-element elementor-element-6533279f elementor-section-height-min-height elementor-section-full_width elementor-section-stretched elementor-section-height-default elementor-section-items-middle\" data-id=\"6533279f\" data-element_type=\"section\" data-e-type=\"section\" data-settings=\"{&quot;background_background&quot;:&quot;gradient&quot;,&quot;stretch_section&quot;:&quot;section-stretched&quot;}\">\n\t\t\t\t\t\t<div class=\"elementor-container elementor-column-gap-default\">\n\t\t\t\t\t<div class=\"elementor-column elementor-col-50 elementor-top-column elementor-element elementor-element-17f1644a\" data-id=\"17f1644a\" data-element_type=\"column\" data-e-type=\"column\">\n\t\t\t<div class=\"elementor-widget-wrap elementor-element-populated\">\n\t\t\t\t\t\t<div class=\"elementor-element elementor-element-4468974 elementor-widget elementor-widget-image\" data-id=\"4468974\" data-element_type=\"widget\" data-e-type=\"widget\" data-widget_type=\"image.default\">\n\t\t\t\t<div class=\"elementor-widget-container\">\n\t\t\t\t\t\t\t\t\t\t\t\t\t\t\t\t<a href=\"https:\/\/unisinucartagena.edu.co\/en\">\n\t\t\t\t\t\t\t<img data-recalc-dims=\"1\" decoding=\"async\" width=\"640\" height=\"161\" src=\"https:\/\/i0.wp.com\/unisinucartagena.edu.co\/wp-content\/uploads\/2023\/04\/observ.png?resize=640%2C161&#038;ssl=1\" class=\"attachment-full size-full wp-image-55355\" alt=\"\" srcset=\"https:\/\/i0.wp.com\/unisinucartagena.edu.co\/wp-content\/uploads\/2023\/04\/observ.png?w=749&amp;ssl=1 749w, https:\/\/i0.wp.com\/unisinucartagena.edu.co\/wp-content\/uploads\/2023\/04\/observ.png?resize=300%2C75&amp;ssl=1 300w, https:\/\/i0.wp.com\/unisinucartagena.edu.co\/wp-content\/uploads\/2023\/04\/observ.png?resize=18%2C5&amp;ssl=1 18w\" sizes=\"(max-width: 640px) 100vw, 640px\" \/>\t\t\t\t\t\t\t\t<\/a>\n\t\t\t\t\t\t\t\t\t\t\t\t\t\t\t<\/div>\n\t\t\t\t<\/div>\n\t\t\t\t\t<\/div>\n\t\t<\/div>\n\t\t\t\t<div class=\"elementor-column elementor-col-50 elementor-top-column elementor-element elementor-element-3440bd23\" data-id=\"3440bd23\" data-element_type=\"column\" data-e-type=\"column\">\n\t\t\t<div class=\"elementor-widget-wrap elementor-element-populated\">\n\t\t\t\t\t\t<div class=\"elementor-element elementor-element-17e071de elementor-nav-menu__align-end elementor-nav-menu--stretch elementor-nav-menu__text-align-center elementor-nav-menu--dropdown-tablet elementor-nav-menu--toggle elementor-nav-menu--burger elementor-widget elementor-widget-nav-menu\" data-id=\"17e071de\" data-element_type=\"widget\" data-e-type=\"widget\" data-settings=\"{&quot;full_width&quot;:&quot;stretch&quot;,&quot;submenu_icon&quot;:{&quot;value&quot;:&quot;&lt;i class=\\&quot;fas fa-chevron-down\\&quot; aria-hidden=\\&quot;true\\&quot;&gt;&lt;\\\/i&gt;&quot;,&quot;library&quot;:&quot;fa-solid&quot;},&quot;layout&quot;:&quot;horizontal&quot;,&quot;toggle&quot;:&quot;burger&quot;}\" data-widget_type=\"nav-menu.default\">\n\t\t\t\t<div class=\"elementor-widget-container\">\n\t\t\t\t\t\t\t\t<nav aria-label=\"Menu\" class=\"elementor-nav-menu--main elementor-nav-menu__container elementor-nav-menu--layout-horizontal e--pointer-underline e--animation-drop-out\">\n\t\t\t\t<ul id=\"menu-1-17e071de\" class=\"elementor-nav-menu\"><li class=\"menu-item menu-item-type-custom menu-item-object-custom menu-item-55356 tc-menu-item tc-menu-depth-0 tc-menu-align-left tc-menu-layout-default\"><a href=\"https:\/\/unisinucartagena.edu.co\/en\/observatorio-clima-de-negocio-inicio-2-0\/\" class=\"elementor-item\">Start<\/a><\/li>\n<li class=\"menu-item menu-item-type-custom menu-item-object-custom menu-item-55357 tc-menu-item tc-menu-depth-0 tc-menu-align-left tc-menu-layout-default\"><a href=\"https:\/\/unisinucartagena.edu.co\/en\/observatorio-clima-de-negocio-quienes-somos-2-0\/\" class=\"elementor-item\">About us<\/a><\/li>\n<li class=\"menu-item menu-item-type-custom menu-item-object-custom menu-item-55358 tc-menu-item tc-menu-depth-0 tc-menu-align-left tc-menu-layout-default\"><a href=\"https:\/\/unisinucartagena.edu.co\/en\/observatorio-clima-de-negocio-objetivos-2-0\/\" class=\"elementor-item\">Objectives<\/a><\/li>\n<li class=\"menu-item menu-item-type-custom menu-item-object-custom menu-item-55359 tc-menu-item tc-menu-depth-0 tc-menu-align-left tc-menu-layout-default\"><a href=\"https:\/\/unisinucartagena.edu.co\/en\/observatorio-clima-de-negocio-servicios-2-0\/\" class=\"elementor-item\">Services<\/a><\/li>\n<li class=\"menu-item menu-item-type-custom menu-item-object-custom menu-item-55360 tc-menu-item tc-menu-depth-0 tc-menu-align-left tc-menu-layout-default\"><a href=\"https:\/\/unisinucartagena.edu.co\/en\/grupos-de-investigacion\/\" class=\"elementor-item\">Investigation groups<\/a><\/li>\n<li class=\"menu-item menu-item-type-custom menu-item-object-custom menu-item-55361 tc-menu-item tc-menu-depth-0 tc-menu-align-left tc-menu-layout-default\"><a href=\"https:\/\/unisinucartagena.edu.co\/en\/observatorio-clima-de-negocio-multimedia-2-0\/\" class=\"elementor-item\">Multimedia<\/a><\/li>\n<li class=\"menu-item menu-item-type-custom menu-item-object-custom menu-item-55362 tc-menu-item tc-menu-depth-0 tc-menu-align-left tc-menu-layout-default\"><a href=\"https:\/\/unisinucartagena.edu.co\/en\/observatorio-clima-de-negocio-contacto-2-0\/\" class=\"elementor-item\">contact us<\/a><\/li>\n<\/ul>\t\t\t<\/nav>\n\t\t\t\t\t<div class=\"elementor-menu-toggle\" role=\"button\" tabindex=\"0\" aria-label=\"Menu Toggle\" aria-expanded=\"false\">\n\t\t\t<i aria-hidden=\"true\" role=\"presentation\" class=\"elementor-menu-toggle__icon--open eicon-menu-bar\"><\/i><i aria-hidden=\"true\" role=\"presentation\" class=\"elementor-menu-toggle__icon--close eicon-close\"><\/i>\t\t<\/div>\n\t\t\t\t\t<nav class=\"elementor-nav-menu--dropdown elementor-nav-menu__container\" aria-hidden=\"true\">\n\t\t\t\t<ul id=\"menu-2-17e071de\" class=\"elementor-nav-menu\"><li class=\"menu-item menu-item-type-custom menu-item-object-custom menu-item-55356 tc-menu-item tc-menu-depth-0 tc-menu-align-left tc-menu-layout-default\"><a href=\"https:\/\/unisinucartagena.edu.co\/en\/observatorio-clima-de-negocio-inicio-2-0\/\" class=\"elementor-item\" tabindex=\"-1\">Start<\/a><\/li>\n<li class=\"menu-item menu-item-type-custom menu-item-object-custom menu-item-55357 tc-menu-item tc-menu-depth-0 tc-menu-align-left tc-menu-layout-default\"><a href=\"https:\/\/unisinucartagena.edu.co\/en\/observatorio-clima-de-negocio-quienes-somos-2-0\/\" class=\"elementor-item\" tabindex=\"-1\">About us<\/a><\/li>\n<li class=\"menu-item menu-item-type-custom menu-item-object-custom menu-item-55358 tc-menu-item tc-menu-depth-0 tc-menu-align-left tc-menu-layout-default\"><a href=\"https:\/\/unisinucartagena.edu.co\/en\/observatorio-clima-de-negocio-objetivos-2-0\/\" class=\"elementor-item\" tabindex=\"-1\">Objectives<\/a><\/li>\n<li class=\"menu-item menu-item-type-custom menu-item-object-custom menu-item-55359 tc-menu-item tc-menu-depth-0 tc-menu-align-left tc-menu-layout-default\"><a href=\"https:\/\/unisinucartagena.edu.co\/en\/observatorio-clima-de-negocio-servicios-2-0\/\" class=\"elementor-item\" tabindex=\"-1\">Services<\/a><\/li>\n<li class=\"menu-item menu-item-type-custom menu-item-object-custom menu-item-55360 tc-menu-item tc-menu-depth-0 tc-menu-align-left tc-menu-layout-default\"><a href=\"https:\/\/unisinucartagena.edu.co\/en\/grupos-de-investigacion\/\" class=\"elementor-item\" tabindex=\"-1\">Investigation groups<\/a><\/li>\n<li class=\"menu-item menu-item-type-custom menu-item-object-custom menu-item-55361 tc-menu-item tc-menu-depth-0 tc-menu-align-left tc-menu-layout-default\"><a href=\"https:\/\/unisinucartagena.edu.co\/en\/observatorio-clima-de-negocio-multimedia-2-0\/\" class=\"elementor-item\" tabindex=\"-1\">Multimedia<\/a><\/li>\n<li class=\"menu-item menu-item-type-custom menu-item-object-custom menu-item-55362 tc-menu-item tc-menu-depth-0 tc-menu-align-left tc-menu-layout-default\"><a href=\"https:\/\/unisinucartagena.edu.co\/en\/observatorio-clima-de-negocio-contacto-2-0\/\" class=\"elementor-item\" tabindex=\"-1\">contact us<\/a><\/li>\n<\/ul>\t\t\t<\/nav>\n\t\t\t\t\t\t<\/div>\n\t\t\t\t<\/div>\n\t\t\t\t\t<\/div>\n\t\t<\/div>\n\t\t\t\t\t<\/div>\n\t\t<\/section>\n\t\t\t\t<section class=\"elementor-section elementor-top-section elementor-element elementor-element-195d25ee elementor-section-content-middle elementor-section-boxed elementor-section-height-default elementor-section-height-default\" data-id=\"195d25ee\" data-element_type=\"section\" data-e-type=\"section\">\n\t\t\t\t\t\t<div class=\"elementor-container elementor-column-gap-no\">\n\t\t\t\t\t<div class=\"elementor-column elementor-col-50 elementor-top-column elementor-element elementor-element-4e705cc5\" data-id=\"4e705cc5\" data-element_type=\"column\" data-e-type=\"column\">\n\t\t\t<div class=\"elementor-widget-wrap elementor-element-populated\">\n\t\t\t\t\t\t<div class=\"elementor-element elementor-element-2af0e402 elementor-widget elementor-widget-image\" data-id=\"2af0e402\" data-element_type=\"widget\" data-e-type=\"widget\" data-widget_type=\"image.default\">\n\t\t\t\t<div class=\"elementor-widget-container\">\n\t\t\t\t\t\t\t\t\t\t\t\t\t\t\t<img data-recalc-dims=\"1\" decoding=\"async\" width=\"640\" height=\"640\" src=\"https:\/\/i0.wp.com\/unisinucartagena.edu.co\/wp-content\/uploads\/2023\/04\/icon-7.png?resize=640%2C640&#038;ssl=1\" class=\"attachment-full size-full wp-image-55453\" alt=\"\" srcset=\"https:\/\/i0.wp.com\/unisinucartagena.edu.co\/wp-content\/uploads\/2023\/04\/icon-7.png?w=1000&amp;ssl=1 1000w, https:\/\/i0.wp.com\/unisinucartagena.edu.co\/wp-content\/uploads\/2023\/04\/icon-7.png?resize=300%2C300&amp;ssl=1 300w, https:\/\/i0.wp.com\/unisinucartagena.edu.co\/wp-content\/uploads\/2023\/04\/icon-7.png?resize=150%2C150&amp;ssl=1 150w, https:\/\/i0.wp.com\/unisinucartagena.edu.co\/wp-content\/uploads\/2023\/04\/icon-7.png?resize=768%2C768&amp;ssl=1 768w, https:\/\/i0.wp.com\/unisinucartagena.edu.co\/wp-content\/uploads\/2023\/04\/icon-7.png?resize=100%2C100&amp;ssl=1 100w, https:\/\/i0.wp.com\/unisinucartagena.edu.co\/wp-content\/uploads\/2023\/04\/icon-7.png?resize=12%2C12&amp;ssl=1 12w, https:\/\/i0.wp.com\/unisinucartagena.edu.co\/wp-content\/uploads\/2023\/04\/icon-7.png?resize=50%2C50&amp;ssl=1 50w\" sizes=\"(max-width: 640px) 100vw, 640px\" \/>\t\t\t\t\t\t\t\t\t\t\t\t\t\t\t<\/div>\n\t\t\t\t<\/div>\n\t\t\t\t\t<\/div>\n\t\t<\/div>\n\t\t\t\t<div class=\"elementor-column elementor-col-50 elementor-top-column elementor-element elementor-element-2b3fea2a\" data-id=\"2b3fea2a\" data-element_type=\"column\" data-e-type=\"column\">\n\t\t\t<div class=\"elementor-widget-wrap elementor-element-populated\">\n\t\t\t\t\t\t<div class=\"elementor-element elementor-element-68c7eaf3 elementor-widget elementor-widget-heading\" data-id=\"68c7eaf3\" data-element_type=\"widget\" data-e-type=\"widget\" data-widget_type=\"heading.default\">\n\t\t\t\t<div class=\"elementor-widget-container\">\n\t\t\t\t\t<h4 class=\"elementor-heading-title elementor-size-default\">Objectives<\/h4>\t\t\t\t<\/div>\n\t\t\t\t<\/div>\n\t\t\t\t<div class=\"elementor-element elementor-element-949447a elementor-widget elementor-widget-text-editor\" data-id=\"949447a\" data-element_type=\"widget\" data-e-type=\"widget\" data-widget_type=\"text-editor.default\">\n\t\t\t\t<div class=\"elementor-widget-container\">\n\t\t\t\t\t\t\t\t\t<ul><li>Generar informaci\u00f3n pertinente y oportuna referente a la creaci\u00f3n, formalizaci\u00f3n de empresas y generaci\u00f3n de emprendimientos en la ciudad de Cartagena.<\/li><li><p>Producir informaci\u00f3n referente a la competitividad y desarrollo de la ciudad.<\/p><\/li><li><p>Servir de eje articular de la triple h\u00e9lice; Universidad \u2013Empresa Estada con impacto en la comunidad.<\/p><\/li><li><p>Generar nuevo conocimiento a trav\u00e9s de los productos de investigaci\u00f3n derivados del observatorio<\/p><\/li><\/ul>\t\t\t\t\t\t\t\t<\/div>\n\t\t\t\t<\/div>\n\t\t\t\t\t<\/div>\n\t\t<\/div>\n\t\t\t\t\t<\/div>\n\t\t<\/section>\n\t\t\t\t<\/div>","protected":false},"excerpt":{"rendered":"<p>Objetivos Generar informaci\u00f3n pertinente y oportuna referente a la creaci\u00f3n, formalizaci\u00f3n de empresas y generaci\u00f3n de emprendimientos en la ciudad de Cartagena. Producir informaci\u00f3n referente a la competitividad y desarrollo de la ciudad. Servir de eje articular de la triple &hellip; <\/p>","protected":false},"author":1,"featured_media":0,"parent":0,"menu_order":0,"comment_status":"closed","ping_status":"open","template":"page-templates\/homepage.php","meta":{"_acf_changed":false,"_bbp_topic_count":0,"_bbp_reply_count":0,"_bbp_total_topic_count":0,"_bbp_total_reply_count":0,"_bbp_voice_count":0,"_bbp_anonymous_reply_count":0,"_bbp_topic_count_hidden":0,"_bbp_reply_count_hidden":0,"_bbp_forum_subforum_count":0,"_monsterinsights_skip_tracking":false,"_monsterinsights_sitenote_active":false,"_monsterinsights_sitenote_note":"","_monsterinsights_sitenote_category":0,"footnotes":""},"class_list":["post-55450","page","type-page","status-publish","hentry"],"acf":[],"aioseo_notices":[],"_links":{"self":[{"href":"https:\/\/unisinucartagena.edu.co\/en\/wp-json\/wp\/v2\/pages\/55450","targetHints":{"allow":["GET"]}}],"collection":[{"href":"https:\/\/unisinucartagena.edu.co\/en\/wp-json\/wp\/v2\/pages"}],"about":[{"href":"https:\/\/unisinucartagena.edu.co\/en\/wp-json\/wp\/v2\/types\/page"}],"author":[{"embeddable":true,"href":"https:\/\/unisinucartagena.edu.co\/en\/wp-json\/wp\/v2\/users\/1"}],"replies":[{"embeddable":true,"href":"https:\/\/unisinucartagena.edu.co\/en\/wp-json\/wp\/v2\/comments?post=55450"}],"version-history":[{"count":5,"href":"https:\/\/unisinucartagena.edu.co\/en\/wp-json\/wp\/v2\/pages\/55450\/revisions"}],"predecessor-version":[{"id":55457,"href":"https:\/\/unisinucartagena.edu.co\/en\/wp-json\/wp\/v2\/pages\/55450\/revisions\/55457"}],"wp:attachment":[{"href":"https:\/\/unisinucartagena.edu.co\/en\/wp-json\/wp\/v2\/media?parent=55450"}],"curies":[{"name":"wp","href":"https:\/\/api.w.org\/{rel}","templated":true}]}}