{"id":51030,"date":"2022-03-23T12:04:39","date_gmt":"2022-03-23T17:04:39","guid":{"rendered":"https:\/\/www.unisinucartagena.edu.co\/?page_id=51030"},"modified":"2022-03-25T09:21:06","modified_gmt":"2022-03-25T14:21:06","slug":"agenda-diplomado","status":"publish","type":"page","link":"https:\/\/unisinucartagena.edu.co\/en\/agenda-diplomado\/","title":{"rendered":"Agenda &#8211; Diplomado"},"content":{"rendered":"<div data-elementor-type=\"wp-page\" data-elementor-id=\"51030\" class=\"elementor elementor-51030\" data-elementor-post-type=\"page\">\n\t\t\t\t\t\t<section class=\"elementor-section elementor-top-section elementor-element elementor-element-f92665d elementor-section-full_width elementor-section-stretched elementor-section-height-default elementor-section-height-default\" data-id=\"f92665d\" data-element_type=\"section\" data-e-type=\"section\" data-settings=\"{&quot;stretch_section&quot;:&quot;section-stretched&quot;}\">\n\t\t\t\t\t\t<div class=\"elementor-container elementor-column-gap-no\">\n\t\t\t\t\t<div class=\"elementor-column elementor-col-100 elementor-top-column elementor-element elementor-element-6f3197a\" data-id=\"6f3197a\" data-element_type=\"column\" data-e-type=\"column\">\n\t\t\t<div class=\"elementor-widget-wrap elementor-element-populated\">\n\t\t\t\t\t\t<div class=\"elementor-element elementor-element-b89fcb2 elementor-widget elementor-widget-slider_revolution\" data-id=\"b89fcb2\" data-element_type=\"widget\" data-e-type=\"widget\" data-widget_type=\"slider_revolution.default\">\n\t\t\t\t<div class=\"elementor-widget-container\">\n\t\t\t\t\t\n\t\t<div class=\"wp-block-themepunch-revslider\">\n\t\t\t<!-- START DIPLOMADOS MQX REVOLUTION SLIDER 6.7.0 --><p class=\"rs-p-wp-fix\"><\/p>\n\t\t\t<rs-module-wrap id=\"rev_slider_79_1_wrapper\" data-source=\"gallery\" style=\"visibility:hidden;background:transparent;padding:0;margin:0px auto;margin-top:0;margin-bottom:0;\">\n\t\t\t\t<rs-module id=\"rev_slider_79_1\" style=\"\" data-version=\"6.7.0\">\n\t\t\t\t\t<rs-slides style=\"overflow: hidden; position: absolute;\">\n\t\t\t\t\t\t<rs-slide style=\"position: absolute;\" data-key=\"rs-312\" data-title=\"Slide\" data-anim=\"adpr:false;ms:600;\" data-in=\"o:0;\" data-out=\"a:false;\">\n\t\t\t\t\t\t\t<img data-recalc-dims=\"1\" fetchpriority=\"high\" decoding=\"async\" src=\"https:\/\/i0.wp.com\/unisinucartagena.edu.co\/wp-content\/plugins\/revslider\/sr6\/assets\/assets\/dummy.png?resize=640%2C209\" alt=\"\" title=\"BANNER-3-1-min\" width=\"640\" height=\"209\" class=\"rev-slidebg tp-rs-img rs-lazyload\" data-lazyload=\"\/\/unisinucartagena.edu.co\/wp-content\/uploads\/2022\/05\/BANNER-3-1-min.png\" data-parallax=\"off\" data-no-retina>\n<!---->\t\t\t\t\t<\/rs-slide>\n\t\t\t\t\t<\/rs-slides>\n\t\t\t\t<\/rs-module>\n\t\t\t\t<script>\n\t\t\t\t\tsetREVStartSize({c: 'rev_slider_79_1',rl:[1240,1024,1024,1024],el:[600,600,600,600],gw:[1900,1900,1900,1900],gh:[600,600,600,600],type:'standard',justify:'',layout:'fullwidth',mh:\"0\"});if (window.RS_MODULES!==undefined && window.RS_MODULES.modules!==undefined && window.RS_MODULES.modules[\"revslider791\"]!==undefined) {window.RS_MODULES.modules[\"revslider791\"].once = false;window.revapi79 = undefined;if (window.RS_MODULES.checkMinimal!==undefined) window.RS_MODULES.checkMinimal()}\n\t\t\t\t<\/script>\n\t\t\t<\/rs-module-wrap>\n\t\t\t<!-- END REVOLUTION SLIDER -->\n<\/div>\n\n\t\t\t\t\t\t<\/div>\n\t\t\t\t<\/div>\n\t\t\t\t\t<\/div>\n\t\t<\/div>\n\t\t\t\t\t<\/div>\n\t\t<\/section>\n\t\t\t\t<section class=\"elementor-section elementor-top-section elementor-element elementor-element-efc7c1c elementor-section-full_width elementor-section-height-default elementor-section-height-default\" data-id=\"efc7c1c\" data-element_type=\"section\" data-e-type=\"section\">\n\t\t\t\t\t\t<div class=\"elementor-container elementor-column-gap-default\">\n\t\t\t\t\t<div class=\"elementor-column elementor-col-100 elementor-top-column elementor-element elementor-element-431bf35\" data-id=\"431bf35\" data-element_type=\"column\" data-e-type=\"column\">\n\t\t\t<div class=\"elementor-widget-wrap elementor-element-populated\">\n\t\t\t\t\t\t<div class=\"elementor-element elementor-element-dc1262a elementor-widget elementor-widget-spacer\" data-id=\"dc1262a\" data-element_type=\"widget\" data-e-type=\"widget\" data-widget_type=\"spacer.default\">\n\t\t\t\t<div class=\"elementor-widget-container\">\n\t\t\t\t\t\t\t<div class=\"elementor-spacer\">\n\t\t\t<div class=\"elementor-spacer-inner\"><\/div>\n\t\t<\/div>\n\t\t\t\t\t\t<\/div>\n\t\t\t\t<\/div>\n\t\t\t\t\t<\/div>\n\t\t<\/div>\n\t\t\t\t\t<\/div>\n\t\t<\/section>\n\t\t\t\t<section class=\"elementor-section elementor-top-section elementor-element elementor-element-2470237e elementor-section-content-middle elementor-section-boxed elementor-section-height-default elementor-section-height-default\" data-id=\"2470237e\" data-element_type=\"section\" data-e-type=\"section\">\n\t\t\t\t\t\t<div class=\"elementor-container elementor-column-gap-no\">\n\t\t\t\t\t<div class=\"elementor-column elementor-col-50 elementor-top-column elementor-element elementor-element-b71027f\" data-id=\"b71027f\" data-element_type=\"column\" data-e-type=\"column\">\n\t\t\t<div class=\"elementor-widget-wrap elementor-element-populated\">\n\t\t\t\t\t\t<div class=\"elementor-element elementor-element-16c79862 elementor-widget elementor-widget-heading\" data-id=\"16c79862\" data-element_type=\"widget\" data-e-type=\"widget\" data-widget_type=\"heading.default\">\n\t\t\t\t<div class=\"elementor-widget-container\">\n\t\t\t\t\t<h4 class=\"elementor-heading-title elementor-size-default\">Diplomado de Actualizaci\u00f3n M\u00e9dica con \u00c9nfasis en Anestesiolog\u00eda<\/h4>\t\t\t\t<\/div>\n\t\t\t\t<\/div>\n\t\t\t\t<div class=\"elementor-element elementor-element-4f700082 elementor-widget elementor-widget-text-editor\" data-id=\"4f700082\" data-element_type=\"widget\" data-e-type=\"widget\" data-widget_type=\"text-editor.default\">\n\t\t\t\t<div class=\"elementor-widget-container\">\n\t\t\t\t\t\t\t\t\t<p><span style=\"color: #000000;\"><strong>Responsible School:<\/strong> MEDICINA \u2013 POSGRADOS (ANESTESIOLOG\u00cdA)<\/span><br \/><span style=\"color: #000000;\"><strong>Projected Start Date:<\/strong> JUNE 20 TO JULY 1 <\/span><\/p><p><span style=\"color: #000000;\">(subject to break-even point)<\/span><\/p><p><span style=\"color: #000000;\"><strong>Modality:<\/strong> Bimodal &#8211; Presencial &#8211; Sincr\u00f3nico.<\/span><\/p><p><span style=\"color: #000000;\"><strong>Duration:<\/strong> 100 HOURS<\/span><\/p><p><span style=\"color: #000000;\"><strong>Worth:<\/strong> $3.500.000 (Three million five hundred thousand Mcte pesos)<\/span><\/p>\t\t\t\t\t\t\t\t<\/div>\n\t\t\t\t<\/div>\n\t\t\t\t\t<\/div>\n\t\t<\/div>\n\t\t\t\t<div class=\"elementor-column elementor-col-50 elementor-top-column elementor-element elementor-element-1ffd287c\" data-id=\"1ffd287c\" data-element_type=\"column\" data-e-type=\"column\">\n\t\t\t<div class=\"elementor-widget-wrap elementor-element-populated\">\n\t\t\t\t\t\t<div class=\"elementor-element elementor-element-dcf042f elementor-widget elementor-widget-heading\" data-id=\"dcf042f\" data-element_type=\"widget\" data-e-type=\"widget\" data-widget_type=\"heading.default\">\n\t\t\t\t<div class=\"elementor-widget-container\">\n\t\t\t\t\t<h2 class=\"elementor-heading-title elementor-size-default\">&lt;center<h4 data-elementor-setting-key=\"title\" data-pen-placeholder=\"Teclea aqu\u00ed...\" style=\"font-family: var( --e-global-typography-primary-font-family ), Sans-serif;font-weight: 900;font-size: 35px;line-height: 1.3em;text-align: left\">Agenda del Diplomado<\/h4><\/h2>\t\t\t\t<\/div>\n\t\t\t\t<\/div>\n\t\t\t\t<div class=\"elementor-element elementor-element-5c21bf5 elementor-widget elementor-widget-text-editor\" data-id=\"5c21bf5\" data-element_type=\"widget\" data-e-type=\"widget\" data-widget_type=\"text-editor.default\">\n\t\t\t\t<div class=\"elementor-widget-container\">\n\t\t\t\t\t\t\t\t\t<table style=\"border-collapse: collapse; width: 102.399%; height: 48px;\"><tbody><tr style=\"height: 24px;\"><td style=\"width: 102.389%; height: 24px; text-align: center;\" colspan=\"4\"><strong><span style=\"color: #ff0000;\">PROGRAMACION DE LUNES A S\u00c1BADO<\/span><\/strong><\/td><\/tr><tr style=\"height: 24px;\"><td style=\"width: 27.413%; height: 24px;\"><span style=\"font-size: 10pt; color: #000000;\">08:00 a.m &#8211; 12:00m.<\/span><br \/><span style=\"font-size: 10pt; color: #000000;\">Clases con Break incluido<\/span><\/td><td style=\"width: 25.4701%; height: 24px; text-align: center;\"><span style=\"font-size: 10pt; color: #000000;\">12:00 m &#8211; 01:00p.m.<\/span><br \/><span style=\"font-size: 10pt; color: #000000;\">Almuerzo libre<\/span><\/td><td style=\"width: 19.9892%; height: 24px; text-align: center;\"><span style=\"font-size: 10pt; color: #000000;\">01:00 p.m &#8211; 04:00 p.m.<\/span><br \/><span style=\"font-size: 10pt; color: #000000;\">Clases con Break incluido<\/span><\/td><td style=\"width: 29.5165%; height: 24px; text-align: center;\"><span style=\"font-size: 10pt; color: #000000;\">04:00 p.m &#8211; 06:00 p.m.<\/span><br \/><span style=\"font-size: 10pt;\"><span style=\"color: #000000;\">Caso cl\u00ednico aplicado o actividad <\/span><span style=\"color: #000000;\">social\/cultural<\/span><\/span><\/td><\/tr><\/tbody><\/table><p>\u00a0<\/p><table style=\"border-collapse: collapse; width: 100%; height: 382px;\"><tbody><tr style=\"height: 24px;\"><td style=\"width: 25%; height: 24px; text-align: center;\"><span style=\"color: #ff0000; font-size: 10pt;\"><strong>MODULE<\/strong><\/span><\/td><td style=\"width: 36.8721%; height: 24px; text-align: center;\"><span style=\"color: #ff0000; font-size: 10pt;\"><strong>MAIN THEME<\/strong><\/span><\/td><td style=\"width: 16.3242%; height: 24px; text-align: center;\"><span style=\"color: #ff0000; font-size: 10pt;\"><strong>HORAS<\/strong><\/span><\/td><td style=\"width: 21.8037%; height: 24px; text-align: center;\"><span style=\"color: #ff0000; font-size: 10pt;\"><strong>SCHEDULE<\/strong><\/span><\/td><\/tr><tr style=\"height: 70px;\"><td style=\"width: 25%; height: 358px; text-align: center;\" rowspan=\"6\"><span style=\"color: #000000; font-size: 10pt;\">ANESTESIOLOG\u00cdA<\/span><\/td><td style=\"width: 36.8721%; height: 70px; text-align: center;\"><span style=\"font-size: 10pt; color: #000000;\">INTRODUCCI\u00d3N DE ANESTESIA<\/span><\/td><td style=\"width: 16.3242%; text-align: center; height: 358px;\" rowspan=\"6\"><span style=\"font-size: 10pt; color: #000000;\">100<\/span><\/td><td style=\"width: 21.8037%; text-align: center; height: 358px;\" rowspan=\"6\"><span style=\"font-size: 10pt; color: #000000;\">8:00 &#8211; 18:00<\/span><\/td><\/tr><tr style=\"height: 72px;\"><td style=\"width: 36.8721%; height: 72px; text-align: center;\"><span style=\"font-size: 10pt; color: #000000;\">ANATOM\u00cdA Y FISIOLOG\u00cdA DE LA V\u00cdA A\u00c9REA<\/span><\/td><\/tr><tr style=\"height: 72px;\"><td style=\"width: 36.8721%; height: 72px; text-align: center;\"><span style=\"font-size: 10pt; color: #000000;\">ECOGRAF\u00cdA Y BLOQUEOS EN<\/span><br \/><span style=\"font-size: 10pt; color: #000000;\">ANESTESIA<\/span><\/td><\/tr><tr style=\"height: 96px;\"><td style=\"width: 36.8721%; height: 96px; text-align: center;\"><span style=\"font-size: 10pt; color: #000000;\">DISPOSITIVOS DE V\u00cdA A\u00c9REA DIFICIL, T\u00d3RAX Y TRAUMA<\/span><\/td><\/tr><tr style=\"height: 24px;\"><td style=\"width: 36.8721%; height: 24px; text-align: center;\"><span style=\"font-size: 10pt; color: #000000;\">DOLOR<\/span><\/td><\/tr><tr style=\"height: 24px;\"><td style=\"width: 36.8721%; height: 24px; text-align: center;\"><span style=\"font-size: 10pt; color: #000000;\">CUIDADO INTENSIVO<\/span><\/td><\/tr><\/tbody><\/table>\t\t\t\t\t\t\t\t<\/div>\n\t\t\t\t<\/div>\n\t\t\t\t\t<\/div>\n\t\t<\/div>\n\t\t\t\t\t<\/div>\n\t\t<\/section>\n\t\t\t\t<section class=\"elementor-section elementor-top-section elementor-element elementor-element-37ba03a elementor-section-boxed elementor-section-height-default elementor-section-height-default\" data-id=\"37ba03a\" data-element_type=\"section\" data-e-type=\"section\">\n\t\t\t\t\t\t<div class=\"elementor-container elementor-column-gap-default\">\n\t\t\t\t\t<div class=\"elementor-column elementor-col-25 elementor-top-column elementor-element elementor-element-433e828\" data-id=\"433e828\" data-element_type=\"column\" data-e-type=\"column\">\n\t\t\t<div class=\"elementor-widget-wrap\">\n\t\t\t\t\t\t\t<\/div>\n\t\t<\/div>\n\t\t\t\t<div class=\"elementor-column elementor-col-50 elementor-top-column elementor-element elementor-element-01b91ee\" data-id=\"01b91ee\" data-element_type=\"column\" data-e-type=\"column\">\n\t\t\t<div class=\"elementor-widget-wrap elementor-element-populated\">\n\t\t\t\t\t\t<div class=\"elementor-element elementor-element-6c3436c elementor-align-center elementor-widget elementor-widget-button\" data-id=\"6c3436c\" data-element_type=\"widget\" data-e-type=\"widget\" data-widget_type=\"button.default\">\n\t\t\t\t<div class=\"elementor-widget-container\">\n\t\t\t\t\t\t\t\t\t<div class=\"elementor-button-wrapper\">\n\t\t\t\t\t<a class=\"elementor-button elementor-button-link elementor-size-sm\" href=\"https:\/\/unisinucartagena.edu.co\/en\/pruebas-diplomado\/\">\n\t\t\t\t\t\t<span class=\"elementor-button-content-wrapper\">\n\t\t\t\t\t\t<span class=\"elementor-button-icon\">\n\t\t\t\t<i aria-hidden=\"true\" class=\"far fa-hand-point-up\"><\/i>\t\t\t<\/span>\n\t\t\t\t\t\t\t\t\t<span class=\"elementor-button-text\">REGRESAR A DIPLOMADO DE ACTUALIZACI\u00d3N M\u00c9DICA CON \u00c9NFASIS EN ANESTESIOLOG\u00cdA<\/span>\n\t\t\t\t\t<\/span>\n\t\t\t\t\t<\/a>\n\t\t\t\t<\/div>\n\t\t\t\t\t\t\t\t<\/div>\n\t\t\t\t<\/div>\n\t\t\t\t\t<\/div>\n\t\t<\/div>\n\t\t\t\t<div class=\"elementor-column elementor-col-25 elementor-top-column elementor-element elementor-element-5a04403\" data-id=\"5a04403\" data-element_type=\"column\" data-e-type=\"column\">\n\t\t\t<div class=\"elementor-widget-wrap\">\n\t\t\t\t\t\t\t<\/div>\n\t\t<\/div>\n\t\t\t\t\t<\/div>\n\t\t<\/section>\n\t\t\t\t<section class=\"elementor-section elementor-top-section elementor-element elementor-element-52f10ad elementor-section-boxed elementor-section-height-default elementor-section-height-default\" data-id=\"52f10ad\" data-element_type=\"section\" data-e-type=\"section\">\n\t\t\t\t\t\t<div class=\"elementor-container elementor-column-gap-default\">\n\t\t\t\t\t<div class=\"elementor-column elementor-col-100 elementor-top-column elementor-element elementor-element-f12b6b9\" data-id=\"f12b6b9\" data-element_type=\"column\" data-e-type=\"column\">\n\t\t\t<div class=\"elementor-widget-wrap elementor-element-populated\">\n\t\t\t\t\t\t<div class=\"elementor-element elementor-element-e6624a8 elementor-widget elementor-widget-spacer\" data-id=\"e6624a8\" data-element_type=\"widget\" data-e-type=\"widget\" data-widget_type=\"spacer.default\">\n\t\t\t\t<div class=\"elementor-widget-container\">\n\t\t\t\t\t\t\t<div class=\"elementor-spacer\">\n\t\t\t<div class=\"elementor-spacer-inner\"><\/div>\n\t\t<\/div>\n\t\t\t\t\t\t<\/div>\n\t\t\t\t<\/div>\n\t\t\t\t\t<\/div>\n\t\t<\/div>\n\t\t\t\t\t<\/div>\n\t\t<\/section>\n\t\t\t\t<section class=\"elementor-section elementor-top-section elementor-element elementor-element-2d46b1e elementor-section-content-bottom elementor-section-boxed elementor-section-height-default elementor-section-height-default\" data-id=\"2d46b1e\" data-element_type=\"section\" data-e-type=\"section\">\n\t\t\t\t\t\t<div class=\"elementor-container elementor-column-gap-narrow\">\n\t\t\t\t\t<div class=\"elementor-column elementor-col-100 elementor-top-column elementor-element elementor-element-0666b3d\" data-id=\"0666b3d\" data-element_type=\"column\" data-e-type=\"column\">\n\t\t\t<div class=\"elementor-widget-wrap elementor-element-populated\">\n\t\t\t\t\t\t<div class=\"elementor-element elementor-element-edf4098 elementor-widget elementor-widget-heading\" data-id=\"edf4098\" data-element_type=\"widget\" data-e-type=\"widget\" data-widget_type=\"heading.default\">\n\t\t\t\t<div class=\"elementor-widget-container\">\n\t\t\t\t\t<h5 class=\"elementor-heading-title elementor-size-default\">Contact us<\/h5>\t\t\t\t<\/div>\n\t\t\t\t<\/div>\n\t\t\t\t<div class=\"elementor-element elementor-element-3be7fba elementor-widget elementor-widget-heading\" data-id=\"3be7fba\" data-element_type=\"widget\" data-e-type=\"widget\" data-widget_type=\"heading.default\">\n\t\t\t\t<div class=\"elementor-widget-container\">\n\t\t\t\t\t<h4 class=\"elementor-heading-title elementor-size-default\">MORE INFORMATION<\/h4>\t\t\t\t<\/div>\n\t\t\t\t<\/div>\n\t\t\t\t<div class=\"elementor-element elementor-element-77035e6 elementor-widget elementor-widget-heading\" data-id=\"77035e6\" data-element_type=\"widget\" data-e-type=\"widget\" data-widget_type=\"heading.default\">\n\t\t\t\t<div class=\"elementor-widget-container\">\n\t\t\t\t\t<h5 class=\"elementor-heading-title elementor-size-default\">asiseducontinua@unisinucartagena.edu.co<\/h5>\t\t\t\t<\/div>\n\t\t\t\t<\/div>\n\t\t\t\t<div class=\"elementor-element elementor-element-73797d9 elementor-widget elementor-widget-heading\" data-id=\"73797d9\" data-element_type=\"widget\" data-e-type=\"widget\" data-widget_type=\"heading.default\">\n\t\t\t\t<div class=\"elementor-widget-container\">\n\t\t\t\t\t<h5 class=\"elementor-heading-title elementor-size-default\">eventas3@unisinucartagena.edu.co<\/h5>\t\t\t\t<\/div>\n\t\t\t\t<\/div>\n\t\t\t\t<section class=\"elementor-section elementor-inner-section elementor-element elementor-element-61d311f elementor-section-boxed elementor-section-height-default elementor-section-height-default\" data-id=\"61d311f\" data-element_type=\"section\" data-e-type=\"section\">\n\t\t\t\t\t\t<div class=\"elementor-container elementor-column-gap-default\">\n\t\t\t\t\t<div class=\"elementor-column elementor-col-50 elementor-inner-column elementor-element elementor-element-8cf3769\" data-id=\"8cf3769\" data-element_type=\"column\" data-e-type=\"column\">\n\t\t\t<div class=\"elementor-widget-wrap elementor-element-populated\">\n\t\t\t\t\t\t<div class=\"elementor-element elementor-element-c2c6285 elementor-shape-square e-grid-align-left elementor-grid-0 elementor-widget elementor-widget-social-icons\" data-id=\"c2c6285\" data-element_type=\"widget\" data-e-type=\"widget\" data-widget_type=\"social-icons.default\">\n\t\t\t\t<div class=\"elementor-widget-container\">\n\t\t\t\t\t\t\t<div class=\"elementor-social-icons-wrapper elementor-grid\" role=\"list\">\n\t\t\t\t\t\t\t<span class=\"elementor-grid-item\" role=\"listitem\">\n\t\t\t\t\t<a class=\"elementor-icon elementor-social-icon elementor-social-icon-facebook elementor-animation-grow elementor-repeater-item-9c86cde\" href=\"https:\/\/www.facebook.com\/unisinu.ca\" target=\"_blank\">\n\t\t\t\t\t\t<span class=\"elementor-screen-only\">Facebook<\/span>\n\t\t\t\t\t\t<i aria-hidden=\"true\" class=\"fab fa-facebook\"><\/i>\t\t\t\t\t<\/a>\n\t\t\t\t<\/span>\n\t\t\t\t\t\t\t<span class=\"elementor-grid-item\" role=\"listitem\">\n\t\t\t\t\t<a class=\"elementor-icon elementor-social-icon elementor-social-icon-instagram elementor-animation-grow elementor-repeater-item-7f0e5c7\" href=\"https:\/\/www.instagram.com\/unisinucartagena\/\" target=\"_blank\">\n\t\t\t\t\t\t<span class=\"elementor-screen-only\">Instagram<\/span>\n\t\t\t\t\t\t<i aria-hidden=\"true\" class=\"fab fa-instagram\"><\/i>\t\t\t\t\t<\/a>\n\t\t\t\t<\/span>\n\t\t\t\t\t\t\t<span class=\"elementor-grid-item\" role=\"listitem\">\n\t\t\t\t\t<a class=\"elementor-icon elementor-social-icon elementor-social-icon-youtube elementor-animation-grow elementor-repeater-item-7e1d56b\" href=\"https:\/\/www.youtube.com\/user\/UniSinuCTG\" target=\"_blank\">\n\t\t\t\t\t\t<span class=\"elementor-screen-only\">Youtube<\/span>\n\t\t\t\t\t\t<i aria-hidden=\"true\" class=\"fab fa-youtube\"><\/i>\t\t\t\t\t<\/a>\n\t\t\t\t<\/span>\n\t\t\t\t\t\t\t<span class=\"elementor-grid-item\" role=\"listitem\">\n\t\t\t\t\t<a class=\"elementor-icon elementor-social-icon elementor-social-icon-twitter elementor-animation-grow elementor-repeater-item-7bcbd9e\" href=\"https:\/\/twitter.com\/UniSinuctg\" target=\"_blank\">\n\t\t\t\t\t\t<span class=\"elementor-screen-only\">Twitter<\/span>\n\t\t\t\t\t\t<i aria-hidden=\"true\" class=\"fab fa-twitter\"><\/i>\t\t\t\t\t<\/a>\n\t\t\t\t<\/span>\n\t\t\t\t\t\t\t<span class=\"elementor-grid-item\" role=\"listitem\">\n\t\t\t\t\t<a class=\"elementor-icon elementor-social-icon elementor-social-icon-whatsapp elementor-animation-grow elementor-repeater-item-bd5677f\" href=\"https:\/\/wa.link\/kq47ox\" target=\"_blank\">\n\t\t\t\t\t\t<span class=\"elementor-screen-only\">WhatsApp<\/span>\n\t\t\t\t\t\t<i aria-hidden=\"true\" class=\"fab fa-whatsapp\"><\/i>\t\t\t\t\t<\/a>\n\t\t\t\t<\/span>\n\t\t\t\t\t<\/div>\n\t\t\t\t\t\t<\/div>\n\t\t\t\t<\/div>\n\t\t\t\t\t<\/div>\n\t\t<\/div>\n\t\t\t\t<div class=\"elementor-column elementor-col-50 elementor-inner-column elementor-element elementor-element-b4a0fff\" data-id=\"b4a0fff\" data-element_type=\"column\" data-e-type=\"column\">\n\t\t\t<div class=\"elementor-widget-wrap\">\n\t\t\t\t\t\t\t<\/div>\n\t\t<\/div>\n\t\t\t\t\t<\/div>\n\t\t<\/section>\n\t\t\t\t\t<\/div>\n\t\t<\/div>\n\t\t\t\t\t<\/div>\n\t\t<\/section>\n\t\t\t\t<\/div>","protected":false},"excerpt":{"rendered":"<p>Diplomado de Actualizaci\u00f3n M\u00e9dica con \u00c9nfasis en Anestesiolog\u00eda Escuela Responsable : MEDICINA \u2013 POSGRADOS (ANESTESIOLOG\u00cdA) Fecha proyectada de Inicio: 20 DE JUNIO AL 1 DE JULIO (sujeta a punto de equilibrio) Modalidad: Bimodal &#8211; Presencial &#8211; Sincr\u00f3nico. Duraci\u00f3n: 100 HORAS &hellip; <\/p>","protected":false},"author":1,"featured_media":0,"parent":0,"menu_order":0,"comment_status":"closed","ping_status":"open","template":"page-templates\/homepage.php","meta":{"_acf_changed":false,"_bbp_topic_count":0,"_bbp_reply_count":0,"_bbp_total_topic_count":0,"_bbp_total_reply_count":0,"_bbp_voice_count":0,"_bbp_anonymous_reply_count":0,"_bbp_topic_count_hidden":0,"_bbp_reply_count_hidden":0,"_bbp_forum_subforum_count":0,"_monsterinsights_skip_tracking":false,"_monsterinsights_sitenote_active":false,"_monsterinsights_sitenote_note":"","_monsterinsights_sitenote_category":0,"footnotes":""},"class_list":["post-51030","page","type-page","status-publish","hentry"],"acf":[],"aioseo_notices":[],"_links":{"self":[{"href":"https:\/\/unisinucartagena.edu.co\/en\/wp-json\/wp\/v2\/pages\/51030","targetHints":{"allow":["GET"]}}],"collection":[{"href":"https:\/\/unisinucartagena.edu.co\/en\/wp-json\/wp\/v2\/pages"}],"about":[{"href":"https:\/\/unisinucartagena.edu.co\/en\/wp-json\/wp\/v2\/types\/page"}],"author":[{"embeddable":true,"href":"https:\/\/unisinucartagena.edu.co\/en\/wp-json\/wp\/v2\/users\/1"}],"replies":[{"embeddable":true,"href":"https:\/\/unisinucartagena.edu.co\/en\/wp-json\/wp\/v2\/comments?post=51030"}],"version-history":[{"count":12,"href":"https:\/\/unisinucartagena.edu.co\/en\/wp-json\/wp\/v2\/pages\/51030\/revisions"}],"predecessor-version":[{"id":53294,"href":"https:\/\/unisinucartagena.edu.co\/en\/wp-json\/wp\/v2\/pages\/51030\/revisions\/53294"}],"wp:attachment":[{"href":"https:\/\/unisinucartagena.edu.co\/en\/wp-json\/wp\/v2\/media?parent=51030"}],"curies":[{"name":"wp","href":"https:\/\/api.w.org\/{rel}","templated":true}]}}