{"id":47844,"date":"2021-04-20T11:25:52","date_gmt":"2021-04-20T16:25:52","guid":{"rendered":"https:\/\/www.unisinucartagena.edu.co\/?page_id=47844"},"modified":"2024-03-14T14:35:34","modified_gmt":"2024-03-14T19:35:34","slug":"centro-de-idiomas-1","status":"publish","type":"page","link":"https:\/\/unisinucartagena.edu.co\/en\/centro-de-idiomas-1\/","title":{"rendered":"Language Center"},"content":{"rendered":"<div data-vc-full-width=\"true\" data-vc-full-width-init=\"false\" data-vc-stretch-content=\"true\" class=\"vc_row wpb_row vc_row-fluid vc_row-no-padding\"><div class=\"wpb_column vc_column_container vc_col-sm-12\"><div class=\"vc_column-inner\"><div class=\"wpb_wrapper\">\n\t\t\t<!-- START Centro de idiomas REVOLUTION SLIDER 6.7.0 --><p class=\"rs-p-wp-fix\"><\/p>\n\t\t\t<rs-module-wrap id=\"rev_slider_52_1_wrapper\" data-source=\"gallery\" style=\"visibility:hidden;background:transparent;padding:0;margin:0px auto;margin-top:0;margin-bottom:0;\">\n\t\t\t\t<rs-module id=\"rev_slider_52_1\" style=\"\" data-version=\"6.7.0\">\n\t\t\t\t\t<rs-slides style=\"overflow: hidden; position: absolute;\">\n\t\t\t\t\t\t<rs-slide style=\"position: absolute;\" data-key=\"rs-302\" data-title=\"Slide\" data-thumb=\"\/\/unisinucartagena.edu.co\/wp-content\/uploads\/2024\/04\/WhatsApp-Image-2024-04-05-at-11.10.29-AM-100x50.jpeg\" data-anim=\"adpr:false;ms:600;\" data-in=\"o:0;\" data-out=\"a:false;\">\n\t\t\t\t\t\t\t<img data-recalc-dims=\"1\" fetchpriority=\"high\" decoding=\"async\" src=\"https:\/\/i0.wp.com\/unisinucartagena.edu.co\/wp-content\/plugins\/revslider\/sr6\/assets\/assets\/dummy.png?resize=640%2C202\" alt=\"\" title=\"WhatsApp Image 2024-04-05 at 11.10.29 AM\" width=\"640\" height=\"202\" class=\"rev-slidebg tp-rs-img rs-lazyload\" data-lazyload=\"\/\/unisinucartagena.edu.co\/wp-content\/uploads\/2024\/04\/WhatsApp-Image-2024-04-05-at-11.10.29-AM.jpeg\" data-parallax=\"off\" data-no-retina>\n<!---->\t\t\t\t\t<\/rs-slide>\n\t\t\t\t\t\t<rs-slide style=\"position: absolute;\" data-key=\"rs-365\" data-title=\"Slide\" data-thumb=\"\/\/unisinucartagena.edu.co\/wp-content\/uploads\/2024\/04\/WhatsApp-Image-2024-04-05-at-11.10.30-AM-100x50.jpeg\" data-anim=\"adpr:false;ms:600;\" data-in=\"o:0;\" data-out=\"a:false;\">\n\t\t\t\t\t\t\t<img data-recalc-dims=\"1\" decoding=\"async\" src=\"https:\/\/i0.wp.com\/unisinucartagena.edu.co\/wp-content\/plugins\/revslider\/sr6\/assets\/assets\/dummy.png?resize=640%2C202\" alt=\"\" title=\"WhatsApp Image 2024-04-05 at 11.10.30 AM\" width=\"640\" height=\"202\" class=\"rev-slidebg tp-rs-img rs-lazyload\" data-lazyload=\"\/\/unisinucartagena.edu.co\/wp-content\/uploads\/2024\/04\/WhatsApp-Image-2024-04-05-at-11.10.30-AM.jpeg\" data-parallax=\"off\" data-no-retina>\n<!--\n\t\t\t\t\t\t\t--><a\n\t\t\t\t\t\t\t\tid=\"slider-52-slide-365-layer-2\" \n\t\t\t\t\t\t\t\tclass=\"rs-layer rev-btn rev-hiddenicon\"\n\t\t\t\t\t\t\t\thref=\"https:\/\/docs.google.com\/forms\/d\/e\/1FAIpQLSdTrc4Qfv5t24rXbt2_-mEa69A5GgB5qk0_5CI-n7QLh4EkAA\/viewform\" target=\"_blank\" rel=\"noopener\"\n\t\t\t\t\t\t\t\tdata-type=\"button\"\n\t\t\t\t\t\t\t\tdata-color=\"rgba(255,255,255,1)\"\n\t\t\t\t\t\t\t\tdata-xy=\"xo:771px,347px,347px,347px;yo:506px,306px,306px,306px;\"\n\t\t\t\t\t\t\t\tdata-text=\"s:24,27,27,27;l:13,15,15,15;ls:1;fw:900;a:inherit;\"\n\t\t\t\t\t\t\t\tdata-dim=\"w:258,auto,258,258;h:43,auto,43,43;\"\n\t\t\t\t\t\t\t\tdata-rsp_bd=\"off\"\n\t\t\t\t\t\t\t\tdata-padding=\"t:11,12,12,12;r:32,35,35,35;b:11,12,12,12;l:32,35,35,35;\"\n\t\t\t\t\t\t\t\tdata-border=\"bor:30px,30px,30px,30px;\"\n\t\t\t\t\t\t\t\tdata-frame_0=\"o:1;\"\n\t\t\t\t\t\t\t\tdata-frame_999=\"o:0;st:w;sR:8700.0006103516;\"\n\t\t\t\t\t\t\t\tdata-frame_hover=\"c:#000;bgc:#fff;boc:#000;bor:30px,30px,30px,30px;bos:solid;oX:50;oY:50;sp:0;\"\n\t\t\t\t\t\t\t\tstyle=\"z-index:8;background-color:rgba(219,0,0,0.92);font-family:'Roboto';cursor:pointer;outline:none;box-shadow:none;box-sizing:border-box;-moz-box-sizing:border-box;-webkit-box-sizing:border-box;text-transform:uppercase;\"\n\t\t\t\t\t\t\t>Sign up here <i class=\"fa-chevron-right\"><\/i> \n\t\t\t\t\t\t\t<\/a><!--\n-->\t\t\t\t\t<\/rs-slide>\n\t\t\t\t\t\t<rs-slide style=\"position: absolute;\" data-key=\"rs-364\" data-title=\"Slide\" data-thumb=\"\/\/unisinucartagena.edu.co\/wp-content\/uploads\/2024\/04\/WhatsApp-Image-2024-04-05-at-11.10.30-AM-1-100x50.jpeg\" data-anim=\"adpr:false;ms:600;\" data-in=\"o:0;\" data-out=\"a:false;\">\n\t\t\t\t\t\t\t<img data-recalc-dims=\"1\" decoding=\"async\" src=\"https:\/\/i0.wp.com\/unisinucartagena.edu.co\/wp-content\/plugins\/revslider\/sr6\/assets\/assets\/dummy.png?resize=640%2C202\" alt=\"\" title=\"WhatsApp Image 2024-04-05 at 11.10.30 AM (1)\" width=\"640\" height=\"202\" class=\"rev-slidebg tp-rs-img rs-lazyload\" data-lazyload=\"\/\/unisinucartagena.edu.co\/wp-content\/uploads\/2024\/04\/WhatsApp-Image-2024-04-05-at-11.10.30-AM-1.jpeg\" data-parallax=\"off\" data-no-retina>\n<!--\n\t\t\t\t\t\t\t--><a\n\t\t\t\t\t\t\t\tid=\"slider-52-slide-364-layer-2\" \n\t\t\t\t\t\t\t\tclass=\"rs-layer rev-btn rev-hiddenicon\"\n\t\t\t\t\t\t\t\thref=\"https:\/\/docs.google.com\/forms\/d\/e\/1FAIpQLSdTrc4Qfv5t24rXbt2_-mEa69A5GgB5qk0_5CI-n7QLh4EkAA\/viewform\" target=\"_blank\" rel=\"noopener\"\n\t\t\t\t\t\t\t\tdata-type=\"button\"\n\t\t\t\t\t\t\t\tdata-color=\"rgba(255,255,255,1)\"\n\t\t\t\t\t\t\t\tdata-xy=\"xo:636px,347px,347px,347px;yo:402px,306px,306px,306px;\"\n\t\t\t\t\t\t\t\tdata-text=\"s:18,27,27,27;l:10,15,15,15;ls:1;fw:900;a:inherit;\"\n\t\t\t\t\t\t\t\tdata-dim=\"h:31,auto,31,31;\"\n\t\t\t\t\t\t\t\tdata-rsp_bd=\"off\"\n\t\t\t\t\t\t\t\tdata-padding=\"t:8,12,12,12;r:24,35,35,35;b:8,12,12,12;l:24,35,35,35;\"\n\t\t\t\t\t\t\t\tdata-border=\"bor:30px,30px,30px,30px;\"\n\t\t\t\t\t\t\t\tdata-frame_0=\"o:1;\"\n\t\t\t\t\t\t\t\tdata-frame_999=\"o:0;st:w;sR:8700.0006103516;\"\n\t\t\t\t\t\t\t\tdata-frame_hover=\"c:#000;bgc:#fff;boc:#000;bor:30px,30px,30px,30px;bos:solid;oX:50;oY:50;sp:0;\"\n\t\t\t\t\t\t\t\tstyle=\"z-index:8;background-color:rgba(219,0,0,0.92);font-family:'Roboto';cursor:pointer;outline:none;box-shadow:none;box-sizing:border-box;-moz-box-sizing:border-box;-webkit-box-sizing:border-box;text-transform:uppercase;\"\n\t\t\t\t\t\t\t>Sign up here <i class=\"fa-chevron-right\"><\/i> \n\t\t\t\t\t\t\t<\/a><!--\n-->\t\t\t\t\t<\/rs-slide>\n\t\t\t\t\t\t<rs-slide style=\"position: absolute;\" data-key=\"rs-432\" data-title=\"Slide\" data-thumb=\"\/\/unisinucartagena.edu.co\/wp-content\/uploads\/2024\/04\/WhatsApp-Image-2024-04-05-at-11.10.30-AM-2-100x50.jpeg\" data-anim=\"adpr:false;ms:600;\" data-in=\"o:0;\" data-out=\"a:false;\">\n\t\t\t\t\t\t\t<img data-recalc-dims=\"1\" loading=\"lazy\" decoding=\"async\" src=\"https:\/\/i0.wp.com\/unisinucartagena.edu.co\/wp-content\/plugins\/revslider\/sr6\/assets\/assets\/dummy.png?resize=640%2C202\" alt=\"\" title=\"WhatsApp Image 2024-04-05 at 11.10.30 AM (2)\" width=\"640\" height=\"202\" class=\"rev-slidebg tp-rs-img rs-lazyload\" data-lazyload=\"\/\/unisinucartagena.edu.co\/wp-content\/uploads\/2024\/04\/WhatsApp-Image-2024-04-05-at-11.10.30-AM-2.jpeg\" data-parallax=\"off\" data-no-retina>\n<!--\n\t\t\t\t\t\t\t--><a\n\t\t\t\t\t\t\t\tid=\"slider-52-slide-432-layer-2\" \n\t\t\t\t\t\t\t\tclass=\"rs-layer rev-btn rev-hiddenicon\"\n\t\t\t\t\t\t\t\thref=\"https:\/\/docs.google.com\/forms\/d\/e\/1FAIpQLSdTrc4Qfv5t24rXbt2_-mEa69A5GgB5qk0_5CI-n7QLh4EkAA\/viewform\" target=\"_blank\" rel=\"noopener\"\n\t\t\t\t\t\t\t\tdata-type=\"button\"\n\t\t\t\t\t\t\t\tdata-color=\"rgba(255,255,255,1)\"\n\t\t\t\t\t\t\t\tdata-xy=\"xo:816px,347px,347px,347px;yo:483px,306px,306px,306px;\"\n\t\t\t\t\t\t\t\tdata-text=\"s:23,27,27,27;l:13,15,15,15;ls:1;fw:900;a:inherit;\"\n\t\t\t\t\t\t\t\tdata-dim=\"h:41,auto,41,41;\"\n\t\t\t\t\t\t\t\tdata-rsp_bd=\"off\"\n\t\t\t\t\t\t\t\tdata-padding=\"t:10,12,12,12;r:30,35,35,35;b:10,12,12,12;l:30,35,35,35;\"\n\t\t\t\t\t\t\t\tdata-border=\"bor:30px,30px,30px,30px;\"\n\t\t\t\t\t\t\t\tdata-frame_0=\"o:1;\"\n\t\t\t\t\t\t\t\tdata-frame_999=\"o:0;st:w;sR:8700.0006103516;\"\n\t\t\t\t\t\t\t\tdata-frame_hover=\"c:#000;bgc:#fff;boc:#000;bor:30px,30px,30px,30px;bos:solid;oX:50;oY:50;sp:0;\"\n\t\t\t\t\t\t\t\tstyle=\"z-index:8;background-color:rgba(219,0,0,0.92);font-family:'Roboto';cursor:pointer;outline:none;box-shadow:none;box-sizing:border-box;-moz-box-sizing:border-box;-webkit-box-sizing:border-box;text-transform:uppercase;\"\n\t\t\t\t\t\t\t>More information<i class=\"fa-chevron-right\"><\/i> \n\t\t\t\t\t\t\t<\/a><!--\n-->\t\t\t\t\t<\/rs-slide>\n\t\t\t\t\t<\/rs-slides>\n\t\t\t\t<\/rs-module>\n\t\t\t\t<script>\n\t\t\t\t\tsetREVStartSize({c: 'rev_slider_52_1',rl:[1240,1024,1024,1024],el:[600,600,600,600],gw:[1900,1900,1900,1900],gh:[600,600,600,600],type:'standard',justify:'',layout:'fullwidth',mh:\"0\"});if (window.RS_MODULES!==undefined && window.RS_MODULES.modules!==undefined && window.RS_MODULES.modules[\"revslider521\"]!==undefined) {window.RS_MODULES.modules[\"revslider521\"].once = false;window.revapi52 = undefined;if (window.RS_MODULES.checkMinimal!==undefined) window.RS_MODULES.checkMinimal()}\n\t\t\t\t<\/script>\n\t\t\t<\/rs-module-wrap>\n\t\t\t<!-- END REVOLUTION SLIDER -->\n<div class=\"vc_empty_space\"   style=\"height: 32px\"><span class=\"vc_empty_space_inner\"><\/span><\/div><div class=\"vc_empty_space\"   style=\"height: 32px\"><span class=\"vc_empty_space_inner\"><\/span><\/div><\/div><\/div><\/div><\/div><div class=\"vc_row-full-width vc_clearfix\"><\/div><div class=\"vc_row wpb_row vc_row-fluid\"><div class=\"wpb_column vc_column_container vc_col-sm-4\"><div class=\"vc_column-inner\"><div class=\"wpb_wrapper\"><div class=\"thim-widget-icon-box\"><div class=\"wrapper-box-icon has_read_more text-center\"  ><div class=\"smicon-box iconbox-top\"><div class=\"boxes-icon\" style=\"width: 100px;\"><a class=\"icon-box-link\" target=\"_blank\" href=\"https:\/\/drive.google.com\/file\/d\/1srR2rz1nMoU4Ommm-GTYkJFYlcxX-kcc\/view?usp=sharing\"><span class=\"inner-icon\"><span class=\"icon\"><i class=\"far fa-file-alt\" style=\"color:#e42313; font-size:60px; line-height:60px; vertical-align: middle;\"><\/i><\/span><\/span><\/a><\/div><div class=\"content-inner\" ><div class=\"sc-heading article_heading\"><h3 class = \"heading__primary\" style=\"font-size: 18px; line-height: 18px;font-weight: 600;\">INSTRUCTIVE<br \/>\nFOR REGISTRATION<\/h3><\/div><div class=\"desc-icon-box\"><div class=\"desc-content\" style=\"color: #000000;font-size: 15px;line-height: 22px;\">To the English Course<\/div><a class=\"smicon-read sc-btn\" target=\"_blank\" href=\"https:\/\/drive.google.com\/file\/d\/1srR2rz1nMoU4Ommm-GTYkJFYlcxX-kcc\/view?usp=sharing\"  >Click here<i class=\"fa fa-chevron-right\"><\/i><\/a><\/div><\/div><\/div><!--end smicon-box--><\/div><\/div><\/div><\/div><\/div><div class=\"wpb_column vc_column_container vc_col-sm-4\"><div class=\"vc_column-inner\"><div class=\"wpb_wrapper\"><div class=\"thim-widget-icon-box\"><div class=\"wrapper-box-icon has_read_more text-center\"  ><div class=\"smicon-box iconbox-top\"><div class=\"boxes-icon\" style=\"width: 100px;\"><a class=\"icon-box-link\" target=\"_blank\" href=\"https:\/\/unisinucartagena.edu.co\/en\/cursos-del-centro-de-idiomas\/\"><span class=\"inner-icon\"><span class=\"icon\"><i class=\"fas fa-calendar-check\" style=\"color:#e42313; font-size:60px; line-height:60px; vertical-align: middle;\"><\/i><\/span><\/span><\/a><\/div><div class=\"content-inner\" ><div class=\"sc-heading article_heading\"><h3 class = \"heading__primary\" style=\"font-size: 18px; line-height: 18px;font-weight: 600;\">CURSOS DE INGL\u00c9S CON PROP\u00d3SITO ESPEC\u00cdFICO<\/h3><\/div><div class=\"desc-icon-box\"><div class=\"desc-content\" style=\"color: #000000;font-size: 15px;line-height: 22px;\">Ver cursos<\/div><a class=\"smicon-read sc-btn\" target=\"_blank\" href=\"https:\/\/unisinucartagena.edu.co\/en\/cursos-del-centro-de-idiomas\/\"  >Click here<i class=\"fa fa-chevron-right\"><\/i><\/a><\/div><\/div><\/div><!--end smicon-box--><\/div><\/div><\/div><\/div><\/div><div class=\"wpb_column vc_column_container vc_col-sm-4\"><div class=\"vc_column-inner\"><div class=\"wpb_wrapper\"><div class=\"thim-widget-icon-box\"><div class=\"wrapper-box-icon has_read_more text-center\"  ><div class=\"smicon-box iconbox-top\"><div class=\"boxes-icon\" style=\"width: 100px;\"><a class=\"icon-box-link\" target=\"_blank\" href=\"https:\/\/drive.google.com\/file\/d\/1-9reeAlZa0Nmjui4cwBsQQ3pMwBFJcFG\/view\"><span class=\"inner-icon\"><span class=\"icon\"><i class=\"fas fa-calendar-check\" style=\"color:#e42313; font-size:60px; line-height:60px; vertical-align: middle;\"><\/i><\/span><\/span><\/a><\/div><div class=\"content-inner\" ><div class=\"sc-heading article_heading\"><h3 class = \"heading__primary\" style=\"font-size: 18px; line-height: 18px;font-weight: 600;\">CALENDARIOACAD\u00c9MICO<\/h3><\/div><div class=\"desc-icon-box\"><div class=\"desc-content\" style=\"color: #000000;font-size: 15px;line-height: 22px;\">Language Center<\/div><a class=\"smicon-read sc-btn\" target=\"_blank\" href=\"https:\/\/drive.google.com\/file\/d\/1-9reeAlZa0Nmjui4cwBsQQ3pMwBFJcFG\/view\"  >Click here<i class=\"fa fa-chevron-right\"><\/i><\/a><\/div><\/div><\/div><!--end smicon-box--><\/div><\/div><\/div><\/div><\/div><\/div><div class=\"vc_row wpb_row vc_row-fluid\"><div class=\"wpb_column vc_column_container vc_col-sm-12\"><div class=\"vc_column-inner\"><div class=\"wpb_wrapper\"><div class=\"vc_empty_space\"   style=\"height: 32px\"><span class=\"vc_empty_space_inner\"><\/span><\/div><div class=\"vc_separator wpb_content_element vc_separator_align_center vc_sep_width_100 vc_sep_pos_align_center vc_separator_no_text vc_sep_color_grey\" ><span class=\"vc_sep_holder vc_sep_holder_l\"><span  class=\"vc_sep_line\"><\/span><\/span><span class=\"vc_sep_holder vc_sep_holder_r\"><span  class=\"vc_sep_line\"><\/span><\/span>\n<\/div><\/div><\/div><\/div><\/div><div class=\"vc_row wpb_row vc_row-fluid\"><div class=\"wpb_column vc_column_container vc_col-sm-12\"><div class=\"vc_column-inner\"><div class=\"wpb_wrapper\">\n\t<div class=\"wpb_text_column wpb_content_element\" >\n\t\t<div class=\"wpb_wrapper\">\n\t\t\t<p style=\"text-align: center;\"><span style=\"font-family: corporative-sans-rd; color: #e00000;\"><strong><span style=\"font-size: 18pt;\">INSTRUCTIONS ON HOW TO REGISTER\u00a0<\/span><\/strong><\/span><\/p>\n\n\t\t<\/div>\n\t<\/div>\n<\/div><\/div><\/div><\/div><div class=\"vc_row wpb_row vc_row-fluid\"><div class=\"wpb_column vc_column_container vc_col-sm-12\"><div class=\"vc_column-inner\"><div class=\"wpb_wrapper\">\n\t<div class=\"wpb_video_widget wpb_content_element vc_clearfix   vc_video-aspect-ratio-169 vc_video-el-width-60 vc_video-align-center\" >\n\t\t<div class=\"wpb_wrapper\">\n\t\t\t\n\t\t\t<div class=\"wpb_video_wrapper\"><iframe title=\"ENGLISH COURSE\" width=\"640\" height=\"360\" src=\"https:\/\/www.youtube.com\/embed\/EC37HalpSAM?feature=oembed\" frameborder=\"0\" allow=\"accelerometer; autoplay; clipboard-write; encrypted-media; gyroscope; picture-in-picture; web-share\" referrerpolicy=\"strict-origin-when-cross-origin\" allowfullscreen><\/iframe><\/div>\n\t\t<\/div>\n\t<\/div>\n<\/div><\/div><\/div><\/div><div class=\"vc_row wpb_row vc_row-fluid\"><div class=\"wpb_column vc_column_container vc_col-sm-12\"><div class=\"vc_column-inner\"><div class=\"wpb_wrapper\">\n\t<div class=\"wpb_text_column wpb_content_element\" >\n\t\t<div class=\"wpb_wrapper\">\n\t\t\t<p style=\"text-align: center;\"><span style=\"font-size: 14pt;\"><strong>COME TO THE LANGUAGE CENTER OFFICE<\/strong><\/span><br \/>\n<span style=\"font-size: 14pt;\">We are located on the 1st floor Santillana Campus<\/span><br \/>\n<span style=\"font-size: 14pt;\">Mail: <strong>centrodeidiomas@unisinucartagena.edu.co <\/strong><\/span><br \/>\n<span style=\"font-size: 14pt;\">Telephone: <strong>6517013 Ext. 4082<\/strong><\/span><\/p>\n\n\t\t<\/div>\n\t<\/div>\n<\/div><\/div><\/div><\/div>","protected":false},"excerpt":{"rendered":"Inscr\u00edbete Aqu\u00ed Inscr\u00edbete Aqu\u00ed M\u00e1s Informaci\u00f3n INSTRUCTIVO PARA INSCRIPCIONAl Curso de InglesClic Aqu\u00edCURSOS DE INGL\u00c9S CON PROP\u00d3SITO ESPEC\u00cdFICOVer cursosClic Aqu\u00edCALENDARIOACAD\u00c9MICOCentro de IdiomasClic Aqu\u00ed INSTRUCTIVO DE COMO INSCRIBIRSE\u00a0 AC\u00c9RCATE A LA OFICINA DEL CENTRO DE IDIOMAS Estamos ubicados en el 1er &hellip;","protected":false},"author":1,"featured_media":0,"parent":0,"menu_order":0,"comment_status":"closed","ping_status":"open","template":"page-templates\/homepage.php","meta":{"_acf_changed":false,"_bbp_topic_count":0,"_bbp_reply_count":0,"_bbp_total_topic_count":0,"_bbp_total_reply_count":0,"_bbp_voice_count":0,"_bbp_anonymous_reply_count":0,"_bbp_topic_count_hidden":0,"_bbp_reply_count_hidden":0,"_bbp_forum_subforum_count":0,"_monsterinsights_skip_tracking":false,"_monsterinsights_sitenote_active":false,"_monsterinsights_sitenote_note":"","_monsterinsights_sitenote_category":0,"footnotes":""},"class_list":["post-47844","page","type-page","status-publish","hentry"],"acf":[],"aioseo_notices":[],"_links":{"self":[{"href":"https:\/\/unisinucartagena.edu.co\/en\/wp-json\/wp\/v2\/pages\/47844","targetHints":{"allow":["GET"]}}],"collection":[{"href":"https:\/\/unisinucartagena.edu.co\/en\/wp-json\/wp\/v2\/pages"}],"about":[{"href":"https:\/\/unisinucartagena.edu.co\/en\/wp-json\/wp\/v2\/types\/page"}],"author":[{"embeddable":true,"href":"https:\/\/unisinucartagena.edu.co\/en\/wp-json\/wp\/v2\/users\/1"}],"replies":[{"embeddable":true,"href":"https:\/\/unisinucartagena.edu.co\/en\/wp-json\/wp\/v2\/comments?post=47844"}],"version-history":[{"count":65,"href":"https:\/\/unisinucartagena.edu.co\/en\/wp-json\/wp\/v2\/pages\/47844\/revisions"}],"predecessor-version":[{"id":57273,"href":"https:\/\/unisinucartagena.edu.co\/en\/wp-json\/wp\/v2\/pages\/47844\/revisions\/57273"}],"wp:attachment":[{"href":"https:\/\/unisinucartagena.edu.co\/en\/wp-json\/wp\/v2\/media?parent=47844"}],"curies":[{"name":"wp","href":"https:\/\/api.w.org\/{rel}","templated":true}]}}