{"id":47397,"date":"2021-02-22T14:24:07","date_gmt":"2021-02-22T19:24:07","guid":{"rendered":"https:\/\/www.unisinucartagena.edu.co\/?page_id=47397"},"modified":"2021-02-25T11:24:36","modified_gmt":"2021-02-25T16:24:36","slug":"contactanos","status":"publish","type":"page","link":"https:\/\/unisinucartagena.edu.co\/en\/contactanos\/","title":{"rendered":"Contact us"},"content":{"rendered":"<div class=\"vc_row wpb_row vc_row-fluid\"><div class=\"wpb_column vc_column_container vc_col-sm-12\"><div class=\"vc_column-inner\"><div class=\"wpb_wrapper\"><div class=\"vc_empty_space\"   style=\"height: 32px\"><span class=\"vc_empty_space_inner\"><\/span><\/div><\/div><\/div><\/div><\/div><div class=\"vc_row wpb_row vc_row-fluid\"><div class=\"wpb_column vc_column_container vc_col-sm-6\"><div class=\"vc_column-inner\"><div class=\"wpb_wrapper\">\n\t<div class=\"wpb_text_column wpb_content_element\" >\n\t\t<div class=\"wpb_wrapper\">\n\t\t\t<h2>CONTACT US<\/h2>\n\n\t\t<\/div>\n\t<\/div>\n\n\t<div class=\"wpb_text_column wpb_content_element\" >\n\t\t<div class=\"wpb_wrapper\">\n\t\t\t<p>We want to accompany you in your exploration and admission to the Universidad del Sin\u00fa Seccional Cartagena, if you require our support in this process, leave us your information so that you can participate in all our activities and we can provide you with the information and tools that we have prepared for you.<\/p>\n\n\t\t<\/div>\n\t<\/div>\n<div class=\"vc_separator wpb_content_element vc_separator_align_center vc_sep_width_100 vc_sep_pos_align_center vc_separator_no_text vc_sep_color_grey\" ><span class=\"vc_sep_holder vc_sep_holder_l\"><span  class=\"vc_sep_line\"><\/span><\/span><span class=\"vc_sep_holder vc_sep_holder_r\"><span  class=\"vc_sep_line\"><\/span><\/span>\n<\/div>\n\t<div class=\"wpb_text_column wpb_content_element\" >\n\t\t<div class=\"wpb_wrapper\">\n\t\t\t<h3>undergraduate<\/h3>\n<p>coordinacionmercadeo@unisinucartagena.edu.co<\/p>\n<h3>Postgraduate<\/h3>\n<p>mercadeoposgrado@unisinucartagena.edu.co<\/p>\n<p><strong>Marketing area direct line: (57) 6517016<\/strong><\/p>\n\n\t\t<\/div>\n\t<\/div>\n<div class=\"vc_separator wpb_content_element vc_separator_align_center vc_sep_width_100 vc_sep_pos_align_center vc_separator_no_text vc_sep_color_grey\" ><span class=\"vc_sep_holder vc_sep_holder_l\"><span  class=\"vc_sep_line\"><\/span><\/span><span class=\"vc_sep_holder vc_sep_holder_r\"><span  class=\"vc_sep_line\"><\/span><\/span>\n<\/div>\n\t<div class=\"wpb_text_column wpb_content_element\" >\n\t\t<div class=\"wpb_wrapper\">\n\t\t\t<div class=\"mobile\"><strong>PBX (57) 6517013<\/strong><\/div>\n<div>If you wish to communicate with another area of our institution, visit our institutional directory:<\/div>\n\n\t\t<\/div>\n\t<\/div>\n<div class=\"thim-widget-button\"><a class=\"widget-button  no-border normal custom_style\" href=\"https:\/\/unisinucartagena.edu.co\/en\/directorio\/\" target=\"_blank\" style=\"font-size: 14px;color: #ffffff;background-color: #dd0000;\" data-hover=\"font-size: 14px;color: #dd4040;\">CLICK HERE<\/a><\/div><\/div><\/div><\/div><div class=\"wpb_column vc_column_container vc_col-sm-6 vc_col-has-fill\"><div class=\"vc_column-inner vc_custom_1614018489353\"><div class=\"wpb_wrapper\">\n\t<div class=\"wpb_text_column wpb_content_element\" >\n\t\t<div class=\"wpb_wrapper\">\n\t\t\t<h3>Complete our contact form<\/h3>\n<p>Choose the level of studies in which you are interested (undergraduate or postgraduate) and complete the form.<\/p>\n\n\t\t<\/div>\n\t<\/div>\n<div class=\"vc_tta-container\" data-vc-action=\"collapse\"><div class=\"vc_general vc_tta vc_tta-tabs vc_tta-color-grey vc_tta-style-classic vc_tta-shape-rounded vc_tta-spacing-1 vc_tta-tabs-position-top vc_tta-controls-align-left\"><div class=\"vc_tta-tabs-container\"><ul class=\"vc_tta-tabs-list\"><li class=\"vc_tta-tab vc_active\" data-vc-tab><a href=\"#1614018293204-10800627-eabc\" data-vc-tabs data-vc-container=\".vc_tta\"><span class=\"vc_tta-title-text\">undergraduate<\/span><\/a><\/li><li class=\"vc_tta-tab\" data-vc-tab><a href=\"#1614018293225-2dccb78f-c20f\" data-vc-tabs data-vc-container=\".vc_tta\"><span class=\"vc_tta-title-text\">Postgraduate<\/span><\/a><\/li><\/ul><\/div><div class=\"vc_tta-panels-container\"><div class=\"vc_tta-panels\"><div class=\"vc_tta-panel vc_active\" id=\"1614018293204-10800627-eabc\" data-vc-content=\".vc_tta-panel-body\"><div class=\"vc_tta-panel-heading\"><h4 class=\"vc_tta-panel-title\"><a href=\"#1614018293204-10800627-eabc\" data-vc-accordion data-vc-container=\".vc_tta-container\"><span class=\"vc_tta-title-text\">undergraduate<\/span><\/a><\/h4><\/div><div class=\"vc_tta-panel-body\">\n<div class=\"wpcf7 no-js\" id=\"wpcf7-f47411-o1\" lang=\"es-ES\" dir=\"ltr\">\n<div class=\"screen-reader-response\"><p role=\"status\" aria-live=\"polite\" aria-atomic=\"true\"><\/p> <ul><\/ul><\/div>\n<form action=\"\/wp-json\/wp\/v2\/pages\/47397\" method=\"post\" class=\"wpcf7-form init\" aria-label=\"Formulario de contacto\" novalidate=\"novalidate\" data-status=\"init\" data-trp-original-action=\"\/en\/wp-json\/wp\/v2\/pages\/47397#wpcf7-f47411-o1\">\n<div style=\"display: none;\">\n<input type=\"hidden\" name=\"_wpcf7\" value=\"47411\" \/>\n<input type=\"hidden\" name=\"_wpcf7_version\" value=\"5.9.3\" \/>\n<input type=\"hidden\" name=\"_wpcf7_locale\" value=\"es_ES\" \/>\n<input type=\"hidden\" name=\"_wpcf7_unit_tag\" value=\"wpcf7-f47411-o1\" \/>\n<input type=\"hidden\" name=\"_wpcf7_container_post\" value=\"0\" \/>\n<input type=\"hidden\" name=\"_wpcf7_posted_data_hash\" value=\"\" \/>\n<input type=\"hidden\" name=\"_wpcf7cf_hidden_group_fields\" value=\"[]\" \/>\n<input type=\"hidden\" name=\"_wpcf7cf_hidden_groups\" value=\"[]\" \/>\n<input type=\"hidden\" name=\"_wpcf7cf_visible_groups\" value=\"[]\" \/>\n<input type=\"hidden\" name=\"_wpcf7cf_repeaters\" value=\"[]\" \/>\n<input type=\"hidden\" name=\"_wpcf7cf_steps\" value=\"{}\" \/>\n<input type=\"hidden\" name=\"_wpcf7cf_options\" value=\"{&quot;form_id&quot;:47411,&quot;conditions&quot;:[],&quot;settings&quot;:{&quot;animation&quot;:&quot;yes&quot;,&quot;animation_intime&quot;:200,&quot;animation_outtime&quot;:200,&quot;conditions_ui&quot;:&quot;normal&quot;,&quot;notice_dismissed&quot;:false,&quot;notice_dismissed_rollback-cf7-5.4.2&quot;:true,&quot;notice_dismissed_rollback-cf7-5.5.2&quot;:true,&quot;notice_dismissed_rollback-cf7-5.5.6&quot;:true,&quot;notice_dismissed_update-cf7-6.0.1&quot;:true}}\" \/>\n<\/div>\n<p><span class=\"wpcf7-form-control-wrap\" data-name=\"menu-386\"><select class=\"wpcf7-form-control wpcf7-select\" aria-invalid=\"false\" name=\"menu-386\"><option value=\"Seleccione el Tipo de Solicitud\">Select the Type of Request<\/option><option value=\"Aspirante a Primer Semestre\">Applicant for First Semester<\/option><option value=\"Transferencias\/Homologaciones\">Transfers\/Homologations<\/option><option value=\"Reintegro\/Reingreso\">Reimbursement\/Re-entry<\/option><\/select><\/span>\n<\/p>\n<div class=\"column one-second\">\n\t<p><span class=\"wpcf7-form-control-wrap\" data-name=\"identificacion\"><input size=\"40\" class=\"wpcf7-form-control wpcf7-tel wpcf7-validates-as-required wpcf7-text wpcf7-validates-as-tel\" aria-required=\"true\" aria-invalid=\"false\" placeholder=\"ID\" value=\"\" type=\"tel\" name=\"identificacion\" \/><\/span>\n\t<\/p>\n<\/div>\n<p><span class=\"wpcf7-form-control-wrap\" data-name=\"your-name\"><input size=\"40\" class=\"wpcf7-form-control wpcf7-text wpcf7-validates-as-required\" aria-required=\"true\" aria-invalid=\"false\" placeholder=\"Full name\" value=\"\" type=\"text\" name=\"your-name\" \/><\/span><span class=\"wpcf7-form-control-wrap\" data-name=\"your-email\"><input size=\"40\" class=\"wpcf7-form-control wpcf7-email wpcf7-validates-as-required wpcf7-text wpcf7-validates-as-email\" aria-required=\"true\" aria-invalid=\"false\" placeholder=\"Email\" value=\"\" type=\"email\" name=\"your-email\" \/><\/span>\n<\/p>\n<div class=\"column one-second\">\n\t<p><span class=\"wpcf7-form-control-wrap\" data-name=\"telefono\"><input size=\"40\" class=\"wpcf7-form-control wpcf7-tel wpcf7-validates-as-required wpcf7-text wpcf7-validates-as-tel\" aria-required=\"true\" aria-invalid=\"false\" placeholder=\"Phone number\" value=\"\" type=\"tel\" name=\"telefono\" \/><\/span>\n\t<\/p>\n<\/div>\n<p><span class=\"wpcf7-form-control-wrap\" data-name=\"menu-996\"><select class=\"wpcf7-form-control wpcf7-select wpcf7-validates-as-required\" aria-required=\"true\" aria-invalid=\"false\" name=\"menu-996\"><option value=\"Seleccione un Pregrado\">Select an Undergraduate<\/option><option value=\"Gastronom\u00eda\">Gastronomy<\/option><option value=\"Ingenier\u00eda Civil\">Civil Engineering<\/option><option value=\"Ingenier\u00eda Agroindustrial\">Agroindustrial engineering<\/option><option value=\"Psicolog\u00eda\">Psychology<\/option><option value=\"Derecho\">Law<\/option><option value=\"Ingenier\u00eda de Sistemas\">Systems engineer<\/option><option value=\"Optometr\u00eda\">Optometry<\/option><option value=\"Odontolog\u00eda\">odontology<\/option><option value=\"Medicina\">Medicine<\/option><option value=\"Nutrici\u00f3n y Diet\u00e9tica\">Nutrition and diet<\/option><option value=\"Contadur\u00eda P\u00fablica\">Public accounting<\/option><option value=\"Biolog\u00eda Marina\">Marine biology<\/option><option value=\"Enfermer\u00eda\">Nursing<\/option><option value=\"Ingenier\u00eda Industrial Por Ciclos Proped\u00e9uticos\">Industrial Engineering for Preparatory Cycles<\/option><option value=\"Administraci\u00f3n de Negocios Internacionales\">International Business management<\/option><option value=\"Tecnologo en Mantenimiento El\u00e9ctrico\">Electrical Maintenance Technologist<\/option><option value=\"Tecnologo en Mantenimiento Electr\u00f3nico\">Electronic Maintenance Technologist<\/option><option value=\"Tecnologo en Mantenimiento Mec\u00e1nico\">Mechanical Maintenance Technologist<\/option><\/select><\/span>\n<\/p>\n<p><label><span class=\"wpcf7-form-control-wrap\" data-name=\"acceptance-29\"><span class=\"wpcf7-form-control wpcf7-acceptance optional\"><span class=\"wpcf7-list-item\"><input type=\"checkbox\" name=\"acceptance-29\" value=\"1\" aria-invalid=\"false\" \/><\/span><\/span><\/span>I accept use of personal data<\/label>\n<\/p>\n<div class=\"column one\">\n\t<p><input class=\"wpcf7-form-control wpcf7-submit has-spinner\" type=\"submit\" value=\"Send\" \/>\n\t<\/p>\n<\/div><p style=\"display: none !important;\" class=\"akismet-fields-container\" data-prefix=\"_wpcf7_ak_\"><label>&#916;<textarea name=\"_wpcf7_ak_hp_textarea\" cols=\"45\" rows=\"8\" maxlength=\"100\"><\/textarea><\/label><input type=\"hidden\" id=\"ak_js_1\" name=\"_wpcf7_ak_js\" value=\"141\"\/><script>document.getElementById( \"ak_js_1\" ).setAttribute( \"value\", ( new Date() ).getTime() );<\/script><\/p><input type='hidden' class='wpcf7-pum' value='{\"closepopup\":false,\"closedelay\":0,\"openpopup\":false,\"openpopup_id\":0}' \/><div class=\"wpcf7-response-output\" aria-hidden=\"true\"><\/div>\n<input type=\"hidden\" name=\"trp-form-language\" value=\"en\"\/><\/form>\n<\/div>\n<\/div><\/div><div class=\"vc_tta-panel\" id=\"1614018293225-2dccb78f-c20f\" data-vc-content=\".vc_tta-panel-body\"><div class=\"vc_tta-panel-heading\"><h4 class=\"vc_tta-panel-title\"><a href=\"#1614018293225-2dccb78f-c20f\" data-vc-accordion data-vc-container=\".vc_tta-container\"><span class=\"vc_tta-title-text\">Postgraduate<\/span><\/a><\/h4><\/div><div class=\"vc_tta-panel-body\">\n<div class=\"wpcf7 no-js\" id=\"wpcf7-f47415-o2\" lang=\"es-ES\" dir=\"ltr\">\n<div class=\"screen-reader-response\"><p role=\"status\" aria-live=\"polite\" aria-atomic=\"true\"><\/p> <ul><\/ul><\/div>\n<form action=\"\/wp-json\/wp\/v2\/pages\/47397\" method=\"post\" class=\"wpcf7-form init\" aria-label=\"Formulario de contacto\" novalidate=\"novalidate\" data-status=\"init\" data-trp-original-action=\"\/en\/wp-json\/wp\/v2\/pages\/47397#wpcf7-f47415-o2\">\n<div style=\"display: none;\">\n<input type=\"hidden\" name=\"_wpcf7\" value=\"47415\" \/>\n<input type=\"hidden\" name=\"_wpcf7_version\" value=\"5.9.3\" \/>\n<input type=\"hidden\" name=\"_wpcf7_locale\" value=\"es_ES\" \/>\n<input type=\"hidden\" name=\"_wpcf7_unit_tag\" value=\"wpcf7-f47415-o2\" \/>\n<input type=\"hidden\" name=\"_wpcf7_container_post\" value=\"0\" \/>\n<input type=\"hidden\" name=\"_wpcf7_posted_data_hash\" value=\"\" \/>\n<input type=\"hidden\" name=\"_wpcf7cf_hidden_group_fields\" value=\"[]\" \/>\n<input type=\"hidden\" name=\"_wpcf7cf_hidden_groups\" value=\"[]\" \/>\n<input type=\"hidden\" name=\"_wpcf7cf_visible_groups\" value=\"[]\" \/>\n<input type=\"hidden\" name=\"_wpcf7cf_repeaters\" value=\"[]\" \/>\n<input type=\"hidden\" name=\"_wpcf7cf_steps\" value=\"{}\" \/>\n<input type=\"hidden\" name=\"_wpcf7cf_options\" value=\"{&quot;form_id&quot;:47415,&quot;conditions&quot;:[],&quot;settings&quot;:{&quot;animation&quot;:&quot;yes&quot;,&quot;animation_intime&quot;:200,&quot;animation_outtime&quot;:200,&quot;conditions_ui&quot;:&quot;normal&quot;,&quot;notice_dismissed&quot;:false,&quot;notice_dismissed_rollback-cf7-5.4.2&quot;:true,&quot;notice_dismissed_rollback-cf7-5.5.2&quot;:true,&quot;notice_dismissed_rollback-cf7-5.5.6&quot;:true,&quot;notice_dismissed_update-cf7-6.0.1&quot;:true}}\" \/>\n<\/div>\n<p><span class=\"wpcf7-form-control-wrap\" data-name=\"menu-386\"><select class=\"wpcf7-form-control wpcf7-select\" aria-invalid=\"false\" name=\"menu-386\"><option value=\"Seleccione el Tipo de Identificaci\u00f3n\">Select the Type of Identification<\/option><option value=\"C - C\u00e9dula de Ciudadan\u00eda\">C - Citizenship Card<\/option><option value=\"E - C\u00e9dula de Extranjer\u00eda\">E - Immigration Certificate<\/option><option value=\"T - Tarjeta de Identidad\">T - Identity Card<\/option><option value=\"U - N\u00famero \u00danico de Identificaci\u00f3n\">U - Unique Identification Number<\/option><\/select><\/span>\n<\/p>\n<div class=\"column one-second\">\n\t<p><span class=\"wpcf7-form-control-wrap\" data-name=\"identificacion\"><input size=\"40\" class=\"wpcf7-form-control wpcf7-tel wpcf7-validates-as-required wpcf7-text wpcf7-validates-as-tel\" aria-required=\"true\" aria-invalid=\"false\" placeholder=\"ID\" value=\"\" type=\"tel\" name=\"identificacion\" \/><\/span>\n\t<\/p>\n<\/div>\n<p><span class=\"wpcf7-form-control-wrap\" data-name=\"your-name\"><input size=\"40\" class=\"wpcf7-form-control wpcf7-text wpcf7-validates-as-required\" aria-required=\"true\" aria-invalid=\"false\" placeholder=\"Full name\" value=\"\" type=\"text\" name=\"your-name\" \/><\/span><span class=\"wpcf7-form-control-wrap\" data-name=\"your-email\"><input size=\"40\" class=\"wpcf7-form-control wpcf7-email wpcf7-validates-as-required wpcf7-text wpcf7-validates-as-email\" aria-required=\"true\" aria-invalid=\"false\" placeholder=\"Email\" value=\"\" type=\"email\" name=\"your-email\" \/><\/span>\n<\/p>\n<div class=\"column one-second\">\n\t<p><span class=\"wpcf7-form-control-wrap\" data-name=\"telefono\"><input size=\"40\" class=\"wpcf7-form-control wpcf7-tel wpcf7-validates-as-required wpcf7-text wpcf7-validates-as-tel\" aria-required=\"true\" aria-invalid=\"false\" placeholder=\"Phone number\" value=\"\" type=\"tel\" name=\"telefono\" \/><\/span>\n\t<\/p>\n<\/div>\n<p><span class=\"wpcf7-form-control-wrap\" data-name=\"menu-996\"><select class=\"wpcf7-form-control wpcf7-select wpcf7-validates-as-required\" aria-required=\"true\" aria-invalid=\"false\" name=\"menu-996\"><option value=\"Seleccione un Posgrado\">Select a Postgraduate<\/option><option value=\"Maestr\u00eda en Salud Publica\">Master of Public Health<\/option><option value=\"Maestr\u00eda en Gesti\u00f3n de la Calidad de los Alimentos\">MSc in Food Quality Management<\/option><option value=\"Maestr\u00eda en Epidemiolog\u00eda\">Master in Epidemiology<\/option><option value=\"Esp. En Responsabilidad Contractual y Extracontractual del Estado\">Esp. in Contractual and Extracontractual Liability of the State<\/option><option value=\"Esp. Contabilidad Financiera Internacional\">Esp. International Financial Accounting<\/option><option value=\"Esp. Gerencia Financiera Internacional\">International Financial Management Specialist<\/option><option value=\"Esp. Gerencia en Servicios de Salud\">Esp. Management in Health Services<\/option><option value=\"Esp. Psicolog\u00eda Cl\u00ednica del Ni\u00f1o y del Adolescente\">Specialist in Clinical Child and Adolescent Psychology<\/option><option value=\"Esp. En Seguridad y Salud en el Trabajo\">Specialist in Safety and Health at Work<\/option><option value=\"Esp. Contrataci\u00f3n Estatal\">State Contracting Specialist<\/option><option value=\"Esp. En Auditoria en Salud\">Specialist in Health Audit<\/option><option value=\"Esp. En Derecho M\u00e9dico\">Specialist in Medical Law<\/option><option value=\"Esp. En Anestesiolog\u00eda\">Specialist in Anesthesiology<\/option><option value=\"Esp. Medicina Interna\">Specialist Internal Medicine<\/option><option value=\"Esp. Cirug\u00eda Pl\u00e1stica, Est\u00e9tica y Reconstructiva\">Esp. Plastic, Aesthetic and Reconstructive Surgery<\/option><option value=\"Esp. En Cirug\u00eda General\">Specialist in General Surgery<\/option><option value=\"Esp. En Pediatr\u00eda\">Specialist in Pediatrics<\/option><option value=\"Esp. En Neurolog\u00eda Clinica\">Specialist in Clinical Neurology<\/option><option value=\"Esp. En Oftalmolog\u00eda\">Specialist in Ophthalmology<\/option><option value=\"Esp. Ginecolog\u00eda y Obstetricia\">Esp. Gynecology and Obstetrics<\/option><\/select><\/span>\n<\/p>\n<p><label><span class=\"wpcf7-form-control-wrap\" data-name=\"acceptance-29\"><span class=\"wpcf7-form-control wpcf7-acceptance optional\"><span class=\"wpcf7-list-item\"><input type=\"checkbox\" name=\"acceptance-29\" value=\"1\" aria-invalid=\"false\" \/><\/span><\/span><\/span>I accept use of personal data<\/label>\n<\/p>\n<div class=\"column one\">\n\t<p><input class=\"wpcf7-form-control wpcf7-submit has-spinner\" type=\"submit\" value=\"Send\" \/>\n\t<\/p>\n<\/div><p style=\"display: none !important;\" class=\"akismet-fields-container\" data-prefix=\"_wpcf7_ak_\"><label>&#916;<textarea name=\"_wpcf7_ak_hp_textarea\" cols=\"45\" rows=\"8\" maxlength=\"100\"><\/textarea><\/label><input type=\"hidden\" id=\"ak_js_2\" name=\"_wpcf7_ak_js\" value=\"132\"\/><script>document.getElementById( \"ak_js_2\" ).setAttribute( \"value\", ( new Date() ).getTime() );<\/script><\/p><input type='hidden' class='wpcf7-pum' value='{\"closepopup\":false,\"closedelay\":0,\"openpopup\":false,\"openpopup_id\":0}' \/><div class=\"wpcf7-response-output\" aria-hidden=\"true\"><\/div>\n<input type=\"hidden\" name=\"trp-form-language\" value=\"en\"\/><\/form>\n<\/div>\n<\/div><\/div><\/div><\/div><\/div><\/div><\/div><\/div><\/div><\/div><div class=\"vc_row wpb_row vc_row-fluid\"><div class=\"wpb_column vc_column_container vc_col-sm-12\"><div class=\"vc_column-inner\"><div class=\"wpb_wrapper\"><div class=\"vc_empty_space\"   style=\"height: 32px\"><span class=\"vc_empty_space_inner\"><\/span><\/div><\/div><\/div><\/div><\/div><div class=\"vc_row wpb_row vc_row-fluid\"><div class=\"wpb_column vc_column_container vc_col-sm-12\"><div class=\"vc_column-inner\"><div class=\"wpb_wrapper\">\n\t<div class=\"wpb_raw_code wpb_content_element wpb_raw_html\" >\n\t\t<div class=\"wpb_wrapper\">\n\t\t\t<div class=\"widgetcontacto\" style=\"display:scroll;position:fixed;bottom:3vh;right:2vw;width:130px;z-index:999;\">\n     <style type=\"text\/css\">\n          .grow { transition: all .3s ease-in-out;}\n          .grow:hover { transform: scale(1.1); }\n     <\/style>\n<a href=\"http:\/\/bit.ly\/3upuAqh\" target=\"_blank\">\n<img decoding=\"async\" class=\"grow widgetwpre\" style=\"width: 100%; margin-bottom: 3px;\" src=\"https:\/\/aspirantes.uniandes.edu.co\/sites\/default\/files\/imagenes\/widget-home\/wid_pre.svg\"><\/a>\n<a href=\"http:\/\/bit.ly\/2ZKHelD\" target=\"_blank\">\n<img decoding=\"async\" class=\"grow widgetwpos\" style=\"width: 100%; margin-bottom: 3px;\" src=\"https:\/\/aspirantes.uniandes.edu.co\/sites\/default\/files\/imagenes\/widget-home\/wid_pos.svg\"><\/a>\n<a href=\"https:\/\/unisinucartagena.edu.co\/en\/contactanos\/\">\n<img decoding=\"async\" class=\"grow widgetcon\" style=\"width: 100%; margin-bottom: 3px;\" src=\"https:\/\/aspirantes.uniandes.edu.co\/sites\/default\/files\/imagenes\/widget-home\/wid_contacto.svg\"><\/a>\n<\/div>\n\t\t<\/div>\n\t<\/div>\n<\/div><\/div><\/div><\/div>","protected":false},"excerpt":{"rendered":"CONTACT US We want to accompany you in your exploration and admission to the Universidad del Sin\u00fa Seccional Cartagena, if you require our support in this process, leave us your information so that you can participate in all our activities and we can provide you with the information and tools that\u2026","protected":false},"author":1,"featured_media":0,"parent":0,"menu_order":0,"comment_status":"closed","ping_status":"open","template":"page-templates\/homepage.php","meta":{"_acf_changed":false,"_bbp_topic_count":0,"_bbp_reply_count":0,"_bbp_total_topic_count":0,"_bbp_total_reply_count":0,"_bbp_voice_count":0,"_bbp_anonymous_reply_count":0,"_bbp_topic_count_hidden":0,"_bbp_reply_count_hidden":0,"_bbp_forum_subforum_count":0,"_monsterinsights_skip_tracking":false,"_monsterinsights_sitenote_active":false,"_monsterinsights_sitenote_note":"","_monsterinsights_sitenote_category":0,"footnotes":""},"class_list":["post-47397","page","type-page","status-publish","hentry"],"acf":[],"aioseo_notices":[],"_links":{"self":[{"href":"https:\/\/unisinucartagena.edu.co\/en\/wp-json\/wp\/v2\/pages\/47397","targetHints":{"allow":["GET"]}}],"collection":[{"href":"https:\/\/unisinucartagena.edu.co\/en\/wp-json\/wp\/v2\/pages"}],"about":[{"href":"https:\/\/unisinucartagena.edu.co\/en\/wp-json\/wp\/v2\/types\/page"}],"author":[{"embeddable":true,"href":"https:\/\/unisinucartagena.edu.co\/en\/wp-json\/wp\/v2\/users\/1"}],"replies":[{"embeddable":true,"href":"https:\/\/unisinucartagena.edu.co\/en\/wp-json\/wp\/v2\/comments?post=47397"}],"version-history":[{"count":21,"href":"https:\/\/unisinucartagena.edu.co\/en\/wp-json\/wp\/v2\/pages\/47397\/revisions"}],"predecessor-version":[{"id":47416,"href":"https:\/\/unisinucartagena.edu.co\/en\/wp-json\/wp\/v2\/pages\/47397\/revisions\/47416"}],"wp:attachment":[{"href":"https:\/\/unisinucartagena.edu.co\/en\/wp-json\/wp\/v2\/media?parent=47397"}],"curies":[{"name":"wp","href":"https:\/\/api.w.org\/{rel}","templated":true}]}}