{"id":46892,"date":"2020-12-09T13:41:40","date_gmt":"2020-12-09T18:41:40","guid":{"rendered":"https:\/\/www.unisinucartagena.edu.co\/?page_id=46892"},"modified":"2025-10-14T11:39:08","modified_gmt":"2025-10-14T16:39:08","slug":"procedimiento-legalizacion-de-matriculas-con-financiacion-interna-unicred","status":"publish","type":"page","link":"https:\/\/unisinucartagena.edu.co\/en\/procedimiento-legalizacion-de-matriculas-con-financiacion-interna-unicred\/","title":{"rendered":"Procedure Legalization of registrations with internal financing UNICRED"},"content":{"rendered":"<div class=\"vc_row wpb_row vc_row-fluid\"><div class=\"wpb_column vc_column_container vc_col-sm-12\"><div class=\"vc_column-inner\"><div class=\"wpb_wrapper\"><div class=\"vc_empty_space\"   style=\"height: 20px\"><span class=\"vc_empty_space_inner\"><\/span><\/div>\n\t<div class=\"wpb_text_column wpb_content_element\" >\n\t\t<div class=\"wpb_wrapper\">\n\t\t\t<p style=\"text-align: center;\"><span style=\"font-size: 24pt; color: #e00000;\"><strong>Dear Unisinuan Student<\/strong><\/span><\/p>\n\n\t\t<\/div>\n\t<\/div>\n\n\t<div class=\"wpb_text_column wpb_content_element\" >\n\t\t<div class=\"wpb_wrapper\">\n\t\t\t<p>The University of Sin\u00fa El\u00edas Bechara Zain\u00fam, in pursuit of the well-being of the student community and administrative staff, has designed the following procedure for the legalization of enrollments with direct UNICRED financing for those students who cannot access other financing alternatives.<\/p>\n\n\t\t<\/div>\n\t<\/div>\n<\/div><\/div><\/div><\/div><div class=\"vc_row wpb_row vc_row-fluid\"><div class=\"wpb_column vc_column_container vc_col-sm-12\"><div class=\"vc_column-inner\"><div class=\"wpb_wrapper\">\n\t<div class=\"wpb_text_column wpb_content_element\" >\n\t\t<div class=\"wpb_wrapper\">\n\t\t\t<p style=\"text-align: center;\"><strong><span style=\"color: #ff0000; font-size: 24pt;\">If you are going to RENEW your UNICRED credit (The previous semester you legalized your registration with Unicred)<\/span><\/strong><\/p>\n\n\t\t<\/div>\n\t<\/div>\n\n\t<div class=\"wpb_text_column wpb_content_element\" >\n\t\t<div class=\"wpb_wrapper\">\n\t\t\t<ol>\n<li>Please update your details and those of your joint and several debtor at the following link <strong><span style=\"color: #ff0000;\"><a style=\"color: #ff0000;\" href=\"https:\/\/forms.gle\/gvK1vSM8XyiHrVhs8\">Click here<\/a><\/span><\/strong><\/li>\n<\/ol>\n<p>If you are going to change the joint and several debtor, you must notify the email in advance <a href=\"mailto:unicred@unisinucartagena.edu.co\"><span style=\"color: #ff0000;\"><strong>unicred@unisinucartagena.edu.co<\/strong><\/span><\/a> to request an appointment for the signing of internal guarantees.<\/p>\n<p>2. Enviar la solicitud de renovaci\u00f3n UNICRED al correo <a href=\"mailto:unicred@unisinucartagena.edu.co\"><span style=\"color: #ff0000;\"><strong>unicred@unisinucartagena.edu.co<\/strong><\/span><\/a> with the following documents:<br \/>\n\u2022 Fotocopia del documento de identidad del deudor solidario.<br \/>\n\u2022 Fotocopia del documento de identidad del estudiante<br \/>\n\u2022 Volante de matr\u00edcula actualizado<br \/>\n\u2022 Recibo de servicio p\u00fablico del estudiante y del deudor solidario<br \/>\n\u2022 Deudor solidario Empleado (Contrato a t\u00e9rmino fijo o indefinido): Carta laboral, dos \u00faltimos recibos de n\u00f3mina.<\/p>\n<p>3. The information will be validated and your request will be answered within a maximum period of 3 business days.<\/p>\n<p>To avoid email congestion, please submit your request only once. This type of request will not be answered in emails other than the one indicated.<\/p>\n\n\t\t<\/div>\n\t<\/div>\n\n\t<div class=\"wpb_text_column wpb_content_element\" >\n\t\t<div class=\"wpb_wrapper\">\n\t\t\t<p style=\"text-align: center;\"><strong><span style=\"color: #ff0000; font-size: 24pt;\">If you are going to legalize your registration with UNICRED for the first time: <\/span><\/strong><\/p>\n\n\t\t<\/div>\n\t<\/div>\n\n\t<div class=\"wpb_text_column wpb_content_element\" >\n\t\t<div class=\"wpb_wrapper\">\n\t\t\t<ol>\n<li>Please enter your data and those of your joint and several debtor in the following link <strong><span style=\"color: #ff0000;\"><a style=\"color: #ff0000;\" href=\"https:\/\/forms.gle\/gvK1vSM8XyiHrVhs8\">Click here<\/a><\/span><\/strong><\/li>\n<li>Enviar la solicitud de renovaci\u00f3n UNICRED al correo <a href=\"mailto:unicred@unisinucartagena.edu.co\"><span style=\"color: #ff0000;\"><strong>unicred@unisinucartagena.edu.co<\/strong><\/span><\/a> with the following documents:<br \/>\n\u2022 Fotocopia del documento de identidad del deudor solidario.<br \/>\n\u2022 Fotocopia del documento de identidad del estudiante<br \/>\n\u2022 Volante de matr\u00edcula actualizado<br \/>\n\u2022 Recibo de servicio p\u00fablico del estudiante y del deudor solidario<br \/>\n\u2022 Deudor solidario Empleado (Contrato a t\u00e9rmino fijo o indefinido): Carta laboral, dos \u00faltimos recibos de n\u00f3mina.<\/li>\n<li>\u00a0Once the information has been verified, within a maximum period of 3 business days, an appointment will be assigned to sign guarantees or the instructions for signing non-face-to-face guarantees will be sent to you, as applicable.<\/li>\n<li>\u00a0Una vez se haya verificado el cumplimiento de los requisitos, se le notificar\u00e1 a su correo la respuesta a su solicitud de cr\u00e9dito.<\/li>\n<li>\u00a0 Se solicitar\u00e1 documentaci\u00f3n soporte de ingresos del deudor solidario de acuerdo con la actividad econ\u00f3mica que ingreses en el formulario de solicitud.<\/li>\n<\/ol>\n<p>To avoid email congestion, please submit your request only once. This type of request will not be answered in emails other than the one indicated.<\/p>\n\n\t\t<\/div>\n\t<\/div>\n<\/div><\/div><\/div><\/div><div data-vc-full-width=\"true\" data-vc-full-width-init=\"false\" class=\"vc_row wpb_row vc_row-fluid vc_custom_1607527986048 vc_row-has-fill\"><div class=\"wpb_column vc_column_container vc_col-sm-8\"><div class=\"vc_column-inner\"><div class=\"wpb_wrapper\">\n\t<div class=\"wpb_text_column wpb_content_element\" >\n\t\t<div class=\"wpb_wrapper\">\n\t\t\t<p><span style=\"color: #ff0000;\"><strong>PSE online payment: <\/strong><\/span>Login through your platform <span style=\"color: #ff0000;\"><a style=\"color: #ff0000;\" href=\"http:\/\/elysa.unisinu.edu.co\/psc\/csadm\/EMPLOYEE\/HRMS\/c\/UA_FRM_ADMISION_MNU.UA_ADMISION_LOGIN.GBL?&amp;userid=US_FRMLRADMSN_NV&amp;pwd=Vp@+3mq0o&amp;languageCd=ESP&amp;\" target=\"_blank\" rel=\"noopener noreferrer\"><strong>ELYSA<\/strong><\/a><\/span>. Attach transaction support to email <a href=\"mailto:apoyoadminfinanciero@unisinucartagena.edu.co\"><span style=\"color: #ff0000;\"><strong>supportadminfinanciero@unisinucartagena.edu.co <\/strong><\/span><\/a><\/p>\n<p><span style=\"color: #ff0000;\"><strong>Face-to-face payment at a bank branch: <\/strong><\/span>In the invoice indicate the name of the bank<\/p>\n<p>If the bank registered on the invoice does not have offices in your place of residence, please inform <a href=\"mailto:apoyoadminfinanciero@unisinucartagena.edu.co\"><span style=\"color: #ff0000;\"><strong>supportadminfinanciero@unisinucartagena.edu.co <\/strong><\/span><\/a><\/p>\n\n\t\t<\/div>\n\t<\/div>\n<\/div><\/div><\/div><div class=\"wpb_column vc_column_container vc_col-sm-4\"><div class=\"vc_column-inner\"><div class=\"wpb_wrapper\">\n\t<div class=\"wpb_text_column wpb_content_element\" >\n\t\t<div class=\"wpb_wrapper\">\n\t\t\t<p style=\"text-align: center;\"><span style=\"font-size: 14pt;\"><strong>Payment options <\/strong><\/span><\/p>\n\n\t\t<\/div>\n\t<\/div>\n\n\t<div  class=\"wpb_single_image wpb_content_element vc_align_center\">\n\t\t\n\t\t<figure class=\"wpb_wrapper vc_figure\">\n\t\t\t<a href=\"https:\/\/www.pse.com.co\/persona\" target=\"_self\" class=\"vc_single_image-wrapper   vc_box_border_grey\"><img data-recalc-dims=\"1\" decoding=\"async\" width=\"150\" height=\"150\" src=\"https:\/\/i0.wp.com\/unisinucartagena.edu.co\/wp-content\/uploads\/2020\/12\/PSE.png?resize=150%2C150&#038;ssl=1\" class=\"vc_single_image-img attachment-thumbnail\" alt=\"\" title=\"PES\" srcset=\"https:\/\/i0.wp.com\/unisinucartagena.edu.co\/wp-content\/uploads\/2020\/12\/PSE.png?resize=150%2C150&amp;ssl=1 150w, https:\/\/i0.wp.com\/unisinucartagena.edu.co\/wp-content\/uploads\/2020\/12\/PSE.png?resize=300%2C300&amp;ssl=1 300w, https:\/\/i0.wp.com\/unisinucartagena.edu.co\/wp-content\/uploads\/2020\/12\/PSE.png?resize=100%2C100&amp;ssl=1 100w, https:\/\/i0.wp.com\/unisinucartagena.edu.co\/wp-content\/uploads\/2020\/12\/PSE.png?resize=50%2C50&amp;ssl=1 50w, https:\/\/i0.wp.com\/unisinucartagena.edu.co\/wp-content\/uploads\/2020\/12\/PSE.png?w=378&amp;ssl=1 378w\" sizes=\"(max-width: 150px) 100vw, 150px\" \/><\/a>\n\t\t<\/figure>\n\t<\/div>\n<\/div><\/div><\/div><\/div><div class=\"vc_row-full-width vc_clearfix\"><\/div><div class=\"vc_row wpb_row vc_row-fluid\"><div class=\"wpb_column vc_column_container vc_col-sm-3\"><div class=\"vc_column-inner\"><div class=\"wpb_wrapper\"><\/div><\/div><\/div><div class=\"wpb_column vc_column_container vc_col-sm-6\"><div class=\"vc_column-inner\"><div class=\"wpb_wrapper\"><div class=\".center\"><div class=\"thim-widget-button\"><a class=\"widget-button tiny-rounded no-border medium custom_style\" href=\"https:\/\/unisinucartagena.edu.co\/en\/alternativas-de-financiacion\/\" target=\"_blank\" style=\"font-size: 14px;font-weight: 400;border-color: #e00000;background-color: #e00000;\" data-hover=\"font-size: 14px;font-weight: 400;\"><i class=\"fas fa-dollar-sign\" style=\"font-size: 25px;\"><\/i> KNOW OUR PAYMENT ALTERNATIVES<\/a><\/div><\/div><\/div><\/div><\/div><div class=\"wpb_column vc_column_container vc_col-sm-3\"><div class=\"vc_column-inner\"><div class=\"wpb_wrapper\"><\/div><\/div><\/div><\/div>","protected":false},"excerpt":{"rendered":"Dear Unisinuano Student The University of Sin\u00fa El\u00edas Bechara Zain\u00fam, in pursuit of the well-being of the student community and administrative staff, has designed the following procedure for the legalization of enrollments with direct UNICRED financing for those students who do not \u2026","protected":false},"author":1,"featured_media":0,"parent":0,"menu_order":0,"comment_status":"closed","ping_status":"open","template":"","meta":{"_acf_changed":false,"_bbp_topic_count":0,"_bbp_reply_count":0,"_bbp_total_topic_count":0,"_bbp_total_reply_count":0,"_bbp_voice_count":0,"_bbp_anonymous_reply_count":0,"_bbp_topic_count_hidden":0,"_bbp_reply_count_hidden":0,"_bbp_forum_subforum_count":0,"_monsterinsights_skip_tracking":false,"_monsterinsights_sitenote_active":false,"_monsterinsights_sitenote_note":"","_monsterinsights_sitenote_category":0,"footnotes":""},"class_list":["post-46892","page","type-page","status-publish","hentry"],"acf":[],"aioseo_notices":[],"_links":{"self":[{"href":"https:\/\/unisinucartagena.edu.co\/en\/wp-json\/wp\/v2\/pages\/46892","targetHints":{"allow":["GET"]}}],"collection":[{"href":"https:\/\/unisinucartagena.edu.co\/en\/wp-json\/wp\/v2\/pages"}],"about":[{"href":"https:\/\/unisinucartagena.edu.co\/en\/wp-json\/wp\/v2\/types\/page"}],"author":[{"embeddable":true,"href":"https:\/\/unisinucartagena.edu.co\/en\/wp-json\/wp\/v2\/users\/1"}],"replies":[{"embeddable":true,"href":"https:\/\/unisinucartagena.edu.co\/en\/wp-json\/wp\/v2\/comments?post=46892"}],"version-history":[{"count":16,"href":"https:\/\/unisinucartagena.edu.co\/en\/wp-json\/wp\/v2\/pages\/46892\/revisions"}],"predecessor-version":[{"id":65380,"href":"https:\/\/unisinucartagena.edu.co\/en\/wp-json\/wp\/v2\/pages\/46892\/revisions\/65380"}],"wp:attachment":[{"href":"https:\/\/unisinucartagena.edu.co\/en\/wp-json\/wp\/v2\/media?parent=46892"}],"curies":[{"name":"wp","href":"https:\/\/api.w.org\/{rel}","templated":true}]}}