{"id":46888,"date":"2020-12-09T11:57:07","date_gmt":"2020-12-09T16:57:07","guid":{"rendered":"https:\/\/www.unisinucartagena.edu.co\/?page_id=46888"},"modified":"2025-11-18T09:13:54","modified_gmt":"2025-11-18T14:13:54","slug":"procedimiento-legalizacion-de-matriculas-con-financiacion-icetex","status":"publish","type":"page","link":"https:\/\/unisinucartagena.edu.co\/en\/procedimiento-legalizacion-de-matriculas-con-financiacion-icetex\/","title":{"rendered":"Procedimiento Legalizaci\u00f3n de matr\u00edculas con financiaci\u00f3n icetex"},"content":{"rendered":"<div class=\"vc_row wpb_row vc_row-fluid\"><div class=\"wpb_column vc_column_container vc_col-sm-12\"><div class=\"vc_column-inner\"><div class=\"wpb_wrapper\"><div class=\"vc_empty_space\"   style=\"height: 20px\"><span class=\"vc_empty_space_inner\"><\/span><\/div>\n\t<div class=\"wpb_text_column wpb_content_element\" >\n\t\t<div class=\"wpb_wrapper\">\n\t\t\t<p style=\"text-align: center;\"><span style=\"font-size: 24pt; color: #e00000;\"><strong>Dear Unisinuan Student<\/strong><\/span><\/p>\n\n\t\t<\/div>\n\t<\/div>\n\n\t<div class=\"wpb_text_column wpb_content_element\" >\n\t\t<div class=\"wpb_wrapper\">\n\t\t\t<p>La Universidad del Sin\u00fa El\u00edas Bechara Zain\u00fam seccional Cartagena, en procura del bienestar de la comunidad estudiantil y del personal administrativo, ha dispuesto los siguientes cambios en el procedimiento de legalizaci\u00f3n de matr\u00edculas con financiaci\u00f3n ICETEX.<\/p>\n\n\t\t<\/div>\n\t<\/div>\n<\/div><\/div><\/div><\/div><div class=\"vc_row wpb_row vc_row-fluid\"><div class=\"wpb_column vc_column_container vc_col-sm-12\"><div class=\"vc_column-inner\"><div class=\"wpb_wrapper\">\n\t<div class=\"wpb_text_column wpb_content_element\" >\n\t\t<div class=\"wpb_wrapper\">\n\t\t\t<p style=\"text-align: center;\"><strong><span style=\"color: #ff0000; font-size: 24pt;\">If you are going to RENEW your ICETEX credit (The previous semester you legalized your registration with ICETEX): <\/span><\/strong><\/p>\n\n\t\t<\/div>\n\t<\/div>\n\n\t<div class=\"wpb_text_column wpb_content_element\" >\n\t\t<div class=\"wpb_wrapper\">\n\t\t\t<ol>\n<li>Perform the update of ICETEX data in the following link <span style=\"color: #ff0000;\"><strong><a style=\"color: #ff0000;\" href=\"https:\/\/web.icetex.gov.co\/creditos\/gestion-de-credito\/renovacion-del-credito\" target=\"_blank\" rel=\"noopener noreferrer\">Click here<\/a><\/strong><\/span><\/li>\n<li>Download the generated document, sign it and scan it.<\/li>\n<li>Please update your details and those of your joint and several debtor at the following link <a href=\"https:\/\/forms.gle\/gvK1vSM8XyiHrVhs8\" target=\"_blank\" rel=\"noopener noreferrer\"><strong><span style=\"color: #ff0000;\">Click here<\/span><\/strong><\/a><\/li>\n<\/ol>\n<p>If you are going to change the joint and several debtor, you must notify the email in advance <a href=\"mailto:creditoicetex@unisinucartagena.edu.co\"><strong><span style=\"color: #ff0000;\">renuevatuicetex@unisinucartagena.edu.co<\/span><\/strong><\/a>\u00a0to request an appointment for the signing of internal guarantees.<\/p>\n<p>4. Send the renewal request to the email <span style=\"color: #ff0000;\"><strong><a style=\"color: #ff0000;\" href=\"mailto:creditoicetex@unisinucartagena.edu.co\" target=\"_blank\" rel=\"noopener noreferrer\">renuevatuicetex@unisinucartagena.edu.co<\/a><\/strong><\/span>\u00a0<wbr \/>indicando tus datos personales (nombre completo, c\u00f3digo, programa, celular). Debes adjuntar el volante de matr\u00edcula, pantallazo del promedio de notas del \u00faltimo semestre cursado, la actualizaci\u00f3n de datos firmada del paso 2 y el <span style=\"font-weight: 400;\">recibo de Servicio P\u00fablico de energ\u00eda<\/span>.<\/p>\n<p>The information will be validated and your request will be answered within a maximum period of 3 business days.<\/p>\n<p>To avoid email congestion, please submit your request only once. Credit renewals will not be accepted in emails other than the one indicated.<\/p>\n<p>&nbsp;<\/p>\n<p><span style=\"color: #ff0000;\"><strong>NOTE:<\/strong><\/span> Remember that you must be in good standing with ICETEX to carry out this procedure. The data requested in the university form are the data of the student and the joint and several debtor registered in the virtual form of the university the previous semester.<\/p>\n\n\t\t<\/div>\n\t<\/div>\n\n\t<div class=\"wpb_text_column wpb_content_element\" >\n\t\t<div class=\"wpb_wrapper\">\n\t\t\t<p style=\"text-align: center;\"><strong><span style=\"color: #ff0000; font-size: 24pt;\">If you are going to legalize your registration with ICETEX for the first time: <\/span><\/strong><\/p>\n\n\t\t<\/div>\n\t<\/div>\n\n\t<div class=\"wpb_text_column wpb_content_element\" >\n\t\t<div class=\"wpb_wrapper\">\n\t\t\t<p>The student must have the approval of the ICETEX credit. The request is made directly on the ICETEX page through the following link <span style=\"color: #ff0000;\"><a style=\"color: #ff0000;\" href=\"https:\/\/web.icetex.gov.co\/creditos\/tu-eliges\/pregrado\"><strong>Click here<\/strong><\/a><\/span><\/p>\n<ol>\n<li>The student updates his data and that of his joint and several debtor in the following link <a href=\"https:\/\/forms.gle\/gvK1vSM8XyiHrVhs8\"><span style=\"color: #ff0000;\"><strong>Click here<\/strong><\/span><\/a><\/li>\n<li>Request an appointment for the signing of internal guarantees to the mail <strong><span style=\"color: #ff0000;\"><a style=\"color: #ff0000;\" href=\"mailto:auxcreditoicetex@unisinucartagena.edu.co\">creditoicetex@unisinucartagena.edu.co<\/a><\/span><\/strong> indicating your personal data (full name, code, program, cell phone). You must attach a copy of the student&#039;s ID, a copy of the joint debtor&#039;s ID, and an updated registration form. <span style=\"font-weight: 400;\">and utility bill<\/span>. Please specify if you reside in the city or in a different municipality.<\/li>\n<li>Once the information has been verified, within a maximum period of 3 business days, an appointment will be assigned to sign guarantees or the instructions for signing non-face-to-face guarantees will be sent to you, as applicable.<\/li>\n<\/ol>\n<p>To avoid email congestion, please submit your request only once. Credit legalizations will not be attended to in emails other than the one indicated.<\/p>\n\n\t\t<\/div>\n\t<\/div>\n<\/div><\/div><\/div><\/div><div data-vc-full-width=\"true\" data-vc-full-width-init=\"false\" class=\"vc_row wpb_row vc_row-fluid vc_custom_1607527986048 vc_row-has-fill\"><div class=\"wpb_column vc_column_container vc_col-sm-8\"><div class=\"vc_column-inner\"><div class=\"wpb_wrapper\">\n\t<div class=\"wpb_text_column wpb_content_element\" >\n\t\t<div class=\"wpb_wrapper\">\n\t\t\t<p><span style=\"color: #ff0000;\"><strong>PSE online payment: <\/strong><\/span>Login through your platform <span style=\"color: #ff0000;\"><a style=\"color: #ff0000;\" href=\"http:\/\/elysa.unisinu.edu.co\/psc\/csadm\/EMPLOYEE\/HRMS\/c\/UA_FRM_ADMISION_MNU.UA_ADMISION_LOGIN.GBL?&amp;userid=US_FRMLRADMSN_NV&amp;pwd=Vp@+3mq0o&amp;languageCd=ESP&amp;\" target=\"_blank\" rel=\"noopener noreferrer\"><strong>ELYSA<\/strong><\/a><\/span>. Attach transaction support to email <a href=\"mailto:apoyoadminfinanciero@unisinucartagena.edu.co\"><span style=\"color: #ff0000;\"><strong>supportadminfinanciero@unisinucartagena.edu.co <\/strong><\/span><\/a><\/p>\n<p><span style=\"color: #ff0000;\"><strong>Face-to-face payment at a bank branch: <\/strong><\/span>In the invoice indicate the name of the bank<\/p>\n<p>If the bank registered on the invoice does not have offices in your place of residence, please inform <a href=\"mailto:apoyoadminfinanciero@unisinucartagena.edu.co\"><span style=\"color: #ff0000;\"><strong>supportadminfinanciero@unisinucartagena.edu.co <\/strong><\/span><\/a><\/p>\n\n\t\t<\/div>\n\t<\/div>\n<\/div><\/div><\/div><div class=\"wpb_column vc_column_container vc_col-sm-4\"><div class=\"vc_column-inner\"><div class=\"wpb_wrapper\">\n\t<div class=\"wpb_text_column wpb_content_element\" >\n\t\t<div class=\"wpb_wrapper\">\n\t\t\t<p style=\"text-align: center;\"><span style=\"font-size: 14pt;\"><strong>Payment options <\/strong><\/span><\/p>\n\n\t\t<\/div>\n\t<\/div>\n\n\t<div  class=\"wpb_single_image wpb_content_element vc_align_center\">\n\t\t\n\t\t<figure class=\"wpb_wrapper vc_figure\">\n\t\t\t<a href=\"https:\/\/www.pse.com.co\/persona\" target=\"_self\" class=\"vc_single_image-wrapper   vc_box_border_grey\"><img data-recalc-dims=\"1\" decoding=\"async\" width=\"150\" height=\"150\" src=\"https:\/\/i0.wp.com\/unisinucartagena.edu.co\/wp-content\/uploads\/2020\/12\/PSE.png?resize=150%2C150&#038;ssl=1\" class=\"vc_single_image-img attachment-thumbnail\" alt=\"\" title=\"PES\" srcset=\"https:\/\/i0.wp.com\/unisinucartagena.edu.co\/wp-content\/uploads\/2020\/12\/PSE.png?resize=150%2C150&amp;ssl=1 150w, https:\/\/i0.wp.com\/unisinucartagena.edu.co\/wp-content\/uploads\/2020\/12\/PSE.png?resize=300%2C300&amp;ssl=1 300w, https:\/\/i0.wp.com\/unisinucartagena.edu.co\/wp-content\/uploads\/2020\/12\/PSE.png?resize=100%2C100&amp;ssl=1 100w, https:\/\/i0.wp.com\/unisinucartagena.edu.co\/wp-content\/uploads\/2020\/12\/PSE.png?resize=50%2C50&amp;ssl=1 50w, https:\/\/i0.wp.com\/unisinucartagena.edu.co\/wp-content\/uploads\/2020\/12\/PSE.png?w=378&amp;ssl=1 378w\" sizes=\"(max-width: 150px) 100vw, 150px\" \/><\/a>\n\t\t<\/figure>\n\t<\/div>\n<\/div><\/div><\/div><\/div><div class=\"vc_row-full-width vc_clearfix\"><\/div><div class=\"vc_row wpb_row vc_row-fluid\"><div class=\"wpb_column vc_column_container vc_col-sm-3\"><div class=\"vc_column-inner\"><div class=\"wpb_wrapper\"><\/div><\/div><\/div><div class=\"wpb_column vc_column_container vc_col-sm-6\"><div class=\"vc_column-inner\"><div class=\"wpb_wrapper\"><div class=\".center\"><div class=\"thim-widget-button\"><a class=\"widget-button tiny-rounded no-border medium custom_style\" href=\"https:\/\/unisinucartagena.edu.co\/en\/alternativas-de-financiacion\/\" target=\"_blank\" style=\"font-size: 14px;font-weight: 400;border-color: #e00000;background-color: #e00000;\" data-hover=\"font-size: 14px;font-weight: 400;\"><i class=\"fas fa-dollar-sign\" style=\"font-size: 25px;\"><\/i> KNOW OUR PAYMENT ALTERNATIVES<\/a><\/div><\/div><\/div><\/div><\/div><div class=\"wpb_column vc_column_container vc_col-sm-3\"><div class=\"vc_column-inner\"><div class=\"wpb_wrapper\"><\/div><\/div><\/div><\/div>","protected":false},"excerpt":{"rendered":"Apreciado Estudiante Unisinuano La Universidad del Sin\u00fa El\u00edas Bechara Zain\u00fam seccional Cartagena, en procura del bienestar de la comunidad estudiantil y del personal administrativo, ha dispuesto los siguientes cambios en el procedimiento de legalizaci\u00f3n de matr\u00edculas con financiaci\u00f3n ICETEX. Si &hellip;","protected":false},"author":1,"featured_media":0,"parent":0,"menu_order":0,"comment_status":"closed","ping_status":"open","template":"","meta":{"_acf_changed":false,"_bbp_topic_count":0,"_bbp_reply_count":0,"_bbp_total_topic_count":0,"_bbp_total_reply_count":0,"_bbp_voice_count":0,"_bbp_anonymous_reply_count":0,"_bbp_topic_count_hidden":0,"_bbp_reply_count_hidden":0,"_bbp_forum_subforum_count":0,"_monsterinsights_skip_tracking":false,"_monsterinsights_sitenote_active":false,"_monsterinsights_sitenote_note":"","_monsterinsights_sitenote_category":0,"footnotes":""},"class_list":["post-46888","page","type-page","status-publish","hentry"],"acf":[],"aioseo_notices":[],"_links":{"self":[{"href":"https:\/\/unisinucartagena.edu.co\/en\/wp-json\/wp\/v2\/pages\/46888","targetHints":{"allow":["GET"]}}],"collection":[{"href":"https:\/\/unisinucartagena.edu.co\/en\/wp-json\/wp\/v2\/pages"}],"about":[{"href":"https:\/\/unisinucartagena.edu.co\/en\/wp-json\/wp\/v2\/types\/page"}],"author":[{"embeddable":true,"href":"https:\/\/unisinucartagena.edu.co\/en\/wp-json\/wp\/v2\/users\/1"}],"replies":[{"embeddable":true,"href":"https:\/\/unisinucartagena.edu.co\/en\/wp-json\/wp\/v2\/comments?post=46888"}],"version-history":[{"count":16,"href":"https:\/\/unisinucartagena.edu.co\/en\/wp-json\/wp\/v2\/pages\/46888\/revisions"}],"predecessor-version":[{"id":66200,"href":"https:\/\/unisinucartagena.edu.co\/en\/wp-json\/wp\/v2\/pages\/46888\/revisions\/66200"}],"wp:attachment":[{"href":"https:\/\/unisinucartagena.edu.co\/en\/wp-json\/wp\/v2\/media?parent=46888"}],"curies":[{"name":"wp","href":"https:\/\/api.w.org\/{rel}","templated":true}]}}