{"id":46069,"date":"2020-09-17T13:46:59","date_gmt":"2020-09-17T18:46:59","guid":{"rendered":"https:\/\/www.unisinucartagena.edu.co\/?page_id=46069"},"modified":"2024-09-03T12:30:45","modified_gmt":"2024-09-03T17:30:45","slug":"cultura-del-emprendimiento","status":"publish","type":"page","link":"https:\/\/unisinucartagena.edu.co\/en\/cultura-del-emprendimiento\/","title":{"rendered":"Culture of Entrepreneurship"},"content":{"rendered":"<div data-vc-full-width=\"true\" data-vc-full-width-init=\"false\" data-vc-stretch-content=\"true\" data-vc-parallax=\"1.5\" class=\"vc_row wpb_row vc_row-fluid vc_custom_1567606023363 vc_row-has-fill vc_row-no-padding vc_general vc_parallax vc_parallax-content-moving\"><div class=\"wpb_column vc_column_container vc_col-sm-12\"><div class=\"vc_column-inner\"><div class=\"wpb_wrapper\"><div class=\"vc_row wpb_row vc_inner vc_row-fluid vc_row-o-content-middle vc_row-flex\"><div class=\"wpb_column vc_column_container vc_col-sm-4\"><div class=\"vc_column-inner\"><div class=\"wpb_wrapper\">\n\t<div class=\"wpb_text_column wpb_content_element\" >\n\t\t<div class=\"wpb_wrapper\">\n\t\t\t<p style=\"text-align: center;\"><span style=\"font-size: 10pt;\"><span style=\"color: #ffffff;\"><a style=\"color: #ffffff;\" href=\"https:\/\/unisinucartagena.edu.co\/en\/bienestar\/\">\u00a0 \u00a0 \u00a0 <\/a><\/span><span style=\"color: #ffffff;\"><a style=\"color: #ffffff;\" href=\"https:\/\/unisinucartagena.edu.co\/en\/bienestar\/\">\u00a0WELLNESS<\/a><\/span>\u00a0 \u00a0 \u00a0 \u00a0 \u00a0 \u00a0<span style=\"color: #ffffff;\"><a style=\"color: #ffffff;\" href=\"https:\/\/unisinucartagena.edu.co\/en\/bienestar-universitario\/organigrama-bienestar-universitario\/\" target=\"_blank\" rel=\"noopener noreferrer\">STRUCTURE\u00a0 \u00a0\u00a0<\/a><\/span><\/span><\/p>\n\n\t\t<\/div>\n\t<\/div>\n<\/div><\/div><\/div><div class=\"wpb_column vc_column_container vc_col-sm-4\"><div class=\"vc_column-inner\"><div class=\"wpb_wrapper\">\n\t<div class=\"wpb_text_column wpb_content_element\" >\n\t\t<div class=\"wpb_wrapper\">\n\t\t\t<p style=\"text-align: center;\"><span style=\"font-size: 10pt;\"><span style=\"color: #ffffff;\"><a style=\"color: #ffffff;\" href=\"https:\/\/unisinucartagena.edu.co\/en\/areas-de-bienestar\/\">WELLNESS AREAS<\/a><\/span>\u00a0 \u00a0 \u00a0 \u00a0 \u00a0 \u00a0<\/span><\/p>\n\n\t\t<\/div>\n\t<\/div>\n<\/div><\/div><\/div><div class=\"wpb_column vc_column_container vc_col-sm-4\"><div class=\"vc_column-inner\"><div class=\"wpb_wrapper\">\n\t<div class=\"wpb_text_column wpb_content_element\" >\n\t\t<div class=\"wpb_wrapper\">\n\t\t\t<p style=\"text-align: center;\"><span style=\"font-size: 10pt;\"><span style=\"color: #ffffff;\"><a style=\"color: #ffffff;\" href=\"https:\/\/unisinucartagena.edu.co\/en\/atencion-virtual-bienestar\/\">PSYCHOLOGICAL ADVICE<\/a><\/span>\u00a0 \u00a0 \u00a0 \u00a0 \u00a0 \u00a0 \u00a0 \u00a0 \u00a0<span style=\"color: #ffffff;\"><a style=\"color: #ffffff;\" href=\"https:\/\/unisinucartagena.edu.co\/en\/medios-de-difusion\/\" rel=\"noopener noreferrer\">BROADCAST MEDIA<\/a><\/span><\/span><\/p>\n\n\t\t<\/div>\n\t<\/div>\n<\/div><\/div><\/div><\/div>\n\t\t\t<!-- START Programa de promoci\u00f3n Sociecon\u00f3mica REVOLUTION SLIDER 6.7.0 --><p class=\"rs-p-wp-fix\"><\/p>\n\t\t\t<rs-module-wrap id=\"rev_slider_28_1_wrapper\" data-source=\"gallery\" style=\"visibility:hidden;background:transparent;padding:0;margin:0px auto;margin-top:0;margin-bottom:0;\">\n\t\t\t\t<rs-module id=\"rev_slider_28_1\" style=\"\" data-version=\"6.7.0\">\n\t\t\t\t\t<rs-slides style=\"overflow: hidden; position: absolute;\">\n\t\t\t\t\t\t<rs-slide style=\"position: absolute;\" data-key=\"rs-125\" data-title=\"Slide\" data-anim=\"adpr:false;ms:600;\" data-in=\"o:0;\" data-out=\"a:false;\">\n\t\t\t\t\t\t\t<img data-recalc-dims=\"1\" fetchpriority=\"high\" decoding=\"async\" src=\"https:\/\/i0.wp.com\/unisinucartagena.edu.co\/wp-content\/plugins\/revslider\/sr6\/assets\/assets\/dummy.png?resize=640%2C202\" alt=\"\" title=\"BANNER MICROSITIO BIENESTAR_Mesa de trabajo 1 copia 4\" width=\"640\" height=\"202\" class=\"rev-slidebg tp-rs-img rs-lazyload\" data-lazyload=\"\/\/unisinucartagena.edu.co\/wp-content\/uploads\/2024\/09\/BANNER-MICROSITIO-BIENESTAR_Mesa-de-trabajo-1-copia-4-scaled.jpg\" data-parallax=\"off\" data-no-retina>\n<!---->\t\t\t\t\t<\/rs-slide>\n\t\t\t\t\t<\/rs-slides>\n\t\t\t\t<\/rs-module>\n\t\t\t\t<script>\n\t\t\t\t\tsetREVStartSize({c: 'rev_slider_28_1',rl:[1240,1024,778,480],el:[600,600,960,1100],gw:[1900,1900,778,2500],gh:[600,600,960,1100],type:'standard',justify:'',layout:'fullwidth',mh:\"0\"});if (window.RS_MODULES!==undefined && window.RS_MODULES.modules!==undefined && window.RS_MODULES.modules[\"revslider281\"]!==undefined) {window.RS_MODULES.modules[\"revslider281\"].once = false;window.revapi28 = undefined;if (window.RS_MODULES.checkMinimal!==undefined) window.RS_MODULES.checkMinimal()}\n\t\t\t\t<\/script>\n\t\t\t<\/rs-module-wrap>\n\t\t\t<!-- END REVOLUTION SLIDER -->\n<\/div><\/div><\/div><\/div><div class=\"vc_row-full-width vc_clearfix\"><\/div><div id=\"programas-de-bienestar\" data-vc-full-width=\"true\" data-vc-full-width-init=\"false\" class=\"vc_row wpb_row vc_row-fluid\"><div class=\"wpb_column vc_column_container vc_col-sm-12\"><div class=\"vc_column-inner\"><div class=\"wpb_wrapper\"><div class=\"vc_empty_space\"   style=\"height: 10px\"><span class=\"vc_empty_space_inner\"><\/span><\/div><div class=\"vc_empty_space\"   style=\"height: 10px\"><span class=\"vc_empty_space_inner\"><\/span><\/div><div class=\"vc_empty_space\"   style=\"height: 32px\"><span class=\"vc_empty_space_inner\"><\/span><\/div><div class=\"vc_row wpb_row vc_inner vc_row-fluid\"><div class=\"wpb_column vc_column_container vc_col-sm-12\"><div class=\"vc_column-inner\"><div class=\"wpb_wrapper\">\n\t<div class=\"wpb_text_column wpb_content_element\" >\n\t\t<div class=\"wpb_wrapper\">\n\t\t\t<p style=\"text-align: center;\"><span style=\"font-size: 18pt; color: #ff0000;\"><strong>How to create a solid image in the market?<\/strong><\/span><\/p>\n\n\t\t<\/div>\n\t<\/div>\n<\/div><\/div><\/div><\/div><div class=\"vc_btn3-container vc_btn3-center\" ><a style=\"background-color:#ed0000; color:#ffffff;\" class=\"vc_general vc_btn3 vc_btn3-size-md vc_btn3-shape-rounded vc_btn3-style-custom\" href=\"https:\/\/unisinucartagena.edu.co\/wp-content\/uploads\/2021\/10\/IMAGEN-SOLIDA-PARA-MERCADEO-01.png\" title=\"\" target=\"_blank\">MORE INFORMATION<\/a><\/div><div class=\"vc_separator wpb_content_element vc_separator_align_center vc_sep_width_100 vc_sep_pos_align_center vc_separator_no_text vc_sep_color_grey\" ><span class=\"vc_sep_holder vc_sep_holder_l\"><span  class=\"vc_sep_line\"><\/span><\/span><span class=\"vc_sep_holder vc_sep_holder_r\"><span  class=\"vc_sep_line\"><\/span><\/span>\n<\/div><div class=\"vc_row wpb_row vc_inner vc_row-fluid\"><div class=\"wpb_column vc_column_container vc_col-sm-12\"><div class=\"vc_column-inner\"><div class=\"wpb_wrapper\"><div class=\"vc_separator wpb_content_element vc_separator_align_center vc_sep_width_100 vc_sep_pos_align_center vc_separator_no_text vc_sep_color_grey\" ><span class=\"vc_sep_holder vc_sep_holder_l\"><span  class=\"vc_sep_line\"><\/span><\/span><span class=\"vc_sep_holder vc_sep_holder_r\"><span  class=\"vc_sep_line\"><\/span><\/span>\n<\/div><\/div><\/div><\/div><\/div><\/div><\/div><\/div><\/div><div class=\"vc_row-full-width vc_clearfix\"><\/div><div class=\"vc_row wpb_row vc_row-fluid\"><div class=\"wpb_column vc_column_container vc_col-sm-12\"><div class=\"vc_column-inner\"><div class=\"wpb_wrapper\">\n\t<div class=\"wpb_video_widget wpb_content_element vc_clearfix   vc_video-aspect-ratio-169 vc_video-el-width-90 vc_video-align-center\" >\n\t\t<div class=\"wpb_wrapper\">\n\t\t\t\n\t\t\t<div class=\"wpb_video_wrapper\"><iframe title=\"Undertake UniSinu\" width=\"640\" height=\"360\" src=\"https:\/\/www.youtube.com\/embed\/F5bkM-h43sE?feature=oembed\" frameborder=\"0\" allow=\"accelerometer; autoplay; clipboard-write; encrypted-media; gyroscope; picture-in-picture; web-share\" referrerpolicy=\"strict-origin-when-cross-origin\" allowfullscreen><\/iframe><\/div>\n\t\t<\/div>\n\t<\/div>\n<div class=\"vc_separator wpb_content_element vc_separator_align_center vc_sep_width_100 vc_sep_pos_align_center vc_separator_no_text vc_sep_color_grey\" ><span class=\"vc_sep_holder vc_sep_holder_l\"><span  class=\"vc_sep_line\"><\/span><\/span><span class=\"vc_sep_holder vc_sep_holder_r\"><span  class=\"vc_sep_line\"><\/span><\/span>\n<\/div><\/div><\/div><\/div><\/div><div class=\"vc_row wpb_row vc_row-fluid\"><div class=\"wpb_column vc_column_container vc_col-sm-4\"><div class=\"vc_column-inner\"><div class=\"wpb_wrapper\">\n\t<div  class=\"wpb_single_image wpb_content_element vc_align_center\">\n\t\t\n\t\t<figure class=\"wpb_wrapper vc_figure\">\n\t\t\t<a href=\"https:\/\/i0.wp.com\/unisinucartagena.edu.co\/wp-content\/uploads\/2020\/10\/actividades-Bienestar-03-min-687x1024.jpg?ssl=1\" target=\"_blank\" class=\"vc_single_image-wrapper   vc_box_border_grey\"><img data-recalc-dims=\"1\" decoding=\"async\" class=\"vc_single_image-img\" src=\"https:\/\/i0.wp.com\/unisinucartagena.edu.co\/wp-content\/uploads\/2020\/10\/actividades-Bienestar-03-min-scaled.jpg?resize=640%2C954&#038;ssl=1\" width=\"640\" height=\"954\" alt=\"actividades Bienestar-03-min\" title=\"Wellness activities-03-min\" \/><\/a>\n\t\t<\/figure>\n\t<\/div>\n<\/div><\/div><\/div><div class=\"wpb_column vc_column_container vc_col-sm-4\"><div class=\"vc_column-inner\"><div class=\"wpb_wrapper\">\n\t<div  class=\"wpb_single_image wpb_content_element vc_align_center\">\n\t\t\n\t\t<figure class=\"wpb_wrapper vc_figure\">\n\t\t\t<a href=\"https:\/\/i0.wp.com\/unisinucartagena.edu.co\/wp-content\/uploads\/2020\/10\/articulaci%C3%B3n-para-el-fortalecimiento_Mesa-de-trabajo-1-min-675x1024.jpg?ssl=1\" target=\"_blank\" class=\"vc_single_image-wrapper   vc_box_border_grey\"><img data-recalc-dims=\"1\" decoding=\"async\" class=\"vc_single_image-img\" src=\"https:\/\/i0.wp.com\/unisinucartagena.edu.co\/wp-content\/uploads\/2020\/10\/articulaci%C3%B3n-para-el-fortalecimiento_Mesa-de-trabajo-1-min-scaled.jpg?resize=640%2C971&#038;ssl=1\" width=\"640\" height=\"971\" alt=\"articulaci\u00f3n para el fortalecimiento_Mesa de trabajo 1-min\" title=\"joint for strengthening_Work table 1-min\" \/><\/a>\n\t\t<\/figure>\n\t<\/div>\n<\/div><\/div><\/div><div class=\"wpb_column vc_column_container vc_col-sm-4\"><div class=\"vc_column-inner\"><div class=\"wpb_wrapper\">\n\t<div  class=\"wpb_single_image wpb_content_element vc_align_center\">\n\t\t\n\t\t<figure class=\"wpb_wrapper vc_figure\">\n\t\t\t<a href=\"https:\/\/i0.wp.com\/unisinucartagena.edu.co\/wp-content\/uploads\/2020\/12\/Infografia.png?ssl=1\" target=\"_blank\" class=\"vc_single_image-wrapper   vc_box_border_grey\"><img data-recalc-dims=\"1\" loading=\"lazy\" decoding=\"async\" class=\"vc_single_image-img\" src=\"https:\/\/i0.wp.com\/unisinucartagena.edu.co\/wp-content\/uploads\/2020\/12\/Infografia.png?resize=426%2C542&#038;ssl=1\" width=\"426\" height=\"542\" alt=\"Infografia\" title=\"infographic\" \/><\/a>\n\t\t<\/figure>\n\t<\/div>\n<\/div><\/div><\/div><\/div>","protected":false},"excerpt":{"rendered":"\u00a0 \u00a0 \u00a0 \u00a0BIENESTAR\u00a0 \u00a0 \u00a0 \u00a0 \u00a0 \u00a0ESTRUCTURA\u00a0 \u00a0\u00a0 \u00c1REAS DE BIENESTAR\u00a0 \u00a0 \u00a0 \u00a0 \u00a0 \u00a0 ASESOR\u00cdAS PSICOL\u00d3GICAS\u00a0 \u00a0 \u00a0 \u00a0 \u00a0 \u00a0 \u00a0 \u00a0 \u00a0MEDIOS DE DIFUSI\u00d3N \u00bfC\u00f3mo crear una imagen s\u00f3lida en el mercado? M\u00c1S INFORMACI\u00d3N","protected":false},"author":1,"featured_media":0,"parent":0,"menu_order":0,"comment_status":"closed","ping_status":"open","template":"page-templates\/homepage.php","meta":{"_acf_changed":false,"_bbp_topic_count":0,"_bbp_reply_count":0,"_bbp_total_topic_count":0,"_bbp_total_reply_count":0,"_bbp_voice_count":0,"_bbp_anonymous_reply_count":0,"_bbp_topic_count_hidden":0,"_bbp_reply_count_hidden":0,"_bbp_forum_subforum_count":0,"_monsterinsights_skip_tracking":false,"_monsterinsights_sitenote_active":false,"_monsterinsights_sitenote_note":"","_monsterinsights_sitenote_category":0,"footnotes":""},"class_list":["post-46069","page","type-page","status-publish","hentry"],"acf":[],"aioseo_notices":[],"_links":{"self":[{"href":"https:\/\/unisinucartagena.edu.co\/en\/wp-json\/wp\/v2\/pages\/46069","targetHints":{"allow":["GET"]}}],"collection":[{"href":"https:\/\/unisinucartagena.edu.co\/en\/wp-json\/wp\/v2\/pages"}],"about":[{"href":"https:\/\/unisinucartagena.edu.co\/en\/wp-json\/wp\/v2\/types\/page"}],"author":[{"embeddable":true,"href":"https:\/\/unisinucartagena.edu.co\/en\/wp-json\/wp\/v2\/users\/1"}],"replies":[{"embeddable":true,"href":"https:\/\/unisinucartagena.edu.co\/en\/wp-json\/wp\/v2\/comments?post=46069"}],"version-history":[{"count":25,"href":"https:\/\/unisinucartagena.edu.co\/en\/wp-json\/wp\/v2\/pages\/46069\/revisions"}],"predecessor-version":[{"id":60862,"href":"https:\/\/unisinucartagena.edu.co\/en\/wp-json\/wp\/v2\/pages\/46069\/revisions\/60862"}],"wp:attachment":[{"href":"https:\/\/unisinucartagena.edu.co\/en\/wp-json\/wp\/v2\/media?parent=46069"}],"curies":[{"name":"wp","href":"https:\/\/api.w.org\/{rel}","templated":true}]}}