{"id":45789,"date":"2020-08-31T10:26:07","date_gmt":"2020-08-31T15:26:07","guid":{"rendered":"https:\/\/www.unisinucartagena.edu.co\/?page_id=45789"},"modified":"2025-02-27T16:01:43","modified_gmt":"2025-02-27T21:01:43","slug":"organos-de-gobierno","status":"publish","type":"page","link":"https:\/\/unisinucartagena.edu.co\/en\/organos-de-gobierno\/","title":{"rendered":"Government bodies"},"content":{"rendered":"<div class=\"vc_row wpb_row vc_row-fluid\"><div class=\"wpb_column vc_column_container vc_col-sm-12\"><div class=\"vc_column-inner\"><div class=\"wpb_wrapper\">\n\t<div class=\"wpb_text_column wpb_content_element\" >\n\t\t<div class=\"wpb_wrapper\">\n\t\t\t<p style=\"text-align: justify;\">La estructura de gobierno de la Corporaci\u00f3n Universidad del Sin\u00fa \u201cEl\u00edas Bechara Zain\u00fam\u201d est\u00e1 conformada por \u00f3rganos colegiados que, en ejercicio de la autonom\u00eda universitaria, garantizan la toma de decisiones estrat\u00e9gicas, normativas y administrativas en concordancia con los principios institucionales y el marco legal vigente. Estos \u00f3rganos desempe\u00f1an un papel fundamental en la formulaci\u00f3n y ejecuci\u00f3n de pol\u00edticas acad\u00e9micas, investigativas y de extensi\u00f3n, asegurando el cumplimiento de la misi\u00f3n institucional y el fortalecimiento de la calidad educativa.<\/p>\n<p>En desarrollo de la autonom\u00eda Universitaria, se constituyen los \u00f3rganos colegiados, encontrando una estructura jer\u00e1rquica as\u00ed:<\/p>\n\n\t\t<\/div>\n\t<\/div>\n<\/div><\/div><\/div><\/div><div class=\"vc_row wpb_row vc_row-fluid\"><div class=\"wpb_column vc_column_container vc_col-sm-12\"><div class=\"vc_column-inner\"><div class=\"wpb_wrapper\"><div class=\"vc_tta-container\" data-vc-action=\"collapseAll\"><div class=\"vc_general vc_tta vc_tta-accordion vc_tta-color-grey vc_tta-style-classic vc_tta-shape-rounded vc_tta-o-shape-group vc_tta-controls-align-left vc_tta-o-all-clickable\"><div class=\"vc_tta-panels-container\"><div class=\"vc_tta-panels\"><div class=\"vc_tta-panel\" id=\"1740686071515-7aabd075-661c\" data-vc-content=\".vc_tta-panel-body\"><div class=\"vc_tta-panel-heading\"><h4 class=\"vc_tta-panel-title vc_tta-controls-icon-position-left\"><a href=\"#1740686071515-7aabd075-661c\" data-vc-accordion data-vc-container=\".vc_tta-container\"><span class=\"vc_tta-title-text\">Asamblea General<\/span><i class=\"vc_tta-controls-icon vc_tta-controls-icon-plus\"><\/i><\/a><\/h4><\/div><div class=\"vc_tta-panel-body\">\n\t<div class=\"wpb_text_column wpb_content_element\" >\n\t\t<div class=\"wpb_wrapper\">\n\t\t\t<p style=\"text-align: justify;\">La Asamblea General es el m\u00e1ximo \u00f3rgano estatutario, conformado por los miembros fundadores y benefactores, cuya funci\u00f3n es definir los pilares y las disposiciones sobre las cuales se centra la Universidad, determinando Estatutos, Reformas, nombramiento de altos miembros, destinaci\u00f3n de reservar institucionales, asuntos financieros y liquidaci\u00f3n de la Corporaci\u00f3n, entre otros aspectos fundamentales.<\/p>\n\n\t\t<\/div>\n\t<\/div>\n<\/div><\/div><div class=\"vc_tta-panel\" id=\"1740686071515-e06f001e-5273\" data-vc-content=\".vc_tta-panel-body\"><div class=\"vc_tta-panel-heading\"><h4 class=\"vc_tta-panel-title vc_tta-controls-icon-position-left\"><a href=\"#1740686071515-e06f001e-5273\" data-vc-accordion data-vc-container=\".vc_tta-container\"><span class=\"vc_tta-title-text\">Better advice<\/span><i class=\"vc_tta-controls-icon vc_tta-controls-icon-plus\"><\/i><\/a><\/h4><\/div><div class=\"vc_tta-panel-body\">\n\t<div class=\"wpb_text_column wpb_content_element\" >\n\t\t<div class=\"wpb_wrapper\">\n\t\t\t<p style=\"text-align: justify;\">El Consejo Superior, por su parte, es el \u00f3rgano encargado de ejercer la suprema direcci\u00f3n de las pol\u00edticas acad\u00e9micas, administrativa de la Universidad. Se encuentra conformado por miembros fundadores y benefactores, as\u00ed como la participaci\u00f3n por elecci\u00f3n democr\u00e1tica de un estudiante, docente y egresado, quienes cuentan con voz y voto en la toma de decisiones. Dentro de las funciones que ejerce, se encuentra la aprobaci\u00f3n del Proyecto Educativo Institucional, Plan de Desarrollo, Reformas Reglamentarias, nombramiento de planta administrativa, as\u00ed como velar que la marcha de la Universidad est\u00e9 acorde con las disposiciones legales pertinentes y con los Estatutos.<\/p>\n\n\t\t<\/div>\n\t<\/div>\n<\/div><\/div><div class=\"vc_tta-panel\" id=\"1740689412650-fd881ae0-4eb1\" data-vc-content=\".vc_tta-panel-body\"><div class=\"vc_tta-panel-heading\"><h4 class=\"vc_tta-panel-title vc_tta-controls-icon-position-left\"><a href=\"#1740689412650-fd881ae0-4eb1\" data-vc-accordion data-vc-container=\".vc_tta-container\"><span class=\"vc_tta-title-text\">Academic Council<\/span><i class=\"vc_tta-controls-icon vc_tta-controls-icon-plus\"><\/i><\/a><\/h4><\/div><div class=\"vc_tta-panel-body\">\n\t<div class=\"wpb_text_column wpb_content_element\" >\n\t\t<div class=\"wpb_wrapper\">\n\t\t\t<p style=\"text-align: justify;\">El Consejo Acad\u00e9mico, como cuerpo colegiado, se encarga de presentar propuestas que conlleven al desarrollo acad\u00e9mico de la Universidad en lo que se refiere a docencia, investigaci\u00f3n, extensi\u00f3n, bienestar universitario y proyecci\u00f3n social para aprobaci\u00f3n del Consejo Superior, as\u00ed como aprobar reformar curriculares y planes de nuevos programas. Este \u00f3rgano se encuentra integrado por su Rector, quien lo preside, Director Acad\u00e9mico, decanos, jefes de programa, Direcci\u00f3n Administrativa, Direcci\u00f3n de Bienestar Universitario y una representaci\u00f3n estudiantil, docente y de egresado por elecci\u00f3n democr\u00e1tica.<\/p>\n\n\t\t<\/div>\n\t<\/div>\n<\/div><\/div><div class=\"vc_tta-panel\" id=\"1740689462674-68c59b7b-1d1f\" data-vc-content=\".vc_tta-panel-body\"><div class=\"vc_tta-panel-heading\"><h4 class=\"vc_tta-panel-title vc_tta-controls-icon-position-left\"><a href=\"#1740689462674-68c59b7b-1d1f\" data-vc-accordion data-vc-container=\".vc_tta-container\"><span class=\"vc_tta-title-text\">Faculty Council<\/span><i class=\"vc_tta-controls-icon vc_tta-controls-icon-plus\"><\/i><\/a><\/h4><\/div><div class=\"vc_tta-panel-body\">\n\t<div class=\"wpb_text_column wpb_content_element\" >\n\t\t<div class=\"wpb_wrapper\">\n\t\t\t<p style=\"text-align: justify;\">El Consejo de Facultad como ultimo cuerpo que conforma esta jerarqu\u00eda, es un estamento encargado de programar y direccionar el desarrollo acad\u00e9mico de la Facultad, especialmente en cuanto a programas de investigaci\u00f3n, de docencia y de extensi\u00f3n, para remitir las propuestas al Consejo Acad\u00e9mico, adem\u00e1s de dirimir situaciones disciplinarias, llevando al Consejo Acad\u00e9mico las que as\u00ed sea requeridas para decisi\u00f3n final. Este estamento tambi\u00e9n cuenta con la participaci\u00f3n del Director Acad\u00e9mico, Jefes de Programa una representaci\u00f3n estudiantil, docente y de egresado por elecci\u00f3n democr\u00e1tica.<\/p>\n\n\t\t<\/div>\n\t<\/div>\n<\/div><\/div><\/div><\/div><\/div><\/div><\/div><\/div><\/div><\/div><div class=\"vc_row wpb_row vc_row-fluid\"><div class=\"wpb_column vc_column_container vc_col-sm-12\"><div class=\"vc_column-inner\"><div class=\"wpb_wrapper\">\n\t<div class=\"wpb_text_column wpb_content_element\" >\n\t\t<div class=\"wpb_wrapper\">\n\t\t\t<p style=\"text-align: justify;\">El crecimiento y fortalecimiento de la Instituci\u00f3n en los \u00faltimos a\u00f1os evidencian un modelo de gesti\u00f3n eficiente y comprometido con la excelencia acad\u00e9mica y administrativa. La organizaci\u00f3n estructural, con una Rector\u00eda General que vela por la coherencia entre sus sedes, y la representaci\u00f3n democr\u00e1tica en sus cuerpos colegiados, garantiza una gobernanza participativa e inclusiva. Asimismo, la solidez de sus Estatutos ha permitido mantener estabilidad y transparencia en la toma de decisiones, consolidando una Universidad que responde a los retos del entorno educativo con equidad, calidad y sostenibilidad.<\/p>\n\n\t\t<\/div>\n\t<\/div>\n<\/div><\/div><\/div><\/div><div class=\"vc_row wpb_row vc_row-fluid\"><div class=\"wpb_column vc_column_container vc_col-sm-12\"><div class=\"vc_column-inner\"><div class=\"wpb_wrapper\"><div class=\"vc_empty_space\"   style=\"height: 32px\"><span class=\"vc_empty_space_inner\"><\/span><\/div><\/div><\/div><\/div><\/div>","protected":false},"excerpt":{"rendered":"La estructura de gobierno de la Corporaci\u00f3n Universidad del Sin\u00fa \u201cEl\u00edas Bechara Zain\u00fam\u201d est\u00e1 conformada por \u00f3rganos colegiados que, en ejercicio de la autonom\u00eda universitaria, garantizan la toma de decisiones estrat\u00e9gicas, normativas y administrativas en concordancia con los principios institucionales &hellip;","protected":false},"author":1,"featured_media":0,"parent":0,"menu_order":0,"comment_status":"closed","ping_status":"open","template":"","meta":{"_acf_changed":false,"_bbp_topic_count":0,"_bbp_reply_count":0,"_bbp_total_topic_count":0,"_bbp_total_reply_count":0,"_bbp_voice_count":0,"_bbp_anonymous_reply_count":0,"_bbp_topic_count_hidden":0,"_bbp_reply_count_hidden":0,"_bbp_forum_subforum_count":0,"_monsterinsights_skip_tracking":false,"_monsterinsights_sitenote_active":false,"_monsterinsights_sitenote_note":"","_monsterinsights_sitenote_category":0,"footnotes":""},"class_list":["post-45789","page","type-page","status-publish","hentry"],"acf":[],"aioseo_notices":[],"_links":{"self":[{"href":"https:\/\/unisinucartagena.edu.co\/en\/wp-json\/wp\/v2\/pages\/45789","targetHints":{"allow":["GET"]}}],"collection":[{"href":"https:\/\/unisinucartagena.edu.co\/en\/wp-json\/wp\/v2\/pages"}],"about":[{"href":"https:\/\/unisinucartagena.edu.co\/en\/wp-json\/wp\/v2\/types\/page"}],"author":[{"embeddable":true,"href":"https:\/\/unisinucartagena.edu.co\/en\/wp-json\/wp\/v2\/users\/1"}],"replies":[{"embeddable":true,"href":"https:\/\/unisinucartagena.edu.co\/en\/wp-json\/wp\/v2\/comments?post=45789"}],"version-history":[{"count":13,"href":"https:\/\/unisinucartagena.edu.co\/en\/wp-json\/wp\/v2\/pages\/45789\/revisions"}],"predecessor-version":[{"id":61972,"href":"https:\/\/unisinucartagena.edu.co\/en\/wp-json\/wp\/v2\/pages\/45789\/revisions\/61972"}],"wp:attachment":[{"href":"https:\/\/unisinucartagena.edu.co\/en\/wp-json\/wp\/v2\/media?parent=45789"}],"curies":[{"name":"wp","href":"https:\/\/api.w.org\/{rel}","templated":true}]}}