{"id":45494,"date":"2020-08-19T11:26:47","date_gmt":"2020-08-19T16:26:47","guid":{"rendered":"https:\/\/www.unisinucartagena.edu.co\/?page_id=45494"},"modified":"2021-12-02T11:46:17","modified_gmt":"2021-12-02T16:46:17","slug":"institucional-clinica-virtual-universitaria","status":"publish","type":"page","link":"https:\/\/unisinucartagena.edu.co\/en\/institucional-clinica-virtual-universitaria\/","title":{"rendered":"Institutional \u2013 University Virtual Clinic"},"content":{"rendered":"<div data-vc-full-width=\"true\" data-vc-full-width-init=\"false\" data-vc-stretch-content=\"true\" class=\"vc_row wpb_row vc_row-fluid vc_custom_1597848650597 vc_row-has-fill vc_row-no-padding\"><div class=\"wpb_column vc_column_container vc_col-sm-12\"><div class=\"vc_column-inner\"><div class=\"wpb_wrapper\"><div class=\"vc_row wpb_row vc_inner vc_row-fluid\"><div class=\"wpb_column vc_column_container vc_col-sm-4\"><div class=\"vc_column-inner\"><div class=\"wpb_wrapper\">\n\t<div class=\"wpb_text_column wpb_content_element\" >\n\t\t<div class=\"wpb_wrapper\">\n\t\t\t<p style=\"text-align: center;\"><span style=\"font-size: 10pt;\"><span style=\"color: #ffffff;\"><a style=\"color: #ffffff;\" href=\"https:\/\/unisinucartagena.edu.co\/en\/clinica-virtual-universitaria\/\">\u00a0 \u00a0 \u00a0VIRTUAL CLINIC\u00a0 \u00a0 \u00a0 \u00a0 \u00a0 \u00a0 \u00a0 \u00a0 \u00a0<\/a><\/span><\/span><span style=\"font-size: 10pt;\"><span style=\"color: #ffffff;\"><a style=\"color: #ffffff;\" href=\"https:\/\/unisinucartagena.edu.co\/en\/institucional-clinica-virtual-universitaria\/\">INSTITUTIONAL<\/a><a style=\"color: #ffffff;\" href=\"https:\/\/unisinucartagena.edu.co\/en\/staff-clinica-virtual-universitaria\/\">\u00a0 \u00a0 \u00a0 \u00a0 \u00a0 \u00a0 \u00a0 STAFF<\/a><\/span><\/span><\/p>\n\n\t\t<\/div>\n\t<\/div>\n<\/div><\/div><\/div><div class=\"wpb_column vc_column_container vc_col-sm-4\"><div class=\"vc_column-inner\"><div class=\"wpb_wrapper\">\n\t<div class=\"wpb_text_column wpb_content_element\" >\n\t\t<div class=\"wpb_wrapper\">\n\t\t\t<p style=\"text-align: center;\"><span style=\"font-size: 10pt;\"><span style=\"color: #ffffff;\"><a style=\"color: #ffffff;\" href=\"https:\/\/unisinucartagena.edu.co\/en\/servicios-clinica-virtual-universitaria\/\">\u00a0 \u00a0 \u00a0SERVICES\u00a0 \u00a0 \u00a0 \u00a0 \u00a0 \u00a0 \u00a0<\/a><\/span><\/span><span style=\"font-size: 10pt;\"><span style=\"color: #ffffff;\"><a style=\"color: #ffffff;\" href=\"https:\/\/unisinucartagena.edu.co\/en\/departamentos-clinica-virtual-universitaria\/\">APARTMENTS<\/a><a style=\"color: #ffffff;\" href=\"https:\/\/unisinucartagena.edu.co\/en\/investigacion-clinica-virtual-universitaria\/\">\u00a0 \u00a0 \u00a0 \u00a0 \u00a0 \u00a0 \u00a0 RESEARCH<\/a><\/span><\/span><\/p>\n\n\t\t<\/div>\n\t<\/div>\n<\/div><\/div><\/div><div class=\"wpb_column vc_column_container vc_col-sm-4\"><div class=\"vc_column-inner\"><div class=\"wpb_wrapper\">\n\t<div class=\"wpb_text_column wpb_content_element\" >\n\t\t<div class=\"wpb_wrapper\">\n\t\t\t<p style=\"text-align: center;\"><span style=\"font-size: 10pt;\"><span style=\"color: #ffffff;\"><a style=\"color: #ffffff;\" href=\"https:\/\/unisinucartagena.edu.co\/en\/proyeccion-social-clinica-virtual-universitaria\/\">\u00a0 \u00a0 \u00a0SOCIAL PROJECTION \u00a0 \u00a0 \u00a0 \u00a0 \u00a0 \u00a0<\/a><\/span><\/span><span style=\"font-size: 10pt;\"><span style=\"color: #ffffff;\"><a style=\"color: #ffffff;\" href=\"https:\/\/unisinucartagena.edu.co\/en\/aliados-clinica-virtual-universitaria\/\">ALLIES<\/a><a style=\"color: #ffffff;\" href=\"https:\/\/unisinucartagena.edu.co\/en\/contactanos-clinica-virtual-universitaria\/\">\u00a0 \u00a0 \u00a0 \u00a0 \u00a0 \u00a0 \u00a0 CONTACT US<\/a><\/span><\/span><\/p>\n\n\t\t<\/div>\n\t<\/div>\n<\/div><\/div><\/div><\/div>\n\t\t\t<!-- START Cl\u00ednica Universitaria REVOLUTION SLIDER 6.7.0 --><p class=\"rs-p-wp-fix\"><\/p>\n\t\t\t<rs-module-wrap id=\"rev_slider_32_1_wrapper\" data-source=\"gallery\" style=\"visibility:hidden;background:transparent;padding:0;margin:0px auto;margin-top:0;margin-bottom:0;\">\n\t\t\t\t<rs-module id=\"rev_slider_32_1\" style=\"\" data-version=\"6.7.0\">\n\t\t\t\t\t<rs-slides style=\"overflow: hidden; position: absolute;\">\n\t\t\t\t\t\t<rs-slide style=\"position: absolute;\" data-key=\"rs-138\" data-title=\"Slide\" data-thumb=\"\/\/unisinucartagena.edu.co\/wp-content\/uploads\/2020\/08\/banner-CVO_Mesa-de-trabajo-1-copia-1-100x50.jpg\" data-anim=\"adpr:false;ms:600;\" data-in=\"o:0;\" data-out=\"a:false;\">\n\t\t\t\t\t\t\t<img data-recalc-dims=\"1\" fetchpriority=\"high\" decoding=\"async\" src=\"https:\/\/i0.wp.com\/unisinucartagena.edu.co\/wp-content\/plugins\/revslider\/sr6\/assets\/assets\/dummy.png?resize=640%2C209\" alt=\"\" title=\"banner CVO_Work table 1 copy (1)\" width=\"640\" height=\"209\" class=\"rev-slidebg tp-rs-img rs-lazyload\" data-lazyload=\"\/\/unisinucartagena.edu.co\/wp-content\/uploads\/2020\/08\/banner-CVO_Mesa-de-trabajo-1-copia-1.jpg\" data-parallax=\"off\" data-no-retina>\n<!---->\t\t\t\t\t<\/rs-slide>\n\t\t\t\t\t\t<rs-slide style=\"position: absolute;\" data-key=\"rs-301\" data-title=\"Slide\" data-thumb=\"\/\/unisinucartagena.edu.co\/wp-content\/uploads\/2021\/12\/banner-OPTICA_Mesa-de-trabajo-1-100x50.png\" data-anim=\"adpr:false;ms:600;\" data-in=\"o:0;\" data-out=\"a:false;\">\n\t\t\t\t\t\t\t<img data-recalc-dims=\"1\" decoding=\"async\" src=\"https:\/\/i0.wp.com\/unisinucartagena.edu.co\/wp-content\/plugins\/revslider\/sr6\/assets\/assets\/dummy.png?resize=640%2C209\" alt=\"\" title=\"banner OPTICA_Work table 1\" width=\"640\" height=\"209\" class=\"rev-slidebg tp-rs-img rs-lazyload\" data-lazyload=\"\/\/unisinucartagena.edu.co\/wp-content\/uploads\/2021\/12\/banner-OPTICA_Mesa-de-trabajo-1.png\" data-parallax=\"off\" data-no-retina>\n<!--\n\t\t\t\t\t\t\t--><a\n\t\t\t\t\t\t\t\tid=\"slider-32-slide-301-layer-0\" \n\t\t\t\t\t\t\t\tclass=\"rs-layer rev-btn rev-hiddenicon\"\n\t\t\t\t\t\t\t\thref=\"https:\/\/opticav.biinyugames.com\/\" target=\"_blank\" rel=\"noopener\"\n\t\t\t\t\t\t\t\tdata-type=\"button\"\n\t\t\t\t\t\t\t\tdata-color=\"rgba(255,255,255,1)\"\n\t\t\t\t\t\t\t\tdata-xy=\"xo:1003px,1227px,407px,1787px;y:t,t,t,m;yo:449px,390px,538px,186px;\"\n\t\t\t\t\t\t\t\tdata-text=\"s:47,27,27,37;l:60,15,15,44;ls:1px;fw:900,900,900,700;a:inherit;\"\n\t\t\t\t\t\t\t\tdata-padding=\"t:12;r:35;b:12;l:35;\"\n\t\t\t\t\t\t\t\tdata-border=\"bor:30px,30px,30px,30px;\"\n\t\t\t\t\t\t\t\tdata-frame_0=\"x:175%;o:1;\"\n\t\t\t\t\t\t\t\tdata-frame_0_mask=\"u:t;x:-100%;\"\n\t\t\t\t\t\t\t\tdata-frame_1=\"e:power3.out;st:9.8956298828125;sp:1500;sR:9.8956298828125;\"\n\t\t\t\t\t\t\t\tdata-frame_1_mask=\"u:t;\"\n\t\t\t\t\t\t\t\tdata-frame_999=\"e:power4.inOut;st:w;sp:2000;sR:7490.1049804688;\"\n\t\t\t\t\t\t\t\tdata-frame_hover=\"c:#000;bgc:#fff;boc:#000;bor:30px,30px,30px,30px;bos:solid;oX:50;oY:50;sp:0;\"\n\t\t\t\t\t\t\t\tstyle=\"z-index:9;background-color:rgba(219,0,0,0.92);font-family:'Roboto';cursor:pointer;outline:none;box-shadow:none;box-sizing:border-box;-moz-box-sizing:border-box;-webkit-box-sizing:border-box;text-transform:uppercase;\"\n\t\t\t\t\t\t\t>CLICK HERE<i class=\"fa-chevron-right\"><\/i> \n\t\t\t\t\t\t\t<\/a><!--\n\n\t\t\t\t\t\t\t--><a\n\t\t\t\t\t\t\t\tid=\"slider-32-slide-301-layer-2\" \n\t\t\t\t\t\t\t\tclass=\"rs-layer rev-btn rev-hiddenicon\"\n\t\t\t\t\t\t\t\thref=\"https:\/\/portalcita.biinyugames.com\/\" target=\"_blank\" rel=\"noopener\"\n\t\t\t\t\t\t\t\tdata-type=\"button\"\n\t\t\t\t\t\t\t\tdata-color=\"rgba(255,255,255,1)\"\n\t\t\t\t\t\t\t\tdata-xy=\"xo:190px,1227px,407px,1787px;y:t,t,t,m;yo:448px,390px,538px,186px;\"\n\t\t\t\t\t\t\t\tdata-text=\"s:47,27,27,37;l:60,15,15,44;ls:1px;fw:900,900,900,700;a:inherit;\"\n\t\t\t\t\t\t\t\tdata-padding=\"t:12;r:35;b:12;l:35;\"\n\t\t\t\t\t\t\t\tdata-border=\"bor:30px,30px,30px,30px;\"\n\t\t\t\t\t\t\t\tdata-frame_0=\"x:175%;o:1;\"\n\t\t\t\t\t\t\t\tdata-frame_0_mask=\"u:t;x:-100%;\"\n\t\t\t\t\t\t\t\tdata-frame_1=\"e:power3.out;st:9.8956298828125;sp:1500;sR:9.8956298828125;\"\n\t\t\t\t\t\t\t\tdata-frame_1_mask=\"u:t;\"\n\t\t\t\t\t\t\t\tdata-frame_999=\"e:power4.inOut;st:w;sp:2000;sR:7490.1049804688;\"\n\t\t\t\t\t\t\t\tdata-frame_hover=\"c:#000;bgc:#fff;boc:#000;bor:30px,30px,30px,30px;bos:solid;oX:50;oY:50;sp:0;\"\n\t\t\t\t\t\t\t\tstyle=\"z-index:8;background-color:rgba(219,0,0,0.92);font-family:'Roboto';cursor:pointer;outline:none;box-shadow:none;box-sizing:border-box;-moz-box-sizing:border-box;-webkit-box-sizing:border-box;text-transform:uppercase;\"\n\t\t\t\t\t\t\t>CLICK HERE<i class=\"fa-chevron-right\"><\/i> \n\t\t\t\t\t\t\t<\/a><!--\n-->\t\t\t\t\t<\/rs-slide>\n\t\t\t\t\t\t<rs-slide style=\"position: absolute;\" data-key=\"rs-148\" data-title=\"Slide\" data-thumb=\"\/\/unisinucartagena.edu.co\/wp-content\/uploads\/2020\/09\/banner-CVO_Mesa-de-trabajo-1-copia-1-100x50.png\" data-anim=\"adpr:false;ms:600;\" data-in=\"o:0;\" data-out=\"a:false;\">\n\t\t\t\t\t\t\t<img data-recalc-dims=\"1\" decoding=\"async\" src=\"https:\/\/i0.wp.com\/unisinucartagena.edu.co\/wp-content\/plugins\/revslider\/sr6\/assets\/assets\/dummy.png?resize=640%2C209\" alt=\"\" title=\"banner-CVO_Mesa-de-work-1-copy-(1)\" width=\"640\" height=\"209\" class=\"rev-slidebg tp-rs-img rs-lazyload\" data-lazyload=\"\/\/unisinucartagena.edu.co\/wp-content\/uploads\/2020\/09\/banner-CVO_Mesa-de-trabajo-1-copia-1.png\" data-parallax=\"off\" data-no-retina>\n<!--\n\t\t\t\t\t\t\t--><a\n\t\t\t\t\t\t\t\tid=\"slider-32-slide-148-layer-2\" \n\t\t\t\t\t\t\t\tclass=\"rs-layer rev-btn rev-hiddenicon\"\n\t\t\t\t\t\t\t\thref=\"\" target=\"_blank\" rel=\"noopener\"\n\t\t\t\t\t\t\t\tdata-type=\"button\"\n\t\t\t\t\t\t\t\tdata-color=\"rgba(255,255,255,1)\"\n\t\t\t\t\t\t\t\tdata-xy=\"xo:1394px,1227px,407px,1787px;y:t,t,t,m;yo:367px,390px,538px,186px;\"\n\t\t\t\t\t\t\t\tdata-text=\"s:47,27,27,37;l:60,15,15,44;ls:1px;fw:900,900,900,700;a:inherit;\"\n\t\t\t\t\t\t\t\tdata-padding=\"t:12;r:35;b:12;l:35;\"\n\t\t\t\t\t\t\t\tdata-border=\"bor:30px,30px,30px,30px;\"\n\t\t\t\t\t\t\t\tdata-frame_0=\"x:175%;o:1;\"\n\t\t\t\t\t\t\t\tdata-frame_0_mask=\"u:t;x:-100%;\"\n\t\t\t\t\t\t\t\tdata-frame_1=\"e:power3.out;st:9.8956298828125;sp:1500;sR:9.8956298828125;\"\n\t\t\t\t\t\t\t\tdata-frame_1_mask=\"u:t;\"\n\t\t\t\t\t\t\t\tdata-frame_999=\"e:power4.inOut;st:w;sp:2000;sR:7490.1049804688;\"\n\t\t\t\t\t\t\t\tdata-frame_hover=\"c:#000;bgc:#fff;boc:#000;bor:30px,30px,30px,30px;bos:solid;oX:50;oY:50;sp:0;\"\n\t\t\t\t\t\t\t\tstyle=\"z-index:5;background-color:rgba(219,0,0,0.92);font-family:'Roboto';cursor:pointer;outline:none;box-shadow:none;box-sizing:border-box;-moz-box-sizing:border-box;-webkit-box-sizing:border-box;text-transform:uppercase;\"\n\t\t\t\t\t\t\t>CLICK HERE<i class=\"fa-chevron-right\"><\/i> \n\t\t\t\t\t\t\t<\/a><!--\n-->\t\t\t\t\t<\/rs-slide>\n\t\t\t\t\t\t<rs-slide style=\"position: absolute;\" data-key=\"rs-139\" data-title=\"Slide\" data-thumb=\"\/\/unisinucartagena.edu.co\/wp-content\/uploads\/2020\/08\/banner-CVO-01-02-scaled-100x50.jpg\" data-anim=\"ms:600;r:0;\" data-in=\"o:0;\" data-out=\"a:false;\">\n\t\t\t\t\t\t\t<img data-recalc-dims=\"1\" loading=\"lazy\" decoding=\"async\" src=\"https:\/\/i0.wp.com\/unisinucartagena.edu.co\/wp-content\/plugins\/revslider\/sr6\/assets\/assets\/dummy.png?resize=640%2C209\" alt=\"\" title=\"banner CVO-01-02\" width=\"640\" height=\"209\" class=\"rev-slidebg tp-rs-img rs-lazyload\" data-lazyload=\"\/\/unisinucartagena.edu.co\/wp-content\/uploads\/2020\/08\/banner-CVO-01-02-scaled.jpg\" data-parallax=\"off\" data-no-retina>\n<!--\n\t\t\t\t\t\t\t--><a\n\t\t\t\t\t\t\t\tid=\"slider-32-slide-139-layer-2\" \n\t\t\t\t\t\t\t\tclass=\"rs-layer rev-btn rev-hiddenicon\"\n\t\t\t\t\t\t\t\thref=\"https:\/\/drive.google.com\/file\/d\/136RkGsVn6YBMa0ncqKITSnpVC-j6O9Es\/view\" target=\"_blank\" rel=\"noopener\"\n\t\t\t\t\t\t\t\tdata-type=\"button\"\n\t\t\t\t\t\t\t\tdata-color=\"rgba(255,255,255,1)\"\n\t\t\t\t\t\t\t\tdata-xy=\"xo:129px,1227px,407px,1787px;y:t,t,t,m;yo:388px,390px,538px,186px;\"\n\t\t\t\t\t\t\t\tdata-text=\"s:47,27,27,37;l:60,15,15,44;ls:1px;fw:900,900,900,700;a:inherit;\"\n\t\t\t\t\t\t\t\tdata-padding=\"t:12;r:35;b:12;l:35;\"\n\t\t\t\t\t\t\t\tdata-border=\"bor:30px,30px,30px,30px;\"\n\t\t\t\t\t\t\t\tdata-frame_0=\"x:175%;o:1;tp:600;\"\n\t\t\t\t\t\t\t\tdata-frame_0_mask=\"u:t;x:-100%;\"\n\t\t\t\t\t\t\t\tdata-frame_1=\"tp:600;e:power3.out;st:9.8956298828125;sp:1500;sR:9.8956298828125;\"\n\t\t\t\t\t\t\t\tdata-frame_1_mask=\"u:t;\"\n\t\t\t\t\t\t\t\tdata-frame_999=\"tp:600;e:power4.inOut;st:w;sp:2000;sR:7490.1049804688;\"\n\t\t\t\t\t\t\t\tdata-frame_hover=\"c:#000;bgc:#fff;boc:#000;bor:30px,30px,30px,30px;bos:solid;oX:50;oY:50;sp:0;\"\n\t\t\t\t\t\t\t\tstyle=\"z-index:5;background-color:rgba(219,0,0,0.92);font-family:'Roboto';cursor:pointer;outline:none;box-shadow:none;box-sizing:border-box;-moz-box-sizing:border-box;-webkit-box-sizing:border-box;text-transform:uppercase;\"\n\t\t\t\t\t\t\t>CLICK HERE<i class=\"fa-chevron-right\"><\/i> \n\t\t\t\t\t\t\t<\/a><!--\n-->\t\t\t\t\t<\/rs-slide>\n\t\t\t\t\t<\/rs-slides>\n\t\t\t\t<\/rs-module>\n\t\t\t\t<script>\n\t\t\t\t\tsetREVStartSize({c: 'rev_slider_32_1',rl:[1240,1024,778,480],el:[600,600,960,1100],gw:[1900,1900,778,2500],gh:[600,600,960,1100],type:'standard',justify:'',layout:'fullwidth',mh:\"0\"});if (window.RS_MODULES!==undefined && window.RS_MODULES.modules!==undefined && window.RS_MODULES.modules[\"revslider321\"]!==undefined) {window.RS_MODULES.modules[\"revslider321\"].once = false;window.revapi32 = undefined;if (window.RS_MODULES.checkMinimal!==undefined) window.RS_MODULES.checkMinimal()}\n\t\t\t\t<\/script>\n\t\t\t<\/rs-module-wrap>\n\t\t\t<!-- END REVOLUTION SLIDER -->\n<\/div><\/div><\/div><\/div><div class=\"vc_row-full-width vc_clearfix\"><\/div><div class=\"vc_row wpb_row vc_row-fluid\"><div class=\"wpb_column vc_column_container vc_col-sm-6\"><div class=\"vc_column-inner\"><div class=\"wpb_wrapper\"><div class=\"vc_row wpb_row vc_inner vc_row-fluid\"><div class=\"wpb_column vc_column_container vc_col-sm-12\"><div class=\"vc_column-inner\"><div class=\"wpb_wrapper\">\n\t<div class=\"wpb_text_column wpb_content_element  wpb_animate_when_almost_visible wpb_fadeInLeftBig fadeInLeftBig\" >\n\t\t<div class=\"wpb_wrapper\">\n\t\t\t<p style=\"text-align: center;\"><span style=\"font-size: 24pt; color: #000000;\"><strong><span style=\"font-family: 'Trebuchet MS', Geneva;\">ABOUT US<\/span><\/strong><\/span><\/p>\n\n\t\t<\/div>\n\t<\/div>\n\n\t<div class=\"wpb_text_column wpb_content_element  wpb_animate_when_almost_visible wpb_fadeInLeftBig fadeInLeftBig\" >\n\t\t<div class=\"wpb_wrapper\">\n\t\t\t<p style=\"text-align: justify;\">The University of Sin\u00fa El\u00edas Bechara Zain\u00fam is a higher education institution, founded in 1974, of a private nature, of non-profit common use, which has legal status through resolution No. 4973 of December 2004, issued by the Ministry of Education National.<\/p>\n<p style=\"text-align: justify;\">The Virtual Clinic of Optometry - CVO is a support center for comprehensive training in competencies based on teleoptometry and social service attached to the Faculty of Health Sciences.<\/p>\n\n\t\t<\/div>\n\t<\/div>\n<\/div><\/div><\/div><\/div><\/div><\/div><\/div><div class=\"wpb_column vc_column_container vc_col-sm-6\"><div class=\"vc_column-inner\"><div class=\"wpb_wrapper\">\n\t<div  class=\"wpb_single_image wpb_content_element vc_align_left  wpb_animate_when_almost_visible wpb_fadeInLeftBig fadeInLeftBig\">\n\t\t\n\t\t<figure class=\"wpb_wrapper vc_figure\">\n\t\t\t<div class=\"vc_single_image-wrapper   vc_box_border_grey\"><img data-recalc-dims=\"1\" loading=\"lazy\" decoding=\"async\" width=\"640\" height=\"418\" src=\"https:\/\/i0.wp.com\/unisinucartagena.edu.co\/wp-content\/uploads\/2019\/11\/04-01-scaled.png?resize=640%2C418&#038;ssl=1\" class=\"vc_single_image-img attachment-full\" alt=\"\" title=\"04-01\" srcset=\"https:\/\/i0.wp.com\/unisinucartagena.edu.co\/wp-content\/uploads\/2019\/11\/04-01-scaled.png?w=2560&amp;ssl=1 2560w, https:\/\/i0.wp.com\/unisinucartagena.edu.co\/wp-content\/uploads\/2019\/11\/04-01-scaled.png?resize=300%2C196&amp;ssl=1 300w, https:\/\/i0.wp.com\/unisinucartagena.edu.co\/wp-content\/uploads\/2019\/11\/04-01-scaled.png?resize=1024%2C669&amp;ssl=1 1024w, https:\/\/i0.wp.com\/unisinucartagena.edu.co\/wp-content\/uploads\/2019\/11\/04-01-scaled.png?resize=768%2C502&amp;ssl=1 768w, https:\/\/i0.wp.com\/unisinucartagena.edu.co\/wp-content\/uploads\/2019\/11\/04-01-scaled.png?resize=1536%2C1004&amp;ssl=1 1536w, https:\/\/i0.wp.com\/unisinucartagena.edu.co\/wp-content\/uploads\/2019\/11\/04-01-scaled.png?resize=2048%2C1339&amp;ssl=1 2048w, https:\/\/i0.wp.com\/unisinucartagena.edu.co\/wp-content\/uploads\/2019\/11\/04-01-scaled.png?w=1280&amp;ssl=1 1280w, https:\/\/i0.wp.com\/unisinucartagena.edu.co\/wp-content\/uploads\/2019\/11\/04-01-scaled.png?w=1920&amp;ssl=1 1920w\" sizes=\"(max-width: 640px) 100vw, 640px\" \/><\/div>\n\t\t<\/figure>\n\t<\/div>\n<\/div><\/div><\/div><\/div><div class=\"vc_row wpb_row vc_row-fluid\"><div class=\"wpb_column vc_column_container vc_col-sm-6\"><div class=\"vc_column-inner\"><div class=\"wpb_wrapper\">\n\t<div  class=\"wpb_single_image wpb_content_element vc_align_left  wpb_animate_when_almost_visible wpb_fadeInRightBig fadeInRightBig\">\n\t\t\n\t\t<figure class=\"wpb_wrapper vc_figure\">\n\t\t\t<div class=\"vc_single_image-wrapper   vc_box_border_grey\"><img data-recalc-dims=\"1\" loading=\"lazy\" decoding=\"async\" width=\"640\" height=\"418\" src=\"https:\/\/i0.wp.com\/unisinucartagena.edu.co\/wp-content\/uploads\/2019\/11\/33-02-scaled.png?resize=640%2C418&#038;ssl=1\" class=\"vc_single_image-img attachment-full\" alt=\"\" title=\"33-02\" srcset=\"https:\/\/i0.wp.com\/unisinucartagena.edu.co\/wp-content\/uploads\/2019\/11\/33-02-scaled.png?w=2560&amp;ssl=1 2560w, https:\/\/i0.wp.com\/unisinucartagena.edu.co\/wp-content\/uploads\/2019\/11\/33-02-scaled.png?resize=300%2C196&amp;ssl=1 300w, https:\/\/i0.wp.com\/unisinucartagena.edu.co\/wp-content\/uploads\/2019\/11\/33-02-scaled.png?resize=1024%2C669&amp;ssl=1 1024w, https:\/\/i0.wp.com\/unisinucartagena.edu.co\/wp-content\/uploads\/2019\/11\/33-02-scaled.png?resize=768%2C502&amp;ssl=1 768w, https:\/\/i0.wp.com\/unisinucartagena.edu.co\/wp-content\/uploads\/2019\/11\/33-02-scaled.png?resize=1536%2C1004&amp;ssl=1 1536w, https:\/\/i0.wp.com\/unisinucartagena.edu.co\/wp-content\/uploads\/2019\/11\/33-02-scaled.png?resize=2048%2C1339&amp;ssl=1 2048w, https:\/\/i0.wp.com\/unisinucartagena.edu.co\/wp-content\/uploads\/2019\/11\/33-02-scaled.png?w=1280&amp;ssl=1 1280w, https:\/\/i0.wp.com\/unisinucartagena.edu.co\/wp-content\/uploads\/2019\/11\/33-02-scaled.png?w=1920&amp;ssl=1 1920w\" sizes=\"(max-width: 640px) 100vw, 640px\" \/><\/div>\n\t\t<\/figure>\n\t<\/div>\n<\/div><\/div><\/div><div class=\"wpb_column vc_column_container vc_col-sm-6\"><div class=\"vc_column-inner\"><div class=\"wpb_wrapper\"><div class=\"vc_row wpb_row vc_inner vc_row-fluid\"><div class=\"wpb_column vc_column_container vc_col-sm-12\"><div class=\"vc_column-inner\"><div class=\"wpb_wrapper\">\n\t<div class=\"wpb_text_column wpb_content_element  wpb_animate_when_almost_visible wpb_fadeInRightBig fadeInRightBig\" >\n\t\t<div class=\"wpb_wrapper\">\n\t\t\t<p style=\"text-align: center;\"><span style=\"font-size: 24pt; color: #000000;\"><strong><span style=\"font-family: 'Trebuchet MS', Geneva;\">MISSION<\/span><\/strong><\/span><\/p>\n\n\t\t<\/div>\n\t<\/div>\n\n\t<div class=\"wpb_text_column wpb_content_element  wpb_animate_when_almost_visible wpb_fadeInRightBig fadeInRightBig\" >\n\t\t<div class=\"wpb_wrapper\">\n\t\t\t<p style=\"text-align: justify;\">Contribute to the duty of the Universidad del Sin\u00fa \u2013 El\u00edas Bechara Zain\u00fam to seek the integral formation of the person, through the generation of competencies in optometry that actively contribute to the integral formation through innovation in education, in order to generate an impact in the student and become a lifestyle for him and his teachers with a global approach and social benefit.<\/p>\n\n\t\t<\/div>\n\t<\/div>\n<\/div><\/div><\/div><\/div><\/div><\/div><\/div><\/div><div class=\"vc_row wpb_row vc_row-fluid\"><div class=\"wpb_column vc_column_container vc_col-sm-6\"><div class=\"vc_column-inner\"><div class=\"wpb_wrapper\">\n\t<div class=\"wpb_text_column wpb_content_element  wpb_animate_when_almost_visible wpb_fadeInLeftBig fadeInLeftBig\" >\n\t\t<div class=\"wpb_wrapper\">\n\t\t\t<p style=\"text-align: center;\"><span style=\"font-size: 24pt; color: #000000;\"><strong><span style=\"font-family: 'Trebuchet MS', Geneva;\">VISION<\/span><\/strong><\/span><\/p>\n\n\t\t<\/div>\n\t<\/div>\n\n\t<div class=\"wpb_text_column wpb_content_element  wpb_animate_when_almost_visible wpb_fadeInLeftBig fadeInLeftBig\" >\n\t\t<div class=\"wpb_wrapper\">\n\t\t\t<p style=\"text-align: justify;\">We will be a support center for the training of human resources in optometry, contributing to the training of students, as well as the national and international recognition of the University, with a clear sense of<strong>\u00a0<\/strong>belonging and commitment to the comprehensive development of the region and the country under a global approach, providing appropriate management of the use of technology and knowledge as part of the training of professionals in the health area, with projection to the environment<strong>\u00a0<\/strong>Social.<\/p>\n\n\t\t<\/div>\n\t<\/div>\n<\/div><\/div><\/div><div class=\"wpb_column vc_column_container vc_col-sm-6\"><div class=\"vc_column-inner\"><div class=\"wpb_wrapper\"><div class=\"vc_row wpb_row vc_inner vc_row-fluid\"><div class=\"wpb_column vc_column_container vc_col-sm-12\"><div class=\"vc_column-inner\"><div class=\"wpb_wrapper\">\n\t<div  class=\"wpb_single_image wpb_content_element vc_align_left  wpb_animate_when_almost_visible wpb_fadeInRightBig fadeInRightBig\">\n\t\t\n\t\t<figure class=\"wpb_wrapper vc_figure\">\n\t\t\t<div class=\"vc_single_image-wrapper   vc_box_border_grey\"><img data-recalc-dims=\"1\" loading=\"lazy\" decoding=\"async\" width=\"640\" height=\"418\" src=\"https:\/\/i0.wp.com\/unisinucartagena.edu.co\/wp-content\/uploads\/2019\/11\/DSC_0433-01-scaled.png?resize=640%2C418&#038;ssl=1\" class=\"vc_single_image-img attachment-full\" alt=\"\" title=\"DSC_0433-01\" srcset=\"https:\/\/i0.wp.com\/unisinucartagena.edu.co\/wp-content\/uploads\/2019\/11\/DSC_0433-01-scaled.png?w=2560&amp;ssl=1 2560w, https:\/\/i0.wp.com\/unisinucartagena.edu.co\/wp-content\/uploads\/2019\/11\/DSC_0433-01-scaled.png?resize=300%2C196&amp;ssl=1 300w, https:\/\/i0.wp.com\/unisinucartagena.edu.co\/wp-content\/uploads\/2019\/11\/DSC_0433-01-scaled.png?resize=1024%2C669&amp;ssl=1 1024w, https:\/\/i0.wp.com\/unisinucartagena.edu.co\/wp-content\/uploads\/2019\/11\/DSC_0433-01-scaled.png?resize=768%2C502&amp;ssl=1 768w, https:\/\/i0.wp.com\/unisinucartagena.edu.co\/wp-content\/uploads\/2019\/11\/DSC_0433-01-scaled.png?resize=1536%2C1004&amp;ssl=1 1536w, https:\/\/i0.wp.com\/unisinucartagena.edu.co\/wp-content\/uploads\/2019\/11\/DSC_0433-01-scaled.png?resize=2048%2C1339&amp;ssl=1 2048w, https:\/\/i0.wp.com\/unisinucartagena.edu.co\/wp-content\/uploads\/2019\/11\/DSC_0433-01-scaled.png?w=1280&amp;ssl=1 1280w, https:\/\/i0.wp.com\/unisinucartagena.edu.co\/wp-content\/uploads\/2019\/11\/DSC_0433-01-scaled.png?w=1920&amp;ssl=1 1920w\" sizes=\"(max-width: 640px) 100vw, 640px\" \/><\/div>\n\t\t<\/figure>\n\t<\/div>\n<\/div><\/div><\/div><\/div><\/div><\/div><\/div><\/div>","protected":false},"excerpt":{"rendered":"\u00a0 \u00a0 \u00a0INSTITUTIONAL VIRTUAL CLINIC STAFF SERVICES DEPARTMENTS RESEARCH SOCIAL PROJECTION \u2026","protected":false},"author":1,"featured_media":0,"parent":0,"menu_order":0,"comment_status":"closed","ping_status":"open","template":"page-templates\/homepage.php","meta":{"_acf_changed":false,"_bbp_topic_count":0,"_bbp_reply_count":0,"_bbp_total_topic_count":0,"_bbp_total_reply_count":0,"_bbp_voice_count":0,"_bbp_anonymous_reply_count":0,"_bbp_topic_count_hidden":0,"_bbp_reply_count_hidden":0,"_bbp_forum_subforum_count":0,"_monsterinsights_skip_tracking":false,"_monsterinsights_sitenote_active":false,"_monsterinsights_sitenote_note":"","_monsterinsights_sitenote_category":0,"footnotes":""},"class_list":["post-45494","page","type-page","status-publish","hentry"],"acf":[],"aioseo_notices":[],"_links":{"self":[{"href":"https:\/\/unisinucartagena.edu.co\/en\/wp-json\/wp\/v2\/pages\/45494","targetHints":{"allow":["GET"]}}],"collection":[{"href":"https:\/\/unisinucartagena.edu.co\/en\/wp-json\/wp\/v2\/pages"}],"about":[{"href":"https:\/\/unisinucartagena.edu.co\/en\/wp-json\/wp\/v2\/types\/page"}],"author":[{"embeddable":true,"href":"https:\/\/unisinucartagena.edu.co\/en\/wp-json\/wp\/v2\/users\/1"}],"replies":[{"embeddable":true,"href":"https:\/\/unisinucartagena.edu.co\/en\/wp-json\/wp\/v2\/comments?post=45494"}],"version-history":[{"count":10,"href":"https:\/\/unisinucartagena.edu.co\/en\/wp-json\/wp\/v2\/pages\/45494\/revisions"}],"predecessor-version":[{"id":45606,"href":"https:\/\/unisinucartagena.edu.co\/en\/wp-json\/wp\/v2\/pages\/45494\/revisions\/45606"}],"wp:attachment":[{"href":"https:\/\/unisinucartagena.edu.co\/en\/wp-json\/wp\/v2\/media?parent=45494"}],"curies":[{"name":"wp","href":"https:\/\/api.w.org\/{rel}","templated":true}]}}