{"id":45289,"date":"2020-08-12T09:06:28","date_gmt":"2020-08-12T14:06:28","guid":{"rendered":"https:\/\/www.unisinucartagena.edu.co\/?page_id=45289"},"modified":"2025-10-14T11:39:06","modified_gmt":"2025-10-14T16:39:06","slug":"procedimiento-legalizacion-de-matriculas-con-financiacion-externa","status":"publish","type":"page","link":"https:\/\/unisinucartagena.edu.co\/en\/procedimiento-legalizacion-de-matriculas-con-financiacion-externa\/","title":{"rendered":"Procedimiento Legalizaci\u00f3n de matr\u00edculas con financiaci\u00f3n externa"},"content":{"rendered":"<div class=\"vc_row wpb_row vc_row-fluid\"><div class=\"wpb_column vc_column_container vc_col-sm-12\"><div class=\"vc_column-inner\"><div class=\"wpb_wrapper\"><div class=\"vc_empty_space\"   style=\"height: 20px\"><span class=\"vc_empty_space_inner\"><\/span><\/div>\n\t<div class=\"wpb_text_column wpb_content_element\" >\n\t\t<div class=\"wpb_wrapper\">\n\t\t\t<p style=\"text-align: center;\"><span style=\"font-size: 24pt; color: #e00000;\"><strong>Dear Unisinuan Student<\/strong><\/span><\/p>\n\n\t\t<\/div>\n\t<\/div>\n\n\t<div class=\"wpb_text_column wpb_content_element\" >\n\t\t<div class=\"wpb_wrapper\">\n\t\t\t<p>La Universidad del Sin\u00fa El\u00edas Bechara Zain\u00fam seccional Cartagena, en procura del bienestar de la comunidad estudiantil y personal administrativo, ha dispuesto el siguiente procedimiento de legalizaci\u00f3n de matr\u00edculas con otras entidades.<\/p>\n<p>&nbsp;<\/p>\n<p>El estudiante o padre de familia podr\u00e1 solicitar un cr\u00e9dito en cualquier entidad financiera por cualquier monto, siempre y cuando el desembolso se realice mediante cheque de gerencia a nombre de la universidad o desembolso directo al titular del cr\u00e9dito. En este caso s\u00f3lo debe realizar el pago de la matr\u00edcula depositando el cheque en Banco de Occidente o Bancolombia con el volante de matr\u00edcula del estudiante.<\/p>\n\n\t\t<\/div>\n\t<\/div>\n<\/div><\/div><\/div><\/div><div class=\"vc_row wpb_row vc_row-fluid\"><div class=\"wpb_column vc_column_container vc_col-sm-12\"><div class=\"vc_column-inner\"><div class=\"wpb_wrapper\">\n\t<div class=\"wpb_text_column wpb_content_element\" >\n\t\t<div class=\"wpb_wrapper\">\n\t\t\t<p style=\"text-align: center;\"><strong><span style=\"color: #ff0000; font-size: 24pt;\">For disbursements of educational credit through electronic transfers, the procedure is as follows: <\/span><\/strong><\/p>\n\n\t\t<\/div>\n\t<\/div>\n\n\t<div class=\"wpb_text_column wpb_content_element\" >\n\t\t<div class=\"wpb_wrapper\">\n\t\t\t<ol>\n<li>El titular tramita el cr\u00e9dito ante Sufi o Serfinanza. Si el cr\u00e9dito aprobado cubre el 100% del valor facturado, el estudiante env\u00eda la notificaci\u00f3n al correo <span style=\"color: #ff0000;\"><a style=\"color: #ff0000;\" href=\"mailto:gestioncreditos@unisinucartagena.edu.co\"><strong>gestioncreditos@unisinucartagena.edu.co<\/strong><\/a><\/span> indicating the type of credit and the complete data of the student.<\/li>\n<\/ol>\n<p><strong>If the approved value is less than 100% of the invoiced value<\/strong><\/p>\n<p>1. The student updates his data and that of his joint and several debtor in the following link<span style=\"color: #ff0000;\"> <strong><a style=\"color: #ff0000;\" href=\"https:\/\/forms.gle\/gvK1vSM8XyiHrVhs8\">Click here<\/a><\/strong><\/span><\/p>\n<p>If you are going to change the joint and several debtor, you must notify the email in advance <a href=\"mailto:gestioncreditos@unisinucartagena.edu.co\"><span style=\"color: #ff0000;\"><strong>gestioncreditos@unisinucartagena.edu.co<\/strong><\/span><\/a> to request an appointment for the signing of internal guarantees.<\/p>\n<p>2.Send the renewal application to the mail <a href=\"mailto:gestioncreditos@unisinucartagena.edu.co\"><strong><span style=\"color: #ff0000;\">gestioncreditos@unisinucartagena.edu.co<\/span><\/strong><\/a> indicando tus datos personales (nombre completo, c\u00f3digo, programa, celular), tipo de cr\u00e9dito 0020 y el valor aprobado. Debes adjuntar el volante de matr\u00edcula, <span style=\"font-weight: 400;\">recibo de servicio p\u00fablico de energ\u00eda y fotocopia de la cedula del estudiante y del deudor solidario.<\/span><\/p>\n<p>&nbsp;<\/p>\n<p>The information will be validated and your request will be answered within a maximum period of 3 business days. To avoid email congestion, please submit your request only once. These types of renewals will not be accepted in emails other than the one indicated.<\/p>\n<p>&nbsp;<\/p>\n<p><span style=\"color: #ff0000;\">Of<\/span><strong><span style=\"color: #ff0000;\"> co-signer:<\/span><\/strong><\/p>\n<ul>\n<li>Photocopy of ID<\/li>\n<\/ul>\n<p><span style=\"color: #ff0000;\"><strong>Of student:<\/strong><\/span><\/p>\n<ul>\n<li>Photocopy of ID<\/li>\n<li>Updated registration flyer<\/li>\n<li>Fill out the following form <strong><span style=\"color: #ff0000;\"><a style=\"color: #ff0000;\" href=\"https:\/\/forms.gle\/gvK1vSM8XyiHrVhs8\">Click here<\/a><\/span><\/strong><\/li>\n<li>The university will be sending the appointment for the signing of the guarantees to the authorized email in a maximum of 3 business days, or the instructions for the non-face-to-face signing of guarantees, as applicable.<\/li>\n<li>Once the signature of the guarantees and the fulfillment of the requirements have been validated, you will receive in your mail the notification of the activation of the credit and the flyer for the payment of the corresponding balance.<\/li>\n<li>Adjuntar Recibo de Servicio P\u00fablico de energ\u00eda.<\/li>\n<\/ul>\n\n\t\t<\/div>\n\t<\/div>\n<\/div><\/div><\/div><\/div><div data-vc-full-width=\"true\" data-vc-full-width-init=\"false\" class=\"vc_row wpb_row vc_row-fluid vc_custom_1607527986048 vc_row-has-fill\"><div class=\"wpb_column vc_column_container vc_col-sm-8\"><div class=\"vc_column-inner\"><div class=\"wpb_wrapper\">\n\t<div class=\"wpb_text_column wpb_content_element\" >\n\t\t<div class=\"wpb_wrapper\">\n\t\t\t<p><span style=\"color: #ff0000;\"><strong>PSE online payment: <\/strong><\/span>Enter through your ELYSA platform. Attach transaction support to email <a href=\"mailto:apoyoadminfinanciero@unisinucartagena.edu.co\"><span style=\"color: #ff0000;\"><strong>supportadminfinanciero@unisinucartagena.edu.co <\/strong><\/span><\/a><\/p>\n<p><span style=\"color: #ff0000;\"><strong>Face-to-face payment at a bank branch: <\/strong><\/span>In the invoice indicate the name of the bank<\/p>\n<p>If the bank registered on the invoice does not have offices in your place of residence, please inform <a href=\"mailto:apoyoadminfinanciero@unisinucartagena.edu.co\"><span style=\"color: #ff0000;\"><strong>supportadminfinanciero@unisinucartagena.edu.co <\/strong><\/span><\/a><\/p>\n\n\t\t<\/div>\n\t<\/div>\n<\/div><\/div><\/div><div class=\"wpb_column vc_column_container vc_col-sm-4\"><div class=\"vc_column-inner\"><div class=\"wpb_wrapper\">\n\t<div class=\"wpb_text_column wpb_content_element\" >\n\t\t<div class=\"wpb_wrapper\">\n\t\t\t<p style=\"text-align: center;\"><span style=\"font-size: 14pt;\"><strong>Payment options <\/strong><\/span><\/p>\n\n\t\t<\/div>\n\t<\/div>\n\n\t<div  class=\"wpb_single_image wpb_content_element vc_align_center\">\n\t\t\n\t\t<figure class=\"wpb_wrapper vc_figure\">\n\t\t\t<a href=\"https:\/\/www.pse.com.co\/persona\" target=\"_self\" class=\"vc_single_image-wrapper   vc_box_border_grey\"><img data-recalc-dims=\"1\" decoding=\"async\" width=\"150\" height=\"150\" src=\"https:\/\/i0.wp.com\/unisinucartagena.edu.co\/wp-content\/uploads\/2020\/12\/PSE.png?resize=150%2C150&#038;ssl=1\" class=\"vc_single_image-img attachment-thumbnail\" alt=\"\" title=\"PES\" srcset=\"https:\/\/i0.wp.com\/unisinucartagena.edu.co\/wp-content\/uploads\/2020\/12\/PSE.png?resize=150%2C150&amp;ssl=1 150w, https:\/\/i0.wp.com\/unisinucartagena.edu.co\/wp-content\/uploads\/2020\/12\/PSE.png?resize=300%2C300&amp;ssl=1 300w, https:\/\/i0.wp.com\/unisinucartagena.edu.co\/wp-content\/uploads\/2020\/12\/PSE.png?resize=100%2C100&amp;ssl=1 100w, https:\/\/i0.wp.com\/unisinucartagena.edu.co\/wp-content\/uploads\/2020\/12\/PSE.png?resize=50%2C50&amp;ssl=1 50w, https:\/\/i0.wp.com\/unisinucartagena.edu.co\/wp-content\/uploads\/2020\/12\/PSE.png?w=378&amp;ssl=1 378w\" sizes=\"(max-width: 150px) 100vw, 150px\" \/><\/a>\n\t\t<\/figure>\n\t<\/div>\n<\/div><\/div><\/div><\/div><div class=\"vc_row-full-width vc_clearfix\"><\/div><div class=\"vc_row wpb_row vc_row-fluid\"><div class=\"wpb_column vc_column_container vc_col-sm-3\"><div class=\"vc_column-inner\"><div class=\"wpb_wrapper\"><\/div><\/div><\/div><div class=\"wpb_column vc_column_container vc_col-sm-6\"><div class=\"vc_column-inner\"><div class=\"wpb_wrapper\"><div class=\".center\"><div class=\"thim-widget-button\"><a class=\"widget-button tiny-rounded no-border medium custom_style\" href=\"https:\/\/unisinucartagena.edu.co\/en\/alternativas-de-financiacion\/\" target=\"_blank\" style=\"font-size: 14px;font-weight: 400;border-color: #e00000;background-color: #e00000;\" data-hover=\"font-size: 14px;font-weight: 400;\"><i class=\"fas fa-dollar-sign\" style=\"font-size: 25px;\"><\/i> KNOW OUR PAYMENT ALTERNATIVES<\/a><\/div><\/div><\/div><\/div><\/div><div class=\"wpb_column vc_column_container vc_col-sm-3\"><div class=\"vc_column-inner\"><div class=\"wpb_wrapper\"><\/div><\/div><\/div><\/div>","protected":false},"excerpt":{"rendered":"Apreciado Estudiante Unisinuano La Universidad del Sin\u00fa El\u00edas Bechara Zain\u00fam seccional Cartagena, en procura del bienestar de la comunidad estudiantil y personal administrativo, ha dispuesto el siguiente procedimiento de legalizaci\u00f3n de matr\u00edculas con otras entidades. &nbsp; El estudiante o padre &hellip;","protected":false},"author":1,"featured_media":0,"parent":0,"menu_order":0,"comment_status":"closed","ping_status":"open","template":"","meta":{"_acf_changed":false,"_bbp_topic_count":0,"_bbp_reply_count":0,"_bbp_total_topic_count":0,"_bbp_total_reply_count":0,"_bbp_voice_count":0,"_bbp_anonymous_reply_count":0,"_bbp_topic_count_hidden":0,"_bbp_reply_count_hidden":0,"_bbp_forum_subforum_count":0,"_monsterinsights_skip_tracking":false,"_monsterinsights_sitenote_active":false,"_monsterinsights_sitenote_note":"","_monsterinsights_sitenote_category":0,"footnotes":""},"class_list":["post-45289","page","type-page","status-publish","hentry"],"acf":[],"aioseo_notices":[],"_links":{"self":[{"href":"https:\/\/unisinucartagena.edu.co\/en\/wp-json\/wp\/v2\/pages\/45289","targetHints":{"allow":["GET"]}}],"collection":[{"href":"https:\/\/unisinucartagena.edu.co\/en\/wp-json\/wp\/v2\/pages"}],"about":[{"href":"https:\/\/unisinucartagena.edu.co\/en\/wp-json\/wp\/v2\/types\/page"}],"author":[{"embeddable":true,"href":"https:\/\/unisinucartagena.edu.co\/en\/wp-json\/wp\/v2\/users\/1"}],"replies":[{"embeddable":true,"href":"https:\/\/unisinucartagena.edu.co\/en\/wp-json\/wp\/v2\/comments?post=45289"}],"version-history":[{"count":22,"href":"https:\/\/unisinucartagena.edu.co\/en\/wp-json\/wp\/v2\/pages\/45289\/revisions"}],"predecessor-version":[{"id":65382,"href":"https:\/\/unisinucartagena.edu.co\/en\/wp-json\/wp\/v2\/pages\/45289\/revisions\/65382"}],"wp:attachment":[{"href":"https:\/\/unisinucartagena.edu.co\/en\/wp-json\/wp\/v2\/media?parent=45289"}],"curies":[{"name":"wp","href":"https:\/\/api.w.org\/{rel}","templated":true}]}}