{"id":45138,"date":"2020-07-31T13:36:04","date_gmt":"2020-07-31T18:36:04","guid":{"rendered":"https:\/\/www.unisinucartagena.edu.co\/?page_id=45138"},"modified":"2024-09-03T11:30:37","modified_gmt":"2024-09-03T16:30:37","slug":"desarrollo-humano-bienestar","status":"publish","type":"page","link":"https:\/\/unisinucartagena.edu.co\/en\/desarrollo-humano-bienestar\/","title":{"rendered":"Human development"},"content":{"rendered":"<div data-vc-full-width=\"true\" data-vc-full-width-init=\"false\" data-vc-stretch-content=\"true\" data-vc-parallax=\"1.5\" class=\"vc_row wpb_row vc_row-fluid vc_custom_1567606023363 vc_row-has-fill vc_row-no-padding vc_general vc_parallax vc_parallax-content-moving\"><div class=\"wpb_column vc_column_container vc_col-sm-12\"><div class=\"vc_column-inner\"><div class=\"wpb_wrapper\"><div class=\"vc_row wpb_row vc_inner vc_row-fluid vc_row-o-content-middle vc_row-flex\"><div class=\"wpb_column vc_column_container vc_col-sm-4\"><div class=\"vc_column-inner\"><div class=\"wpb_wrapper\">\n\t<div class=\"wpb_text_column wpb_content_element\" >\n\t\t<div class=\"wpb_wrapper\">\n\t\t\t<p style=\"text-align: center;\"><span style=\"font-size: 10pt;\"><span style=\"color: #ffffff;\"><a style=\"color: #ffffff;\" href=\"https:\/\/unisinucartagena.edu.co\/en\/bienestar\/\">\u00a0 \u00a0 \u00a0 <\/a><\/span><span style=\"color: #ffffff;\"><a style=\"color: #ffffff;\" href=\"https:\/\/unisinucartagena.edu.co\/en\/bienestar\/\">\u00a0WELLNESS<\/a><\/span>\u00a0 \u00a0 \u00a0 \u00a0 \u00a0 \u00a0<span style=\"color: #ffffff;\"><a style=\"color: #ffffff;\" href=\"https:\/\/unisinucartagena.edu.co\/en\/bienestar-universitario\/organigrama-bienestar-universitario\/\" target=\"_blank\" rel=\"noopener noreferrer\">STRUCTURE\u00a0 \u00a0\u00a0<\/a><\/span><\/span><\/p>\n\n\t\t<\/div>\n\t<\/div>\n<\/div><\/div><\/div><div class=\"wpb_column vc_column_container vc_col-sm-4\"><div class=\"vc_column-inner\"><div class=\"wpb_wrapper\">\n\t<div class=\"wpb_text_column wpb_content_element\" >\n\t\t<div class=\"wpb_wrapper\">\n\t\t\t<p style=\"text-align: center;\"><span style=\"font-size: 10pt;\"><span style=\"color: #ffffff;\"><a style=\"color: #ffffff;\" href=\"https:\/\/unisinucartagena.edu.co\/en\/areas-de-bienestar\/\">WELLNESS AREAS<\/a><\/span>\u00a0 \u00a0 \u00a0 \u00a0 \u00a0 \u00a0<\/span><\/p>\n\n\t\t<\/div>\n\t<\/div>\n<\/div><\/div><\/div><div class=\"wpb_column vc_column_container vc_col-sm-4\"><div class=\"vc_column-inner\"><div class=\"wpb_wrapper\">\n\t<div class=\"wpb_text_column wpb_content_element\" >\n\t\t<div class=\"wpb_wrapper\">\n\t\t\t<p style=\"text-align: center;\"><span style=\"font-size: 10pt;\"><span style=\"color: #ffffff;\"><a style=\"color: #ffffff;\" href=\"https:\/\/unisinucartagena.edu.co\/en\/atencion-virtual-bienestar\/\">PSYCHOLOGICAL ADVICE<\/a><\/span>\u00a0 \u00a0 \u00a0 \u00a0 \u00a0 \u00a0 \u00a0 \u00a0 \u00a0<span style=\"color: #ffffff;\"><a style=\"color: #ffffff;\" href=\"https:\/\/unisinucartagena.edu.co\/en\/medios-de-difusion\/\" rel=\"noopener noreferrer\">BROADCAST MEDIA<\/a><\/span><\/span><\/p>\n\n\t\t<\/div>\n\t<\/div>\n<\/div><\/div><\/div><\/div>\n\t\t\t<!-- START Programa de Desarrollo Humano REVOLUTION SLIDER 6.7.0 --><p class=\"rs-p-wp-fix\"><\/p>\n\t\t\t<rs-module-wrap id=\"rev_slider_27_1_wrapper\" data-source=\"gallery\" style=\"visibility:hidden;background:transparent;padding:0;margin:0px auto;margin-top:0;margin-bottom:0;\">\n\t\t\t\t<rs-module id=\"rev_slider_27_1\" style=\"\" data-version=\"6.7.0\">\n\t\t\t\t\t<rs-slides style=\"overflow: hidden; position: absolute;\">\n\t\t\t\t\t\t<rs-slide style=\"position: absolute;\" data-key=\"rs-123\" data-title=\"Slide\" data-anim=\"adpr:false;ms:600;\" data-in=\"o:0;\" data-out=\"a:false;\">\n\t\t\t\t\t\t\t<img data-recalc-dims=\"1\" fetchpriority=\"high\" decoding=\"async\" src=\"https:\/\/i0.wp.com\/unisinucartagena.edu.co\/wp-content\/plugins\/revslider\/sr6\/assets\/assets\/dummy.png?resize=640%2C202\" alt=\"\" title=\"BANNER MICROSITIO BIENESTAR_Mesa de trabajo 1 copia\" width=\"640\" height=\"202\" class=\"rev-slidebg tp-rs-img rs-lazyload\" data-lazyload=\"\/\/unisinucartagena.edu.co\/wp-content\/uploads\/2024\/09\/BANNER-MICROSITIO-BIENESTAR_Mesa-de-trabajo-1-copia-scaled.jpg\" data-parallax=\"off\" data-no-retina>\n<!---->\t\t\t\t\t<\/rs-slide>\n\t\t\t\t\t<\/rs-slides>\n\t\t\t\t<\/rs-module>\n\t\t\t\t<script>\n\t\t\t\t\tsetREVStartSize({c: 'rev_slider_27_1',rl:[1240,1024,778,480],el:[600,600,960,1100],gw:[1900,1900,778,2500],gh:[600,600,960,1100],type:'standard',justify:'',layout:'fullwidth',mh:\"0\"});if (window.RS_MODULES!==undefined && window.RS_MODULES.modules!==undefined && window.RS_MODULES.modules[\"revslider271\"]!==undefined) {window.RS_MODULES.modules[\"revslider271\"].once = false;window.revapi27 = undefined;if (window.RS_MODULES.checkMinimal!==undefined) window.RS_MODULES.checkMinimal()}\n\t\t\t\t<\/script>\n\t\t\t<\/rs-module-wrap>\n\t\t\t<!-- END REVOLUTION SLIDER -->\n<\/div><\/div><\/div><\/div><div class=\"vc_row-full-width vc_clearfix\"><\/div><div class=\"vc_row wpb_row vc_row-fluid\"><div class=\"wpb_column vc_column_container vc_col-sm-12\"><div class=\"vc_column-inner\"><div class=\"wpb_wrapper\"><div class=\"vc_empty_space\"   style=\"height: 10px\"><span class=\"vc_empty_space_inner\"><\/span><\/div>\n\t<div class=\"wpb_text_column wpb_content_element\" >\n\t\t<div class=\"wpb_wrapper\">\n\t\t\t<p style=\"text-align: center;\"><span style=\"font-size: 14pt;\">Se propende el fortalecimiento del desarrollo integral de los miembros de la comunidad universitaria en las dimensiones psicoafectiva, social, espiritual e intelectual, contribuyendo al mejoramiento de la calidad de vida y fomentando el sentido de pertenencia con la instituci\u00f3n<\/span><\/p>\n\n\t\t<\/div>\n\t<\/div>\n\n\t<div class=\"wpb_text_column wpb_content_element\" >\n\t\t<div class=\"wpb_wrapper\">\n\t\t\t<p style=\"text-align: center;\"><span style=\"font-size: 18pt;\"><strong>Desde esta \u00e1rea se realizan las siguientes actividades<\/strong><\/span><\/p>\n<p>&nbsp;<\/p>\n\n\t\t<\/div>\n\t<\/div>\n<div class=\"vc_empty_space\"   style=\"height: 10px\"><span class=\"vc_empty_space_inner\"><\/span><\/div><div class=\"vc_empty_space\"   style=\"height: 10px\"><span class=\"vc_empty_space_inner\"><\/span><\/div><div class=\"vc_empty_space\"   style=\"height: 10px\"><span class=\"vc_empty_space_inner\"><\/span><\/div><\/div><\/div><\/div><\/div><div class=\"vc_row wpb_row vc_row-fluid\"><div class=\"wpb_column vc_column_container vc_col-sm-4\"><div class=\"vc_column-inner\"><div class=\"wpb_wrapper\">\n\t<div class=\"wpb_text_column wpb_content_element\" >\n\t\t<div class=\"wpb_wrapper\">\n\t\t\t<p style=\"text-align: center;\"><strong><span style=\"font-size: 14pt; color: #000000;\">Asesor\u00eda Psicol\u00f3gica<\/span><\/strong><\/p>\n\n\t\t<\/div>\n\t<\/div>\n<\/div><\/div><\/div><div class=\"wpb_column vc_column_container vc_col-sm-4\"><div class=\"vc_column-inner\"><div class=\"wpb_wrapper\">\n\t<div class=\"wpb_text_column wpb_content_element\" >\n\t\t<div class=\"wpb_wrapper\">\n\t\t\t<p style=\"text-align: center;\"><strong><span style=\"font-size: 14pt; color: #000000;\">Fortalecimiento de la vida espiritual<\/span><\/strong><\/p>\n\n\t\t<\/div>\n\t<\/div>\n<\/div><\/div><\/div><div class=\"wpb_column vc_column_container vc_col-sm-4\"><div class=\"vc_column-inner\"><div class=\"wpb_wrapper\">\n\t<div class=\"wpb_text_column wpb_content_element\" >\n\t\t<div class=\"wpb_wrapper\">\n\t\t\t<p style=\"text-align: center;\"><strong><span style=\"font-size: 14pt; color: #000000;\">Actividades de bienestar laboral<\/span><\/strong><\/p>\n\n\t\t<\/div>\n\t<\/div>\n<\/div><\/div><\/div><\/div><div class=\"vc_row wpb_row vc_row-fluid\"><div class=\"wpb_column vc_column_container vc_col-sm-4\"><div class=\"vc_column-inner\"><div class=\"wpb_wrapper\">\n\t<div class=\"wpb_text_column wpb_content_element\" >\n\t\t<div class=\"wpb_wrapper\">\n\t\t\t<p style=\"text-align: center;\"><strong><span style=\"font-size: 14pt; color: #000000;\">Actualizaci\u00f3n a trav\u00e9s de cursos y talleres<\/span><\/strong><\/p>\n\n\t\t<\/div>\n\t<\/div>\n<\/div><\/div><\/div><div class=\"wpb_column vc_column_container vc_col-sm-4\"><div class=\"vc_column-inner\"><div class=\"wpb_wrapper\">\n\t<div class=\"wpb_text_column wpb_content_element\" >\n\t\t<div class=\"wpb_wrapper\">\n\t\t\t<p style=\"text-align: center;\"><strong><span style=\"font-size: 14pt; color: #000000;\">Actividades de crecimiento personal<\/span><\/strong><\/p>\n\n\t\t<\/div>\n\t<\/div>\n<\/div><\/div><\/div><div class=\"wpb_column vc_column_container vc_col-sm-4\"><div class=\"vc_column-inner\"><div class=\"wpb_wrapper\">\n\t<div class=\"wpb_text_column wpb_content_element\" >\n\t\t<div class=\"wpb_wrapper\">\n\t\t\t<p style=\"text-align: center;\"><strong><span style=\"font-size: 14pt; color: #000000;\">Campa\u00f1as sobre cultura universitaria<\/span><\/strong><\/p>\n\n\t\t<\/div>\n\t<\/div>\n<\/div><\/div><\/div><\/div><div class=\"vc_row wpb_row vc_row-fluid\"><div class=\"wpb_column vc_column_container vc_col-sm-4\"><div class=\"vc_column-inner\"><div class=\"wpb_wrapper\">\n\t<div class=\"wpb_text_column wpb_content_element\" >\n\t\t<div class=\"wpb_wrapper\">\n\t\t\t<p style=\"text-align: center;\"><strong><span style=\"font-size: 14pt; color: #000000;\">Preparaci\u00f3n para la vida laboral<\/span><\/strong><\/p>\n\n\t\t<\/div>\n\t<\/div>\n<\/div><\/div><\/div><div class=\"wpb_column vc_column_container vc_col-sm-4\"><div class=\"vc_column-inner\"><div class=\"wpb_wrapper\">\n\t<div class=\"wpb_text_column wpb_content_element\" >\n\t\t<div class=\"wpb_wrapper\">\n\t\t\t<p style=\"text-align: center;\"><strong><span style=\"font-size: 14pt; color: #000000;\">Estrategias de permanencia y \u00e9xito estudiantil enmarcados en el programa de permanencia institucional<\/span><\/strong><\/p>\n\n\t\t<\/div>\n\t<\/div>\n<div class=\"vc_empty_space\"   style=\"height: 10px\"><span class=\"vc_empty_space_inner\"><\/span><\/div><div class=\"vc_empty_space\"   style=\"height: 10px\"><span class=\"vc_empty_space_inner\"><\/span><\/div><div class=\"vc_empty_space\"   style=\"height: 10px\"><span class=\"vc_empty_space_inner\"><\/span><\/div><\/div><\/div><\/div><div class=\"wpb_column vc_column_container vc_col-sm-4\"><div class=\"vc_column-inner\"><div class=\"wpb_wrapper\">\n\t<div class=\"wpb_text_column wpb_content_element\" >\n\t\t<div class=\"wpb_wrapper\">\n\t\t\t<p style=\"text-align: center;\"><strong><span style=\"font-size: 14pt; color: #000000;\">Actividades de Formaci\u00f3n Integral<\/span><\/strong><\/p>\n\n\t\t<\/div>\n\t<\/div>\n<\/div><\/div><\/div><\/div><div class=\"vc_row wpb_row vc_row-fluid\"><div class=\"wpb_column vc_column_container vc_col-sm-12\"><div class=\"vc_column-inner\"><div class=\"wpb_wrapper\"><div class=\"vc_empty_space\"   style=\"height: 10px\"><span class=\"vc_empty_space_inner\"><\/span><\/div>\n\t<div class=\"wpb_text_column wpb_content_element\" >\n\t\t<div class=\"wpb_wrapper\">\n\t\t\t<p style=\"text-align: center;\"><span style=\"font-size: 14pt;\">Si deseas ampliar informaci\u00f3n, puedes visitar las opciones descritas a continuaci\u00f3n, podr\u00e1s conocer los diferentes programas, servicios y estrategias que se realizan desde el \u00c1rea de Desarrollo Humano, o comunicarte al siguiente correo electr\u00f3nico<\/span><\/p>\n\n\t\t<\/div>\n\t<\/div>\n\n\t<div class=\"wpb_text_column wpb_content_element\" >\n\t\t<div class=\"wpb_wrapper\">\n\t\t\t<p style=\"text-align: center;\"><span style=\"font-size: 18pt;\"><strong>coordesarrollohumano@unisinucartagena.edu.co<\/strong><\/span><\/p>\n<p>\u00a0<\/p>\n\n\t\t<\/div>\n\t<\/div>\n<div class=\"vc_empty_space\"   style=\"height: 10px\"><span class=\"vc_empty_space_inner\"><\/span><\/div><div class=\"vc_empty_space\"   style=\"height: 10px\"><span class=\"vc_empty_space_inner\"><\/span><\/div><div class=\"vc_empty_space\"   style=\"height: 10px\"><span class=\"vc_empty_space_inner\"><\/span><\/div><\/div><\/div><\/div><\/div><div id=\"programas-de-bienestar\" data-vc-full-width=\"true\" data-vc-full-width-init=\"false\" class=\"vc_row wpb_row vc_row-fluid\"><div class=\"wpb_column vc_column_container vc_col-sm-12\"><div class=\"vc_column-inner\"><div class=\"wpb_wrapper\"><div class=\"vc_empty_space\"   style=\"height: 10px\"><span class=\"vc_empty_space_inner\"><\/span><\/div><div class=\"vc_empty_space\"   style=\"height: 10px\"><span class=\"vc_empty_space_inner\"><\/span><\/div><div class=\"vc_empty_space\"   style=\"height: 32px\"><span class=\"vc_empty_space_inner\"><\/span><\/div><div class=\"vc_row wpb_row vc_inner vc_row-fluid\"><div class=\"wpb_column vc_column_container vc_col-sm-1\/5\"><div class=\"vc_column-inner\"><div class=\"wpb_wrapper\"><\/div><\/div><\/div><div class=\"wpb_column vc_column_container vc_col-sm-1\/5\"><div class=\"vc_column-inner\"><div class=\"wpb_wrapper\"><\/div><\/div><\/div><div class=\"wpb_column vc_column_container vc_col-sm-1\/5\"><div class=\"vc_column-inner\"><div class=\"wpb_wrapper\"><\/div><\/div><\/div><div class=\"wpb_column vc_column_container vc_col-sm-1\/5\"><div class=\"vc_column-inner\"><div class=\"wpb_wrapper\"><\/div><\/div><\/div><\/div><\/div><\/div><\/div><div class=\"wpb_column vc_column_container vc_col-sm-12\"><div class=\"vc_column-inner\"><div class=\"wpb_wrapper\"><\/div><\/div><\/div><\/div><div class=\"vc_row-full-width vc_clearfix\"><\/div><div class=\"vc_row wpb_row vc_row-fluid\"><div class=\"wpb_column vc_column_container vc_col-sm-3\"><div class=\"vc_column-inner\"><div class=\"wpb_wrapper\"><div class=\"thim-widget-icon-box\"><div class=\"wrapper-box-icon text-center\"  ><div class=\"smicon-box iconbox-top\"><div class=\"boxes-icon\" style=\"width: 100px;\"><span class=\"inner-icon\"><span class=\"icon\"><i class=\"fas fa-book\" style=\"color:#e00000; font-size:60px; line-height:60px; vertical-align: middle;\"><\/i><\/span><\/span><\/div><div class=\"content-inner\" ><div class=\"sc-heading article_heading\"><h3 class = \"heading__primary\" style=\"font-size: 18px; line-height: 18px;font-weight: 600;\">ACADEMIC SUPPORT<\/h3><\/div><\/div><\/div><!--end smicon-box--><\/div><\/div>\n\t<div class=\"wpb_raw_code wpb_content_element wpb_raw_html\" >\n\t\t<div class=\"wpb_wrapper\">\n\t\t\t<div class=\"vc_btn3-container vc_btn3-center\">\n\t<a onmouseleave=\"this.style.borderColor='#e42313'; this.style.backgroundColor='transparent'; this.style.color='#e42313'\" onmouseenter=\"this.style.borderColor='#e42313'; this.style.backgroundColor='#e42313'; this.style.color='#ffffff';\" style=\"border-color: rgb(228, 35, 19); color: rgb(228, 35, 19); background-color: transparent;\" class=\"vc_general vc_btn3 vc_btn3-size-md vc_btn3-shape-rounded vc_btn3-style-outline-custom\" href=\"https:\/\/unisinucartagena.edu.co\/en\/apoyo-academico-bienestar\/\" title=\"\" target=\"_blank\">CLICK HERE<\/a><\/div>\n\t\t<\/div>\n\t<\/div>\n<div class=\"vc_icon_element vc_icon_element-outer vc_icon_element-align-left\"><div class=\"vc_icon_element-inner vc_icon_element-color-white vc_icon_element-size-md vc_icon_element-style- vc_icon_element-background-color-grey\" ><span class=\"vc_icon_element-icon fas fa-adjust\" ><\/span><\/div><\/div><\/div><\/div><\/div><div class=\"wpb_column vc_column_container vc_col-sm-3\"><div class=\"vc_column-inner\"><div class=\"wpb_wrapper\"><div class=\"thim-widget-icon-box\"><div class=\"wrapper-box-icon text-center\"  ><div class=\"smicon-box iconbox-top\"><div class=\"boxes-icon\" style=\"width: 100px;\"><span class=\"inner-icon\"><span class=\"icon\"><i class=\"fas fa-map\" style=\"color:#e00000; font-size:60px; line-height:60px; vertical-align: middle;\"><\/i><\/span><\/span><\/div><div class=\"content-inner\" ><div class=\"sc-heading article_heading\"><h3 class = \"heading__primary\" style=\"font-size: 18px; line-height: 18px;font-weight: 600;\">PROGRAMAS Y CARTILLAS DE BIENESTAR UNIVERSITARIO<\/h3><\/div><\/div><\/div><!--end smicon-box--><\/div><\/div>\n\t<div class=\"wpb_raw_code wpb_content_element wpb_raw_html\" >\n\t\t<div class=\"wpb_wrapper\">\n\t\t\t<div class=\"vc_btn3-container vc_btn3-center\">\n\t<a onmouseleave=\"this.style.borderColor='#e42313'; this.style.backgroundColor='transparent'; this.style.color='#e42313'\" onmouseenter=\"this.style.borderColor='#e42313'; this.style.backgroundColor='#e42313'; this.style.color='#ffffff';\" style=\"border-color: rgb(228, 35, 19); color: rgb(228, 35, 19); background-color: transparent;\" class=\"vc_general vc_btn3 vc_btn3-size-md vc_btn3-shape-rounded vc_btn3-style-outline-custom\" href=\"https:\/\/unisinucartagena.edu.co\/en\/programas-y-cartillas-de-bienestar-universitario\/\" title=\"\" target=\"_blank\">CLICK HERE<\/a><\/div>\n\t\t<\/div>\n\t<\/div>\n<\/div><\/div><\/div><div class=\"wpb_column vc_column_container vc_col-sm-3\"><div class=\"vc_column-inner\"><div class=\"wpb_wrapper\"><div class=\"thim-widget-icon-box\"><div class=\"wrapper-box-icon text-center\"  ><div class=\"smicon-box iconbox-top\"><div class=\"boxes-icon\" style=\"width: 100px;\"><span class=\"inner-icon\"><span class=\"icon\"><i class=\"fas fa-seedling\" style=\"color:#e00000; font-size:60px; line-height:60px; vertical-align: middle;\"><\/i><\/span><\/span><\/div><div class=\"content-inner\" ><div class=\"sc-heading article_heading\"><h3 class = \"heading__primary\" style=\"font-size: 18px; line-height: 18px;font-weight: 600;\">ENVIRONMENTAL CULTURE<\/h3><\/div><\/div><\/div><!--end smicon-box--><\/div><\/div>\n\t<div class=\"wpb_raw_code wpb_content_element wpb_raw_html\" >\n\t\t<div class=\"wpb_wrapper\">\n\t\t\t<div class=\"vc_btn3-container vc_btn3-center\">\n\t<a onmouseleave=\"this.style.borderColor='#e42313'; this.style.backgroundColor='transparent'; this.style.color='#e42313'\" onmouseenter=\"this.style.borderColor='#e42313'; this.style.backgroundColor='#e42313'; this.style.color='#ffffff';\" style=\"border-color: rgb(228, 35, 19); color: rgb(228, 35, 19); background-color: transparent;\" class=\"vc_general vc_btn3 vc_btn3-size-md vc_btn3-shape-rounded vc_btn3-style-outline-custom\" href=\"https:\/\/unisinucartagena.edu.co\/en\/programa-de-desarrollo-humano-bienestar\/cultura-ambiental\/\" title=\"\" target=\"_blank\">CLICK HERE<\/a><\/div>\n\t\t<\/div>\n\t<\/div>\n<\/div><\/div><\/div><div class=\"wpb_column vc_column_container vc_col-sm-3\"><div class=\"vc_column-inner\"><div class=\"wpb_wrapper\"><div class=\"thim-widget-icon-box\"><div class=\"wrapper-box-icon text-center\"  ><div class=\"smicon-box iconbox-top\"><div class=\"boxes-icon\" style=\"width: 100px;\"><span class=\"inner-icon\"><span class=\"icon\"><i class=\"fas fa-hand-holding-heart\" style=\"color:#e00000; font-size:60px; line-height:60px; vertical-align: middle;\"><\/i><\/span><\/span><\/div><div class=\"content-inner\" ><div class=\"sc-heading article_heading\"><h3 class = \"heading__primary\" style=\"font-size: 18px; line-height: 18px;font-weight: 600;\">PSYCHOLOGICAL ADVICE<\/h3><\/div><\/div><\/div><!--end smicon-box--><\/div><\/div>\n\t<div class=\"wpb_raw_code wpb_content_element wpb_raw_html\" >\n\t\t<div class=\"wpb_wrapper\">\n\t\t\t<div class=\"vc_btn3-container vc_btn3-center\">\n\t<a onmouseleave=\"this.style.borderColor='#e42313'; this.style.backgroundColor='transparent'; this.style.color='#e42313'\" onmouseenter=\"this.style.borderColor='#e42313'; this.style.backgroundColor='#e42313'; this.style.color='#ffffff';\" style=\"border-color: rgb(228, 35, 19); color: rgb(228, 35, 19); background-color: transparent;\" class=\"vc_general vc_btn3 vc_btn3-size-md vc_btn3-shape-rounded vc_btn3-style-outline-custom\" href=\"https:\/\/unisinucartagena.edu.co\/en\/atencion-virtual-bienestar\/\" title=\"\" target=\"_blank\">CLICK HERE<\/a><\/div>\n\t\t<\/div>\n\t<\/div>\n<\/div><\/div><\/div><\/div>","protected":false},"excerpt":{"rendered":"\u00a0 \u00a0 \u00a0 \u00a0BIENESTAR\u00a0 \u00a0 \u00a0 \u00a0 \u00a0 \u00a0ESTRUCTURA\u00a0 \u00a0\u00a0 \u00c1REAS DE BIENESTAR\u00a0 \u00a0 \u00a0 \u00a0 \u00a0 \u00a0 ASESOR\u00cdAS PSICOL\u00d3GICAS\u00a0 \u00a0 \u00a0 \u00a0 \u00a0 \u00a0 \u00a0 \u00a0 \u00a0MEDIOS DE DIFUSI\u00d3N Se propende el fortalecimiento del desarrollo integral de los miembros &hellip;","protected":false},"author":1,"featured_media":0,"parent":0,"menu_order":0,"comment_status":"closed","ping_status":"open","template":"page-templates\/homepage.php","meta":{"_acf_changed":false,"_bbp_topic_count":0,"_bbp_reply_count":0,"_bbp_total_topic_count":0,"_bbp_total_reply_count":0,"_bbp_voice_count":0,"_bbp_anonymous_reply_count":0,"_bbp_topic_count_hidden":0,"_bbp_reply_count_hidden":0,"_bbp_forum_subforum_count":0,"_monsterinsights_skip_tracking":false,"_monsterinsights_sitenote_active":false,"_monsterinsights_sitenote_note":"","_monsterinsights_sitenote_category":0,"footnotes":""},"class_list":["post-45138","page","type-page","status-publish","hentry"],"acf":[],"aioseo_notices":[],"_links":{"self":[{"href":"https:\/\/unisinucartagena.edu.co\/en\/wp-json\/wp\/v2\/pages\/45138","targetHints":{"allow":["GET"]}}],"collection":[{"href":"https:\/\/unisinucartagena.edu.co\/en\/wp-json\/wp\/v2\/pages"}],"about":[{"href":"https:\/\/unisinucartagena.edu.co\/en\/wp-json\/wp\/v2\/types\/page"}],"author":[{"embeddable":true,"href":"https:\/\/unisinucartagena.edu.co\/en\/wp-json\/wp\/v2\/users\/1"}],"replies":[{"embeddable":true,"href":"https:\/\/unisinucartagena.edu.co\/en\/wp-json\/wp\/v2\/comments?post=45138"}],"version-history":[{"count":48,"href":"https:\/\/unisinucartagena.edu.co\/en\/wp-json\/wp\/v2\/pages\/45138\/revisions"}],"predecessor-version":[{"id":60837,"href":"https:\/\/unisinucartagena.edu.co\/en\/wp-json\/wp\/v2\/pages\/45138\/revisions\/60837"}],"wp:attachment":[{"href":"https:\/\/unisinucartagena.edu.co\/en\/wp-json\/wp\/v2\/media?parent=45138"}],"curies":[{"name":"wp","href":"https:\/\/api.w.org\/{rel}","templated":true}]}}