{"id":45081,"date":"2020-07-31T09:07:35","date_gmt":"2020-07-31T14:07:35","guid":{"rendered":"https:\/\/www.unisinucartagena.edu.co\/?page_id=45081"},"modified":"2025-09-22T10:09:28","modified_gmt":"2025-09-22T15:09:28","slug":"recreacion-y-deporte-bienestar","status":"publish","type":"page","link":"https:\/\/unisinucartagena.edu.co\/en\/recreacion-y-deporte-bienestar\/","title":{"rendered":"Recreaci\u00f3n y Deporte"},"content":{"rendered":"<div data-vc-full-width=\"true\" data-vc-full-width-init=\"false\" data-vc-stretch-content=\"true\" data-vc-parallax=\"1.5\" class=\"vc_row wpb_row vc_row-fluid vc_custom_1567606023363 vc_row-has-fill vc_row-no-padding vc_general vc_parallax vc_parallax-content-moving\"><div class=\"wpb_column vc_column_container vc_col-sm-12\"><div class=\"vc_column-inner\"><div class=\"wpb_wrapper\"><div class=\"vc_row wpb_row vc_inner vc_row-fluid vc_row-o-content-middle vc_row-flex\"><div class=\"wpb_column vc_column_container vc_col-sm-4\"><div class=\"vc_column-inner\"><div class=\"wpb_wrapper\">\n\t<div class=\"wpb_text_column wpb_content_element\" >\n\t\t<div class=\"wpb_wrapper\">\n\t\t\t<p style=\"text-align: center;\"><span style=\"font-size: 10pt;\"><span style=\"color: #ffffff;\"><a style=\"color: #ffffff;\" href=\"https:\/\/unisinucartagena.edu.co\/en\/bienestar\/\">\u00a0 \u00a0 \u00a0 <\/a><\/span><span style=\"color: #ffffff;\"><a style=\"color: #ffffff;\" href=\"https:\/\/unisinucartagena.edu.co\/en\/bienestar\/\">\u00a0WELLNESS<\/a><\/span>\u00a0 \u00a0 \u00a0 \u00a0 \u00a0 \u00a0<span style=\"color: #ffffff;\"><a style=\"color: #ffffff;\" href=\"https:\/\/unisinucartagena.edu.co\/en\/bienestar-universitario\/organigrama-bienestar-universitario\/\" target=\"_blank\" rel=\"noopener noreferrer\">STRUCTURE\u00a0 \u00a0\u00a0<\/a><\/span><\/span><\/p>\n\n\t\t<\/div>\n\t<\/div>\n<\/div><\/div><\/div><div class=\"wpb_column vc_column_container vc_col-sm-4\"><div class=\"vc_column-inner\"><div class=\"wpb_wrapper\">\n\t<div class=\"wpb_text_column wpb_content_element\" >\n\t\t<div class=\"wpb_wrapper\">\n\t\t\t<p style=\"text-align: center;\"><span style=\"font-size: 10pt;\"><span style=\"color: #ffffff;\"><a style=\"color: #ffffff;\" href=\"https:\/\/unisinucartagena.edu.co\/en\/areas-de-bienestar\/\">WELLNESS AREAS<\/a><\/span>\u00a0 \u00a0 \u00a0 \u00a0 \u00a0 \u00a0<\/span><\/p>\n\n\t\t<\/div>\n\t<\/div>\n<\/div><\/div><\/div><div class=\"wpb_column vc_column_container vc_col-sm-4\"><div class=\"vc_column-inner\"><div class=\"wpb_wrapper\">\n\t<div class=\"wpb_text_column wpb_content_element\" >\n\t\t<div class=\"wpb_wrapper\">\n\t\t\t<p style=\"text-align: center;\"><span style=\"font-size: 10pt;\"><span style=\"color: #ffffff;\"><a style=\"color: #ffffff;\" href=\"https:\/\/unisinucartagena.edu.co\/en\/atencion-virtual-bienestar\/\">PSYCHOLOGICAL ADVICE<\/a><\/span>\u00a0 \u00a0 \u00a0 \u00a0 \u00a0 \u00a0 \u00a0 \u00a0 \u00a0<span style=\"color: #ffffff;\"><a style=\"color: #ffffff;\" href=\"https:\/\/unisinucartagena.edu.co\/en\/medios-de-difusion\/\" rel=\"noopener noreferrer\">BROADCAST MEDIA<\/a><\/span><\/span><\/p>\n\n\t\t<\/div>\n\t<\/div>\n<\/div><\/div><\/div><\/div>\n\t\t\t<!-- START Programa de deporte REVOLUTION SLIDER 6.7.0 --><p class=\"rs-p-wp-fix\"><\/p>\n\t\t\t<rs-module-wrap id=\"rev_slider_23_1_wrapper\" data-source=\"gallery\" style=\"visibility:hidden;background:transparent;padding:0;margin:0px auto;margin-top:0;margin-bottom:0;\">\n\t\t\t\t<rs-module id=\"rev_slider_23_1\" style=\"\" data-version=\"6.7.0\">\n\t\t\t\t\t<rs-slides style=\"overflow: hidden; position: absolute;\">\n\t\t\t\t\t\t<rs-slide style=\"position: absolute;\" data-key=\"rs-115\" data-title=\"Slide\" data-anim=\"adpr:false;ms:600;\" data-in=\"o:0;\" data-out=\"a:false;\">\n\t\t\t\t\t\t\t<img data-recalc-dims=\"1\" fetchpriority=\"high\" decoding=\"async\" src=\"https:\/\/i0.wp.com\/unisinucartagena.edu.co\/wp-content\/plugins\/revslider\/sr6\/assets\/assets\/dummy.png?resize=640%2C202\" alt=\"\" title=\"BANNER MICROSITIO BIENESTAR_Mesa de trabajo 1 copia 3\" width=\"640\" height=\"202\" class=\"rev-slidebg tp-rs-img rs-lazyload\" data-lazyload=\"\/\/unisinucartagena.edu.co\/wp-content\/uploads\/2024\/09\/BANNER-MICROSITIO-BIENESTAR_Mesa-de-trabajo-1-copia-3-scaled.jpg\" data-parallax=\"off\" data-no-retina>\n<!---->\t\t\t\t\t<\/rs-slide>\n\t\t\t\t\t<\/rs-slides>\n\t\t\t\t<\/rs-module>\n\t\t\t\t<script>\n\t\t\t\t\tsetREVStartSize({c: 'rev_slider_23_1',rl:[1240,1024,778,480],el:[600,600,960,1100],gw:[1900,1900,778,2500],gh:[600,600,960,1100],type:'standard',justify:'',layout:'fullwidth',mh:\"0\"});if (window.RS_MODULES!==undefined && window.RS_MODULES.modules!==undefined && window.RS_MODULES.modules[\"revslider231\"]!==undefined) {window.RS_MODULES.modules[\"revslider231\"].once = false;window.revapi23 = undefined;if (window.RS_MODULES.checkMinimal!==undefined) window.RS_MODULES.checkMinimal()}\n\t\t\t\t<\/script>\n\t\t\t<\/rs-module-wrap>\n\t\t\t<!-- END REVOLUTION SLIDER -->\n<\/div><\/div><\/div><\/div><div class=\"vc_row-full-width vc_clearfix\"><\/div><div id=\"programas-de-bienestar\" data-vc-full-width=\"true\" data-vc-full-width-init=\"false\" class=\"vc_row wpb_row vc_row-fluid\"><div class=\"wpb_column vc_column_container vc_col-sm-12\"><div class=\"vc_column-inner\"><div class=\"wpb_wrapper\">\n\t<div class=\"wpb_text_column wpb_content_element\" >\n\t\t<div class=\"wpb_wrapper\">\n\t\t\t<p style=\"text-align: center;\"><span style=\"font-size: 24pt;\"><b>\u00c1rea de Deporte y Recreaci\u00f3n<\/b><\/span><\/p>\n<p style=\"font-weight: 400;\">Se planean, promocionan y desarrollan actividades deportivas y recreativas, con el fin de contribuir al desarrollo f\u00edsico y mental de los miembros de la comunidad universitaria, dando lugar a un clima de integraci\u00f3n.<\/p>\n<p style=\"font-weight: 400;\">Tambi\u00e9n se busca estimular y reforzar a trav\u00e9s de las diferentes disciplinas deportivas el respeto por las personas, el esp\u00edritu de superaci\u00f3n, tolerancia, la alegr\u00eda, la libertad, la autonom\u00eda, el liderazgo, as\u00ed como desarrollar espacios de creatividad y trabajo en equipo, sana competencia y orientaci\u00f3n al logro.<\/p>\n\n\t\t<\/div>\n\t<\/div>\n<div class=\"vc_empty_space\"   style=\"height: 60px\"><span class=\"vc_empty_space_inner\"><\/span><\/div><div class=\"vc_empty_space\"   style=\"height: 60px\"><span class=\"vc_empty_space_inner\"><\/span><\/div><div class=\"vc_empty_space\"   style=\"height: 10px\"><span class=\"vc_empty_space_inner\"><\/span><\/div><\/div><\/div><\/div><\/div><div class=\"vc_row-full-width vc_clearfix\"><\/div><div data-vc-full-width=\"true\" data-vc-full-width-init=\"false\" class=\"vc_row wpb_row vc_row-fluid\"><div class=\"wpb_column vc_column_container vc_col-sm-3\"><div class=\"vc_column-inner\"><div class=\"wpb_wrapper\"><div class=\"thim-widget-icon-box\"><div class=\"wrapper-box-icon text-center\"  ><div class=\"smicon-box iconbox-top\"><div class=\"boxes-icon\" style=\"width: 100px;\"><span class=\"inner-icon\"><span class=\"icon\"><i class=\"fas fa-running\" style=\"color:#e42313; font-size:60px; line-height:60px; vertical-align: middle;\"><\/i><\/span><\/span><\/div><div class=\"content-inner\" ><div class=\"sc-heading article_heading\"><h3 class = \"heading__primary\" style=\"font-size: 18px; line-height: 18px;font-weight: 600;\">GYM<br \/>\nLABOR<\/h3><\/div><\/div><\/div><!--end smicon-box--><\/div><\/div>\n\t<div class=\"wpb_raw_code wpb_content_element wpb_raw_html\" >\n\t\t<div class=\"wpb_wrapper\">\n\t\t\t<div class=\"vc_btn3-container vc_btn3-center\">\n\t<a onmouseleave=\"this.style.borderColor='#e42313'; this.style.backgroundColor='transparent'; this.style.color='#e42313'\" onmouseenter=\"this.style.borderColor='#e42313'; this.style.backgroundColor='#e42313'; this.style.color='#ffffff';\" style=\"border-color: rgb(228, 35, 19); color: rgb(228, 35, 19); background-color: transparent;\" class=\"vc_general vc_btn3 vc_btn3-size-md vc_btn3-shape-rounded vc_btn3-style-outline-custom\" href=\"https:\/\/unisinucartagena.edu.co\/en\/programa-de-deporte\/gimnasia-laboral\/\" title=\"\" target=\"_blank\">CLICK HERE!<\/a><\/div>\n\t\t<\/div>\n\t<\/div>\n<\/div><\/div><\/div><div class=\"wpb_column vc_column_container vc_col-sm-3\"><div class=\"vc_column-inner\"><div class=\"wpb_wrapper\"><div class=\"thim-widget-icon-box\"><div class=\"wrapper-box-icon text-center\"  ><div class=\"smicon-box iconbox-top\"><div class=\"boxes-icon\" style=\"width: 100px;\"><span class=\"inner-icon\"><span class=\"icon\"><i class=\"fas fa-shoe-prints\" style=\"color:#e42313; font-size:60px; line-height:60px; vertical-align: middle;\"><\/i><\/span><\/span><\/div><div class=\"content-inner\" ><div class=\"sc-heading article_heading\"><h3 class = \"heading__primary\" style=\"font-size: 18px; line-height: 18px;font-weight: 600;\">ROUTINES OF<br \/>\nTRAINING<\/h3><\/div><\/div><\/div><!--end smicon-box--><\/div><\/div>\n\t<div class=\"wpb_raw_code wpb_content_element wpb_raw_html\" >\n\t\t<div class=\"wpb_wrapper\">\n\t\t\t<div class=\"vc_btn3-container vc_btn3-center\">\n\t<a onmouseleave=\"this.style.borderColor='#e42313'; this.style.backgroundColor='transparent'; this.style.color='#e42313'\" onmouseenter=\"this.style.borderColor='#e42313'; this.style.backgroundColor='#e42313'; this.style.color='#ffffff';\" style=\"border-color: rgb(228, 35, 19); color: rgb(228, 35, 19); background-color: transparent;\" class=\"vc_general vc_btn3 vc_btn3-size-md vc_btn3-shape-rounded vc_btn3-style-outline-custom\" href=\"https:\/\/unisinucartagena.edu.co\/en\/programa-de-deporte\/rutinas-de-entrenamiento\/\" title=\"\" target=\"_blank\">CLICK HERE!<\/a><\/div>\n\t\t<\/div>\n\t<\/div>\n<\/div><\/div><\/div><div class=\"wpb_column vc_column_container vc_col-sm-3\"><div class=\"vc_column-inner\"><div class=\"wpb_wrapper\"><div class=\"thim-widget-icon-box\"><div class=\"wrapper-box-icon text-center\"  ><div class=\"smicon-box iconbox-top\"><div class=\"boxes-icon\" style=\"width: 100px;\"><span class=\"inner-icon\"><span class=\"icon\"><i class=\"fas fa-child\" style=\"color:#e42313; font-size:60px; line-height:60px; vertical-align: middle;\"><\/i><\/span><\/span><\/div><div class=\"content-inner\" ><div class=\"sc-heading article_heading\"><h3 class = \"heading__primary\" style=\"font-size: 18px; line-height: 18px;font-weight: 600;\">TRAINING FOR CHILDREN<\/h3><\/div><\/div><\/div><!--end smicon-box--><\/div><\/div>\n\t<div class=\"wpb_raw_code wpb_content_element wpb_raw_html\" >\n\t\t<div class=\"wpb_wrapper\">\n\t\t\t<div class=\"vc_btn3-container vc_btn3-center\">\n\t<a onmouseleave=\"this.style.borderColor='#e42313'; this.style.backgroundColor='transparent'; this.style.color='#e42313'\" onmouseenter=\"this.style.borderColor='#e42313'; this.style.backgroundColor='#e42313'; this.style.color='#ffffff';\" style=\"border-color: rgb(228, 35, 19); color: rgb(228, 35, 19); background-color: transparent;\" class=\"vc_general vc_btn3 vc_btn3-size-md vc_btn3-shape-rounded vc_btn3-style-outline-custom\" href=\"https:\/\/unisinucartagena.edu.co\/en\/programa-de-deporte\/entrenamiento-para-ninos\/\" title=\"\" target=\"_blank\">CLICK HERE!<\/a><\/div>\n\t\t<\/div>\n\t<\/div>\n<\/div><\/div><\/div><div class=\"wpb_column vc_column_container vc_col-sm-3\"><div class=\"vc_column-inner\"><div class=\"wpb_wrapper\"><div class=\"thim-widget-icon-box\"><div class=\"wrapper-box-icon text-center\"  ><div class=\"smicon-box iconbox-top\"><div class=\"boxes-icon\" style=\"width: 100px;\"><span class=\"inner-icon\"><span class=\"icon\"><i class=\"fas fa-archway\" style=\"color:#e42313; font-size:60px; line-height:60px; vertical-align: middle;\"><\/i><\/span><\/span><\/div><div class=\"content-inner\" ><div class=\"sc-heading article_heading\"><h3 class = \"heading__primary\" style=\"font-size: 18px; line-height: 18px;font-weight: 600;\">SPORTS SCENARIO LOANS<\/h3><\/div><\/div><\/div><!--end smicon-box--><\/div><\/div>\n\t<div class=\"wpb_raw_code wpb_content_element wpb_raw_html\" >\n\t\t<div class=\"wpb_wrapper\">\n\t\t\t<div class=\"vc_btn3-container vc_btn3-center\">\n\t<a onmouseleave=\"this.style.borderColor='#e42313'; this.style.backgroundColor='transparent'; this.style.color='#e42313'\" onmouseenter=\"this.style.borderColor='#e42313'; this.style.backgroundColor='#e42313'; this.style.color='#ffffff';\" style=\"border-color: rgb(228, 35, 19); color: rgb(228, 35, 19); background-color: transparent;\" class=\"vc_general vc_btn3 vc_btn3-size-md vc_btn3-shape-rounded vc_btn3-style-outline-custom\" href=\"https:\/\/unisinucartagena.edu.co\/en\/prestamos-de-escenarios-deportivos\/\" title=\"\" target=\"_blank\">CLICK HERE!<\/a><\/div>\n\t\t<\/div>\n\t<\/div>\n<\/div><\/div><\/div><\/div><div class=\"vc_row-full-width vc_clearfix\"><\/div><div data-vc-full-width=\"true\" data-vc-full-width-init=\"false\" class=\"vc_row wpb_row vc_row-fluid\"><div class=\"wpb_column vc_column_container vc_col-sm-12\"><div class=\"vc_column-inner\"><div class=\"wpb_wrapper\"><div class=\"vc_empty_space\"   style=\"height: 60px\"><span class=\"vc_empty_space_inner\"><\/span><\/div><div class=\"vc_empty_space\"   style=\"height: 60px\"><span class=\"vc_empty_space_inner\"><\/span><\/div>\n\t<div class=\"wpb_text_column wpb_content_element\" >\n\t\t<div class=\"wpb_wrapper\">\n\t\t\t<p style=\"text-align: center;\"><span style=\"font-size: 24pt;\"><b>Sports<\/b><\/span><\/p>\n\n\t\t<\/div>\n\t<\/div>\n<\/div><\/div><\/div><\/div><div class=\"vc_row-full-width vc_clearfix\"><\/div><div data-vc-full-width=\"true\" data-vc-full-width-init=\"false\" class=\"vc_row wpb_row vc_row-fluid\"><div class=\"wpb_column vc_column_container vc_col-sm-1\/5\"><div class=\"vc_column-inner\"><div class=\"wpb_wrapper\"><div class=\"thim-widget-icon-box\"><div class=\"wrapper-box-icon text-center\"  ><div class=\"smicon-box iconbox-top\"><div class=\"boxes-icon\" style=\"width: 100px;\"><span class=\"inner-icon\"><span class=\"icon\"><i class=\"fas fa-chess\" style=\"color:#e42313; font-size:60px; line-height:60px; vertical-align: middle;\"><\/i><\/span><\/span><\/div><div class=\"content-inner\" ><div class=\"sc-heading article_heading\"><h3 class = \"heading__primary\" style=\"font-size: 18px; line-height: 18px;font-weight: 600;\">AJEDREZ<\/h3><\/div><\/div><\/div><!--end smicon-box--><\/div><\/div><div class=\"vc_empty_space\"   style=\"height: 60px\"><span class=\"vc_empty_space_inner\"><\/span><\/div><\/div><\/div><\/div><div class=\"wpb_column vc_column_container vc_col-sm-1\/5\"><div class=\"vc_column-inner\"><div class=\"wpb_wrapper\"><div class=\"thim-widget-icon-box\"><div class=\"wrapper-box-icon text-center\"  ><div class=\"smicon-box iconbox-top\"><div class=\"boxes-icon\" style=\"width: 100px;\"><span class=\"inner-icon\"><span class=\"icon\"><i class=\"fab fa-gratipay\" style=\"color:#e42313; font-size:60px; line-height:60px; vertical-align: middle;\"><\/i><\/span><\/span><\/div><div class=\"content-inner\" ><div class=\"sc-heading article_heading\"><h3 class = \"heading__primary\" style=\"font-size: 18px; line-height: 18px;font-weight: 600;\">ANIMACION DEPORTIVA<\/h3><\/div><\/div><\/div><!--end smicon-box--><\/div><\/div><div class=\"vc_empty_space\"   style=\"height: 60px\"><span class=\"vc_empty_space_inner\"><\/span><\/div><\/div><\/div><\/div><div class=\"wpb_column vc_column_container vc_col-sm-1\/5\"><div class=\"vc_column-inner\"><div class=\"wpb_wrapper\"><div class=\"thim-widget-icon-box\"><div class=\"wrapper-box-icon text-center\"  ><div class=\"smicon-box iconbox-top\"><div class=\"boxes-icon\" style=\"width: 100px;\"><span class=\"inner-icon\"><span class=\"icon\"><i class=\"fas fa-basketball-ball\" style=\"color:#e42313; font-size:60px; line-height:60px; vertical-align: middle;\"><\/i><\/span><\/span><\/div><div class=\"content-inner\" ><div class=\"sc-heading article_heading\"><h3 class = \"heading__primary\" style=\"font-size: 18px; line-height: 18px;font-weight: 600;\">BALONCESTO<\/h3><\/div><\/div><\/div><!--end smicon-box--><\/div><\/div><div class=\"vc_empty_space\"   style=\"height: 60px\"><span class=\"vc_empty_space_inner\"><\/span><\/div><\/div><\/div><\/div><div class=\"wpb_column vc_column_container vc_col-sm-1\/5\"><div class=\"vc_column-inner\"><div class=\"wpb_wrapper\"><div class=\"thim-widget-icon-box\"><div class=\"wrapper-box-icon text-center\"  ><div class=\"smicon-box iconbox-top\"><div class=\"boxes-icon\" style=\"width: 100px;\"><span class=\"inner-icon\"><span class=\"icon\"><i class=\"fas fa-anchor\" style=\"color:#e42313; font-size:60px; line-height:60px; vertical-align: middle;\"><\/i><\/span><\/span><\/div><div class=\"content-inner\" ><div class=\"sc-heading article_heading\"><h3 class = \"heading__primary\" style=\"font-size: 18px; line-height: 18px;font-weight: 600;\">CANOTAJE<\/h3><\/div><\/div><\/div><!--end smicon-box--><\/div><\/div><div class=\"vc_empty_space\"   style=\"height: 60px\"><span class=\"vc_empty_space_inner\"><\/span><\/div><\/div><\/div><\/div><div class=\"wpb_column vc_column_container vc_col-sm-1\/5\"><div class=\"vc_column-inner\"><div class=\"wpb_wrapper\"><div class=\"thim-widget-icon-box\"><div class=\"wrapper-box-icon text-center\"  ><div class=\"smicon-box iconbox-top\"><div class=\"boxes-icon\" style=\"width: 100px;\"><span class=\"inner-icon\"><span class=\"icon\"><i class=\"fas fa-futbol\" style=\"color:#e42313; font-size:60px; line-height:60px; vertical-align: middle;\"><\/i><\/span><\/span><\/div><div class=\"content-inner\" ><div class=\"sc-heading article_heading\"><h3 class = \"heading__primary\" style=\"font-size: 18px; line-height: 18px;font-weight: 600;\">FUTBOL<\/h3><\/div><\/div><\/div><!--end smicon-box--><\/div><\/div><div class=\"vc_empty_space\"   style=\"height: 60px\"><span class=\"vc_empty_space_inner\"><\/span><\/div><\/div><\/div><\/div><\/div><div class=\"vc_row-full-width vc_clearfix\"><\/div><div data-vc-full-width=\"true\" data-vc-full-width-init=\"false\" class=\"vc_row wpb_row vc_row-fluid\"><div class=\"wpb_column vc_column_container vc_col-sm-1\/5\"><div class=\"vc_column-inner\"><div class=\"wpb_wrapper\"><div class=\"thim-widget-icon-box\"><div class=\"wrapper-box-icon text-center\"  ><div class=\"smicon-box iconbox-top\"><div class=\"boxes-icon\" style=\"width: 100px;\"><span class=\"inner-icon\"><span class=\"icon\"><i class=\"far fa-futbol\" style=\"color:#e42313; font-size:60px; line-height:60px; vertical-align: middle;\"><\/i><\/span><\/span><\/div><div class=\"content-inner\" ><div class=\"sc-heading article_heading\"><h3 class = \"heading__primary\" style=\"font-size: 18px; line-height: 18px;font-weight: 600;\">FUTSAL<\/h3><\/div><\/div><\/div><!--end smicon-box--><\/div><\/div><\/div><\/div><\/div><div class=\"wpb_column vc_column_container vc_col-sm-1\/5\"><div class=\"vc_column-inner\"><div class=\"wpb_wrapper\"><div class=\"thim-widget-icon-box\"><div class=\"wrapper-box-icon text-center\"  ><div class=\"smicon-box iconbox-top\"><div class=\"boxes-icon\" style=\"width: 100px;\"><span class=\"inner-icon\"><span class=\"icon\"><i class=\"fas fa-football-ball\" style=\"color:#e42313; font-size:60px; line-height:60px; vertical-align: middle;\"><\/i><\/span><\/span><\/div><div class=\"content-inner\" ><div class=\"sc-heading article_heading\"><h3 class = \"heading__primary\" style=\"font-size: 18px; line-height: 18px;font-weight: 600;\">RUGBY<\/h3><\/div><\/div><\/div><!--end smicon-box--><\/div><\/div><\/div><\/div><\/div><div class=\"wpb_column vc_column_container vc_col-sm-1\/5\"><div class=\"vc_column-inner\"><div class=\"wpb_wrapper\"><div class=\"thim-widget-icon-box\"><div class=\"wrapper-box-icon text-center\"  ><div class=\"smicon-box iconbox-top\"><div class=\"boxes-icon\" style=\"width: 100px;\"><span class=\"inner-icon\"><span class=\"icon\"><i class=\"fas fa-table-tennis\" style=\"color:#e42313; font-size:60px; line-height:60px; vertical-align: middle;\"><\/i><\/span><\/span><\/div><div class=\"content-inner\" ><div class=\"sc-heading article_heading\"><h3 class = \"heading__primary\" style=\"font-size: 18px; line-height: 18px;font-weight: 600;\">TENIS DE MESA Y CAMPO<\/h3><\/div><\/div><\/div><!--end smicon-box--><\/div><\/div><\/div><\/div><\/div><div class=\"wpb_column vc_column_container vc_col-sm-1\/5\"><div class=\"vc_column-inner\"><div class=\"wpb_wrapper\"><div class=\"thim-widget-icon-box\"><div class=\"wrapper-box-icon text-center\"  ><div class=\"smicon-box iconbox-top\"><div class=\"boxes-icon\" style=\"width: 100px;\"><span class=\"inner-icon\"><span class=\"icon\"><i class=\"fas fa-yin-yang\" style=\"color:#e42313; font-size:60px; line-height:60px; vertical-align: middle;\"><\/i><\/span><\/span><\/div><div class=\"content-inner\" ><div class=\"sc-heading article_heading\"><h3 class = \"heading__primary\" style=\"font-size: 18px; line-height: 18px;font-weight: 600;\">TAEKWONDO<\/h3><\/div><\/div><\/div><!--end smicon-box--><\/div><\/div><\/div><\/div><\/div><div class=\"wpb_column vc_column_container vc_col-sm-1\/5\"><div class=\"vc_column-inner\"><div class=\"wpb_wrapper\"><div class=\"thim-widget-icon-box\"><div class=\"wrapper-box-icon text-center\"  ><div class=\"smicon-box iconbox-top\"><div class=\"boxes-icon\" style=\"width: 100px;\"><span class=\"inner-icon\"><span class=\"icon\"><i class=\"fas fa-volleyball-ball\" style=\"color:#e42313; font-size:60px; line-height:60px; vertical-align: middle;\"><\/i><\/span><\/span><\/div><div class=\"content-inner\" ><div class=\"sc-heading article_heading\"><h3 class = \"heading__primary\" style=\"font-size: 18px; line-height: 18px;font-weight: 600;\">VOLEIBOL<\/h3><\/div><\/div><\/div><!--end smicon-box--><\/div><\/div><\/div><\/div><\/div><\/div><div class=\"vc_row-full-width vc_clearfix\"><\/div><div data-vc-full-width=\"true\" data-vc-full-width-init=\"false\" class=\"vc_row wpb_row vc_row-fluid\"><div class=\"wpb_column vc_column_container vc_col-sm-6\"><div class=\"vc_column-inner\"><div class=\"wpb_wrapper\"><div class=\"vc_empty_space\"   style=\"height: 60px\"><span class=\"vc_empty_space_inner\"><\/span><\/div><div class=\"vc_empty_space\"   style=\"height: 60px\"><span class=\"vc_empty_space_inner\"><\/span><\/div>\n\t<div class=\"wpb_text_column wpb_content_element\" >\n\t\t<div class=\"wpb_wrapper\">\n\t\t\t<p style=\"text-align: right;\"><span style=\"font-size: 24pt;\"><b>sign up here<\/b><\/span><\/p>\n\n\t\t<\/div>\n\t<\/div>\n\n\t<div class=\"wpb_raw_code wpb_content_element wpb_raw_html\" >\n\t\t<div class=\"wpb_wrapper\">\n\t\t\t<div style=\"display: flex; justify-content: flex-end; padding-right: 30px;\">\n    <a \n        onmouseleave=\"this.style.borderColor='#e42313'; this.style.backgroundColor='transparent'; this.style.color='#e42313'\" \n        onmouseenter=\"this.style.borderColor='#e42313'; this.style.backgroundColor='#e42313'; this.style.color='#ffffff';\" \n        style=\"border: 2px solid #e42313; color: #e42313; background-color: transparent; padding: 10px 20px; border-radius: 6px; text-decoration: none; font-weight: bold;\" \n        href=\"https:\/\/docs.google.com\/forms\/d\/e\/1FAIpQLSeeLh3SV3r-Er23UzdjoIIJe-Ow2w5hzcPP1DTO0j_kCkDYbg\/viewform\" \n        target=\"_blank\">\n        CLICK HERE!\n    <\/a>\n<\/div>\n\n\t\t<\/div>\n\t<\/div>\n<\/div><\/div><\/div><div class=\"wpb_column vc_column_container vc_col-sm-6\"><div class=\"vc_column-inner\"><div class=\"wpb_wrapper\"><div class=\"vc_empty_space\"   style=\"height: 60px\"><span class=\"vc_empty_space_inner\"><\/span><\/div><div class=\"vc_empty_space\"   style=\"height: 60px\"><span class=\"vc_empty_space_inner\"><\/span><\/div>\n\t<div  class=\"wpb_single_image wpb_content_element vc_align_left\">\n\t\t\n\t\t<figure class=\"wpb_wrapper vc_figure\">\n\t\t\t<div class=\"vc_single_image-wrapper   vc_box_border_grey\"><img data-recalc-dims=\"1\" decoding=\"async\" width=\"150\" height=\"150\" src=\"https:\/\/i0.wp.com\/unisinucartagena.edu.co\/wp-content\/uploads\/2025\/09\/Captura-de-pantalla-2025-09-22-093701.png?resize=150%2C150&#038;ssl=1\" class=\"vc_single_image-img attachment-thumbnail\" alt=\"\" title=\"Captura de pantalla 2025-09-22 093701\" srcset=\"https:\/\/i0.wp.com\/unisinucartagena.edu.co\/wp-content\/uploads\/2025\/09\/Captura-de-pantalla-2025-09-22-093701.png?resize=150%2C150&amp;ssl=1 150w, https:\/\/i0.wp.com\/unisinucartagena.edu.co\/wp-content\/uploads\/2025\/09\/Captura-de-pantalla-2025-09-22-093701.png?resize=100%2C100&amp;ssl=1 100w, https:\/\/i0.wp.com\/unisinucartagena.edu.co\/wp-content\/uploads\/2025\/09\/Captura-de-pantalla-2025-09-22-093701.png?resize=12%2C12&amp;ssl=1 12w, https:\/\/i0.wp.com\/unisinucartagena.edu.co\/wp-content\/uploads\/2025\/09\/Captura-de-pantalla-2025-09-22-093701.png?resize=50%2C50&amp;ssl=1 50w\" sizes=\"(max-width: 150px) 100vw, 150px\" \/><\/div>\n\t\t<\/figure>\n\t<\/div>\n<\/div><\/div><\/div><\/div><div class=\"vc_row-full-width vc_clearfix\"><\/div><div class=\"vc_row wpb_row vc_row-fluid\"><div class=\"wpb_column vc_column_container vc_col-sm-12\"><div class=\"vc_column-inner\"><div class=\"wpb_wrapper\"><div class=\"vc_icon_element vc_icon_element-outer vc_icon_element-align-left\"><div class=\"vc_icon_element-inner vc_icon_element-color-white vc_icon_element-size-md vc_icon_element-style- vc_icon_element-background-color-grey\" ><span class=\"vc_icon_element-icon fas fa-adjust\" ><\/span><\/div><\/div><\/div><\/div><\/div><\/div>","protected":false},"excerpt":{"rendered":"\u00a0 \u00a0 \u00a0 \u00a0BIENESTAR\u00a0 \u00a0 \u00a0 \u00a0 \u00a0 \u00a0ESTRUCTURA\u00a0 \u00a0\u00a0 \u00c1REAS DE BIENESTAR\u00a0 \u00a0 \u00a0 \u00a0 \u00a0 \u00a0 ASESOR\u00cdAS PSICOL\u00d3GICAS\u00a0 \u00a0 \u00a0 \u00a0 \u00a0 \u00a0 \u00a0 \u00a0 \u00a0MEDIOS DE DIFUSI\u00d3N \u00c1rea de Deporte y Recreaci\u00f3n Se planean, promocionan y desarrollan &hellip;","protected":false},"author":1,"featured_media":0,"parent":0,"menu_order":0,"comment_status":"closed","ping_status":"open","template":"page-templates\/homepage.php","meta":{"_acf_changed":false,"_bbp_topic_count":0,"_bbp_reply_count":0,"_bbp_total_topic_count":0,"_bbp_total_reply_count":0,"_bbp_voice_count":0,"_bbp_anonymous_reply_count":0,"_bbp_topic_count_hidden":0,"_bbp_reply_count_hidden":0,"_bbp_forum_subforum_count":0,"_monsterinsights_skip_tracking":false,"_monsterinsights_sitenote_active":false,"_monsterinsights_sitenote_note":"","_monsterinsights_sitenote_category":0,"footnotes":""},"class_list":["post-45081","page","type-page","status-publish","hentry"],"acf":[],"aioseo_notices":[],"_links":{"self":[{"href":"https:\/\/unisinucartagena.edu.co\/en\/wp-json\/wp\/v2\/pages\/45081","targetHints":{"allow":["GET"]}}],"collection":[{"href":"https:\/\/unisinucartagena.edu.co\/en\/wp-json\/wp\/v2\/pages"}],"about":[{"href":"https:\/\/unisinucartagena.edu.co\/en\/wp-json\/wp\/v2\/types\/page"}],"author":[{"embeddable":true,"href":"https:\/\/unisinucartagena.edu.co\/en\/wp-json\/wp\/v2\/users\/1"}],"replies":[{"embeddable":true,"href":"https:\/\/unisinucartagena.edu.co\/en\/wp-json\/wp\/v2\/comments?post=45081"}],"version-history":[{"count":35,"href":"https:\/\/unisinucartagena.edu.co\/en\/wp-json\/wp\/v2\/pages\/45081\/revisions"}],"predecessor-version":[{"id":65032,"href":"https:\/\/unisinucartagena.edu.co\/en\/wp-json\/wp\/v2\/pages\/45081\/revisions\/65032"}],"wp:attachment":[{"href":"https:\/\/unisinucartagena.edu.co\/en\/wp-json\/wp\/v2\/media?parent=45081"}],"curies":[{"name":"wp","href":"https:\/\/api.w.org\/{rel}","templated":true}]}}