{"id":44060,"date":"2021-06-08T15:56:33","date_gmt":"2021-06-08T20:56:33","guid":{"rendered":"https:\/\/www.unisinucartagena.edu.co\/?page_id=44060"},"modified":"2025-04-02T09:12:40","modified_gmt":"2025-04-02T14:12:40","slug":"especializacion-en-auditoria-en-salud-snies-104408-2","status":"publish","type":"page","link":"https:\/\/unisinucartagena.edu.co\/en\/especializacion-en-auditoria-en-salud-snies-104408-2\/","title":{"rendered":"Specialization in Health Audit \u2013 SNIES: 104408"},"content":{"rendered":"<div id=\"pl-44060\"  class=\"panel-layout\" ><div id=\"pg-44060-0\"  class=\"panel-grid panel-no-style\" ><div id=\"pgc-44060-0-0\"  class=\"panel-grid-cell\" ><div id=\"panel-44060-0-0-0\" class=\"so-panel widget widget_text panel-first-child panel-last-child\" data-index=\"0\" >\t\t\t<div class=\"textwidget\"><p>MEN Qualified Regime: Resolution 5479 of April 24, 2015, Expiration date of the Qualified Registry: April 24, 2022<\/p>\n<\/div>\n\t\t<\/div><\/div><\/div><div id=\"pg-44060-1\"  class=\"panel-grid panel-no-style\" ><div id=\"pgc-44060-1-0\"  class=\"panel-grid-cell\" ><div id=\"panel-44060-1-0-0\" class=\"so-panel widget widget_text panel-first-child\" data-index=\"1\" ><h3 class=\"widget-title\">Mission<\/h3>\t\t\t<div class=\"textwidget\"><p>The mission of the program is to specialize professionals in the health and administrative sectors, so that they are able to intervene in the continuous improvement of the quality of health institutions and the development of health audit models; especially in the Caribbean region, through the use of scientific, technical and technological tools with a comprehensive approach and humanistic social vision.<\/p>\n<\/div>\n\t\t<\/div><div id=\"panel-44060-1-0-1\" class=\"so-panel widget widget_text\" data-index=\"2\" ><h3 class=\"widget-title\">Vision<\/h3>\t\t\t<div class=\"textwidget\"><p>By 2020, be leaders in the training of professionals specialized in health auditing with a comprehensive vision, with a high academic level and educational guarantees; updated, audit program managers; in accordance with the demands, needs and priorities of our region and the country, promoting their development and their permanent improvement, within a legal, moral and ethical framework.<\/p>\n<\/div>\n\t\t<\/div><div id=\"panel-44060-1-0-2\" class=\"so-panel widget widget_text panel-last-child\" data-index=\"3\" ><h3 class=\"widget-title\">TRAINING PURPOSES<\/h3>\t\t\t<div class=\"textwidget\"><p>By 2020, be leaders in the training of professionals specialized in health auditing with a comprehensive vision, with a high academic level and educational guarantees; updated, audit program managers; in accordance with the demands, needs and priorities of our region and the country, promoting their development and their permanent improvement, within a legal, moral and ethical framework.<\/p>\n<ul>\n<li>Develop skills in students to design, plan and evaluate audit systems in EPS, IPS, ESE, ARS, ARP, Prepaid Medicine Entities, Surveillance and Control Bodies and Administrative and Municipal Health Directorates, according to new trends of the General System of Social Security in Health and in accordance with ISO standards and the National System of Accreditation in Health.<\/li>\n<li>Delve into the conceptual and theoretical foundations and approaches of how I manage quality in health services, in the regulatory and institutional development context.<\/li>\n<li>\u00a0Implement quality management indicators as a tool that contributes to increasing the social and human well-being of the entire population.<\/li>\n<li>Favor the development of criteria and critical sense to face the conflicts typical of the area of specialization.<\/li>\n<li>Develop the leadership capacity of the future specialist with a solid ethical and humanistic background.<\/li>\n<li>Resize the activity of the Quality Manager and Health Auditor so that their professional practice is recognized and respected at all levels of the organization.<\/li>\n<\/ul>\n<p>This program is open to professionals in the health area: doctors, dentists, bacteriologists, professional nurses, surgical technicians and other professionals in the health area, as well as professionals in the area of administrative and related sciences.<\/p>\n<\/div>\n\t\t<\/div><\/div><\/div><div id=\"pg-44060-2\"  class=\"panel-grid panel-no-style\" ><div id=\"pgc-44060-2-0\"  class=\"panel-grid-cell\" ><div id=\"panel-44060-2-0-0\" class=\"so-panel widget widget_button panel-first-child panel-last-child\" data-index=\"4\" ><div class=\"thim-widget-button thim-widget-button-base template-base\"><a class=\"widget-button  no-border large custom_style\" href=\"http:\/\/goo.gl\/forms\/cRio8wtMEi\" target=\"_blank\" style=\"font-size: 16px;font-weight: normal;background-color: #dd3333;\" data-hover=\"font-size: 16px;font-weight: normal;\"><i class=\"pencil\" style=\"font-size: 14px;\"><\/i> I want to know more<\/a><\/div><\/div><\/div><div id=\"pgc-44060-2-1\"  class=\"panel-grid-cell\" ><div id=\"panel-44060-2-1-0\" class=\"so-panel widget widget_button panel-first-child panel-last-child\" data-index=\"5\" ><div class=\"thim-widget-button thim-widget-button-base template-base\"><a class=\"widget-button  no-border large custom_style\" href=\"https:\/\/elysa.unisinu.edu.co\/psp\/csadm\/EMPLOYEE\/HRMS\/c\/UA_FRM_ADMISION_MNU.UA_ADMISION_LOGIN.GBL?&amp;userid=%25252525252525252520US_FRMLRADMSN&amp;pwd=%25252525252525252520US_FRMLRADMSNs\" target=\"_blank\" style=\"font-size: 16px;font-weight: normal;background-color: #dd3333;\" data-hover=\"font-size: 16px;font-weight: normal;\"><i class=\"pencil\" style=\"font-size: 14px;\"><\/i> sign up here<\/a><\/div><\/div><\/div><div id=\"pgc-44060-2-2\"  class=\"panel-grid-cell panel-grid-cell-mobile-last\" ><div id=\"panel-44060-2-2-0\" class=\"so-panel widget widget_button panel-first-child panel-last-child\" data-index=\"6\" ><div class=\"thim-widget-button thim-widget-button-base template-base\"><a class=\"widget-button  no-border large custom_style\" href=\"https:\/\/unisinucartagena.edu.co\/en\/calendario-de-admisiones\/#1611004448073-ca041768-7942\" target=\"_blank\" style=\"font-size: 16px;font-weight: normal;background-color: #dd3333;\" data-hover=\"font-size: 16px;font-weight: normal;\"><i class=\"pencil\" style=\"font-size: 14px;\"><\/i> Academic calendar<\/a><\/div><\/div><\/div><div id=\"pgc-44060-2-3\"  class=\"panel-grid-cell panel-grid-cell-empty\" ><\/div><\/div><div id=\"pg-44060-3\"  class=\"panel-grid panel-no-style\" ><div id=\"pgc-44060-3-0\"  class=\"panel-grid-cell\" ><div id=\"panel-44060-3-0-0\" class=\"widget_text so-panel widget widget_custom_html panel-first-child\" data-index=\"7\" ><div class=\"textwidget custom-html-widget\"><table>\n<thead>\n<tr>\n<th>TITLE TO ISSUE<\/th>\n<th>HEALTH AUDIT SPECIALIZATION<\/th>\n<\/tr>\n<\/thead>\n<tbody>\n<tr>\n<td>DURATION<\/td>\n<td>2 Semesters<\/td>\n<\/tr>\n<tr>\n<td>ADMISSION PERIOD<\/td>\n<td>Biannual<\/td>\n<\/tr>\n<tr>\n<td>REG. MEN QUALIFIED:<\/td>\n<td>Resolution No. 5479 of April 24, 2015. Expiration date of the Qualified Registry: April 24, 2022<\/td>\n<\/tr>\n<tr>\n<td>SNIES<\/td>\n<td>104408<\/td>\n<\/tr>\n<tr>\n<td>QUOTA PER SEMESTER<\/td>\n<td>30 students<\/td>\n<\/tr>\n<tr>\n<td>METHODOLOGY<\/td>\n<td>Face-to-face (concentrated on weekends)<\/td>\n<\/tr>\n<tr>\n<td>WORKING DAY<\/td>\n<td>Friday 5:00 a.m. to 9:00 p.m. and Saturday from 8:00 a.m. to 12:00 p.m. and 2:00 p.m. to 6:00 p.m. (12 hours per week) <\/td>\n<\/tr>\n<tr>\n<td><strong>ENROLLMENT VALUE<\/strong><\/td>\n<td>$ 12.451.7000 + 1% Procultura District Stamp Value<\/td>\n<\/tr>\n\t<tr>\n<td>FRECUENCIA DE CLASES Y HORARIOS<\/td>\n<td> Encuentros semanales los viernes (5-9pm) y s\u00e1bados (8-12m\/2-6pm) (Este programa a\u00fan no tiene su primer corte, pero se mantiene el mismo horario)<\/td>\n<\/tr>\n<\/tbody>\n<\/table><\/div><\/div><div id=\"panel-44060-3-0-1\" class=\"so-panel widget widget_tab\" data-index=\"8\" ><div class=\"thim-widget-tab thim-widget-tab-base template-base\"><ul class=\"nav nav-tabs\" role=\"tablist\"><li role=\"presentation\" class='active tab-col-3'><a href=\"#thim-widget-tab-11778727467-1-100\"  role=\"tab\" data-toggle=\"tab\">Proceso de Inscripci\u00f3n<\/a><\/li><li role=\"presentation\" class='tab-col-3'><a href=\"#thim-widget-tab-21778727467-1-100\"  role=\"tab\" data-toggle=\"tab\">Admission requirements<\/a><\/li><li role=\"presentation\" class='tab-col-3'><a href=\"#thim-widget-tab-31778727467-1-100\"  role=\"tab\" data-toggle=\"tab\">Profile<\/a><\/li><\/ul><div class=\"tab-content\"> <div role=\"tabpanel\" class=\"tab-pane active\" id=\"thim-widget-tab-11778727467-1-100\"><h3>Para realizar la inscripci\u00f3n, ingrese a la plataforma Elysa a trav\u00e9s del enlace de la p\u00e1gina web<\/h3>\n<h3><a href=\"http:\/\/elysa.unisinu.edu.co\/psc\/csadm\/EMPLOYEE\/HRMS\/c\/UA_FRM_ADMISION_MNU.UA_ADMISION_LOGIN.GBL?&amp;userid=US_FRMLRADMSN_NV&amp;pwd=Vp@+3mq0o&amp;languageCd=ESP&amp;\">INSCRIPCIONES POSGRADOS O CLIC AQU\u00cd <\/a><\/h3>\n\n\n<ul>\n\n \t<li>Diligencie el formulario de Inscripci\u00f3n.<\/li>\n \t<li>Imprima el volante de inscripci\u00f3n y cancele el valor correspondiente en el banco indicado o a trav\u00e9s de la plataforma, antes de la fecha de vencimiento.<\/li>\n \t<li>Cargue los documentos a trav\u00e9s del formulario de Inscripci\u00f3n Paso 5<\/li><br><br>\nVerifique que los documentos aportados sean los solicitados en los requisitos de inscripci\u00f3n, si es as\u00ed recibir\u00e1 notificaci\u00f3n de APROBADO, en caso contrario la notificaci\u00f3n ser\u00e1 de RECHAZADO y\npodr\u00e1 dentro de las fechas establecidas para la inscripci\u00f3n subsanar lo requerido. No se recibir\u00e1n documentos vencida la fecha de entrega, sin excepci\u00f3n\n\n<\/ul><\/div> <div role=\"tabpanel\" class=\"tab-pane\" id=\"thim-widget-tab-21778727467-1-100\"><section id=\"content\" class=\"grid-block\">\n<div id=\"system\"><article class=\"item\">\n<div class=\"content clearfix\">\n\n<h3 style=\"text-align: justify\">REGISTRATION REQUIREMENTS<\/h3>\n<ol>\n\t<li>Send your documents to the email: secadmisions@unisinucartagena.edu.co<\/li>\n \t<li>Registration form duly completed with the photos in the corresponding spaces<\/li>\n \t<li>Authenticated photocopy of the degree certificate and the professional degree diploma<strong>(True copy of the original)<\/strong> that accredits the Professional Degree<\/li>\n \t<li>Saber Pro Test Result (ECAES.) *<\/li>\n\t<li>Photocopy of extended ID 150%*<\/li>\n \t<li>3 3x4 photos, black and white<\/li>\n         <li>* Does not apply to foreigners<\/li>\n\t<li>Your email will receive the information that your registration was accepted because you met the requirements.<\/li>\n<\/ol>\n<\/div>\n<\/article><\/div>\n<\/section>\n<h3 style=\"text-align: justify\">ADDITIONAL DOCUMENTS FOREIGN APPLICANTS<\/h3>\n<ul style=\"text-align: justify\">\n \t<li>Photocopy of passport<\/li>\n \t<li>Undergraduate degree or its equivalent that accredits you as a professional must be validated by the Ministry of National Education of Colombia.<\/li>\n \t<li>The certificates and the diploma must have the apostille stamp of the Ministry of Foreign Affairs or Entity in charge of this procedure in the country of origin.<\/li>\n<\/ul>\n<p style=\"text-align: justify\">All documents that are not in Spanish must be translated.<\/p>\n\n<h3 style=\"text-align: justify\">REQUIRED ADDITIONAL DOCUMENTATION REGISTRATION FOR FOREIGNERS<\/h3>\n<ul style=\"text-align: justify\">\n \t<li>Photocopy of valid foreign identity card<\/li>\n \t<li>Photocopy of the current student visa<\/li>\n<\/ul><\/div> <div role=\"tabpanel\" class=\"tab-pane\" id=\"thim-widget-tab-31778727467-1-100\"><h3>OCCUPATIONAL PROFILE<\/h3>\nThe Health Audit Specialist is a specialist who will work in health institutions:\n<ul>\n \t<li>You can perform as: quality manager or manager, auditor and director of audit teams in health institutions, at the municipal, departmental and national levels.<\/li>\n \t<li>You will be able to develop Internal, External, Mixed and Shared audits in health institutions.<\/li>\n \t<li>Work as advisers to national and regional organizations that are in charge of improving health quality and health auditing.<\/li>\n \t<li>You can work on the development of institutional diagnoses and solutions through quality management and audit programs in the health sector<\/li>\n \t<li>Director of quality programs in health institutions or insurance entities of the General System of Social Security in Health.<\/li>\n \t<li>Administrative and\/or assistance auditor in health institutions or in insurance entities of the General System of Social Security in Health.<\/li>\n \t<li>Consultant in audit programs in national or international organizations.<\/li>\n \t<li>Advisor in health audit programs in management entities of the General Social Security System.<\/li>\n \t<li>\u00a0Researcher of the problems of health institutions that allows him to find relevant and innovative solutions.<\/li>\n \t<li>Independent practice, or with a dependency relationship, administration, coordination and management of institutions that are part of the general social security system and manager of their own company.<\/li>\n<\/ul>\n<h3>PROFESSIONAL PROFILE<\/h3>\nThe specialist in Health Audit of our institution will be characterized by:\n<ul>\n \t<li>Be a professional specialized in Health Audit possessing ethical and moral values, with guaranteed skills in the field to be developed.<\/li>\n \t<li>Managers in the creation and execution of programs and audit models.<\/li>\n \t<li>Possessors of capacities that allow them to interact interdisciplinarily in the academic, healthcare and labor fields.<\/li>\n \t<li>Protagonists in the search for knowledge that can present solutions to the audit problem in health institutions.<\/li>\n \t<li>Understand and participate in the social security processes that are being developed in the country.<\/li>\n \t<li>Live constantly in an attitude of improvement, training and academic and personal updating.<\/li>\n \t<li>Skills in handling concepts, theories and approaches related to health auditing.<\/li>\n \t<li>Ability to understand the legislation of the sector and health policies to apply them in health institutions from the perspective of quality and health auditing.<\/li>\n \t<li>Skills to manage quality improvement programs and design and implement health audit systems and models.<\/li>\n \t<li>Skill and knowledge in diagnosing problems in auditing health institutions and the ability to implement solutions.<\/li>\n \t<li>Trained to manage and implement all the components of the quality assurance system in force in Colombia.<\/li>\n<\/ul>\n\n<hr \/>\n<p style=\"text-align: justify\"><\/p><\/div><\/div><\/div><\/div><div id=\"panel-44060-3-0-2\" class=\"so-panel widget widget_text\" data-index=\"9\" ><h3 class=\"widget-title\">Study plan<\/h3>\t\t\t<div class=\"textwidget\"><\/div>\n\t\t<\/div><div id=\"panel-44060-3-0-3\" class=\"so-panel widget widget_tab\" data-index=\"10\" ><div class=\"thim-widget-tab thim-widget-tab-base template-base\"><ul class=\"nav nav-tabs\" role=\"tablist\"><li role=\"presentation\" class='active tab-col-3'><a href=\"#thim-widget-tab-11778727467-1-14\"  role=\"tab\" data-toggle=\"tab\">I Semester<\/a><\/li><li role=\"presentation\" class='tab-col-3'><a href=\"#thim-widget-tab-21778727467-1-14\"  role=\"tab\" data-toggle=\"tab\">II Semester<\/a><\/li><li role=\"presentation\" class='tab-col-3'><a href=\"#thim-widget-tab-31778727467-1-14\"  role=\"tab\" data-toggle=\"tab\">Elective Module<\/a><\/li><\/ul><div class=\"tab-content\"> <div role=\"tabpanel\" class=\"tab-pane active\" id=\"thim-widget-tab-11778727467-1-14\"><table class=\"tableizer-table\">\n<thead><tr class=\"tableizer-firstrow\"><th>Subject<\/th><th>Contact hours<\/th><th>independent hours<\/th><th>Total hours<\/th><th>Academic credits<\/th><\/tr><\/thead><tbody>\n <tr><td>Health legislation (1)<\/td><td>36<\/td><td>60<\/td><td>96<\/td><td>2<\/td><\/tr>\n <tr><td>Comprehensive quality management (2)<\/td><td>24<\/td><td>72<\/td><td>96<\/td><td>2<\/td><\/tr>\n <tr><td>Statistical tools for continuous improvement (3)<\/td><td>24<\/td><td>72<\/td><td>96<\/td><td>2<\/td><\/tr>\n <tr><td>Health quality (4)<\/td><td>24<\/td><td>72<\/td><td>48<\/td><td>2<\/td><\/tr>\n <tr><td>Research Methodology (5)<\/td><td>24<\/td><td>72<\/td><td>96<\/td><td>2<\/td><\/tr>\n <tr><td>Strategic management (6)<\/td><td>36<\/td><td>60<\/td><td>48<\/td><td>2<\/td><\/tr>\n <tr><td>Information systems in health institutions (7)<\/td><td>24<\/td><td>72<\/td><td>96<\/td><td>2<\/td><\/tr>\n <tr><td>TOTAL<\/td><td>192<\/td><td>480<\/td><td>672<\/td><td>14<\/td><\/tr>\n<\/tbody><\/table><\/div> <div role=\"tabpanel\" class=\"tab-pane\" id=\"thim-widget-tab-21778727467-1-14\"><table class=\"tableizer-table\">\n<thead><tr class=\"tableizer-firstrow\"><th>Subject<\/th><th>Contact hours<\/th><th>independent hours<\/th><th>Total hours<\/th><th>Academic credits<\/th><\/tr><\/thead><tbody>\n <tr><td>health costs<\/td><td>24<\/td><td>72<\/td><td>96<\/td><td>2<\/td><\/tr>\n <tr><td>basic audit<\/td><td>24<\/td><td>72<\/td><td>96<\/td><td>2<\/td><\/tr>\n <tr><td>Accounting audit in health. (10)<\/td><td>24<\/td><td>72<\/td><td>96<\/td><td>2<\/td><\/tr>\n <tr><td>Customer Service Management (11)<\/td><td>24<\/td><td>72<\/td><td>96<\/td><td>2<\/td><\/tr>\n <tr><td>Quality Management (12)<\/td><td>24<\/td><td>72<\/td><td>96<\/td><td>2<\/td><\/tr>\n <tr><td>Health audit (13)<\/td><td>36<\/td><td>60<\/td><td>48<\/td><td>2<\/td><\/tr>\n <tr><td>Quality assurance systems (14)<\/td><td>24<\/td><td>72<\/td><td>96<\/td><td>2<\/td><\/tr>\n <tr><td>Elective (15)<\/td><td>12<\/td><td>36<\/td><td>48<\/td><td>1<\/td><\/tr>\n <tr><td>TOTAL<\/td><td>192<\/td><td>528<\/td><td>720<\/td><td>15<\/td><\/tr>\n<\/tbody><\/table><\/div> <div role=\"tabpanel\" class=\"tab-pane\" id=\"thim-widget-tab-31778727467-1-14\"><table class=\"tableizer-table\">\n<thead><tr class=\"tableizer-firstrow\"><th>Elective Modules<\/th><\/tr><\/thead><tbody>\n <tr><td>Patient safety<\/td><\/tr>\n <tr><td>Internal control system<\/td><\/tr>\n <tr><td>Medical accounts audit<\/td><\/tr>\n <tr><td>Forensic audit<\/td><\/tr>\n<\/tbody><\/table><\/div><\/div><\/div><\/div><div id=\"panel-44060-3-0-4\" class=\"widget_text so-panel widget widget_custom_html panel-last-child\" data-index=\"11\" ><div class=\"textwidget custom-html-widget\"><center><h3>\n\t<a href=\"https:\/\/drive.google.com\/file\/d\/1I_qhgcGGUJudOQy6h4g6YNXkd7V8lel0\/view\" target=\"_blank\">Download Information Booklet<\/a>\n\t<\/h3><\/center>\n<div class=\"_3d-flip-book  fb3d-fullscreen-mode full-size\" data-id=\"24508\" data-mode=\"fullscreen\" data-title=\"false\" data-template=\"short-white-book-view\" data-lightbox=\"dark-shadow\" data-urlparam=\"fb3d-page\" data-page-n=\"0\" data-pdf=\"\" data-tax=\"null\" data-thumbnail=\"\" data-cols=\"3\" data-book-template=\"default\" data-trigger=\"\"><\/div><script type=\"text\/javascript\">window.FB3D_CLIENT_DATA = window.FB3D_CLIENT_DATA || [];FB3D_CLIENT_DATA.push('eyJwb3N0cyI6eyIyNDUwOCI6eyJJRCI6MjQ1MDgsInRpdGxlIjoiQnJvc2h1cmUgRXNwZWNpYWxpemFjaVx1MDBmM24gZW4gQXVkaXRvcmlhIGVuIFNhbHVkIiwidHlwZSI6InBkZiIsInJlYWR5X2Z1bmN0aW9uIjoiIiwiYm9va19zdHlsZSI6InZvbHVtZSIsImJvb2tfdGVtcGxhdGUiOiJub25lIiwib3V0bGluZSI6W10sImRhdGEiOnsicG9zdF9JRCI6IjQyODE2IiwiZ3VpZCI6Imh0dHBzOlwvXC91bmlzaW51Y2FydGFnZW5hLmVkdS5jb1wvd3AtY29udGVudFwvdXBsb2Fkc1wvMjAxOVwvMDFcL0VTUC4tQVVESVRPUklBLUVOLVNBTFVEd2ViLnBkZiIsInBkZl9wYWdlcyI6IjQiLCJwYWdlc19jdXN0b21pemF0aW9uIjoibm9uZSJ9LCJ0aHVtYm5haWwiOnsiZGF0YSI6eyJwb3N0X0lEIjoiMCJ9LCJ0eXBlIjoiYXV0byJ9LCJwcm9wcyI6eyJoZWlnaHQiOiJhdXRvIiwid2lkdGgiOiJhdXRvIiwiZ3Jhdml0eSI6ImF1dG8iLCJjYWNoZWRQYWdlcyI6ImF1dG8iLCJyZW5kZXJJbmFjdGl2ZVBhZ2VzIjoiYXV0byIsInJlbmRlckluYWN0aXZlUGFnZXNPbk1vYmlsZSI6ImF1dG8iLCJyZW5kZXJXaGlsZUZsaXBwaW5nIjoiYXV0byIsInBhZ2VzRm9yUHJlZGljdGluZyI6ImF1dG8iLCJwcmVsb2FkUGFnZXMiOiJhdXRvIiwicnRsIjoiYXV0byIsInNoZWV0Ijp7InN0YXJ0VmVsb2NpdHkiOiJhdXRvIiwiY29ybmVyRGV2aWF0aW9uIjoiYXV0byIsImZsZXhpYmlsaXR5IjoiYXV0byIsImZsZXhpYmxlQ29ybmVyIjoiYXV0byIsImJlbmRpbmciOiJhdXRvIiwid2F2ZSI6ImF1dG8iLCJ3aWR0aFRleGVscyI6ImF1dG8iLCJoZWlnaHRUZXhlbHMiOiJhdXRvIiwiY29sb3IiOiJhdXRvIn0sImNvdmVyIjp7InN0YXJ0VmVsb2NpdHkiOiJhdXRvIiwiZmxleGliaWxpdHkiOiJhdXRvIiwiZmxleGlibGVDb3JuZXIiOiJhdXRvIiwiYmVuZGluZyI6ImF1dG8iLCJ3YXZlIjoiYXV0byIsIndpZHRoVGV4ZWxzIjoiYXV0byIsImhlaWdodFRleGVscyI6ImF1dG8iLCJjb2xvciI6ImF1dG8iLCJiaW5kZXJUZXh0dXJlIjoiYXV0byIsImRlcHRoIjoiYXV0byIsInBhZGRpbmciOiJhdXRvIiwibWFzcyI6ImF1dG8ifSwicGFnZSI6eyJzdGFydFZlbG9jaXR5IjoiYXV0byIsImZsZXhpYmlsaXR5IjoiYXV0byIsImZsZXhpYmxlQ29ybmVyIjoiYXV0byIsImJlbmRpbmciOiJhdXRvIiwid2F2ZSI6ImF1dG8iLCJ3aWR0aFRleGVscyI6ImF1dG8iLCJoZWlnaHRUZXhlbHMiOiJhdXRvIiwiY29sb3IiOiJhdXRvIiwiZGVwdGgiOiJhdXRvIiwibWFzcyI6ImF1dG8ifX0sImNvbnRyb2xQcm9wcyI6eyJhY3Rpb25zIjp7ImNtZFNhdmUiOnsiZW5hYmxlZCI6ImF1dG8ifSwiY21kUHJpbnQiOnsiZW5hYmxlZCI6ImF1dG8ifSwiY21kU2luZ2xlUGFnZSI6eyJlbmFibGVkIjoiYXV0byIsImFjdGl2ZSI6ImF1dG8ifX19LCJhdXRvVGh1bWJuYWlsIjpudWxsLCJwb3N0X25hbWUiOiIyNDUwOCIsInBvc3RfdHlwZSI6IjNkLWZsaXAtYm9vayJ9fSwicGFnZXMiOltdLCJmaXJzdFBhZ2VzIjpbXX0=');window.FB3D_CLIENT_LOCALE && FB3D_CLIENT_LOCALE.render && FB3D_CLIENT_LOCALE.render();<\/script><\/div><\/div><\/div><\/div><\/div>","protected":false},"excerpt":{"rendered":"<p>MEN Qualified Regime: Resolution 5479 of April 24, 2015, Expiration date of the Qualified Registry: April 24, 2022 The mission of the program is to specialize professionals in the health and administrative sectors, so that they are able to intervene\u2026 <\/p>","protected":false},"author":1,"featured_media":0,"parent":0,"menu_order":0,"comment_status":"closed","ping_status":"open","template":"","meta":{"_acf_changed":false,"_bbp_topic_count":0,"_bbp_reply_count":0,"_bbp_total_topic_count":0,"_bbp_total_reply_count":0,"_bbp_voice_count":0,"_bbp_anonymous_reply_count":0,"_bbp_topic_count_hidden":0,"_bbp_reply_count_hidden":0,"_bbp_forum_subforum_count":0,"_monsterinsights_skip_tracking":false,"_monsterinsights_sitenote_active":false,"_monsterinsights_sitenote_note":"","_monsterinsights_sitenote_category":0,"footnotes":""},"class_list":["post-44060","page","type-page","status-publish","hentry"],"acf":[],"aioseo_notices":[],"_links":{"self":[{"href":"https:\/\/unisinucartagena.edu.co\/en\/wp-json\/wp\/v2\/pages\/44060","targetHints":{"allow":["GET"]}}],"collection":[{"href":"https:\/\/unisinucartagena.edu.co\/en\/wp-json\/wp\/v2\/pages"}],"about":[{"href":"https:\/\/unisinucartagena.edu.co\/en\/wp-json\/wp\/v2\/types\/page"}],"author":[{"embeddable":true,"href":"https:\/\/unisinucartagena.edu.co\/en\/wp-json\/wp\/v2\/users\/1"}],"replies":[{"embeddable":true,"href":"https:\/\/unisinucartagena.edu.co\/en\/wp-json\/wp\/v2\/comments?post=44060"}],"version-history":[{"count":18,"href":"https:\/\/unisinucartagena.edu.co\/en\/wp-json\/wp\/v2\/pages\/44060\/revisions"}],"predecessor-version":[{"id":62622,"href":"https:\/\/unisinucartagena.edu.co\/en\/wp-json\/wp\/v2\/pages\/44060\/revisions\/62622"}],"wp:attachment":[{"href":"https:\/\/unisinucartagena.edu.co\/en\/wp-json\/wp\/v2\/media?parent=44060"}],"curies":[{"name":"wp","href":"https:\/\/api.w.org\/{rel}","templated":true}]}}