{"id":43843,"date":"2020-05-11T17:03:52","date_gmt":"2020-05-11T22:03:52","guid":{"rendered":"https:\/\/www.unisinucartagena.edu.co\/?page_id=43843"},"modified":"2020-05-12T15:38:59","modified_gmt":"2020-05-12T20:38:59","slug":"reto-carrera-virtual","status":"publish","type":"page","link":"https:\/\/unisinucartagena.edu.co\/en\/reto-carrera-virtual\/","title":{"rendered":"Challenge \u2013 Virtual Race"},"content":{"rendered":"<div class=\"vc_row wpb_row vc_row-fluid\"><div class=\"wpb_column vc_column_container vc_col-sm-12\"><div class=\"vc_column-inner\"><div class=\"wpb_wrapper\">\n\t<div class=\"wpb_text_column wpb_content_element\" >\n\t\t<div class=\"wpb_wrapper\">\n\t\t\t<p style=\"text-align: center;\"><strong>INSTRUCTIONS<\/strong><\/p>\n<p style=\"text-align: center;\"><strong>VIRTUAL OBSERVATION CAREER \u2013 \u201cFOR THE ROUTE OF OUR FOUNDER\u201d EL\u00cdAS BECHARA <\/strong><strong>ZAINUM<\/strong><\/p>\n\n\t\t<\/div>\n\t<\/div>\n<\/div><\/div><\/div><\/div><div class=\"vc_row wpb_row vc_row-fluid\"><div class=\"wpb_column vc_column_container vc_col-sm-4\"><div class=\"vc_column-inner\"><div class=\"wpb_wrapper\">\n\t<div  class=\"wpb_single_image wpb_content_element vc_align_center\">\n\t\t\n\t\t<figure class=\"wpb_wrapper vc_figure\">\n\t\t\t<a class=\"\" data-lightbox=\"lightbox[rel-43843-4281808221]\" href=\"https:\/\/i0.wp.com\/unisinucartagena.edu.co\/wp-content\/uploads\/2020\/05\/1-3-1024x1024.jpeg?ssl=1\" target=\"_self\"><img data-recalc-dims=\"1\" fetchpriority=\"high\" decoding=\"async\" width=\"640\" height=\"640\" src=\"https:\/\/i0.wp.com\/unisinucartagena.edu.co\/wp-content\/uploads\/2020\/05\/1-3.jpeg?resize=640%2C640&#038;ssl=1\" class=\"vc_single_image-img attachment-full\" alt=\"\" title=\"1\" srcset=\"https:\/\/i0.wp.com\/unisinucartagena.edu.co\/wp-content\/uploads\/2020\/05\/1-3.jpeg?w=1280&amp;ssl=1 1280w, https:\/\/i0.wp.com\/unisinucartagena.edu.co\/wp-content\/uploads\/2020\/05\/1-3.jpeg?resize=300%2C300&amp;ssl=1 300w, https:\/\/i0.wp.com\/unisinucartagena.edu.co\/wp-content\/uploads\/2020\/05\/1-3.jpeg?resize=1024%2C1024&amp;ssl=1 1024w, https:\/\/i0.wp.com\/unisinucartagena.edu.co\/wp-content\/uploads\/2020\/05\/1-3.jpeg?resize=150%2C150&amp;ssl=1 150w, https:\/\/i0.wp.com\/unisinucartagena.edu.co\/wp-content\/uploads\/2020\/05\/1-3.jpeg?resize=768%2C768&amp;ssl=1 768w, https:\/\/i0.wp.com\/unisinucartagena.edu.co\/wp-content\/uploads\/2020\/05\/1-3.jpeg?resize=100%2C100&amp;ssl=1 100w, https:\/\/i0.wp.com\/unisinucartagena.edu.co\/wp-content\/uploads\/2020\/05\/1-3.jpeg?resize=50%2C50&amp;ssl=1 50w\" sizes=\"(max-width: 640px) 100vw, 640px\" \/><\/a>\n\t\t<\/figure>\n\t<\/div>\n<\/div><\/div><\/div><div class=\"wpb_column vc_column_container vc_col-sm-4\"><div class=\"vc_column-inner\"><div class=\"wpb_wrapper\">\n\t<div  class=\"wpb_single_image wpb_content_element vc_align_center\">\n\t\t\n\t\t<figure class=\"wpb_wrapper vc_figure\">\n\t\t\t<a class=\"\" data-lightbox=\"lightbox[rel-43843-2422473206]\" href=\"https:\/\/i0.wp.com\/unisinucartagena.edu.co\/wp-content\/uploads\/2020\/05\/2-3-1024x1024.jpeg?ssl=1\" target=\"_self\"><img data-recalc-dims=\"1\" decoding=\"async\" width=\"640\" height=\"640\" src=\"https:\/\/i0.wp.com\/unisinucartagena.edu.co\/wp-content\/uploads\/2020\/05\/2-3.jpeg?resize=640%2C640&#038;ssl=1\" class=\"vc_single_image-img attachment-full\" alt=\"\" title=\"2\" srcset=\"https:\/\/i0.wp.com\/unisinucartagena.edu.co\/wp-content\/uploads\/2020\/05\/2-3.jpeg?w=1280&amp;ssl=1 1280w, https:\/\/i0.wp.com\/unisinucartagena.edu.co\/wp-content\/uploads\/2020\/05\/2-3.jpeg?resize=300%2C300&amp;ssl=1 300w, https:\/\/i0.wp.com\/unisinucartagena.edu.co\/wp-content\/uploads\/2020\/05\/2-3.jpeg?resize=1024%2C1024&amp;ssl=1 1024w, https:\/\/i0.wp.com\/unisinucartagena.edu.co\/wp-content\/uploads\/2020\/05\/2-3.jpeg?resize=150%2C150&amp;ssl=1 150w, https:\/\/i0.wp.com\/unisinucartagena.edu.co\/wp-content\/uploads\/2020\/05\/2-3.jpeg?resize=768%2C767&amp;ssl=1 768w, https:\/\/i0.wp.com\/unisinucartagena.edu.co\/wp-content\/uploads\/2020\/05\/2-3.jpeg?resize=100%2C100&amp;ssl=1 100w, https:\/\/i0.wp.com\/unisinucartagena.edu.co\/wp-content\/uploads\/2020\/05\/2-3.jpeg?resize=50%2C50&amp;ssl=1 50w\" sizes=\"(max-width: 640px) 100vw, 640px\" \/><\/a>\n\t\t<\/figure>\n\t<\/div>\n<\/div><\/div><\/div><div class=\"wpb_column vc_column_container vc_col-sm-4\"><div class=\"vc_column-inner\"><div class=\"wpb_wrapper\">\n\t<div  class=\"wpb_single_image wpb_content_element vc_align_center\">\n\t\t\n\t\t<figure class=\"wpb_wrapper vc_figure\">\n\t\t\t<a class=\"\" data-lightbox=\"lightbox[rel-43843-1975439562]\" href=\"https:\/\/i0.wp.com\/unisinucartagena.edu.co\/wp-content\/uploads\/2020\/05\/3-3-1024x1024.jpeg?ssl=1\" target=\"_self\"><img data-recalc-dims=\"1\" decoding=\"async\" width=\"640\" height=\"640\" src=\"https:\/\/i0.wp.com\/unisinucartagena.edu.co\/wp-content\/uploads\/2020\/05\/3-3.jpeg?resize=640%2C640&#038;ssl=1\" class=\"vc_single_image-img attachment-full\" alt=\"\" title=\"3\" srcset=\"https:\/\/i0.wp.com\/unisinucartagena.edu.co\/wp-content\/uploads\/2020\/05\/3-3.jpeg?w=1280&amp;ssl=1 1280w, https:\/\/i0.wp.com\/unisinucartagena.edu.co\/wp-content\/uploads\/2020\/05\/3-3.jpeg?resize=300%2C300&amp;ssl=1 300w, https:\/\/i0.wp.com\/unisinucartagena.edu.co\/wp-content\/uploads\/2020\/05\/3-3.jpeg?resize=1024%2C1024&amp;ssl=1 1024w, https:\/\/i0.wp.com\/unisinucartagena.edu.co\/wp-content\/uploads\/2020\/05\/3-3.jpeg?resize=150%2C150&amp;ssl=1 150w, https:\/\/i0.wp.com\/unisinucartagena.edu.co\/wp-content\/uploads\/2020\/05\/3-3.jpeg?resize=768%2C767&amp;ssl=1 768w, https:\/\/i0.wp.com\/unisinucartagena.edu.co\/wp-content\/uploads\/2020\/05\/3-3.jpeg?resize=100%2C100&amp;ssl=1 100w, https:\/\/i0.wp.com\/unisinucartagena.edu.co\/wp-content\/uploads\/2020\/05\/3-3.jpeg?resize=50%2C50&amp;ssl=1 50w\" sizes=\"(max-width: 640px) 100vw, 640px\" \/><\/a>\n\t\t<\/figure>\n\t<\/div>\n<\/div><\/div><\/div><\/div><div class=\"vc_row wpb_row vc_row-fluid\"><div class=\"wpb_column vc_column_container vc_col-sm-12\"><div class=\"vc_column-inner\"><div class=\"wpb_wrapper\"><div class=\"vc_separator wpb_content_element vc_separator_align_center vc_sep_width_100 vc_sep_pos_align_center vc_separator_no_text vc_sep_color_grey\" ><span class=\"vc_sep_holder vc_sep_holder_l\"><span  class=\"vc_sep_line\"><\/span><\/span><span class=\"vc_sep_holder vc_sep_holder_r\"><span  class=\"vc_sep_line\"><\/span><\/span>\n<\/div><\/div><\/div><\/div><\/div><div class=\"vc_row wpb_row vc_row-fluid\"><div class=\"wpb_column vc_column_container vc_col-sm-12\"><div class=\"vc_column-inner\"><div class=\"wpb_wrapper\"><div class=\"vc_row wpb_row vc_inner vc_row-fluid\"><div class=\"wpb_column vc_column_container vc_col-sm-3\"><div class=\"vc_column-inner\"><div class=\"wpb_wrapper\">\n\t<div class=\"wpb_text_column wpb_content_element\" >\n\t\t<div class=\"wpb_wrapper\">\n\t\t\t<p style=\"text-align: center;\"><span style=\"color: #e00000;\"><strong>ORGANIZERS:<\/strong><\/span><br \/>\n<span style=\"color: #000000;\">FACULTY OF HEALTH SCIENCES<\/span><\/p>\n\n\t\t<\/div>\n\t<\/div>\n<\/div><\/div><\/div><div class=\"wpb_column vc_column_container vc_col-sm-3\"><div class=\"vc_column-inner\"><div class=\"wpb_wrapper\">\n\t<div class=\"wpb_text_column wpb_content_element\" >\n\t\t<div class=\"wpb_wrapper\">\n\t\t\t<p style=\"text-align: center;\"><span style=\"color: #e00000;\"><strong>CHALLENGE:<\/strong><\/span><br \/>\n<span style=\"color: #000000;\">Discover the example of El\u00edas Bechara Zain\u00fam&#039;s life project<\/span><\/p>\n\n\t\t<\/div>\n\t<\/div>\n<\/div><\/div><\/div><div class=\"wpb_column vc_column_container vc_col-sm-3\"><div class=\"vc_column-inner\"><div class=\"wpb_wrapper\">\n\t<div class=\"wpb_text_column wpb_content_element\" >\n\t\t<div class=\"wpb_wrapper\">\n\t\t\t<p style=\"text-align: center;\"><span style=\"color: #e00000;\"><strong>METHODOLOGY:<\/strong><\/span><br \/>\n<span style=\"color: #000000;\">CVO- Virtual Career Observation<\/span><\/p>\n\n\t\t<\/div>\n\t<\/div>\n<\/div><\/div><\/div><div class=\"wpb_column vc_column_container vc_col-sm-3\"><div class=\"vc_column-inner\"><div class=\"wpb_wrapper\">\n\t<div class=\"wpb_text_column wpb_content_element\" >\n\t\t<div class=\"wpb_wrapper\">\n\t\t\t<p style=\"text-align: center;\"><span style=\"color: #e00000;\"><strong>WEATHER:<\/strong><\/span><br \/>\n<span style=\"color: #000000;\">2 hours<\/span><\/p>\n\n\t\t<\/div>\n\t<\/div>\n<\/div><\/div><\/div><\/div><div class=\"vc_separator wpb_content_element vc_separator_align_center vc_sep_width_100 vc_sep_pos_align_center vc_sep_color_grey vc_separator-has-text\" ><span class=\"vc_sep_holder vc_sep_holder_l\"><span  class=\"vc_sep_line\"><\/span><\/span><h4>WHEN?: Wednesday, May 13 from 10:00 AM to 12:00 PM.<\/h4><span class=\"vc_sep_holder vc_sep_holder_r\"><span  class=\"vc_sep_line\"><\/span><\/span>\n<\/div>\n\t<div class=\"wpb_text_column wpb_content_element\" >\n\t\t<div class=\"wpb_wrapper\">\n\t\t\t<p style=\"text-align: center;\"><strong>It&#039;s easy, it&#039;s fast, it&#039;s for everyone!<\/strong><\/p>\n\n\t\t<\/div>\n\t<\/div>\n<\/div><\/div><\/div><\/div><div class=\"vc_row wpb_row vc_row-fluid\"><div class=\"wpb_column vc_column_container vc_col-sm-12\"><div class=\"vc_column-inner\"><div class=\"wpb_wrapper\">\n\t<div class=\"wpb_text_column wpb_content_element\" >\n\t\t<div class=\"wpb_wrapper\">\n\t\t\t<p style=\"text-align: center;\"><strong>STEP 1:<\/strong><br \/>\nWE SIGNED UP<br \/>\n<strong>How?<\/strong><br \/>\nI call 9 friends and ask for their full name, school and email<br \/>\n<strong>What I do?<\/strong><br \/>\n1- I send an email with the information of your friends and yours, the name of your team and the captain (WITH YOUR ID) to: secdecanaturasalud@unisinucartagena.edu.co.<br \/>\nRegistration open from Monday, May 12 from 2:00 PM to Tuesday, May 13 at 6:00 PM<\/p>\n<p style=\"text-align: center;\">2- Then the captain goes to his UNISIN\u00da VIRTUAL CLASSROOM and makes his self-registration for admission. The key is: pedagogical week 2020. (Support: jcabarcas@unisinucartagena.edu)<\/p>\n<p style=\"text-align: center;\"><strong>With this, the team is ready!<\/strong><\/p>\n\n\t\t<\/div>\n\t<\/div>\n<div class=\"vc_separator wpb_content_element vc_separator_align_center vc_sep_width_100 vc_sep_pos_align_center vc_separator_no_text vc_sep_color_grey\" ><span class=\"vc_sep_holder vc_sep_holder_l\"><span  class=\"vc_sep_line\"><\/span><\/span><span class=\"vc_sep_holder vc_sep_holder_r\"><span  class=\"vc_sep_line\"><\/span><\/span>\n<\/div>\n\t<div class=\"wpb_text_column wpb_content_element\" >\n\t\t<div class=\"wpb_wrapper\">\n\t\t\t<p style=\"text-align: center;\"><strong>STEP 2:<\/strong><\/p>\n<p style=\"text-align: center;\"><strong>WE PREPARE<\/strong><\/p>\n<p style=\"text-align: center;\">How?<\/p>\n<p style=\"text-align: center;\">The team will attend:<\/p>\n<p style=\"text-align: center;\"><img data-recalc-dims=\"1\" loading=\"lazy\" decoding=\"async\" class=\"wp-image-43846 size-large aligncenter\" src=\"https:\/\/i0.wp.com\/unisinucartagena.edu.co\/wp-content\/uploads\/2020\/05\/WhatsApp-Image-2020-05-09-at-9.49.57-AM-1.jpeg?resize=576%2C1024&#038;ssl=1\" alt=\"\" width=\"576\" height=\"1024\" srcset=\"https:\/\/i0.wp.com\/unisinucartagena.edu.co\/wp-content\/uploads\/2020\/05\/WhatsApp-Image-2020-05-09-at-9.49.57-AM-1.jpeg?resize=576%2C1024&amp;ssl=1 576w, https:\/\/i0.wp.com\/unisinucartagena.edu.co\/wp-content\/uploads\/2020\/05\/WhatsApp-Image-2020-05-09-at-9.49.57-AM-1.jpeg?resize=169%2C300&amp;ssl=1 169w, https:\/\/i0.wp.com\/unisinucartagena.edu.co\/wp-content\/uploads\/2020\/05\/WhatsApp-Image-2020-05-09-at-9.49.57-AM-1.jpeg?w=720&amp;ssl=1 720w\" sizes=\"(max-width: 576px) 100vw, 576px\" \/><\/p>\n<p style=\"text-align: center;\"><strong>Check your PC or cell phone, as well as the internet, telephone or WP connection<\/strong><\/p>\n\n\t\t<\/div>\n\t<\/div>\n<div class=\"vc_separator wpb_content_element vc_separator_align_center vc_sep_width_100 vc_sep_pos_align_center vc_separator_no_text vc_sep_color_grey\" ><span class=\"vc_sep_holder vc_sep_holder_l\"><span  class=\"vc_sep_line\"><\/span><\/span><span class=\"vc_sep_holder vc_sep_holder_r\"><span  class=\"vc_sep_line\"><\/span><\/span>\n<\/div>\n\t<div class=\"wpb_text_column wpb_content_element\" >\n\t\t<div class=\"wpb_wrapper\">\n\t\t\t<p style=\"text-align: center;\"><strong>STEP 3:<\/strong><\/p>\n<p style=\"text-align: center;\"><strong>WE GET READY<\/strong><\/p>\n<p style=\"text-align: center;\">When?<\/p>\n<p style=\"text-align: center;\">On Wednesday May 13 from 9:15 AM to 10 AM<\/p>\n<p style=\"text-align: center;\">How?<\/p>\n<ol>\n<li style=\"text-align: center;\">Organize a WhatsApp group with your team<\/li>\n<li style=\"text-align: center;\">The captain enters that Wednesday at 9:15 AM on the WEBEX platform for instructions and game keys with the support delegates who will be available from 9:00 AM to 12:00 M.<\/li>\n<\/ol>\n\n\t\t<\/div>\n\t<\/div>\n<div class=\"vc_row wpb_row vc_inner vc_row-fluid\"><div class=\"wpb_column vc_column_container vc_col-sm-4\"><div class=\"vc_column-inner\"><div class=\"wpb_wrapper\">\n\t<div class=\"wpb_raw_code wpb_content_element wpb_raw_html\" >\n\t\t<div class=\"wpb_wrapper\">\n\t\t\t<div class=\"vc_btn3-container vc_btn3-center\">\n\t<a onmouseleave=\"this.style.borderColor='#e42313'; this.style.backgroundColor='transparent'; this.style.color='#e42313'\" onmouseenter=\"this.style.borderColor='#e42313'; this.style.backgroundColor='#e42313'; this.style.color='#ffffff';\" style=\"border-color: rgb(228, 35, 19); color: rgb(228, 35, 19); background-color: transparent;\" class=\"vc_general vc_btn3 vc_btn3-size-md vc_btn3-shape-rounded vc_btn3-style-outline-custom\" href=\"https:\/\/unisinuctg.webex.com\/unisinuctg-sp\/j.php?MTID=mc73525e94061bc23f9e038430dd08362\" target=\"_blank\" title=\"\">MET CLICK HERE<\/a><\/div>\n\t\t<\/div>\n\t<\/div>\n<\/div><\/div><\/div><div class=\"wpb_column vc_column_container vc_col-sm-4\"><div class=\"vc_column-inner\"><div class=\"wpb_wrapper\">\n\t<div class=\"wpb_text_column wpb_content_element\" >\n\t\t<div class=\"wpb_wrapper\">\n\t\t\t<p style=\"text-align: center;\"><strong>Meeting number:<\/strong><\/p>\n<p style=\"text-align: center;\">710 897 252<\/p>\n\n\t\t<\/div>\n\t<\/div>\n<\/div><\/div><\/div><div class=\"wpb_column vc_column_container vc_col-sm-4\"><div class=\"vc_column-inner\"><div class=\"wpb_wrapper\">\n\t<div class=\"wpb_text_column wpb_content_element\" >\n\t\t<div class=\"wpb_wrapper\">\n\t\t\t<p style=\"text-align: center;\"><strong>Password:<\/strong><\/p>\n<p style=\"text-align: center;\">H22DhAd75YM<\/p>\n\n\t\t<\/div>\n\t<\/div>\n<\/div><\/div><\/div><\/div><div class=\"vc_separator wpb_content_element vc_separator_align_center vc_sep_width_100 vc_sep_pos_align_center vc_separator_no_text vc_sep_color_grey\" ><span class=\"vc_sep_holder vc_sep_holder_l\"><span  class=\"vc_sep_line\"><\/span><\/span><span class=\"vc_sep_holder vc_sep_holder_r\"><span  class=\"vc_sep_line\"><\/span><\/span>\n<\/div>\n\t<div class=\"wpb_text_column wpb_content_element\" >\n\t\t<div class=\"wpb_wrapper\">\n\t\t\t<p style=\"text-align: center;\"><strong>STEP 4.<\/strong><\/p>\n<p style=\"text-align: center;\"><strong>WE COMPETE<\/strong><\/p>\n<p style=\"text-align: center;\">When?<\/p>\n<p style=\"text-align: center;\">Wednesday 10 AM to 12 M.<\/p>\n<p style=\"text-align: center;\">How?<\/p>\n<p style=\"text-align: center;\">1- We enter the microsite that is on our website www.unisinucartagena.edu.co<\/p>\n<p style=\"text-align: center;\">2- We develop the stages from 1 to 6 in order of the route of our founder, fulfilling the activities of each one.<\/p>\n<p style=\"text-align: center;\"><strong>EXAMPLE<\/strong><\/p>\n<ol>\n<li style=\"text-align: center;\">The captain or a member of the group enters the microsite<\/li>\n<li style=\"text-align: center;\">Dan Click stage 1 (Birth)<\/li>\n<li style=\"text-align: center;\">The group quickly carries out the activity according to the instructions of each stage, navigating the RED and the captain will upload the activities to achieve the stage.<\/li>\n<li style=\"text-align: center;\">complete the stage<\/li>\n<li style=\"text-align: center;\">They continue to stage 2 that is on the microsite (Childhood) and follow the instructions for each stage as they go through them.<\/li>\n<\/ol>\n<p>&nbsp;<\/p>\n<p style=\"text-align: center;\">3- Upon completing all the stages, the captain will report to the WEBEX support group that it has finished, the time will be recorded and the activities that the group developed and that the captain uploaded will be reviewed.<\/p>\n<p style=\"text-align: center;\"><strong>It&#039;s easy, fast, simple, fun!<\/strong><\/p>\n\n\t\t<\/div>\n\t<\/div>\n<\/div><\/div><\/div><\/div><div class=\"vc_row wpb_row vc_row-fluid\"><div class=\"wpb_column vc_column_container vc_col-sm-12\"><div class=\"vc_column-inner\"><div class=\"wpb_wrapper\"><div class=\"vc_separator wpb_content_element vc_separator_align_center vc_sep_width_100 vc_sep_pos_align_center vc_separator_no_text vc_sep_color_grey\" ><span class=\"vc_sep_holder vc_sep_holder_l\"><span  class=\"vc_sep_line\"><\/span><\/span><span class=\"vc_sep_holder vc_sep_holder_r\"><span  class=\"vc_sep_line\"><\/span><\/span>\n<\/div>\n\t<div class=\"wpb_text_column wpb_content_element\" >\n\t\t<div class=\"wpb_wrapper\">\n\t\t\t<p style=\"text-align: center;\"><strong>STEP 5.<\/strong><\/p>\n<p style=\"text-align: center;\"><strong>WE WON<\/strong><\/p>\n<p style=\"text-align: center;\"><strong>How do we win?<\/strong><\/p>\n<p style=\"text-align: center;\">The group that completes the observation race &quot;on the route of our founder&quot; El\u00edas Bechara Zain\u00fam in the shortest time and that the development of activities is correct as requested in each stage will win.<\/p>\n<p style=\"text-align: center;\"><strong>What we win?<\/strong><\/p>\n<p style=\"text-align: center;\"><strong>super prizes<\/strong><\/p>\n<p style=\"text-align: center;\">First Place $300,000<\/p>\n<p style=\"text-align: center;\">Second Place $ 200,000<\/p>\n<p style=\"text-align: center;\">Third Place $ 100,000<\/p>\n<p style=\"text-align: center;\"><strong>RECOMMENDATIONS<\/strong><\/p>\n<p style=\"text-align: center;\">1- The group can be in internal contact between the members by any means, be it WhatsApp, ZOOM, SKYPE for the development of activities.<\/p>\n<p style=\"text-align: center;\">2- The captain must ensure access and good internet connection, in case of loss of connection, any other member of the group can be appointed, who will be informed to the support room or to the number 320-5658065.<\/p>\n<p>&nbsp;<\/p>\n<p style=\"text-align: center;\"><strong>Good attitude, good energy and good presentation for video recording if it is the case.<\/strong><\/p>\n<p style=\"text-align: center;\"><strong>INFORMATION <\/strong><\/p>\n<p style=\"text-align: center;\"><strong>\u00a0<\/strong><\/p>\n<p style=\"text-align: center;\"><strong>HEALTH SCIENCES FACULTY<\/strong><\/p>\n<p style=\"text-align: center;\"><a href=\"mailto:secretariaoptometria@unisinucartagena.edu.co\">secretariaoptometria@unisinucartagena.edu.co<\/a><\/p>\n<p style=\"text-align: center;\"><a href=\"mailto:direccionoptometria@unisinucartagena.edu.co\">direccionoptometria@unisinucartagena.edu.co<\/a><\/p>\n<p style=\"text-align: center;\"><a href=\"mailto:secdecanaturasalud@unisinucartagena.edu.co\">secdecanaturasalud@unisinucartagena.edu.co<\/a><\/p>\n\n\t\t<\/div>\n\t<\/div>\n<\/div><\/div><\/div><\/div>","protected":false},"excerpt":{"rendered":"INSTRUCCIONES CARRERA VIRTUAL DE OBSERVACI\u00d3N \u2013 \u201cPOR LA RUTA DE NUESTRO FUNDADOR\u201d EL\u00cdAS BECHARA ZAIN\u00daM ORGANIZADORES: FACULTAD DE CIENCIAS DE LA SALUD RETO: Descubrir el ejemplo de proyecto de vida de El\u00edas Bechara Zain\u00fam METODOLOG\u00cdA: CVO- Carrera Virtual de Observaci\u00f3n &hellip;","protected":false},"author":1,"featured_media":0,"parent":0,"menu_order":0,"comment_status":"closed","ping_status":"open","template":"","meta":{"_acf_changed":false,"_bbp_topic_count":0,"_bbp_reply_count":0,"_bbp_total_topic_count":0,"_bbp_total_reply_count":0,"_bbp_voice_count":0,"_bbp_anonymous_reply_count":0,"_bbp_topic_count_hidden":0,"_bbp_reply_count_hidden":0,"_bbp_forum_subforum_count":0,"_monsterinsights_skip_tracking":false,"_monsterinsights_sitenote_active":false,"_monsterinsights_sitenote_note":"","_monsterinsights_sitenote_category":0,"footnotes":""},"class_list":["post-43843","page","type-page","status-publish","hentry"],"acf":[],"aioseo_notices":[],"_links":{"self":[{"href":"https:\/\/unisinucartagena.edu.co\/en\/wp-json\/wp\/v2\/pages\/43843","targetHints":{"allow":["GET"]}}],"collection":[{"href":"https:\/\/unisinucartagena.edu.co\/en\/wp-json\/wp\/v2\/pages"}],"about":[{"href":"https:\/\/unisinucartagena.edu.co\/en\/wp-json\/wp\/v2\/types\/page"}],"author":[{"embeddable":true,"href":"https:\/\/unisinucartagena.edu.co\/en\/wp-json\/wp\/v2\/users\/1"}],"replies":[{"embeddable":true,"href":"https:\/\/unisinucartagena.edu.co\/en\/wp-json\/wp\/v2\/comments?post=43843"}],"version-history":[{"count":13,"href":"https:\/\/unisinucartagena.edu.co\/en\/wp-json\/wp\/v2\/pages\/43843\/revisions"}],"predecessor-version":[{"id":43872,"href":"https:\/\/unisinucartagena.edu.co\/en\/wp-json\/wp\/v2\/pages\/43843\/revisions\/43872"}],"wp:attachment":[{"href":"https:\/\/unisinucartagena.edu.co\/en\/wp-json\/wp\/v2\/media?parent=43843"}],"curies":[{"name":"wp","href":"https:\/\/api.w.org\/{rel}","templated":true}]}}