{"id":43724,"date":"2020-05-08T15:41:43","date_gmt":"2020-05-08T20:41:43","guid":{"rendered":"https:\/\/www.unisinucartagena.edu.co\/?page_id=43724"},"modified":"2023-04-05T10:58:45","modified_gmt":"2023-04-05T15:58:45","slug":"movilidad-academica","status":"publish","type":"page","link":"https:\/\/unisinucartagena.edu.co\/en\/movilidad-academica\/","title":{"rendered":"Academic Mobility"},"content":{"rendered":"<div class=\"vc_row wpb_row vc_row-fluid\"><div class=\"wpb_column vc_column_container vc_col-sm-12\"><div class=\"vc_column-inner\"><div class=\"wpb_wrapper\"><div class=\"thim-widget-heading\"><div class=\"sc_heading   text-center\"><h3 class=\"title\">Why make a mobility?<\/h3><span style=\"background-color:#dd3333\" class=\"line\"><\/span><\/div><\/div>\n\t<div class=\"wpb_text_column wpb_content_element\" >\n\t\t<div class=\"wpb_wrapper\">\n\t\t\t<p>Student Exchange Program that provides the opportunity for students from the University of Sin\u00fa El\u00edas Bechara Zain\u00fam to carry out undergraduate studies during an academic period at a University on the Caribbean Coast through the \u201cMove along the coast\u201d Program.<\/p>\n\n\t\t<\/div>\n\t<\/div>\n<div class=\"vc_row wpb_row vc_inner vc_row-fluid\"><div class=\"wpb_column vc_column_container vc_col-sm-1\/5\"><div class=\"vc_column-inner\"><div class=\"wpb_wrapper\"><div class=\"thim-widget-icon-box\"><div class=\"wrapper-box-icon text-center\"  ><div class=\"smicon-box iconbox-top\"><div class=\"boxes-icon\" style=\"width: 100px;height: 100px;\"><span class=\"inner-icon\"><span class=\"icon\"><i class=\"fa fa-globe\" style=\"color:#e42313; font-size:60px; line-height:60px; vertical-align: middle;\"><\/i><\/span><\/span><\/div><div class=\"content-inner\" ><div class=\"sc-heading article_heading\"><h3 class = \"heading__primary\" >Broaden your educational perspective.<\/h3><\/div><\/div><\/div><!--end smicon-box--><\/div><\/div><\/div><\/div><\/div><div class=\"wpb_column vc_column_container vc_col-sm-1\/5\"><div class=\"vc_column-inner\"><div class=\"wpb_wrapper\"><div class=\"thim-widget-icon-box\"><div class=\"wrapper-box-icon text-center\"  ><div class=\"smicon-box iconbox-top\"><div class=\"boxes-icon\" style=\"width: 100px;height: 100px;\"><span class=\"inner-icon\"><span class=\"icon\"><i class=\"fa fa-hand-peace-o\" style=\"color:#e42313; font-size:60px; line-height:60px; vertical-align: middle;\"><\/i><\/span><\/span><\/div><div class=\"content-inner\" ><div class=\"sc-heading article_heading\"><h3 class = \"heading__primary\" >You know other cultures.<\/h3><\/div><\/div><\/div><!--end smicon-box--><\/div><\/div><\/div><\/div><\/div><div class=\"wpb_column vc_column_container vc_col-sm-1\/5\"><div class=\"vc_column-inner\"><div class=\"wpb_wrapper\"><div class=\"thim-widget-icon-box\"><div class=\"wrapper-box-icon text-center\"  ><div class=\"smicon-box iconbox-top\"><div class=\"boxes-icon\" style=\"width: 100px;height: 100px;\"><span class=\"inner-icon\"><span class=\"icon\"><i class=\"fa fa-users\" style=\"color:#e42313; font-size:60px; line-height:60px; vertical-align: middle;\"><\/i><\/span><\/span><\/div><div class=\"content-inner\" ><div class=\"sc-heading article_heading\"><h3 class = \"heading__primary\" >You create networks of national contacts.<\/h3><\/div><\/div><\/div><!--end smicon-box--><\/div><\/div><\/div><\/div><\/div><div class=\"wpb_column vc_column_container vc_col-sm-1\/5\"><div class=\"vc_column-inner\"><div class=\"wpb_wrapper\"><div class=\"thim-widget-icon-box\"><div class=\"wrapper-box-icon text-center\"  ><div class=\"smicon-box iconbox-top\"><div class=\"boxes-icon\" style=\"width: 100px;height: 100px;\"><span class=\"inner-icon\"><span class=\"icon\"><i class=\"fa fa-refresh\" style=\"color:#e42313; font-size:60px; line-height:60px; vertical-align: middle;\"><\/i><\/span><\/span><\/div><div class=\"content-inner\" ><div class=\"sc-heading article_heading\"><h3 class = \"heading__primary\" >It allows you to acquire greater maturity and adapt to changes.<\/h3><\/div><\/div><\/div><!--end smicon-box--><\/div><\/div><\/div><\/div><\/div><div class=\"wpb_column vc_column_container vc_col-sm-1\/5\"><div class=\"vc_column-inner\"><div class=\"wpb_wrapper\"><div class=\"thim-widget-icon-box\"><div class=\"wrapper-box-icon\"  ><div class=\"smicon-box iconbox-top\"><div class=\"boxes-icon\" style=\"width: 100px;height: 100px;\"><span class=\"inner-icon\"><span class=\"icon\"><i class=\"fa fa-trophy\" style=\"color:#e42313; font-size:60px; line-height:60px; vertical-align: middle;\"><\/i><\/span><\/span><\/div><div class=\"content-inner\" ><div class=\"sc-heading article_heading\"><h3 class = \"heading__primary\" >Make your resume more competitive<\/h3><\/div><\/div><\/div><!--end smicon-box--><\/div><\/div><\/div><\/div><\/div><\/div><div class=\"vc_separator wpb_content_element vc_separator_align_center vc_sep_width_100 vc_sep_pos_align_center vc_separator_no_text vc_sep_color_grey\" ><span class=\"vc_sep_holder vc_sep_holder_l\"><span  class=\"vc_sep_line\"><\/span><\/span><span class=\"vc_sep_holder vc_sep_holder_r\"><span  class=\"vc_sep_line\"><\/span><\/span>\n<\/div><\/div><\/div><\/div><\/div><div class=\"vc_row wpb_row vc_row-fluid\"><div class=\"wpb_column vc_column_container vc_col-sm-12\"><div class=\"vc_column-inner\"><div class=\"wpb_wrapper\"><div class=\"thim-widget-heading\"><div class=\"sc_heading   text-center\"><h3 class=\"title\">Types of Mobility<\/h3><span style=\"background-color:#dd3333\" class=\"line\"><\/span><\/div><\/div><\/div><\/div><\/div><\/div><div class=\"vc_row wpb_row vc_row-fluid\"><div class=\"wpb_column vc_column_container vc_col-sm-12\"><div class=\"vc_column-inner\"><div class=\"wpb_wrapper\">\n\t<div class=\"wpb_text_column wpb_content_element\" >\n\t\t<div class=\"wpb_wrapper\">\n\t\t\t<h4>EXCHANGE<\/h4>\n<p>It is a program that allows the university student to participate in academic activities in an institution other than the one of origin.<\/p>\n<p>Period: 1 semester<\/p>\n\n\t\t<\/div>\n\t<\/div>\n<div class=\"vc_separator wpb_content_element vc_separator_align_center vc_sep_width_100 vc_sep_pos_align_center vc_separator_no_text vc_sep_color_grey\" ><span class=\"vc_sep_holder vc_sep_holder_l\"><span  class=\"vc_sep_line\"><\/span><\/span><span class=\"vc_sep_holder vc_sep_holder_r\"><span  class=\"vc_sep_line\"><\/span><\/span>\n<\/div><\/div><\/div><\/div><\/div><div class=\"vc_row wpb_row vc_row-fluid\"><div class=\"wpb_column vc_column_container vc_col-sm-6\"><div class=\"vc_column-inner\"><div class=\"wpb_wrapper\">\n\t<div class=\"wpb_text_column wpb_content_element\" >\n\t\t<div class=\"wpb_wrapper\">\n\t\t\t<h4 class=\"services_box__title element-scheme__hdg1\">Requirements to Apply for Academic Mobility:<\/h4>\n<div class=\"services_box__list-wrapper\">\n<ul class=\"services_box__list\">\n<li><span class=\"services_box__list-text\">Coherence between the applicant&#039;s profile and the program to be carried out.<\/span><\/li>\n<li><span class=\"services_box__list-text\">Undergraduate Academic Average 3.50.<\/span><\/li>\n<li><span class=\"services_box__list-text\">Be enrolled at least in the third semester in an undergraduate course.<\/span><\/li>\n<li><span class=\"services_box__list-text\">Not have any disciplinary or academic sanction.<\/span><\/li>\n<li><span class=\"services_box__list-text\">Application form<\/span><\/li>\n<li><span class=\"services_box__list-text\">Outgoing Exchange Checklist<\/span><\/li>\n<\/ul>\n<\/div>\n\n\t\t<\/div>\n\t<\/div>\n<\/div><\/div><\/div><div class=\"wpb_column vc_column_container vc_col-sm-6\"><div class=\"vc_column-inner\"><div class=\"wpb_wrapper\"><\/div><\/div><\/div><\/div><div class=\"vc_row wpb_row vc_row-fluid\"><div class=\"wpb_column vc_column_container vc_col-sm-12\"><div class=\"vc_column-inner\"><div class=\"wpb_wrapper\"><div class=\"vc_separator wpb_content_element vc_separator_align_center vc_sep_width_100 vc_sep_pos_align_center vc_separator_no_text vc_sep_color_grey\" ><span class=\"vc_sep_holder vc_sep_holder_l\"><span  class=\"vc_sep_line\"><\/span><\/span><span class=\"vc_sep_holder vc_sep_holder_r\"><span  class=\"vc_sep_line\"><\/span><\/span>\n<\/div><\/div><\/div><\/div><\/div><div class=\"vc_row wpb_row vc_row-fluid\"><div class=\"wpb_column vc_column_container vc_col-sm-6\"><div class=\"vc_column-inner\"><div class=\"wpb_wrapper\">\n\t<div class=\"wpb_raw_code wpb_content_element wpb_raw_html\" >\n\t\t<div class=\"wpb_wrapper\">\n\t\t\t<div class=\"vc_btn3-container vc_btn3-center\">\n\t<a onmouseleave=\"this.style.borderColor='#e42313'; this.style.backgroundColor='transparent'; this.style.color='#e42313'\" onmouseenter=\"this.style.borderColor='#e42313'; this.style.backgroundColor='#e42313'; this.style.color='#ffffff';\" style=\"border-color: rgb(228, 35, 19); color: rgb(228, 35, 19); background-color: transparent;\" class=\"vc_general vc_btn3 vc_btn3-size-md vc_btn3-shape-rounded vc_btn3-style-outline-custom\" href=\"https:\/\/unisinucartagena.edu.co\/en\/internacionalizacion\/movilidad-nacional\/\" title=\"\">NATIONAL MOBILITY<\/a><\/div>\n\t\t<\/div>\n\t<\/div>\n<\/div><\/div><\/div><div class=\"wpb_column vc_column_container vc_col-sm-6\"><div class=\"vc_column-inner\"><div class=\"wpb_wrapper\">\n\t<div class=\"wpb_raw_code wpb_content_element wpb_raw_html\" >\n\t\t<div class=\"wpb_wrapper\">\n\t\t\t<div class=\"vc_btn3-container vc_btn3-center\">\n\t<a onmouseleave=\"this.style.borderColor='#e42313'; this.style.backgroundColor='transparent'; this.style.color='#e42313'\" onmouseenter=\"this.style.borderColor='#e42313'; this.style.backgroundColor='#e42313'; this.style.color='#ffffff';\" style=\"border-color: rgb(228, 35, 19); color: rgb(228, 35, 19); background-color: transparent;\" class=\"vc_general vc_btn3 vc_btn3-size-md vc_btn3-shape-rounded vc_btn3-style-outline-custom\" href=\"https:\/\/unisinucartagena.edu.co\/en\/internacionalizacion\/movilidad-internacional\/\" title=\"\">INTERNATIONAL MOBILITY<\/a><\/div>\n\t\t<\/div>\n\t<\/div>\n<\/div><\/div><\/div><\/div>","protected":false},"excerpt":{"rendered":"Why make a mobility? Student Exchange Program that provides the opportunity for students from the University of Sin\u00fa El\u00edas Bechara Zain\u00fam to carry out undergraduate studies during an academic period at a University on the Caribbean Coast\u2026","protected":false},"author":1,"featured_media":0,"parent":0,"menu_order":0,"comment_status":"closed","ping_status":"open","template":"","meta":{"_acf_changed":false,"_bbp_topic_count":0,"_bbp_reply_count":0,"_bbp_total_topic_count":0,"_bbp_total_reply_count":0,"_bbp_voice_count":0,"_bbp_anonymous_reply_count":0,"_bbp_topic_count_hidden":0,"_bbp_reply_count_hidden":0,"_bbp_forum_subforum_count":0,"_monsterinsights_skip_tracking":false,"_monsterinsights_sitenote_active":false,"_monsterinsights_sitenote_note":"","_monsterinsights_sitenote_category":0,"footnotes":""},"class_list":["post-43724","page","type-page","status-publish","hentry"],"acf":[],"aioseo_notices":[],"_links":{"self":[{"href":"https:\/\/unisinucartagena.edu.co\/en\/wp-json\/wp\/v2\/pages\/43724","targetHints":{"allow":["GET"]}}],"collection":[{"href":"https:\/\/unisinucartagena.edu.co\/en\/wp-json\/wp\/v2\/pages"}],"about":[{"href":"https:\/\/unisinucartagena.edu.co\/en\/wp-json\/wp\/v2\/types\/page"}],"author":[{"embeddable":true,"href":"https:\/\/unisinucartagena.edu.co\/en\/wp-json\/wp\/v2\/users\/1"}],"replies":[{"embeddable":true,"href":"https:\/\/unisinucartagena.edu.co\/en\/wp-json\/wp\/v2\/comments?post=43724"}],"version-history":[{"count":7,"href":"https:\/\/unisinucartagena.edu.co\/en\/wp-json\/wp\/v2\/pages\/43724\/revisions"}],"predecessor-version":[{"id":55477,"href":"https:\/\/unisinucartagena.edu.co\/en\/wp-json\/wp\/v2\/pages\/43724\/revisions\/55477"}],"wp:attachment":[{"href":"https:\/\/unisinucartagena.edu.co\/en\/wp-json\/wp\/v2\/media?parent=43724"}],"curies":[{"name":"wp","href":"https:\/\/api.w.org\/{rel}","templated":true}]}}