{"id":43480,"date":"2020-04-27T18:10:55","date_gmt":"2020-04-27T23:10:55","guid":{"rendered":"https:\/\/www.unisinucartagena.edu.co\/?page_id=43480"},"modified":"2024-10-10T11:43:04","modified_gmt":"2024-10-10T16:43:04","slug":"reingreso-y-reintegro","status":"publish","type":"page","link":"https:\/\/unisinucartagena.edu.co\/en\/reingreso-y-reintegro\/","title":{"rendered":"Reentry and Reimbursement"},"content":{"rendered":"<div data-vc-full-width=\"true\" data-vc-full-width-init=\"false\" data-vc-stretch-content=\"true\" class=\"vc_row wpb_row vc_row-fluid vc_row-no-padding\"><div class=\"wpb_column vc_column_container vc_col-sm-12\"><div class=\"vc_column-inner\"><div class=\"wpb_wrapper\">\n\t\t\t<!-- START REINGRESO Y REINTEGRO REVOLUTION SLIDER 6.7.0 --><p class=\"rs-p-wp-fix\"><\/p>\n\t\t\t<rs-module-wrap id=\"rev_slider_49_1_wrapper\" data-source=\"gallery\" style=\"visibility:hidden;background:transparent;padding:0;margin:0px auto;margin-top:0;margin-bottom:0;\">\n\t\t\t\t<rs-module id=\"rev_slider_49_1\" style=\"\" data-version=\"6.7.0\">\n\t\t\t\t\t<rs-slides style=\"overflow: hidden; position: absolute;\">\n\t\t\t\t\t\t<rs-slide style=\"position: absolute;\" data-key=\"rs-193\" data-title=\"Slide\" data-anim=\"ms:600;r:0;\" data-in=\"o:0;\" data-out=\"a:false;\">\n\t\t\t\t\t\t\t<img data-recalc-dims=\"1\" fetchpriority=\"high\" decoding=\"async\" src=\"https:\/\/i0.wp.com\/unisinucartagena.edu.co\/wp-content\/plugins\/revslider\/sr6\/assets\/assets\/dummy.png?resize=640%2C202\" alt=\"\" title=\"DSC_0445-02\" width=\"640\" height=\"202\" class=\"rev-slidebg tp-rs-img rs-lazyload\" data-lazyload=\"\/\/unisinucartagena.edu.co\/wp-content\/uploads\/2020\/05\/DSC_0445-02-scaled.jpg\" data-parallax=\"off\" data-no-retina>\n<!--\n\t\t\t\t\t\t\t--><rs-layer\n\t\t\t\t\t\t\t\tid=\"slider-49-slide-193-layer-7\" \n\t\t\t\t\t\t\t\tdata-type=\"text\"\n\t\t\t\t\t\t\t\tdata-color=\"#fff\"\n\t\t\t\t\t\t\t\tdata-rsp_ch=\"on\"\n\t\t\t\t\t\t\t\tdata-xy=\"x:c;xo:3px;yo:274px;\"\n\t\t\t\t\t\t\t\tdata-text=\"w:normal;s:73;l:106;ls:-3px;fw:700;\"\n\t\t\t\t\t\t\t\tdata-dim=\"minh:0,none,0,0;\"\n\t\t\t\t\t\t\t\tdata-ford=\"frame_0;frame_1;frame_2;frame_999;\"\n\t\t\t\t\t\t\t\tdata-frame_1=\"e:power4.inOut;sp:1500;\"\n\t\t\t\t\t\t\t\tdata-frame_999=\"o:0;st:w;\"\n\t\t\t\t\t\t\t\tdata-frame_2=\"oX:50%;oY:50%;oZ:0;tp:600px;st:400;sp:400;\"\n\t\t\t\t\t\t\t\tstyle=\"z-index:9;font-family:'Poppins';\"\n\t\t\t\t\t\t\t>REENTRY AND REFUND  \n\t\t\t\t\t\t\t<\/rs-layer><!--\n-->\t\t\t\t\t<\/rs-slide>\n\t\t\t\t\t<\/rs-slides>\n\t\t\t\t<\/rs-module>\n\t\t\t\t<script>\n\t\t\t\t\tsetREVStartSize({c: 'rev_slider_49_1',rl:[1240,1024,1024,1024],el:[600,600,600,600],gw:[1900,1900,1900,1900],gh:[600,600,600,600],type:'standard',justify:'',layout:'fullwidth',mh:\"0\"});if (window.RS_MODULES!==undefined && window.RS_MODULES.modules!==undefined && window.RS_MODULES.modules[\"revslider491\"]!==undefined) {window.RS_MODULES.modules[\"revslider491\"].once = false;window.revapi49 = undefined;if (window.RS_MODULES.checkMinimal!==undefined) window.RS_MODULES.checkMinimal()}\n\t\t\t\t<\/script>\n\t\t\t<\/rs-module-wrap>\n\t\t\t<!-- END REVOLUTION SLIDER -->\n<div class=\"vc_empty_space\"   style=\"height: 32px\"><span class=\"vc_empty_space_inner\"><\/span><\/div><div class=\"vc_empty_space\"   style=\"height: 32px\"><span class=\"vc_empty_space_inner\"><\/span><\/div><\/div><\/div><\/div><\/div><div class=\"vc_row-full-width vc_clearfix\"><\/div><div class=\"vc_row wpb_row vc_row-fluid\"><div class=\"wpb_column vc_column_container vc_col-sm-12\"><div class=\"vc_column-inner\"><div class=\"wpb_wrapper\"><div class=\"vc_separator wpb_content_element vc_separator_align_center vc_sep_width_100 vc_sep_pos_align_center vc_sep_color_grey vc_separator-has-text\" ><span class=\"vc_sep_holder vc_sep_holder_l\"><span  class=\"vc_sep_line\"><\/span><\/span><h4>APPLICANTS FOR RE-ENTRY AND REINTEGRATION<\/h4><span class=\"vc_sep_holder vc_sep_holder_r\"><span  class=\"vc_sep_line\"><\/span><\/span>\n<\/div>\n\t<div class=\"wpb_text_column wpb_content_element\" >\n\t\t<div class=\"wpb_wrapper\">\n\t\t\t<p>1. Enviar carta de solicitud dirigida a la Jefatura de la escuela para visto bueno al email: <a href=\"mailto:secadmisiones3@unisinucartagena.edu.co\">secadmisiones3@unisinucartagena.edu.co<\/a><\/p>\n<p>2. Recibe respuesta de la solicitud presentada.<\/p>\n<p>3. Si es positiva la respuesta, enviar formato de paz y salvo diligenciado y Certificado de aprobaci\u00f3n del Curso de Metodolog\u00eda del Aprendizaje si la solicitud es de Reintegro al email secadmisiones3@unisinucartagena.edu.co<\/p>\n<p>4. Ingrese y diligencie el formulario de Inscripci\u00f3n <a href=\"http:\/\/elysa.unisinu.edu.co\/psc\/csadm\/EMPLOYEE\/HRMS\/c\/UA_FRM_ADMISION_MNU.UA_ADMISION_LOGIN.GBL?&amp;userid=US_FRMLRADMSN_NV&amp;pwd=Vp@+3mq0o&amp;languageCd=ESP&amp;\">Click here<\/a>.<\/p>\n<p>5. Adjuntar los documentos solicitados para cada Modo de Ingreso, en el paso 5 del formulario de inscripci\u00f3n opci\u00f3n Cargue de documentos.<\/p>\n<p>6. Usted recibir\u00e1 la confirmaci\u00f3n que sus documentos cumplen con lo exigido y ser\u00e1n remitidos a la Jefatura de la escuela para su estudio.<\/p>\n<p>7. El jefe del Programa enviar\u00e1 oficio informando la respuesta del estudio al \u00faltimo correo registrado por usted.<\/p>\n<p>8. Con su respuesta de aceptaci\u00f3n del estudio realizado, la Jefatura del Programa remitir\u00e1 sus documentos a la Oficina de Registro Acad\u00e9mico para generar el Volante de Matr\u00edcula.<\/p>\n<p>9. Volante de Matr\u00edcula: Desde el formulario de Inscripci\u00f3n PASO 5. Descargue el volante de pago de Matr\u00edcula y cancele el valor correspondiente en las fechas establecidas.<\/p>\n<p>10. Env\u00ede al correo <a href=\"mailto:auxregistroacademico@unisinucartagena.edu.co\">auxregistroacademico@unisinucartagena.edu.co<\/a> la factura con sello del banco.<\/p>\n<p>11. Las asignaturas ser\u00e1n matriculadas desde la Oficina de Registro Acad\u00e9mico quien le notificar\u00e1 el cierre del proceso.<\/p>\n\n\t\t<\/div>\n\t<\/div>\n<\/div><\/div><\/div><\/div>","protected":false},"excerpt":{"rendered":"REINGRESO Y REINTEGRO ASPIRANTES DE REINGRESO Y REINTEGRO 1. Enviar carta de solicitud dirigida a la Jefatura de la escuela para visto bueno al email: secadmisiones3@unisinucartagena.edu.co 2. Recibe respuesta de la solicitud presentada. 3. Si es positiva la respuesta, enviar &hellip;","protected":false},"author":1,"featured_media":0,"parent":0,"menu_order":0,"comment_status":"closed","ping_status":"open","template":"page-templates\/homepage.php","meta":{"_acf_changed":false,"_bbp_topic_count":0,"_bbp_reply_count":0,"_bbp_total_topic_count":0,"_bbp_total_reply_count":0,"_bbp_voice_count":0,"_bbp_anonymous_reply_count":0,"_bbp_topic_count_hidden":0,"_bbp_reply_count_hidden":0,"_bbp_forum_subforum_count":0,"_monsterinsights_skip_tracking":false,"_monsterinsights_sitenote_active":false,"_monsterinsights_sitenote_note":"","_monsterinsights_sitenote_category":0,"footnotes":""},"class_list":["post-43480","page","type-page","status-publish","hentry"],"acf":[],"aioseo_notices":[],"_links":{"self":[{"href":"https:\/\/unisinucartagena.edu.co\/en\/wp-json\/wp\/v2\/pages\/43480","targetHints":{"allow":["GET"]}}],"collection":[{"href":"https:\/\/unisinucartagena.edu.co\/en\/wp-json\/wp\/v2\/pages"}],"about":[{"href":"https:\/\/unisinucartagena.edu.co\/en\/wp-json\/wp\/v2\/types\/page"}],"author":[{"embeddable":true,"href":"https:\/\/unisinucartagena.edu.co\/en\/wp-json\/wp\/v2\/users\/1"}],"replies":[{"embeddable":true,"href":"https:\/\/unisinucartagena.edu.co\/en\/wp-json\/wp\/v2\/comments?post=43480"}],"version-history":[{"count":13,"href":"https:\/\/unisinucartagena.edu.co\/en\/wp-json\/wp\/v2\/pages\/43480\/revisions"}],"predecessor-version":[{"id":61080,"href":"https:\/\/unisinucartagena.edu.co\/en\/wp-json\/wp\/v2\/pages\/43480\/revisions\/61080"}],"wp:attachment":[{"href":"https:\/\/unisinucartagena.edu.co\/en\/wp-json\/wp\/v2\/media?parent=43480"}],"curies":[{"name":"wp","href":"https:\/\/api.w.org\/{rel}","templated":true}]}}