{"id":43231,"date":"2020-04-14T15:14:59","date_gmt":"2020-04-14T20:14:59","guid":{"rendered":"https:\/\/www.unisinucartagena.edu.co\/?page_id=43231"},"modified":"2021-02-16T09:56:10","modified_gmt":"2021-02-16T14:56:10","slug":"curso-liquidacion-de-nomina-y-prestaciones-sociales-virtual","status":"publish","type":"page","link":"https:\/\/unisinucartagena.edu.co\/en\/curso-liquidacion-de-nomina-y-prestaciones-sociales-virtual\/","title":{"rendered":"Course \u2013 Liquidation of Payroll and Social Benefits \u2013 VIRTUAL"},"content":{"rendered":"<div class=\"vc_row wpb_row vc_row-fluid\"><div class=\"wpb_column vc_column_container vc_col-sm-12\"><div class=\"vc_column-inner\"><div class=\"wpb_wrapper\">\n\t<div class=\"wpb_text_column wpb_content_element\" >\n\t\t<div class=\"wpb_wrapper\">\n\t\t\t<h1 class=\"heading__primary\" style=\"text-align: center;\"><strong><span style=\"color: #ff0000;\">Course \u2013 Liquidation of Payroll and Social Benefits\u00a0<\/span><\/strong><\/h1>\n\n\t\t<\/div>\n\t<\/div>\n\n\t<div  class=\"wpb_single_image wpb_content_element vc_align_left\">\n\t\t\n\t\t<figure class=\"wpb_wrapper vc_figure\">\n\t\t\t<div class=\"vc_single_image-wrapper   vc_box_border_grey\"><img data-recalc-dims=\"1\" fetchpriority=\"high\" decoding=\"async\" class=\"vc_single_image-img\" src=\"https:\/\/i0.wp.com\/unisinucartagena.edu.co\/wp-content\/uploads\/2020\/04\/Liquidacion-de-nominas_Mesa-de-trabajo-1.png?resize=640%2C124&#038;ssl=1\" width=\"640\" height=\"124\" alt=\"Liquidacion de nominas_Mesa de trabajo 1\" title=\"Payroll settlement_Work table 1\" \/><\/div>\n\t\t<\/figure>\n\t<\/div>\n<div class=\"vc_empty_space\"   style=\"height: 15px\"><span class=\"vc_empty_space_inner\"><\/span><\/div><\/div><\/div><\/div><\/div><div class=\"vc_row wpb_row vc_row-fluid\"><div class=\"wpb_column vc_column_container vc_col-sm-8\"><div class=\"vc_column-inner\"><div class=\"wpb_wrapper\"><div class=\"vc_tta-container\" data-vc-action=\"collapse\"><div class=\"vc_general vc_tta vc_tta-accordion vc_tta-color-grey vc_tta-style-classic vc_tta-shape-rounded vc_tta-spacing-15 vc_tta-gap-20 vc_tta-controls-align-left\"><div class=\"vc_tta-panels-container\"><div class=\"vc_tta-panels\"><div class=\"vc_tta-panel\" id=\"1586388071970-9c842761-440e\" data-vc-content=\".vc_tta-panel-body\"><div class=\"vc_tta-panel-heading\"><h4 class=\"vc_tta-panel-title vc_tta-controls-icon-position-left\"><a href=\"#1586388071970-9c842761-440e\" data-vc-accordion data-vc-container=\".vc_tta-container\"><span class=\"vc_tta-title-text\">Goal<\/span><i class=\"vc_tta-controls-icon vc_tta-controls-icon-plus\"><\/i><\/a><\/h4><\/div><div class=\"vc_tta-panel-body\">\n\t<div class=\"wpb_text_column wpb_content_element\" >\n\t\t<div class=\"wpb_wrapper\">\n\t\t\t<ul>\n<li>Provide the participants with a complete knowledge about all the regulations of the Substantive Labor Code that currently regulates labor legislation and, therefore, the liquidation of payroll and social benefits in Colombia, through practical workshops that allow consolidating competence in The matter.<\/li>\n<li>Apply the tools and regulations in force in Colombia in labor matters, to make the professional and personal performance of the participants more efficient and effective.<\/li>\n<\/ul>\n\n\t\t<\/div>\n\t<\/div>\n<\/div><\/div><div class=\"vc_tta-panel\" id=\"1586388072011-b10b7d73-a153\" data-vc-content=\".vc_tta-panel-body\"><div class=\"vc_tta-panel-heading\"><h4 class=\"vc_tta-panel-title vc_tta-controls-icon-position-left\"><a href=\"#1586388072011-b10b7d73-a153\" data-vc-accordion data-vc-container=\".vc_tta-container\"><span class=\"vc_tta-title-text\">Introduction<\/span><i class=\"vc_tta-controls-icon vc_tta-controls-icon-plus\"><\/i><\/a><\/h4><\/div><div class=\"vc_tta-panel-body\">\n\t<div class=\"wpb_text_column wpb_content_element\" >\n\t\t<div class=\"wpb_wrapper\">\n\t\t\t<p style=\"text-align: justify;\">The liquidation of payroll and social benefits is one of the most delicate processes that all organizations have, regardless of their size or the activity to which they are dedicated; However, despite being a process of very high frequency, it is also usually a source of difficulties and conflicts, generally originating from the occurrence of errors or from an updated lack of knowledge of the regulations that regulate this matter.<\/p>\n<p>This is an opportunity for those in charge of this process in companies to update their knowledge and significantly improve their skills around this matter, thus preventing errors and the imposition of onerous fines, sanctions, lawsuits and conflicts for your organization. .<\/p>\n\n\t\t<\/div>\n\t<\/div>\n<\/div><\/div><div class=\"vc_tta-panel\" id=\"1586388208605-671588b6-e2bf\" data-vc-content=\".vc_tta-panel-body\"><div class=\"vc_tta-panel-heading\"><h4 class=\"vc_tta-panel-title vc_tta-controls-icon-position-left\"><a href=\"#1586388208605-671588b6-e2bf\" data-vc-accordion data-vc-container=\".vc_tta-container\"><span class=\"vc_tta-title-text\">Justification<\/span><i class=\"vc_tta-controls-icon vc_tta-controls-icon-plus\"><\/i><\/a><\/h4><\/div><div class=\"vc_tta-panel-body\">\n\t<div class=\"wpb_text_column wpb_content_element\" >\n\t\t<div class=\"wpb_wrapper\">\n\t\t\t<p style=\"text-align: justify;\">The recognition and payment of substantial compensation and interest in favor of the workers, as well as fines and sanctions imposed by the Ministry of Social Protection, the Social Security entities, the Sena, the ICBF, among others, creating an environment of conflict that generally undermines the profitability, permanence, growth and positioning of companies.<\/p>\n<p style=\"text-align: justify;\">In a high percentage, these conflicts are the product of ignorance of current regulations and\/or misinterpretation of the decisions of the high courts by those who are responsible for applying them.<\/p>\n<p style=\"text-align: justify;\">In response to this problem, the Department of Continuing Education, in interaction with the Public Accounting Program of the Universidad del Sin\u00fa \u2013 Cartagena Section, proposes to carry out the Payroll and Social Benefits Settlement course, in face-to-face mode, essential for students, workers and other participants in general, enhance their knowledge on the subject, while strengthening professional and work performance, contributing to the protection of resources and the maximization of organizational profitability.<\/p>\n\n\t\t<\/div>\n\t<\/div>\n<\/div><\/div><div class=\"vc_tta-panel\" id=\"1586388263161-15decab7-39d1\" data-vc-content=\".vc_tta-panel-body\"><div class=\"vc_tta-panel-heading\"><h4 class=\"vc_tta-panel-title vc_tta-controls-icon-position-left\"><a href=\"#1586388263161-15decab7-39d1\" data-vc-accordion data-vc-container=\".vc_tta-container\"><span class=\"vc_tta-title-text\">Addressed to<\/span><i class=\"vc_tta-controls-icon vc_tta-controls-icon-plus\"><\/i><\/a><\/h4><\/div><div class=\"vc_tta-panel-body\">\n\t<div class=\"wpb_text_column wpb_content_element\" >\n\t\t<div class=\"wpb_wrapper\">\n\t\t\t<p>The Payroll and Social Benefits Settlement course is aimed at:<\/p>\n<ul>\n<li>Accountants, business administrators, lawyers, accounting assistants and all those professionals in charge of the payroll area and\/or interested in the subject.<\/li>\n<\/ul>\n\n\t\t<\/div>\n\t<\/div>\n<\/div><\/div><div class=\"vc_tta-panel\" id=\"1586388292656-deb66141-14a5\" data-vc-content=\".vc_tta-panel-body\"><div class=\"vc_tta-panel-heading\"><h4 class=\"vc_tta-panel-title vc_tta-controls-icon-position-left\"><a href=\"#1586388292656-deb66141-14a5\" data-vc-accordion data-vc-container=\".vc_tta-container\"><span class=\"vc_tta-title-text\">Study plan<\/span><i class=\"vc_tta-controls-icon vc_tta-controls-icon-plus\"><\/i><\/a><\/h4><\/div><div class=\"vc_tta-panel-body\">\n\t<div class=\"wpb_text_column wpb_content_element\" >\n\t\t<div class=\"wpb_wrapper\">\n\t\t\t<p>The study plan for the Payroll and Social Benefits Settlement course was developed by highly trained professionals with extensive experience in pedagogical training.<\/p>\n<p>This program includes 6 modules in which each participant can study at their own pace and from anywhere, obtaining results that will increase their professional opportunities.<\/p>\n\n\t\t<\/div>\n\t<\/div>\n\n\t<div class=\"wpb_raw_code wpb_content_element wpb_raw_html\" >\n\t\t<div class=\"wpb_wrapper\">\n\t\t\t<style type=\"text\/css\">\n\ttable.tableizer-table {\n\t\tfont-size: 12px;\n\t\tborder: 1px solid #CCC; \n\t\tfont-family: Arial, Helvetica, sans-serif;\n\t} \n\t.tableizer-table td {\n\t\tpadding: 4px;\n\t\tmargin: 3px;\n\t\tborder: 1px solid #CCC;\n\t}\n\t.tableizer-table th {\n\t\tbackground-color: #E00000; \n\t\tcolor: #FFF;\n\t\tfont-weight: bold;\n\t}\n<\/style>\n<table class=\"tableizer-table\">\n<thead><tr class=\"tableizer-firstrow\"><th>MODULES (THEME)<\/th><\/tr><\/thead><tbody>\n <tr><td>Module I Generalities<\/td><\/tr>\n <tr><td>\u00b7        Labor legislation<\/td><\/tr>\n <tr><td>\u00b7        Work contract<\/td><\/tr>\n <tr><td>\u00b7        Workday<\/td><\/tr>\n <tr><td>\u00b7        Social benefits<\/td><\/tr>\n <tr><td>\u00b7        Social Security<\/td><\/tr>\n <tr><td>\u00b7 Compensation<\/td><\/tr>\n <tr><td>Apprentices<\/td><\/tr>\n <tr><td>Surcharges and overtime<\/td><\/tr>\n <tr><td>Dismissals for just cause and without just cause<\/td><\/tr>\n <tr><td>\u00b7 Other employee benefits<\/td><\/tr>\n <tr><td>Module II Salaries<\/td><\/tr>\n <tr><td>salary payments<\/td><\/tr>\n <tr><td>\u00b7        Minimum salary<\/td><\/tr>\n <tr><td>Comprehensive Salary<\/td><\/tr>\n <tr><td>Salary classification<\/td><\/tr>\n <tr><td>\u00b7 Bonuses<\/td><\/tr>\n <tr><td>\u00b7 Paid and unpaid leave<\/td><\/tr>\n <tr><td>&nbsp;<\/td><\/tr>\n <tr><td>Module III Deductions<\/td><\/tr>\n <tr><td>Allowed and prohibited discounts<\/td><\/tr>\n <tr><td>\u00b7 Borrowing capacity<\/td><\/tr>\n <tr><td>withholding at source<\/td><\/tr>\n <tr><td>Embargoes<\/td><\/tr>\n <tr><td>\u00b7 Warrants<\/td><\/tr>\n <tr><td>&nbsp;<\/td><\/tr>\n <tr><td>Module IV Social benefits <\/td><\/tr>\n <tr><td>\u00b7 Layoffs<\/td><\/tr>\n <tr><td>\u00b7 Severance interest<\/td><\/tr>\n <tr><td>\u00b7        Holidays<\/td><\/tr>\n <tr><td>\u00b7        Cousins<\/td><\/tr>\n <tr><td>\u00b7 Endowment<\/td><\/tr>\n <tr><td>Compensation<\/td><\/tr>\n <tr><td>\u00b7 Extralegal benefits<\/td><\/tr>\n <tr><td>Module V Social Security<\/td><\/tr>\n <tr><td>\u00b7        Health<\/td><\/tr>\n <tr><td>pension<\/td><\/tr>\n <tr><td>ARL<\/td><\/tr>\n <tr><td>parafiscal contributions<\/td><\/tr>\n <tr><td>disabilities<\/td><\/tr>\n <tr><td>\u00b7        Occupational disease<\/td><\/tr>\n <tr><td>\u00b7        Work accident<\/td><\/tr>\n <tr><td>\u00b7 Integrated contribution form<\/td><\/tr>\n <tr><td>&nbsp;<\/td><\/tr>\n <tr><td>Module VI Settlement <\/td><\/tr>\n <tr><td>\u00b7 Practical workshop on liquidation and posting of payroll, social benefits and social security<\/td><\/tr>\n <tr><td>\u00b7 Integrated contribution form<\/td><\/tr>\n<\/tbody><\/table>\n\t\t<\/div>\n\t<\/div>\n<\/div><\/div><\/div><\/div><\/div><\/div><div class=\"vc_row wpb_row vc_inner vc_row-fluid\"><div class=\"wpb_column vc_column_container vc_col-sm-12\"><div class=\"vc_column-inner\"><div class=\"wpb_wrapper\">\n\t<div class=\"wpb_raw_code wpb_content_element wpb_raw_html\" >\n\t\t<div class=\"wpb_wrapper\">\n\t\t\t<div class=\"vc_btn3-container vc_btn3-center\">\n\t<a onmouseleave=\"this.style.borderColor='#e42313'; this.style.backgroundColor='transparent'; this.style.color='#e42313'\" onmouseenter=\"this.style.borderColor='#e42313'; this.style.backgroundColor='#e42313'; this.style.color='#ffffff';\" style=\"border-color: rgb(228, 35, 19); color: rgb(228, 35, 19); background-color: transparent;\" class=\"vc_general vc_btn3 vc_btn3-size-md vc_btn3-shape-rounded vc_btn3-style-outline-custom\" href=\"https:\/\/unisinucartagena.edu.co\/en\/educacioncontinua\/educacion-continua-virtual\/\" title=\"\">OUR OFFER<\/a><\/div>\n\t\t<\/div>\n\t<\/div>\n<\/div><\/div><\/div><\/div><\/div><\/div><\/div><div class=\"wpb_column vc_column_container vc_col-sm-4 vc_col-has-fill\"><div class=\"vc_column-inner vc_custom_1586388446444\"><div class=\"wpb_wrapper\">\n\t<div  class=\"wpb_single_image wpb_content_element vc_align_left\">\n\t\t\n\t\t<figure class=\"wpb_wrapper vc_figure\">\n\t\t\t<div class=\"vc_single_image-wrapper   vc_box_border_grey\"><img data-recalc-dims=\"1\" decoding=\"async\" class=\"vc_single_image-img\" src=\"https:\/\/i0.wp.com\/unisinucartagena.edu.co\/wp-content\/uploads\/2020\/04\/Llama-PNG2.png?resize=320%2C150&#038;ssl=1\" width=\"320\" height=\"150\" alt=\"Llama-PNG2\" title=\"Flame-PNG2\" \/><\/div>\n\t\t<\/figure>\n\t<\/div>\n\n\t<div class=\"wpb_text_column wpb_content_element\" >\n\t\t<div class=\"wpb_wrapper\">\n\t\t\t<h3 class=\"miniform--title\" style=\"text-align: center;\"><span style=\"color: #ffffff;\">Request information<\/span><\/h3>\n\n\t\t<\/div>\n\t<\/div>\n<p class=\"wpcf7-contact-form-not-found\"><strong>Error:<\/strong> Contact form not found.<\/p><div class=\"vc_empty_space\"   style=\"height: 32px\"><span class=\"vc_empty_space_inner\"><\/span><\/div><\/div><\/div><\/div><\/div>","protected":false},"excerpt":{"rendered":"Curso - Liquidaci\u00f3n de N\u00f3mina y Prestaciones Sociales\u00a0 Objetivo Brindar a los participantes un completo conocimiento en torno a toda la normatividad del c\u00f3digo Sustantivo del trabajo que regula en la actualidad la legislaci\u00f3n laboral y por consiguiente, la liquidaci\u00f3n &hellip;","protected":false},"author":1,"featured_media":0,"parent":0,"menu_order":0,"comment_status":"closed","ping_status":"open","template":"","meta":{"_acf_changed":false,"_bbp_topic_count":0,"_bbp_reply_count":0,"_bbp_total_topic_count":0,"_bbp_total_reply_count":0,"_bbp_voice_count":0,"_bbp_anonymous_reply_count":0,"_bbp_topic_count_hidden":0,"_bbp_reply_count_hidden":0,"_bbp_forum_subforum_count":0,"_monsterinsights_skip_tracking":false,"_monsterinsights_sitenote_active":false,"_monsterinsights_sitenote_note":"","_monsterinsights_sitenote_category":0,"footnotes":""},"class_list":["post-43231","page","type-page","status-publish","hentry"],"acf":[],"aioseo_notices":[],"_links":{"self":[{"href":"https:\/\/unisinucartagena.edu.co\/en\/wp-json\/wp\/v2\/pages\/43231","targetHints":{"allow":["GET"]}}],"collection":[{"href":"https:\/\/unisinucartagena.edu.co\/en\/wp-json\/wp\/v2\/pages"}],"about":[{"href":"https:\/\/unisinucartagena.edu.co\/en\/wp-json\/wp\/v2\/types\/page"}],"author":[{"embeddable":true,"href":"https:\/\/unisinucartagena.edu.co\/en\/wp-json\/wp\/v2\/users\/1"}],"replies":[{"embeddable":true,"href":"https:\/\/unisinucartagena.edu.co\/en\/wp-json\/wp\/v2\/comments?post=43231"}],"version-history":[{"count":8,"href":"https:\/\/unisinucartagena.edu.co\/en\/wp-json\/wp\/v2\/pages\/43231\/revisions"}],"predecessor-version":[{"id":47279,"href":"https:\/\/unisinucartagena.edu.co\/en\/wp-json\/wp\/v2\/pages\/43231\/revisions\/47279"}],"wp:attachment":[{"href":"https:\/\/unisinucartagena.edu.co\/en\/wp-json\/wp\/v2\/media?parent=43231"}],"curies":[{"name":"wp","href":"https:\/\/api.w.org\/{rel}","templated":true}]}}