{"id":42743,"date":"2020-03-03T14:58:14","date_gmt":"2020-03-03T19:58:14","guid":{"rendered":"https:\/\/www.unisinucartagena.edu.co\/?page_id=42743"},"modified":"2024-05-02T23:51:40","modified_gmt":"2024-05-03T04:51:40","slug":"especializacion-en-contabilidad-financiera-internacional-snies-108613","status":"publish","type":"page","link":"https:\/\/unisinucartagena.edu.co\/en\/especializacion-en-contabilidad-financiera-internacional-snies-108613\/","title":{"rendered":"SPECIALIZATION IN INTERNATIONAL FINANCIAL ACCOUNTING SNIES: 108613"},"content":{"rendered":"<div id=\"pl-42743\"  class=\"panel-layout\" ><div id=\"pg-42743-0\"  class=\"panel-grid panel-no-style\" ><div id=\"pgc-42743-0-0\"  class=\"panel-grid-cell\" ><div id=\"panel-42743-0-0-0\" class=\"so-panel widget widget_text panel-first-child panel-last-child\" data-index=\"0\" >\t\t\t<div class=\"textwidget\"><p>Qualified Regime MEN: 015055 of December 18, 2019. SNIES: 108613. Expiration date of the Qualified Registry: December 19, 2026<\/p>\n<\/div>\n\t\t<\/div><\/div><\/div><div id=\"pg-42743-1\"  class=\"panel-grid panel-no-style\" ><div id=\"pgc-42743-1-0\"  class=\"panel-grid-cell\" ><div id=\"panel-42743-1-0-0\" class=\"so-panel widget widget_text panel-first-child panel-last-child\" data-index=\"1\" ><h3 class=\"widget-title\">Mission<\/h3>\t\t\t<div class=\"textwidget\"><p>The Specialization Program in International Financial Accounting has as its mission to train professionals based on the generation of knowledge in the area of accounting in an international environment, in search of high levels of quality, social responsibility and ethics to contribute to business development in a globalized environment.<\/p>\n<\/div>\n\t\t<\/div><\/div><div id=\"pgc-42743-1-1\"  class=\"panel-grid-cell\" ><div id=\"panel-42743-1-1-0\" class=\"so-panel widget widget_text panel-first-child panel-last-child\" data-index=\"2\" ><h3 class=\"widget-title\">Vision<\/h3>\t\t\t<div class=\"textwidget\"><p>The Specialization Program in International Financial Accounting is seen in 2024 as the best training proposal in financial reporting standards in the Caribbean region and one of the best at the national level for its contribution to business development and the high level of its graduates. with the ability to perform anywhere in the world.<\/p>\n<\/div>\n\t\t<\/div><\/div><\/div><div id=\"pg-42743-2\"  class=\"panel-grid panel-no-style\" ><div id=\"pgc-42743-2-0\"  class=\"panel-grid-cell\" ><div id=\"panel-42743-2-0-0\" class=\"so-panel widget widget_button panel-first-child panel-last-child\" data-index=\"3\" ><div class=\"thim-widget-button thim-widget-button-base template-base\"><a class=\"widget-button  no-border large custom_style\" href=\"http:\/\/goo.gl\/forms\/cRio8wtMEi\" target=\"_blank\" style=\"font-size: 16px;font-weight: normal;background-color: #af2626;\" data-hover=\"font-size: 16px;font-weight: normal;\"><i class=\"pencil\" style=\"font-size: 14px;\"><\/i> I want to know more<\/a><\/div><\/div><\/div><div id=\"pgc-42743-2-1\"  class=\"panel-grid-cell\" ><div id=\"panel-42743-2-1-0\" class=\"so-panel widget widget_button panel-first-child panel-last-child\" data-index=\"4\" ><div class=\"thim-widget-button thim-widget-button-base template-base\"><a class=\"widget-button  no-border large custom_style\" href=\"https:\/\/bit.ly\/inscribete-aqui-unisinu\" target=\"_blank\" style=\"font-size: 16px;font-weight: normal;background-color: #af2626;\" data-hover=\"font-size: 16px;font-weight: normal;\"><i class=\"pencil\" style=\"font-size: 14px;\"><\/i> sign up here<\/a><\/div><\/div><\/div><div id=\"pgc-42743-2-2\"  class=\"panel-grid-cell\" ><div id=\"panel-42743-2-2-0\" class=\"so-panel widget widget_button panel-first-child panel-last-child\" data-index=\"5\" ><div class=\"thim-widget-button thim-widget-button-base template-base\"><a class=\"widget-button  no-border large custom_style\" href=\"https:\/\/unisinucartagena.edu.co\/en\/calendario-de-admisiones\/#1611004448073-ca041768-7942\" target=\"_blank\" style=\"font-size: 16px;font-weight: normal;background-color: #af2626;\" data-hover=\"font-size: 16px;font-weight: normal;\"><i class=\"pencil\" style=\"font-size: 14px;\"><\/i> Academic calendar<\/a><\/div><\/div><\/div><\/div><div id=\"pg-42743-3\"  class=\"panel-grid panel-no-style\" ><div id=\"pgc-42743-3-0\"  class=\"panel-grid-cell\" ><div id=\"panel-42743-3-0-0\" class=\"so-panel widget widget_text panel-first-child panel-last-child\" data-index=\"6\" >\t\t\t<div class=\"textwidget\"><table>\n<thead>\n<tr class=\"tableizer-firstrow\">\n<th>TITLE TO ISSUE<\/th>\n<th>SPECIALIST IN INTERNATIONAL FINANCIAL ACCOUNTING<\/th>\n<\/tr>\n<\/thead>\n<tbody>\n<tr>\n<td>DURATION<\/td>\n<td>One year<\/td>\n<\/tr>\n<tr>\n<td>ADMISSION PERIOD<\/td>\n<td>Biannual<\/td>\n<\/tr>\n<tr>\n<td>METHODOLOGY<\/td>\n<td>Face-to-face<\/td>\n<\/tr>\n<tr>\n<td>REG. QUALIFIED MEN<\/td>\n<td>015055 OF DECEMBER 18, 2019, Expiration date of the Qualified Registration: DECEMBER 19, 2026<\/td>\n<\/tr>\n<tr>\n<td>SNIES<\/td>\n<td>108613<\/td>\n<\/tr>\n<tr>\n<td>MAIN AREA<\/td>\n<td>Economic and Administrative Sciences<\/td>\n<\/tr>\n<tr>\n<td>TOTAL REGISTRATION VALUE<\/td>\n<td>$18.073.000 + 1% Valor Estampilla Distrital Procultura<\/td>\n<\/tr>\n<tr>\n<td>FRECUENCIA DE CLASES Y HORARIOS<\/td>\n<td>Encuentros quincenales los jueves, viernes y s\u00e1bados (7:00am a 12:00 m &#8211; 2:00 pm a 7:00 pm)<\/td>\n<\/tr>\n<\/tbody>\n<\/table>\n<\/div>\n\t\t<\/div><\/div><\/div><div id=\"pg-42743-4\"  class=\"panel-grid panel-no-style\" ><div id=\"pgc-42743-4-0\"  class=\"panel-grid-cell\" ><div id=\"panel-42743-4-0-0\" class=\"so-panel widget widget_tab panel-first-child panel-last-child\" data-index=\"7\" ><div class=\"thim-widget-tab thim-widget-tab-base template-base\"><ul class=\"nav nav-tabs\" role=\"tablist\"><li role=\"presentation\" class='active tab-col-2'><a href=\"#thim-widget-tab-11776701578-1-77\"  role=\"tab\" data-toggle=\"tab\">Admission requirements<\/a><\/li><li role=\"presentation\" class='tab-col-2'><a href=\"#thim-widget-tab-21776701578-1-77\"  role=\"tab\" data-toggle=\"tab\">Profile<\/a><\/li><\/ul><div class=\"tab-content\"> <div role=\"tabpanel\" class=\"tab-pane active\" id=\"thim-widget-tab-11776701578-1-77\"><section id=\"content\" class=\"grid-block\">\n<div id=\"system\"><article class=\"item\">\n<div class=\"content clearfix\">\n\n<h3 style=\"text-align: justify\">REGISTRATION REQUIREMENTS<\/h3>\n<ol>\n       <p><strong> Once you complete the pre-registration, you must send your documents to the email: secadmisions@unisinucartagena.edu.co<\/strong><\/p>\n\n\t<li>Registration form duly filled out with the photos in the corresponding spaces and signed.<\/li>\n \t<li>Photocopy of the degree certificate and the professional degree diploma*<\/li>\n \t<li>Two photocopies of the card extended to 150%*<\/li>\n \t<li>3x4 size photo.<\/li><br>\n         * Does not apply to foreigners<br>\n\t<strong> ** The Minutes and Diploma can be delivered as a photocopy.<\/strong><br>\nYour email will receive the information that your registration was accepted because you met the requirements.\n<\/ol>\n<\/div>\n\n<\/article><\/div>\n<\/section>\n<h3 style=\"text-align: justify\">ADDITIONAL DOCUMENTS FOREIGN APPLICANTS<\/h3>\n<ul style=\"text-align: justify\">\n \t<li>Photocopy of passport<\/li>\n \t<li>Undergraduate degree or its equivalent that accredits you as a professional must be validated by the Ministry of National Education of Colombia. All documents that are not in Spanish must be translated.<\/li>\n \t<li>. The certificates and the diploma must have the apostille stamp of the Ministry of Foreign Affairs or Entity in charge of this procedure in the country of origin.<\/li>\n<\/ul>\n\n<h3 style=\"text-align: justify\">REQUIRED ADDITIONAL DOCUMENTATION REGISTRATION FOR FOREIGNERS<\/h3>\n<ul style=\"text-align: justify\">\n \t<li>Photocopy of valid foreign identity card<\/li>\n \t<li>Photocopy of the current student visa<\/li><br>\n<p><strong> Important note!<\/strong> The documents required for registration must be submitted to the Admissions Office located at the Plaza Col\u00f3n, Avenida El Bosque Transversal 54 No. 30-729. Once the Mandatory Preventive Isolation Period is lifted <\/p>\n<\/ul><\/div> <div role=\"tabpanel\" class=\"tab-pane\" id=\"thim-widget-tab-21776701578-1-77\"><h3>Professional profile<\/h3>\nThe Specialization in International Financial Accounting of the Universidad del Sin\u00fa \u2013 El\u00edas Bechara Zain\u00fam, will train experts in the recognition and measurement of the elements of the financial statements, as well as the analysis of the financial information prepared under this regulation, to contribute in the solution of problems related to the financial situation, activity and cash flow of companies of any nature. The specialist must be recognized for his professional capacity, comprehensive training, ethics and social responsibility.\n<h3>Occupational profile<\/h3>\nThe CFI Specialist can work in both private and public companies in the areas of accounting, auditing, financial advice, and other activities related to the specialization, performing the functions of: - Financial accountant or accounting manager - Reviewer Tax - Advisor and consultant in financial accounting - Internal or external auditor of financial information<\/div><\/div><\/div><\/div><\/div><\/div><div id=\"pg-42743-5\"  class=\"panel-grid panel-no-style\" ><div id=\"pgc-42743-5-0\"  class=\"panel-grid-cell\" ><div id=\"panel-42743-5-0-0\" class=\"so-panel widget widget_heading panel-first-child panel-last-child\" data-index=\"8\" ><div class=\"thim-widget-heading thim-widget-heading-base template-base\"><div class=\"sc_heading   text-center\"><h3 style=\"text-transform: uppercase;\" class=\"title\">STUDY PLAN<\/h3><span class=\"line\"><\/span><\/div><\/div><\/div><\/div><\/div><div id=\"pg-42743-6\"  class=\"panel-grid panel-no-style\" ><div id=\"pgc-42743-6-0\"  class=\"panel-grid-cell\" ><div id=\"panel-42743-6-0-0\" class=\"so-panel widget widget_tab panel-first-child panel-last-child\" data-index=\"9\" ><div class=\"thim-widget-tab thim-widget-tab-base template-base\"><ul class=\"nav nav-tabs\" role=\"tablist\"><li role=\"presentation\" class='active tab-col-1'><a href=\"#thim-widget-tab-11776701578-1-75\"  role=\"tab\" data-toggle=\"tab\">Year<\/a><\/li><\/ul><div class=\"tab-content\"> <div role=\"tabpanel\" class=\"tab-pane active\" id=\"thim-widget-tab-11776701578-1-75\"><table>\n<tr>\n<td>C\u00c1TEDRA ELIAS BECHARA<\/td>\n<td>ENTORNO ECON\u00d3MICO INTERNACIONAL<\/td>\n<td>MARCO CONCEPTUAL Y NORMATIVO<\/td>\n<td>POL\u00cdTICAS CONTABLES<\/td>\n<td>FUNDAMENTOS DE MATEM\u00c1TICAS FINANCIERAS<\/td>\n<\/tr>\n<tr>\n<td>RECONOCIMIENTO, MEDICI\u00d3N Y REVELACI\u00d3N DE ACTIVOS<\/td>\n<td>RECONOCIMIENTO, MEDICI\u00d3N Y REVELACI\u00d3N DE PASIVOS<\/td>\n<td>RECONOCIMIENTO, MEDICI\u00d3N Y REVELACI\u00d3N DE INSTRUMENTOS FINANCIEROS B\u00c1SICOS Y DE PATRIMONIO<\/td>\n<td>INVESTIGACI\u00d3N I<\/td>\n<td>\u00c9TICA PROFESIONAL<\/td>\n<\/tr>\n<tr>\n<td>RECONOCIMIENTO, MEDICI\u00d3N Y REVELACI\u00d3N DE INSTRUMENTOS FINANCIEROS COMPLEJOS<\/td>\n<td>RECONOCIMIENTO Y MEDICI\u00d3N ACTIVIDADES ESPECIALES<\/td>\n<td>IMPUESTO DIFERIDO<\/td>\n<td>PREPARACI\u00d3N Y PRESENTACI\u00d3N DE ESTADOS FINANCIEROS<\/td>\n<td>NORMAS INTERNACIONALES SECTOR P\u00daBLICO <\/td>\n<\/tr>\n<tr>\n<td>REPORTE DIGITAL DE INFORMACI\u00d3N FINANCIERA<\/td>\n<td>ELECTIVA PROFESIONAL<\/td>\n<td>INVESTIGACI\u00d3N II<\/td>\n<td><\/td>\n<td><\/td>\n<\/tr>\n<\/table><\/div><\/div><\/div><\/div><\/div><\/div><div id=\"pg-42743-7\"  class=\"panel-grid panel-no-style\" ><div id=\"pgc-42743-7-0\"  class=\"panel-grid-cell\" ><div id=\"panel-42743-7-0-0\" class=\"widget_text so-panel widget widget_custom_html panel-first-child panel-last-child\" data-index=\"10\" ><div class=\"textwidget custom-html-widget\"><center><h3>\n\t<a href=\"https:\/\/drive.google.com\/file\/d\/1Y3X_DOxz23MQwDOSGXjEnorQONgBxs52\/view?usp=share_link\" target=\"_blank\">Download Information Booklet<\/a>\n<\/h3>\n<\/center>\n<div class=\"_3d-flip-book  fb3d-fullscreen-mode full-size\" data-id=\"42747\" data-mode=\"fullscreen\" data-title=\"false\" data-template=\"short-white-book-view\" data-lightbox=\"dark-shadow\" data-urlparam=\"fb3d-page\" data-page-n=\"0\" data-pdf=\"\" data-tax=\"null\" data-thumbnail=\"\" data-cols=\"3\" data-book-template=\"default\" data-trigger=\"\"><\/div><script type=\"text\/javascript\">window.FB3D_CLIENT_DATA = window.FB3D_CLIENT_DATA || [];FB3D_CLIENT_DATA.push('eyJwb3N0cyI6eyI0Mjc0NyI6eyJJRCI6NDI3NDcsInRpdGxlIjoiQnJvc2h1cmUgRXNwZWNpYWxpemFjaVx1MDBmM24gZGUgQ29udGFiaWxpZGFkIEZpbmFuY2llcmEgSW50ZXJuYWNpb25hbCIsInR5cGUiOiJwZGYiLCJyZWFkeV9mdW5jdGlvbiI6IiIsImJvb2tfc3R5bGUiOiJ2b2x1bWUiLCJib29rX3RlbXBsYXRlIjoibm9uZSIsIm91dGxpbmUiOltdLCJkYXRhIjp7InBvc3RfSUQiOiI1NjU5NCIsImd1aWQiOiJodHRwczpcL1wvdW5pc2ludWNhcnRhZ2VuYS5lZHUuY29cL3dwLWNvbnRlbnRcL3VwbG9hZHNcLzIwMjBcLzAzXC9DT05UQUJJTElEQUQtRklOQU5DSUVSQS1JTlRFUk5BQ0lPTkFMRElHLnBkZiIsInBkZl9wYWdlcyI6IjQiLCJwYWdlc19jdXN0b21pemF0aW9uIjoibm9uZSJ9LCJ0aHVtYm5haWwiOnsiZGF0YSI6eyJwb3N0X0lEIjoiMCJ9LCJ0eXBlIjoiYXV0byJ9LCJwcm9wcyI6eyJjYWNoZWRQYWdlcyI6ImF1dG8iLCJyZW5kZXJJbmFjdGl2ZVBhZ2VzIjoiYXV0byIsInJlbmRlckluYWN0aXZlUGFnZXNPbk1vYmlsZSI6ImF1dG8iLCJyZW5kZXJXaGlsZUZsaXBwaW5nIjoiYXV0byIsInByZWxvYWRQYWdlcyI6ImF1dG8iLCJydGwiOiJhdXRvIiwiaW50ZXJhY3RpdmVDb3JuZXJzIjoiYXV0byIsInNoZWV0Ijp7InN0YXJ0VmVsb2NpdHkiOiJhdXRvIiwid2F2ZSI6ImF1dG8iLCJzaGFwZSI6ImF1dG8iLCJ3aWR0aFRleGVscyI6ImF1dG8iLCJjb2xvciI6ImF1dG8iLCJzaWRlIjoiYXV0byIsImNvcm5lckRldmlhdGlvbiI6ImF1dG8iLCJmbGV4aWJpbGl0eSI6ImF1dG8iLCJmbGV4aWJsZUNvcm5lciI6ImF1dG8iLCJiZW5kaW5nIjoiYXV0byIsImhlaWdodFRleGVscyI6ImF1dG8ifSwiY292ZXIiOnsid2F2ZSI6ImF1dG8iLCJjb2xvciI6ImF1dG8iLCJiaW5kZXJUZXh0dXJlIjoiYXV0byIsImRlcHRoIjoiYXV0byIsInBhZGRpbmciOiJhdXRvIiwic3RhcnRWZWxvY2l0eSI6ImF1dG8iLCJmbGV4aWJpbGl0eSI6ImF1dG8iLCJmbGV4aWJsZUNvcm5lciI6ImF1dG8iLCJiZW5kaW5nIjoiYXV0byIsIndpZHRoVGV4ZWxzIjoiYXV0byIsImhlaWdodFRleGVscyI6ImF1dG8iLCJtYXNzIjoiYXV0byIsInNpZGUiOiJhdXRvIiwic2hhcGUiOiJhdXRvIn0sInBhZ2UiOnsid2F2ZSI6ImF1dG8iLCJjb2xvciI6ImF1dG8iLCJkZXB0aCI6ImF1dG8iLCJzdGFydFZlbG9jaXR5IjoiYXV0byIsImZsZXhpYmlsaXR5IjoiYXV0byIsImZsZXhpYmxlQ29ybmVyIjoiYXV0byIsImJlbmRpbmciOiJhdXRvIiwid2lkdGhUZXhlbHMiOiJhdXRvIiwiaGVpZ2h0VGV4ZWxzIjoiYXV0byIsIm1hc3MiOiJhdXRvIiwic2lkZSI6ImF1dG8iLCJzaGFwZSI6ImF1dG8ifSwiaGVpZ2h0IjoiYXV0byIsIndpZHRoIjoiYXV0byIsImdyYXZpdHkiOiJhdXRvIiwicGFnZXNGb3JQcmVkaWN0aW5nIjoiYXV0byJ9LCJjb250cm9sUHJvcHMiOnsiYWN0aW9ucyI6eyJjbWRTYXZlIjp7ImVuYWJsZWQiOiJhdXRvIiwiZW5hYmxlZEluTmFycm93IjoiYXV0byJ9LCJjbWRQcmludCI6eyJlbmFibGVkIjoiYXV0byIsImVuYWJsZWRJbk5hcnJvdyI6ImF1dG8ifSwiY21kU2luZ2xlUGFnZSI6eyJlbmFibGVkIjoiYXV0byIsImVuYWJsZWRJbk5hcnJvdyI6ImF1dG8iLCJhY3RpdmUiOiJhdXRvIiwiYWN0aXZlRm9yTW9iaWxlIjoiYXV0byJ9fX0sImF1dG9UaHVtYm5haWwiOm51bGwsInBvc3RfbmFtZSI6ImJyb3NodXJlLWVzcGVjaWFsaXphY2lvbi1kZS1jb250YWJpbGlkYWQtZmluYW5jaWVyYS1pbnRlcm5hY2lvbmFsIiwicG9zdF90eXBlIjoiM2QtZmxpcC1ib29rIn19LCJwYWdlcyI6W10sImZpcnN0UGFnZXMiOltdfQ==');window.FB3D_CLIENT_LOCALE && FB3D_CLIENT_LOCALE.render && FB3D_CLIENT_LOCALE.render();<\/script><\/div><\/div><\/div><\/div><\/div>","protected":false},"excerpt":{"rendered":"<p>Qualified Regime MEN: 015055 of December 18, 2019. SNIES: 108613. Expiration date of the Qualified Registry: December 19, 2026 The Specialization Program in International Financial Accounting has the mission of training professionals based on the \u2026 <\/p>","protected":false},"author":1,"featured_media":0,"parent":0,"menu_order":0,"comment_status":"closed","ping_status":"open","template":"","meta":{"_acf_changed":false,"_bbp_topic_count":0,"_bbp_reply_count":0,"_bbp_total_topic_count":0,"_bbp_total_reply_count":0,"_bbp_voice_count":0,"_bbp_anonymous_reply_count":0,"_bbp_topic_count_hidden":0,"_bbp_reply_count_hidden":0,"_bbp_forum_subforum_count":0,"_monsterinsights_skip_tracking":false,"_monsterinsights_sitenote_active":false,"_monsterinsights_sitenote_note":"","_monsterinsights_sitenote_category":0,"footnotes":""},"class_list":["post-42743","page","type-page","status-publish","hentry"],"acf":[],"aioseo_notices":[],"_links":{"self":[{"href":"https:\/\/unisinucartagena.edu.co\/en\/wp-json\/wp\/v2\/pages\/42743","targetHints":{"allow":["GET"]}}],"collection":[{"href":"https:\/\/unisinucartagena.edu.co\/en\/wp-json\/wp\/v2\/pages"}],"about":[{"href":"https:\/\/unisinucartagena.edu.co\/en\/wp-json\/wp\/v2\/types\/page"}],"author":[{"embeddable":true,"href":"https:\/\/unisinucartagena.edu.co\/en\/wp-json\/wp\/v2\/users\/1"}],"replies":[{"embeddable":true,"href":"https:\/\/unisinucartagena.edu.co\/en\/wp-json\/wp\/v2\/comments?post=42743"}],"version-history":[{"count":81,"href":"https:\/\/unisinucartagena.edu.co\/en\/wp-json\/wp\/v2\/pages\/42743\/revisions"}],"predecessor-version":[{"id":59265,"href":"https:\/\/unisinucartagena.edu.co\/en\/wp-json\/wp\/v2\/pages\/42743\/revisions\/59265"}],"wp:attachment":[{"href":"https:\/\/unisinucartagena.edu.co\/en\/wp-json\/wp\/v2\/media?parent=42743"}],"curies":[{"name":"wp","href":"https:\/\/api.w.org\/{rel}","templated":true}]}}