{"id":42571,"date":"2020-02-28T12:05:58","date_gmt":"2020-02-28T17:05:58","guid":{"rendered":"https:\/\/www.unisinucartagena.edu.co\/?page_id=42571"},"modified":"2023-09-06T16:52:17","modified_gmt":"2023-09-06T21:52:17","slug":"informe-de-autoevaluacion","status":"publish","type":"page","link":"https:\/\/unisinucartagena.edu.co\/en\/informe-de-autoevaluacion\/","title":{"rendered":"Self-Assessment Report"},"content":{"rendered":"<div id=\"pl-42571\"  class=\"panel-layout\" ><div id=\"pg-42571-0\"  class=\"panel-grid panel-no-style\" ><div id=\"pgc-42571-0-0\"  class=\"panel-grid-cell panel-grid-cell-empty\" ><\/div><\/div><div id=\"pg-42571-1\"  class=\"panel-grid panel-no-style\" ><div id=\"pgc-42571-1-0\"  class=\"panel-grid-cell\" ><div id=\"panel-42571-1-0-0\" class=\"so-panel widget widget_text panel-first-child\" data-index=\"0\" ><h3 class=\"widget-title\">SELF-ASSESSMENT REPORT FOR ACCREDITATION PURPOSES<\/h3>\t\t\t<div class=\"textwidget\"><\/div>\n\t\t<\/div><div id=\"panel-42571-1-0-1\" class=\"so-panel widget widget_button panel-last-child\" data-index=\"1\" ><div class=\"thim-widget-button thim-widget-button-base template-base\"><a class=\"widget-button  no-border large custom_style\" href=\"https:\/\/drive.google.com\/file\/d\/1InC_hFBRxuGozq26v5EtziAH83SuWr4F\/view?usp=sharing\" target=\"_blank\" style=\"font-size: 14px;font-weight: normal;background-color: #dd3333;\" data-hover=\"font-size: 14px;font-weight: normal;\"><i class=\"file-o\" style=\"font-size: 14px;\"><\/i> See Document<\/a><\/div><\/div><\/div><div id=\"pgc-42571-1-1\"  class=\"panel-grid-cell\" ><div id=\"panel-42571-1-1-0\" class=\"so-panel widget widget_text panel-first-child\" data-index=\"2\" ><h3 class=\"widget-title\">IMPROVEMENT PLAN<\/h3>\t\t\t<div class=\"textwidget\"><\/div>\n\t\t<\/div><div id=\"panel-42571-1-1-1\" class=\"so-panel widget widget_button panel-last-child\" data-index=\"3\" ><div class=\"thim-widget-button thim-widget-button-base template-base\"><a class=\"widget-button  no-border large custom_style\" href=\"https:\/\/drive.google.com\/file\/d\/1-cl05toX2cwWHWwn37abqSswBj6jkIPp\/view?usp=sharing\" target=\"_blank\" style=\"font-size: 14px;font-weight: normal;background-color: #dd3333;\" data-hover=\"font-size: 14px;font-weight: normal;\"><i class=\"file-o\" style=\"font-size: 14px;\"><\/i> See Document<\/a><\/div><\/div><\/div><\/div><div id=\"pg-42571-2\"  class=\"panel-grid panel-no-style\" ><div id=\"pgc-42571-2-0\"  class=\"panel-grid-cell\" ><div id=\"panel-42571-2-0-0\" class=\"so-panel widget widget_black-studio-tinymce widget_black_studio_tinymce panel-first-child panel-last-child\" data-index=\"4\" ><div class=\"textwidget\"><hr \/>\n<p>&nbsp;<\/p>\n<\/div><\/div><\/div><\/div><div id=\"pg-42571-3\"  class=\"panel-grid panel-no-style\" ><div id=\"pgc-42571-3-0\"  class=\"panel-grid-cell\" ><div id=\"panel-42571-3-0-0\" class=\"so-panel widget widget_text panel-first-child\" data-index=\"5\" ><h3 class=\"widget-title\">SELF-ASSESSMENT REPORT ING. OF SYSTEMS AND TECHNOLOGY<\/h3>\t\t\t<div class=\"textwidget\"><\/div>\n\t\t<\/div><div id=\"panel-42571-3-0-1\" class=\"so-panel widget widget_button panel-last-child\" data-index=\"6\" ><div class=\"thim-widget-button thim-widget-button-base template-base\"><a class=\"widget-button  no-border large custom_style\" href=\"https:\/\/drive.google.com\/file\/d\/1y0PsdDCUNqGKX3AGVIVZlNxvFZBAsYfE\/view?usp=sharing\" target=\"_blank\" style=\"font-size: 14px;font-weight: normal;background-color: #dd3333;\" data-hover=\"font-size: 14px;font-weight: normal;\"><i class=\"file-o\" style=\"font-size: 14px;\"><\/i> See Document<\/a><\/div><\/div><\/div><div id=\"pgc-42571-3-1\"  class=\"panel-grid-cell\" ><div id=\"panel-42571-3-1-0\" class=\"so-panel widget widget_text panel-first-child\" data-index=\"7\" ><h3 class=\"widget-title\">IMPROVEMENT PLAN ING. OF SYSTEMS AND TECHNOLOGY<\/h3>\t\t\t<div class=\"textwidget\"><\/div>\n\t\t<\/div><div id=\"panel-42571-3-1-1\" class=\"so-panel widget widget_button panel-last-child\" data-index=\"8\" ><div class=\"thim-widget-button thim-widget-button-base template-base\"><a class=\"widget-button  no-border large custom_style\" href=\"https:\/\/docs.google.com\/spreadsheets\/d\/1R1xTHdEYOn0FCORyDRp-CmqmvsO2verz\/edit?usp=sharing&amp;ouid=100528057801210695805&amp;rtpof=true&amp;sd=true\" target=\"_blank\" style=\"font-size: 14px;font-weight: normal;background-color: #dd3333;\" data-hover=\"font-size: 14px;font-weight: normal;\"><i class=\"file-o\" style=\"font-size: 14px;\"><\/i> See Document<\/a><\/div><\/div><\/div><\/div><div id=\"pg-42571-4\"  class=\"panel-grid panel-no-style\" ><div id=\"pgc-42571-4-0\"  class=\"panel-grid-cell\" ><div id=\"panel-42571-4-0-0\" class=\"so-panel widget widget_black-studio-tinymce widget_black_studio_tinymce panel-first-child panel-last-child\" data-index=\"9\" ><div class=\"textwidget\"><hr \/>\n<p>&nbsp;<\/p>\n<\/div><\/div><\/div><\/div><div id=\"pg-42571-5\"  class=\"panel-grid panel-no-style\" ><div id=\"pgc-42571-5-0\"  class=\"panel-grid-cell\" ><div id=\"panel-42571-5-0-0\" class=\"so-panel widget widget_text panel-first-child\" data-index=\"10\" ><h3 class=\"widget-title\">INFORME DE AUTOEVALUACI\u00d3N CON FINES DE ACREDITACI\u00d2N DEL PROGRAMA DE DERECHO<\/h3>\t\t\t<div class=\"textwidget\"><\/div>\n\t\t<\/div><div id=\"panel-42571-5-0-1\" class=\"so-panel widget widget_button panel-last-child\" data-index=\"11\" ><div class=\"thim-widget-button thim-widget-button-base template-base\"><a class=\"widget-button  no-border large custom_style\" href=\"https:\/\/drive.google.com\/file\/d\/1Y9Ft7uYw5qzNGbRyWwZUMzmqrkzi-SxO\/view?usp=share_link\" target=\"_blank\" style=\"font-size: 14px;font-weight: normal;background-color: #dd3333;\" data-hover=\"font-size: 14px;font-weight: normal;\"><i class=\"file-o\" style=\"font-size: 14px;\"><\/i> See Document<\/a><\/div><\/div><\/div><div id=\"pgc-42571-5-1\"  class=\"panel-grid-cell\" ><div id=\"panel-42571-5-1-0\" class=\"so-panel widget widget_text panel-first-child\" data-index=\"12\" ><h3 class=\"widget-title\">PLAN DE MEJORAMIENTO PROGRAMA DE DERECHO<\/h3>\t\t\t<div class=\"textwidget\"><\/div>\n\t\t<\/div><div id=\"panel-42571-5-1-1\" class=\"so-panel widget widget_button panel-last-child\" data-index=\"13\" ><div class=\"thim-widget-button thim-widget-button-base template-base\"><a class=\"widget-button  no-border large custom_style\" href=\"https:\/\/docs.google.com\/spreadsheets\/d\/1CUbZ80IoENba4ZD66X1XI2L5PEJ0-yem\/edit?usp=share_link&amp;ouid=100528057801210695805&amp;rtpof=true&amp;sd=true\" target=\"_blank\" style=\"font-size: 14px;font-weight: normal;background-color: #dd3333;\" data-hover=\"font-size: 14px;font-weight: normal;\"><i class=\"file-o\" style=\"font-size: 14px;\"><\/i> See Document<\/a><\/div><\/div><\/div><\/div><div id=\"pg-42571-6\"  class=\"panel-grid panel-no-style\" ><div id=\"pgc-42571-6-0\"  class=\"panel-grid-cell\" ><div id=\"panel-42571-6-0-0\" class=\"so-panel widget widget_black-studio-tinymce widget_black_studio_tinymce panel-first-child panel-last-child\" data-index=\"14\" ><div class=\"textwidget\"><hr \/>\n<p>&nbsp;<\/p>\n<\/div><\/div><\/div><\/div><div id=\"pg-42571-7\"  class=\"panel-grid panel-no-style\" ><div id=\"pgc-42571-7-0\"  class=\"panel-grid-cell\" ><div id=\"panel-42571-7-0-0\" class=\"so-panel widget widget_text panel-first-child\" data-index=\"15\" ><h3 class=\"widget-title\">Informe final de Autoevaluaci\u00f3n con fines de Acreditaci\u00f3n Programa de Administraci\u00f3n de Negocios Internacionales<\/h3>\t\t\t<div class=\"textwidget\"><\/div>\n\t\t<\/div><div id=\"panel-42571-7-0-1\" class=\"so-panel widget widget_button panel-last-child\" data-index=\"16\" ><div class=\"thim-widget-button thim-widget-button-base template-base\"><a class=\"widget-button  no-border large custom_style\" href=\"https:\/\/drive.google.com\/file\/d\/19v6z8BimKe2BovOJNuGoVWGaxXkkhB8U\/view\" target=\"_blank\" style=\"font-size: 14px;font-weight: normal;background-color: #dd3333;\" data-hover=\"font-size: 14px;font-weight: normal;\"><i class=\"file-o\" style=\"font-size: 14px;\"><\/i> See Document<\/a><\/div><\/div><\/div><div id=\"pgc-42571-7-1\"  class=\"panel-grid-cell\" ><div id=\"panel-42571-7-1-0\" class=\"so-panel widget widget_text panel-first-child\" data-index=\"17\" ><h3 class=\"widget-title\">PLAN DE MEJORAMIENTO Y DE FORTALECIMIENTO DEL PROGRAMA DE ADMINISTRACION DE NEGOCIOS INTERNACIONALES 2023- 2028<\/h3>\t\t\t<div class=\"textwidget\"><\/div>\n\t\t<\/div><div id=\"panel-42571-7-1-1\" class=\"so-panel widget widget_button panel-last-child\" data-index=\"18\" ><div class=\"thim-widget-button thim-widget-button-base template-base\"><a class=\"widget-button  no-border large custom_style\" href=\"https:\/\/drive.google.com\/file\/d\/1OTpNuhDN40dBd8QBjJf1xIInZWev9i6Q\/view\" target=\"_blank\" style=\"font-size: 14px;font-weight: normal;background-color: #dd3333;\" data-hover=\"font-size: 14px;font-weight: normal;\"><i class=\"file-o\" style=\"font-size: 14px;\"><\/i> See Document<\/a><\/div><\/div><\/div><\/div><div id=\"pg-42571-8\"  class=\"panel-grid panel-no-style\" ><div id=\"pgc-42571-8-0\"  class=\"panel-grid-cell\" ><div id=\"panel-42571-8-0-0\" class=\"so-panel widget widget_black-studio-tinymce widget_black_studio_tinymce panel-first-child panel-last-child\" data-index=\"19\" ><div class=\"textwidget\"><hr \/>\n<p>&nbsp;<\/p>\n<\/div><\/div><\/div><\/div><div id=\"pg-42571-9\"  class=\"panel-grid panel-no-style\" ><div id=\"pgc-42571-9-0\"  class=\"panel-grid-cell\" ><div id=\"panel-42571-9-0-0\" class=\"so-panel widget widget_text panel-first-child\" data-index=\"20\" ><h3 class=\"widget-title\">Informe final de Autoevaluaci\u00f3n con fines de Acreditaci\u00f3n Programa de ENFERMERIA<\/h3>\t\t\t<div class=\"textwidget\"><\/div>\n\t\t<\/div><div id=\"panel-42571-9-0-1\" class=\"so-panel widget widget_button panel-last-child\" data-index=\"21\" ><div class=\"thim-widget-button thim-widget-button-base template-base\"><a class=\"widget-button  no-border large custom_style\" href=\"https:\/\/drive.google.com\/file\/d\/1n1LsTs7j-_OJbnmN7Zp2heBXcOo8WBNb\/view\" target=\"_blank\" style=\"font-size: 14px;font-weight: normal;background-color: #dd3333;\" data-hover=\"font-size: 14px;font-weight: normal;\"><i class=\"file-o\" style=\"font-size: 14px;\"><\/i> See Document<\/a><\/div><\/div><\/div><div id=\"pgc-42571-9-1\"  class=\"panel-grid-cell\" ><div id=\"panel-42571-9-1-0\" class=\"so-panel widget widget_text panel-first-child\" data-index=\"22\" ><h3 class=\"widget-title\">PLAN DE MEJORAMIENTO Y FORTALECIMIENTO DEL PROGRAMA DE ENFERMERIA 2023-2028<\/h3>\t\t\t<div class=\"textwidget\"><\/div>\n\t\t<\/div><div id=\"panel-42571-9-1-1\" class=\"so-panel widget widget_button panel-last-child\" data-index=\"23\" ><div class=\"thim-widget-button thim-widget-button-base template-base\"><a class=\"widget-button  no-border large custom_style\" href=\"https:\/\/drive.google.com\/file\/d\/1ZG_eluJukbG79g45TypLYSF4gR0XVWLk\/view\" target=\"_blank\" style=\"font-size: 14px;font-weight: normal;background-color: #dd3333;\" data-hover=\"font-size: 14px;font-weight: normal;\"><i class=\"file-o\" style=\"font-size: 14px;\"><\/i> See Document<\/a><\/div><\/div><\/div><\/div><div id=\"pg-42571-10\"  class=\"panel-grid panel-no-style\" ><div id=\"pgc-42571-10-0\"  class=\"panel-grid-cell\" ><div id=\"panel-42571-10-0-0\" class=\"so-panel widget widget_black-studio-tinymce widget_black_studio_tinymce panel-first-child panel-last-child\" data-index=\"24\" ><div class=\"textwidget\"><hr \/>\n<p>&nbsp;<\/p>\n<\/div><\/div><\/div><\/div><div id=\"pg-42571-11\"  class=\"panel-grid panel-no-style\" ><div id=\"pgc-42571-11-0\"  class=\"panel-grid-cell\" ><div id=\"panel-42571-11-0-0\" class=\"so-panel widget widget_text panel-first-child\" data-index=\"25\" ><h3 class=\"widget-title\">Informe final de Autoevaluaci\u00f3n con fines de Acreditaci\u00f3n Programa de Contadur\u00eda p\u00fablica<\/h3>\t\t\t<div class=\"textwidget\"><\/div>\n\t\t<\/div><div id=\"panel-42571-11-0-1\" class=\"so-panel widget widget_button panel-last-child\" data-index=\"26\" ><div class=\"thim-widget-button thim-widget-button-base template-base\"><a class=\"widget-button  no-border large custom_style\" href=\"https:\/\/drive.google.com\/file\/d\/1-YvnTo-phBb0Rz91yfNTBY8fTZOWX1YQ\/view\" target=\"_blank\" style=\"font-size: 14px;font-weight: normal;background-color: #dd3333;\" data-hover=\"font-size: 14px;font-weight: normal;\"><i class=\"file-o\" style=\"font-size: 14px;\"><\/i> See Document<\/a><\/div><\/div><\/div><div id=\"pgc-42571-11-1\"  class=\"panel-grid-cell\" ><div id=\"panel-42571-11-1-0\" class=\"so-panel widget widget_text panel-first-child\" data-index=\"27\" ><h3 class=\"widget-title\">PLAN DE MEJORAMIENTO Y DE FORTALECIMIENTO DEL PROGRAMA DE CONTADURIA P\u00daBLICA 2023- 2028<\/h3>\t\t\t<div class=\"textwidget\"><\/div>\n\t\t<\/div><div id=\"panel-42571-11-1-1\" class=\"so-panel widget widget_button panel-last-child\" data-index=\"28\" ><div class=\"thim-widget-button thim-widget-button-base template-base\"><a class=\"widget-button  no-border large custom_style\" href=\"https:\/\/drive.google.com\/file\/d\/1hcbG2FH64rDQiuzEyKY0FQkLmVxf5Fkl\/view\" target=\"_blank\" style=\"font-size: 14px;font-weight: normal;background-color: #dd3333;\" data-hover=\"font-size: 14px;font-weight: normal;\"><i class=\"file-o\" style=\"font-size: 14px;\"><\/i> See Document<\/a><\/div><\/div><\/div><\/div><div id=\"pg-42571-12\"  class=\"panel-grid panel-no-style\" ><div id=\"pgc-42571-12-0\"  class=\"panel-grid-cell\" ><div id=\"panel-42571-12-0-0\" class=\"so-panel widget widget_black-studio-tinymce widget_black_studio_tinymce panel-first-child panel-last-child\" data-index=\"29\" ><div class=\"textwidget\"><hr \/>\n<p>&nbsp;<\/p>\n<\/div><\/div><\/div><\/div><div id=\"pg-42571-13\"  class=\"panel-grid panel-no-style\" ><div id=\"pgc-42571-13-0\"  class=\"panel-grid-cell\" ><div id=\"panel-42571-13-0-0\" class=\"so-panel widget widget_text panel-first-child\" data-index=\"30\" ><h3 class=\"widget-title\">Informe final de Autoevaluaci\u00f3n con fines de Acreditaci\u00f3n Programa de Nutrici\u00f3n y Diet\u00e9tica<\/h3>\t\t\t<div class=\"textwidget\"><\/div>\n\t\t<\/div><div id=\"panel-42571-13-0-1\" class=\"so-panel widget widget_button panel-last-child\" data-index=\"31\" ><div class=\"thim-widget-button thim-widget-button-base template-base\"><a class=\"widget-button  no-border large custom_style\" href=\"https:\/\/drive.google.com\/file\/d\/1xtqzh0w29rUtVs7Ib0u_aeVj8z0KXeQ-\/view\" target=\"_blank\" style=\"font-size: 14px;font-weight: normal;background-color: #dd3333;\" data-hover=\"font-size: 14px;font-weight: normal;\"><i class=\"file-o\" style=\"font-size: 14px;\"><\/i> See Document<\/a><\/div><\/div><\/div><div id=\"pgc-42571-13-1\"  class=\"panel-grid-cell\" ><div id=\"panel-42571-13-1-0\" class=\"so-panel widget widget_text panel-first-child\" data-index=\"32\" ><h3 class=\"widget-title\">PLAN DE MEJORAMIENTO Y DE FORTALECIMIENTO DEL PROGRAMA DE NUTRICI\u00d2N Y DIET\u00c8TICA 2023- 2028<\/h3>\t\t\t<div class=\"textwidget\"><\/div>\n\t\t<\/div><div id=\"panel-42571-13-1-1\" class=\"so-panel widget widget_button panel-last-child\" data-index=\"33\" ><div class=\"thim-widget-button thim-widget-button-base template-base\"><a class=\"widget-button  no-border large custom_style\" href=\"https:\/\/drive.google.com\/file\/d\/1g2xef2x73YgOmHJw-rpqN-n2GGTr3_Ap\/view\" target=\"_blank\" style=\"font-size: 14px;font-weight: normal;background-color: #dd3333;\" data-hover=\"font-size: 14px;font-weight: normal;\"><i class=\"file-o\" style=\"font-size: 14px;\"><\/i> See Document<\/a><\/div><\/div><\/div><\/div><\/div>","protected":false},"excerpt":{"rendered":"<p>INFORME DE AUTOEVALUACI\u00d3N CON FINES DE ACREDITACI\u00d3N Ver DocumentoPLAN DE MEJORAMIENTO Ver Documento &nbsp; INFORME AUTOEVALUACI\u00d3N ING. DE SISTEMAS Y TECNOLOG\u00cdA Ver DocumentoPLAN DE MEJORAMIENTO ING. DE SISTEMAS Y TECNOLOG\u00cdA Ver Documento &nbsp; INFORME DE AUTOEVALUACI\u00d3N CON FINES DE ACREDITACI\u00d2N &hellip; <\/p>","protected":false},"author":1,"featured_media":0,"parent":0,"menu_order":0,"comment_status":"closed","ping_status":"open","template":"","meta":{"_acf_changed":false,"_bbp_topic_count":0,"_bbp_reply_count":0,"_bbp_total_topic_count":0,"_bbp_total_reply_count":0,"_bbp_voice_count":0,"_bbp_anonymous_reply_count":0,"_bbp_topic_count_hidden":0,"_bbp_reply_count_hidden":0,"_bbp_forum_subforum_count":0,"_monsterinsights_skip_tracking":false,"_monsterinsights_sitenote_active":false,"_monsterinsights_sitenote_note":"","_monsterinsights_sitenote_category":0,"footnotes":""},"class_list":["post-42571","page","type-page","status-publish","hentry"],"acf":[],"aioseo_notices":[],"_links":{"self":[{"href":"https:\/\/unisinucartagena.edu.co\/en\/wp-json\/wp\/v2\/pages\/42571","targetHints":{"allow":["GET"]}}],"collection":[{"href":"https:\/\/unisinucartagena.edu.co\/en\/wp-json\/wp\/v2\/pages"}],"about":[{"href":"https:\/\/unisinucartagena.edu.co\/en\/wp-json\/wp\/v2\/types\/page"}],"author":[{"embeddable":true,"href":"https:\/\/unisinucartagena.edu.co\/en\/wp-json\/wp\/v2\/users\/1"}],"replies":[{"embeddable":true,"href":"https:\/\/unisinucartagena.edu.co\/en\/wp-json\/wp\/v2\/comments?post=42571"}],"version-history":[{"count":19,"href":"https:\/\/unisinucartagena.edu.co\/en\/wp-json\/wp\/v2\/pages\/42571\/revisions"}],"predecessor-version":[{"id":56348,"href":"https:\/\/unisinucartagena.edu.co\/en\/wp-json\/wp\/v2\/pages\/42571\/revisions\/56348"}],"wp:attachment":[{"href":"https:\/\/unisinucartagena.edu.co\/en\/wp-json\/wp\/v2\/media?parent=42571"}],"curies":[{"name":"wp","href":"https:\/\/api.w.org\/{rel}","templated":true}]}}