{"id":42205,"date":"2020-02-19T17:06:07","date_gmt":"2020-02-19T22:06:07","guid":{"rendered":"https:\/\/www.unisinucartagena.edu.co\/?page_id=42205"},"modified":"2020-02-19T17:06:07","modified_gmt":"2020-02-19T22:06:07","slug":"diplomado-actuacion-de-enfermeria-en-urgencias-traumaticas-e-intoxicaciones","status":"publish","type":"page","link":"https:\/\/unisinucartagena.edu.co\/en\/diplomado-actuacion-de-enfermeria-en-urgencias-traumaticas-e-intoxicaciones\/","title":{"rendered":"Diploma - Nursing Acting in Traumatic Emergencies and Poisoning."},"content":{"rendered":"<div data-vc-full-width=\"true\" data-vc-full-width-init=\"false\" data-vc-stretch-content=\"true\" class=\"vc_row wpb_row vc_row-fluid wpb_animate_when_almost_visible wpb_fadeInLeft fadeInLeft vc_row-o-content-middle vc_row-flex\"><div class=\"wpb_column vc_column_container vc_col-sm-12\"><div class=\"vc_column-inner\"><div class=\"wpb_wrapper\"><div class=\"vc_row wpb_row vc_inner vc_row-fluid\"><div class=\"wpb_column vc_column_container vc_col-sm-12\"><div class=\"vc_column-inner\"><div class=\"wpb_wrapper\"><div class=\"vc_empty_space\"   style=\"height: 20px\"><span class=\"vc_empty_space_inner\"><\/span><\/div>\n\t<div class=\"wpb_text_column wpb_content_element\" >\n\t\t<div class=\"wpb_wrapper\">\n\t\t\t<h1 class=\"heading__primary\" style=\"text-align: center;\"><span style=\"color: #000000;\">Diploma - Nursing Acting in Traumatic Emergencies and Poisoning.<\/span><\/h1>\n\n\t\t<\/div>\n\t<\/div>\n<div class=\"vc_empty_space\"   style=\"height: 20px\"><span class=\"vc_empty_space_inner\"><\/span><\/div><\/div><\/div><\/div><\/div><\/div><\/div><\/div><\/div><div class=\"vc_row-full-width vc_clearfix\"><\/div><div data-vc-full-width=\"true\" data-vc-full-width-init=\"false\" data-vc-stretch-content=\"true\" class=\"vc_row wpb_row vc_row-fluid wpb_animate_when_almost_visible wpb_fadeInLeft fadeInLeft vc_row-o-content-middle vc_row-flex\"><div class=\"wpb_column vc_column_container vc_col-sm-12\"><div class=\"vc_column-inner\"><div class=\"wpb_wrapper\"><div class=\"vc_row wpb_row vc_inner vc_row-fluid vc_custom_1579638497888 vc_row-has-fill vc_row-o-content-middle vc_row-flex\"><div class=\"wpb_column vc_column_container vc_col-sm-6\"><div class=\"vc_column-inner\"><div class=\"wpb_wrapper\">\n\t<div  class=\"wpb_single_image wpb_content_element vc_align_right\">\n\t\t\n\t\t<figure class=\"wpb_wrapper vc_figure\">\n\t\t\t<div class=\"vc_single_image-wrapper   vc_box_border_grey\"><img data-recalc-dims=\"1\" fetchpriority=\"high\" decoding=\"async\" data-vc-zoom=\"https:\/\/unisinucartagena.edu.co\/wp-content\/uploads\/2020\/02\/1-3.jpg\" class=\"vc_single_image-img\" src=\"https:\/\/i0.wp.com\/unisinucartagena.edu.co\/wp-content\/uploads\/2020\/02\/1-3.jpg?resize=640%2C388&#038;ssl=1\" width=\"640\" height=\"388\" alt=\"1\" title=\"1\" \/><\/div>\n\t\t<\/figure>\n\t<\/div>\n<\/div><\/div><\/div><div class=\"wpb_column vc_column_container vc_col-sm-6\"><div class=\"vc_column-inner\"><div class=\"wpb_wrapper\"><p class=\"wpcf7-contact-form-not-found\"><strong>Error:<\/strong> Contact form not found.<\/p><\/div><\/div><\/div><\/div><\/div><\/div><\/div><\/div><div class=\"vc_row-full-width vc_clearfix\"><\/div><div data-vc-full-width=\"true\" data-vc-full-width-init=\"false\" class=\"vc_row wpb_row vc_row-fluid wpb_animate_when_almost_visible wpb_fadeInLeft fadeInLeft vc_row-o-content-middle vc_row-flex\"><div class=\"wpb_column vc_column_container vc_col-sm-12\"><div class=\"vc_column-inner\"><div class=\"wpb_wrapper\"><div class=\"vc_empty_space\"   style=\"height: 32px\"><span class=\"vc_empty_space_inner\"><\/span><\/div>\n\t<div  class=\"wpb_single_image wpb_content_element vc_align_center\">\n\t\t\n\t\t<figure class=\"wpb_wrapper vc_figure\">\n\t\t\t<div class=\"vc_single_image-wrapper   vc_box_border_grey\"><img data-recalc-dims=\"1\" decoding=\"async\" data-vc-zoom=\"https:\/\/unisinucartagena.edu.co\/wp-content\/uploads\/2020\/02\/1-28.png\" width=\"638\" height=\"905\" src=\"https:\/\/i0.wp.com\/unisinucartagena.edu.co\/wp-content\/uploads\/2020\/02\/1-28.png?resize=638%2C905&#038;ssl=1\" class=\"vc_single_image-img attachment-large\" alt=\"\" title=\"1\" srcset=\"https:\/\/i0.wp.com\/unisinucartagena.edu.co\/wp-content\/uploads\/2020\/02\/1-28.png?w=638&amp;ssl=1 638w, https:\/\/i0.wp.com\/unisinucartagena.edu.co\/wp-content\/uploads\/2020\/02\/1-28.png?resize=211%2C300&amp;ssl=1 211w\" sizes=\"(max-width: 638px) 100vw, 638px\" \/><\/div>\n\t\t<\/figure>\n\t<\/div>\n\n\t<div  class=\"wpb_single_image wpb_content_element vc_align_center\">\n\t\t\n\t\t<figure class=\"wpb_wrapper vc_figure\">\n\t\t\t<div class=\"vc_single_image-wrapper   vc_box_border_grey\"><img data-recalc-dims=\"1\" decoding=\"async\" data-vc-zoom=\"https:\/\/unisinucartagena.edu.co\/wp-content\/uploads\/2020\/02\/2-12.png\" width=\"638\" height=\"904\" src=\"https:\/\/i0.wp.com\/unisinucartagena.edu.co\/wp-content\/uploads\/2020\/02\/2-12.png?resize=638%2C904&#038;ssl=1\" class=\"vc_single_image-img attachment-large\" alt=\"\" title=\"2\" srcset=\"https:\/\/i0.wp.com\/unisinucartagena.edu.co\/wp-content\/uploads\/2020\/02\/2-12.png?w=638&amp;ssl=1 638w, https:\/\/i0.wp.com\/unisinucartagena.edu.co\/wp-content\/uploads\/2020\/02\/2-12.png?resize=212%2C300&amp;ssl=1 212w\" sizes=\"(max-width: 638px) 100vw, 638px\" \/><\/div>\n\t\t<\/figure>\n\t<\/div>\n\n\t<div class=\"wpb_raw_code wpb_content_element wpb_raw_html\" >\n\t\t<div class=\"wpb_wrapper\">\n\t\t\t<div class=\"vc_btn3-container vc_btn3-center\">\n\t<a onmouseleave=\"this.style.borderColor='#e42313'; this.style.backgroundColor='transparent'; this.style.color='#e42313'\" onmouseenter=\"this.style.borderColor='#e42313'; this.style.backgroundColor='#e42313'; this.style.color='#ffffff';\" style=\"border-color: rgb(228, 35, 19); color: rgb(228, 35, 19); background-color: transparent;\" class=\"vc_general vc_btn3 vc_btn3-size-md vc_btn3-shape-rounded vc_btn3-style-outline-custom\" href=\"https:\/\/drive.google.com\/file\/d\/1j3EoRrEmS3NAj4pSDwyGLVWnfLr2I0EH\/view\" title=\"\" target=\"_blank\">DOWNLOAD BROCHURE HERE<\/a><\/div>\n\t\t<\/div>\n\t<\/div>\n<\/div><\/div><\/div><\/div><div class=\"vc_row-full-width vc_clearfix\"><\/div>","protected":false},"excerpt":{"rendered":"Diplomado - Actuaci\u00f3n de Enfermer\u00eda en Urgencias Traum\u00e1ticas e Intoxicaciones. Error: Contact form not found. DESCARGAR BROCHURE AQU\u00cd","protected":false},"author":1,"featured_media":0,"parent":0,"menu_order":0,"comment_status":"closed","ping_status":"open","template":"page-templates\/homepage.php","meta":{"_acf_changed":false,"_bbp_topic_count":0,"_bbp_reply_count":0,"_bbp_total_topic_count":0,"_bbp_total_reply_count":0,"_bbp_voice_count":0,"_bbp_anonymous_reply_count":0,"_bbp_topic_count_hidden":0,"_bbp_reply_count_hidden":0,"_bbp_forum_subforum_count":0,"_monsterinsights_skip_tracking":false,"_monsterinsights_sitenote_active":false,"_monsterinsights_sitenote_note":"","_monsterinsights_sitenote_category":0,"footnotes":""},"class_list":["post-42205","page","type-page","status-publish","hentry"],"acf":[],"aioseo_notices":[],"_links":{"self":[{"href":"https:\/\/unisinucartagena.edu.co\/en\/wp-json\/wp\/v2\/pages\/42205","targetHints":{"allow":["GET"]}}],"collection":[{"href":"https:\/\/unisinucartagena.edu.co\/en\/wp-json\/wp\/v2\/pages"}],"about":[{"href":"https:\/\/unisinucartagena.edu.co\/en\/wp-json\/wp\/v2\/types\/page"}],"author":[{"embeddable":true,"href":"https:\/\/unisinucartagena.edu.co\/en\/wp-json\/wp\/v2\/users\/1"}],"replies":[{"embeddable":true,"href":"https:\/\/unisinucartagena.edu.co\/en\/wp-json\/wp\/v2\/comments?post=42205"}],"version-history":[{"count":1,"href":"https:\/\/unisinucartagena.edu.co\/en\/wp-json\/wp\/v2\/pages\/42205\/revisions"}],"predecessor-version":[{"id":42209,"href":"https:\/\/unisinucartagena.edu.co\/en\/wp-json\/wp\/v2\/pages\/42205\/revisions\/42209"}],"wp:attachment":[{"href":"https:\/\/unisinucartagena.edu.co\/en\/wp-json\/wp\/v2\/media?parent=42205"}],"curies":[{"name":"wp","href":"https:\/\/api.w.org\/{rel}","templated":true}]}}