{"id":41892,"date":"2020-02-03T10:45:17","date_gmt":"2020-02-03T15:45:17","guid":{"rendered":"https:\/\/www.unisinucartagena.edu.co\/?page_id=41892"},"modified":"2023-04-05T10:56:17","modified_gmt":"2023-04-05T15:56:17","slug":"convocatorias-para-docentes","status":"publish","type":"page","link":"https:\/\/unisinucartagena.edu.co\/en\/convocatorias-para-docentes\/","title":{"rendered":"Calls for Teachers"},"content":{"rendered":"<div class=\"vc_row wpb_row vc_row-fluid\"><div class=\"wpb_column vc_column_container vc_col-sm-12\"><div class=\"vc_column-inner\"><div class=\"wpb_wrapper\">\n\t<div class=\"wpb_text_column wpb_content_element\" >\n\t\t<div class=\"wpb_wrapper\">\n\t\t\t<h1 style=\"text-align: center;\"><span style=\"color: #000000;\">INTERNATIONAL MOBILITY CALL<\/span><\/h1>\n<h1 style=\"text-align: center;\"><span style=\"color: #000000;\">TEACHING AND RESEARCH STAFF\u00a0<\/span><\/h1>\n\n\t\t<\/div>\n\t<\/div>\n\n\t<div class=\"wpb_text_column wpb_content_element\" >\n\t\t<div class=\"wpb_wrapper\">\n\t\t\t<p style=\"text-align: justify;\">The University of Sin\u00fa El\u00edas Bechara Zain\u00fam, within the framework of its institutional vision, tends towards the internationalization of its substantive processes based on academic and research excellence, for this it strengthens international cooperation in research and innovation, as well as generates conditions for improvement of scientific and technological capacities, which increases the visibility and national and international institutional scientific production. Based on this vision, it presents the first call for International Mobility for teachers and researchers 2019, from which aid is available for outgoing mobility projects.<\/p>\n\n\t\t<\/div>\n\t<\/div>\n<div class=\"vc_row wpb_row vc_inner vc_row-fluid\"><div class=\"wpb_column vc_column_container vc_col-sm-12\"><div class=\"vc_column-inner\"><div class=\"wpb_wrapper\"><div class=\"vc_empty_space\"   style=\"height: 32px\"><span class=\"vc_empty_space_inner\"><\/span><\/div><\/div><\/div><\/div><\/div><\/div><\/div><\/div><\/div><div class=\"vc_row wpb_row vc_row-fluid\"><div class=\"wpb_column vc_column_container vc_col-sm-6\"><div class=\"vc_column-inner\"><div class=\"wpb_wrapper\">\n\t<div  class=\"wpb_single_image wpb_content_element vc_align_center\">\n\t\t\n\t\t<figure class=\"wpb_wrapper vc_figure\">\n\t\t\t<div class=\"vc_single_image-wrapper   vc_box_border_grey\"><img data-recalc-dims=\"1\" fetchpriority=\"high\" decoding=\"async\" width=\"640\" height=\"640\" src=\"https:\/\/i0.wp.com\/unisinucartagena.edu.co\/wp-content\/uploads\/2023\/04\/Imagen-de-WhatsApp-2023-04-04-a-las-12.44.22.jpg?resize=640%2C640&#038;ssl=1\" class=\"vc_single_image-img attachment-large\" alt=\"\" title=\"Imagen de WhatsApp 2023-04-04 a las 12.44.22\" srcset=\"https:\/\/i0.wp.com\/unisinucartagena.edu.co\/wp-content\/uploads\/2023\/04\/Imagen-de-WhatsApp-2023-04-04-a-las-12.44.22.jpg?w=1000&amp;ssl=1 1000w, https:\/\/i0.wp.com\/unisinucartagena.edu.co\/wp-content\/uploads\/2023\/04\/Imagen-de-WhatsApp-2023-04-04-a-las-12.44.22.jpg?resize=300%2C300&amp;ssl=1 300w, https:\/\/i0.wp.com\/unisinucartagena.edu.co\/wp-content\/uploads\/2023\/04\/Imagen-de-WhatsApp-2023-04-04-a-las-12.44.22.jpg?resize=150%2C150&amp;ssl=1 150w, https:\/\/i0.wp.com\/unisinucartagena.edu.co\/wp-content\/uploads\/2023\/04\/Imagen-de-WhatsApp-2023-04-04-a-las-12.44.22.jpg?resize=768%2C768&amp;ssl=1 768w, https:\/\/i0.wp.com\/unisinucartagena.edu.co\/wp-content\/uploads\/2023\/04\/Imagen-de-WhatsApp-2023-04-04-a-las-12.44.22.jpg?resize=100%2C100&amp;ssl=1 100w, https:\/\/i0.wp.com\/unisinucartagena.edu.co\/wp-content\/uploads\/2023\/04\/Imagen-de-WhatsApp-2023-04-04-a-las-12.44.22.jpg?resize=12%2C12&amp;ssl=1 12w, https:\/\/i0.wp.com\/unisinucartagena.edu.co\/wp-content\/uploads\/2023\/04\/Imagen-de-WhatsApp-2023-04-04-a-las-12.44.22.jpg?resize=50%2C50&amp;ssl=1 50w\" sizes=\"(max-width: 640px) 100vw, 640px\" \/><\/div>\n\t\t<\/figure>\n\t<\/div>\n<\/div><\/div><\/div><div class=\"wpb_column vc_column_container vc_col-sm-6\"><div class=\"vc_column-inner\"><div class=\"wpb_wrapper\"><div class=\"vc_row wpb_row vc_inner vc_row-fluid\"><div class=\"wpb_column vc_column_container vc_col-sm-12\"><div class=\"vc_column-inner\"><div class=\"wpb_wrapper\"><div class=\"vc_empty_space\"   style=\"height: 10px\"><span class=\"vc_empty_space_inner\"><\/span><\/div>\n\t<div class=\"wpb_text_column wpb_content_element\" >\n\t\t<div class=\"wpb_wrapper\">\n\t\t\t<div style=\"text-align: left;\">\n<div style=\"text-align: left;\">\n<p><span style=\"font-size: 14pt;\"><strong>CONVOCATORIA DE MOVILIDAD DOCENTE 2023-2<\/strong><\/span><\/p>\n<p><strong>Fecha de Finalizaci\u00f3n:<\/strong> 25 de mayo de 2023<\/p>\n<\/div>\n<div style=\"text-align: left;\"><\/div>\n<\/div>\n\n\t\t<\/div>\n\t<\/div>\n<div class=\"vc_empty_space\"   style=\"height: 10px\"><span class=\"vc_empty_space_inner\"><\/span><\/div><div class=\"thim-widget-button\"><a class=\"widget-button tiny-rounded no-border medium custom_style\" href=\"https:\/\/drive.google.com\/drive\/folders\/1pKtEezguXX5tNzlYWBuFMcy-cjVJsDdC\" target=\"_blank\" style=\"font-size: 14px;font-weight: 300;border-color: #e00000;background-color: #e00000;\" data-hover=\"font-size: 14px;font-weight: 300;\">MORE INFORMATION<\/a><\/div><\/div><\/div><\/div><\/div><\/div><\/div><\/div><\/div><div class=\"vc_row wpb_row vc_row-fluid\"><div class=\"wpb_column vc_column_container vc_col-sm-12\"><div class=\"vc_column-inner\"><div class=\"wpb_wrapper\"><div class=\"vc_separator wpb_content_element vc_separator_align_center vc_sep_width_100 vc_sep_pos_align_center vc_separator_no_text vc_sep_color_grey\" ><span class=\"vc_sep_holder vc_sep_holder_l\"><span  class=\"vc_sep_line\"><\/span><\/span><span class=\"vc_sep_holder vc_sep_holder_r\"><span  class=\"vc_sep_line\"><\/span><\/span>\n<\/div><\/div><\/div><\/div><\/div><div class=\"vc_row wpb_row vc_row-fluid\"><div class=\"wpb_column vc_column_container vc_col-sm-6\"><div class=\"vc_column-inner\"><div class=\"wpb_wrapper\">\n\t<div  class=\"wpb_single_image wpb_content_element vc_align_center\">\n\t\t\n\t\t<figure class=\"wpb_wrapper vc_figure\">\n\t\t\t<div class=\"vc_single_image-wrapper   vc_box_border_grey\"><img data-recalc-dims=\"1\" decoding=\"async\" width=\"640\" height=\"640\" src=\"https:\/\/i0.wp.com\/unisinucartagena.edu.co\/wp-content\/uploads\/2023\/04\/Imagen-de-WhatsApp-2023-04-04-a-las-12.44.22-1.jpg?resize=640%2C640&#038;ssl=1\" class=\"vc_single_image-img attachment-large\" alt=\"\" title=\"Imagen de WhatsApp 2023-04-04 a las 12.44.22 (1)\" srcset=\"https:\/\/i0.wp.com\/unisinucartagena.edu.co\/wp-content\/uploads\/2023\/04\/Imagen-de-WhatsApp-2023-04-04-a-las-12.44.22-1.jpg?w=1000&amp;ssl=1 1000w, https:\/\/i0.wp.com\/unisinucartagena.edu.co\/wp-content\/uploads\/2023\/04\/Imagen-de-WhatsApp-2023-04-04-a-las-12.44.22-1.jpg?resize=300%2C300&amp;ssl=1 300w, https:\/\/i0.wp.com\/unisinucartagena.edu.co\/wp-content\/uploads\/2023\/04\/Imagen-de-WhatsApp-2023-04-04-a-las-12.44.22-1.jpg?resize=150%2C150&amp;ssl=1 150w, https:\/\/i0.wp.com\/unisinucartagena.edu.co\/wp-content\/uploads\/2023\/04\/Imagen-de-WhatsApp-2023-04-04-a-las-12.44.22-1.jpg?resize=768%2C768&amp;ssl=1 768w, https:\/\/i0.wp.com\/unisinucartagena.edu.co\/wp-content\/uploads\/2023\/04\/Imagen-de-WhatsApp-2023-04-04-a-las-12.44.22-1.jpg?resize=100%2C100&amp;ssl=1 100w, https:\/\/i0.wp.com\/unisinucartagena.edu.co\/wp-content\/uploads\/2023\/04\/Imagen-de-WhatsApp-2023-04-04-a-las-12.44.22-1.jpg?resize=12%2C12&amp;ssl=1 12w, https:\/\/i0.wp.com\/unisinucartagena.edu.co\/wp-content\/uploads\/2023\/04\/Imagen-de-WhatsApp-2023-04-04-a-las-12.44.22-1.jpg?resize=50%2C50&amp;ssl=1 50w\" sizes=\"(max-width: 640px) 100vw, 640px\" \/><\/div>\n\t\t<\/figure>\n\t<\/div>\n<\/div><\/div><\/div><div class=\"wpb_column vc_column_container vc_col-sm-6\"><div class=\"vc_column-inner\"><div class=\"wpb_wrapper\"><div class=\"vc_row wpb_row vc_inner vc_row-fluid\"><div class=\"wpb_column vc_column_container vc_col-sm-12\"><div class=\"vc_column-inner\"><div class=\"wpb_wrapper\"><div class=\"vc_empty_space\"   style=\"height: 10px\"><span class=\"vc_empty_space_inner\"><\/span><\/div>\n\t<div class=\"wpb_text_column wpb_content_element\" >\n\t\t<div class=\"wpb_wrapper\">\n\t\t\t<div style=\"text-align: left;\">\n<div style=\"text-align: left;\">\n<p><span style=\"font-size: 14pt;\"><strong>CONVOCATORIA DE MOVILIDAD INVESTIGADORES 2023-2<\/strong><\/span><\/p>\n<p><strong>Fecha de Finalizaci\u00f3n:<\/strong> 25 de mayo de 2023.<\/p>\n<\/div>\n<div style=\"text-align: left;\"><\/div>\n<\/div>\n\n\t\t<\/div>\n\t<\/div>\n<div class=\"vc_empty_space\"   style=\"height: 10px\"><span class=\"vc_empty_space_inner\"><\/span><\/div><div class=\"thim-widget-button\"><a class=\"widget-button tiny-rounded no-border medium custom_style\" href=\"https:\/\/drive.google.com\/drive\/folders\/13LubB33hlV0BJRCBRzGSgHQHMuP0Hrja\" target=\"_blank\" style=\"font-size: 14px;font-weight: 300;border-color: #e00000;background-color: #e00000;\" data-hover=\"font-size: 14px;font-weight: 300;\">MORE INFORMATION<\/a><\/div><\/div><\/div><\/div><\/div><\/div><\/div><\/div><\/div><div class=\"vc_row wpb_row vc_row-fluid\"><div class=\"wpb_column vc_column_container vc_col-sm-12\"><div class=\"vc_column-inner\"><div class=\"wpb_wrapper\"><div class=\"vc_separator wpb_content_element vc_separator_align_center vc_sep_width_100 vc_sep_pos_align_center vc_separator_no_text vc_sep_color_grey\" ><span class=\"vc_sep_holder vc_sep_holder_l\"><span  class=\"vc_sep_line\"><\/span><\/span><span class=\"vc_sep_holder vc_sep_holder_r\"><span  class=\"vc_sep_line\"><\/span><\/span>\n<\/div><\/div><\/div><\/div><\/div><div class=\"vc_row wpb_row vc_row-fluid\"><div class=\"wpb_column vc_column_container vc_col-sm-6\"><div class=\"vc_column-inner\"><div class=\"wpb_wrapper\">\n\t<div  class=\"wpb_single_image wpb_content_element vc_align_center\">\n\t\t\n\t\t<figure class=\"wpb_wrapper vc_figure\">\n\t\t\t<div class=\"vc_single_image-wrapper   vc_box_border_grey\"><img data-recalc-dims=\"1\" decoding=\"async\" width=\"640\" height=\"640\" src=\"https:\/\/i0.wp.com\/unisinucartagena.edu.co\/wp-content\/uploads\/2023\/04\/Imagen-de-WhatsApp-2023-04-04-a-las-12.44.23-1.jpg?resize=640%2C640&#038;ssl=1\" class=\"vc_single_image-img attachment-large\" alt=\"\" title=\"Imagen de WhatsApp 2023-04-04 a las 12.44.23 (1)\" srcset=\"https:\/\/i0.wp.com\/unisinucartagena.edu.co\/wp-content\/uploads\/2023\/04\/Imagen-de-WhatsApp-2023-04-04-a-las-12.44.23-1.jpg?w=1000&amp;ssl=1 1000w, https:\/\/i0.wp.com\/unisinucartagena.edu.co\/wp-content\/uploads\/2023\/04\/Imagen-de-WhatsApp-2023-04-04-a-las-12.44.23-1.jpg?resize=300%2C300&amp;ssl=1 300w, https:\/\/i0.wp.com\/unisinucartagena.edu.co\/wp-content\/uploads\/2023\/04\/Imagen-de-WhatsApp-2023-04-04-a-las-12.44.23-1.jpg?resize=150%2C150&amp;ssl=1 150w, https:\/\/i0.wp.com\/unisinucartagena.edu.co\/wp-content\/uploads\/2023\/04\/Imagen-de-WhatsApp-2023-04-04-a-las-12.44.23-1.jpg?resize=768%2C768&amp;ssl=1 768w, https:\/\/i0.wp.com\/unisinucartagena.edu.co\/wp-content\/uploads\/2023\/04\/Imagen-de-WhatsApp-2023-04-04-a-las-12.44.23-1.jpg?resize=100%2C100&amp;ssl=1 100w, https:\/\/i0.wp.com\/unisinucartagena.edu.co\/wp-content\/uploads\/2023\/04\/Imagen-de-WhatsApp-2023-04-04-a-las-12.44.23-1.jpg?resize=12%2C12&amp;ssl=1 12w, https:\/\/i0.wp.com\/unisinucartagena.edu.co\/wp-content\/uploads\/2023\/04\/Imagen-de-WhatsApp-2023-04-04-a-las-12.44.23-1.jpg?resize=50%2C50&amp;ssl=1 50w\" sizes=\"(max-width: 640px) 100vw, 640px\" \/><\/div>\n\t\t<\/figure>\n\t<\/div>\n<\/div><\/div><\/div><div class=\"wpb_column vc_column_container vc_col-sm-6\"><div class=\"vc_column-inner\"><div class=\"wpb_wrapper\"><div class=\"vc_row wpb_row vc_inner vc_row-fluid\"><div class=\"wpb_column vc_column_container vc_col-sm-12\"><div class=\"vc_column-inner\"><div class=\"wpb_wrapper\"><div class=\"vc_empty_space\"   style=\"height: 10px\"><span class=\"vc_empty_space_inner\"><\/span><\/div>\n\t<div class=\"wpb_text_column wpb_content_element\" >\n\t\t<div class=\"wpb_wrapper\">\n\t\t\t<div style=\"text-align: left;\">\n<div style=\"text-align: left;\">\n<p><span style=\"font-size: 14pt;\"><strong>CONVOCATORIA DE MOVILIDAD ADMINISTRATIVOS 2023-2<\/strong><\/span><\/p>\n<p><strong>Fecha de Finalizaci\u00f3n:<\/strong> 25 de mayo de 2023.<\/p>\n<\/div>\n<div style=\"text-align: left;\"><\/div>\n<\/div>\n\n\t\t<\/div>\n\t<\/div>\n<div class=\"vc_empty_space\"   style=\"height: 10px\"><span class=\"vc_empty_space_inner\"><\/span><\/div><div class=\"thim-widget-button\"><a class=\"widget-button tiny-rounded no-border medium custom_style\" href=\"https:\/\/drive.google.com\/drive\/folders\/1veFLshLoKxmhgFoedQqyFbSmilWB0HGZ\" target=\"_blank\" style=\"font-size: 14px;font-weight: 300;border-color: #e00000;background-color: #e00000;\" data-hover=\"font-size: 14px;font-weight: 300;\">MORE INFORMATION<\/a><\/div><\/div><\/div><\/div><\/div><\/div><\/div><\/div><\/div>","protected":false},"excerpt":{"rendered":"CALL FOR INTERNATIONAL TEACHING AND RESEARCH STAFF MOBILITY The University of Sin\u00fa El\u00edas Bechara Zain\u00fam, within the framework of its institutional vision, strives for the internationalization of its substantive processes based on academic and research excellence, for which it strengthens the \u2026","protected":false},"author":1,"featured_media":0,"parent":0,"menu_order":0,"comment_status":"closed","ping_status":"open","template":"","meta":{"_acf_changed":false,"_bbp_topic_count":0,"_bbp_reply_count":0,"_bbp_total_topic_count":0,"_bbp_total_reply_count":0,"_bbp_voice_count":0,"_bbp_anonymous_reply_count":0,"_bbp_topic_count_hidden":0,"_bbp_reply_count_hidden":0,"_bbp_forum_subforum_count":0,"_monsterinsights_skip_tracking":false,"_monsterinsights_sitenote_active":false,"_monsterinsights_sitenote_note":"","_monsterinsights_sitenote_category":0,"footnotes":""},"class_list":["post-41892","page","type-page","status-publish","hentry"],"acf":[],"aioseo_notices":[],"_links":{"self":[{"href":"https:\/\/unisinucartagena.edu.co\/en\/wp-json\/wp\/v2\/pages\/41892","targetHints":{"allow":["GET"]}}],"collection":[{"href":"https:\/\/unisinucartagena.edu.co\/en\/wp-json\/wp\/v2\/pages"}],"about":[{"href":"https:\/\/unisinucartagena.edu.co\/en\/wp-json\/wp\/v2\/types\/page"}],"author":[{"embeddable":true,"href":"https:\/\/unisinucartagena.edu.co\/en\/wp-json\/wp\/v2\/users\/1"}],"replies":[{"embeddable":true,"href":"https:\/\/unisinucartagena.edu.co\/en\/wp-json\/wp\/v2\/comments?post=41892"}],"version-history":[{"count":18,"href":"https:\/\/unisinucartagena.edu.co\/en\/wp-json\/wp\/v2\/pages\/41892\/revisions"}],"predecessor-version":[{"id":55476,"href":"https:\/\/unisinucartagena.edu.co\/en\/wp-json\/wp\/v2\/pages\/41892\/revisions\/55476"}],"wp:attachment":[{"href":"https:\/\/unisinucartagena.edu.co\/en\/wp-json\/wp\/v2\/media?parent=41892"}],"curies":[{"name":"wp","href":"https:\/\/api.w.org\/{rel}","templated":true}]}}