{"id":39326,"date":"2019-07-10T17:21:16","date_gmt":"2019-07-10T22:21:16","guid":{"rendered":"https:\/\/www.unisinucartagena.edu.co\/?page_id=39326"},"modified":"2023-11-15T09:21:15","modified_gmt":"2023-11-15T14:21:15","slug":"camino-a-la-acreditacion","status":"publish","type":"page","link":"https:\/\/unisinucartagena.edu.co\/en\/camino-a-la-acreditacion\/","title":{"rendered":""},"content":{"rendered":"<div class=\"vc_row wpb_row vc_row-fluid\"><div class=\"wpb_column vc_column_container vc_col-sm-12\"><div class=\"vc_column-inner\"><div class=\"wpb_wrapper\"><div class=\"vc_row wpb_row vc_inner vc_row-fluid\"><div class=\"wpb_column vc_column_container vc_col-sm-2\"><div class=\"vc_column-inner\"><div class=\"wpb_wrapper\">\n\t<div  class=\"wpb_single_image wpb_content_element vc_align_center\">\n\t\t\n\t\t<figure class=\"wpb_wrapper vc_figure\">\n\t\t\t<a href=\"https:\/\/unisinucartagena.edu.co\/en\/modelo-de-autoevaluacion\/\" target=\"_blank\" class=\"vc_single_image-wrapper   vc_box_border_grey\"><img data-recalc-dims=\"1\" fetchpriority=\"high\" decoding=\"async\" width=\"625\" height=\"209\" src=\"https:\/\/i0.wp.com\/unisinucartagena.edu.co\/wp-content\/uploads\/2019\/07\/modelo-auto-evaluacion.jpg?resize=625%2C209&#038;ssl=1\" class=\"vc_single_image-img attachment-full\" alt=\"\" title=\"self-assessment-model\" srcset=\"https:\/\/i0.wp.com\/unisinucartagena.edu.co\/wp-content\/uploads\/2019\/07\/modelo-auto-evaluacion.jpg?w=625&amp;ssl=1 625w, https:\/\/i0.wp.com\/unisinucartagena.edu.co\/wp-content\/uploads\/2019\/07\/modelo-auto-evaluacion.jpg?resize=300%2C100&amp;ssl=1 300w\" sizes=\"(max-width: 625px) 100vw, 625px\" \/><\/a>\n\t\t<\/figure>\n\t<\/div>\n<\/div><\/div><\/div><div class=\"wpb_column vc_column_container vc_col-sm-2\"><div class=\"vc_column-inner\"><div class=\"wpb_wrapper\">\n\t<div  class=\"wpb_single_image wpb_content_element vc_align_center\">\n\t\t\n\t\t<figure class=\"wpb_wrapper vc_figure\">\n\t\t\t<a href=\"https:\/\/unisinucartagena.edu.co\/en\/instrumentos-de-autoevaluacion\/\" target=\"_blank\" class=\"vc_single_image-wrapper   vc_box_border_grey\"><img data-recalc-dims=\"1\" decoding=\"async\" width=\"625\" height=\"209\" src=\"https:\/\/i0.wp.com\/unisinucartagena.edu.co\/wp-content\/uploads\/2019\/07\/universidad-en-cartagena-instrumentos-de-autoevaluacion.jpg?resize=625%2C209&#038;ssl=1\" class=\"vc_single_image-img attachment-full\" alt=\"\" title=\"university-in-cartagena-self-assessment-instruments\" srcset=\"https:\/\/i0.wp.com\/unisinucartagena.edu.co\/wp-content\/uploads\/2019\/07\/universidad-en-cartagena-instrumentos-de-autoevaluacion.jpg?w=625&amp;ssl=1 625w, https:\/\/i0.wp.com\/unisinucartagena.edu.co\/wp-content\/uploads\/2019\/07\/universidad-en-cartagena-instrumentos-de-autoevaluacion.jpg?resize=300%2C100&amp;ssl=1 300w\" sizes=\"(max-width: 625px) 100vw, 625px\" \/><\/a>\n\t\t<\/figure>\n\t<\/div>\n<\/div><\/div><\/div><div class=\"wpb_column vc_column_container vc_col-sm-2\"><div class=\"vc_column-inner\"><div class=\"wpb_wrapper\">\n\t<div  class=\"wpb_single_image wpb_content_element vc_align_center\">\n\t\t\n\t\t<figure class=\"wpb_wrapper vc_figure\">\n\t\t\t<a href=\"https:\/\/unisinucartagena.edu.co\/en\/actividades-de-sensibilizacion\/\" target=\"_blank\" class=\"vc_single_image-wrapper   vc_box_border_grey\"><img data-recalc-dims=\"1\" decoding=\"async\" width=\"625\" height=\"209\" src=\"https:\/\/i0.wp.com\/unisinucartagena.edu.co\/wp-content\/uploads\/2019\/07\/actividades-varias-universidad-en-cartagena.jpg?resize=625%2C209&#038;ssl=1\" class=\"vc_single_image-img attachment-full\" alt=\"\" title=\"various-activities-university-in-cartagena\" srcset=\"https:\/\/i0.wp.com\/unisinucartagena.edu.co\/wp-content\/uploads\/2019\/07\/actividades-varias-universidad-en-cartagena.jpg?w=625&amp;ssl=1 625w, https:\/\/i0.wp.com\/unisinucartagena.edu.co\/wp-content\/uploads\/2019\/07\/actividades-varias-universidad-en-cartagena.jpg?resize=300%2C100&amp;ssl=1 300w\" sizes=\"(max-width: 625px) 100vw, 625px\" \/><\/a>\n\t\t<\/figure>\n\t<\/div>\n<\/div><\/div><\/div><div class=\"wpb_column vc_column_container vc_col-sm-2\"><div class=\"vc_column-inner\"><div class=\"wpb_wrapper\">\n\t<div  class=\"wpb_single_image wpb_content_element vc_align_center\">\n\t\t\n\t\t<figure class=\"wpb_wrapper vc_figure\">\n\t\t\t<a href=\"https:\/\/unisinucartagena.edu.co\/en\/documentos-acreditacion\/\" target=\"_blank\" class=\"vc_single_image-wrapper   vc_box_border_grey\"><img data-recalc-dims=\"1\" loading=\"lazy\" decoding=\"async\" width=\"600\" height=\"200\" src=\"https:\/\/i0.wp.com\/unisinucartagena.edu.co\/wp-content\/uploads\/2019\/07\/documentos-y-comunicados-universidad-en-cartagena.png?resize=600%2C200&#038;ssl=1\" class=\"vc_single_image-img attachment-full\" alt=\"\" title=\"documents-and-communications-university-in-cartagena\" srcset=\"https:\/\/i0.wp.com\/unisinucartagena.edu.co\/wp-content\/uploads\/2019\/07\/documentos-y-comunicados-universidad-en-cartagena.png?w=600&amp;ssl=1 600w, https:\/\/i0.wp.com\/unisinucartagena.edu.co\/wp-content\/uploads\/2019\/07\/documentos-y-comunicados-universidad-en-cartagena.png?resize=300%2C100&amp;ssl=1 300w\" sizes=\"(max-width: 600px) 100vw, 600px\" \/><\/a>\n\t\t<\/figure>\n\t<\/div>\n<\/div><\/div><\/div><div class=\"wpb_column vc_column_container vc_col-sm-2\"><div class=\"vc_column-inner\"><div class=\"wpb_wrapper\">\n\t<div  class=\"wpb_single_image wpb_content_element vc_align_center\">\n\t\t\n\t\t<figure class=\"wpb_wrapper vc_figure\">\n\t\t\t<a href=\"https:\/\/unisinucartagena.edu.co\/en\/informe-de-autoevaluacion\/\" target=\"_blank\" class=\"vc_single_image-wrapper   vc_box_border_grey\"><img data-recalc-dims=\"1\" loading=\"lazy\" decoding=\"async\" width=\"600\" height=\"200\" src=\"https:\/\/i0.wp.com\/unisinucartagena.edu.co\/wp-content\/uploads\/2020\/02\/informe-de-autoevaluacion.jpg?resize=600%2C200&#038;ssl=1\" class=\"vc_single_image-img attachment-full\" alt=\"\" title=\"self-assessment-report\" srcset=\"https:\/\/i0.wp.com\/unisinucartagena.edu.co\/wp-content\/uploads\/2020\/02\/informe-de-autoevaluacion.jpg?w=600&amp;ssl=1 600w, https:\/\/i0.wp.com\/unisinucartagena.edu.co\/wp-content\/uploads\/2020\/02\/informe-de-autoevaluacion.jpg?resize=300%2C100&amp;ssl=1 300w\" sizes=\"(max-width: 600px) 100vw, 600px\" \/><\/a>\n\t\t<\/figure>\n\t<\/div>\n<\/div><\/div><\/div><div class=\"wpb_column vc_column_container vc_col-sm-2\"><div class=\"vc_column-inner\"><div class=\"wpb_wrapper\">\n\t<div  class=\"wpb_single_image wpb_content_element vc_align_center\">\n\t\t\n\t\t<figure class=\"wpb_wrapper vc_figure\">\n\t\t\t<a href=\"https:\/\/drive.google.com\/file\/d\/12f10gHoBOhSU0lCcCKl4oYRYcDR-nXQ4\/view\" target=\"_blank\" class=\"vc_single_image-wrapper   vc_box_border_grey\"><img data-recalc-dims=\"1\" loading=\"lazy\" decoding=\"async\" width=\"600\" height=\"200\" src=\"https:\/\/i0.wp.com\/unisinucartagena.edu.co\/wp-content\/uploads\/2020\/02\/SISTEMA-DE-LA-CALIDAD.jpg?resize=600%2C200&#038;ssl=1\" class=\"vc_single_image-img attachment-full\" alt=\"\" title=\"QUALITY-SYSTEM\" srcset=\"https:\/\/i0.wp.com\/unisinucartagena.edu.co\/wp-content\/uploads\/2020\/02\/SISTEMA-DE-LA-CALIDAD.jpg?w=600&amp;ssl=1 600w, https:\/\/i0.wp.com\/unisinucartagena.edu.co\/wp-content\/uploads\/2020\/02\/SISTEMA-DE-LA-CALIDAD.jpg?resize=300%2C100&amp;ssl=1 300w\" sizes=\"(max-width: 600px) 100vw, 600px\" \/><\/a>\n\t\t<\/figure>\n\t<\/div>\n<\/div><\/div><\/div><\/div><\/div><\/div><\/div><\/div><div class=\"vc_row wpb_row vc_row-fluid\"><div class=\"wpb_column vc_column_container vc_col-sm-12\"><div class=\"vc_column-inner\"><div class=\"wpb_wrapper\"><div class=\"vc_row wpb_row vc_inner vc_row-fluid\"><div class=\"wpb_column vc_column_container vc_col-sm-12\"><div class=\"vc_column-inner\"><div class=\"wpb_wrapper\">\n\t<div  class=\"wpb_single_image wpb_content_element vc_align_center  wpb_animate_when_almost_visible wpb_fadeInLeftBig fadeInLeftBig\">\n\t\t\n\t\t<figure class=\"wpb_wrapper vc_figure\">\n\t\t\t<div class=\"vc_single_image-wrapper   vc_box_border_grey\"><img data-recalc-dims=\"1\" loading=\"lazy\" decoding=\"async\" width=\"640\" height=\"428\" src=\"https:\/\/i0.wp.com\/unisinucartagena.edu.co\/wp-content\/uploads\/2023\/11\/Sin-titulo-9.png?resize=640%2C428&#038;ssl=1\" class=\"vc_single_image-img attachment-large\" alt=\"\" title=\"Sin-t\u00edtulo-9\" srcset=\"https:\/\/i0.wp.com\/unisinucartagena.edu.co\/wp-content\/uploads\/2023\/11\/Sin-titulo-9.png?w=768&amp;ssl=1 768w, https:\/\/i0.wp.com\/unisinucartagena.edu.co\/wp-content\/uploads\/2023\/11\/Sin-titulo-9.png?resize=300%2C200&amp;ssl=1 300w, https:\/\/i0.wp.com\/unisinucartagena.edu.co\/wp-content\/uploads\/2023\/11\/Sin-titulo-9.png?resize=391%2C260&amp;ssl=1 391w, https:\/\/i0.wp.com\/unisinucartagena.edu.co\/wp-content\/uploads\/2023\/11\/Sin-titulo-9.png?resize=18%2C12&amp;ssl=1 18w, https:\/\/i0.wp.com\/unisinucartagena.edu.co\/wp-content\/uploads\/2023\/11\/Sin-titulo-9.png?resize=272%2C182&amp;ssl=1 272w\" sizes=\"(max-width: 640px) 100vw, 640px\" \/><\/div>\n\t\t<\/figure>\n\t<\/div>\n\n\t<div class=\"wpb_text_column wpb_content_element  wpb_animate_when_almost_visible wpb_fadeInRightBig fadeInRightBig\" >\n\t\t<div class=\"wpb_wrapper\">\n\t\t\t<p style=\"text-align: center;\"><span style=\"font-size: 14pt;\">Working group of the Quality Assurance office, led by Dr. Vilma Vergara Martelo.<\/span><\/p>\n\n\t\t<\/div>\n\t<\/div>\n<div class=\"vc_empty_space\"   style=\"height: 20px\"><span class=\"vc_empty_space_inner\"><\/span><\/div><\/div><\/div><\/div><\/div><\/div><\/div><\/div><\/div><div class=\"vc_row wpb_row vc_row-fluid\"><div class=\"wpb_column vc_column_container vc_col-sm-12\"><div class=\"vc_column-inner\"><div class=\"wpb_wrapper\"><div class=\"thim-widget-heading\"><div class=\"sc_heading   wpb_animate_when_almost_visible wpb_top-to-bottom text-center\"><h2 style=\"text-transform: uppercase;color:#000000;font-weight:600;\" class=\"title\"> <span class=\"thim-color\">WE GO LIKE THIS<\/span><\/h2><span style=\"background-color:#e00000\" class=\"line\"><\/span><\/div><\/div>\n\t<div class=\"wpb_text_column wpb_content_element\" >\n\t\t<div class=\"wpb_wrapper\">\n\t\t\t<p style=\"text-align: center;\"><strong><span style=\"color: #ff0000;\">CONTADUR\u00cdA P\u00daBLICA<\/span><\/strong><\/p>\n\n\t\t<\/div>\n\t<\/div>\n<div class=\"vc_row wpb_row vc_inner vc_row-fluid\"><div class=\"wpb_column vc_column_container vc_col-sm-4\"><div class=\"vc_column-inner\"><div class=\"wpb_wrapper\"><\/div><\/div><\/div><div class=\"wpb_column vc_column_container vc_col-sm-4\"><div class=\"vc_column-inner\"><div class=\"wpb_wrapper\">\n\t<div class=\"wpb_video_widget wpb_content_element vc_clearfix  wpb_animate_when_almost_visible wpb_fadeInLeftBig fadeInLeftBig  vc_video-aspect-ratio-169 vc_video-el-width-100 vc_video-align-left\" >\n\t\t<div class=\"wpb_wrapper\">\n\t\t\t\n\t\t\t<div class=\"wpb_video_wrapper\"><iframe title=\"Acreditacion Contaduria\" width=\"640\" height=\"360\" src=\"https:\/\/www.youtube.com\/embed\/fr5nSfvqYxE?feature=oembed\" frameborder=\"0\" allow=\"accelerometer; autoplay; clipboard-write; encrypted-media; gyroscope; picture-in-picture; web-share\" referrerpolicy=\"strict-origin-when-cross-origin\" allowfullscreen><\/iframe><\/div>\n\t\t<\/div>\n\t<\/div>\n<\/div><\/div><\/div><div class=\"wpb_column vc_column_container vc_col-sm-4\"><div class=\"vc_column-inner\"><div class=\"wpb_wrapper\"><\/div><\/div><\/div><\/div><div class=\"vc_separator wpb_content_element vc_separator_align_center vc_sep_width_100 vc_sep_pos_align_center vc_separator_no_text vc_sep_color_grey\" ><span class=\"vc_sep_holder vc_sep_holder_l\"><span  class=\"vc_sep_line\"><\/span><\/span><span class=\"vc_sep_holder vc_sep_holder_r\"><span  class=\"vc_sep_line\"><\/span><\/span>\n<\/div><div class=\"vc_row wpb_row vc_inner vc_row-fluid\"><div class=\"wpb_column vc_column_container vc_col-sm-12\"><div class=\"vc_column-inner\"><div class=\"wpb_wrapper\"><div class=\"thim-widget-heading\"><div class=\"sc_heading   wpb_animate_when_almost_visible wpb_top-to-bottom text-center\"><h2 style=\"text-transform: uppercase;color:#000000;font-weight:600;\" class=\"title\"> <span class=\"thim-color\">WE GO LIKE THIS<\/span><\/h2><span style=\"background-color:#e00000\" class=\"line\"><\/span><\/div><\/div><\/div><\/div><\/div><\/div><div class=\"vc_row wpb_row vc_inner vc_row-fluid\"><div class=\"wpb_column vc_column_container vc_col-sm-3\"><div class=\"vc_column-inner\"><div class=\"wpb_wrapper\">\n\t<div class=\"wpb_video_widget wpb_content_element vc_clearfix  wpb_animate_when_almost_visible wpb_fadeInLeftBig fadeInLeftBig  vc_video-aspect-ratio-169 vc_video-el-width-100 vc_video-align-left\" >\n\t\t<div class=\"wpb_wrapper\">\n\t\t\t\n\t\t\t<div class=\"wpb_video_wrapper\"><iframe title=\"EXCELLENCE UNITES US\" width=\"640\" height=\"360\" src=\"https:\/\/www.youtube.com\/embed\/d3Ii5RFYyPw?feature=oembed\" frameborder=\"0\" allow=\"accelerometer; autoplay; clipboard-write; encrypted-media; gyroscope; picture-in-picture; web-share\" referrerpolicy=\"strict-origin-when-cross-origin\" allowfullscreen><\/iframe><\/div>\n\t\t<\/div>\n\t<\/div>\n<\/div><\/div><\/div><div class=\"wpb_column vc_column_container vc_col-sm-3\"><div class=\"vc_column-inner\"><div class=\"wpb_wrapper\">\n\t<div class=\"wpb_video_widget wpb_content_element vc_clearfix  wpb_animate_when_almost_visible wpb_fadeInLeftBig fadeInLeftBig  vc_video-aspect-ratio-169 vc_video-el-width-100 vc_video-align-left\" >\n\t\t<div class=\"wpb_wrapper\">\n\t\t\t\n\t\t\t<div class=\"wpb_video_wrapper\"><iframe title=\"ACREDITACI\u00d3N DE PROGRAMAS\" width=\"640\" height=\"360\" src=\"https:\/\/www.youtube.com\/embed\/Owh9GqcTfdI?feature=oembed\" frameborder=\"0\" allow=\"accelerometer; autoplay; clipboard-write; encrypted-media; gyroscope; picture-in-picture; web-share\" referrerpolicy=\"strict-origin-when-cross-origin\" allowfullscreen><\/iframe><\/div>\n\t\t<\/div>\n\t<\/div>\n<\/div><\/div><\/div><div class=\"wpb_column vc_column_container vc_col-sm-3\"><div class=\"vc_column-inner\"><div class=\"wpb_wrapper\">\n\t<div class=\"wpb_video_widget wpb_content_element vc_clearfix  wpb_animate_when_almost_visible wpb_fadeInLeftBig fadeInLeftBig  vc_video-aspect-ratio-169 vc_video-el-width-100 vc_video-align-left\" >\n\t\t<div class=\"wpb_wrapper\">\n\t\t\t\n\t\t\t<div class=\"wpb_video_wrapper\"><iframe title=\"ACREDITACI\u00d3N DE PROGRAMAS\" width=\"640\" height=\"360\" src=\"https:\/\/www.youtube.com\/embed\/0oRjwa07Pd0?feature=oembed\" frameborder=\"0\" allow=\"accelerometer; autoplay; clipboard-write; encrypted-media; gyroscope; picture-in-picture; web-share\" referrerpolicy=\"strict-origin-when-cross-origin\" allowfullscreen><\/iframe><\/div>\n\t\t<\/div>\n\t<\/div>\n<\/div><\/div><\/div><div class=\"wpb_column vc_column_container vc_col-sm-3\"><div class=\"vc_column-inner\"><div class=\"wpb_wrapper\">\n\t<div class=\"wpb_video_widget wpb_content_element vc_clearfix  wpb_animate_when_almost_visible wpb_fadeInLeftBig fadeInLeftBig  vc_video-aspect-ratio-169 vc_video-el-width-100 vc_video-align-left\" >\n\t\t<div class=\"wpb_wrapper\">\n\t\t\t\n\t\t\t<div class=\"wpb_video_wrapper\"><iframe title=\"PEP MEDICINE\" width=\"640\" height=\"360\" src=\"https:\/\/www.youtube.com\/embed\/wh0xcqb4tVo?feature=oembed\" frameborder=\"0\" allow=\"accelerometer; autoplay; clipboard-write; encrypted-media; gyroscope; picture-in-picture; web-share\" referrerpolicy=\"strict-origin-when-cross-origin\" allowfullscreen><\/iframe><\/div>\n\t\t<\/div>\n\t<\/div>\n<\/div><\/div><\/div><\/div><div class=\"vc_row wpb_row vc_inner vc_row-fluid\"><div class=\"wpb_column vc_column_container vc_col-sm-4\"><div class=\"vc_column-inner\"><div class=\"wpb_wrapper\"><\/div><\/div><\/div><div class=\"wpb_column vc_column_container vc_col-sm-4\"><div class=\"vc_column-inner\"><div class=\"wpb_wrapper\"><\/div><\/div><\/div><div class=\"wpb_column vc_column_container vc_col-sm-4\"><div class=\"vc_column-inner\"><div class=\"wpb_wrapper\"><\/div><\/div><\/div><\/div><\/div><\/div><\/div><\/div><div class=\"vc_row wpb_row vc_row-fluid\"><div class=\"wpb_column vc_column_container vc_col-sm-12\"><div class=\"vc_column-inner\"><div class=\"wpb_wrapper\"><div class=\"vc_separator wpb_content_element vc_separator_align_center vc_sep_width_100 vc_sep_pos_align_center vc_separator_no_text vc_sep_color_grey\" ><span class=\"vc_sep_holder vc_sep_holder_l\"><span  class=\"vc_sep_line\"><\/span><\/span><span class=\"vc_sep_holder vc_sep_holder_r\"><span  class=\"vc_sep_line\"><\/span><\/span>\n<\/div><div class=\"vc_row wpb_row vc_inner vc_row-fluid\"><div class=\"wpb_column vc_column_container vc_col-sm-12\"><div class=\"vc_column-inner\"><div class=\"wpb_wrapper\"><div class=\"thim-widget-heading\"><div class=\"sc_heading   wpb_animate_when_almost_visible wpb_top-to-bottom text-center\"><h2 style=\"text-transform: uppercase;color:#000000;font-weight:600;\" class=\"title\"> <span class=\"thim-color\">WE GO LIKE THIS<\/span><\/h2><span style=\"background-color:#e00000\" class=\"line\"><\/span><\/div><\/div>\n\t<div class=\"wpb_text_column wpb_content_element\" >\n\t\t<div class=\"wpb_wrapper\">\n\t\t\t<p style=\"text-align: center;\"><strong><span style=\"color: #ff0000;\">SYSTEMS ENGINEERING AND TECHNOLOGY IN MANAGEMENT OF INFORMATION SYSTEMS AND COMPUTER NETWORKS<\/span><\/strong><\/p>\n\n\t\t<\/div>\n\t<\/div>\n<\/div><\/div><\/div><\/div><div class=\"vc_row wpb_row vc_inner vc_row-fluid\"><div class=\"wpb_column vc_column_container vc_col-sm-4\"><div class=\"vc_column-inner\"><div class=\"wpb_wrapper\">\n\t<div class=\"wpb_video_widget wpb_content_element vc_clearfix  wpb_animate_when_almost_visible wpb_fadeInLeftBig fadeInLeftBig  vc_video-aspect-ratio-169 vc_video-el-width-100 vc_video-align-left\" >\n\t\t<div class=\"wpb_wrapper\">\n\t\t\t\n\t\t\t<div class=\"wpb_video_wrapper\"><iframe title=\"SYSTEMS ENGINEERING SCHOOL ACCREDITATION 1\" width=\"640\" height=\"360\" src=\"https:\/\/www.youtube.com\/embed\/IDqD5LuWFMs?feature=oembed\" frameborder=\"0\" allow=\"accelerometer; autoplay; clipboard-write; encrypted-media; gyroscope; picture-in-picture; web-share\" referrerpolicy=\"strict-origin-when-cross-origin\" allowfullscreen><\/iframe><\/div>\n\t\t<\/div>\n\t<\/div>\n<\/div><\/div><\/div><div class=\"wpb_column vc_column_container vc_col-sm-4\"><div class=\"vc_column-inner\"><div class=\"wpb_wrapper\">\n\t<div class=\"wpb_video_widget wpb_content_element vc_clearfix  wpb_animate_when_almost_visible wpb_fadeInLeftBig fadeInLeftBig  vc_video-aspect-ratio-169 vc_video-el-width-100 vc_video-align-left\" >\n\t\t<div class=\"wpb_wrapper\">\n\t\t\t\n\t\t\t<div class=\"wpb_video_wrapper\"><iframe title=\"SYSTEMS ENGINEERING SCHOOL ACCREDITATION 2\" width=\"640\" height=\"360\" src=\"https:\/\/www.youtube.com\/embed\/qHlV2uuXhV0?feature=oembed\" frameborder=\"0\" allow=\"accelerometer; autoplay; clipboard-write; encrypted-media; gyroscope; picture-in-picture; web-share\" referrerpolicy=\"strict-origin-when-cross-origin\" allowfullscreen><\/iframe><\/div>\n\t\t<\/div>\n\t<\/div>\n<\/div><\/div><\/div><div class=\"wpb_column vc_column_container vc_col-sm-4\"><div class=\"vc_column-inner\"><div class=\"wpb_wrapper\">\n\t<div class=\"wpb_video_widget wpb_content_element vc_clearfix  wpb_animate_when_almost_visible wpb_fadeInLeftBig fadeInLeftBig  vc_video-aspect-ratio-169 vc_video-el-width-100 vc_video-align-left\" >\n\t\t<div class=\"wpb_wrapper\">\n\t\t\t\n\t\t\t<div class=\"wpb_video_wrapper\"><iframe title=\"SYSTEMS ENGINEERING ACCREDITATION 3\" width=\"640\" height=\"360\" src=\"https:\/\/www.youtube.com\/embed\/r7L8kCcTgH4?feature=oembed\" frameborder=\"0\" allow=\"accelerometer; autoplay; clipboard-write; encrypted-media; gyroscope; picture-in-picture; web-share\" referrerpolicy=\"strict-origin-when-cross-origin\" allowfullscreen><\/iframe><\/div>\n\t\t<\/div>\n\t<\/div>\n<\/div><\/div><\/div><\/div><div class=\"vc_row wpb_row vc_inner vc_row-fluid\"><div class=\"wpb_column vc_column_container vc_col-sm-4\"><div class=\"vc_column-inner\"><div class=\"wpb_wrapper\">\n\t<div class=\"wpb_video_widget wpb_content_element vc_clearfix  wpb_animate_when_almost_visible wpb_fadeInLeftBig fadeInLeftBig  vc_video-aspect-ratio-169 vc_video-el-width-100 vc_video-align-left\" >\n\t\t<div class=\"wpb_wrapper\">\n\t\t\t\n\t\t\t<div class=\"wpb_video_wrapper\"><iframe title=\"SELF-ASSESSMENT AWARENESS AND CULTURIZATION PLAN - SYSTEMS ENGINEERING SCHOOL\" width=\"640\" height=\"360\" src=\"https:\/\/www.youtube.com\/embed\/Yazmx1PLav8?feature=oembed\" frameborder=\"0\" allow=\"accelerometer; autoplay; clipboard-write; encrypted-media; gyroscope; picture-in-picture; web-share\" referrerpolicy=\"strict-origin-when-cross-origin\" allowfullscreen><\/iframe><\/div>\n\t\t<\/div>\n\t<\/div>\n<\/div><\/div><\/div><div class=\"wpb_column vc_column_container vc_col-sm-4\"><div class=\"vc_column-inner\"><div class=\"wpb_wrapper\">\n\t<div class=\"wpb_video_widget wpb_content_element vc_clearfix  wpb_animate_when_almost_visible wpb_fadeInLeftBig fadeInLeftBig  vc_video-aspect-ratio-169 vc_video-el-width-100 vc_video-align-left\" >\n\t\t<div class=\"wpb_wrapper\">\n\t\t\t\n\t\t\t<div class=\"wpb_video_wrapper\"><iframe title=\"WEIGHTING OF FACTORS AND CHARACTERISTICS WORKSHOP - SYSTEMS ENGINEERING\" width=\"640\" height=\"360\" src=\"https:\/\/www.youtube.com\/embed\/UorFtRZlcY0?feature=oembed\" frameborder=\"0\" allow=\"accelerometer; autoplay; clipboard-write; encrypted-media; gyroscope; picture-in-picture; web-share\" referrerpolicy=\"strict-origin-when-cross-origin\" allowfullscreen><\/iframe><\/div>\n\t\t<\/div>\n\t<\/div>\n<\/div><\/div><\/div><div class=\"wpb_column vc_column_container vc_col-sm-4\"><div class=\"vc_column-inner\"><div class=\"wpb_wrapper\">\n\t<div class=\"wpb_video_widget wpb_content_element vc_clearfix  wpb_animate_when_almost_visible wpb_fadeInLeftBig fadeInLeftBig  vc_video-aspect-ratio-169 vc_video-el-width-100 vc_video-align-left\" >\n\t\t<div class=\"wpb_wrapper\">\n\t\t\t\n\t\t\t<div class=\"wpb_video_wrapper\"><iframe title=\"GRADUATE MEETING - SYSTEMS ENGINEERING\" width=\"640\" height=\"360\" src=\"https:\/\/www.youtube.com\/embed\/Q3u4mMBcoiw?feature=oembed\" frameborder=\"0\" allow=\"accelerometer; autoplay; clipboard-write; encrypted-media; gyroscope; picture-in-picture; web-share\" referrerpolicy=\"strict-origin-when-cross-origin\" allowfullscreen><\/iframe><\/div>\n\t\t<\/div>\n\t<\/div>\n<\/div><\/div><\/div><\/div><\/div><\/div><\/div><\/div>","protected":false},"excerpt":{"rendered":"Grupo de trabajo de la oficina de Aseguramiento de la calidad, liderado por la Doctora Vilma Vergara Martelo. AS\u00cd VAMOS CONTADUR\u00cdA P\u00daBLICA AS\u00cd VAMOS AS\u00cd VAMOS INGENIERIA DE SISTEMAS Y TECNOLOG\u00cdA EN GESTI\u00d3N DE SISTEMAS DE INFORMACI\u00d3N Y REDES DE &hellip;","protected":false},"author":1,"featured_media":0,"parent":0,"menu_order":0,"comment_status":"closed","ping_status":"open","template":"","meta":{"_acf_changed":false,"_bbp_topic_count":0,"_bbp_reply_count":0,"_bbp_total_topic_count":0,"_bbp_total_reply_count":0,"_bbp_voice_count":0,"_bbp_anonymous_reply_count":0,"_bbp_topic_count_hidden":0,"_bbp_reply_count_hidden":0,"_bbp_forum_subforum_count":0,"_monsterinsights_skip_tracking":false,"_monsterinsights_sitenote_active":false,"_monsterinsights_sitenote_note":"","_monsterinsights_sitenote_category":0,"footnotes":""},"class_list":["post-39326","page","type-page","status-publish","hentry"],"acf":[],"aioseo_notices":[],"_links":{"self":[{"href":"https:\/\/unisinucartagena.edu.co\/en\/wp-json\/wp\/v2\/pages\/39326","targetHints":{"allow":["GET"]}}],"collection":[{"href":"https:\/\/unisinucartagena.edu.co\/en\/wp-json\/wp\/v2\/pages"}],"about":[{"href":"https:\/\/unisinucartagena.edu.co\/en\/wp-json\/wp\/v2\/types\/page"}],"author":[{"embeddable":true,"href":"https:\/\/unisinucartagena.edu.co\/en\/wp-json\/wp\/v2\/users\/1"}],"replies":[{"embeddable":true,"href":"https:\/\/unisinucartagena.edu.co\/en\/wp-json\/wp\/v2\/comments?post=39326"}],"version-history":[{"count":42,"href":"https:\/\/unisinucartagena.edu.co\/en\/wp-json\/wp\/v2\/pages\/39326\/revisions"}],"predecessor-version":[{"id":56649,"href":"https:\/\/unisinucartagena.edu.co\/en\/wp-json\/wp\/v2\/pages\/39326\/revisions\/56649"}],"wp:attachment":[{"href":"https:\/\/unisinucartagena.edu.co\/en\/wp-json\/wp\/v2\/media?parent=39326"}],"curies":[{"name":"wp","href":"https:\/\/api.w.org\/{rel}","templated":true}]}}