{"id":37435,"date":"2019-04-11T15:45:39","date_gmt":"2019-04-11T20:45:39","guid":{"rendered":"https:\/\/www.unisinucartagena.edu.co\/?page_id=37435"},"modified":"2019-09-24T14:39:40","modified_gmt":"2019-09-24T19:39:40","slug":"curso-de-implementacion-de-ipv6-en-equipos-activos","status":"publish","type":"page","link":"https:\/\/unisinucartagena.edu.co\/en\/curso-de-implementacion-de-ipv6-en-equipos-activos\/","title":{"rendered":"IPV6 IMPLEMENTATION COURSE IN ACTIVE EQUIPMENT"},"content":{"rendered":"<div class=\"vc_row wpb_row vc_row-fluid\"><div class=\"wpb_column vc_column_container vc_col-sm-6\"><div class=\"vc_column-inner\"><div class=\"wpb_wrapper\"><div class=\"thim-widget-single-images\"><div class=\"single-image\"><img data-recalc-dims=\"1\" fetchpriority=\"high\" src=\"https:\/\/i0.wp.com\/unisinucartagena.edu.co\/wp-content\/uploads\/2019\/04\/ipv6.jpg?resize=640%2C427&#038;ssl=1\" width=\"640\" height=\"427\" alt=\"\"\/><\/div><\/div><\/div><\/div><\/div><div class=\"wpb_column vc_column_container vc_col-sm-6\"><div class=\"vc_column-inner\"><div class=\"wpb_wrapper\">\n\t<div class=\"wpb_text_column wpb_content_element\" >\n\t\t<div class=\"wpb_wrapper\">\n\t\t\t<h2><strong><b>IPV6 IMPLEMENTATION COURSE IN ACTIVE EQUIPMENT<\/b><\/strong><\/h2>\n<p><strong>Responsible Academic Unit:\u00a0<\/strong>SCHOOL OF SYSTEMS ENGINEERING<br \/>\n<strong>Number of Credits:\u00a0<\/strong>3<br \/>\n<strong>Hours:\u00a0<\/strong>48<br \/>\n<strong>Schedule:\u00a0<\/strong>MONDAY TO FRIDAY 08:00 \u2013 10:00 AM<\/p>\n\n\t\t<\/div>\n\t<\/div>\n<div class=\"thim-widget-button\"><a class=\"widget-button  no-border normal custom_style\" href=\"https:\/\/drive.google.com\/file\/d\/1_c2rgZu5LGhl9CxNiUJ4iF15Z0zxgcji\/view?usp=sharing\" target=\"_blank\" style=\"font-size: 14px;background-color: #dd3333;\" data-hover=\"font-size: 14px;\"><i class=\"download\" style=\"font-size: 14px;\"><\/i> Download brochure<\/a><\/div><\/div><\/div><\/div><\/div><div class=\"vc_row wpb_row vc_row-fluid\"><div class=\"wpb_column vc_column_container vc_col-sm-12\"><div class=\"vc_column-inner\"><div class=\"wpb_wrapper\">\n\t<div class=\"wpb_text_column wpb_content_element\" >\n\t\t<div class=\"wpb_wrapper\">\n\t\t\t<div class=\"zn_text_box eluid2e597ab0 zn_text_box-light element-scheme--light\">\n<p><b>Course Description<br \/>\n<\/b><\/p>\n<p>The Internet today is significantly different than it was in the last few decades. Today, the Internet is much more than email, web pages, and transferring files between computers. The Internet is evolving and is becoming an Internet of Things. Computers, tablets, and smartphones will no longer be the only devices that access the Internet. Internet-ready and sensor-equipped devices of the future will include everything from automobiles and biomedical devices to home appliances and natural ecosystems. With a growing population accessing the Internet, limited IPv4 address space, NAT issues, and the Internet of Everything, the time has come to begin the transition to IPv6.<\/p>\n<p><strong>GENERAL OBJECTIVE<br \/>\n<\/strong>Train engineers, technologists and\/or technicians in the area of networks and infrastructure of organizations in the knowledge of the IPv6 addressing protocol and its implementation.<\/p>\n<p><strong>SPECIFIC OBJECTIVES<\/strong><\/p>\n<ul>\n<li>Know an overview and the structure of the IPv6 protocol<\/li>\n<li>Configuring IPv6 Addressing on Cisco Active Equipment<\/li>\n<li>Implementation and testing of networks and subnets using IPv6 protocol<\/li>\n<li>IPv4 to IPv6 migration techniques<\/li>\n<\/ul>\n<\/div>\n<div class=\"zn_text_box eluid43ba4e01 zn_text_box-light element-scheme--light\">\n<p><b>Contact information:<\/b><\/p>\n<p>International Relations Office \u2013 PBX: (57) 6517013 Ext 3410 \u2013 3411<br \/>\n<a href=\"mailto:jeferelinternacionales@unisinucartagena.edu.co\" target=\"_blank\" rel=\"noopener noreferrer\">chiefinternational@<wbr \/>unisinucartagena.edu.co<\/a> &#8211; <a href=\"mailto:relinternacionales@unisinucartagena.edu.co\" target=\"_blank\" rel=\"noopener noreferrer\">relininternationals@<wbr \/>unisinucartagena.edu.co<\/a><br \/>\nAvenida al Bosque Transversal 54 N\u00b0 30 \u2013 453 \u2013 Santillana Headquarters \u2013 Cartagena de Indias, D. T y C \u2013 Bol\u00edvar, Colombia.<\/p>\n<\/div>\n\n\t\t<\/div>\n\t<\/div>\n<\/div><\/div><\/div><\/div>","protected":false},"excerpt":{"rendered":"CURSO DE IMPLEMENTACI\u00d3N DE IPV6 EN EQUIPOS ACTIVOS Unidad Acad\u00e9mica Responsable:\u00a0ESCUELA DE INGENIER\u00cdA DE SISTEMAS N\u00famero de Cr\u00e9ditos:\u00a03 Horas:\u00a048 Horario:\u00a0LUNES A VIERNES\u00a008:00 \u2013 10:00 AM Descargar brochure Descripci\u00f3n del curso En la actualidad, Internet es significativamente distinta de c\u00f3mo era &hellip;","protected":false},"author":1,"featured_media":0,"parent":0,"menu_order":0,"comment_status":"closed","ping_status":"open","template":"","meta":{"_acf_changed":false,"_bbp_topic_count":0,"_bbp_reply_count":0,"_bbp_total_topic_count":0,"_bbp_total_reply_count":0,"_bbp_voice_count":0,"_bbp_anonymous_reply_count":0,"_bbp_topic_count_hidden":0,"_bbp_reply_count_hidden":0,"_bbp_forum_subforum_count":0,"_monsterinsights_skip_tracking":false,"_monsterinsights_sitenote_active":false,"_monsterinsights_sitenote_note":"","_monsterinsights_sitenote_category":0,"footnotes":""},"class_list":["post-37435","page","type-page","status-publish","hentry"],"acf":[],"aioseo_notices":[],"_links":{"self":[{"href":"https:\/\/unisinucartagena.edu.co\/en\/wp-json\/wp\/v2\/pages\/37435","targetHints":{"allow":["GET"]}}],"collection":[{"href":"https:\/\/unisinucartagena.edu.co\/en\/wp-json\/wp\/v2\/pages"}],"about":[{"href":"https:\/\/unisinucartagena.edu.co\/en\/wp-json\/wp\/v2\/types\/page"}],"author":[{"embeddable":true,"href":"https:\/\/unisinucartagena.edu.co\/en\/wp-json\/wp\/v2\/users\/1"}],"replies":[{"embeddable":true,"href":"https:\/\/unisinucartagena.edu.co\/en\/wp-json\/wp\/v2\/comments?post=37435"}],"version-history":[{"count":4,"href":"https:\/\/unisinucartagena.edu.co\/en\/wp-json\/wp\/v2\/pages\/37435\/revisions"}],"predecessor-version":[{"id":40664,"href":"https:\/\/unisinucartagena.edu.co\/en\/wp-json\/wp\/v2\/pages\/37435\/revisions\/40664"}],"wp:attachment":[{"href":"https:\/\/unisinucartagena.edu.co\/en\/wp-json\/wp\/v2\/media?parent=37435"}],"curies":[{"name":"wp","href":"https:\/\/api.w.org\/{rel}","templated":true}]}}