{"id":37357,"date":"2019-04-11T10:11:10","date_gmt":"2019-04-11T15:11:10","guid":{"rendered":"https:\/\/www.unisinucartagena.edu.co\/?page_id=37357"},"modified":"2019-09-24T14:38:17","modified_gmt":"2019-09-24T19:38:17","slug":"aplicacion-de-normas-para-presentacion-de-trabajos-escritos-y-citacion-bibliografica-en-documentos-cientificos","status":"publish","type":"page","link":"https:\/\/unisinucartagena.edu.co\/en\/escuela-internacional-de-verano-unisinu\/escuela-de-verano-invierno-facultad-de-la-salud\/aplicacion-de-normas-para-presentacion-de-trabajos-escritos-y-citacion-bibliografica-en-documentos-cientificos\/","title":{"rendered":"APPLICATION OF NORMS FOR PRESENTATION OF WRITTEN WORKS AND BIBLIOGRAPHICAL CITATION IN SCIENTIFIC DOCUMENTS"},"content":{"rendered":"<div class=\"vc_row wpb_row vc_row-fluid\"><div class=\"wpb_column vc_column_container vc_col-sm-6\"><div class=\"vc_column-inner\"><div class=\"wpb_wrapper\"><div class=\"thim-widget-single-images\"><div class=\"single-image\"><img data-recalc-dims=\"1\" fetchpriority=\"high\" src=\"https:\/\/i0.wp.com\/unisinucartagena.edu.co\/wp-content\/uploads\/2019\/04\/presentacion-de-trabajos.jpg?resize=640%2C427&#038;ssl=1\" width=\"640\" height=\"427\" alt=\"\"\/><\/div><\/div><\/div><\/div><\/div><div class=\"wpb_column vc_column_container vc_col-sm-6\"><div class=\"vc_column-inner\"><div class=\"wpb_wrapper\">\n\t<div class=\"wpb_text_column wpb_content_element\" >\n\t\t<div class=\"wpb_wrapper\">\n\t\t\t<div class=\"zn_text_box eluid21b77fd9 zn_text_box-light element-scheme--light\">\n<h2><strong><b>APPLICATION OF NORMS FOR PRESENTATION OF WRITTEN WORKS AND BIBLIOGRAPHICAL CITATION IN SCIENTIFIC DOCUMENTS<\/b><\/strong><\/h2>\n<\/div>\n<div class=\"zn_text_box eluidc14c1cf8 zn_text_box-light element-scheme--light\">\n<p><strong>Responsible Academic Unit:\u00a0<\/strong>NURSING SCHOOL<br \/>\n<strong>Code:\u00a0<\/strong>01603<br \/>\n<strong>Number of Credits:\u00a0<\/strong>3<br \/>\n<strong>Hours:\u00a0<\/strong>48<br \/>\n<strong>Schedule:\u00a0<\/strong>MONDAY TO FRIDAY 08:00 \u2013 10:00 AM<\/p>\n<\/div>\n\n\t\t<\/div>\n\t<\/div>\n<div class=\"thim-widget-button\"><a class=\"widget-button  no-border normal custom_style\" href=\"\/en\/8\/\" target=\"_blank\" style=\"font-size: 14px;background-color: #dd3333;\" data-hover=\"font-size: 14px;\"><i class=\"download\" style=\"font-size: 14px;\"><\/i> Download brochure<\/a><\/div><\/div><\/div><\/div><\/div><div class=\"vc_row wpb_row vc_row-fluid\"><div class=\"wpb_column vc_column_container vc_col-sm-12\"><div class=\"vc_column-inner\"><div class=\"wpb_wrapper\">\n\t<div class=\"wpb_text_column wpb_content_element\" >\n\t\t<div class=\"wpb_wrapper\">\n\t\t\t<div class=\"zn_text_box eluid494d415a zn_text_box-light element-scheme--light\">\n<p><b>Course Description<br \/>\n<\/b>The continuous incursion of professionals into the scientific community, as the main actors in the development process (design and execution) for contemporary scientific production, imperatively generates the construction of various scientific texts for the dissemination of relevant information. Their support, based on the state of the art, is an important determinant of the acceptance and solidity evidenced by said theoretical contributions in the scientific community.<\/p>\n<p><strong>GENERAL OBJECTIVE:<\/strong><br \/>\nAcquire knowledge of basic aspects regarding the good use of the standards available for the presentation of written works and the application of standards for bibliographic citations in scientific documents.<\/p>\n<p><strong>SPECIFIC OBJECTIVES:<\/strong><br \/>\nKnow the different alternatives of standards available for the presentation of written works, Acquire skills for the identification of information that needs to be referenced, apply the available standard according to the type of text to be cited and the purposes of the written document to be presented.<\/p>\n<\/div>\n<div class=\"zn_text_box eluid78a54ebd zn_text_box-light element-scheme--light\">\n<p><b>Contact information:<\/b><\/p>\n<p>International Relations Office \u2013 PBX: (57) 6517013 Ext 3410 \u2013 3411<br \/>\n<a href=\"mailto:jeferelinternacionales@unisinucartagena.edu.co\" target=\"_blank\" rel=\"noopener noreferrer\">chiefinternational@<wbr \/>unisinucartagena.edu.co<\/a> &#8211; <a href=\"mailto:relinternacionales@unisinucartagena.edu.co\" target=\"_blank\" rel=\"noopener noreferrer\">relininternationals@<wbr \/>unisinucartagena.edu.co<\/a><br \/>\nAvenida al Bosque Transversal 54 N\u00b0 30 \u2013 453 \u2013 Santillana Headquarters \u2013 Cartagena de Indias, D. T y C \u2013 Bol\u00edvar, Colombia.<\/p>\n<\/div>\n\n\t\t<\/div>\n\t<\/div>\n<\/div><\/div><\/div><\/div>","protected":false},"excerpt":{"rendered":"APLICACI\u00d3N DE NORMAS PARA PRESENTACI\u00d3N DE TRABAJOS ESCRITOS Y CITACI\u00d3N BIBLIOGR\u00c1FICA EN DOCUMENTOS CIENT\u00cdFICOS Unidad Acad\u00e9mica Responsable:\u00a0ESCUELA DE ENFERMER\u00cdA C\u00f3digo:\u00a001603 N\u00famero de Cr\u00e9ditos:\u00a03 Horas:\u00a048 Horario:\u00a0LUNES A VIERNES\u00a008:00 \u2013 10:00 AM Descargar brochure Descripci\u00f3n del curso La continua incursi\u00f3n de los &hellip;","protected":false},"author":1,"featured_media":37325,"parent":37319,"menu_order":0,"comment_status":"closed","ping_status":"open","template":"","meta":{"_acf_changed":false,"_bbp_topic_count":0,"_bbp_reply_count":0,"_bbp_total_topic_count":0,"_bbp_total_reply_count":0,"_bbp_voice_count":0,"_bbp_anonymous_reply_count":0,"_bbp_topic_count_hidden":0,"_bbp_reply_count_hidden":0,"_bbp_forum_subforum_count":0,"_monsterinsights_skip_tracking":false,"_monsterinsights_sitenote_active":false,"_monsterinsights_sitenote_note":"","_monsterinsights_sitenote_category":0,"footnotes":""},"class_list":["post-37357","page","type-page","status-publish","has-post-thumbnail","hentry"],"acf":[],"aioseo_notices":[],"_links":{"self":[{"href":"https:\/\/unisinucartagena.edu.co\/en\/wp-json\/wp\/v2\/pages\/37357","targetHints":{"allow":["GET"]}}],"collection":[{"href":"https:\/\/unisinucartagena.edu.co\/en\/wp-json\/wp\/v2\/pages"}],"about":[{"href":"https:\/\/unisinucartagena.edu.co\/en\/wp-json\/wp\/v2\/types\/page"}],"author":[{"embeddable":true,"href":"https:\/\/unisinucartagena.edu.co\/en\/wp-json\/wp\/v2\/users\/1"}],"replies":[{"embeddable":true,"href":"https:\/\/unisinucartagena.edu.co\/en\/wp-json\/wp\/v2\/comments?post=37357"}],"version-history":[{"count":4,"href":"https:\/\/unisinucartagena.edu.co\/en\/wp-json\/wp\/v2\/pages\/37357\/revisions"}],"predecessor-version":[{"id":40658,"href":"https:\/\/unisinucartagena.edu.co\/en\/wp-json\/wp\/v2\/pages\/37357\/revisions\/40658"}],"up":[{"embeddable":true,"href":"https:\/\/unisinucartagena.edu.co\/en\/wp-json\/wp\/v2\/pages\/37319"}],"wp:featuredmedia":[{"embeddable":true,"href":"https:\/\/unisinucartagena.edu.co\/en\/wp-json\/wp\/v2\/media\/37325"}],"wp:attachment":[{"href":"https:\/\/unisinucartagena.edu.co\/en\/wp-json\/wp\/v2\/media?parent=37357"}],"curies":[{"name":"wp","href":"https:\/\/api.w.org\/{rel}","templated":true}]}}