{"id":37312,"date":"2019-04-10T17:08:55","date_gmt":"2019-04-10T22:08:55","guid":{"rendered":"https:\/\/www.unisinucartagena.edu.co\/?page_id=37312"},"modified":"2019-09-24T14:49:08","modified_gmt":"2019-09-24T19:49:08","slug":"mi-primera-campana-de-mercadeo-2","status":"publish","type":"page","link":"https:\/\/unisinucartagena.edu.co\/en\/escuela-internacional-de-verano-unisinu\/escuela-de-verano-invierno-ciencias-administrativas-y-contables\/mi-primera-campana-de-mercadeo-2\/","title":{"rendered":"MY FIRST MARKETING CAMPAIGN"},"content":{"rendered":"<div class=\"vc_row wpb_row vc_row-fluid\"><div class=\"wpb_column vc_column_container vc_col-sm-6\"><div class=\"vc_column-inner\"><div class=\"wpb_wrapper\"><div class=\"thim-widget-single-images\"><div class=\"single-image\"><img data-recalc-dims=\"1\" fetchpriority=\"high\" src=\"https:\/\/i0.wp.com\/unisinucartagena.edu.co\/wp-content\/uploads\/2019\/04\/mi-primera-campa%C3%B1a-de-mercadeo.jpg?resize=640%2C435&#038;ssl=1\" width=\"640\" height=\"435\" alt=\"\"\/><\/div><\/div><\/div><\/div><\/div><div class=\"wpb_column vc_column_container vc_col-sm-6\"><div class=\"vc_column-inner\"><div class=\"wpb_wrapper\">\n\t<div class=\"wpb_text_column wpb_content_element\" >\n\t\t<div class=\"wpb_wrapper\">\n\t\t\t<div class=\"zn_text_box eluid840d5098 zn_text_box-light element-scheme--light\">\n<h2><strong><b>MY FIRST MARKETING CAMPAIGN<\/b><\/strong><\/h2>\n<\/div>\n<div class=\"zn_text_box eluidd824f40a zn_text_box-light element-scheme--light\">\n<p><strong>Responsible Academic Unit:<\/strong>INTERNATIONAL BUSINESS DEPARTMENT<br \/>\n<strong>Number of Credits:\u00a0<\/strong>3<br \/>\n<strong>Hours:\u00a0<\/strong>48<br \/>\n<strong>Schedule:\u00a0<\/strong>MONDAY TO FRIDAY 08:00 \u2013 10:00 AM<\/p>\n<\/div>\n\n\t\t<\/div>\n\t<\/div>\n<div class=\"thim-widget-button\"><a class=\"widget-button  no-border normal custom_style\" href=\"https:\/\/drive.google.com\/open?id=1Ev8Is0yyCt-nK172dm_btLpc5Uw1MXx9\" target=\"_blank\" style=\"font-size: 14px;background-color: #dd3333;\" data-hover=\"font-size: 14px;\"><i class=\"download\" style=\"font-size: 14px;\"><\/i> Download brochure<\/a><\/div><\/div><\/div><\/div><\/div><div class=\"vc_row wpb_row vc_row-fluid\"><div class=\"wpb_column vc_column_container vc_col-sm-12\"><div class=\"vc_column-inner\"><div class=\"wpb_wrapper\">\n\t<div class=\"wpb_text_column wpb_content_element\" >\n\t\t<div class=\"wpb_wrapper\">\n\t\t\t<div class=\"zn_text_box eluid9cd36e09 zn_text_box-light element-scheme--light\">\n<p><b>Course Description<br \/>\n<\/b>My first Marketing campaign is a vacation course designed for students, which will allow them to discover, explore and learn about fascinating Marketing concepts through talks, fun workshops and guided tours.<br \/>\nFor two weeks, participants will learn about how companies should do research to understand consumers, develop products and services that meet their needs, and create strategies to market them.<\/p>\n<p><strong>COURSE OBJECTIVES<br \/>\n<\/strong>Generate in the participants a learning experience around Marketing in a university environment.<\/p>\n<p>&nbsp;<\/p>\n<\/div>\n<div class=\"zn_text_box eluid330584fb zn_text_box-light element-scheme--light\">\n<p><b>Contact information:<\/b><\/p>\n<p>International Relations Office \u2013 PBX: (57) 6517013 Ext 3410 \u2013 3411<br \/>\n<a href=\"mailto:jeferelinternacionales@unisinucartagena.edu.co\" target=\"_blank\" rel=\"noopener noreferrer\">chiefinternational@<wbr \/>unisinucartagena.edu.co<\/a> &#8211; <a href=\"mailto:relinternacionales@unisinucartagena.edu.co\" target=\"_blank\" rel=\"noopener noreferrer\">relininternationals@<wbr \/>unisinucartagena.edu.co<\/a><br \/>\nAvenida al Bosque Transversal 54 N\u00b0 30 \u2013 453 \u2013 Santillana Headquarters \u2013 Cartagena de Indias, D. T y C \u2013 Bol\u00edvar, Colombia.<\/p>\n<\/div>\n\n\t\t<\/div>\n\t<\/div>\n<\/div><\/div><\/div><\/div>","protected":false},"excerpt":{"rendered":"MI PRIMERA CAMPA\u00d1A DE MERCADEO Unidad Acad\u00e9mica Responsable:DEPARTAMENTO DE NEGOCIOS INTERNACIONALES N\u00famero de Cr\u00e9ditos:\u00a03 Horas:\u00a048 Horario:\u00a0LUNES A VIERNES\u00a008:00 \u2013 10:00 AM Descargar brochure Descripci\u00f3n del curso Mi primera campa\u00f1a de Mercadeo es un curso vacacional dise\u00f1ado para estudiantes, que les &hellip;","protected":false},"author":1,"featured_media":0,"parent":37286,"menu_order":0,"comment_status":"closed","ping_status":"open","template":"","meta":{"_acf_changed":false,"_bbp_topic_count":0,"_bbp_reply_count":0,"_bbp_total_topic_count":0,"_bbp_total_reply_count":0,"_bbp_voice_count":0,"_bbp_anonymous_reply_count":0,"_bbp_topic_count_hidden":0,"_bbp_reply_count_hidden":0,"_bbp_forum_subforum_count":0,"_monsterinsights_skip_tracking":false,"_monsterinsights_sitenote_active":false,"_monsterinsights_sitenote_note":"","_monsterinsights_sitenote_category":0,"footnotes":""},"class_list":["post-37312","page","type-page","status-publish","hentry"],"acf":[],"aioseo_notices":[],"_links":{"self":[{"href":"https:\/\/unisinucartagena.edu.co\/en\/wp-json\/wp\/v2\/pages\/37312","targetHints":{"allow":["GET"]}}],"collection":[{"href":"https:\/\/unisinucartagena.edu.co\/en\/wp-json\/wp\/v2\/pages"}],"about":[{"href":"https:\/\/unisinucartagena.edu.co\/en\/wp-json\/wp\/v2\/types\/page"}],"author":[{"embeddable":true,"href":"https:\/\/unisinucartagena.edu.co\/en\/wp-json\/wp\/v2\/users\/1"}],"replies":[{"embeddable":true,"href":"https:\/\/unisinucartagena.edu.co\/en\/wp-json\/wp\/v2\/comments?post=37312"}],"version-history":[{"count":3,"href":"https:\/\/unisinucartagena.edu.co\/en\/wp-json\/wp\/v2\/pages\/37312\/revisions"}],"predecessor-version":[{"id":40673,"href":"https:\/\/unisinucartagena.edu.co\/en\/wp-json\/wp\/v2\/pages\/37312\/revisions\/40673"}],"up":[{"embeddable":true,"href":"https:\/\/unisinucartagena.edu.co\/en\/wp-json\/wp\/v2\/pages\/37286"}],"wp:attachment":[{"href":"https:\/\/unisinucartagena.edu.co\/en\/wp-json\/wp\/v2\/media?parent=37312"}],"curies":[{"name":"wp","href":"https:\/\/api.w.org\/{rel}","templated":true}]}}