{"id":37304,"date":"2019-04-10T16:37:31","date_gmt":"2019-04-10T21:37:31","guid":{"rendered":"https:\/\/www.unisinucartagena.edu.co\/?page_id=37304"},"modified":"2019-09-24T14:47:53","modified_gmt":"2019-09-24T19:47:53","slug":"gobernabilidad-economica-mundial","status":"publish","type":"page","link":"https:\/\/unisinucartagena.edu.co\/en\/escuela-internacional-de-verano-unisinu\/escuela-de-verano-invierno-ciencias-administrativas-y-contables\/gobernabilidad-economica-mundial\/","title":{"rendered":"WORLD ECONOMIC GOVERNANCE"},"content":{"rendered":"<div class=\"vc_row wpb_row vc_row-fluid\"><div class=\"wpb_column vc_column_container vc_col-sm-6\"><div class=\"vc_column-inner\"><div class=\"wpb_wrapper\"><div class=\"thim-widget-single-images\"><div class=\"single-image\"><img data-recalc-dims=\"1\" fetchpriority=\"high\" src=\"https:\/\/i0.wp.com\/unisinucartagena.edu.co\/wp-content\/uploads\/2019\/04\/gobernabilidad.jpg?resize=640%2C427&#038;ssl=1\" width=\"640\" height=\"427\" alt=\"\"\/><\/div><\/div><\/div><\/div><\/div><div class=\"wpb_column vc_column_container vc_col-sm-6\"><div class=\"vc_column-inner\"><div class=\"wpb_wrapper\">\n\t<div class=\"wpb_text_column wpb_content_element\" >\n\t\t<div class=\"wpb_wrapper\">\n\t\t\t<div class=\"zn_text_box eluidc90497df zn_text_box-light element-scheme--light\">\n<h2><strong><b>WORLD ECONOMIC GOVERNANCE<\/b><\/strong><\/h2>\n<\/div>\n<div class=\"zn_text_box eluida05ff3af zn_text_box-light element-scheme--light\">\n<p><strong>Responsible Academic Unit:\u00a0<\/strong>DEPARTMENT OF ECONOMY<br \/>\n<strong>Number of Credits:\u00a0<\/strong>3<br \/>\n<strong>Hours:\u00a0<\/strong>48<br \/>\n<strong>Schedule:\u00a0<\/strong>MONDAY TO FRIDAY 08:00 \u2013 10:00 AM<\/p>\n<\/div>\n\n\t\t<\/div>\n\t<\/div>\n<div class=\"thim-widget-button\"><a class=\"widget-button  no-border normal custom_style\" href=\"https:\/\/drive.google.com\/file\/d\/1DL_gHTNxsg2qbXoo5MQ_wU0scATpxUpg\/view?usp=sharing\" target=\"_blank\" style=\"font-size: 14px;background-color: #dd3333;\" data-hover=\"font-size: 14px;\"><i class=\"download\" style=\"font-size: 14px;\"><\/i> Download brochure<\/a><\/div><\/div><\/div><\/div><\/div><div class=\"vc_row wpb_row vc_row-fluid\"><div class=\"wpb_column vc_column_container vc_col-sm-12\"><div class=\"vc_column-inner\"><div class=\"wpb_wrapper\">\n\t<div class=\"wpb_text_column wpb_content_element\" >\n\t\t<div class=\"wpb_wrapper\">\n\t\t\t<div class=\"zn_text_box eluid0f8b7c6e zn_text_box-light element-scheme--light\">\n<p><b>Course Description<br \/>\n<\/b>This course seeks to familiarize students with the main debates on global economic governance. It explores both the historical and contemporary debates on the nature of global economic cooperation, as well as the advantages and disadvantages of the different institutional solutions that have been designed over time. The term \u201cglobal governance\u201d is understood in a broad sense and includes the main aspects of cooperation, the organizations that serve as their framework, both formal and informal (including the G-7\/8 and the G-20), and the rules.<\/p>\n<p><strong>Goals:<br \/>\n<\/strong>GThe course is divided into three parts. In the first, the debates on economic governance are placed.<br \/>\nin relation to those related to globalization, and the objectives of international cooperation and the historical evolution of the forms of cooperation that have been created over time are analyzed.<\/p>\n<\/div>\n<div class=\"zn_text_box eluidb702861c zn_text_box-light element-scheme--light\">\n<p><b>Contact information:<\/b><\/p>\n<p>International Relations Office \u2013 PBX: (57) 6517013 Ext 3410 \u2013 3411<br \/>\n<a href=\"mailto:jeferelinternacionales@unisinucartagena.edu.co\" target=\"_blank\" rel=\"noopener noreferrer\">chiefinternational@<wbr \/>unisinucartagena.edu.co<\/a> &#8211; <a href=\"mailto:relinternacionales@unisinucartagena.edu.co\" target=\"_blank\" rel=\"noopener noreferrer\">relininternationals@<wbr \/>unisinucartagena.edu.co<\/a><br \/>\nAvenida al Bosque Transversal 54 N\u00b0 30 \u2013 453 \u2013 Santillana Headquarters \u2013 Cartagena de Indias, D. T y C \u2013 Bol\u00edvar, Colombia.<\/p>\n<\/div>\n\n\t\t<\/div>\n\t<\/div>\n<\/div><\/div><\/div><\/div>","protected":false},"excerpt":{"rendered":"GOBERNABILIDAD ECON\u00d3MICA MUNDIAL Unidad Acad\u00e9mica Responsable:\u00a0DEPARTAMENTO DE ECONOM\u00cdA N\u00famero de Cr\u00e9ditos:\u00a03 Horas:\u00a048 Horario:\u00a0LUNES A VIERNES\u00a008:00 \u2013 10:00 AM Descargar brochure Descripci\u00f3n del curso Este curso busca familiarizar a los estudiantes con los principales debates sobre gobernabilidad econ\u00f3mica mundial. Explora tanto &hellip;","protected":false},"author":1,"featured_media":0,"parent":37286,"menu_order":0,"comment_status":"closed","ping_status":"open","template":"","meta":{"_acf_changed":false,"_bbp_topic_count":0,"_bbp_reply_count":0,"_bbp_total_topic_count":0,"_bbp_total_reply_count":0,"_bbp_voice_count":0,"_bbp_anonymous_reply_count":0,"_bbp_topic_count_hidden":0,"_bbp_reply_count_hidden":0,"_bbp_forum_subforum_count":0,"_monsterinsights_skip_tracking":false,"_monsterinsights_sitenote_active":false,"_monsterinsights_sitenote_note":"","_monsterinsights_sitenote_category":0,"footnotes":""},"class_list":["post-37304","page","type-page","status-publish","hentry"],"acf":[],"aioseo_notices":[],"_links":{"self":[{"href":"https:\/\/unisinucartagena.edu.co\/en\/wp-json\/wp\/v2\/pages\/37304","targetHints":{"allow":["GET"]}}],"collection":[{"href":"https:\/\/unisinucartagena.edu.co\/en\/wp-json\/wp\/v2\/pages"}],"about":[{"href":"https:\/\/unisinucartagena.edu.co\/en\/wp-json\/wp\/v2\/types\/page"}],"author":[{"embeddable":true,"href":"https:\/\/unisinucartagena.edu.co\/en\/wp-json\/wp\/v2\/users\/1"}],"replies":[{"embeddable":true,"href":"https:\/\/unisinucartagena.edu.co\/en\/wp-json\/wp\/v2\/comments?post=37304"}],"version-history":[{"count":4,"href":"https:\/\/unisinucartagena.edu.co\/en\/wp-json\/wp\/v2\/pages\/37304\/revisions"}],"predecessor-version":[{"id":40671,"href":"https:\/\/unisinucartagena.edu.co\/en\/wp-json\/wp\/v2\/pages\/37304\/revisions\/40671"}],"up":[{"embeddable":true,"href":"https:\/\/unisinucartagena.edu.co\/en\/wp-json\/wp\/v2\/pages\/37286"}],"wp:attachment":[{"href":"https:\/\/unisinucartagena.edu.co\/en\/wp-json\/wp\/v2\/media?parent=37304"}],"curies":[{"name":"wp","href":"https:\/\/api.w.org\/{rel}","templated":true}]}}