{"id":37300,"date":"2019-04-10T16:28:51","date_gmt":"2019-04-10T21:28:51","guid":{"rendered":"https:\/\/www.unisinucartagena.edu.co\/?page_id=37300"},"modified":"2019-09-24T14:46:50","modified_gmt":"2019-09-24T19:46:50","slug":"creacion-y-desarrollo-de-pequenas-empresas","status":"publish","type":"page","link":"https:\/\/unisinucartagena.edu.co\/en\/creacion-y-desarrollo-de-pequenas-empresas\/","title":{"rendered":"CREATION AND DEVELOPMENT OF SMALL BUSINESSES"},"content":{"rendered":"<div class=\"vc_row wpb_row vc_row-fluid\"><div class=\"wpb_column vc_column_container vc_col-sm-6\"><div class=\"vc_column-inner\"><div class=\"wpb_wrapper\"><div class=\"thim-widget-single-images\"><div class=\"single-image\"><img data-recalc-dims=\"1\" fetchpriority=\"high\" src=\"https:\/\/i0.wp.com\/unisinucartagena.edu.co\/wp-content\/uploads\/2019\/04\/creacionde-empresa.jpg?resize=640%2C448&#038;ssl=1\" width=\"640\" height=\"448\" alt=\"\"\/><\/div><\/div><\/div><\/div><\/div><div class=\"wpb_column vc_column_container vc_col-sm-6\"><div class=\"vc_column-inner\"><div class=\"wpb_wrapper\">\n\t<div class=\"wpb_text_column wpb_content_element\" >\n\t\t<div class=\"wpb_wrapper\">\n\t\t\t<div class=\"zn_text_box eluidb29aa5d8 zn_text_box-light element-scheme--light\">\n<h2><strong><b>CREATION AND DEVELOPMENT OF SMALL BUSINESSES<\/b><\/strong><\/h2>\n<\/div>\n<div class=\"zn_text_box eluid347f4135 zn_text_box-light element-scheme--light\">\n<p><strong>Responsible Academic Unit:\u00a0<\/strong>SCIENCE DEPARTMENT<br \/>\nADMINISTRATIVE<br \/>\n<strong>Number of Credits:\u00a0<\/strong>3<br \/>\n<strong>Hours:\u00a0<\/strong>48<br \/>\n<strong>Schedule:\u00a0<\/strong>MONDAY TO FRIDAY 08:00 \u2013 10:00 AM<\/p>\n<\/div>\n\n\t\t<\/div>\n\t<\/div>\n<div class=\"thim-widget-button\"><a class=\"widget-button  no-border normal custom_style\" href=\"https:\/\/drive.google.com\/file\/d\/10_08Oxxedz_ptwr7olhvFogDUXW-CyBw\/view?usp=sharing\" target=\"_blank\" style=\"font-size: 14px;background-color: #dd3333;\" data-hover=\"font-size: 14px;\"><i class=\"download\" style=\"font-size: 14px;\"><\/i> Download brochure<\/a><\/div><\/div><\/div><\/div><\/div><div class=\"vc_row wpb_row vc_row-fluid\"><div class=\"wpb_column vc_column_container vc_col-sm-12\"><div class=\"vc_column-inner\"><div class=\"wpb_wrapper\">\n\t<div class=\"wpb_text_column wpb_content_element\" >\n\t\t<div class=\"wpb_wrapper\">\n\t\t\t<div class=\"zn_text_box eluid4fcfb094 zn_text_box-light element-scheme--light\">\n<p><b>Course Description<br \/>\n<\/b>Instruct and direct the student in the task of preparing a business plan and the formalization and start-up of their business. Students will have at their disposal a group of academic and professional experts to advise them on any of the problems that may arise at the time of preparing the business plan or at the start of the same for those who wish to move from the project phase to the of reality<\/p>\n<p><strong>Objectives<br \/>\n<\/strong>Transmit the basic principles of the discipline of entrepreneurship or business creation as an independent and differentiated area of strategic management and other related areas. Motivate students to create their own company as an employment alternative to paid employment. For this, there will be motivational talks by entrepreneurs who have successfully undertaken their projects to create their own company.<\/p>\n<\/div>\n<div class=\"zn_text_box eluid06234675 zn_text_box-light element-scheme--light\">\n<p><b>Contact information:<\/b><\/p>\n<p>International Relations Office \u2013 PBX: (57) 6517013 Ext 3410 \u2013 3411<br \/>\n<a href=\"mailto:jeferelinternacionales@unisinucartagena.edu.co\" target=\"_blank\" rel=\"noopener noreferrer\">chiefinternational@<wbr \/>unisinucartagena.edu.co<\/a> &#8211; <a href=\"mailto:relinternacionales@unisinucartagena.edu.co\" target=\"_blank\" rel=\"noopener noreferrer\">relininternationals@<wbr \/>unisinucartagena.edu.co<\/a><br \/>\nAvenida al Bosque Transversal 54 N\u00b0 30 \u2013 453 \u2013 Santillana Headquarters \u2013 Cartagena de Indias, D. T y C \u2013 Bol\u00edvar, Colombia.<\/p>\n<\/div>\n\n\t\t<\/div>\n\t<\/div>\n<\/div><\/div><\/div><\/div>","protected":false},"excerpt":{"rendered":"CREACI\u00d3N Y DESARROLLO DE PEQUE\u00d1AS EMPRESAS Unidad Acad\u00e9mica Responsable:\u00a0DEPARTAMENTO DE CIENCIAS ADMINISTRATIVAS N\u00famero de Cr\u00e9ditos:\u00a03 Horas:\u00a048 Horario:\u00a0LUNES A VIERNES\u00a008:00 \u2013 10:00 AM Descargar brochure Descripci\u00f3n del curso Instruir y dirigir al alumno en la tarea de la elaboraci\u00f3n de un &hellip;","protected":false},"author":1,"featured_media":0,"parent":0,"menu_order":0,"comment_status":"closed","ping_status":"open","template":"","meta":{"_acf_changed":false,"_bbp_topic_count":0,"_bbp_reply_count":0,"_bbp_total_topic_count":0,"_bbp_total_reply_count":0,"_bbp_voice_count":0,"_bbp_anonymous_reply_count":0,"_bbp_topic_count_hidden":0,"_bbp_reply_count_hidden":0,"_bbp_forum_subforum_count":0,"_monsterinsights_skip_tracking":false,"_monsterinsights_sitenote_active":false,"_monsterinsights_sitenote_note":"","_monsterinsights_sitenote_category":0,"footnotes":""},"class_list":["post-37300","page","type-page","status-publish","hentry"],"acf":[],"aioseo_notices":[],"_links":{"self":[{"href":"https:\/\/unisinucartagena.edu.co\/en\/wp-json\/wp\/v2\/pages\/37300","targetHints":{"allow":["GET"]}}],"collection":[{"href":"https:\/\/unisinucartagena.edu.co\/en\/wp-json\/wp\/v2\/pages"}],"about":[{"href":"https:\/\/unisinucartagena.edu.co\/en\/wp-json\/wp\/v2\/types\/page"}],"author":[{"embeddable":true,"href":"https:\/\/unisinucartagena.edu.co\/en\/wp-json\/wp\/v2\/users\/1"}],"replies":[{"embeddable":true,"href":"https:\/\/unisinucartagena.edu.co\/en\/wp-json\/wp\/v2\/comments?post=37300"}],"version-history":[{"count":4,"href":"https:\/\/unisinucartagena.edu.co\/en\/wp-json\/wp\/v2\/pages\/37300\/revisions"}],"predecessor-version":[{"id":40670,"href":"https:\/\/unisinucartagena.edu.co\/en\/wp-json\/wp\/v2\/pages\/37300\/revisions\/40670"}],"wp:attachment":[{"href":"https:\/\/unisinucartagena.edu.co\/en\/wp-json\/wp\/v2\/media?parent=37300"}],"curies":[{"name":"wp","href":"https:\/\/api.w.org\/{rel}","templated":true}]}}