{"id":37213,"date":"2019-04-10T10:57:05","date_gmt":"2019-04-10T15:57:05","guid":{"rendered":"https:\/\/www.unisinucartagena.edu.co\/?page_id=37213"},"modified":"2019-09-24T14:43:44","modified_gmt":"2019-09-24T19:43:44","slug":"modelo-de-intervencion-psicosocial-en-victimas","status":"publish","type":"page","link":"https:\/\/unisinucartagena.edu.co\/en\/escuela-internacional-de-verano-unisinu\/escuela-de-verano-invierno-ciencias-sociales\/modelo-de-intervencion-psicosocial-en-victimas\/","title":{"rendered":"MODEL OF PSYCHOSOCIAL INTERVENTION IN VICTIMS"},"content":{"rendered":"<div class=\"vc_row wpb_row vc_row-fluid\"><div class=\"wpb_column vc_column_container vc_col-sm-6\"><div class=\"vc_column-inner\"><div class=\"wpb_wrapper\">\n\t<div  class=\"wpb_single_image wpb_content_element vc_align_left\">\n\t\t\n\t\t<figure class=\"wpb_wrapper vc_figure\">\n\t\t\t<div class=\"vc_single_image-wrapper   vc_box_border_grey\"><img data-recalc-dims=\"1\" fetchpriority=\"high\" decoding=\"async\" width=\"640\" height=\"419\" src=\"https:\/\/i0.wp.com\/unisinucartagena.edu.co\/wp-content\/uploads\/2019\/04\/atencion-a-victimas.jpg?resize=640%2C419&#038;ssl=1\" class=\"vc_single_image-img attachment-full\" alt=\"\" title=\"attention-to-victims\" srcset=\"https:\/\/i0.wp.com\/unisinucartagena.edu.co\/wp-content\/uploads\/2019\/04\/atencion-a-victimas.jpg?w=1200&amp;ssl=1 1200w, https:\/\/i0.wp.com\/unisinucartagena.edu.co\/wp-content\/uploads\/2019\/04\/atencion-a-victimas.jpg?resize=300%2C197&amp;ssl=1 300w, https:\/\/i0.wp.com\/unisinucartagena.edu.co\/wp-content\/uploads\/2019\/04\/atencion-a-victimas.jpg?resize=768%2C503&amp;ssl=1 768w, https:\/\/i0.wp.com\/unisinucartagena.edu.co\/wp-content\/uploads\/2019\/04\/atencion-a-victimas.jpg?resize=1024%2C671&amp;ssl=1 1024w, https:\/\/i0.wp.com\/unisinucartagena.edu.co\/wp-content\/uploads\/2019\/04\/atencion-a-victimas.jpg?resize=600%2C393&amp;ssl=1 600w\" sizes=\"(max-width: 640px) 100vw, 640px\" \/><\/div>\n\t\t<\/figure>\n\t<\/div>\n<\/div><\/div><\/div><div class=\"wpb_column vc_column_container vc_col-sm-6\"><div class=\"vc_column-inner\"><div class=\"wpb_wrapper\">\n\t<div class=\"wpb_text_column wpb_content_element\" >\n\t\t<div class=\"wpb_wrapper\">\n\t\t\t<h2><strong><b>MODEL OF PSYCHOSOCIAL INTERVENTION IN VICTIMS<\/b><\/strong><\/h2>\n<p><strong>Responsible Academic Unit:\u00a0<\/strong>SCHOOL OF PSYCHOLOGY<br \/>\n<strong>Number of Credits:\u00a0<\/strong>3<br \/>\n<strong>Hours:\u00a0<\/strong>48<br \/>\n<strong>Schedule:\u00a0<\/strong>MONDAY TO FRIDAY 08:00 \u2013 10:00 AM<\/p>\n\n\t\t<\/div>\n\t<\/div>\n<div class=\"thim-widget-button\"><a class=\"widget-button  no-border normal custom_style\" href=\"https:\/\/drive.google.com\/file\/d\/1chfXeaQ6gGZnZtWxjZV9rlVIDOq0btmR\/view?usp=sharing\" target=\"_blank\" style=\"font-size: 14px;background-color: #dd3333;\" data-hover=\"font-size: 14px;\"><i class=\"download\" style=\"font-size: 14px;\"><\/i> Download Brochure<\/a><\/div><\/div><\/div><\/div><\/div><div class=\"vc_row wpb_row vc_row-fluid\"><div class=\"wpb_column vc_column_container vc_col-sm-12\"><div class=\"vc_column-inner\"><div class=\"wpb_wrapper\">\n\t<div class=\"wpb_text_column wpb_content_element\" >\n\t\t<div class=\"wpb_wrapper\">\n\t\t\t<div class=\"zn_text_box eluid9a66a0e8 zn_text_box-light element-scheme--light\">\n<p><b>Course Description<br \/>\n<\/b>The armed conflict in Colombia has lasted a decade and many of the problems of our society such as crime, kidnapping, drug trafficking, insecurity, poverty, inequality, among others, come from the conflict situation, which is why it is necessary to create spaces for professional training that allow learning tools for adequate attention to the victims of the conflict; For this reason, it is necessary to know how to identify the different theoretical, methodological and applicative approaches that allow recognizing some models as basic and significant strategies for the care of victims.<\/p>\n<p>The general purpose of this course is to develop in the attendees methodological and theoretical elements that allow the approach and intervention of reliable and valid application models for the care of populations that are victims of the conflict. The methodology that will be used will be widely dynamic and participatory, with keynote presentations from the conferences and with the support of workshops or group dynamics that facilitate the understanding and application of the different topics addressed. Through a constructivist pedagogical model.<\/p>\n<p><b>Course Objectives<\/b><\/p>\n<ul>\n<li>Know and analyze the elements of the model<\/li>\n<\/ul>\n<\/div>\n<div class=\"zn_text_box eluida6444efa zn_text_box-light element-scheme--light\">\n<p><b>Contact information:<\/b><\/p>\n<p>International Relations Office \u2013 PBX: (57) 6517013 Ext 3410 \u2013 3411<br \/>\n<a href=\"mailto:jeferelinternacionales@unisinucartagena.edu.co\" target=\"_blank\" rel=\"noopener noreferrer\">chiefinternational@<wbr \/>unisinucartagena.edu.co<\/a> &#8211; <a href=\"mailto:relinternacionales@unisinucartagena.edu.co\" target=\"_blank\" rel=\"noopener noreferrer\">relininternationals@<wbr \/>unisinucartagena.edu.co<\/a><br \/>\nAvenida al Bosque Transversal 54 N\u00b0 30 \u2013 453 \u2013 Santillana Headquarters \u2013 Cartagena de Indias, D. T y C \u2013 Bol\u00edvar, Colombia.<\/p>\n<\/div>\n\n\t\t<\/div>\n\t<\/div>\n<\/div><\/div><\/div><\/div>","protected":false},"excerpt":{"rendered":"MODELO DE INTERVENCI\u00d3N PSICOSOCIAL EN V\u00cdCTIMAS Unidad Acad\u00e9mica Responsable:\u00a0ESCUELA DE PSICOLOG\u00cdA N\u00famero de Cr\u00e9ditos:\u00a03 Horas:\u00a048 Horario:\u00a0LUNES A VIERNES\u00a008:00 \u2013 10:00 AM Descargar Brochure Descripci\u00f3n del curso El conflicto armado en Colombia ha durado una d\u00e9cada y muchos de los problemas &hellip;","protected":false},"author":1,"featured_media":0,"parent":37258,"menu_order":0,"comment_status":"closed","ping_status":"open","template":"","meta":{"_acf_changed":false,"_bbp_topic_count":0,"_bbp_reply_count":0,"_bbp_total_topic_count":0,"_bbp_total_reply_count":0,"_bbp_voice_count":0,"_bbp_anonymous_reply_count":0,"_bbp_topic_count_hidden":0,"_bbp_reply_count_hidden":0,"_bbp_forum_subforum_count":0,"_monsterinsights_skip_tracking":false,"_monsterinsights_sitenote_active":false,"_monsterinsights_sitenote_note":"","_monsterinsights_sitenote_category":0,"footnotes":""},"class_list":["post-37213","page","type-page","status-publish","hentry"],"acf":[],"aioseo_notices":[],"_links":{"self":[{"href":"https:\/\/unisinucartagena.edu.co\/en\/wp-json\/wp\/v2\/pages\/37213","targetHints":{"allow":["GET"]}}],"collection":[{"href":"https:\/\/unisinucartagena.edu.co\/en\/wp-json\/wp\/v2\/pages"}],"about":[{"href":"https:\/\/unisinucartagena.edu.co\/en\/wp-json\/wp\/v2\/types\/page"}],"author":[{"embeddable":true,"href":"https:\/\/unisinucartagena.edu.co\/en\/wp-json\/wp\/v2\/users\/1"}],"replies":[{"embeddable":true,"href":"https:\/\/unisinucartagena.edu.co\/en\/wp-json\/wp\/v2\/comments?post=37213"}],"version-history":[{"count":6,"href":"https:\/\/unisinucartagena.edu.co\/en\/wp-json\/wp\/v2\/pages\/37213\/revisions"}],"predecessor-version":[{"id":40667,"href":"https:\/\/unisinucartagena.edu.co\/en\/wp-json\/wp\/v2\/pages\/37213\/revisions\/40667"}],"up":[{"embeddable":true,"href":"https:\/\/unisinucartagena.edu.co\/en\/wp-json\/wp\/v2\/pages\/37258"}],"wp:attachment":[{"href":"https:\/\/unisinucartagena.edu.co\/en\/wp-json\/wp\/v2\/media?parent=37213"}],"curies":[{"name":"wp","href":"https:\/\/api.w.org\/{rel}","templated":true}]}}