{"id":37125,"date":"2019-04-09T15:00:36","date_gmt":"2019-04-09T20:00:36","guid":{"rendered":"https:\/\/www.unisinucartagena.edu.co\/?page_id=37125"},"modified":"2023-02-20T10:53:45","modified_gmt":"2023-02-20T15:53:45","slug":"voluntariado-global","status":"publish","type":"page","link":"https:\/\/unisinucartagena.edu.co\/en\/voluntariado-global\/","title":{"rendered":"Global Volunteering"},"content":{"rendered":"<div class=\"vc_row wpb_row vc_row-fluid\"><div class=\"wpb_column vc_column_container vc_col-sm-6\"><div class=\"vc_column-inner\"><div class=\"wpb_wrapper\">\n\t<div  class=\"wpb_single_image wpb_content_element vc_align_left\">\n\t\t\n\t\t<figure class=\"wpb_wrapper vc_figure\">\n\t\t\t<div class=\"vc_single_image-wrapper   vc_box_border_grey\"><img data-recalc-dims=\"1\" fetchpriority=\"high\" decoding=\"async\" width=\"640\" height=\"1128\" src=\"https:\/\/i0.wp.com\/unisinucartagena.edu.co\/wp-content\/uploads\/2023\/01\/WhatsApp-Image-2023-01-24-at-11.31.59-AM.jpeg?resize=640%2C1128&#038;ssl=1\" class=\"vc_single_image-img attachment-full\" alt=\"\" title=\"WhatsApp Image 2023-01-24 at 11.31.59 AM\" srcset=\"https:\/\/i0.wp.com\/unisinucartagena.edu.co\/wp-content\/uploads\/2023\/01\/WhatsApp-Image-2023-01-24-at-11.31.59-AM.jpeg?w=726&amp;ssl=1 726w, https:\/\/i0.wp.com\/unisinucartagena.edu.co\/wp-content\/uploads\/2023\/01\/WhatsApp-Image-2023-01-24-at-11.31.59-AM.jpeg?resize=170%2C300&amp;ssl=1 170w, https:\/\/i0.wp.com\/unisinucartagena.edu.co\/wp-content\/uploads\/2023\/01\/WhatsApp-Image-2023-01-24-at-11.31.59-AM.jpeg?resize=581%2C1024&amp;ssl=1 581w, https:\/\/i0.wp.com\/unisinucartagena.edu.co\/wp-content\/uploads\/2023\/01\/WhatsApp-Image-2023-01-24-at-11.31.59-AM.jpeg?resize=7%2C12&amp;ssl=1 7w\" sizes=\"(max-width: 640px) 100vw, 640px\" \/><\/div>\n\t\t<\/figure>\n\t<\/div>\n<\/div><\/div><\/div><div class=\"wpb_column vc_column_container vc_col-sm-6\"><div class=\"vc_column-inner\"><div class=\"wpb_wrapper\">\n\t<div class=\"wpb_text_column wpb_content_element\" >\n\t\t<div class=\"wpb_wrapper\">\n\t\t\t<div class=\"zn_text_box eluida9260d3f zn_text_box-light element-scheme--light\">\n<div style=\"text-align: left;\"><strong><span style=\"font-size: 14pt;\">CALL FOR VOLUNTEERS AND INTERNSHIPS<\/span><\/strong><\/div>\n<div style=\"text-align: left;\"><strong><span style=\"font-size: 14pt;\">INTERNATIONAL 2022-2 AIESEC<\/span><\/strong><\/div>\n<\/div>\n<div><\/div>\n<div><\/div>\n<div class=\"zn_text_box eluida9260d3f zn_text_box-light element-scheme--light\">\n<div style=\"text-align: left;\"><strong>Fecha de Inicio:<\/strong> 4 de octubre de 2022<\/div>\n<div><\/div>\n<div>\n<p><strong>Deadline for receipt of documents:<\/strong> 3 de diciembre de 2022.<\/p>\n<\/div>\n<\/div>\n\n\t\t<\/div>\n\t<\/div>\n<div class=\"vc_empty_space\"   style=\"height: 32px\"><span class=\"vc_empty_space_inner\"><\/span><\/div><div class=\"thim-widget-button\"><a class=\"widget-button  no-border normal custom_style\" href=\"https:\/\/drive.google.com\/drive\/folders\/1Ncit_E7vuZTaTeB9uk_oYSzlPTgxPnmW?usp=share_link\" target=\"_blank\" style=\"font-size: 14px;background-color: #dd3333;\" data-hover=\"font-size: 14px;\">See More Information<\/a><\/div><div class=\"vc_empty_space\"   style=\"height: 32px\"><span class=\"vc_empty_space_inner\"><\/span><\/div><\/div><\/div><\/div><\/div>","protected":false},"excerpt":{"rendered":"CONVOCATORIA DE VOLUNTARIADOS Y PR\u00c1CTICAS INTERNACIONALES 2022-2 AIESEC Fecha de Inicio: 4 de octubre de 2022 Fecha l\u00edmite de recepci\u00f3n de documentos: 3 de diciembre de 2022. Ver M\u00e1s Informaci\u00f3n","protected":false},"author":1,"featured_media":0,"parent":0,"menu_order":0,"comment_status":"closed","ping_status":"open","template":"","meta":{"_acf_changed":false,"_bbp_topic_count":0,"_bbp_reply_count":0,"_bbp_total_topic_count":0,"_bbp_total_reply_count":0,"_bbp_voice_count":0,"_bbp_anonymous_reply_count":0,"_bbp_topic_count_hidden":0,"_bbp_reply_count_hidden":0,"_bbp_forum_subforum_count":0,"_monsterinsights_skip_tracking":false,"_monsterinsights_sitenote_active":false,"_monsterinsights_sitenote_note":"","_monsterinsights_sitenote_category":0,"footnotes":""},"class_list":["post-37125","page","type-page","status-publish","hentry"],"acf":[],"aioseo_notices":[],"_links":{"self":[{"href":"https:\/\/unisinucartagena.edu.co\/en\/wp-json\/wp\/v2\/pages\/37125","targetHints":{"allow":["GET"]}}],"collection":[{"href":"https:\/\/unisinucartagena.edu.co\/en\/wp-json\/wp\/v2\/pages"}],"about":[{"href":"https:\/\/unisinucartagena.edu.co\/en\/wp-json\/wp\/v2\/types\/page"}],"author":[{"embeddable":true,"href":"https:\/\/unisinucartagena.edu.co\/en\/wp-json\/wp\/v2\/users\/1"}],"replies":[{"embeddable":true,"href":"https:\/\/unisinucartagena.edu.co\/en\/wp-json\/wp\/v2\/comments?post=37125"}],"version-history":[{"count":8,"href":"https:\/\/unisinucartagena.edu.co\/en\/wp-json\/wp\/v2\/pages\/37125\/revisions"}],"predecessor-version":[{"id":55163,"href":"https:\/\/unisinucartagena.edu.co\/en\/wp-json\/wp\/v2\/pages\/37125\/revisions\/55163"}],"wp:attachment":[{"href":"https:\/\/unisinucartagena.edu.co\/en\/wp-json\/wp\/v2\/media?parent=37125"}],"curies":[{"name":"wp","href":"https:\/\/api.w.org\/{rel}","templated":true}]}}