{"id":37089,"date":"2019-04-09T09:25:46","date_gmt":"2019-04-09T14:25:46","guid":{"rendered":"https:\/\/www.unisinucartagena.edu.co\/?page_id=37089"},"modified":"2024-06-12T09:06:40","modified_gmt":"2024-06-12T14:06:40","slug":"convocatorias-para-estudiantes","status":"publish","type":"page","link":"https:\/\/unisinucartagena.edu.co\/en\/convocatorias-para-estudiantes\/","title":{"rendered":"Convocatoria para estudiantes"},"content":{"rendered":"<div class=\"vc_row wpb_row vc_row-fluid\"><div class=\"wpb_column vc_column_container vc_col-sm-6\"><div class=\"vc_column-inner\"><div class=\"wpb_wrapper\">\n\t<div  class=\"wpb_single_image wpb_content_element vc_align_center\">\n\t\t\n\t\t<figure class=\"wpb_wrapper vc_figure\">\n\t\t\t<div class=\"vc_single_image-wrapper   vc_box_border_grey\"><img data-recalc-dims=\"1\" fetchpriority=\"high\" decoding=\"async\" width=\"640\" height=\"640\" src=\"https:\/\/i0.wp.com\/unisinucartagena.edu.co\/wp-content\/uploads\/2024\/06\/WhatsApp-Image-2024-03-20-at-8.57.50-AM.jpeg?resize=640%2C640&#038;ssl=1\" class=\"vc_single_image-img attachment-large\" alt=\"\" title=\"WhatsApp Image 2024-03-20 at 8.57.50 AM\" srcset=\"https:\/\/i0.wp.com\/unisinucartagena.edu.co\/wp-content\/uploads\/2024\/06\/WhatsApp-Image-2024-03-20-at-8.57.50-AM.jpeg?resize=1024%2C1024&amp;ssl=1 1024w, https:\/\/i0.wp.com\/unisinucartagena.edu.co\/wp-content\/uploads\/2024\/06\/WhatsApp-Image-2024-03-20-at-8.57.50-AM.jpeg?resize=300%2C300&amp;ssl=1 300w, https:\/\/i0.wp.com\/unisinucartagena.edu.co\/wp-content\/uploads\/2024\/06\/WhatsApp-Image-2024-03-20-at-8.57.50-AM.jpeg?resize=150%2C150&amp;ssl=1 150w, https:\/\/i0.wp.com\/unisinucartagena.edu.co\/wp-content\/uploads\/2024\/06\/WhatsApp-Image-2024-03-20-at-8.57.50-AM.jpeg?resize=768%2C768&amp;ssl=1 768w, https:\/\/i0.wp.com\/unisinucartagena.edu.co\/wp-content\/uploads\/2024\/06\/WhatsApp-Image-2024-03-20-at-8.57.50-AM.jpeg?resize=100%2C100&amp;ssl=1 100w, https:\/\/i0.wp.com\/unisinucartagena.edu.co\/wp-content\/uploads\/2024\/06\/WhatsApp-Image-2024-03-20-at-8.57.50-AM.jpeg?resize=12%2C12&amp;ssl=1 12w, https:\/\/i0.wp.com\/unisinucartagena.edu.co\/wp-content\/uploads\/2024\/06\/WhatsApp-Image-2024-03-20-at-8.57.50-AM.jpeg?resize=50%2C50&amp;ssl=1 50w, https:\/\/i0.wp.com\/unisinucartagena.edu.co\/wp-content\/uploads\/2024\/06\/WhatsApp-Image-2024-03-20-at-8.57.50-AM.jpeg?w=1080&amp;ssl=1 1080w\" sizes=\"(max-width: 640px) 100vw, 640px\" \/><\/div>\n\t\t<\/figure>\n\t<\/div>\n<div class=\"vc_btn3-container vc_btn3-center\" ><a class=\"vc_general vc_btn3 vc_btn3-size-md vc_btn3-shape-rounded vc_btn3-style-modern vc_btn3-color-danger\" href=\"https:\/\/drive.google.com\/drive\/folders\/1mgKlOR6CEPnNDtDB6Q6sX9_s5T9g_B36\" title=\"\">MORE INFORMATION<\/a><\/div><\/div><\/div><\/div><div class=\"wpb_column vc_column_container vc_col-sm-6\"><div class=\"vc_column-inner\"><div class=\"wpb_wrapper\">\n\t<div  class=\"wpb_single_image wpb_content_element vc_align_center\">\n\t\t\n\t\t<figure class=\"wpb_wrapper vc_figure\">\n\t\t\t<div class=\"vc_single_image-wrapper   vc_box_border_grey\"><img data-recalc-dims=\"1\" decoding=\"async\" width=\"640\" height=\"640\" src=\"https:\/\/i0.wp.com\/unisinucartagena.edu.co\/wp-content\/uploads\/2024\/06\/WhatsApp-Image-2024-03-20-at-8.57.51-AM.jpeg?resize=640%2C640&#038;ssl=1\" class=\"vc_single_image-img attachment-large\" alt=\"\" title=\"WhatsApp Image 2024-03-20 at 8.57.51 AM\" srcset=\"https:\/\/i0.wp.com\/unisinucartagena.edu.co\/wp-content\/uploads\/2024\/06\/WhatsApp-Image-2024-03-20-at-8.57.51-AM.jpeg?resize=1024%2C1024&amp;ssl=1 1024w, https:\/\/i0.wp.com\/unisinucartagena.edu.co\/wp-content\/uploads\/2024\/06\/WhatsApp-Image-2024-03-20-at-8.57.51-AM.jpeg?resize=300%2C300&amp;ssl=1 300w, https:\/\/i0.wp.com\/unisinucartagena.edu.co\/wp-content\/uploads\/2024\/06\/WhatsApp-Image-2024-03-20-at-8.57.51-AM.jpeg?resize=150%2C150&amp;ssl=1 150w, https:\/\/i0.wp.com\/unisinucartagena.edu.co\/wp-content\/uploads\/2024\/06\/WhatsApp-Image-2024-03-20-at-8.57.51-AM.jpeg?resize=768%2C768&amp;ssl=1 768w, https:\/\/i0.wp.com\/unisinucartagena.edu.co\/wp-content\/uploads\/2024\/06\/WhatsApp-Image-2024-03-20-at-8.57.51-AM.jpeg?resize=100%2C100&amp;ssl=1 100w, https:\/\/i0.wp.com\/unisinucartagena.edu.co\/wp-content\/uploads\/2024\/06\/WhatsApp-Image-2024-03-20-at-8.57.51-AM.jpeg?resize=12%2C12&amp;ssl=1 12w, https:\/\/i0.wp.com\/unisinucartagena.edu.co\/wp-content\/uploads\/2024\/06\/WhatsApp-Image-2024-03-20-at-8.57.51-AM.jpeg?resize=50%2C50&amp;ssl=1 50w, https:\/\/i0.wp.com\/unisinucartagena.edu.co\/wp-content\/uploads\/2024\/06\/WhatsApp-Image-2024-03-20-at-8.57.51-AM.jpeg?w=1080&amp;ssl=1 1080w\" sizes=\"(max-width: 640px) 100vw, 640px\" \/><\/div>\n\t\t<\/figure>\n\t<\/div>\n<div class=\"vc_btn3-container vc_btn3-center\" ><a class=\"vc_general vc_btn3 vc_btn3-size-md vc_btn3-shape-rounded vc_btn3-style-modern vc_btn3-color-danger\" href=\"https:\/\/drive.google.com\/drive\/folders\/1lkx_9Exd6QiKwcDbRkNAQrly1IPedhyi?usp=drive_link\" title=\"\">MORE INFORMATION<\/a><\/div><\/div><\/div><\/div><\/div><div class=\"vc_row wpb_row vc_row-fluid\"><div class=\"wpb_column vc_column_container vc_col-sm-12\"><div class=\"vc_column-inner\"><div class=\"wpb_wrapper\"><div class=\"vc_separator wpb_content_element vc_separator_align_center vc_sep_width_100 vc_sep_pos_align_center vc_separator_no_text vc_sep_color_grey\" ><span class=\"vc_sep_holder vc_sep_holder_l\"><span  class=\"vc_sep_line\"><\/span><\/span><span class=\"vc_sep_holder vc_sep_holder_r\"><span  class=\"vc_sep_line\"><\/span><\/span>\n<\/div><\/div><\/div><\/div><\/div><div class=\"vc_row wpb_row vc_row-fluid\"><div class=\"wpb_column vc_column_container vc_col-sm-6\"><div class=\"vc_column-inner\"><div class=\"wpb_wrapper\">\n\t<div  class=\"wpb_single_image wpb_content_element vc_align_center\">\n\t\t\n\t\t<figure class=\"wpb_wrapper vc_figure\">\n\t\t\t<div class=\"vc_single_image-wrapper   vc_box_border_grey\"><img data-recalc-dims=\"1\" decoding=\"async\" width=\"640\" height=\"640\" src=\"https:\/\/i0.wp.com\/unisinucartagena.edu.co\/wp-content\/uploads\/2024\/06\/WhatsApp-Image-2024-03-20-at-8.57.50-AM-2.jpeg?resize=640%2C640&#038;ssl=1\" class=\"vc_single_image-img attachment-large\" alt=\"\" title=\"WhatsApp Image 2024-03-20 at 8.57.50 AM (2)\" srcset=\"https:\/\/i0.wp.com\/unisinucartagena.edu.co\/wp-content\/uploads\/2024\/06\/WhatsApp-Image-2024-03-20-at-8.57.50-AM-2.jpeg?resize=1024%2C1024&amp;ssl=1 1024w, https:\/\/i0.wp.com\/unisinucartagena.edu.co\/wp-content\/uploads\/2024\/06\/WhatsApp-Image-2024-03-20-at-8.57.50-AM-2.jpeg?resize=300%2C300&amp;ssl=1 300w, https:\/\/i0.wp.com\/unisinucartagena.edu.co\/wp-content\/uploads\/2024\/06\/WhatsApp-Image-2024-03-20-at-8.57.50-AM-2.jpeg?resize=150%2C150&amp;ssl=1 150w, https:\/\/i0.wp.com\/unisinucartagena.edu.co\/wp-content\/uploads\/2024\/06\/WhatsApp-Image-2024-03-20-at-8.57.50-AM-2.jpeg?resize=768%2C768&amp;ssl=1 768w, https:\/\/i0.wp.com\/unisinucartagena.edu.co\/wp-content\/uploads\/2024\/06\/WhatsApp-Image-2024-03-20-at-8.57.50-AM-2.jpeg?resize=100%2C100&amp;ssl=1 100w, https:\/\/i0.wp.com\/unisinucartagena.edu.co\/wp-content\/uploads\/2024\/06\/WhatsApp-Image-2024-03-20-at-8.57.50-AM-2.jpeg?resize=12%2C12&amp;ssl=1 12w, https:\/\/i0.wp.com\/unisinucartagena.edu.co\/wp-content\/uploads\/2024\/06\/WhatsApp-Image-2024-03-20-at-8.57.50-AM-2.jpeg?resize=50%2C50&amp;ssl=1 50w, https:\/\/i0.wp.com\/unisinucartagena.edu.co\/wp-content\/uploads\/2024\/06\/WhatsApp-Image-2024-03-20-at-8.57.50-AM-2.jpeg?w=1080&amp;ssl=1 1080w\" sizes=\"(max-width: 640px) 100vw, 640px\" \/><\/div>\n\t\t<\/figure>\n\t<\/div>\n<div class=\"vc_btn3-container vc_btn3-center\" ><a class=\"vc_general vc_btn3 vc_btn3-size-md vc_btn3-shape-rounded vc_btn3-style-modern vc_btn3-color-danger\" href=\"https:\/\/drive.google.com\/drive\/folders\/1FdJTX8nViJ0SzTLlerYtE3wU5sVv1lFF?usp=drive_link\" title=\"\">MORE INFORMATION<\/a><\/div><\/div><\/div><\/div><div class=\"wpb_column vc_column_container vc_col-sm-6\"><div class=\"vc_column-inner\"><div class=\"wpb_wrapper\">\n\t<div  class=\"wpb_single_image wpb_content_element vc_align_center\">\n\t\t\n\t\t<figure class=\"wpb_wrapper vc_figure\">\n\t\t\t<div class=\"vc_single_image-wrapper   vc_box_border_grey\"><img data-recalc-dims=\"1\" loading=\"lazy\" decoding=\"async\" width=\"640\" height=\"640\" src=\"https:\/\/i0.wp.com\/unisinucartagena.edu.co\/wp-content\/uploads\/2024\/06\/WhatsApp-Image-2024-03-20-at-8.57.50-AM-1.jpeg?resize=640%2C640&#038;ssl=1\" class=\"vc_single_image-img attachment-large\" alt=\"\" title=\"WhatsApp Image 2024-03-20 at 8.57.50 AM (1)\" srcset=\"https:\/\/i0.wp.com\/unisinucartagena.edu.co\/wp-content\/uploads\/2024\/06\/WhatsApp-Image-2024-03-20-at-8.57.50-AM-1.jpeg?resize=1024%2C1024&amp;ssl=1 1024w, https:\/\/i0.wp.com\/unisinucartagena.edu.co\/wp-content\/uploads\/2024\/06\/WhatsApp-Image-2024-03-20-at-8.57.50-AM-1.jpeg?resize=300%2C300&amp;ssl=1 300w, https:\/\/i0.wp.com\/unisinucartagena.edu.co\/wp-content\/uploads\/2024\/06\/WhatsApp-Image-2024-03-20-at-8.57.50-AM-1.jpeg?resize=150%2C150&amp;ssl=1 150w, https:\/\/i0.wp.com\/unisinucartagena.edu.co\/wp-content\/uploads\/2024\/06\/WhatsApp-Image-2024-03-20-at-8.57.50-AM-1.jpeg?resize=768%2C768&amp;ssl=1 768w, https:\/\/i0.wp.com\/unisinucartagena.edu.co\/wp-content\/uploads\/2024\/06\/WhatsApp-Image-2024-03-20-at-8.57.50-AM-1.jpeg?resize=100%2C100&amp;ssl=1 100w, https:\/\/i0.wp.com\/unisinucartagena.edu.co\/wp-content\/uploads\/2024\/06\/WhatsApp-Image-2024-03-20-at-8.57.50-AM-1.jpeg?resize=12%2C12&amp;ssl=1 12w, https:\/\/i0.wp.com\/unisinucartagena.edu.co\/wp-content\/uploads\/2024\/06\/WhatsApp-Image-2024-03-20-at-8.57.50-AM-1.jpeg?resize=50%2C50&amp;ssl=1 50w, https:\/\/i0.wp.com\/unisinucartagena.edu.co\/wp-content\/uploads\/2024\/06\/WhatsApp-Image-2024-03-20-at-8.57.50-AM-1.jpeg?w=1080&amp;ssl=1 1080w\" sizes=\"(max-width: 640px) 100vw, 640px\" \/><\/div>\n\t\t<\/figure>\n\t<\/div>\n<div class=\"vc_btn3-container vc_btn3-center\" ><a class=\"vc_general vc_btn3 vc_btn3-size-md vc_btn3-shape-rounded vc_btn3-style-modern vc_btn3-color-danger\" href=\"https:\/\/drive.google.com\/drive\/folders\/1I7VxMz0ymY4L4BcljI1QqpZN6yAonS8F?usp=drive_link\" title=\"\">MORE INFORMATION<\/a><\/div><\/div><\/div><\/div><\/div><div class=\"vc_row wpb_row vc_row-fluid\"><div class=\"wpb_column vc_column_container vc_col-sm-12\"><div class=\"vc_column-inner\"><div class=\"wpb_wrapper\"><div class=\"vc_separator wpb_content_element vc_separator_align_center vc_sep_width_100 vc_sep_pos_align_center vc_separator_no_text vc_sep_color_grey\" ><span class=\"vc_sep_holder vc_sep_holder_l\"><span  class=\"vc_sep_line\"><\/span><\/span><span class=\"vc_sep_holder vc_sep_holder_r\"><span  class=\"vc_sep_line\"><\/span><\/span>\n<\/div><\/div><\/div><\/div><\/div><div class=\"vc_row wpb_row vc_row-fluid\"><div class=\"wpb_column vc_column_container vc_col-sm-12\"><div class=\"vc_column-inner\"><div class=\"wpb_wrapper\">\n\t<div  class=\"wpb_single_image wpb_content_element vc_align_center\">\n\t\t\n\t\t<figure class=\"wpb_wrapper vc_figure\">\n\t\t\t<div class=\"vc_single_image-wrapper   vc_box_border_grey\"><img data-recalc-dims=\"1\" loading=\"lazy\" decoding=\"async\" width=\"640\" height=\"640\" src=\"https:\/\/i0.wp.com\/unisinucartagena.edu.co\/wp-content\/uploads\/2024\/06\/Imagen-de-WhatsApp-2024-05-22-a-las-17.26.26_6baa129b.jpg?resize=640%2C640&#038;ssl=1\" class=\"vc_single_image-img attachment-large\" alt=\"\" title=\"Imagen de WhatsApp 2024-05-22 a las 17.26.26_6baa129b\" srcset=\"https:\/\/i0.wp.com\/unisinucartagena.edu.co\/wp-content\/uploads\/2024\/06\/Imagen-de-WhatsApp-2024-05-22-a-las-17.26.26_6baa129b.jpg?resize=1024%2C1024&amp;ssl=1 1024w, https:\/\/i0.wp.com\/unisinucartagena.edu.co\/wp-content\/uploads\/2024\/06\/Imagen-de-WhatsApp-2024-05-22-a-las-17.26.26_6baa129b.jpg?resize=300%2C300&amp;ssl=1 300w, https:\/\/i0.wp.com\/unisinucartagena.edu.co\/wp-content\/uploads\/2024\/06\/Imagen-de-WhatsApp-2024-05-22-a-las-17.26.26_6baa129b.jpg?resize=150%2C150&amp;ssl=1 150w, https:\/\/i0.wp.com\/unisinucartagena.edu.co\/wp-content\/uploads\/2024\/06\/Imagen-de-WhatsApp-2024-05-22-a-las-17.26.26_6baa129b.jpg?resize=768%2C768&amp;ssl=1 768w, https:\/\/i0.wp.com\/unisinucartagena.edu.co\/wp-content\/uploads\/2024\/06\/Imagen-de-WhatsApp-2024-05-22-a-las-17.26.26_6baa129b.jpg?resize=100%2C100&amp;ssl=1 100w, https:\/\/i0.wp.com\/unisinucartagena.edu.co\/wp-content\/uploads\/2024\/06\/Imagen-de-WhatsApp-2024-05-22-a-las-17.26.26_6baa129b.jpg?resize=12%2C12&amp;ssl=1 12w, https:\/\/i0.wp.com\/unisinucartagena.edu.co\/wp-content\/uploads\/2024\/06\/Imagen-de-WhatsApp-2024-05-22-a-las-17.26.26_6baa129b.jpg?resize=50%2C50&amp;ssl=1 50w, https:\/\/i0.wp.com\/unisinucartagena.edu.co\/wp-content\/uploads\/2024\/06\/Imagen-de-WhatsApp-2024-05-22-a-las-17.26.26_6baa129b.jpg?w=1080&amp;ssl=1 1080w\" sizes=\"(max-width: 640px) 100vw, 640px\" \/><\/div>\n\t\t<\/figure>\n\t<\/div>\n<div class=\"vc_btn3-container vc_btn3-center\" ><a class=\"vc_general vc_btn3 vc_btn3-size-md vc_btn3-shape-rounded vc_btn3-style-modern vc_btn3-color-danger\" href=\"https:\/\/drive.google.com\/drive\/folders\/13IUxYyfvsz4W-nD3N0_XyGfj9l28zj0E?usp=drive_link\" title=\"\">MORE INFORMATION<\/a><\/div><\/div><\/div><\/div><\/div><div class=\"vc_row wpb_row vc_row-fluid\"><div class=\"wpb_column vc_column_container vc_col-sm-12\"><div class=\"vc_column-inner\"><div class=\"wpb_wrapper\"><div class=\"vc_separator wpb_content_element vc_separator_align_center vc_sep_width_100 vc_sep_pos_align_center vc_separator_no_text vc_sep_color_grey\" ><span class=\"vc_sep_holder vc_sep_holder_l\"><span  class=\"vc_sep_line\"><\/span><\/span><span class=\"vc_sep_holder vc_sep_holder_r\"><span  class=\"vc_sep_line\"><\/span><\/span>\n<\/div><\/div><\/div><\/div><\/div><div class=\"vc_row wpb_row vc_row-fluid\"><div class=\"wpb_column vc_column_container vc_col-sm-12\"><div class=\"vc_column-inner\"><div class=\"wpb_wrapper\"><div class=\"vc_empty_space\"   style=\"height: 32px\"><span class=\"vc_empty_space_inner\"><\/span><\/div>\n\t<div class=\"wpb_text_column wpb_content_element\" >\n\t\t<div class=\"wpb_wrapper\">\n\t\t\t<p style=\"text-align: center;\">Student Exchange Program that offers the opportunity to the students of the University of Sin\u00fa El\u00edas Bechara Zain\u00fam to carry out undergraduate studies during an academic period outside the country.<\/p>\n\n\t\t<\/div>\n\t<\/div>\n<div class=\"vc_row wpb_row vc_inner vc_row-fluid\"><div class=\"wpb_column vc_column_container vc_col-sm-6\"><div class=\"vc_column-inner\"><div class=\"wpb_wrapper\"><div class=\"thim-widget-button\"><a class=\"widget-button tiny-rounded no-border medium custom_style\" href=\"https:\/\/drive.google.com\/file\/d\/19gxCPzwXBQbLppvl-_2ieNGXAZ0ZtMQp\/view?usp=sharing\" target=\"_blank\" style=\"font-size: 14px;font-weight: 300;border-color: #e00000;background-color: #e00000;\" data-hover=\"font-size: 14px;font-weight: 300;\"><i class=\"fas fa-arrow-circle-down\" style=\"font-size: 14px;\"><\/i> DOWNLOAD MOBILITY FORM<\/a><\/div><\/div><\/div><\/div><div class=\"wpb_column vc_column_container vc_col-sm-6\"><div class=\"vc_column-inner\"><div class=\"wpb_wrapper\"><div class=\"thim-widget-button\"><a class=\"widget-button tiny-rounded no-border medium custom_style\" href=\"https:\/\/drive.google.com\/file\/d\/19nQ_J2a4GdGEKwnyV99NMPwz5TxvQUat\/view?usp=sharing\" target=\"_blank\" style=\"font-size: 14px;font-weight: 300;border-color: #e00000;background-color: #e00000;\" data-hover=\"font-size: 14px;font-weight: 300;\"><i class=\"fas fa-arrow-circle-down\" style=\"font-size: 14px;\"><\/i> DOWNLOAD DOSSIER FORM<\/a><\/div><\/div><\/div><\/div><\/div><\/div><\/div><\/div><\/div><div class=\"vc_row wpb_row vc_row-fluid\"><div class=\"wpb_column vc_column_container vc_col-sm-12\"><div class=\"vc_column-inner\"><div class=\"wpb_wrapper\"><div class=\"vc_empty_space\"   style=\"height: 32px\"><span class=\"vc_empty_space_inner\"><\/span><\/div>\n\t<div class=\"wpb_text_column wpb_content_element\" >\n\t\t<div class=\"wpb_wrapper\">\n\t\t\t<p style=\"text-align: center;\">More information : <a href=\"mailto:relinternacionales@unisinucartagena.edu.co\"><span style=\"color: #ff0000;\"><strong>relinternacionales@unisinucartagena.edu.co<\/strong><\/span><\/a><\/p>\n\n\t\t<\/div>\n\t<\/div>\n<\/div><\/div><\/div><\/div>","protected":false},"excerpt":{"rendered":"M\u00c1S INFORMACI\u00d3N M\u00c1S INFORMACI\u00d3N M\u00c1S INFORMACI\u00d3N M\u00c1S INFORMACI\u00d3N M\u00c1S INFORMACI\u00d3N Programa de Intercambio Estudiantil que brinda la oportunidad a los estudiantes de la Universidad del Sin\u00fa El\u00edas Bechara Zain\u00fam a realizar estudios de pregrado durante un periodo acad\u00e9mico fuera del &hellip;","protected":false},"author":1,"featured_media":0,"parent":0,"menu_order":0,"comment_status":"closed","ping_status":"open","template":"","meta":{"_acf_changed":false,"_bbp_topic_count":0,"_bbp_reply_count":0,"_bbp_total_topic_count":0,"_bbp_total_reply_count":0,"_bbp_voice_count":0,"_bbp_anonymous_reply_count":0,"_bbp_topic_count_hidden":0,"_bbp_reply_count_hidden":0,"_bbp_forum_subforum_count":0,"_monsterinsights_skip_tracking":false,"_monsterinsights_sitenote_active":false,"_monsterinsights_sitenote_note":"","_monsterinsights_sitenote_category":0,"footnotes":""},"class_list":["post-37089","page","type-page","status-publish","hentry"],"acf":[],"aioseo_notices":[],"_links":{"self":[{"href":"https:\/\/unisinucartagena.edu.co\/en\/wp-json\/wp\/v2\/pages\/37089","targetHints":{"allow":["GET"]}}],"collection":[{"href":"https:\/\/unisinucartagena.edu.co\/en\/wp-json\/wp\/v2\/pages"}],"about":[{"href":"https:\/\/unisinucartagena.edu.co\/en\/wp-json\/wp\/v2\/types\/page"}],"author":[{"embeddable":true,"href":"https:\/\/unisinucartagena.edu.co\/en\/wp-json\/wp\/v2\/users\/1"}],"replies":[{"embeddable":true,"href":"https:\/\/unisinucartagena.edu.co\/en\/wp-json\/wp\/v2\/comments?post=37089"}],"version-history":[{"count":54,"href":"https:\/\/unisinucartagena.edu.co\/en\/wp-json\/wp\/v2\/pages\/37089\/revisions"}],"predecessor-version":[{"id":59653,"href":"https:\/\/unisinucartagena.edu.co\/en\/wp-json\/wp\/v2\/pages\/37089\/revisions\/59653"}],"wp:attachment":[{"href":"https:\/\/unisinucartagena.edu.co\/en\/wp-json\/wp\/v2\/media?parent=37089"}],"curies":[{"name":"wp","href":"https:\/\/api.w.org\/{rel}","templated":true}]}}