{"id":36470,"date":"2019-03-23T08:53:30","date_gmt":"2019-03-23T13:53:30","guid":{"rendered":"https:\/\/www.unisinucartagena.edu.co\/?page_id=36470"},"modified":"2025-03-20T17:00:44","modified_gmt":"2025-03-20T22:00:44","slug":"historia","status":"publish","type":"page","link":"https:\/\/unisinucartagena.edu.co\/en\/historia\/","title":{"rendered":"History"},"content":{"rendered":"<div class=\"vc_row wpb_row vc_row-fluid\"><div class=\"wpb_column vc_column_container vc_col-sm-12\"><div class=\"vc_column-inner\"><div class=\"wpb_wrapper\"><div class=\"vc_wp_text wpb_content_element\"><div class=\"widget widget_text\">\t\t\t<div class=\"textwidget\"><\/p>\n<h2>Our history<\/h2>\n<p><span style=\"font-weight: 400;\">La historia de la <\/span><b>Corporaci\u00f3n Universidad del Sin\u00fa &#8220;El\u00edas Bechara Zain\u00fam&#8221;<\/b><span style=\"font-weight: 400;\"> es el resultado de la visi\u00f3n del doctor <\/span><b>Elijah Bechara Zainum<\/b><span style=\"font-weight: 400;\">, un destacado educador que, tras fundar la Universidad de C\u00f3rdoba y diversas instituciones de educaci\u00f3n secundaria e intermedia, identific\u00f3 la necesidad de crear una universidad que respondiera a las demandas del conocimiento en \u00e1reas como las ciencias administrativas, la jurisprudencia y las ciencias de la salud.<\/span><\/p>\n<p><b>Origen y consolidaci\u00f3n en Monter\u00eda<\/b><\/p>\n<p><span style=\"font-weight: 400;\">The <\/span><b>April 29, 1974<\/b><span style=\"font-weight: 400;\">, en la ciudad de Monter\u00eda, C\u00f3rdoba, se fund\u00f3 la <\/span><b>Corporaci\u00f3n Educativa Superior de C\u00f3rdoba (CESCO), <\/b><span style=\"font-weight: 400;\">ofreciendo programas en Administraci\u00f3n de Empresas a nivel t\u00e9cnico-profesional, Idiomas, Administraci\u00f3n Educativa y Trabajo Social. Gracias a su crecimiento, en <\/span><b>1977<\/b><span style=\"font-weight: 400;\"> obtuvo personer\u00eda jur\u00eddica mediante la Resoluci\u00f3n 12154 del Ministerio de Educaci\u00f3n Nacional (MEN), consolid\u00e1ndose como una instituci\u00f3n clave en la educaci\u00f3n superior del pa\u00eds.<\/span><\/p>\n<\/div>\n\t\t<\/div><\/div><\/div><\/div><\/div><\/div><div class=\"vc_row wpb_row vc_row-fluid\"><div class=\"wpb_column vc_column_container vc_col-sm-12\"><div class=\"vc_column-inner\"><div class=\"wpb_wrapper\"><div class=\"vc_empty_space\"   style=\"height: 32px\"><span class=\"vc_empty_space_inner\"><\/span><\/div><\/div><\/div><\/div><\/div><div class=\"vc_row wpb_row vc_row-fluid\"><div class=\"wpb_column vc_column_container vc_col-sm-12\"><div class=\"vc_column-inner\"><div class=\"wpb_wrapper\">\n\t<div  class=\"wpb_single_image wpb_content_element vc_align_center\">\n\t\t\n\t\t<figure class=\"wpb_wrapper vc_figure\">\n\t\t\t<div class=\"vc_single_image-wrapper   vc_box_border_grey\"><img data-recalc-dims=\"1\" fetchpriority=\"high\" decoding=\"async\" width=\"640\" height=\"295\" src=\"https:\/\/i0.wp.com\/unisinucartagena.edu.co\/wp-content\/uploads\/2019\/05\/casa-amarilla-renderizada-web.jpg?resize=640%2C295&#038;ssl=1\" class=\"vc_single_image-img attachment-large\" alt=\"\" title=\"yellow-house-rendered-web\" srcset=\"https:\/\/i0.wp.com\/unisinucartagena.edu.co\/wp-content\/uploads\/2019\/05\/casa-amarilla-renderizada-web.jpg?resize=1024%2C472&amp;ssl=1 1024w, https:\/\/i0.wp.com\/unisinucartagena.edu.co\/wp-content\/uploads\/2019\/05\/casa-amarilla-renderizada-web.jpg?resize=300%2C138&amp;ssl=1 300w, https:\/\/i0.wp.com\/unisinucartagena.edu.co\/wp-content\/uploads\/2019\/05\/casa-amarilla-renderizada-web.jpg?resize=768%2C354&amp;ssl=1 768w, https:\/\/i0.wp.com\/unisinucartagena.edu.co\/wp-content\/uploads\/2019\/05\/casa-amarilla-renderizada-web.jpg?resize=600%2C277&amp;ssl=1 600w, https:\/\/i0.wp.com\/unisinucartagena.edu.co\/wp-content\/uploads\/2019\/05\/casa-amarilla-renderizada-web.jpg?w=1301&amp;ssl=1 1301w\" sizes=\"(max-width: 640px) 100vw, 640px\" \/><\/div>\n\t\t<\/figure>\n\t<\/div>\n<div class=\"vc_separator wpb_content_element vc_separator_align_center vc_sep_width_100 vc_sep_pos_align_center vc_sep_color_grey vc_separator-has-text\" ><span class=\"vc_sep_holder vc_sep_holder_l\"><span  class=\"vc_sep_line\"><\/span><\/span><h4>Yellow house. CESCO&#039;s first headquarters.<\/h4><span class=\"vc_sep_holder vc_sep_holder_r\"><span  class=\"vc_sep_line\"><\/span><\/span>\n<\/div><div class=\"vc_wp_text wpb_content_element\"><div class=\"widget widget_text\">\t\t\t<div class=\"textwidget\"><p>In 1980 the\u00a0<a href=\"https:\/\/www.unisinu.edu.co\/derecho\">law program<\/a>, which became the engine of institutional development, taking into account that its operation gave life to the Center for Legal, Social and Political Research (Agreement 045 of July 10, 1982) as an essential tool for promoting research and the development of other academic programs.<\/p>\n<\/div>\n\t\t<\/div><\/div>\n\t<div  class=\"wpb_single_image wpb_content_element vc_align_center\">\n\t\t\n\t\t<figure class=\"wpb_wrapper vc_figure\">\n\t\t\t<div class=\"vc_single_image-wrapper   vc_box_border_grey\"><img data-recalc-dims=\"1\" decoding=\"async\" width=\"421\" height=\"321\" src=\"https:\/\/i0.wp.com\/unisinucartagena.edu.co\/wp-content\/uploads\/2019\/05\/cumpuspi.jpg?resize=421%2C321&#038;ssl=1\" class=\"vc_single_image-img attachment-full\" alt=\"\" title=\"cumpuspi\" srcset=\"https:\/\/i0.wp.com\/unisinucartagena.edu.co\/wp-content\/uploads\/2019\/05\/cumpuspi.jpg?w=421&amp;ssl=1 421w, https:\/\/i0.wp.com\/unisinucartagena.edu.co\/wp-content\/uploads\/2019\/05\/cumpuspi.jpg?resize=300%2C229&amp;ssl=1 300w\" sizes=\"(max-width: 421px) 100vw, 421px\" \/><\/div>\n\t\t<\/figure>\n\t<\/div>\n<div class=\"vc_separator wpb_content_element vc_separator_align_center vc_sep_width_100 vc_sep_pos_align_center vc_sep_color_grey vc_separator-has-text\" ><span class=\"vc_sep_holder vc_sep_holder_l\"><span  class=\"vc_sep_line\"><\/span><\/span><h4>First university campus buildings<\/h4><span class=\"vc_sep_holder vc_sep_holder_r\"><span  class=\"vc_sep_line\"><\/span><\/span>\n<\/div><\/div><\/div><\/div><\/div><div class=\"vc_row wpb_row vc_row-fluid\"><div class=\"wpb_column vc_column_container vc_col-sm-12\"><div class=\"vc_column-inner\"><div class=\"wpb_wrapper\"><div class=\"vc_wp_text wpb_content_element\"><div class=\"widget widget_text\">\t\t\t<div class=\"textwidget\"><p><span style=\"font-weight: 400;\">En <\/span><b>1984, CESCO<\/b><span style=\"font-weight: 400;\"> evolucion\u00f3 y se transform\u00f3 en la <\/span><b>Corporaci\u00f3n Universitaria del Sin\u00fa (CUS)<\/b><span style=\"font-weight: 400;\">, reconocida por la Resoluci\u00f3n 13000 del 30 de agosto. Esta transformaci\u00f3n permiti\u00f3 ampliar su oferta acad\u00e9mica y fortalecer su estructura organizativa, sentando las bases de lo que m\u00e1s tarde se consolidar\u00eda como la <\/span><b>Corporaci\u00f3n Universidad del Sin\u00fa &#8220;El\u00edas Bechara Zain\u00fam\u201d,<\/b><span style=\"font-weight: 400;\"> una instituci\u00f3n privada de educaci\u00f3n superior con una destacada trayectoria de crecimiento y excelencia acad\u00e9mica.<\/span><\/p>\n<p><span style=\"font-weight: 400;\">El fortalecimiento institucional continu\u00f3 y, en <\/span><b>2019<\/b><span style=\"font-weight: 400;\">, la Casa Matriz en Monter\u00eda recibi\u00f3 la <\/span><b>Acreditaci\u00f3n Institucional<\/b><span style=\"font-weight: 400;\"> mediante la Resoluci\u00f3n No. 0006197 del 13 de junio, un reconocimiento al compromiso con la calidad educativa. Ese mismo a\u00f1o, <\/span><b>Saray Castilla de Bechara<\/b><span style=\"font-weight: 400;\"> fue condecorada con la Orden de Boyac\u00e1, la m\u00e1s alta distinci\u00f3n otorgada por el Gobierno Nacional, en reconocimiento a su aporte al desarrollo educativo en Colombia.<\/span><\/p>\n<p><span style=\"font-weight: 400;\">En <\/span><b>2023<\/b><span style=\"font-weight: 400;\">, la <\/span><b>Casa Matriz<\/b><span style=\"font-weight: 400;\"> en Monter\u00eda logr\u00f3 la renovaci\u00f3n de su Acreditaci\u00f3n Institucional mediante la Resoluci\u00f3n No. 008917 del 29 de mayo, consolidando su calidad acad\u00e9mica y compromiso con la excelencia educativa.<\/span><\/p>\n<p><b>Expansi\u00f3n y crecimiento: Seccional Cartagena y Sede Bogot\u00e1<\/b><\/p>\n<p><span style=\"font-weight: 400;\">Como parte de su crecimiento, la Universidad ampli\u00f3 su cobertura educativa con la apertura de la <\/span><b>Seccional Cartagena en 1999 <\/b><span style=\"font-weight: 400;\">con los programas de<\/span><b> Medicina y Odontolog\u00eda<\/b><span style=\"font-weight: 400;\">, permitiendo que m\u00e1s estudiantes accedieran a una formaci\u00f3n de calidad.<\/span><\/p>\n<p align=\"justify\">\n<p><span style=\"font-weight: 400;\">En <\/span><b>2004,<\/b><span style=\"font-weight: 400;\"> la instituci\u00f3n alcanz\u00f3 un logro significativo al recibir el reconocimiento oficial como universidad mediante la Resoluci\u00f3n 4973 del 29 de diciembre, marcando una nueva etapa en su consolidaci\u00f3n acad\u00e9mica y en la creaci\u00f3n de sus primeros grupos de investigaci\u00f3n.<\/span><\/p>\n<p><span style=\"font-weight: 400;\">El impacto de la <\/span><b>Cartagena Sectional<\/b><span style=\"font-weight: 400;\"> continu\u00f3 expandi\u00e9ndose con hitos clave:<\/span><\/p>\n<p><b>2007:<\/b><span style=\"font-weight: 400;\"> Apertura de la Sede Plaza Col\u00f3n, fortaleciendo su presencia en la ciudad.<\/span><\/p>\n<p><b>2010:<\/b><span style=\"font-weight: 400;\"> Su fundador, <\/span><b>Elijah Bechara Zainum<\/b><span style=\"font-weight: 400;\">, recibi\u00f3 la Condecoraci\u00f3n Orden de Boyac\u00e1, en reconocimiento a su labor educativa.<\/span><\/p>\n<p><b>2013:<\/b><span style=\"font-weight: 400;\"> Se abri\u00f3 la Facultad de Ciencias de la Salud en el Campus Santillana, y se logr\u00f3 la clasificaci\u00f3n de los primeros grupos de investigaci\u00f3n en Colciencias.<\/span><\/p>\n<p><span style=\"font-weight: 400;\">En <\/span><b>2016,<\/b><span style=\"font-weight: 400;\"> la Universidad ampli\u00f3 a\u00fan m\u00e1s su alcance con la apertura de la <\/span><b>Sede Bogot\u00e1<\/b><span style=\"font-weight: 400;\">, reforzando su compromiso con la educaci\u00f3n superior en el pa\u00eds.<\/span><\/p>\n<p><span style=\"font-weight: 400;\">En <\/span><b>2023,<\/b><span style=\"font-weight: 400;\"> varios programas de la Seccional Cartagena fueron acreditados en alta calidad, entre ellos Odontolog\u00eda, Ingenier\u00eda de Sistemas y Tecnolog\u00eda en Gesti\u00f3n de Sistemas de Informaci\u00f3n.<\/span><\/p>\n<p><span style=\"font-weight: 400;\">En <\/span><b>2024<\/b><span style=\"font-weight: 400;\">, nuevos programas como Medicina, Nutrici\u00f3n y Diet\u00e9tica, Administraci\u00f3n de Negocios Internacionales y Derecho recibieron acreditaci\u00f3n de alta calidad, reflejando el compromiso de la instituci\u00f3n con la excelencia acad\u00e9mica.<\/span><\/p>\n<p><span style=\"font-weight: 400;\">Hoy, la Corporaci\u00f3n Universidad del Sin\u00fa &#8220;El\u00edas Bechara Zain\u00fam&#8221; sigue avanzando en su misi\u00f3n de formar profesionales \u00edntegros y comprometidos con la sociedad, consolid\u00e1ndose como una instituci\u00f3n l\u00edder en educaci\u00f3n superior en Colombia.<\/span><\/p>\n<\/div>\n\t\t<\/div><\/div><div class=\"vc_wp_text wpb_content_element\"><div class=\"widget widget_text\">\t\t\t<div class=\"textwidget\"><\/div>\n\t\t<\/div><\/div>\n\t<div  class=\"wpb_single_image wpb_content_element vc_align_center\">\n\t\t\n\t\t<figure class=\"wpb_wrapper vc_figure\">\n\t\t\t<div class=\"vc_single_image-wrapper   vc_box_border_grey\"><img data-recalc-dims=\"1\" decoding=\"async\" width=\"640\" height=\"361\" src=\"https:\/\/i0.wp.com\/unisinucartagena.edu.co\/wp-content\/uploads\/2025\/03\/WhatsApp-Image-2025-03-20-at-4.48.24-PM.jpeg?resize=640%2C361&#038;ssl=1\" class=\"vc_single_image-img attachment-large\" alt=\"\" title=\"WhatsApp Image 2025-03-20 at 4.48.24 PM\" srcset=\"https:\/\/i0.wp.com\/unisinucartagena.edu.co\/wp-content\/uploads\/2025\/03\/WhatsApp-Image-2025-03-20-at-4.48.24-PM.jpeg?resize=1024%2C577&amp;ssl=1 1024w, https:\/\/i0.wp.com\/unisinucartagena.edu.co\/wp-content\/uploads\/2025\/03\/WhatsApp-Image-2025-03-20-at-4.48.24-PM.jpeg?resize=300%2C169&amp;ssl=1 300w, https:\/\/i0.wp.com\/unisinucartagena.edu.co\/wp-content\/uploads\/2025\/03\/WhatsApp-Image-2025-03-20-at-4.48.24-PM.jpeg?resize=768%2C433&amp;ssl=1 768w, https:\/\/i0.wp.com\/unisinucartagena.edu.co\/wp-content\/uploads\/2025\/03\/WhatsApp-Image-2025-03-20-at-4.48.24-PM.jpeg?resize=1536%2C866&amp;ssl=1 1536w, https:\/\/i0.wp.com\/unisinucartagena.edu.co\/wp-content\/uploads\/2025\/03\/WhatsApp-Image-2025-03-20-at-4.48.24-PM.jpeg?resize=18%2C10&amp;ssl=1 18w, https:\/\/i0.wp.com\/unisinucartagena.edu.co\/wp-content\/uploads\/2025\/03\/WhatsApp-Image-2025-03-20-at-4.48.24-PM.jpeg?w=1600&amp;ssl=1 1600w, https:\/\/i0.wp.com\/unisinucartagena.edu.co\/wp-content\/uploads\/2025\/03\/WhatsApp-Image-2025-03-20-at-4.48.24-PM.jpeg?w=1280&amp;ssl=1 1280w\" sizes=\"(max-width: 640px) 100vw, 640px\" \/><\/div>\n\t\t<\/figure>\n\t<\/div>\n<\/div><\/div><\/div><\/div>","protected":false},"excerpt":{"rendered":"Nuestra Historia La historia de la Corporaci\u00f3n Universidad del Sin\u00fa \"El\u00edas Bechara Zain\u00fam\" es el resultado de la visi\u00f3n del doctor El\u00edas Bechara Zain\u00fam, un destacado educador que, tras fundar la Universidad de C\u00f3rdoba y diversas instituciones de educaci\u00f3n secundaria &hellip;","protected":false},"author":1,"featured_media":0,"parent":0,"menu_order":0,"comment_status":"closed","ping_status":"open","template":"","meta":{"_acf_changed":false,"_bbp_topic_count":0,"_bbp_reply_count":0,"_bbp_total_topic_count":0,"_bbp_total_reply_count":0,"_bbp_voice_count":0,"_bbp_anonymous_reply_count":0,"_bbp_topic_count_hidden":0,"_bbp_reply_count_hidden":0,"_bbp_forum_subforum_count":0,"_monsterinsights_skip_tracking":false,"_monsterinsights_sitenote_active":false,"_monsterinsights_sitenote_note":"","_monsterinsights_sitenote_category":0,"footnotes":""},"class_list":["post-36470","page","type-page","status-publish","hentry"],"acf":[],"aioseo_notices":[],"_links":{"self":[{"href":"https:\/\/unisinucartagena.edu.co\/en\/wp-json\/wp\/v2\/pages\/36470","targetHints":{"allow":["GET"]}}],"collection":[{"href":"https:\/\/unisinucartagena.edu.co\/en\/wp-json\/wp\/v2\/pages"}],"about":[{"href":"https:\/\/unisinucartagena.edu.co\/en\/wp-json\/wp\/v2\/types\/page"}],"author":[{"embeddable":true,"href":"https:\/\/unisinucartagena.edu.co\/en\/wp-json\/wp\/v2\/users\/1"}],"replies":[{"embeddable":true,"href":"https:\/\/unisinucartagena.edu.co\/en\/wp-json\/wp\/v2\/comments?post=36470"}],"version-history":[{"count":27,"href":"https:\/\/unisinucartagena.edu.co\/en\/wp-json\/wp\/v2\/pages\/36470\/revisions"}],"predecessor-version":[{"id":62392,"href":"https:\/\/unisinucartagena.edu.co\/en\/wp-json\/wp\/v2\/pages\/36470\/revisions\/62392"}],"wp:attachment":[{"href":"https:\/\/unisinucartagena.edu.co\/en\/wp-json\/wp\/v2\/media?parent=36470"}],"curies":[{"name":"wp","href":"https:\/\/api.w.org\/{rel}","templated":true}]}}