{"id":34541,"date":"2019-02-09T10:04:48","date_gmt":"2019-02-09T15:04:48","guid":{"rendered":"https:\/\/www.unisinucartagena.edu.co\/?page_id=34541"},"modified":"2026-01-21T10:27:41","modified_gmt":"2026-01-21T15:27:41","slug":"especializacion-cirugia-plastica-estetica-y-reconstructiva-snies-103321","status":"publish","type":"page","link":"https:\/\/unisinucartagena.edu.co\/en\/especializacion-cirugia-plastica-estetica-y-reconstructiva-snies-103321\/","title":{"rendered":"Especializaci\u00f3n Cirug\u00eda Pl\u00e1stica: Reconstructiva y Est\u00e9tica &#8211; SNIES: 111622"},"content":{"rendered":"<div id=\"pl-34541\"  class=\"panel-layout\" ><div id=\"pg-34541-0\"  class=\"panel-grid panel-no-style\" ><div id=\"pgc-34541-0-0\"  class=\"panel-grid-cell\" ><div id=\"panel-34541-0-0-0\" class=\"so-panel widget widget_text panel-first-child\" data-index=\"0\" >\t\t\t<div class=\"textwidget\"><p>R\u00e9gimen Calificado MEN: Resoluci\u00f3n: 011994 de 14 Julio 2023. Vigente Hasta 14 Julio 2030<\/p>\n<\/div>\n\t\t<\/div><div id=\"panel-34541-0-0-1\" class=\"so-panel widget widget_text panel-last-child\" data-index=\"1\" >\t\t\t<div class=\"textwidget\"><p style=\"text-align: justify;\">The specialization program in <strong>Cirug\u00eda Pl\u00e1stica: Reconstructiva y Est\u00e9tica<\/strong>\u00a0of the School of Medicine of the <strong>University of Sin\u00fa El\u00edas Bechara Zain\u00fam Sectional Cartagena<\/strong> desarrolla de conformidad con el Proyecto Educativo Institucional (PEI) las siguientes dimensiones de las competencias tanto b\u00e1sicas como profesionales necesarias en la formaci\u00f3n del Cirujano Pl\u00e1stico: Reconstructivo y Est\u00e9tico.<\/p>\n<p style=\"text-align: justify;\"><strong>Cognitive:<\/strong><br \/>\nThe student will develop the ability to optimize their mental processes, which will enable them to apply medical-surgical knowledge in the elaboration of value judgments and the development of critical thinking. This competence enhances the description, explanation, conceptualization, analysis and interpretation of current surgical regulations and the selection of standards for the solution of professional medical problems, that is, the ability to be proactive.<\/p>\n<p style=\"text-align: justify;\"><strong>Communicative:<\/strong><br \/>\nIt seeks to develop this competence, to claim the value of dialogue as an element of cohesion in the doctor-patient relationship, to respect others as valid interlocutors, to express oneself clearly and coherently verbally and in writing, issuing opinions and concepts, arguing, proposing and actively listening to the opinion of others.<\/p>\n<p style=\"text-align: justify;\"><strong>Evaluative:<\/strong><br \/>\nBusca esta competencia que el m\u00e9dico en formaci\u00f3n del \u00e1rea quir\u00fargica de la Escuela de Medicina de la Universidad del Sin\u00fa Seccional Cartagena desarrolle el dominio de sus emociones y auto control, sean coherentes en la manifestaci\u00f3n de las mismas, de igual manera a manejar situaciones en donde se evidencien manifestaciones inadecuadas de emociones por parte de los futuros especialistas.<\/p>\n<h2><\/h2>\n<\/div>\n\t\t<\/div><\/div><\/div><div id=\"pg-34541-1\"  class=\"panel-grid panel-no-style\" ><div id=\"pgc-34541-1-0\"  class=\"panel-grid-cell\" ><div id=\"panel-34541-1-0-0\" class=\"so-panel widget widget_button panel-first-child panel-last-child\" data-index=\"2\" ><div class=\"thim-widget-button thim-widget-button-base template-base\"><a class=\"widget-button  no-border large custom_style\" href=\"http:\/\/goo.gl\/forms\/cRio8wtMEi\" style=\"font-size: 14px;font-weight: normal;background-color: #dd3333;\" data-hover=\"font-size: 14px;font-weight: normal;\"><i class=\"envelope-o\" style=\"font-size: 14px;\"><\/i> I want to know more<\/a><\/div><\/div><\/div><div id=\"pgc-34541-1-1\"  class=\"panel-grid-cell\" ><div id=\"panel-34541-1-1-0\" class=\"so-panel widget widget_button panel-first-child panel-last-child\" data-index=\"3\" ><div class=\"thim-widget-button thim-widget-button-base template-base\"><a class=\"widget-button  no-border large custom_style\" href=\"https:\/\/drive.google.com\/file\/d\/17ndRy5Id0f670gNbCZ3rT6YOYuWnhufo\/view?usp=sharing\" target=\"_blank\" style=\"font-size: 14px;font-weight: normal;background-color: #dd3333;\" data-hover=\"font-size: 14px;font-weight: normal;\"><i class=\"file-text-o\" style=\"font-size: 14px;\"><\/i> Download Brochure<\/a><\/div><\/div><\/div><div id=\"pgc-34541-1-2\"  class=\"panel-grid-cell panel-grid-cell-empty panel-grid-cell-mobile-last\" ><\/div><div id=\"pgc-34541-1-3\"  class=\"panel-grid-cell panel-grid-cell-empty\" ><\/div><\/div><div id=\"pg-34541-2\"  class=\"panel-grid panel-no-style\" ><div id=\"pgc-34541-2-0\"  class=\"panel-grid-cell\" ><div id=\"panel-34541-2-0-0\" class=\"widget_text so-panel widget widget_custom_html panel-first-child\" data-index=\"4\" ><div class=\"textwidget custom-html-widget\"><table >\n<thead><tr class=\"tableizer-firstrow\"><th>TITLE TO ISSUE<\/th><th>ESPECIALISTA EN CIRUG\u00cdA PL\u00c1STICA: RECONSTRUCTIVA Y EST\u00c9TICA<\/th><\/tr><\/thead><tbody>\n <tr><td>DURATION<\/td><td> 4 years<\/td><\/tr>\n <tr><td>ADMISSION PERIOD<\/td><td>Annual<\/td><\/tr>\n <tr><td>WORKING DAY<\/td><td>full<\/td><\/tr>\n <tr><td>METHODOLOGY<\/td><td>Face-to-face<\/td><\/tr>\n <tr><td>REG. QUALIFIED MEN<\/td><td>Resoluci\u00f3n: 011994 de 14 Julio 2023. Vigente Hasta 14 Julio 2030<\/td><\/tr>\n <tr><td>SNIES<\/td><td>111622<\/td><\/tr>\n\t<tr>\n<td>N\u00b0 DE CR\u00c9DITOS<\/td>\n<td>256<\/td>\n<\/tr>\n <tr><td>MAIN AREA<\/td><td>Health Sciences<\/td><\/tr>\n <tr><td>SECONDARY AREA<\/td><td>Medicine<\/td><\/tr>\n <tr>\n <td><strong>TOTAL REGISTRATION VALUE<\/strong><\/td>\n <td>$236.559.000  + 1% Valor Estampilla Distrital Procultura<\/td>\n <\/tr>\n<\/tbody>\n<\/table><\/div><\/div><div id=\"panel-34541-2-0-1\" class=\"so-panel widget widget_tab\" data-index=\"5\" ><div class=\"thim-widget-tab thim-widget-tab-base template-base\"><ul class=\"nav nav-tabs\" role=\"tablist\"><li role=\"presentation\" class='active tab-col-5'><a href=\"#thim-widget-tab-11777890487-1-25\"  role=\"tab\" data-toggle=\"tab\">Proceso de Inscripci\u00f3n<\/a><\/li><li role=\"presentation\" class='tab-col-5'><a href=\"#thim-widget-tab-21777890487-1-25\"  role=\"tab\" data-toggle=\"tab\">Registration requirements<\/a><\/li><li role=\"presentation\" class='tab-col-5'><a href=\"#thim-widget-tab-31777890487-1-25\"  role=\"tab\" data-toggle=\"tab\">Requisitos para Seleccionados<\/a><\/li><li role=\"presentation\" class='tab-col-5'><a href=\"#thim-widget-tab-41777890487-1-25\"  role=\"tab\" data-toggle=\"tab\">Proceso de Matr\u00edcula<\/a><\/li><li role=\"presentation\" class='tab-col-5'><a href=\"#thim-widget-tab-51777890487-1-25\"  role=\"tab\" data-toggle=\"tab\">Selection parameters<\/a><\/li><\/ul><div class=\"tab-content\"> <div role=\"tabpanel\" class=\"tab-pane active\" id=\"thim-widget-tab-11777890487-1-25\"><h3>Para realizar la inscripci\u00f3n, ingrese a la plataforma Elysa a trav\u00e9s del enlace de la p\u00e1gina web<\/h3>\n<h3><a href=\"http:\/\/elysa.unisinu.edu.co\/psc\/csadm\/EMPLOYEE\/HRMS\/c\/UA_FRM_ADMISION_MNU.UA_ADMISION_LOGIN.GBL?&amp;userid=US_FRMLRADMSN_NV&amp;pwd=Vp@+3mq0o&amp;languageCd=ESP&amp;\">INSCRIPCIONES POSGRADOS O CLIC AQU\u00cd<\/a><\/h3>\n\n<ul>\n  <li>El aspirante al momento de inscribirse debe verificar que cuenta con toda la documentaci\u00f3n solicitada para realizar la inscripci\u00f3n, que el examen de admisi\u00f3n se realiza en una sola franja de tiempo, se recomienda inscribirse en un (1) solo programa acad\u00e9mico de especialidad, a fin que en el tiempo dispuesto por la Universidad deba presentarse el examen de admisi\u00f3n para todos los programas inscritos., En caso de inscribirse a m\u00e1s de un programa no habr\u00e1 derecho a devoluci\u00f3n de dinero por este concepto.<\/li>\n  <li>Diligencie el formulario de inscripci\u00f3n.<\/li>\n  <li>Imprima el volante de inscripci\u00f3n y cancele el valor correspondiente en el banco indicado o a trav\u00e9s de la plataforma, antes de la fecha de vencimiento.<\/li>\n  <li>Verifique que los documentos aportados sean los solicitados en los requisitos de inscripci\u00f3n.<\/li>\n  <li>Suba a la plataforma los documentos solicitados, ingresando al formulario de Inscripci\u00f3n paso No.5.Si presenta dificultas escriba al correo: <strong>mercadeoposgrado@unisinucartagena.edu.co.<\/strong><\/li>\n  <li>Si sus documentos cumplen con los requisitos de inscripci\u00f3n, recibir\u00e1 notificaci\u00f3n de <strong>APROBADO<\/strong>; en caso contrario, recibir\u00e1 notificaci\u00f3n de <strong>RECHAZADO<\/strong> y podr\u00e1, dentro de las fechas establecidas para la inscripci\u00f3n, subsanar lo requerido.<\/li>\n\n<\/ul>\n\n<p><strong>Important:<\/strong> Para asegurar una <strong>inscripci\u00f3n exitosa<\/strong>, debe verificar que la documentaci\u00f3n est\u00e9 completa antes de cerrar el proceso. Una vez que el periodo de inscripciones finaliza, no podr\u00e1 subir documentos adicionales a la plataforma. Es fundamental cargar todos los documentos requeridos antes de la fecha de cierre, ya que la plataforma no permitir\u00e1 agregar ni modificar documentos despu\u00e9s de ese momento.<\/p><\/div> <div role=\"tabpanel\" class=\"tab-pane\" id=\"thim-widget-tab-21777890487-1-25\"><h3>REGISTRATION REQUIREMENTS<\/h3>\n\n<ul><strong>Importante: Todos los documentos deben ser cargados al sistema de informaci\u00f3n a trav\u00e9s del formulario de Inscripci\u00f3n PASO 5, por el interesado en formato PDF<\/strong><\/ul>\n\n<ul>\n\t\n \t<li>Formulario de inscripci\u00f3n debidamente diligenciado, firmado y con las fotos pegadas en el recuadro correspondiente.<\/li>\n \t<li>Proof of payment for registration fee.<\/li>\n \t<li>Fotocopia del Acta de Grado y del Diploma.<\/li>\n        <li>Resoluci\u00f3n de haber cumplido con el servicio social obligatorio o certificado de exoneraci\u00f3n.<\/li>\n \t<li>Resultado Pruebas Saber Pro (ECAES).*<\/li>\n \t<li>Fotocopia de la c\u00e9dula ampliada 150%.*<\/li>\n \t<li>3 fotos 3x4, en blanco y negro (pegadas en los recuadros del formulario de inscripci\u00f3n.)<\/li>\n<\/ul>\n<strong>*<\/strong>\u00a0No aplica para extranjeros.<br>\n\n<h3>ADDITIONAL DOCUMENTS FOREIGN APPLICANTS<\/h3>\n<ul>\n\n \t<li>Photocopy of the passport.<\/li>\n \t<li>Undergraduate degree or its equivalent that accredits you as a professional must be validated by the Ministry of National Education of Colombia. All documents that are not in Spanish must be translated.<\/li>\n \t<li>Los certificados y el diploma deben contar con el sello de apostilla Ministerio de Exterior o Entidad encargada de este tr\u00e1mite en el pa\u00eds de origen.<\/li>\n<\/ul><\/div> <div role=\"tabpanel\" class=\"tab-pane\" id=\"thim-widget-tab-31777890487-1-25\"><h3>REQUISITOS PARA SELECCIONADOS A ENTREVISTA<\/h3>\n<ul>\n\n \t<li>Hoja de Vida (con anexos verificables).<\/li>\n \t<li>Originales de calificaciones de estudios de Pregrado, incluyendo notas del a\u00f1o de internado.<\/li>\n \t<li>Certificado de Promedio cr\u00e9dito Acumulado de toda la carrera (Incluido Internado).<\/li>\n \t\n<\/ul>\n<strong>IMPORTANTE: Incluir certificaci\u00f3n en un segundo idioma de acuerdo con el Marco Com\u00fan\nEuropeo.<\/strong>\n<br>\n<strong>Los anteriores documentos deben ser enviados al correo: posgradosinscripcionesunisinu@unisinucartagena.edu.co<\/strong><\/div> <div role=\"tabpanel\" class=\"tab-pane\" id=\"thim-widget-tab-41777890487-1-25\"><h3>ENTREGA DE DOCUMENTACI\u00d3N REQUERIDA PARA LA MATR\u00cdCULA<\/h3>\n<h3>En la Oficina de Admisiones, Sede Campus Santillana Av. El Bosque, Trasnv. 54 N\u00ba 30-453<\/h3>\n<ul>\n \t<li>Fotocopia del Recibo de Matr\u00edcula cancelado.<\/li>\n        <li>Certificado de Vacunaci\u00f3n (Hepatitis B, T\u00e9tano y Meningococo).<\/li>\n        <li> Afiliaci\u00f3n vigente al SGSSS.<\/li>\n \t\n<\/ul>\n\n<h3>REQUIRED ADDITIONAL DOCUMENTATION REGISTRATION FOR FOREIGNERS<\/h3>\n\n\n\n\n\n<ul>\n\n \t<li>Fotocopia c\u00e9dula de extranjer\u00eda vigente.<\/li>\n \t<li>Fotocopia de la visa de estudiante vigente.<\/li>\n \t<li>Fotocopia del Recibo de Matr\u00edcula cancelado.<\/li>\n        <li>Certificado de Vacunaci\u00f3n (Hepatitis B, T\u00e9tano y Meningococo).<\/li>\n        <li> Afiliaci\u00f3n vigente al SGSSS.<\/li>\n \t\n<\/ul>\n\n\n<strong>\u00a1Nota Importante! Los documentos exigidos para la Inscripci\u00f3n deben ser presentados a la Oficina de Admisiones, ubicada en la Sede Campus Santillana Av. El Bosque, Trasnv. 54 N\u00ba 30-453\n<\/strong><\/div> <div role=\"tabpanel\" class=\"tab-pane\" id=\"thim-widget-tab-51777890487-1-25\"><h3>SELECTION PARAMETERS<\/h3>\n<br>\n\n<ul>\n  <li><strong>Examen de Admisi\u00f3n:<\/strong> 60%<\/li>\n  <li><strong>Interview:<\/strong> 10%<\/li>\n  <ul>\n    <li>Concepto Mesa de Entrevistadores: 5%<\/li>\n    <li>Pruebas de Lecto-escritura y Pruebas Psicot\u00e9cnicas: 5%<\/li>\n  <\/ul>\n  <li><strong>Comit\u00e9 de Admisiones:<\/strong> 30%<\/li>\n<\/ul>\n\n<p>El Comit\u00e9 de Admisiones recibir\u00e1 los resultados y los analizar\u00e1 junto con la hoja de vida, llegando a un consenso para definir los admitidos.<\/p><\/div><\/div><\/div><\/div><div id=\"panel-34541-2-0-2\" class=\"so-panel widget widget_text\" data-index=\"6\" ><h3 class=\"widget-title\">Study plan<\/h3>\t\t\t<div class=\"textwidget\"><\/div>\n\t\t<\/div><div id=\"panel-34541-2-0-3\" class=\"so-panel widget widget_tab panel-last-child\" data-index=\"7\" ><div class=\"thim-widget-tab thim-widget-tab-base template-base\"><ul class=\"nav nav-tabs\" role=\"tablist\"><li role=\"presentation\" class='active tab-col-4'><a href=\"#thim-widget-tab-11777890487-1-82\"  role=\"tab\" data-toggle=\"tab\">1st year<\/a><\/li><li role=\"presentation\" class='tab-col-4'><a href=\"#thim-widget-tab-21777890487-1-82\"  role=\"tab\" data-toggle=\"tab\">2nd year<\/a><\/li><li role=\"presentation\" class='tab-col-4'><a href=\"#thim-widget-tab-31777890487-1-82\"  role=\"tab\" data-toggle=\"tab\">3rd year<\/a><\/li><li role=\"presentation\" class='tab-col-4'><a href=\"#thim-widget-tab-41777890487-1-82\"  role=\"tab\" data-toggle=\"tab\">4th year<\/a><\/li><\/ul><div class=\"tab-content\"> <div role=\"tabpanel\" class=\"tab-pane active\" id=\"thim-widget-tab-11777890487-1-82\"><table border=\"1\">\n<thead><tr><th colspan=\"4\" style=\"background-color: #cccccc\">Subject<\/th><\/tr><\/thead><tbody>\n <tr><td>Immunology<\/td>\n \t<td>Microbiology<\/td>\n \t<td>Pharmacology<\/td>\n \t<td>Molecular biology<\/td>\n <\/tr>\n <tr>\n \t<td>Anatomy<\/td>\n \t<td>General Surgery<\/td>\n \t<td>Dermatology<\/td>\n \t<td>Research Project I <\/td>\n <\/tr>\n <tr>\n \t<td>Reconstructive Plastic Surgery I<\/td>\n \t<td>Elias Bechara Chair<\/td>\n \t<td> T\u00e9cnicas Quir\u00fargicas <\/td>\n \t<td>bioethics<\/td>\n <\/tr>\n <tr>\n \t<td>Public Health Principles<\/td>\n \t<td>Health Service Management<\/td>\n \t<td>Epidemiology<\/td>\n \t<td>Investigation methodology<\/td>\n <\/tr>\n <tr>\n \t<td>Biostatistics<\/td>\n \t<td><\/td>\n \t<td><\/td>\n \t<td><\/td>\n <\/tr>\n\n<\/tbody>\n<\/table><\/div> <div role=\"tabpanel\" class=\"tab-pane\" id=\"thim-widget-tab-21777890487-1-82\"><table border=\"1\">\n<thead><tr><th style=\"background-color: #cccccc\" colspan=\"3\">Asganture<\/th><\/tr>\n<\/thead>\n<tbody>\n\n\t<tr>\n\t\t<td>Cirug\u00eda de Mano <\/td>\n\t\t<td>Quemados<\/td>\n\t\t<td>Research Project II<\/td>\n\t<\/tr>\n<\/tbody>\n<\/table><\/div> <div role=\"tabpanel\" class=\"tab-pane\" id=\"thim-widget-tab-31777890487-1-82\"><table border=\"1\">\n<thead>\n\t<tr style=\"background-color: #cccccc\"><th colspan=\"3\">subjects<\/th><\/tr>\n<\/thead>\n<tbody>\n\t<tr><td>Maxillofacial Surgery <\/td><td>Aesthetic Plastic Surgery I<\/td><td> Research Project III <\/td><\/tr>\n\t\n<\/tbody>\n<\/table><\/div> <div role=\"tabpanel\" class=\"tab-pane\" id=\"thim-widget-tab-41777890487-1-82\"><table border=\"1\">\n<thead>\n\t<tr>\n\t\t<th style=\"background-color: #cccccc\" colspan=\"3\">Subject<\/th>\n\t<\/tr>\n<\/thead>\n<tbody>\n\t<tr>\n\t\t<td> Oncology <\/td>\n\t\t<td>Aesthetic Plastic Surgery II<\/td>\n\t\t<td>Reconstructive Plastic Surgery II<\/td>\n\t<\/tr>\n\t<tr>\n\t\t<td>elective<\/td>\n\t\t<td>Research Project IV<\/td>\n\t\t<td><\/td>\n\t<\/tr>\n<\/tbody>\n<\/table><\/div><\/div><\/div><\/div><\/div><\/div><div id=\"pg-34541-3\"  class=\"panel-grid panel-no-style\" ><div id=\"pgc-34541-3-0\"  class=\"panel-grid-cell\" ><div id=\"panel-34541-3-0-0\" class=\"widget_text so-panel widget widget_custom_html panel-first-child panel-last-child\" data-index=\"8\" ><div class=\"textwidget custom-html-widget\"><center><h3>\n\t<a href=\"https:\/\/unisinucartagena.edu.co\/wp-content\/uploads\/2025\/10\/BROCHURE-CIRUGIA-PLASTICARECONSTRUCTIVA-Y-ESTETICA.pdf\" target=\"_blank\">Download Information Booklet<\/a>\n<\/h3><\/center>\n<div class=\"_3d-flip-book  fb3d-fullscreen-mode full-size\" data-id=\"34547\" data-mode=\"fullscreen\" data-title=\"false\" data-template=\"short-white-book-view\" data-lightbox=\"dark-shadow\" data-urlparam=\"fb3d-page\" data-page-n=\"0\" data-pdf=\"\" data-tax=\"null\" data-thumbnail=\"\" data-cols=\"3\" data-book-template=\"default\" data-trigger=\"\"><\/div><script type=\"text\/javascript\">window.FB3D_CLIENT_DATA = window.FB3D_CLIENT_DATA || [];FB3D_CLIENT_DATA.push('eyJwb3N0cyI6eyIzNDU0NyI6eyJJRCI6MzQ1NDcsInRpdGxlIjoiQnJvc2h1cmUgRXNwZWNpYWxpemFjaVx1MDBmM24gQ2lydWdcdTAwZWRhIFBsXHUwMGUxc3RpY2EsIEVzdFx1MDBlOXRpY2EgWSBSZWNvbnN0cnVjdGl2YSIsInR5cGUiOiJwZGYiLCJyZWFkeV9mdW5jdGlvbiI6IiIsImJvb2tfc3R5bGUiOiJ2b2x1bWUiLCJib29rX3RlbXBsYXRlIjoibm9uZSIsIm91dGxpbmUiOltdLCJkYXRhIjp7InBvc3RfSUQiOiItMSIsImd1aWQiOiJodHRwczpcL1wvdW5pc2ludWNhcnRhZ2VuYS5lZHUuY29cL3dwLWNvbnRlbnRcL3VwbG9hZHNcLzIwMjVcLzEwXC9CUk9DSFVSRS1DSVJVR0lBLVBMQVNUSUNBUkVDT05TVFJVQ1RJVkEtWS1FU1RFVElDQS0xLnBkZiIsInBkZl9wYWdlcyI6IjQiLCJwYWdlc19jdXN0b21pemF0aW9uIjoibm9uZSJ9LCJ0aHVtYm5haWwiOnsiZGF0YSI6eyJwb3N0X0lEIjoiMCJ9LCJ0eXBlIjoiYXV0byJ9LCJwcm9wcyI6eyJiYWNrZ3JvdW5kQ29sb3IiOiJhdXRvIiwiYmFja2dyb3VuZEltYWdlIjoiYXV0byIsImJhY2tncm91bmRTdHlsZSI6ImF1dG8iLCJoaWdobGlnaHRMaW5rcyI6ImF1dG8iLCJsaWdodGluZyI6ImF1dG8iLCJzaW5nbGVQYWdlTW9kZSI6ImF1dG8iLCJjYWNoZWRQYWdlcyI6ImF1dG8iLCJyZW5kZXJJbmFjdGl2ZVBhZ2VzIjoiYXV0byIsInJlbmRlckluYWN0aXZlUGFnZXNPbk1vYmlsZSI6ImF1dG8iLCJyZW5kZXJXaGlsZUZsaXBwaW5nIjoiYXV0byIsInByZWxvYWRQYWdlcyI6ImF1dG8iLCJhdXRvUGxheUR1cmF0aW9uIjoiYXV0byIsInJ0bCI6ImF1dG8iLCJpbnRlcmFjdGl2ZUNvcm5lcnMiOiJhdXRvIiwibWF4RGVwdGgiOiJhdXRvIiwic2hlZXQiOnsic3RhcnRWZWxvY2l0eSI6ImF1dG8iLCJ3YXZlIjoiYXV0byIsInNoYXBlIjoiYXV0byIsIndpZHRoVGV4ZWxzIjoiYXV0byIsImNvbG9yIjoiYXV0byIsInNpZGUiOiJhdXRvIiwic3RyZXRjaEltYWdlcyI6ImF1dG8iLCJjb3JuZXJEZXZpYXRpb24iOiJhdXRvIiwiZmxleGliaWxpdHkiOiJhdXRvIiwiZmxleGlibGVDb3JuZXIiOiJhdXRvIiwiYmVuZGluZyI6ImF1dG8iLCJoZWlnaHRUZXhlbHMiOiJhdXRvIn0sImNvdmVyIjp7IndhdmUiOiJhdXRvIiwiY29sb3IiOiJhdXRvIiwic2lkZSI6ImF1dG8iLCJzdHJldGNoSW1hZ2VzIjoiYXV0byIsImJpbmRlclRleHR1cmUiOiJhdXRvIiwiZGVwdGgiOiJhdXRvIiwicGFkZGluZyI6ImF1dG8iLCJzdGFydFZlbG9jaXR5IjoiYXV0byIsImZsZXhpYmlsaXR5IjoiYXV0byIsImZsZXhpYmxlQ29ybmVyIjoiYXV0byIsImJlbmRpbmciOiJhdXRvIiwid2lkdGhUZXhlbHMiOiJhdXRvIiwiaGVpZ2h0VGV4ZWxzIjoiYXV0byIsIm1hc3MiOiJhdXRvIiwic2hhcGUiOiJhdXRvIn0sInBhZ2UiOnsid2F2ZSI6ImF1dG8iLCJjb2xvciI6ImF1dG8iLCJzaWRlIjoiYXV0byIsInN0cmV0Y2hJbWFnZXMiOiJhdXRvIiwiZGVwdGgiOiJhdXRvIiwic3RhcnRWZWxvY2l0eSI6ImF1dG8iLCJmbGV4aWJpbGl0eSI6ImF1dG8iLCJmbGV4aWJsZUNvcm5lciI6ImF1dG8iLCJiZW5kaW5nIjoiYXV0byIsIndpZHRoVGV4ZWxzIjoiYXV0byIsImhlaWdodFRleGVscyI6ImF1dG8iLCJtYXNzIjoiYXV0byIsInNoYXBlIjoiYXV0byJ9LCJoZWlnaHQiOiJhdXRvIiwid2lkdGgiOiJhdXRvIiwiZ3Jhdml0eSI6ImF1dG8iLCJwYWdlc0ZvclByZWRpY3RpbmciOiJhdXRvIn0sImNvbnRyb2xQcm9wcyI6eyJhY3Rpb25zIjp7ImNtZFRvYyI6eyJlbmFibGVkIjoiYXV0byIsImVuYWJsZWRJbk5hcnJvdyI6ImF1dG8iLCJhY3RpdmUiOiJhdXRvIiwiZGVmYXVsdFRhYiI6ImF1dG8ifSwiY21kQXV0b1BsYXkiOnsiZW5hYmxlZCI6ImF1dG8iLCJlbmFibGVkSW5OYXJyb3ciOiJhdXRvIiwiYWN0aXZlIjoiYXV0byJ9LCJjbWRTYXZlIjp7ImVuYWJsZWQiOiJhdXRvIiwiZW5hYmxlZEluTmFycm93IjoiYXV0byJ9LCJjbWRQcmludCI6eyJlbmFibGVkIjoiYXV0byIsImVuYWJsZWRJbk5hcnJvdyI6ImF1dG8ifSwiY21kU2luZ2xlUGFnZSI6eyJlbmFibGVkIjoiYXV0byIsImVuYWJsZWRJbk5hcnJvdyI6ImF1dG8iLCJhY3RpdmUiOiJhdXRvIiwiYWN0aXZlRm9yTW9iaWxlIjoiYXV0byJ9LCJ3aWRUb29sYmFyIjp7ImVuYWJsZWQiOiJhdXRvIiwiZW5hYmxlZEluTmFycm93IjoiYXV0byJ9fX0sImF1dG9UaHVtYm5haWwiOiJodHRwczpcL1wvdW5pc2ludWNhcnRhZ2VuYS5lZHUuY29cL3dwLWNvbnRlbnRcL3VwbG9hZHNcLzNkLWZsaXAtYm9va1wvYXV0by10aHVtYm5haWxzXC8zNDU0Ny5wbmciLCJwb3N0X25hbWUiOiJicm9zaHVyZS1lc3BlY2lhbGl6YWNpb24tY2lydWdpYS1wbGFzdGljYS1lc3RldGljYS15LXJlY29uc3RydWN0aXZhIiwicG9zdF90eXBlIjoiM2QtZmxpcC1ib29rIn19LCJwYWdlcyI6W10sImZpcnN0UGFnZXMiOltdfQ==');window.FB3D_CLIENT_LOCALE && FB3D_CLIENT_LOCALE.render && FB3D_CLIENT_LOCALE.render();<\/script><\/div><\/div><\/div><\/div><\/div>","protected":false},"excerpt":{"rendered":"<p>R\u00e9gimen Calificado MEN: Resoluci\u00f3n: 011994 de 14 Julio 2023. Vigente Hasta 14 Julio 2030 El programa de Especializaci\u00f3n en Cirug\u00eda Pl\u00e1stica: Reconstructiva y Est\u00e9tica\u00a0de la Escuela de Medicina de la Universidad del Sin\u00fa El\u00edas Bechara Zain\u00fam Seccional Cartagena desarrolla de &hellip; <\/p>","protected":false},"author":1,"featured_media":0,"parent":0,"menu_order":0,"comment_status":"closed","ping_status":"open","template":"","meta":{"_acf_changed":false,"_bbp_topic_count":0,"_bbp_reply_count":0,"_bbp_total_topic_count":0,"_bbp_total_reply_count":0,"_bbp_voice_count":0,"_bbp_anonymous_reply_count":0,"_bbp_topic_count_hidden":0,"_bbp_reply_count_hidden":0,"_bbp_forum_subforum_count":0,"_monsterinsights_skip_tracking":false,"_monsterinsights_sitenote_active":false,"_monsterinsights_sitenote_note":"","_monsterinsights_sitenote_category":0,"footnotes":""},"class_list":["post-34541","page","type-page","status-publish","hentry"],"acf":[],"aioseo_notices":[],"_links":{"self":[{"href":"https:\/\/unisinucartagena.edu.co\/en\/wp-json\/wp\/v2\/pages\/34541","targetHints":{"allow":["GET"]}}],"collection":[{"href":"https:\/\/unisinucartagena.edu.co\/en\/wp-json\/wp\/v2\/pages"}],"about":[{"href":"https:\/\/unisinucartagena.edu.co\/en\/wp-json\/wp\/v2\/types\/page"}],"author":[{"embeddable":true,"href":"https:\/\/unisinucartagena.edu.co\/en\/wp-json\/wp\/v2\/users\/1"}],"replies":[{"embeddable":true,"href":"https:\/\/unisinucartagena.edu.co\/en\/wp-json\/wp\/v2\/comments?post=34541"}],"version-history":[{"count":166,"href":"https:\/\/unisinucartagena.edu.co\/en\/wp-json\/wp\/v2\/pages\/34541\/revisions"}],"predecessor-version":[{"id":66357,"href":"https:\/\/unisinucartagena.edu.co\/en\/wp-json\/wp\/v2\/pages\/34541\/revisions\/66357"}],"wp:attachment":[{"href":"https:\/\/unisinucartagena.edu.co\/en\/wp-json\/wp\/v2\/media?parent=34541"}],"curies":[{"name":"wp","href":"https:\/\/api.w.org\/{rel}","templated":true}]}}