{"id":34450,"date":"2019-02-07T18:01:15","date_gmt":"2019-02-07T23:01:15","guid":{"rendered":"https:\/\/www.unisinucartagena.edu.co\/?page_id=34450"},"modified":"2026-03-09T17:06:06","modified_gmt":"2026-03-09T22:06:06","slug":"especialista-en-oftalmologia-snies21446","status":"publish","type":"page","link":"https:\/\/unisinucartagena.edu.co\/en\/especialista-en-oftalmologia-snies21446\/","title":{"rendered":"ESPECIALIZACI\u00d3N EN OFTALMOLOG\u00cdA &#8211; SNIES: 21446"},"content":{"rendered":"<div id=\"pl-34450\"  class=\"panel-layout\" ><div id=\"pg-34450-0\"  class=\"panel-grid panel-no-style\" ><div id=\"pgc-34450-0-0\"  class=\"panel-grid-cell\" ><div id=\"panel-34450-0-0-0\" class=\"so-panel widget widget_text panel-first-child\" data-index=\"0\" >\t\t\t<div class=\"textwidget\"><p>MEN Qualified Regime: Resolution 12335 of June 23, 2017, Expiration date of the Qualified Registry: June 23, 2024<\/p>\n<\/div>\n\t\t<\/div><div id=\"panel-34450-0-0-1\" class=\"so-panel widget widget_text panel-last-child\" data-index=\"1\" >\t\t\t<div class=\"textwidget\"><p>The Specialization in Ophthalmology at the University of Sin\u00fa, El\u00edas Bechara Zain\u00fam \u2013 Cartagena Section, is a contribution to the solution of coverage and quality problems in postgraduate education in the department of Bol\u00edvar and the country. The opening of the Specialization makes it easier for general practitioners, including graduates of the undergraduate Medicine program at the University of Sin\u00fa El\u00edas Bechara Zain\u00fam, to acquire diagnostic techniques, surgical skills and learn about rehabilitation alternatives to treat pathologies typical of the Ophthalmology. Thus, our University seeks to contribute to the improvement of the eye health situation in the region.<\/p>\n<\/div>\n\t\t<\/div><\/div><\/div><div id=\"pg-34450-1\"  class=\"panel-grid panel-no-style\" ><div id=\"pgc-34450-1-0\"  class=\"panel-grid-cell\" ><div id=\"panel-34450-1-0-0\" class=\"so-panel widget widget_button panel-first-child panel-last-child\" data-index=\"2\" ><div class=\"thim-widget-button thim-widget-button-base template-base\"><a class=\"widget-button  no-border large custom_style\" href=\"http:\/\/goo.gl\/forms\/cRio8wtMEi\" target=\"_blank\" style=\"font-size: 14px;font-weight: normal;background-color: #dd3333;\" data-hover=\"font-size: 14px;font-weight: normal;\"><i class=\"envelope-o\" style=\"font-size: 14px;\"><\/i> I want to know more<\/a><\/div><\/div><\/div><div id=\"pgc-34450-1-1\"  class=\"panel-grid-cell\" ><div id=\"panel-34450-1-1-0\" class=\"so-panel widget widget_button panel-first-child panel-last-child\" data-index=\"3\" ><div class=\"thim-widget-button thim-widget-button-base template-base\"><a class=\"widget-button  no-border large custom_style\" href=\"https:\/\/drive.google.com\/file\/d\/18Cy0eRGUWUHD_hKe1d7fQrwM_XtXR64W\/view?usp=sharing\" target=\"_blank\" style=\"font-size: 14px;font-weight: normal;background-color: #dd3333;\" data-hover=\"font-size: 14px;font-weight: normal;\"><i class=\"file-text-o\" style=\"font-size: 14px;\"><\/i> Download Brochure<\/a><\/div><\/div><\/div><div id=\"pgc-34450-1-2\"  class=\"panel-grid-cell panel-grid-cell-empty panel-grid-cell-mobile-last\" ><\/div><div id=\"pgc-34450-1-3\"  class=\"panel-grid-cell panel-grid-cell-empty\" ><\/div><\/div><div id=\"pg-34450-2\"  class=\"panel-grid panel-no-style\" ><div id=\"pgc-34450-2-0\"  class=\"panel-grid-cell\" ><div id=\"panel-34450-2-0-0\" class=\"widget_text so-panel widget widget_custom_html panel-first-child\" data-index=\"4\" ><div class=\"textwidget custom-html-widget\"><table>\n<thead>\n<tr>\n<th>TITLE TO ISSUE<\/th>\n<th>SPECIALIST IN OPHTHALMOLOGY<\/th>\n<\/tr>\n<\/thead>\n<tbody>\n<tr>\n<td>DURATION<\/td>\n<td>3 years<\/td>\n<\/tr>\n<tr>\n<td>ADMISSION PERIOD<\/td>\n<td>ANNUAL<\/td>\n<\/tr>\n<tr>\n<td>REG. MEN QUALIFIED:<\/td>\n<td>Resoluci\u00f3n No. 025214 de 26 de Diciembre de 2025. Fecha de vencimiento del Registro Calificado:\u00a023\u00a0de Junio\u00a0de 2032<\/td>\n<\/tr>\n<tr>\n<td>SNIES<\/td>\n<td>21446<\/td>\n<\/tr>\n\t\t<tr>\n<td>N\u00b0 DE CR\u00c9DITOS<\/td>\n<td>182<\/td>\n<\/tr>\n<tr>\n<td><strong>TOTAL REGISTRATION VALUE<\/strong><\/td>\n<td>$163.443.000 + 1% Valor Estampilla Distrital Procultura<\/td>\n<\/tr>\n<\/tbody>\n<\/table><\/div><\/div><div id=\"panel-34450-2-0-1\" class=\"so-panel widget widget_tab\" data-index=\"5\" ><div class=\"thim-widget-tab thim-widget-tab-base template-base\"><ul class=\"nav nav-tabs\" role=\"tablist\"><li role=\"presentation\" class='active tab-col-5'><a href=\"#thim-widget-tab-11777781672-1-43\"  role=\"tab\" data-toggle=\"tab\">Proceso de Inscripci\u00f3n<\/a><\/li><li role=\"presentation\" class='tab-col-5'><a href=\"#thim-widget-tab-21777781672-1-43\"  role=\"tab\" data-toggle=\"tab\">Registration requirements<\/a><\/li><li role=\"presentation\" class='tab-col-5'><a href=\"#thim-widget-tab-31777781672-1-43\"  role=\"tab\" data-toggle=\"tab\">Requisitos para Seleccionados<\/a><\/li><li role=\"presentation\" class='tab-col-5'><a href=\"#thim-widget-tab-41777781672-1-43\"  role=\"tab\" data-toggle=\"tab\">Proceso de Matr\u00edcula<\/a><\/li><li role=\"presentation\" class='tab-col-5'><a href=\"#thim-widget-tab-51777781672-1-43\"  role=\"tab\" data-toggle=\"tab\">Selection parameters<\/a><\/li><\/ul><div class=\"tab-content\"> <div role=\"tabpanel\" class=\"tab-pane active\" id=\"thim-widget-tab-11777781672-1-43\"><h3>Para realizar la inscripci\u00f3n, ingrese a la plataforma Elysa a trav\u00e9s del enlace de la p\u00e1gina web<\/h3>\n<h3><a href=\"http:\/\/elysa.unisinu.edu.co\/psc\/csadm\/EMPLOYEE\/HRMS\/c\/UA_FRM_ADMISION_MNU.UA_ADMISION_LOGIN.GBL?&amp;userid=US_FRMLRADMSN_NV&amp;pwd=Vp@+3mq0o&amp;languageCd=ESP&amp;\">INSCRIPCIONES POSGRADOS O CLIC AQU\u00cd<\/a><\/h3>\n\n<ul>\n  <li>El aspirante al momento de inscribirse debe verificar que cuenta con toda la documentaci\u00f3n solicitada para realizar la inscripci\u00f3n, que el examen de admisi\u00f3n se realiza en una sola franja de tiempo, se recomienda inscribirse en un (1) solo programa acad\u00e9mico de especialidad, a fin que en el tiempo dispuesto por la Universidad deba presentarse el examen de admisi\u00f3n para todos los programas inscritos., En caso de inscribirse a m\u00e1s de un programa no habr\u00e1 derecho a devoluci\u00f3n de dinero por este concepto.<\/li>\n  <li>Diligencie el formulario de inscripci\u00f3n.<\/li>\n  <li>Imprima el volante de inscripci\u00f3n y cancele el valor correspondiente en el banco indicado o a trav\u00e9s de la plataforma, antes de la fecha de vencimiento.<\/li>\n  <li>Verifique que los documentos aportados sean los solicitados en los requisitos de inscripci\u00f3n.<\/li>\n  <li>Suba a la plataforma los documentos solicitados, ingresando al formulario de Inscripci\u00f3n paso No.5.Si presenta dificultas escriba al correo: <strong>mercadeoposgrado@unisinucartagena.edu.co.<\/strong><\/li>\n  <li>Si sus documentos cumplen con los requisitos de inscripci\u00f3n, recibir\u00e1 notificaci\u00f3n de <strong>APROBADO<\/strong>; en caso contrario, recibir\u00e1 notificaci\u00f3n de <strong>RECHAZADO<\/strong> y podr\u00e1, dentro de las fechas establecidas para la inscripci\u00f3n, subsanar lo requerido.<\/li>\n\n<\/ul>\n\n<p><strong>Important:<\/strong> Para asegurar una <strong>inscripci\u00f3n exitosa<\/strong>, debe verificar que la documentaci\u00f3n est\u00e9 completa antes de cerrar el proceso. Una vez que el periodo de inscripciones finaliza, no podr\u00e1 subir documentos adicionales a la plataforma. Es fundamental cargar todos los documentos requeridos antes de la fecha de cierre, ya que la plataforma no permitir\u00e1 agregar ni modificar documentos despu\u00e9s de ese momento.<\/p><\/div> <div role=\"tabpanel\" class=\"tab-pane\" id=\"thim-widget-tab-21777781672-1-43\"><h3>REGISTRATION REQUIREMENTS<\/h3>\n\n<ul><strong>Importante: Todos los documentos deben ser cargados al sistema de informaci\u00f3n a trav\u00e9s del formulario de Inscripci\u00f3n PASO 5, por el interesado en formato PDF<\/strong><\/ul>\n\n<ul>\n\t\n \t<li>Formulario de inscripci\u00f3n debidamente diligenciado, firmado y con las fotos pegadas en el recuadro correspondiente.<\/li>\n \t<li>Proof of payment for registration fee.<\/li>\n \t<li>Fotocopia del Acta de Grado y del Diploma.<\/li>\n        <li>Resoluci\u00f3n de haber cumplido con el servicio social obligatorio o certificado de exoneraci\u00f3n.<\/li>\n \t<li>Resultado Pruebas Saber Pro (ECAES).*<\/li>\n \t<li>Fotocopia de la c\u00e9dula ampliada 150%.*<\/li>\n \t<li>3 fotos 3x4, en blanco y negro (pegadas en los recuadros del formulario de inscripci\u00f3n.)<\/li>\n<\/ul>\n<strong>*<\/strong>\u00a0No aplica para extranjeros.<br>\n\n<h3>ADDITIONAL DOCUMENTS FOREIGN APPLICANTS<\/h3>\n<ul>\n\n \t<li>Photocopy of the passport.<\/li>\n \t<li>Undergraduate degree or its equivalent that accredits you as a professional must be validated by the Ministry of National Education of Colombia. All documents that are not in Spanish must be translated.<\/li>\n \t<li>Los certificados y el diploma deben contar con el sello de apostilla Ministerio de Exterior o Entidad encargada de este tr\u00e1mite en el pa\u00eds de origen.<\/li>\n<\/ul><\/div> <div role=\"tabpanel\" class=\"tab-pane\" id=\"thim-widget-tab-31777781672-1-43\"><h3>REQUISITOS PARA SELECCIONADOS A ENTREVISTA<\/h3>\n<ul>\n\n \t<li>Hoja de Vida (con anexos verificables).<\/li>\n \t<li>Originales de calificaciones de estudios de Pregrado, incluyendo notas del a\u00f1o de internado.<\/li>\n \t<li>Certificado de Promedio cr\u00e9dito Acumulado de toda la carrera (Incluido Internado).<\/li>\n \t\n<\/ul>\n<strong>IMPORTANTE: Incluir certificaci\u00f3n en un segundo idioma de acuerdo con el Marco Com\u00fan\nEuropeo.<\/strong>\n<br>\n<strong>Los anteriores documentos deben ser enviados al correo: posgradosinscripcionesunisinu@unisinucartagena.edu.co<\/strong><\/div> <div role=\"tabpanel\" class=\"tab-pane\" id=\"thim-widget-tab-41777781672-1-43\"><h3>ENTREGA DE DOCUMENTACI\u00d3N REQUERIDA PARA LA MATR\u00cdCULA<\/h3>\n<h3>En la Oficina de Admisiones, Sede Campus Santillana Av. El Bosque, Trasnv. 54 N\u00ba 30-453<\/h3>\n<ul>\n \t<li>Fotocopia del Recibo de Matr\u00edcula cancelado.<\/li>\n        <li>Certificado de Vacunaci\u00f3n (Hepatitis B, T\u00e9tano y Meningococo).<\/li>\n        <li> Afiliaci\u00f3n vigente al SGSSS.<\/li>\n \t\n<\/ul>\n\n<h3>REQUIRED ADDITIONAL DOCUMENTATION REGISTRATION FOR FOREIGNERS<\/h3>\n\n\n\n\n\n<ul>\n\n \t<li>Fotocopia c\u00e9dula de extranjer\u00eda vigente.<\/li>\n \t<li>Fotocopia de la visa de estudiante vigente.<\/li>\n \t<li>Fotocopia del Recibo de Matr\u00edcula cancelado.<\/li>\n        <li>Certificado de Vacunaci\u00f3n (Hepatitis B, T\u00e9tano y Meningococo).<\/li>\n        <li> Afiliaci\u00f3n vigente al SGSSS.<\/li>\n \t\n<\/ul>\n\n\n<strong>\u00a1Nota Importante! Los documentos exigidos para la Inscripci\u00f3n deben ser presentados a la Oficina de Admisiones, ubicada en la Sede Campus Santillana Av. El Bosque, Trasnv. 54 N\u00ba 30-453\n<\/strong><\/div> <div role=\"tabpanel\" class=\"tab-pane\" id=\"thim-widget-tab-51777781672-1-43\"><h3>SELECTION PARAMETERS<\/h3>\n<br>\n\n<ul>\n  <li><strong>Examen de Admisi\u00f3n:<\/strong> 60%<\/li>\n  <li><strong>Interview:<\/strong> 10%<\/li>\n  <ul>\n    <li>Concepto Mesa de Entrevistadores: 5%<\/li>\n    <li>Pruebas de Lecto-escritura y Pruebas Psicot\u00e9cnicas: 5%<\/li>\n  <\/ul>\n  <li><strong>Comit\u00e9 de Admisiones:<\/strong> 30%<\/li>\n<\/ul>\n\n<p>El Comit\u00e9 de Admisiones recibir\u00e1 los resultados y los analizar\u00e1 junto con la hoja de vida, llegando a un consenso para definir los admitidos.<\/p><\/div><\/div><\/div><\/div><div id=\"panel-34450-2-0-2\" class=\"so-panel widget widget_text\" data-index=\"6\" ><h3 class=\"widget-title\">Study plan<\/h3>\t\t\t<div class=\"textwidget\"><\/div>\n\t\t<\/div><div id=\"panel-34450-2-0-3\" class=\"so-panel widget widget_tab panel-last-child\" data-index=\"7\" ><div class=\"thim-widget-tab thim-widget-tab-base template-base\"><ul class=\"nav nav-tabs\" role=\"tablist\"><li role=\"presentation\" class='active tab-col-3'><a href=\"#thim-widget-tab-11777781672-1-50\"  role=\"tab\" data-toggle=\"tab\">1st year<\/a><\/li><li role=\"presentation\" class='tab-col-3'><a href=\"#thim-widget-tab-21777781672-1-50\"  role=\"tab\" data-toggle=\"tab\">2nd year<\/a><\/li><li role=\"presentation\" class='tab-col-3'><a href=\"#thim-widget-tab-31777781672-1-50\"  role=\"tab\" data-toggle=\"tab\">3rd year<\/a><\/li><\/ul><div class=\"tab-content\"> <div role=\"tabpanel\" class=\"tab-pane active\" id=\"thim-widget-tab-11777781672-1-50\"><table border=\"1\">\n<thead>\n<tr>\n<th colspan=\"4\" style=\"background-color: #cccccc\">subjects<\/th>\n<\/tr>\n<\/thead>\n<tbody>\n<tr>\n<td><strong>Biologia molecular<\/strong><\/td>\n<td><strong>Farmacologia<\/strong><\/td>\n<td><strong>Inmunologia<\/strong><\/td>\n<td><strong>Microbiologia<\/strong><\/td>\n<\/tr>\n<tr>\n<td><strong>Bioetica<\/strong><\/td>\n<td><strong>Elias Bechara Zainum Chair<\/strong><\/td>\n<td><strong>Educacion medico legales en salud<\/strong><\/td>\n<td><strong>Demologia<\/strong><\/td>\n<\/tr>\n<tr>\n<td><strong>Health Service Management<\/strong><\/td>\n<td><strong>Principios de salud publica<\/strong><\/td>\n<td><strong>Embriologia ocular<\/strong><\/td>\n<td><strong>Anatomia ocular<\/strong><\/td>\n<\/tr>\n<tr>\n<td><strong>Fisiologia ocular<\/strong><\/td>\n<td><strong>Patologia ocular<\/strong><\/td>\n<td><strong>eye anatomy<\/strong><\/td>\n<td><strong>Eye Physiology<\/strong><\/td>\n<\/tr>\n<tr>\n<td><strong>General Ophthalmology I<\/strong><\/td>\n<td><strong>Eye Pathology <\/strong><\/td>\n<td><strong>Oftalmologia general<\/strong><\/td>\n<td><strong>Fundamentos en cirugia ocular<\/strong><\/td>\n<\/tr>\n<tr>\n<td><strong>Atencion primaria en oftalmologia y refraccion<\/strong><\/td>\n<td><strong>Metodologia de la investigacion <\/strong><\/td>\n<td><strong>Proyecto de investigacion I<\/strong><\/td>\n<td><strong>Biostatistics<\/strong><\/td>\n<\/tr>\n<\/tbody>\n<\/table><\/div> <div role=\"tabpanel\" class=\"tab-pane\" id=\"thim-widget-tab-21777781672-1-50\"><table border=\"1\">\n<thead>\n<tr>\n<th colspan=\"4\" style=\"background-color: #cccccc\">subjects<\/th>\n<\/tr>\n<\/thead>\n<tbody>\n<tr>\n<td><strong>Cornea y enfermedades externa<\/strong><\/td>\n<td><strong>Glaucoma<\/strong><\/td>\n<td><strong>Im\u00e1genes Diagn\u00f3sticas <\/strong><\/td>\n<td><strong>General Ophthalmology II<\/strong><\/td>\n<\/tr>\n<tr>\n<td><strong>Oftalmologia pediatrica<\/strong><\/td>\n<td><strong>Simulacion en cirugia ocular<\/strong><\/td>\n<td><strong>Proyecto de investigacion II<\/strong><\/td>\n<td><strong> <\/strong><\/td>\n<\/tr>\n<\/tbody>\n<\/table><\/div> <div role=\"tabpanel\" class=\"tab-pane\" id=\"thim-widget-tab-31777781672-1-50\"><table border=\"1\">\n<thead>\n<tr>\n<th colspan=\"4\" style=\"background-color: #cccccc\">subjects<\/th>\n<\/tr>\n<\/thead>\n<tbody>\n<tr>\n<td><strong>Crystalline<\/strong><\/td>\n<td><strong>elective<\/strong><\/td>\n<td><strong>Neuro oftalmologia<\/strong><\/td>\n<td><strong>Oculoplastia<\/strong><\/td>\n<\/tr>\n<tr>\n<td><strong>Patologia y cirugia del cristalino<\/strong><\/td>\n<td><strong>Proyecto de investigacion III<\/strong><\/td>\n<td><strong>Retina y vitreo<\/strong><\/td>\n<td><strong>emergencies<\/strong><\/td>\n<\/tr>\n<tr>\n<td><strong>Simulacion en cirugia ocular<\/strong><\/td>\n<\/tr>\n<\/tbody>\n<\/table><\/div><\/div><\/div><\/div><\/div><\/div><div id=\"pg-34450-3\"  class=\"panel-grid panel-no-style\" ><div id=\"pgc-34450-3-0\"  class=\"panel-grid-cell\" ><div id=\"panel-34450-3-0-0\" class=\"widget_text so-panel widget widget_custom_html panel-first-child panel-last-child\" data-index=\"8\" ><div class=\"textwidget custom-html-widget\"><center><h3>\n\t<a href=\"https:\/\/unisinucartagena.edu.co\/wp-content\/uploads\/2026\/03\/BROCHURE-OFTALMOLOGIA.pdf\" target=\"_blank\">Download Information Booklet<\/a>\n<\/h3><\/center>\n<div class=\"_3d-flip-book  fb3d-fullscreen-mode full-size\" data-id=\"34456\" data-mode=\"fullscreen\" data-title=\"false\" data-template=\"short-white-book-view\" data-lightbox=\"dark-shadow\" data-urlparam=\"fb3d-page\" data-page-n=\"0\" data-pdf=\"\" data-tax=\"null\" data-thumbnail=\"\" data-cols=\"3\" data-book-template=\"default\" data-trigger=\"\"><\/div><script type=\"text\/javascript\">window.FB3D_CLIENT_DATA = window.FB3D_CLIENT_DATA || [];FB3D_CLIENT_DATA.push('eyJwb3N0cyI6eyIzNDQ1NiI6eyJJRCI6MzQ0NTYsInRpdGxlIjoiQnJvc2h1cmUgRXNwZWNpYWxpc3RhIGVuIE9mdGFsbW9sb2dcdTAwZWRhIiwidHlwZSI6InBkZiIsInJlYWR5X2Z1bmN0aW9uIjoiIiwiYm9va19zdHlsZSI6InZvbHVtZSIsImJvb2tfdGVtcGxhdGUiOiJub25lIiwib3V0bGluZSI6W10sImRhdGEiOnsicG9zdF9JRCI6Ii0xIiwiZ3VpZCI6Imh0dHBzOlwvXC91bmlzaW51Y2FydGFnZW5hLmVkdS5jb1wvd3AtY29udGVudFwvdXBsb2Fkc1wvMjAyNlwvMDNcL0JST0NIVVJFLU9GVEFMTU9MT0dJQS5wZGYiLCJwZGZfcGFnZXMiOiI1IiwicGFnZXNfY3VzdG9taXphdGlvbiI6Im5vbmUifSwidGh1bWJuYWlsIjp7ImRhdGEiOnsicG9zdF9JRCI6IjAifSwidHlwZSI6ImF1dG8ifSwicHJvcHMiOnsiYmFja2dyb3VuZENvbG9yIjoiYXV0byIsImJhY2tncm91bmRJbWFnZSI6ImF1dG8iLCJiYWNrZ3JvdW5kU3R5bGUiOiJhdXRvIiwiaGlnaGxpZ2h0TGlua3MiOiJhdXRvIiwibGlnaHRpbmciOiJhdXRvIiwic2luZ2xlUGFnZU1vZGUiOiJhdXRvIiwiY2FjaGVkUGFnZXMiOiJhdXRvIiwicmVuZGVySW5hY3RpdmVQYWdlcyI6ImF1dG8iLCJyZW5kZXJJbmFjdGl2ZVBhZ2VzT25Nb2JpbGUiOiJhdXRvIiwicmVuZGVyV2hpbGVGbGlwcGluZyI6ImF1dG8iLCJwcmVsb2FkUGFnZXMiOiJhdXRvIiwiYXV0b1BsYXlEdXJhdGlvbiI6ImF1dG8iLCJydGwiOiJhdXRvIiwiaW50ZXJhY3RpdmVDb3JuZXJzIjoiYXV0byIsIm1heERlcHRoIjoiYXV0byIsInNoZWV0Ijp7InN0YXJ0VmVsb2NpdHkiOiJhdXRvIiwid2F2ZSI6ImF1dG8iLCJzaGFwZSI6ImF1dG8iLCJ3aWR0aFRleGVscyI6ImF1dG8iLCJjb2xvciI6ImF1dG8iLCJzaWRlIjoiYXV0byIsInN0cmV0Y2hJbWFnZXMiOiJhdXRvIiwiY29ybmVyRGV2aWF0aW9uIjoiYXV0byIsImZsZXhpYmlsaXR5IjoiYXV0byIsImZsZXhpYmxlQ29ybmVyIjoiYXV0byIsImJlbmRpbmciOiJhdXRvIiwiaGVpZ2h0VGV4ZWxzIjoiYXV0byJ9LCJjb3ZlciI6eyJ3YXZlIjoiYXV0byIsImNvbG9yIjoiYXV0byIsInNpZGUiOiJhdXRvIiwic3RyZXRjaEltYWdlcyI6ImF1dG8iLCJiaW5kZXJUZXh0dXJlIjoiYXV0byIsImRlcHRoIjoiYXV0byIsInBhZGRpbmciOiJhdXRvIiwic3RhcnRWZWxvY2l0eSI6ImF1dG8iLCJmbGV4aWJpbGl0eSI6ImF1dG8iLCJmbGV4aWJsZUNvcm5lciI6ImF1dG8iLCJiZW5kaW5nIjoiYXV0byIsIndpZHRoVGV4ZWxzIjoiYXV0byIsImhlaWdodFRleGVscyI6ImF1dG8iLCJtYXNzIjoiYXV0byIsInNoYXBlIjoiYXV0byJ9LCJwYWdlIjp7IndhdmUiOiJhdXRvIiwiY29sb3IiOiJhdXRvIiwic2lkZSI6ImF1dG8iLCJzdHJldGNoSW1hZ2VzIjoiYXV0byIsImRlcHRoIjoiYXV0byIsInN0YXJ0VmVsb2NpdHkiOiJhdXRvIiwiZmxleGliaWxpdHkiOiJhdXRvIiwiZmxleGlibGVDb3JuZXIiOiJhdXRvIiwiYmVuZGluZyI6ImF1dG8iLCJ3aWR0aFRleGVscyI6ImF1dG8iLCJoZWlnaHRUZXhlbHMiOiJhdXRvIiwibWFzcyI6ImF1dG8iLCJzaGFwZSI6ImF1dG8ifSwiaGVpZ2h0IjoiYXV0byIsIndpZHRoIjoiYXV0byIsImdyYXZpdHkiOiJhdXRvIiwicGFnZXNGb3JQcmVkaWN0aW5nIjoiYXV0byJ9LCJjb250cm9sUHJvcHMiOnsiYWN0aW9ucyI6eyJjbWRUb2MiOnsiZW5hYmxlZCI6ImF1dG8iLCJlbmFibGVkSW5OYXJyb3ciOiJhdXRvIiwiYWN0aXZlIjoiYXV0byIsImRlZmF1bHRUYWIiOiJhdXRvIn0sImNtZEF1dG9QbGF5Ijp7ImVuYWJsZWQiOiJhdXRvIiwiZW5hYmxlZEluTmFycm93IjoiYXV0byIsImFjdGl2ZSI6ImF1dG8ifSwiY21kU2F2ZSI6eyJlbmFibGVkIjoiYXV0byIsImVuYWJsZWRJbk5hcnJvdyI6ImF1dG8ifSwiY21kUHJpbnQiOnsiZW5hYmxlZCI6ImF1dG8iLCJlbmFibGVkSW5OYXJyb3ciOiJhdXRvIn0sImNtZFNpbmdsZVBhZ2UiOnsiZW5hYmxlZCI6ImF1dG8iLCJlbmFibGVkSW5OYXJyb3ciOiJhdXRvIiwiYWN0aXZlIjoiYXV0byIsImFjdGl2ZUZvck1vYmlsZSI6ImF1dG8ifSwid2lkVG9vbGJhciI6eyJlbmFibGVkIjoiYXV0byIsImVuYWJsZWRJbk5hcnJvdyI6ImF1dG8ifX19LCJhdXRvVGh1bWJuYWlsIjoiaHR0cHM6XC9cL3VuaXNpbnVjYXJ0YWdlbmEuZWR1LmNvXC93cC1jb250ZW50XC91cGxvYWRzXC8zZC1mbGlwLWJvb2tcL2F1dG8tdGh1bWJuYWlsc1wvMzQ0NTYucG5nIiwicG9zdF9uYW1lIjoiYnJvc2h1cmUtZXNwZWNpYWxpc3RhLWVuLW9mdGFsbW9sb2dpYSIsInBvc3RfdHlwZSI6IjNkLWZsaXAtYm9vayJ9fSwicGFnZXMiOltdLCJmaXJzdFBhZ2VzIjpbXX0=');window.FB3D_CLIENT_LOCALE && FB3D_CLIENT_LOCALE.render && FB3D_CLIENT_LOCALE.render();<\/script><\/div><\/div><\/div><\/div><\/div>","protected":false},"excerpt":{"rendered":"<p>MEN Qualified Regime: Resolution 12335 of June 23, 2017, Expiration date of the Qualified Registry: June 23, 2024 The Specialization in Ophthalmology of the Universidad del Sin\u00fa, El\u00edas Bechara Zain\u00fam \u2013 Cartagena Section, is a contribution to the solution of the \u2026 <\/p>","protected":false},"author":1,"featured_media":0,"parent":0,"menu_order":0,"comment_status":"closed","ping_status":"open","template":"","meta":{"_acf_changed":false,"_bbp_topic_count":0,"_bbp_reply_count":0,"_bbp_total_topic_count":0,"_bbp_total_reply_count":0,"_bbp_voice_count":0,"_bbp_anonymous_reply_count":0,"_bbp_topic_count_hidden":0,"_bbp_reply_count_hidden":0,"_bbp_forum_subforum_count":0,"_monsterinsights_skip_tracking":false,"_monsterinsights_sitenote_active":false,"_monsterinsights_sitenote_note":"","_monsterinsights_sitenote_category":0,"footnotes":""},"class_list":["post-34450","page","type-page","status-publish","hentry"],"acf":[],"aioseo_notices":[],"_links":{"self":[{"href":"https:\/\/unisinucartagena.edu.co\/en\/wp-json\/wp\/v2\/pages\/34450","targetHints":{"allow":["GET"]}}],"collection":[{"href":"https:\/\/unisinucartagena.edu.co\/en\/wp-json\/wp\/v2\/pages"}],"about":[{"href":"https:\/\/unisinucartagena.edu.co\/en\/wp-json\/wp\/v2\/types\/page"}],"author":[{"embeddable":true,"href":"https:\/\/unisinucartagena.edu.co\/en\/wp-json\/wp\/v2\/users\/1"}],"replies":[{"embeddable":true,"href":"https:\/\/unisinucartagena.edu.co\/en\/wp-json\/wp\/v2\/comments?post=34450"}],"version-history":[{"count":163,"href":"https:\/\/unisinucartagena.edu.co\/en\/wp-json\/wp\/v2\/pages\/34450\/revisions"}],"predecessor-version":[{"id":67369,"href":"https:\/\/unisinucartagena.edu.co\/en\/wp-json\/wp\/v2\/pages\/34450\/revisions\/67369"}],"wp:attachment":[{"href":"https:\/\/unisinucartagena.edu.co\/en\/wp-json\/wp\/v2\/media?parent=34450"}],"curies":[{"name":"wp","href":"https:\/\/api.w.org\/{rel}","templated":true}]}}