{"id":21031,"date":"2019-01-25T11:14:28","date_gmt":"2019-01-25T16:14:28","guid":{"rendered":"https:\/\/www.unisinucartagena.edu.co\/?page_id=21031"},"modified":"2024-05-03T00:04:52","modified_gmt":"2024-05-03T05:04:52","slug":"especializacion-en-psicologia-clinica-del-nino-y-del-adolescente-snies-104660","status":"publish","type":"page","link":"https:\/\/unisinucartagena.edu.co\/en\/especializacion-en-psicologia-clinica-del-nino-y-del-adolescente-snies-104660\/","title":{"rendered":"SPECIALIZATION IN CLINICAL PSYCHOLOGY OF CHILDREN AND ADOLESCENTS-SNIES: 104660"},"content":{"rendered":"<div id=\"pl-21031\"  class=\"panel-layout\" ><div id=\"pg-21031-0\"  class=\"panel-grid panel-no-style\" ><div id=\"pgc-21031-0-0\"  class=\"panel-grid-cell\" ><div id=\"panel-21031-0-0-0\" class=\"so-panel widget widget_text panel-first-child panel-last-child\" data-index=\"0\" >\t\t\t<div class=\"textwidget\"><p>R\u00e9gimen Calificado MEN: Resoluci\u00f3n\u00a0 12979 de 12 de Julio de 2022, Fecha de vencimiento del Registro Calificado: 12 de Julio de 2029<\/p>\n<\/div>\n\t\t<\/div><\/div><\/div><div id=\"pg-21031-1\"  class=\"panel-grid panel-no-style\" ><div id=\"pgc-21031-1-0\"  class=\"panel-grid-cell\" ><div id=\"panel-21031-1-0-0\" class=\"so-panel widget widget_text panel-first-child panel-last-child\" data-index=\"1\" ><h3 class=\"widget-title\">Training Objective<\/h3>\t\t\t<div class=\"textwidget\"><p>Train competent psychologists in evaluation, diagnosis, intervention, prevention and investigation of clinical and mental health problems in children and adolescents and in the use of evidence-based models that have shown effectiveness.<\/p>\n<\/div>\n\t\t<\/div><\/div><\/div><div id=\"pg-21031-2\"  class=\"panel-grid panel-no-style\" ><div id=\"pgc-21031-2-0\"  class=\"panel-grid-cell\" ><div id=\"panel-21031-2-0-0\" class=\"so-panel widget widget_button panel-first-child panel-last-child\" data-index=\"2\" ><div class=\"thim-widget-button thim-widget-button-base template-base\"><a class=\"widget-button  no-border large custom_style\" href=\"https:\/\/docs.google.com\/forms\/d\/e\/1FAIpQLSd8eFxjKDhuctIRzmkF88vwuyz2Y7cKt-_mt04pJiWBl8GKlg\/viewform?c=0&amp;w=1\" target=\"_blank\" style=\"font-size: 16px;font-weight: normal;background-color: #dd3333;\" data-hover=\"font-size: 16px;font-weight: normal;\"><i class=\"pencil\" style=\"font-size: 14px;\"><\/i> I want to know more<\/a><\/div><\/div><\/div><div id=\"pgc-21031-2-1\"  class=\"panel-grid-cell\" ><div id=\"panel-21031-2-1-0\" class=\"so-panel widget widget_button panel-first-child panel-last-child\" data-index=\"3\" ><div class=\"thim-widget-button thim-widget-button-base template-base\"><a class=\"widget-button  no-border large custom_style\" href=\"https:\/\/bit.ly\/inscribete-aqui-unisinu\" target=\"_blank\" style=\"font-size: 16px;font-weight: normal;background-color: #dd3333;\" data-hover=\"font-size: 16px;font-weight: normal;\"><i class=\"pencil\" style=\"font-size: 14px;\"><\/i> sign up here<\/a><\/div><\/div><\/div><div id=\"pgc-21031-2-2\"  class=\"panel-grid-cell\" ><div id=\"panel-21031-2-2-0\" class=\"so-panel widget widget_button panel-first-child panel-last-child\" data-index=\"4\" ><div class=\"thim-widget-button thim-widget-button-base template-base\"><a class=\"widget-button  no-border large custom_style\" href=\"https:\/\/unisinucartagena.edu.co\/en\/calendario-de-admisiones\/#1611004448073-ca041768-7942\" target=\"_blank\" style=\"font-size: 16px;font-weight: normal;background-color: #dd3333;\" data-hover=\"font-size: 16px;font-weight: normal;\"><i class=\"pencil\" style=\"font-size: 14px;\"><\/i> Academic calendar<\/a><\/div><\/div><\/div><\/div><div id=\"pg-21031-3\"  class=\"panel-grid panel-no-style\" ><div id=\"pgc-21031-3-0\"  class=\"panel-grid-cell\" ><div id=\"panel-21031-3-0-0\" class=\"widget_text so-panel widget widget_custom_html panel-first-child\" data-index=\"5\" ><div class=\"textwidget custom-html-widget\"><table>\n<thead>\n<tr>\n<th>TITLE TO ISSUE<\/th>\n<th>SPECIALIST IN CLINICAL PSYCHOLOGY OF CHILDREN AND ADOLESCENTS<\/th>\n<\/tr>\n<\/thead>\n<tbody>\n<tr>\n<td>DURATION<\/td>\n<td>2 Semesters<\/td>\n<\/tr>\n<tr>\n<td>ADMISSION PERIOD<\/td>\n<td>Biannual<\/td>\n<\/tr>\n<tr>\n<td>ACADEMIC CREDIT<\/td>\n<td>27<\/td>\n<\/tr>\n<tr>\n<td>QUOTA PER SEMESTER<\/td>\n<td>30 students<\/td>\n<\/tr>\n\t<tr>\n<td>METHODOLOGY<\/td>\n<td>Face-to-face (concentrated on weekends)<\/td>\n<\/tr>\n\t<tr>\n<td>WORKING DAY<\/td>\n<td>Friday 5:00 a.m. to 9:00 p.m. and Saturday from 8:00 a.m. to 12:00 p.m. and 2:00 p.m. to 6:00 p.m.<\/td>\n<\/tr>\n\t<tr>\n<td>ADDRESSED TO<\/td>\n<td>psychologists<\/td>\n<\/tr>\n\t\n<tr>\n<td>REG. MEN QUALIFIED:<\/td>\n<td>Resoluci\u00f3n\u00a0 12979 de 12 de Julio de 2022, Fecha de vencimiento del Registro Calificado: 12 de Julio de 2029<\/td>\n<\/tr>\n<tr>\n<td>SNIES<\/td>\n<td>104660<\/td>\n<\/tr>\n<tr>\n<td><strong>TOTAL REGISTRATION VALUE<\/strong><\/td>\n<td>$16.596.000 + 1% Valor Estampilla Distrital Procultura<\/td>\n<\/tr>\n\t<tr>\n<td>FRECUENCIA DE CLASES Y HORARIOS<\/td>\n<td> Duraci\u00f3n de un a\u00f1o es decir II Semestres los encuentros son semanales los viernes (5-10pm) y s\u00e1bados (7-12m\/2-6pm)<\/td>\n<\/tr>\n<\/tbody>\n<\/table><\/div><\/div><div id=\"panel-21031-3-0-1\" class=\"so-panel widget widget_tab\" data-index=\"6\" ><div class=\"thim-widget-tab thim-widget-tab-base template-base\"><ul class=\"nav nav-tabs\" role=\"tablist\"><li role=\"presentation\" class='active tab-col-2'><a href=\"#thim-widget-tab-11777327589-1-48\"  role=\"tab\" data-toggle=\"tab\">Admission requirements<\/a><\/li><li role=\"presentation\" class='tab-col-2'><a href=\"#thim-widget-tab-21777327589-1-48\"  role=\"tab\" data-toggle=\"tab\">Profile<\/a><\/li><\/ul><div class=\"tab-content\"> <div role=\"tabpanel\" class=\"tab-pane active\" id=\"thim-widget-tab-11777327589-1-48\"><section id=\"content\" class=\"grid-block\">\n<div id=\"system\"><article class=\"item\">\n<div class=\"content clearfix\">\n\n<h3 style=\"text-align: justify\">REGISTRATION REQUIREMENTS<\/h3>\n<ol>\n       <p><strong> Once you complete the pre-registration, you must send your documents to the email: secadmisions@unisinucartagena.edu.co<\/strong><\/p>\n\n\t<li>Registration form duly filled out with the photos in the corresponding spaces and signed.<\/li>\n \t<li>Photocopy of the degree certificate and the professional degree diploma*<\/li>\n \t<li>Two photocopies of the card extended to 150%*<\/li>\n \t<li>3x4 size photo.<\/li><br>\n         * Does not apply to foreigners<br>\n\t<strong> ** The Minutes and Diploma can be delivered as a photocopy.<\/strong><br>\nYour email will receive the information that your registration was accepted because you met the requirements.\n<\/ol>\n<\/div>\n\n<\/article><\/div>\n<\/section>\n<h3 style=\"text-align: justify\">ADDITIONAL DOCUMENTS FOREIGN APPLICANTS<\/h3>\n<ul style=\"text-align: justify\">\n \t<li>Photocopy of passport<\/li>\n \t<li>Undergraduate degree or its equivalent that accredits you as a professional must be validated by the Ministry of National Education of Colombia. All documents that are not in Spanish must be translated.<\/li>\n \t<li>. The certificates and the diploma must have the apostille stamp of the Ministry of Foreign Affairs or Entity in charge of this procedure in the country of origin.<\/li>\n<\/ul>\n\n<h3 style=\"text-align: justify\">REQUIRED ADDITIONAL DOCUMENTATION REGISTRATION FOR FOREIGNERS<\/h3>\n<ul style=\"text-align: justify\">\n \t<li>Photocopy of valid foreign identity card<\/li>\n \t<li>Photocopy of the current student visa<\/li><br>\n<p><strong> Important note!<\/strong> The documents required for registration must be submitted to the Admissions Office located at the Plaza Col\u00f3n, Avenida El Bosque Transversal 54 No. 30-729. Once the Mandatory Preventive Isolation Period is lifted <\/p>\n<\/ul><\/div> <div role=\"tabpanel\" class=\"tab-pane\" id=\"thim-widget-tab-21777327589-1-48\"><h3>Professional profile<\/h3>\nThe Specialist in Child and Adolescent Clinical Psychology graduated from the University of Sin\u00fa, Cartagena Section, will be characterized as a professional capable of:\n<ul>\n \t<li>\u00a0Identify the different problems of childhood and adolescence in the different contexts in which this population develops.<\/li>\n \t<li>Evaluate and diagnose childhood clinical problems using the technical strategies and evaluation methods of Cognitive-Behavioral Psychology from a developmental psychopathology approach.<\/li>\n \t<li>\u00a0Formulate and carry out comprehensive and integrated analyzes of children&#039;s clinical problems, theoretically supporting said formulations.<\/li>\n \t<li>\u00a0Design and implement basic individual and group treatment plans for children and adolescents to achieve psychological recovery and rehabilitation using effectiveness models and evidence-based treatments.<\/li>\n<\/ul>\n<hr \/>\n<p style=\"text-align: justify\"><\/p>\n<h3>Occupational profile<\/h3>\nThe Child and Adolescent Clinical Psychologist will be able to perform in institutional clinical contexts belonging to the National Health System, may be part of the psychosocial teams in justice and peace processes, in the institutions responsible for the protection of children and adolescents. Likewise, it will be able to participate in the processes of individual and collective reparation of the victims of the armed conflict, it will be able to therapeutically assist children victimized and disassociated from the armed conflict. On the other hand, you will be able to lead planning teams, large-scale mental health services, in attention to simple and complex emergencies, you will be able to work as a teacher in the area of specialization and as a researcher to strengthen the generation of high-impact knowledge.\n\n<hr \/>\n<p style=\"text-align: justify\"><\/p><\/div><\/div><\/div><\/div><div id=\"panel-21031-3-0-2\" class=\"so-panel widget widget_text\" data-index=\"7\" ><h3 class=\"widget-title\">Study plan<\/h3>\t\t\t<div class=\"textwidget\"><\/div>\n\t\t<\/div><div id=\"panel-21031-3-0-3\" class=\"so-panel widget widget_tab\" data-index=\"8\" ><div class=\"thim-widget-tab thim-widget-tab-base template-base\"><ul class=\"nav nav-tabs\" role=\"tablist\"><li role=\"presentation\" class='active tab-col-2'><a href=\"#thim-widget-tab-11777327589-1-49\"  role=\"tab\" data-toggle=\"tab\">I Semester<\/a><\/li><li role=\"presentation\" class='tab-col-2'><a href=\"#thim-widget-tab-21777327589-1-49\"  role=\"tab\" data-toggle=\"tab\">II Semester<\/a><\/li><\/ul><div class=\"tab-content\"> <div role=\"tabpanel\" class=\"tab-pane active\" id=\"thim-widget-tab-11777327589-1-49\">\t\n<table class=\"tableizer-table\">\n<thead><tr class=\"tableizer-firstrow\"><th>MODULE<\/th><th>I SEMESTER<\/th><th>TOTAL CREDITS<\/th><th>TD<\/th><th>YOU<\/th><\/tr><\/thead><tbody>\n <tr><td>AREA 1. Foundation<\/td><td>Neuroscience and Neurodevelopment of Children and Adolescents<\/td><td>2<\/td><td>36<\/td><td>60<\/td><\/tr>\n <tr><td>AREA 1. Foundation<\/td><td>Fundamentals of Child Clinical Psychology of the Child the adolescent<\/td><td>2<\/td><td>36<\/td><td>60<\/td><\/tr>\n <tr><td>AREA 1. Foundation<\/td><td>Basic Processes of Psychological Development<\/td><td>1<\/td><td>12<\/td><td>36<\/td><\/tr>\n <tr><td>AREA 1. Foundation<\/td><td>Research Methodology: General methodology and case study.<\/td><td>1<\/td><td>24<\/td><td>24<\/td><\/tr>\n <tr><td>AREA 2. Clinical Training<\/td><td>Evaluation and Diagnosis<\/td><td>3<\/td><td>60<\/td><td>84<\/td><\/tr>\n <tr><td>AREA 2. Clinical Training<\/td><td>Bioethics of Clinical Intervention<\/td><td>1<\/td><td>12<\/td><td>36<\/td><\/tr>\n <tr><td>AREA 3. Deepening<\/td><td>Elective Produndization Seminar I<\/td><td>1<\/td><td>24<\/td><td>24<\/td><\/tr>\n <tr><td>AREA 3. Deepening<\/td><td>Supervised Practice and Case Study I<\/td><td>2<\/td><td>12<\/td><td>84<\/td><\/tr>\n <tr><td>AREA 3. Complementary<\/td><td>Elias Bechara Chair<\/td><td>1<\/td><td>12<\/td><td>36<\/td><\/tr>\n <tr><td>&nbsp;<\/td><td>TOTAL<\/td><td>14<\/td><td>288<\/td><td>444<\/td><\/tr>\n<\/tbody><\/table><\/div> <div role=\"tabpanel\" class=\"tab-pane\" id=\"thim-widget-tab-21777327589-1-49\"><table class=\"tableizer-table\">\n<thead><tr class=\"tableizer-firstrow\"><th>MODULE<\/th><th>II SEMESTER<\/th><th>TOTAL CREDITS<\/th><th>TD<\/th><th>YOU<\/th><\/tr><\/thead><tbody>\n <tr><td>AREA 1. Foundation<\/td><td>Research: Epidemiology<\/td><td>1<\/td><td>24<\/td><td>24<\/td><\/tr>\n <tr><td>AREA 2. Clinical Training<\/td><td>Cognitive Behavioral Intervention Techniques I<\/td><td>3<\/td><td>48<\/td><td>96<\/td><\/tr>\n <tr><td>AREA 2. Clinical Training<\/td><td>Cognitive Behavioral Intervention Techniques II<\/td><td>3<\/td><td>48<\/td><td>96<\/td><\/tr>\n <tr><td>AREA 2. Clinical Training<\/td><td>Clinical Intervention<\/td><td>3<\/td><td>60<\/td><td>84<\/td><\/tr>\n <tr><td>AREA 3. Deepening<\/td><td>Elective Deepening Seminar II<\/td><td>1<\/td><td>24<\/td><td>24<\/td><\/tr>\n <tr><td>AREA 3. Deepening<\/td><td>Supervised Practice and Case Study II<\/td><td>2<\/td><td>12<\/td><td>84<\/td><\/tr>\n <tr><td>&nbsp;<\/td><td>TOTAL<\/td><td>13<\/td><td>216<\/td><td>408<\/td><\/tr>\n<\/tbody><\/table><\/div><\/div><\/div><\/div><div id=\"panel-21031-3-0-4\" class=\"so-panel widget widget_text panel-last-child\" data-index=\"9\" >\t\t\t<div class=\"textwidget\"><\/div>\n\t\t<\/div><\/div><\/div><div id=\"pg-21031-4\"  class=\"panel-grid panel-no-style\" ><div id=\"pgc-21031-4-0\"  class=\"panel-grid-cell\" ><div id=\"panel-21031-4-0-0\" class=\"widget_text so-panel widget widget_custom_html panel-first-child panel-last-child\" data-index=\"10\" ><div class=\"textwidget custom-html-widget\"><center><h3>\n\t<a href=\"https:\/\/drive.google.com\/file\/d\/1pL6PqiKrqSD_nlw7dYjl_LWZDUdlukGd\/view?usp=share_link\" target=\"_blank\">Download Information Booklet<\/a>\n<\/h3>\n<\/center>\n<div class=\"_3d-flip-book  fb3d-fullscreen-mode full-size\" data-id=\"21497\" data-mode=\"fullscreen\" data-title=\"false\" data-template=\"short-white-book-view\" data-lightbox=\"dark-shadow\" data-urlparam=\"fb3d-page\" data-page-n=\"0\" data-pdf=\"\" data-tax=\"null\" data-thumbnail=\"\" data-cols=\"3\" data-book-template=\"default\" data-trigger=\"\"><\/div><script type=\"text\/javascript\">window.FB3D_CLIENT_DATA = window.FB3D_CLIENT_DATA || [];FB3D_CLIENT_DATA.push('eyJwb3N0cyI6eyIyMTQ5NyI6eyJJRCI6MjE0OTcsInRpdGxlIjoiQnJvc2h1cmUgRVNQRUNJQUxJWkFDSVx1MDBkM04gRU4gUFNJQ09MT0dcdTAwY2RBIENMXHUwMGNkTklDQSBERUwgTklcdTAwZDFPIFkgREVMIEFET0xFU0NFTlRFIiwidHlwZSI6InBkZiIsInJlYWR5X2Z1bmN0aW9uIjoiIiwiYm9va19zdHlsZSI6InZvbHVtZSIsImJvb2tfdGVtcGxhdGUiOiJub25lIiwib3V0bGluZSI6W10sImRhdGEiOnsicG9zdF9JRCI6IjU2NjAwIiwiZ3VpZCI6Imh0dHBzOlwvXC91bmlzaW51Y2FydGFnZW5hLmVkdS5jb1wvd3AtY29udGVudFwvdXBsb2Fkc1wvMjAxOVwvMDFcL1BTSUNPTE9HSUEtQ0xJTklDQS1ESUcucGRmIiwicGRmX3BhZ2VzIjoiNCIsInBhZ2VzX2N1c3RvbWl6YXRpb24iOiJub25lIn0sInRodW1ibmFpbCI6eyJkYXRhIjp7InBvc3RfSUQiOiIwIn0sInR5cGUiOiJhdXRvIn0sInByb3BzIjp7ImNhY2hlZFBhZ2VzIjoiYXV0byIsInJlbmRlckluYWN0aXZlUGFnZXMiOiJhdXRvIiwicmVuZGVySW5hY3RpdmVQYWdlc09uTW9iaWxlIjoiYXV0byIsInJlbmRlcldoaWxlRmxpcHBpbmciOiJhdXRvIiwicHJlbG9hZFBhZ2VzIjoiYXV0byIsInJ0bCI6ImF1dG8iLCJpbnRlcmFjdGl2ZUNvcm5lcnMiOiJhdXRvIiwic2hlZXQiOnsic3RhcnRWZWxvY2l0eSI6ImF1dG8iLCJ3YXZlIjoiYXV0byIsInNoYXBlIjoiYXV0byIsIndpZHRoVGV4ZWxzIjoiYXV0byIsImNvbG9yIjoiYXV0byIsInNpZGUiOiJhdXRvIiwiY29ybmVyRGV2aWF0aW9uIjoiYXV0byIsImZsZXhpYmlsaXR5IjoiYXV0byIsImZsZXhpYmxlQ29ybmVyIjoiYXV0byIsImJlbmRpbmciOiJhdXRvIiwiaGVpZ2h0VGV4ZWxzIjoiYXV0byJ9LCJjb3ZlciI6eyJ3YXZlIjoiYXV0byIsImNvbG9yIjoiYXV0byIsImJpbmRlclRleHR1cmUiOiJhdXRvIiwiZGVwdGgiOiJhdXRvIiwicGFkZGluZyI6ImF1dG8iLCJzdGFydFZlbG9jaXR5IjoiYXV0byIsImZsZXhpYmlsaXR5IjoiYXV0byIsImZsZXhpYmxlQ29ybmVyIjoiYXV0byIsImJlbmRpbmciOiJhdXRvIiwid2lkdGhUZXhlbHMiOiJhdXRvIiwiaGVpZ2h0VGV4ZWxzIjoiYXV0byIsIm1hc3MiOiJhdXRvIiwic2lkZSI6ImF1dG8iLCJzaGFwZSI6ImF1dG8ifSwicGFnZSI6eyJ3YXZlIjoiYXV0byIsImNvbG9yIjoiYXV0byIsImRlcHRoIjoiYXV0byIsInN0YXJ0VmVsb2NpdHkiOiJhdXRvIiwiZmxleGliaWxpdHkiOiJhdXRvIiwiZmxleGlibGVDb3JuZXIiOiJhdXRvIiwiYmVuZGluZyI6ImF1dG8iLCJ3aWR0aFRleGVscyI6ImF1dG8iLCJoZWlnaHRUZXhlbHMiOiJhdXRvIiwibWFzcyI6ImF1dG8iLCJzaWRlIjoiYXV0byIsInNoYXBlIjoiYXV0byJ9LCJoZWlnaHQiOiJhdXRvIiwid2lkdGgiOiJhdXRvIiwiZ3Jhdml0eSI6ImF1dG8iLCJwYWdlc0ZvclByZWRpY3RpbmciOiJhdXRvIn0sImNvbnRyb2xQcm9wcyI6eyJhY3Rpb25zIjp7ImNtZFNhdmUiOnsiZW5hYmxlZCI6ImF1dG8iLCJlbmFibGVkSW5OYXJyb3ciOiJhdXRvIn0sImNtZFByaW50Ijp7ImVuYWJsZWQiOiJhdXRvIiwiZW5hYmxlZEluTmFycm93IjoiYXV0byJ9LCJjbWRTaW5nbGVQYWdlIjp7ImVuYWJsZWQiOiJhdXRvIiwiZW5hYmxlZEluTmFycm93IjoiYXV0byIsImFjdGl2ZSI6ImF1dG8iLCJhY3RpdmVGb3JNb2JpbGUiOiJhdXRvIn19fSwiYXV0b1RodW1ibmFpbCI6Imh0dHBzOlwvXC91bmlzaW51Y2FydGFnZW5hLmVkdS5jb1wvd3AtY29udGVudFwvdXBsb2Fkc1wvM2QtZmxpcC1ib29rXC9hdXRvLXRodW1ibmFpbHNcLzIxNDk3LnBuZyIsInBvc3RfbmFtZSI6ImJyb3NodXJlLWVzcGVjaWFsaXphY2lvbi1lbi1wc2ljb2xvZ2lhLWNsaW5pY2EtZGVsLW5pbm8teS1kZWwtYWRvbGVzY2VudGUiLCJwb3N0X3R5cGUiOiIzZC1mbGlwLWJvb2sifX0sInBhZ2VzIjpbXSwiZmlyc3RQYWdlcyI6W119');window.FB3D_CLIENT_LOCALE && FB3D_CLIENT_LOCALE.render && FB3D_CLIENT_LOCALE.render();<\/script><\/div><\/div><\/div><\/div><\/div>","protected":false},"excerpt":{"rendered":"<p>R\u00e9gimen Calificado MEN: Resoluci\u00f3n\u00a0 12979 de 12 de Julio de 2022, Fecha de vencimiento del Registro Calificado: 12 de Julio de 2029 Formar Psic\u00f3logos competentes en evaluaci\u00f3n, diagnostico, intervenci\u00f3n,\u00a0prevenci\u00f3n e investigaci\u00f3n de problemas cl\u00ednicos y de salud mental de ni\u00f1os &hellip; <\/p>","protected":false},"author":1,"featured_media":0,"parent":0,"menu_order":0,"comment_status":"closed","ping_status":"open","template":"","meta":{"_acf_changed":false,"_bbp_topic_count":0,"_bbp_reply_count":0,"_bbp_total_topic_count":0,"_bbp_total_reply_count":0,"_bbp_voice_count":0,"_bbp_anonymous_reply_count":0,"_bbp_topic_count_hidden":0,"_bbp_reply_count_hidden":0,"_bbp_forum_subforum_count":0,"_monsterinsights_skip_tracking":false,"_monsterinsights_sitenote_active":false,"_monsterinsights_sitenote_note":"","_monsterinsights_sitenote_category":0,"footnotes":""},"class_list":["post-21031","page","type-page","status-publish","hentry"],"acf":[],"aioseo_notices":[],"_links":{"self":[{"href":"https:\/\/unisinucartagena.edu.co\/en\/wp-json\/wp\/v2\/pages\/21031","targetHints":{"allow":["GET"]}}],"collection":[{"href":"https:\/\/unisinucartagena.edu.co\/en\/wp-json\/wp\/v2\/pages"}],"about":[{"href":"https:\/\/unisinucartagena.edu.co\/en\/wp-json\/wp\/v2\/types\/page"}],"author":[{"embeddable":true,"href":"https:\/\/unisinucartagena.edu.co\/en\/wp-json\/wp\/v2\/users\/1"}],"replies":[{"embeddable":true,"href":"https:\/\/unisinucartagena.edu.co\/en\/wp-json\/wp\/v2\/comments?post=21031"}],"version-history":[{"count":112,"href":"https:\/\/unisinucartagena.edu.co\/en\/wp-json\/wp\/v2\/pages\/21031\/revisions"}],"predecessor-version":[{"id":59275,"href":"https:\/\/unisinucartagena.edu.co\/en\/wp-json\/wp\/v2\/pages\/21031\/revisions\/59275"}],"wp:attachment":[{"href":"https:\/\/unisinucartagena.edu.co\/en\/wp-json\/wp\/v2\/media?parent=21031"}],"curies":[{"name":"wp","href":"https:\/\/api.w.org\/{rel}","templated":true}]}}